{"id":1127154,"date":"2026-05-05T18:10:51","date_gmt":"2026-05-05T16:10:51","guid":{"rendered":"https:\/\/wein-werte.com\/product\/chandon-de-briailles-pernand-vergelesses-1er-cru-ile-des-vergelesses-rouge-2019-750ml\/"},"modified":"2026-04-27T11:40:23","modified_gmt":"2026-04-27T09:40:23","slug":"chandon-de-briailles-pernand-vergelesses-1er-cru-ile-des-vergelesses-rouge-2019-750ml","status":"publish","type":"product","link":"https:\/\/wein-werte.com\/de\/produkt\/chandon-de-briailles-pernand-vergelesses-1er-cru-ile-des-vergelesses-rouge-2019-750ml\/","title":{"rendered":"Chandon de Briailles | Burgund | Pernand-Vergelesses 1er Cru &#8220;\u00cele des Vergelesses&#8221; rouge | 2019 | 750ml | bio"},"content":{"rendered":"<p>Produktbeschreibung f\u00fcr Chandon de Briailles Pernand-Vergelesses 1er Cru &#8220;\u00cele des Vergelesses&#8221; rouge 2019 (bio) <\/p>\n<h5>Information zum Wein<\/h5>\n<p> Der Pinot Noir stammt aus der 9,41 Hektar gro\u00dfen Premier-Cru-Lage \u00cele des Vergelesses in Pernand-Vergelesses. Die Lage wird eingerahmt von Savigny les Beaune Les Vergelesses sowie Pernand-Vergelesses. Die Qualit\u00e4t des Terroirs ist h\u00f6her als die aller anderen Premier-Cru-Lagen des Ortes und liegt eigentlich schon auf Grand-Cru-Niveau. Das Terroir von Pernand-Vergelesses ist, \u00e4hnlich wie das am Corton-H\u00fcgel, von kiesel- und kalkhaltigem rotem Mergel gepr\u00e4gt, der \u00fcber einen hohen Eisenanteil verf\u00fcgt. Die Domaine Chandon de Briailles verf\u00fcgt \u00fcber 13,31 Hektar durchschnittlich 40-j\u00e4hriger, teils sogar \u00fcber 80-j\u00e4hriger Reben (von 1938) in Ostausrichtung. Die spontane G\u00e4rung erfolgte im Holz-Cuve mit 100 % Ganztraubenanteilen. Danach wurde der Wein per Schwerkraft in die Barriques und Tonneaux mit geringem Neuholzanteil geleitet. Der Ausbau dauerte rund 14 Monate ohne weitere Bewegung. Gef\u00fcllt wurde der Wein meist direkt aus dem Fass mit minimalem Schwefelanteil. <\/p>\n<h5>Farbe<\/h5>\n<p> Granatrot <\/p>\n<h5>Nase<\/h5>\n<p> Der Pinot Noir aus der Kernlage \u00cele des Vergelesses \u00f6ffnet sich mit einer geradezu \u00e4therischen Note von Berberitzen, Minze und Myrte in Verbindung mit Sandelholz, Rosenbl\u00fcten und Sauerkirschen, Orangen und Walderdbeeren. Daneben findet sich ein Hauch von Laub, Unterholz, Kalk und warmer Erde. Im Gegensatz zu den eher dunkel und warm auftretenden Savignys ist dies ein zwar auch durchaus erdverbundener, aber ein eher rotfruchtiger und heller Wein. <\/p>\n<h5>Mund<\/h5>\n<p> Am Gaumen zeigt sich der 2019er \u00cele des Vergelesses gewohnt kraftvoll und druckvoll. Der Wein strotzt nur so vor Energie, wirkt vibrierend mineralisch und ist durchzogen von einer durchaus straffen S\u00e4ure. Auch hier zeigen sich Noten von Sauerkirschen und ferner von ein paar Spritzern Blutorange, Berberitze und Granatapfel. Zudem hat der Pinot Noir eine griffige Gerbstoffstruktur und bietet viel Trockenextrakt. Das wirkt frisch und herb, ist dabei komplex sowie lang anhaltend und erstaunlich kristallin. Wie 2018 ist das auch in 2019 ein superber, geradezu schwerelos wirkender roter \u00cele des Vergelesses geworden, bei dem man aber einige Jahre warten sollte. Es wird sich lohnen. <\/p>\n<p>Copyright Vinaturel 2025<\/p>\n<p>Keywords: <a href=\"https:\/\/wein-werte.com\/de\/shop\/?swoof=1&#038;pa_producer=Chandon-de-Briailles\">Chandon de Briailles<\/a> <a href=\"https:\/\/wein-werte.com\/de\/shop\/?swoof=1&#038;woof_text=Pernand-Vergelesses 1er Cru \"\u00cele des Vergelesses\" rouge\">Pernand-Vergelesses 1er Cru &#8220;\u00cele des Vergelesses&#8221; rouge<\/a> 2019 bio <a href=\"https:\/\/wein-werte.com\/de\/shop\/?swoof=1&#038;pa_region=Burgund\">Burgund<\/a> <a href=\"https:\/\/wein-werte.com\/de\/shop\/?swoof=1&#038;pa_country=Frankreich\">Frankreich<\/a><\/p>\n<h3>Vinous<\/h3>\n<p>Punkte: (90-92)<\/p>\n<p>Der Pernand-Vergelesses Ile de Vergelesses 1er Cru 2019 war in der Nase zur\u00fcckhaltender, dunkle Beerenfr\u00fcchte vermischten sich mit herbstlichen Laubnoten und erdigen Noten. Am Gaumen pr\u00e4sentiert er sich mittelkr\u00e4ftig mit geschmeidigen Tanninen im Auftakt. Er hat mehr Substanz als der vorherige Savigny Les Lavi\u00e8res und mehr Biss, mit subtilen Pilznoten, die sich im Abgang mit roten Fr\u00fcchten verbinden. Er d\u00fcrfte sich in den n\u00e4chsten 10\u201312 Jahren gut trinken lassen. \u2013 Neal Martin<br \/>Trinkzeitraum: 2023\u20132033<br \/>Bewertungsdatum: Dezember 2020<\/p>\n<p>Internetseite des Weinguts: <a href=\"http:\/\/www.chandondebriailles.com\/en\/\" target=\"_blank\">http:\/\/www.chandondebriailles.com\/en\/<\/a><\/p>\n","protected":false},"excerpt":{"rendered":"<p>Lieferzeit: 1 bis 2 Arbeitstage (DE), 2 bis 5 Arbeitstage (EU and CH)<\/p>\n","protected":false},"featured_media":1139130,"template":"","meta":[],"product_brand":[],"product_cat":[19],"product_tag":[],"class_list":{"0":"post-1127154","1":"product","2":"type-product","3":"status-publish","4":"has-post-thumbnail","6":"product_cat-unkategorisiert","7":"pa_alcohol-for-filter-13-5","8":"pa_certified-biodynamic-ja-de","9":"pa_certified-organic-ja-de","10":"pa_colour-rot","11":"pa_country-frankreich","12":"pa_grape-pinot-noir-spatburgunder","13":"pa_price-for-filter-10570","14":"pa_producer-chandon-de-briailles","15":"pa_region-burgund","16":"pa_size-ml-6584","17":"pa_sweetness-trocken-de","18":"pa_type-2-still-de","19":"pa_vinous-points-for-filter-20025","20":"pa_vintage-2019-de","21":"entry","22":"has-media","24":"first","25":"instock","26":"taxable","27":"shipping-taxable","28":"purchasable","29":"product-type-simple"},"yoast_head":"<!-- This site is optimized with the Yoast SEO plugin v27.5 - https:\/\/yoast.com\/product\/yoast-seo-wordpress\/ -->\n<title>Chandon de Briailles Pernand-Vergelesses 1er Cru &quot;\u00cele des Vergelesses&quot; rouge 2019<\/title>\n<meta name=\"description\" content=\"Kaufe Chandon de Briailles Pernand-Vergelesses 1er Cru &quot;\u00cele des Vergelesses&quot; rouge 2019 (Pinot Noir, trocken aus Burgund, Frankreich) bei Wein Werte, Ihrem nachhaltigen Onlineshop.\" \/>\n<meta name=\"robots\" content=\"index, follow, max-snippet:-1, max-image-preview:large, max-video-preview:-1\" \/>\n<link rel=\"canonical\" href=\"https:\/\/wein-werte.com\/de\/produkt\/chandon-de-briailles-pernand-vergelesses-1er-cru-ile-des-vergelesses-rouge-2019-750ml\/\" \/>\n<meta property=\"og:locale\" content=\"de_DE\" \/>\n<meta property=\"og:type\" content=\"article\" \/>\n<meta property=\"og:title\" content=\"Chandon de Briailles Pernand-Vergelesses 1er Cru &quot;\u00cele des Vergelesses&quot; rouge 2019\" \/>\n<meta property=\"og:description\" content=\"Kaufe Chandon de Briailles Pernand-Vergelesses 1er Cru &quot;\u00cele des Vergelesses&quot; rouge 2019 (Pinot Noir, trocken aus Burgund, Frankreich) bei Wein Werte, Ihrem nachhaltigen Onlineshop.\" \/>\n<meta property=\"og:url\" content=\"https:\/\/wein-werte.com\/de\/produkt\/chandon-de-briailles-pernand-vergelesses-1er-cru-ile-des-vergelesses-rouge-2019-750ml\/\" \/>\n<meta property=\"og:site_name\" content=\"Wein Werte\" \/>\n<meta property=\"og:image\" content=\"https:\/\/wein-werte.com\/wp-content\/uploads\/2026\/04\/Chandon-de-Briailles-Pernand-Vergelesses-1er-Cru-Ile-des-Vergelesses-rouge-2019-750ml.png\" \/>\n\t<meta property=\"og:image:width\" content=\"331\" \/>\n\t<meta property=\"og:image:height\" content=\"1200\" \/>\n\t<meta property=\"og:image:type\" content=\"image\/png\" \/>\n<meta name=\"twitter:card\" content=\"summary_large_image\" \/>\n<meta name=\"twitter:label1\" content=\"Gesch\u00e4tzte Lesezeit\" \/>\n\t<meta name=\"twitter:data1\" content=\"2\u00a0Minuten\" \/>\n<script type=\"application\/ld+json\" class=\"yoast-schema-graph\">{\"@context\":\"https:\\\/\\\/schema.org\",\"@graph\":[{\"@type\":\"WebPage\",\"@id\":\"https:\\\/\\\/wein-werte.com\\\/de\\\/produkt\\\/chandon-de-briailles-pernand-vergelesses-1er-cru-ile-des-vergelesses-rouge-2019-750ml\\\/\",\"url\":\"https:\\\/\\\/wein-werte.com\\\/de\\\/produkt\\\/chandon-de-briailles-pernand-vergelesses-1er-cru-ile-des-vergelesses-rouge-2019-750ml\\\/\",\"name\":\"Chandon de Briailles Pernand-Vergelesses 1er Cru \\\"\u00cele des Vergelesses\\\" rouge 2019\",\"isPartOf\":{\"@id\":\"https:\\\/\\\/wein-werte.com\\\/de\\\/#website\"},\"primaryImageOfPage\":{\"@id\":\"https:\\\/\\\/wein-werte.com\\\/de\\\/produkt\\\/chandon-de-briailles-pernand-vergelesses-1er-cru-ile-des-vergelesses-rouge-2019-750ml\\\/#primaryimage\"},\"image\":{\"@id\":\"https:\\\/\\\/wein-werte.com\\\/de\\\/produkt\\\/chandon-de-briailles-pernand-vergelesses-1er-cru-ile-des-vergelesses-rouge-2019-750ml\\\/#primaryimage\"},\"thumbnailUrl\":\"https:\\\/\\\/wein-werte.com\\\/wp-content\\\/uploads\\\/2026\\\/04\\\/Chandon-de-Briailles-Pernand-Vergelesses-1er-Cru-Ile-des-Vergelesses-rouge-2019-750ml.png\",\"datePublished\":\"2026-05-05T16:10:51+00:00\",\"description\":\"Kaufe Chandon de Briailles Pernand-Vergelesses 1er Cru \\\"\u00cele des Vergelesses\\\" rouge 2019 (Pinot Noir, trocken aus Burgund, Frankreich) bei Wein Werte, Ihrem nachhaltigen Onlineshop.\",\"breadcrumb\":{\"@id\":\"https:\\\/\\\/wein-werte.com\\\/de\\\/produkt\\\/chandon-de-briailles-pernand-vergelesses-1er-cru-ile-des-vergelesses-rouge-2019-750ml\\\/#breadcrumb\"},\"inLanguage\":\"de\",\"potentialAction\":[{\"@type\":\"ReadAction\",\"target\":[\"https:\\\/\\\/wein-werte.com\\\/de\\\/produkt\\\/chandon-de-briailles-pernand-vergelesses-1er-cru-ile-des-vergelesses-rouge-2019-750ml\\\/\"]}]},{\"@type\":\"ImageObject\",\"inLanguage\":\"de\",\"@id\":\"https:\\\/\\\/wein-werte.com\\\/de\\\/produkt\\\/chandon-de-briailles-pernand-vergelesses-1er-cru-ile-des-vergelesses-rouge-2019-750ml\\\/#primaryimage\",\"url\":\"https:\\\/\\\/wein-werte.com\\\/wp-content\\\/uploads\\\/2026\\\/04\\\/Chandon-de-Briailles-Pernand-Vergelesses-1er-Cru-Ile-des-Vergelesses-rouge-2019-750ml.png\",\"contentUrl\":\"https:\\\/\\\/wein-werte.com\\\/wp-content\\\/uploads\\\/2026\\\/04\\\/Chandon-de-Briailles-Pernand-Vergelesses-1er-Cru-Ile-des-Vergelesses-rouge-2019-750ml.png\",\"width\":331,\"height\":1200,\"caption\":\"Chandon de Briailles Pernand-Vergelesses 1er Cru \\\"\u00cele des Vergelesses\\\" rouge 2019 750ml\"},{\"@type\":\"BreadcrumbList\",\"@id\":\"https:\\\/\\\/wein-werte.com\\\/de\\\/produkt\\\/chandon-de-briailles-pernand-vergelesses-1er-cru-ile-des-vergelesses-rouge-2019-750ml\\\/#breadcrumb\",\"itemListElement\":[{\"@type\":\"ListItem\",\"position\":1,\"name\":\"Home\",\"item\":\"https:\\\/\\\/wein-werte.com\\\/de\\\/\"},{\"@type\":\"ListItem\",\"position\":2,\"name\":\"Shop\",\"item\":\"https:\\\/\\\/wein-werte.com\\\/de\\\/shop\\\/\"},{\"@type\":\"ListItem\",\"position\":3,\"name\":\"Chandon de Briailles | Burgund | Pernand-Vergelesses 1er Cru &#8220;\u00cele des Vergelesses&#8221; rouge | 2019 | 750ml | bio\"}]},{\"@type\":\"WebSite\",\"@id\":\"https:\\\/\\\/wein-werte.com\\\/de\\\/#website\",\"url\":\"https:\\\/\\\/wein-werte.com\\\/de\\\/\",\"name\":\"Wein Werte\",\"description\":\"\",\"publisher\":{\"@id\":\"https:\\\/\\\/wein-werte.com\\\/de\\\/#organization\"},\"potentialAction\":[{\"@type\":\"SearchAction\",\"target\":{\"@type\":\"EntryPoint\",\"urlTemplate\":\"https:\\\/\\\/wein-werte.com\\\/de\\\/?s={search_term_string}\"},\"query-input\":{\"@type\":\"PropertyValueSpecification\",\"valueRequired\":true,\"valueName\":\"search_term_string\"}}],\"inLanguage\":\"de\"},{\"@type\":\"Organization\",\"@id\":\"https:\\\/\\\/wein-werte.com\\\/de\\\/#organization\",\"name\":\"Vins Fins Thorrold\",\"url\":\"https:\\\/\\\/wein-werte.com\\\/de\\\/\",\"logo\":{\"@type\":\"ImageObject\",\"inLanguage\":\"de\",\"@id\":\"https:\\\/\\\/wein-werte.com\\\/de\\\/#\\\/schema\\\/logo\\\/image\\\/\",\"url\":\"https:\\\/\\\/wein-werte.com\\\/wp-content\\\/uploads\\\/2023\\\/07\\\/Wein_werte_Logo700-1.png\",\"contentUrl\":\"https:\\\/\\\/wein-werte.com\\\/wp-content\\\/uploads\\\/2023\\\/07\\\/Wein_werte_Logo700-1.png\",\"width\":700,\"height\":272,\"caption\":\"Vins Fins Thorrold\"},\"image\":{\"@id\":\"https:\\\/\\\/wein-werte.com\\\/de\\\/#\\\/schema\\\/logo\\\/image\\\/\"}}]}<\/script>\n<!-- \/ Yoast SEO plugin. -->","yoast_head_json":{"title":"Chandon de Briailles Pernand-Vergelesses 1er Cru \"\u00cele des Vergelesses\" rouge 2019","description":"Kaufe Chandon de Briailles Pernand-Vergelesses 1er Cru \"\u00cele des Vergelesses\" rouge 2019 (Pinot Noir, trocken aus Burgund, Frankreich) bei Wein Werte, Ihrem nachhaltigen Onlineshop.","robots":{"index":"index","follow":"follow","max-snippet":"max-snippet:-1","max-image-preview":"max-image-preview:large","max-video-preview":"max-video-preview:-1"},"canonical":"https:\/\/wein-werte.com\/de\/produkt\/chandon-de-briailles-pernand-vergelesses-1er-cru-ile-des-vergelesses-rouge-2019-750ml\/","og_locale":"de_DE","og_type":"article","og_title":"Chandon de Briailles Pernand-Vergelesses 1er Cru \"\u00cele des Vergelesses\" rouge 2019","og_description":"Kaufe Chandon de Briailles Pernand-Vergelesses 1er Cru \"\u00cele des Vergelesses\" rouge 2019 (Pinot Noir, trocken aus Burgund, Frankreich) bei Wein Werte, Ihrem nachhaltigen Onlineshop.","og_url":"https:\/\/wein-werte.com\/de\/produkt\/chandon-de-briailles-pernand-vergelesses-1er-cru-ile-des-vergelesses-rouge-2019-750ml\/","og_site_name":"Wein Werte","og_image":[{"width":331,"height":1200,"url":"https:\/\/wein-werte.com\/wp-content\/uploads\/2026\/04\/Chandon-de-Briailles-Pernand-Vergelesses-1er-Cru-Ile-des-Vergelesses-rouge-2019-750ml.png","type":"image\/png"}],"twitter_card":"summary_large_image","twitter_misc":{"Gesch\u00e4tzte Lesezeit":"2\u00a0Minuten"},"schema":{"@context":"https:\/\/schema.org","@graph":[{"@type":"WebPage","@id":"https:\/\/wein-werte.com\/de\/produkt\/chandon-de-briailles-pernand-vergelesses-1er-cru-ile-des-vergelesses-rouge-2019-750ml\/","url":"https:\/\/wein-werte.com\/de\/produkt\/chandon-de-briailles-pernand-vergelesses-1er-cru-ile-des-vergelesses-rouge-2019-750ml\/","name":"Chandon de Briailles Pernand-Vergelesses 1er Cru \"\u00cele des Vergelesses\" rouge 2019","isPartOf":{"@id":"https:\/\/wein-werte.com\/de\/#website"},"primaryImageOfPage":{"@id":"https:\/\/wein-werte.com\/de\/produkt\/chandon-de-briailles-pernand-vergelesses-1er-cru-ile-des-vergelesses-rouge-2019-750ml\/#primaryimage"},"image":{"@id":"https:\/\/wein-werte.com\/de\/produkt\/chandon-de-briailles-pernand-vergelesses-1er-cru-ile-des-vergelesses-rouge-2019-750ml\/#primaryimage"},"thumbnailUrl":"https:\/\/wein-werte.com\/wp-content\/uploads\/2026\/04\/Chandon-de-Briailles-Pernand-Vergelesses-1er-Cru-Ile-des-Vergelesses-rouge-2019-750ml.png","datePublished":"2026-05-05T16:10:51+00:00","description":"Kaufe Chandon de Briailles Pernand-Vergelesses 1er Cru \"\u00cele des Vergelesses\" rouge 2019 (Pinot Noir, trocken aus Burgund, Frankreich) bei Wein Werte, Ihrem nachhaltigen Onlineshop.","breadcrumb":{"@id":"https:\/\/wein-werte.com\/de\/produkt\/chandon-de-briailles-pernand-vergelesses-1er-cru-ile-des-vergelesses-rouge-2019-750ml\/#breadcrumb"},"inLanguage":"de","potentialAction":[{"@type":"ReadAction","target":["https:\/\/wein-werte.com\/de\/produkt\/chandon-de-briailles-pernand-vergelesses-1er-cru-ile-des-vergelesses-rouge-2019-750ml\/"]}]},{"@type":"ImageObject","inLanguage":"de","@id":"https:\/\/wein-werte.com\/de\/produkt\/chandon-de-briailles-pernand-vergelesses-1er-cru-ile-des-vergelesses-rouge-2019-750ml\/#primaryimage","url":"https:\/\/wein-werte.com\/wp-content\/uploads\/2026\/04\/Chandon-de-Briailles-Pernand-Vergelesses-1er-Cru-Ile-des-Vergelesses-rouge-2019-750ml.png","contentUrl":"https:\/\/wein-werte.com\/wp-content\/uploads\/2026\/04\/Chandon-de-Briailles-Pernand-Vergelesses-1er-Cru-Ile-des-Vergelesses-rouge-2019-750ml.png","width":331,"height":1200,"caption":"Chandon de Briailles Pernand-Vergelesses 1er Cru \"\u00cele des Vergelesses\" rouge 2019 750ml"},{"@type":"BreadcrumbList","@id":"https:\/\/wein-werte.com\/de\/produkt\/chandon-de-briailles-pernand-vergelesses-1er-cru-ile-des-vergelesses-rouge-2019-750ml\/#breadcrumb","itemListElement":[{"@type":"ListItem","position":1,"name":"Home","item":"https:\/\/wein-werte.com\/de\/"},{"@type":"ListItem","position":2,"name":"Shop","item":"https:\/\/wein-werte.com\/de\/shop\/"},{"@type":"ListItem","position":3,"name":"Chandon de Briailles | Burgund | Pernand-Vergelesses 1er Cru &#8220;\u00cele des Vergelesses&#8221; rouge | 2019 | 750ml | bio"}]},{"@type":"WebSite","@id":"https:\/\/wein-werte.com\/de\/#website","url":"https:\/\/wein-werte.com\/de\/","name":"Wein Werte","description":"","publisher":{"@id":"https:\/\/wein-werte.com\/de\/#organization"},"potentialAction":[{"@type":"SearchAction","target":{"@type":"EntryPoint","urlTemplate":"https:\/\/wein-werte.com\/de\/?s={search_term_string}"},"query-input":{"@type":"PropertyValueSpecification","valueRequired":true,"valueName":"search_term_string"}}],"inLanguage":"de"},{"@type":"Organization","@id":"https:\/\/wein-werte.com\/de\/#organization","name":"Vins Fins Thorrold","url":"https:\/\/wein-werte.com\/de\/","logo":{"@type":"ImageObject","inLanguage":"de","@id":"https:\/\/wein-werte.com\/de\/#\/schema\/logo\/image\/","url":"https:\/\/wein-werte.com\/wp-content\/uploads\/2023\/07\/Wein_werte_Logo700-1.png","contentUrl":"https:\/\/wein-werte.com\/wp-content\/uploads\/2023\/07\/Wein_werte_Logo700-1.png","width":700,"height":272,"caption":"Vins Fins Thorrold"},"image":{"@id":"https:\/\/wein-werte.com\/de\/#\/schema\/logo\/image\/"}}]}},"_links":{"self":[{"href":"https:\/\/wein-werte.com\/de\/wp-json\/wp\/v2\/product\/1127154","targetHints":{"allow":["GET"]}}],"collection":[{"href":"https:\/\/wein-werte.com\/de\/wp-json\/wp\/v2\/product"}],"about":[{"href":"https:\/\/wein-werte.com\/de\/wp-json\/wp\/v2\/types\/product"}],"wp:featuredmedia":[{"embeddable":true,"href":"https:\/\/wein-werte.com\/de\/wp-json\/wp\/v2\/media\/1139130"}],"wp:attachment":[{"href":"https:\/\/wein-werte.com\/de\/wp-json\/wp\/v2\/media?parent=1127154"}],"wp:term":[{"taxonomy":"product_brand","embeddable":true,"href":"https:\/\/wein-werte.com\/de\/wp-json\/wp\/v2\/product_brand?post=1127154"},{"taxonomy":"product_cat","embeddable":true,"href":"https:\/\/wein-werte.com\/de\/wp-json\/wp\/v2\/product_cat?post=1127154"},{"taxonomy":"product_tag","embeddable":true,"href":"https:\/\/wein-werte.com\/de\/wp-json\/wp\/v2\/product_tag?post=1127154"}],"curies":[{"name":"wp","href":"https:\/\/api.w.org\/{rel}","templated":true}]}}