{"id":1127134,"date":"2026-05-08T19:56:22","date_gmt":"2026-05-08T17:56:22","guid":{"rendered":"https:\/\/wein-werte.com\/product\/chandon-de-briailles-aloxe-corton-1er-cru-les-valozieres-rouge-2018-750ml\/"},"modified":"2026-04-27T11:40:21","modified_gmt":"2026-04-27T09:40:21","slug":"chandon-de-briailles-aloxe-corton-1er-cru-les-valozieres-rouge-2018-750ml","status":"publish","type":"product","link":"https:\/\/wein-werte.com\/de\/produkt\/chandon-de-briailles-aloxe-corton-1er-cru-les-valozieres-rouge-2018-750ml\/","title":{"rendered":"Chandon de Briailles | Burgund | Aloxe-Corton 1er Cru &#8220;Les Valozi\u00e8res&#8221; rouge | 2018 | 750ml | bio"},"content":{"rendered":"<p>Produktbeschreibung f\u00fcr Chandon de Briailles Aloxe-Corton 1er Cru &#8220;Les Valozi\u00e8res&#8221; rouge 2018 (bio)<\/p>\n<p> Die Domaine Chandon de Briailles wurde 1834 in Savigny les Beaune gegr\u00fcndet und wird seit 2001 von Fran\u00e7ois de Nicolay und seiner Schwester Claude gef\u00fchrt. Seit 1998 wurde im Weinberg bereits ausschlie\u00dflich biologisch-organisch gearbeitet, biss 2005 der n\u00e4chste Schritt auf die Umstellung zur Biodynamie folgte. Nach einer Umstellungsphase ist Chandon de Briailles seit 2011 vollst\u00e4ndig biodynamisch zertifiziert. Das Weingut bewirtschaftet 14 Hektar eigene Fl\u00e4chen und ist ausschlie\u00dflich mit Pinot Noir und Chardonnay bestockt. Die Premier-Cru-Lage Les Valozi\u00e8res liegt zwischen den Grand-Cru-Lagen Corton Bressandes und Corton Paulands. Die 0,28 Hektar wurden 1987 bepflanzt. Der Oberboden ist vom Ton gepr\u00e4gt, im Untergrund gibt es viel Kalkstein mit Kieseleinschl\u00fcssen. <\/p>\n<h5>Farbe<\/h5>\n<p> Dunkles Rubinrot, transparent und klar. <\/p>\n<h5>Nase<\/h5>\n<p> In der Nase zeigt er sich zun\u00e4chst mit noblem Understatement und l\u00e4sst sich Zeit, bevor er St\u00fcck f\u00fcr St\u00fcck mehr von sich preisgibt. Dann plaudert er in leiser doch fester Stimme von roten Fr\u00fcchten, mehr schematisch als im Detail sowie von einer gewissen W\u00fcrze. Der Duft von Unterholz mischt sich mit herbstlichem Wald sowie getrocknetem Laub, \u00fcber all dem schweben zarte florale Noten. <\/p>\n<h5>Mund<\/h5>\n<p> Im Antrunk zeigt sich der 2018 Les Valozi\u00e8res Aloxe-Corton Premier Cru der Domaine Chandon de Briailles konkreter als in der Nase. Das Tannin wirkt am Gaumen strukturierend und leitet seine tiefgr\u00fcndige Kraft in geregelte Bahnen. Garniert mit einer Melange aus roten und schwarzen Fr\u00fcchten pulsiert er am Gaumen mit enormem Schub, die S\u00e4ure reif und st\u00fctzend, der Ausbau im Holz spendiert milde Gew\u00fcrze und einem Touch Sandelholz im Nachhall. Kraftvoll und packend ist dies ein prachtvoller Premier Cru mit besten Anlagen f\u00fcr den sofortigen Genuss sowie nach mehrj\u00e4hriger Flaschenreife. <\/p>\n<p>Copyright Vinaturel 2025<\/p>\n<p>Keywords: <a href=\"https:\/\/wein-werte.com\/de\/shop\/?swoof=1&#038;pa_producer=Chandon-de-Briailles\">Chandon de Briailles<\/a> <a href=\"https:\/\/wein-werte.com\/de\/shop\/?swoof=1&#038;woof_text=Aloxe-Corton 1er Cru \"Les Valozi\u00e8res\" rouge\">Aloxe-Corton 1er Cru &#8220;Les Valozi\u00e8res&#8221; rouge<\/a> 2018 bio <a href=\"https:\/\/wein-werte.com\/de\/shop\/?swoof=1&#038;pa_region=Burgund\">Burgund<\/a> <a href=\"https:\/\/wein-werte.com\/de\/shop\/?swoof=1&#038;pa_country=Frankreich\">Frankreich<\/a><\/p>\n<h3>Wine Advocate<\/h3>\n<p>Punkte: 92<\/p>\n<p>Der 2018er Aloxe-Corton 1er Cru Les Valozi\u00e8res hat sich seit meiner Fassverkostung deutlich weiterentwickelt und bietet Aromen von s\u00fc\u00dfen Beerenfr\u00fcchten, Cassis, satten Erdt\u00f6nen und Gew\u00fcrzen. Mittel- bis vollmundig, geschmeidig und fleischig, hat er sich von einem blockigen Anfang zu etwas f\u00fcr die Lage recht Charmantem und Elegantem entwickelt.<br \/>William Kelley<\/p>\n<p>Internetseite des Weinguts: <a href=\"http:\/\/www.chandondebriailles.com\/en\/\" target=\"_blank\">http:\/\/www.chandondebriailles.com\/en\/<\/a><\/p>\n","protected":false},"excerpt":{"rendered":"<p>Lieferzeit: 1 bis 2 Arbeitstage (DE), 2 bis 5 Arbeitstage (EU and CH)<\/p>\n","protected":false},"featured_media":1139114,"template":"","meta":[],"product_brand":[],"product_cat":[19],"product_tag":[],"class_list":{"0":"post-1127134","1":"product","2":"type-product","3":"status-publish","4":"has-post-thumbnail","6":"product_cat-unkategorisiert","7":"pa_alcohol-for-filter-12892","8":"pa_certified-biodynamic-ja-de","9":"pa_certified-organic-ja-de","10":"pa_colour-rot","11":"pa_country-frankreich","12":"pa_grape-pinot-noir-spatburgunder","13":"pa_parker-points-for-filter-92-de","14":"pa_price-for-filter-10604","15":"pa_producer-chandon-de-briailles","16":"pa_region-burgund","17":"pa_size-ml-6584","18":"pa_sweetness-trocken-de","19":"pa_type-2-still-de","20":"pa_vintage-2018-de","21":"entry","22":"has-media","24":"first","25":"instock","26":"taxable","27":"shipping-taxable","28":"purchasable","29":"product-type-simple"},"yoast_head":"<!-- This site is optimized with the Yoast SEO plugin v27.5 - https:\/\/yoast.com\/product\/yoast-seo-wordpress\/ -->\n<title>Chandon de Briailles Aloxe-Corton 1er Cru &quot;Les Valozi\u00e8res&quot; rouge 2018<\/title>\n<meta name=\"description\" content=\"Kaufe Chandon de Briailles Aloxe-Corton 1er Cru &quot;Les Valozi\u00e8res&quot; rouge 2018 (Pinot Noir, trocken aus Burgund, Frankreich) bei Wein Werte, Ihrem nachhaltigen Onlineshop.\" \/>\n<meta name=\"robots\" content=\"index, follow, max-snippet:-1, max-image-preview:large, max-video-preview:-1\" \/>\n<link rel=\"canonical\" href=\"https:\/\/wein-werte.com\/de\/produkt\/chandon-de-briailles-aloxe-corton-1er-cru-les-valozieres-rouge-2018-750ml\/\" \/>\n<meta property=\"og:locale\" content=\"de_DE\" \/>\n<meta property=\"og:type\" content=\"article\" \/>\n<meta property=\"og:title\" content=\"Chandon de Briailles Aloxe-Corton 1er Cru &quot;Les Valozi\u00e8res&quot; rouge 2018\" \/>\n<meta property=\"og:description\" content=\"Kaufe Chandon de Briailles Aloxe-Corton 1er Cru &quot;Les Valozi\u00e8res&quot; rouge 2018 (Pinot Noir, trocken aus Burgund, Frankreich) bei Wein Werte, Ihrem nachhaltigen Onlineshop.\" \/>\n<meta property=\"og:url\" content=\"https:\/\/wein-werte.com\/de\/produkt\/chandon-de-briailles-aloxe-corton-1er-cru-les-valozieres-rouge-2018-750ml\/\" \/>\n<meta property=\"og:site_name\" content=\"Wein Werte\" \/>\n<meta property=\"og:image\" content=\"https:\/\/wein-werte.com\/wp-content\/uploads\/2026\/04\/Chandon-de-Briailles-Aloxe-Corton-1er-Cru-Les-Valozieres-rouge-2018-750ml.png\" \/>\n\t<meta property=\"og:image:width\" content=\"333\" \/>\n\t<meta property=\"og:image:height\" content=\"1200\" \/>\n\t<meta property=\"og:image:type\" content=\"image\/png\" \/>\n<meta name=\"twitter:card\" content=\"summary_large_image\" \/>\n<meta name=\"twitter:label1\" content=\"Gesch\u00e4tzte Lesezeit\" \/>\n\t<meta name=\"twitter:data1\" content=\"2\u00a0Minuten\" \/>\n<script type=\"application\/ld+json\" class=\"yoast-schema-graph\">{\"@context\":\"https:\\\/\\\/schema.org\",\"@graph\":[{\"@type\":\"WebPage\",\"@id\":\"https:\\\/\\\/wein-werte.com\\\/de\\\/produkt\\\/chandon-de-briailles-aloxe-corton-1er-cru-les-valozieres-rouge-2018-750ml\\\/\",\"url\":\"https:\\\/\\\/wein-werte.com\\\/de\\\/produkt\\\/chandon-de-briailles-aloxe-corton-1er-cru-les-valozieres-rouge-2018-750ml\\\/\",\"name\":\"Chandon de Briailles Aloxe-Corton 1er Cru \\\"Les Valozi\u00e8res\\\" rouge 2018\",\"isPartOf\":{\"@id\":\"https:\\\/\\\/wein-werte.com\\\/de\\\/#website\"},\"primaryImageOfPage\":{\"@id\":\"https:\\\/\\\/wein-werte.com\\\/de\\\/produkt\\\/chandon-de-briailles-aloxe-corton-1er-cru-les-valozieres-rouge-2018-750ml\\\/#primaryimage\"},\"image\":{\"@id\":\"https:\\\/\\\/wein-werte.com\\\/de\\\/produkt\\\/chandon-de-briailles-aloxe-corton-1er-cru-les-valozieres-rouge-2018-750ml\\\/#primaryimage\"},\"thumbnailUrl\":\"https:\\\/\\\/wein-werte.com\\\/wp-content\\\/uploads\\\/2026\\\/04\\\/Chandon-de-Briailles-Aloxe-Corton-1er-Cru-Les-Valozieres-rouge-2018-750ml.png\",\"datePublished\":\"2026-05-08T17:56:22+00:00\",\"description\":\"Kaufe Chandon de Briailles Aloxe-Corton 1er Cru \\\"Les Valozi\u00e8res\\\" rouge 2018 (Pinot Noir, trocken aus Burgund, Frankreich) bei Wein Werte, Ihrem nachhaltigen Onlineshop.\",\"breadcrumb\":{\"@id\":\"https:\\\/\\\/wein-werte.com\\\/de\\\/produkt\\\/chandon-de-briailles-aloxe-corton-1er-cru-les-valozieres-rouge-2018-750ml\\\/#breadcrumb\"},\"inLanguage\":\"de\",\"potentialAction\":[{\"@type\":\"ReadAction\",\"target\":[\"https:\\\/\\\/wein-werte.com\\\/de\\\/produkt\\\/chandon-de-briailles-aloxe-corton-1er-cru-les-valozieres-rouge-2018-750ml\\\/\"]}]},{\"@type\":\"ImageObject\",\"inLanguage\":\"de\",\"@id\":\"https:\\\/\\\/wein-werte.com\\\/de\\\/produkt\\\/chandon-de-briailles-aloxe-corton-1er-cru-les-valozieres-rouge-2018-750ml\\\/#primaryimage\",\"url\":\"https:\\\/\\\/wein-werte.com\\\/wp-content\\\/uploads\\\/2026\\\/04\\\/Chandon-de-Briailles-Aloxe-Corton-1er-Cru-Les-Valozieres-rouge-2018-750ml.png\",\"contentUrl\":\"https:\\\/\\\/wein-werte.com\\\/wp-content\\\/uploads\\\/2026\\\/04\\\/Chandon-de-Briailles-Aloxe-Corton-1er-Cru-Les-Valozieres-rouge-2018-750ml.png\",\"width\":333,\"height\":1200,\"caption\":\"Chandon de Briailles Aloxe-Corton 1er Cru \\\"Les Valozi\u00e8res\\\" rouge 2018 750ml\"},{\"@type\":\"BreadcrumbList\",\"@id\":\"https:\\\/\\\/wein-werte.com\\\/de\\\/produkt\\\/chandon-de-briailles-aloxe-corton-1er-cru-les-valozieres-rouge-2018-750ml\\\/#breadcrumb\",\"itemListElement\":[{\"@type\":\"ListItem\",\"position\":1,\"name\":\"Home\",\"item\":\"https:\\\/\\\/wein-werte.com\\\/de\\\/\"},{\"@type\":\"ListItem\",\"position\":2,\"name\":\"Shop\",\"item\":\"https:\\\/\\\/wein-werte.com\\\/de\\\/shop\\\/\"},{\"@type\":\"ListItem\",\"position\":3,\"name\":\"Chandon de Briailles | Burgund | Aloxe-Corton 1er Cru &#8220;Les Valozi\u00e8res&#8221; rouge | 2018 | 750ml | bio\"}]},{\"@type\":\"WebSite\",\"@id\":\"https:\\\/\\\/wein-werte.com\\\/de\\\/#website\",\"url\":\"https:\\\/\\\/wein-werte.com\\\/de\\\/\",\"name\":\"Wein Werte\",\"description\":\"\",\"publisher\":{\"@id\":\"https:\\\/\\\/wein-werte.com\\\/de\\\/#organization\"},\"potentialAction\":[{\"@type\":\"SearchAction\",\"target\":{\"@type\":\"EntryPoint\",\"urlTemplate\":\"https:\\\/\\\/wein-werte.com\\\/de\\\/?s={search_term_string}\"},\"query-input\":{\"@type\":\"PropertyValueSpecification\",\"valueRequired\":true,\"valueName\":\"search_term_string\"}}],\"inLanguage\":\"de\"},{\"@type\":\"Organization\",\"@id\":\"https:\\\/\\\/wein-werte.com\\\/de\\\/#organization\",\"name\":\"Vins Fins Thorrold\",\"url\":\"https:\\\/\\\/wein-werte.com\\\/de\\\/\",\"logo\":{\"@type\":\"ImageObject\",\"inLanguage\":\"de\",\"@id\":\"https:\\\/\\\/wein-werte.com\\\/de\\\/#\\\/schema\\\/logo\\\/image\\\/\",\"url\":\"https:\\\/\\\/wein-werte.com\\\/wp-content\\\/uploads\\\/2023\\\/07\\\/Wein_werte_Logo700-1.png\",\"contentUrl\":\"https:\\\/\\\/wein-werte.com\\\/wp-content\\\/uploads\\\/2023\\\/07\\\/Wein_werte_Logo700-1.png\",\"width\":700,\"height\":272,\"caption\":\"Vins Fins Thorrold\"},\"image\":{\"@id\":\"https:\\\/\\\/wein-werte.com\\\/de\\\/#\\\/schema\\\/logo\\\/image\\\/\"}}]}<\/script>\n<!-- \/ Yoast SEO plugin. -->","yoast_head_json":{"title":"Chandon de Briailles Aloxe-Corton 1er Cru \"Les Valozi\u00e8res\" rouge 2018","description":"Kaufe Chandon de Briailles Aloxe-Corton 1er Cru \"Les Valozi\u00e8res\" rouge 2018 (Pinot Noir, trocken aus Burgund, Frankreich) bei Wein Werte, Ihrem nachhaltigen Onlineshop.","robots":{"index":"index","follow":"follow","max-snippet":"max-snippet:-1","max-image-preview":"max-image-preview:large","max-video-preview":"max-video-preview:-1"},"canonical":"https:\/\/wein-werte.com\/de\/produkt\/chandon-de-briailles-aloxe-corton-1er-cru-les-valozieres-rouge-2018-750ml\/","og_locale":"de_DE","og_type":"article","og_title":"Chandon de Briailles Aloxe-Corton 1er Cru \"Les Valozi\u00e8res\" rouge 2018","og_description":"Kaufe Chandon de Briailles Aloxe-Corton 1er Cru \"Les Valozi\u00e8res\" rouge 2018 (Pinot Noir, trocken aus Burgund, Frankreich) bei Wein Werte, Ihrem nachhaltigen Onlineshop.","og_url":"https:\/\/wein-werte.com\/de\/produkt\/chandon-de-briailles-aloxe-corton-1er-cru-les-valozieres-rouge-2018-750ml\/","og_site_name":"Wein Werte","og_image":[{"width":333,"height":1200,"url":"https:\/\/wein-werte.com\/wp-content\/uploads\/2026\/04\/Chandon-de-Briailles-Aloxe-Corton-1er-Cru-Les-Valozieres-rouge-2018-750ml.png","type":"image\/png"}],"twitter_card":"summary_large_image","twitter_misc":{"Gesch\u00e4tzte Lesezeit":"2\u00a0Minuten"},"schema":{"@context":"https:\/\/schema.org","@graph":[{"@type":"WebPage","@id":"https:\/\/wein-werte.com\/de\/produkt\/chandon-de-briailles-aloxe-corton-1er-cru-les-valozieres-rouge-2018-750ml\/","url":"https:\/\/wein-werte.com\/de\/produkt\/chandon-de-briailles-aloxe-corton-1er-cru-les-valozieres-rouge-2018-750ml\/","name":"Chandon de Briailles Aloxe-Corton 1er Cru \"Les Valozi\u00e8res\" rouge 2018","isPartOf":{"@id":"https:\/\/wein-werte.com\/de\/#website"},"primaryImageOfPage":{"@id":"https:\/\/wein-werte.com\/de\/produkt\/chandon-de-briailles-aloxe-corton-1er-cru-les-valozieres-rouge-2018-750ml\/#primaryimage"},"image":{"@id":"https:\/\/wein-werte.com\/de\/produkt\/chandon-de-briailles-aloxe-corton-1er-cru-les-valozieres-rouge-2018-750ml\/#primaryimage"},"thumbnailUrl":"https:\/\/wein-werte.com\/wp-content\/uploads\/2026\/04\/Chandon-de-Briailles-Aloxe-Corton-1er-Cru-Les-Valozieres-rouge-2018-750ml.png","datePublished":"2026-05-08T17:56:22+00:00","description":"Kaufe Chandon de Briailles Aloxe-Corton 1er Cru \"Les Valozi\u00e8res\" rouge 2018 (Pinot Noir, trocken aus Burgund, Frankreich) bei Wein Werte, Ihrem nachhaltigen Onlineshop.","breadcrumb":{"@id":"https:\/\/wein-werte.com\/de\/produkt\/chandon-de-briailles-aloxe-corton-1er-cru-les-valozieres-rouge-2018-750ml\/#breadcrumb"},"inLanguage":"de","potentialAction":[{"@type":"ReadAction","target":["https:\/\/wein-werte.com\/de\/produkt\/chandon-de-briailles-aloxe-corton-1er-cru-les-valozieres-rouge-2018-750ml\/"]}]},{"@type":"ImageObject","inLanguage":"de","@id":"https:\/\/wein-werte.com\/de\/produkt\/chandon-de-briailles-aloxe-corton-1er-cru-les-valozieres-rouge-2018-750ml\/#primaryimage","url":"https:\/\/wein-werte.com\/wp-content\/uploads\/2026\/04\/Chandon-de-Briailles-Aloxe-Corton-1er-Cru-Les-Valozieres-rouge-2018-750ml.png","contentUrl":"https:\/\/wein-werte.com\/wp-content\/uploads\/2026\/04\/Chandon-de-Briailles-Aloxe-Corton-1er-Cru-Les-Valozieres-rouge-2018-750ml.png","width":333,"height":1200,"caption":"Chandon de Briailles Aloxe-Corton 1er Cru \"Les Valozi\u00e8res\" rouge 2018 750ml"},{"@type":"BreadcrumbList","@id":"https:\/\/wein-werte.com\/de\/produkt\/chandon-de-briailles-aloxe-corton-1er-cru-les-valozieres-rouge-2018-750ml\/#breadcrumb","itemListElement":[{"@type":"ListItem","position":1,"name":"Home","item":"https:\/\/wein-werte.com\/de\/"},{"@type":"ListItem","position":2,"name":"Shop","item":"https:\/\/wein-werte.com\/de\/shop\/"},{"@type":"ListItem","position":3,"name":"Chandon de Briailles | Burgund | Aloxe-Corton 1er Cru &#8220;Les Valozi\u00e8res&#8221; rouge | 2018 | 750ml | bio"}]},{"@type":"WebSite","@id":"https:\/\/wein-werte.com\/de\/#website","url":"https:\/\/wein-werte.com\/de\/","name":"Wein Werte","description":"","publisher":{"@id":"https:\/\/wein-werte.com\/de\/#organization"},"potentialAction":[{"@type":"SearchAction","target":{"@type":"EntryPoint","urlTemplate":"https:\/\/wein-werte.com\/de\/?s={search_term_string}"},"query-input":{"@type":"PropertyValueSpecification","valueRequired":true,"valueName":"search_term_string"}}],"inLanguage":"de"},{"@type":"Organization","@id":"https:\/\/wein-werte.com\/de\/#organization","name":"Vins Fins Thorrold","url":"https:\/\/wein-werte.com\/de\/","logo":{"@type":"ImageObject","inLanguage":"de","@id":"https:\/\/wein-werte.com\/de\/#\/schema\/logo\/image\/","url":"https:\/\/wein-werte.com\/wp-content\/uploads\/2023\/07\/Wein_werte_Logo700-1.png","contentUrl":"https:\/\/wein-werte.com\/wp-content\/uploads\/2023\/07\/Wein_werte_Logo700-1.png","width":700,"height":272,"caption":"Vins Fins Thorrold"},"image":{"@id":"https:\/\/wein-werte.com\/de\/#\/schema\/logo\/image\/"}}]}},"_links":{"self":[{"href":"https:\/\/wein-werte.com\/de\/wp-json\/wp\/v2\/product\/1127134","targetHints":{"allow":["GET"]}}],"collection":[{"href":"https:\/\/wein-werte.com\/de\/wp-json\/wp\/v2\/product"}],"about":[{"href":"https:\/\/wein-werte.com\/de\/wp-json\/wp\/v2\/types\/product"}],"wp:featuredmedia":[{"embeddable":true,"href":"https:\/\/wein-werte.com\/de\/wp-json\/wp\/v2\/media\/1139114"}],"wp:attachment":[{"href":"https:\/\/wein-werte.com\/de\/wp-json\/wp\/v2\/media?parent=1127134"}],"wp:term":[{"taxonomy":"product_brand","embeddable":true,"href":"https:\/\/wein-werte.com\/de\/wp-json\/wp\/v2\/product_brand?post=1127134"},{"taxonomy":"product_cat","embeddable":true,"href":"https:\/\/wein-werte.com\/de\/wp-json\/wp\/v2\/product_cat?post=1127134"},{"taxonomy":"product_tag","embeddable":true,"href":"https:\/\/wein-werte.com\/de\/wp-json\/wp\/v2\/product_tag?post=1127134"}],"curies":[{"name":"wp","href":"https:\/\/api.w.org\/{rel}","templated":true}]}}