{"id":1127112,"date":"2026-05-05T18:10:48","date_gmt":"2026-05-05T16:10:48","guid":{"rendered":"https:\/\/wein-werte.com\/product\/chandon-de-briailles-corton-bressandes-grand-cru-rouge-2016-750ml\/"},"modified":"2026-04-27T11:40:20","modified_gmt":"2026-04-27T09:40:20","slug":"chandon-de-briailles-corton-bressandes-grand-cru-rouge-2016-750ml","status":"publish","type":"product","link":"https:\/\/wein-werte.com\/de\/produkt\/chandon-de-briailles-corton-bressandes-grand-cru-rouge-2016-750ml\/","title":{"rendered":"Chandon de Briailles | Burgund | Corton-Bressandes Grand Cru rouge | 2016 | 750ml | bio"},"content":{"rendered":"<p>Produktbeschreibung f\u00fcr Chandon de Briailles Corton-Bressandes Grand Cru rouge 2016 (bio) <\/p>\n<h5>Information zum Wein<\/h5>\n<p> Die Grand-Cru-Lage \u00bbLes Bressandes\u00ab liegt genau auf der Mitte des Corton-H\u00fcgels unterhalb des Clos du Roi und Les Renardes. Die 1,12 Hektar sind in vier Parzellen aufteilt, und der Boden ist gepr\u00e4gt von Bajocium- und Oxford-Kalk mit Kieseln, Ton und einem hohen Eisenanteil. <\/p>\n<h5>Farbe<\/h5>\n<p> In leicht durchscheinendem Purpur mit granatrotem Rand und violettem Kern zeigt sich der Wein klar und gl\u00e4nzend im Glas. <\/p>\n<h5>Nase<\/h5>\n<p> Neben rescher Preiselbeere und putzmunterer Sauerkirsche, versetzt dieser Grand Cru wartend vor den heimischen Ofen. Wartend auf einen Zwetschgenkuchen mit M\u00fcrbteigboden mit ger\u00f6stetem Haselnussgrie\u00df und Butterstreuseln, die langsam beginnen zu karamellisieren. Diese runde Sache bekommt Spitzen und w\u00fcrzige Unterst\u00fctzung durch duftige Noten von Heublumen, Fenchelsaat und Spitzwegerich, sowie die Kraft von gr\u00fcnem Pfeffer und einer feurigen Gazpacho. <\/p>\n<h5>Gaumen<\/h5>\n<p> Am Gaumen zeigt der 2016 Corton-Bressandes Grand Cru von Chandon de Briailles unmittelbar seine ma\u00dfgeschneiderte Struktur. Die Klarheit und Feinheit seiner puristischen roten Frucht offenbart sich zun\u00e4chst lediglich als Silhouette umh\u00fcllt von seidenem Umhang und verlangt nach Zeit, Luft und Geduld. Feine W\u00fcrze wird m\u00fchelos getragen durch griffiges, essentiell im Hintergrund agierendes, Tannin und, von den Startl\u00f6chern aus mit den Fingern schnipsende, S\u00e4ure, welche gen Horizont blickende L\u00e4nge suggeriert.<\/p>\n<p>Copyright Vinaturel 2025<\/p>\n<p>Keywords: <a href=\"https:\/\/wein-werte.com\/de\/shop\/?swoof=1&#038;pa_producer=Chandon-de-Briailles\">Chandon de Briailles<\/a> <a href=\"https:\/\/wein-werte.com\/de\/shop\/?swoof=1&#038;woof_text=Corton-Bressandes Grand Cru rouge\">Corton-Bressandes Grand Cru rouge<\/a> 2016 bio <a href=\"https:\/\/wein-werte.com\/de\/shop\/?swoof=1&#038;pa_region=Burgund\">Burgund<\/a> <a href=\"https:\/\/wein-werte.com\/de\/shop\/?swoof=1&#038;pa_country=Frankreich\">Frankreich<\/a><\/p>\n<h3>Wine Advocate<\/h3>\n<p>Punkte: 94<\/p>\n<p>Auch der Corton-Bressandes Grand Cru 2016 pr\u00e4sentiert sich hervorragend und entfaltet im Glas Aromen von Cassis, reifen Pflaumen, dunkler Schokolade, getrockneten Blumen und Gew\u00fcrzen. Am Gaumen ist er vollmundig, f\u00fcllig und samtig, mit einem tiefen, vielschichtigen Kern, saftigen, ausgleichenden S\u00e4uren und einem langen, intensiven und wunderbar bodenbetonten Abgang. Mit einem Ertrag von 22 Hektolitern pro Hektar ist dies ein au\u00dfergew\u00f6hnlicher Bressandes, den es sich lohnt, zu entdecken.<br \/>Neal Martin<\/p>\n<p>Internetseite des Weinguts: <a href=\"http:\/\/www.chandondebriailles.com\/en\/\" target=\"_blank\">http:\/\/www.chandondebriailles.com\/en\/<\/a><\/p>\n","protected":false},"excerpt":{"rendered":"<p>Lieferzeit: 1 bis 2 Arbeitstage (DE), 2 bis 5 Arbeitstage (EU and CH)<\/p>\n","protected":false},"featured_media":1139102,"template":"","meta":[],"product_brand":[],"product_cat":[19],"product_tag":[],"class_list":{"0":"post-1127112","1":"product","2":"type-product","3":"status-publish","4":"has-post-thumbnail","6":"product_cat-unkategorisiert","7":"pa_alcohol-for-filter-12897","8":"pa_certified-biodynamic-ja-de","9":"pa_certified-organic-ja-de","10":"pa_colour-rot","11":"pa_country-frankreich","12":"pa_grape-pinot-noir-spatburgunder","13":"pa_parker-points-for-filter-94-de-2","14":"pa_price-for-filter-10634","15":"pa_producer-chandon-de-briailles","16":"pa_region-burgund","17":"pa_size-ml-6584","18":"pa_sweetness-trocken-de","19":"pa_type-2-still-de","20":"pa_vintage-2016-de","21":"entry","22":"has-media","24":"first","25":"instock","26":"taxable","27":"shipping-taxable","28":"purchasable","29":"product-type-simple"},"yoast_head":"<!-- This site is optimized with the Yoast SEO plugin v27.5 - https:\/\/yoast.com\/product\/yoast-seo-wordpress\/ -->\n<title>Chandon de Briailles Corton-Bressandes Grand Cru rouge 2016<\/title>\n<meta name=\"description\" content=\"Kaufe Chandon de Briailles Corton-Bressandes Grand Cru rouge 2016 (Pinot Noir, trocken aus Burgund, Frankreich) bei Wein Werte, Ihrem nachhaltigen Onlineshop.\" \/>\n<meta name=\"robots\" content=\"index, follow, max-snippet:-1, max-image-preview:large, max-video-preview:-1\" \/>\n<link rel=\"canonical\" href=\"https:\/\/wein-werte.com\/de\/produkt\/chandon-de-briailles-corton-bressandes-grand-cru-rouge-2016-750ml\/\" \/>\n<meta property=\"og:locale\" content=\"de_DE\" \/>\n<meta property=\"og:type\" content=\"article\" \/>\n<meta property=\"og:title\" content=\"Chandon de Briailles Corton-Bressandes Grand Cru rouge 2016\" \/>\n<meta property=\"og:description\" content=\"Kaufe Chandon de Briailles Corton-Bressandes Grand Cru rouge 2016 (Pinot Noir, trocken aus Burgund, Frankreich) bei Wein Werte, Ihrem nachhaltigen Onlineshop.\" \/>\n<meta property=\"og:url\" content=\"https:\/\/wein-werte.com\/de\/produkt\/chandon-de-briailles-corton-bressandes-grand-cru-rouge-2016-750ml\/\" \/>\n<meta property=\"og:site_name\" content=\"Wein Werte\" \/>\n<meta property=\"og:image\" content=\"https:\/\/wein-werte.com\/wp-content\/uploads\/2026\/04\/Chandon-de-Briailles-Corton-Bressandes-Grand-Cru-rouge-2016-750ml.png\" \/>\n\t<meta property=\"og:image:width\" content=\"330\" \/>\n\t<meta property=\"og:image:height\" content=\"1200\" \/>\n\t<meta property=\"og:image:type\" content=\"image\/png\" \/>\n<meta name=\"twitter:card\" content=\"summary_large_image\" \/>\n<meta name=\"twitter:label1\" content=\"Gesch\u00e4tzte Lesezeit\" \/>\n\t<meta name=\"twitter:data1\" content=\"2\u00a0Minuten\" \/>\n<script type=\"application\/ld+json\" class=\"yoast-schema-graph\">{\"@context\":\"https:\\\/\\\/schema.org\",\"@graph\":[{\"@type\":\"WebPage\",\"@id\":\"https:\\\/\\\/wein-werte.com\\\/de\\\/produkt\\\/chandon-de-briailles-corton-bressandes-grand-cru-rouge-2016-750ml\\\/\",\"url\":\"https:\\\/\\\/wein-werte.com\\\/de\\\/produkt\\\/chandon-de-briailles-corton-bressandes-grand-cru-rouge-2016-750ml\\\/\",\"name\":\"Chandon de Briailles Corton-Bressandes Grand Cru rouge 2016\",\"isPartOf\":{\"@id\":\"https:\\\/\\\/wein-werte.com\\\/de\\\/#website\"},\"primaryImageOfPage\":{\"@id\":\"https:\\\/\\\/wein-werte.com\\\/de\\\/produkt\\\/chandon-de-briailles-corton-bressandes-grand-cru-rouge-2016-750ml\\\/#primaryimage\"},\"image\":{\"@id\":\"https:\\\/\\\/wein-werte.com\\\/de\\\/produkt\\\/chandon-de-briailles-corton-bressandes-grand-cru-rouge-2016-750ml\\\/#primaryimage\"},\"thumbnailUrl\":\"https:\\\/\\\/wein-werte.com\\\/wp-content\\\/uploads\\\/2026\\\/04\\\/Chandon-de-Briailles-Corton-Bressandes-Grand-Cru-rouge-2016-750ml.png\",\"datePublished\":\"2026-05-05T16:10:48+00:00\",\"description\":\"Kaufe Chandon de Briailles Corton-Bressandes Grand Cru rouge 2016 (Pinot Noir, trocken aus Burgund, Frankreich) bei Wein Werte, Ihrem nachhaltigen Onlineshop.\",\"breadcrumb\":{\"@id\":\"https:\\\/\\\/wein-werte.com\\\/de\\\/produkt\\\/chandon-de-briailles-corton-bressandes-grand-cru-rouge-2016-750ml\\\/#breadcrumb\"},\"inLanguage\":\"de\",\"potentialAction\":[{\"@type\":\"ReadAction\",\"target\":[\"https:\\\/\\\/wein-werte.com\\\/de\\\/produkt\\\/chandon-de-briailles-corton-bressandes-grand-cru-rouge-2016-750ml\\\/\"]}]},{\"@type\":\"ImageObject\",\"inLanguage\":\"de\",\"@id\":\"https:\\\/\\\/wein-werte.com\\\/de\\\/produkt\\\/chandon-de-briailles-corton-bressandes-grand-cru-rouge-2016-750ml\\\/#primaryimage\",\"url\":\"https:\\\/\\\/wein-werte.com\\\/wp-content\\\/uploads\\\/2026\\\/04\\\/Chandon-de-Briailles-Corton-Bressandes-Grand-Cru-rouge-2016-750ml.png\",\"contentUrl\":\"https:\\\/\\\/wein-werte.com\\\/wp-content\\\/uploads\\\/2026\\\/04\\\/Chandon-de-Briailles-Corton-Bressandes-Grand-Cru-rouge-2016-750ml.png\",\"width\":330,\"height\":1200,\"caption\":\"Chandon de Briailles Corton-Bressandes Grand Cru rouge 2016 750ml\"},{\"@type\":\"BreadcrumbList\",\"@id\":\"https:\\\/\\\/wein-werte.com\\\/de\\\/produkt\\\/chandon-de-briailles-corton-bressandes-grand-cru-rouge-2016-750ml\\\/#breadcrumb\",\"itemListElement\":[{\"@type\":\"ListItem\",\"position\":1,\"name\":\"Home\",\"item\":\"https:\\\/\\\/wein-werte.com\\\/de\\\/\"},{\"@type\":\"ListItem\",\"position\":2,\"name\":\"Shop\",\"item\":\"https:\\\/\\\/wein-werte.com\\\/de\\\/shop\\\/\"},{\"@type\":\"ListItem\",\"position\":3,\"name\":\"Chandon de Briailles | Burgund | Corton-Bressandes Grand Cru rouge | 2016 | 750ml | bio\"}]},{\"@type\":\"WebSite\",\"@id\":\"https:\\\/\\\/wein-werte.com\\\/de\\\/#website\",\"url\":\"https:\\\/\\\/wein-werte.com\\\/de\\\/\",\"name\":\"Wein Werte\",\"description\":\"\",\"publisher\":{\"@id\":\"https:\\\/\\\/wein-werte.com\\\/de\\\/#organization\"},\"potentialAction\":[{\"@type\":\"SearchAction\",\"target\":{\"@type\":\"EntryPoint\",\"urlTemplate\":\"https:\\\/\\\/wein-werte.com\\\/de\\\/?s={search_term_string}\"},\"query-input\":{\"@type\":\"PropertyValueSpecification\",\"valueRequired\":true,\"valueName\":\"search_term_string\"}}],\"inLanguage\":\"de\"},{\"@type\":\"Organization\",\"@id\":\"https:\\\/\\\/wein-werte.com\\\/de\\\/#organization\",\"name\":\"Vins Fins Thorrold\",\"url\":\"https:\\\/\\\/wein-werte.com\\\/de\\\/\",\"logo\":{\"@type\":\"ImageObject\",\"inLanguage\":\"de\",\"@id\":\"https:\\\/\\\/wein-werte.com\\\/de\\\/#\\\/schema\\\/logo\\\/image\\\/\",\"url\":\"https:\\\/\\\/wein-werte.com\\\/wp-content\\\/uploads\\\/2023\\\/07\\\/Wein_werte_Logo700-1.png\",\"contentUrl\":\"https:\\\/\\\/wein-werte.com\\\/wp-content\\\/uploads\\\/2023\\\/07\\\/Wein_werte_Logo700-1.png\",\"width\":700,\"height\":272,\"caption\":\"Vins Fins Thorrold\"},\"image\":{\"@id\":\"https:\\\/\\\/wein-werte.com\\\/de\\\/#\\\/schema\\\/logo\\\/image\\\/\"}}]}<\/script>\n<!-- \/ Yoast SEO plugin. -->","yoast_head_json":{"title":"Chandon de Briailles Corton-Bressandes Grand Cru rouge 2016","description":"Kaufe Chandon de Briailles Corton-Bressandes Grand Cru rouge 2016 (Pinot Noir, trocken aus Burgund, Frankreich) bei Wein Werte, Ihrem nachhaltigen Onlineshop.","robots":{"index":"index","follow":"follow","max-snippet":"max-snippet:-1","max-image-preview":"max-image-preview:large","max-video-preview":"max-video-preview:-1"},"canonical":"https:\/\/wein-werte.com\/de\/produkt\/chandon-de-briailles-corton-bressandes-grand-cru-rouge-2016-750ml\/","og_locale":"de_DE","og_type":"article","og_title":"Chandon de Briailles Corton-Bressandes Grand Cru rouge 2016","og_description":"Kaufe Chandon de Briailles Corton-Bressandes Grand Cru rouge 2016 (Pinot Noir, trocken aus Burgund, Frankreich) bei Wein Werte, Ihrem nachhaltigen Onlineshop.","og_url":"https:\/\/wein-werte.com\/de\/produkt\/chandon-de-briailles-corton-bressandes-grand-cru-rouge-2016-750ml\/","og_site_name":"Wein Werte","og_image":[{"width":330,"height":1200,"url":"https:\/\/wein-werte.com\/wp-content\/uploads\/2026\/04\/Chandon-de-Briailles-Corton-Bressandes-Grand-Cru-rouge-2016-750ml.png","type":"image\/png"}],"twitter_card":"summary_large_image","twitter_misc":{"Gesch\u00e4tzte Lesezeit":"2\u00a0Minuten"},"schema":{"@context":"https:\/\/schema.org","@graph":[{"@type":"WebPage","@id":"https:\/\/wein-werte.com\/de\/produkt\/chandon-de-briailles-corton-bressandes-grand-cru-rouge-2016-750ml\/","url":"https:\/\/wein-werte.com\/de\/produkt\/chandon-de-briailles-corton-bressandes-grand-cru-rouge-2016-750ml\/","name":"Chandon de Briailles Corton-Bressandes Grand Cru rouge 2016","isPartOf":{"@id":"https:\/\/wein-werte.com\/de\/#website"},"primaryImageOfPage":{"@id":"https:\/\/wein-werte.com\/de\/produkt\/chandon-de-briailles-corton-bressandes-grand-cru-rouge-2016-750ml\/#primaryimage"},"image":{"@id":"https:\/\/wein-werte.com\/de\/produkt\/chandon-de-briailles-corton-bressandes-grand-cru-rouge-2016-750ml\/#primaryimage"},"thumbnailUrl":"https:\/\/wein-werte.com\/wp-content\/uploads\/2026\/04\/Chandon-de-Briailles-Corton-Bressandes-Grand-Cru-rouge-2016-750ml.png","datePublished":"2026-05-05T16:10:48+00:00","description":"Kaufe Chandon de Briailles Corton-Bressandes Grand Cru rouge 2016 (Pinot Noir, trocken aus Burgund, Frankreich) bei Wein Werte, Ihrem nachhaltigen Onlineshop.","breadcrumb":{"@id":"https:\/\/wein-werte.com\/de\/produkt\/chandon-de-briailles-corton-bressandes-grand-cru-rouge-2016-750ml\/#breadcrumb"},"inLanguage":"de","potentialAction":[{"@type":"ReadAction","target":["https:\/\/wein-werte.com\/de\/produkt\/chandon-de-briailles-corton-bressandes-grand-cru-rouge-2016-750ml\/"]}]},{"@type":"ImageObject","inLanguage":"de","@id":"https:\/\/wein-werte.com\/de\/produkt\/chandon-de-briailles-corton-bressandes-grand-cru-rouge-2016-750ml\/#primaryimage","url":"https:\/\/wein-werte.com\/wp-content\/uploads\/2026\/04\/Chandon-de-Briailles-Corton-Bressandes-Grand-Cru-rouge-2016-750ml.png","contentUrl":"https:\/\/wein-werte.com\/wp-content\/uploads\/2026\/04\/Chandon-de-Briailles-Corton-Bressandes-Grand-Cru-rouge-2016-750ml.png","width":330,"height":1200,"caption":"Chandon de Briailles Corton-Bressandes Grand Cru rouge 2016 750ml"},{"@type":"BreadcrumbList","@id":"https:\/\/wein-werte.com\/de\/produkt\/chandon-de-briailles-corton-bressandes-grand-cru-rouge-2016-750ml\/#breadcrumb","itemListElement":[{"@type":"ListItem","position":1,"name":"Home","item":"https:\/\/wein-werte.com\/de\/"},{"@type":"ListItem","position":2,"name":"Shop","item":"https:\/\/wein-werte.com\/de\/shop\/"},{"@type":"ListItem","position":3,"name":"Chandon de Briailles | Burgund | Corton-Bressandes Grand Cru rouge | 2016 | 750ml | bio"}]},{"@type":"WebSite","@id":"https:\/\/wein-werte.com\/de\/#website","url":"https:\/\/wein-werte.com\/de\/","name":"Wein Werte","description":"","publisher":{"@id":"https:\/\/wein-werte.com\/de\/#organization"},"potentialAction":[{"@type":"SearchAction","target":{"@type":"EntryPoint","urlTemplate":"https:\/\/wein-werte.com\/de\/?s={search_term_string}"},"query-input":{"@type":"PropertyValueSpecification","valueRequired":true,"valueName":"search_term_string"}}],"inLanguage":"de"},{"@type":"Organization","@id":"https:\/\/wein-werte.com\/de\/#organization","name":"Vins Fins Thorrold","url":"https:\/\/wein-werte.com\/de\/","logo":{"@type":"ImageObject","inLanguage":"de","@id":"https:\/\/wein-werte.com\/de\/#\/schema\/logo\/image\/","url":"https:\/\/wein-werte.com\/wp-content\/uploads\/2023\/07\/Wein_werte_Logo700-1.png","contentUrl":"https:\/\/wein-werte.com\/wp-content\/uploads\/2023\/07\/Wein_werte_Logo700-1.png","width":700,"height":272,"caption":"Vins Fins Thorrold"},"image":{"@id":"https:\/\/wein-werte.com\/de\/#\/schema\/logo\/image\/"}}]}},"_links":{"self":[{"href":"https:\/\/wein-werte.com\/de\/wp-json\/wp\/v2\/product\/1127112","targetHints":{"allow":["GET"]}}],"collection":[{"href":"https:\/\/wein-werte.com\/de\/wp-json\/wp\/v2\/product"}],"about":[{"href":"https:\/\/wein-werte.com\/de\/wp-json\/wp\/v2\/types\/product"}],"wp:featuredmedia":[{"embeddable":true,"href":"https:\/\/wein-werte.com\/de\/wp-json\/wp\/v2\/media\/1139102"}],"wp:attachment":[{"href":"https:\/\/wein-werte.com\/de\/wp-json\/wp\/v2\/media?parent=1127112"}],"wp:term":[{"taxonomy":"product_brand","embeddable":true,"href":"https:\/\/wein-werte.com\/de\/wp-json\/wp\/v2\/product_brand?post=1127112"},{"taxonomy":"product_cat","embeddable":true,"href":"https:\/\/wein-werte.com\/de\/wp-json\/wp\/v2\/product_cat?post=1127112"},{"taxonomy":"product_tag","embeddable":true,"href":"https:\/\/wein-werte.com\/de\/wp-json\/wp\/v2\/product_tag?post=1127112"}],"curies":[{"name":"wp","href":"https:\/\/api.w.org\/{rel}","templated":true}]}}