{"id":1127109,"date":"2026-05-08T19:56:20","date_gmt":"2026-05-08T17:56:20","guid":{"rendered":"https:\/\/wein-werte.com\/product\/chandon-de-briailles-corton-bressandes-grand-cru-rouge-2014-750ml\/"},"modified":"2026-04-27T11:40:19","modified_gmt":"2026-04-27T09:40:19","slug":"chandon-de-briailles-corton-bressandes-grand-cru-rouge-2014-750ml","status":"publish","type":"product","link":"https:\/\/wein-werte.com\/de\/produkt\/chandon-de-briailles-corton-bressandes-grand-cru-rouge-2014-750ml\/","title":{"rendered":"Chandon de Briailles | Burgund | Corton-Bressandes Grand Cru rouge | 2014 | 750ml | bio"},"content":{"rendered":"<p>Produktbeschreibung f\u00fcr Chandon de Briailles Corton-Bressandes Grand Cru rouge 2014 (bio) <\/p>\n<h5>Information zum Wein<\/h5>\n<p> Die Grand-Cru-Lage \u00bbLes Bressandes\u00ab liegt genau auf der Mitte des Corton-H\u00fcgels unterhalb des Clos du Roi und Les Renardes. Die 1,12 Hektar sind in vier Parzellen aufteilt, und der Boden ist gepr\u00e4gt von Bajocium- und Oxford-Kalk mit Kieseln, Ton und einem hohen Eisenanteil. <\/p>\n<h5>Information zum Wein<\/h5>\n<p> Die Grand-Cru-Lage \u00bbLes Bressandes\u00ab liegt genau auf der Mitte des Corton-H\u00fcgels unterhalb des Clos du Roi und Les Renardes. Die 1,12 Hektar sind in vier Parzellen aufteilt, und der Boden ist gepr\u00e4gt von Bajocium- und Oxford-Kalk mit Kieseln, Ton und einem hohen Eisenanteil. Im Jahr 2014 hatte Fran\u00e7ois de Nicolay es nach dem verheerenden 2013er Hagel wieder mit Hagel zu tun, allerdings mit deutlich weniger. Daf\u00fcr kam, \u00e4hnlich wie in deutschen Weinbergen, die Kirschessigfliege und sorgte f\u00fcr Ernteausf\u00e4lle. Doch trotz der Widrigkeiten ist der 2014er ein bildsch\u00f6ner, fruchtbetonter Jahrgang geworden. Der Corton-Bressandes stammt von durchschnittlich 35 Jahre alten Reben, wurde zwischen dem 18. und 26. September gepfl\u00fcckt und penibel aussortiert. Der Wein wurde mit einem Anteil von 40 bis 50 % ganzer Trauben vergoren. <\/p>\n<h5>Farbe<\/h5>\n<p> mittleres, aber intensives Kirschrot <\/p>\n<h5>Nase<\/h5>\n<p> Zun\u00e4chst ist die Nase des Corton-Bressandes stark von Reduktion gepr\u00e4gt. Obwohl man Pinot eigentlich nicht karaffiert, sollte man es im aktuell noch \u00e4u\u00dferst jugendlichen Stadium dieses Weines doch in Erw\u00e4gung ziehen. Dann \u00f6ffnet sich ein weites Feld von intensiver Frucht schwarzer Johannisbeeren und Kirschen, Holunder und Kastanien, Orangenschalen, Wacholder und Unterholz. In der Ferne meint man \u2013 Einbildung oder nicht \u2013 Noten von Eisen wahrzunehmen. <\/p>\n<h5>Mund<\/h5>\n<p> Am Gaumen spielt der Corton schon die ganze Macht dieser einzigartigen Grand-Cru-Lage aus. In der Textur seidig und fein, in der S\u00e4ure klar und brillant, zeigt sich die dunkle, von Waldboden- und Unterholznoten durchsetzte Frucht pr\u00e4sent und voller Kraft. Der Corton-Bressandes ist durchdrungen von einer nervigen, agilen Frische und Mineralit\u00e4t, die einen gro\u00dfen Spielraum auf der fest gewirkten Struktur dieses Weines hat. Wer Corton in der Rubrik \u00bbstreng und maskulin\u00ab einordnet, wird hier eines Besseren belehrt. Der Wein zeigt auch die sanftere Seite, die Corton haben kann. Bei aller Jugendlichkeit die der Pinot aktuell noch besitzt, sp\u00fcrt man ohne Zweifel schon jetzt eine beeindruckende Gr\u00f6\u00dfe. Der Wein ben\u00f6tigt aktuell mindestens einen Tag Luft. <\/p>\n<p>Copyright Vinaturel 2025<\/p>\n<p>Keywords: <a href=\"https:\/\/wein-werte.com\/de\/shop\/?swoof=1&#038;pa_producer=Chandon-de-Briailles\">Chandon de Briailles<\/a> <a href=\"https:\/\/wein-werte.com\/de\/shop\/?swoof=1&#038;woof_text=Corton-Bressandes Grand Cru rouge\">Corton-Bressandes Grand Cru rouge<\/a> 2014 bio <a href=\"https:\/\/wein-werte.com\/de\/shop\/?swoof=1&#038;pa_region=Burgund\">Burgund<\/a> <a href=\"https:\/\/wein-werte.com\/de\/shop\/?swoof=1&#038;pa_country=Frankreich\">Frankreich<\/a><\/p>\n<h3>Wine Advocate<\/h3>\n<p>Punkte: (90-92)<\/p>\n<p>Der Corton-Bressandes Grand Cru 2014 besticht durch ein detailreiches, pr\u00e4zises und mineralisches Bouquet, das sich im Glas wunderbar entfaltet. Am Gaumen pr\u00e4sentiert er sich ausgeglichen, geradlinig und straff, mit s\u00e4uerlichen Noten von roten Kirschen, gemischt mit Erdbeeren und einem Hauch von Austernschalen im Abgang. Sehr fein, auch wenn der Corton Mar\u00e9chaudes mit zunehmender Flaschenreife die Nase vorn haben k\u00f6nnte. Wir werden sehen!<br \/>Neal Martin<\/p>\n<h3>Vinous<\/h3>\n<p>Punkte: 92<\/p>\n<p>Ein sch\u00f6ner, voller Rotwein. Scharfe, moschusartige Noten von Pfeffer, Gew\u00fcrzen und Sandelholz, die sich durch die ganze Traube ziehen, akzentuieren Himbeeren, Rauch und Unterholz; die Noten von Weintrauben dominieren im Fr\u00fchstadium, aber auf eine sehr attraktive Art und Weise. Geschmeidige Aromen von roten Beeren, ger\u00e4uchertem Fleisch und Unterholz zeigen eine sch\u00f6ne Definition und eine verf\u00fchrerische S\u00fc\u00dfe, ganz zu schweigen von der sehr guten Tiefe. Er ist deutlich weicher als letztes Jahr, als ich ihn kurz nach der Abf\u00fcllung verkostete. Im Abgang mit kr\u00e4ftigen, staubigen Tanninen und bemerkenswerter L\u00e4nge. \u2013 Stephen Tanzer<br \/>Trinkzeitraum: 2023\u20132033<br \/>Bewertungsdatum: M\u00e4rz 2017<\/p>\n<p>Internetseite des Weinguts: <a href=\"http:\/\/www.chandondebriailles.com\/en\/\" target=\"_blank\">http:\/\/www.chandondebriailles.com\/en\/<\/a><\/p>\n","protected":false},"excerpt":{"rendered":"<p>Lieferzeit: 1 bis 2 Arbeitstage (DE), 2 bis 5 Arbeitstage (EU and CH)<\/p>\n","protected":false},"featured_media":1139100,"template":"","meta":[],"product_brand":[],"product_cat":[19],"product_tag":[],"class_list":{"0":"post-1127109","1":"product","2":"type-product","3":"status-publish","4":"has-post-thumbnail","6":"product_cat-unkategorisiert","7":"pa_alcohol-for-filter-12897","8":"pa_certified-biodynamic-ja-de","9":"pa_certified-organic-ja-de","10":"pa_colour-rot","11":"pa_country-frankreich","12":"pa_grape-pinot-noir-spatburgunder","13":"pa_parker-points-for-filter-90-de-2","14":"pa_price-for-filter-10634","15":"pa_producer-chandon-de-briailles","16":"pa_region-burgund","17":"pa_size-ml-6584","18":"pa_sweetness-trocken-de","19":"pa_type-2-still-de","20":"pa_vinous-points-for-filter-20029","21":"pa_vintage-2014-de","22":"entry","23":"has-media","25":"first","26":"instock","27":"taxable","28":"shipping-taxable","29":"purchasable","30":"product-type-simple"},"yoast_head":"<!-- This site is optimized with the Yoast SEO plugin v27.5 - https:\/\/yoast.com\/product\/yoast-seo-wordpress\/ -->\n<title>Chandon de Briailles Corton-Bressandes Grand Cru rouge 2014<\/title>\n<meta name=\"description\" content=\"Kaufe Chandon de Briailles Corton-Bressandes Grand Cru rouge 2014 (Pinot Noir, trocken aus Burgund, Frankreich) bei Wein Werte, Ihrem nachhaltigen Onlineshop.\" \/>\n<meta name=\"robots\" content=\"index, follow, max-snippet:-1, max-image-preview:large, max-video-preview:-1\" \/>\n<link rel=\"canonical\" href=\"https:\/\/wein-werte.com\/de\/produkt\/chandon-de-briailles-corton-bressandes-grand-cru-rouge-2014-750ml\/\" \/>\n<meta property=\"og:locale\" content=\"de_DE\" \/>\n<meta property=\"og:type\" content=\"article\" \/>\n<meta property=\"og:title\" content=\"Chandon de Briailles Corton-Bressandes Grand Cru rouge 2014\" \/>\n<meta property=\"og:description\" content=\"Kaufe Chandon de Briailles Corton-Bressandes Grand Cru rouge 2014 (Pinot Noir, trocken aus Burgund, Frankreich) bei Wein Werte, Ihrem nachhaltigen Onlineshop.\" \/>\n<meta property=\"og:url\" content=\"https:\/\/wein-werte.com\/de\/produkt\/chandon-de-briailles-corton-bressandes-grand-cru-rouge-2014-750ml\/\" \/>\n<meta property=\"og:site_name\" content=\"Wein Werte\" \/>\n<meta property=\"og:image\" content=\"https:\/\/wein-werte.com\/wp-content\/uploads\/2026\/04\/Chandon-de-Briailles-Corton-Bressandes-Grand-Cru-rouge-2014-750ml.png\" \/>\n\t<meta property=\"og:image:width\" content=\"332\" \/>\n\t<meta property=\"og:image:height\" content=\"1200\" \/>\n\t<meta property=\"og:image:type\" content=\"image\/png\" \/>\n<meta name=\"twitter:card\" content=\"summary_large_image\" \/>\n<meta name=\"twitter:label1\" content=\"Gesch\u00e4tzte Lesezeit\" \/>\n\t<meta name=\"twitter:data1\" content=\"3\u00a0Minuten\" \/>\n<script type=\"application\/ld+json\" class=\"yoast-schema-graph\">{\"@context\":\"https:\\\/\\\/schema.org\",\"@graph\":[{\"@type\":\"WebPage\",\"@id\":\"https:\\\/\\\/wein-werte.com\\\/de\\\/produkt\\\/chandon-de-briailles-corton-bressandes-grand-cru-rouge-2014-750ml\\\/\",\"url\":\"https:\\\/\\\/wein-werte.com\\\/de\\\/produkt\\\/chandon-de-briailles-corton-bressandes-grand-cru-rouge-2014-750ml\\\/\",\"name\":\"Chandon de Briailles Corton-Bressandes Grand Cru rouge 2014\",\"isPartOf\":{\"@id\":\"https:\\\/\\\/wein-werte.com\\\/de\\\/#website\"},\"primaryImageOfPage\":{\"@id\":\"https:\\\/\\\/wein-werte.com\\\/de\\\/produkt\\\/chandon-de-briailles-corton-bressandes-grand-cru-rouge-2014-750ml\\\/#primaryimage\"},\"image\":{\"@id\":\"https:\\\/\\\/wein-werte.com\\\/de\\\/produkt\\\/chandon-de-briailles-corton-bressandes-grand-cru-rouge-2014-750ml\\\/#primaryimage\"},\"thumbnailUrl\":\"https:\\\/\\\/wein-werte.com\\\/wp-content\\\/uploads\\\/2026\\\/04\\\/Chandon-de-Briailles-Corton-Bressandes-Grand-Cru-rouge-2014-750ml.png\",\"datePublished\":\"2026-05-08T17:56:20+00:00\",\"description\":\"Kaufe Chandon de Briailles Corton-Bressandes Grand Cru rouge 2014 (Pinot Noir, trocken aus Burgund, Frankreich) bei Wein Werte, Ihrem nachhaltigen Onlineshop.\",\"breadcrumb\":{\"@id\":\"https:\\\/\\\/wein-werte.com\\\/de\\\/produkt\\\/chandon-de-briailles-corton-bressandes-grand-cru-rouge-2014-750ml\\\/#breadcrumb\"},\"inLanguage\":\"de\",\"potentialAction\":[{\"@type\":\"ReadAction\",\"target\":[\"https:\\\/\\\/wein-werte.com\\\/de\\\/produkt\\\/chandon-de-briailles-corton-bressandes-grand-cru-rouge-2014-750ml\\\/\"]}]},{\"@type\":\"ImageObject\",\"inLanguage\":\"de\",\"@id\":\"https:\\\/\\\/wein-werte.com\\\/de\\\/produkt\\\/chandon-de-briailles-corton-bressandes-grand-cru-rouge-2014-750ml\\\/#primaryimage\",\"url\":\"https:\\\/\\\/wein-werte.com\\\/wp-content\\\/uploads\\\/2026\\\/04\\\/Chandon-de-Briailles-Corton-Bressandes-Grand-Cru-rouge-2014-750ml.png\",\"contentUrl\":\"https:\\\/\\\/wein-werte.com\\\/wp-content\\\/uploads\\\/2026\\\/04\\\/Chandon-de-Briailles-Corton-Bressandes-Grand-Cru-rouge-2014-750ml.png\",\"width\":332,\"height\":1200,\"caption\":\"Chandon de Briailles Corton-Bressandes Grand Cru rouge 2014 750ml\"},{\"@type\":\"BreadcrumbList\",\"@id\":\"https:\\\/\\\/wein-werte.com\\\/de\\\/produkt\\\/chandon-de-briailles-corton-bressandes-grand-cru-rouge-2014-750ml\\\/#breadcrumb\",\"itemListElement\":[{\"@type\":\"ListItem\",\"position\":1,\"name\":\"Home\",\"item\":\"https:\\\/\\\/wein-werte.com\\\/de\\\/\"},{\"@type\":\"ListItem\",\"position\":2,\"name\":\"Shop\",\"item\":\"https:\\\/\\\/wein-werte.com\\\/de\\\/shop\\\/\"},{\"@type\":\"ListItem\",\"position\":3,\"name\":\"Chandon de Briailles | Burgund | Corton-Bressandes Grand Cru rouge | 2014 | 750ml | bio\"}]},{\"@type\":\"WebSite\",\"@id\":\"https:\\\/\\\/wein-werte.com\\\/de\\\/#website\",\"url\":\"https:\\\/\\\/wein-werte.com\\\/de\\\/\",\"name\":\"Wein Werte\",\"description\":\"\",\"publisher\":{\"@id\":\"https:\\\/\\\/wein-werte.com\\\/de\\\/#organization\"},\"potentialAction\":[{\"@type\":\"SearchAction\",\"target\":{\"@type\":\"EntryPoint\",\"urlTemplate\":\"https:\\\/\\\/wein-werte.com\\\/de\\\/?s={search_term_string}\"},\"query-input\":{\"@type\":\"PropertyValueSpecification\",\"valueRequired\":true,\"valueName\":\"search_term_string\"}}],\"inLanguage\":\"de\"},{\"@type\":\"Organization\",\"@id\":\"https:\\\/\\\/wein-werte.com\\\/de\\\/#organization\",\"name\":\"Vins Fins Thorrold\",\"url\":\"https:\\\/\\\/wein-werte.com\\\/de\\\/\",\"logo\":{\"@type\":\"ImageObject\",\"inLanguage\":\"de\",\"@id\":\"https:\\\/\\\/wein-werte.com\\\/de\\\/#\\\/schema\\\/logo\\\/image\\\/\",\"url\":\"https:\\\/\\\/wein-werte.com\\\/wp-content\\\/uploads\\\/2023\\\/07\\\/Wein_werte_Logo700-1.png\",\"contentUrl\":\"https:\\\/\\\/wein-werte.com\\\/wp-content\\\/uploads\\\/2023\\\/07\\\/Wein_werte_Logo700-1.png\",\"width\":700,\"height\":272,\"caption\":\"Vins Fins Thorrold\"},\"image\":{\"@id\":\"https:\\\/\\\/wein-werte.com\\\/de\\\/#\\\/schema\\\/logo\\\/image\\\/\"}}]}<\/script>\n<!-- \/ Yoast SEO plugin. -->","yoast_head_json":{"title":"Chandon de Briailles Corton-Bressandes Grand Cru rouge 2014","description":"Kaufe Chandon de Briailles Corton-Bressandes Grand Cru rouge 2014 (Pinot Noir, trocken aus Burgund, Frankreich) bei Wein Werte, Ihrem nachhaltigen Onlineshop.","robots":{"index":"index","follow":"follow","max-snippet":"max-snippet:-1","max-image-preview":"max-image-preview:large","max-video-preview":"max-video-preview:-1"},"canonical":"https:\/\/wein-werte.com\/de\/produkt\/chandon-de-briailles-corton-bressandes-grand-cru-rouge-2014-750ml\/","og_locale":"de_DE","og_type":"article","og_title":"Chandon de Briailles Corton-Bressandes Grand Cru rouge 2014","og_description":"Kaufe Chandon de Briailles Corton-Bressandes Grand Cru rouge 2014 (Pinot Noir, trocken aus Burgund, Frankreich) bei Wein Werte, Ihrem nachhaltigen Onlineshop.","og_url":"https:\/\/wein-werte.com\/de\/produkt\/chandon-de-briailles-corton-bressandes-grand-cru-rouge-2014-750ml\/","og_site_name":"Wein Werte","og_image":[{"width":332,"height":1200,"url":"https:\/\/wein-werte.com\/wp-content\/uploads\/2026\/04\/Chandon-de-Briailles-Corton-Bressandes-Grand-Cru-rouge-2014-750ml.png","type":"image\/png"}],"twitter_card":"summary_large_image","twitter_misc":{"Gesch\u00e4tzte Lesezeit":"3\u00a0Minuten"},"schema":{"@context":"https:\/\/schema.org","@graph":[{"@type":"WebPage","@id":"https:\/\/wein-werte.com\/de\/produkt\/chandon-de-briailles-corton-bressandes-grand-cru-rouge-2014-750ml\/","url":"https:\/\/wein-werte.com\/de\/produkt\/chandon-de-briailles-corton-bressandes-grand-cru-rouge-2014-750ml\/","name":"Chandon de Briailles Corton-Bressandes Grand Cru rouge 2014","isPartOf":{"@id":"https:\/\/wein-werte.com\/de\/#website"},"primaryImageOfPage":{"@id":"https:\/\/wein-werte.com\/de\/produkt\/chandon-de-briailles-corton-bressandes-grand-cru-rouge-2014-750ml\/#primaryimage"},"image":{"@id":"https:\/\/wein-werte.com\/de\/produkt\/chandon-de-briailles-corton-bressandes-grand-cru-rouge-2014-750ml\/#primaryimage"},"thumbnailUrl":"https:\/\/wein-werte.com\/wp-content\/uploads\/2026\/04\/Chandon-de-Briailles-Corton-Bressandes-Grand-Cru-rouge-2014-750ml.png","datePublished":"2026-05-08T17:56:20+00:00","description":"Kaufe Chandon de Briailles Corton-Bressandes Grand Cru rouge 2014 (Pinot Noir, trocken aus Burgund, Frankreich) bei Wein Werte, Ihrem nachhaltigen Onlineshop.","breadcrumb":{"@id":"https:\/\/wein-werte.com\/de\/produkt\/chandon-de-briailles-corton-bressandes-grand-cru-rouge-2014-750ml\/#breadcrumb"},"inLanguage":"de","potentialAction":[{"@type":"ReadAction","target":["https:\/\/wein-werte.com\/de\/produkt\/chandon-de-briailles-corton-bressandes-grand-cru-rouge-2014-750ml\/"]}]},{"@type":"ImageObject","inLanguage":"de","@id":"https:\/\/wein-werte.com\/de\/produkt\/chandon-de-briailles-corton-bressandes-grand-cru-rouge-2014-750ml\/#primaryimage","url":"https:\/\/wein-werte.com\/wp-content\/uploads\/2026\/04\/Chandon-de-Briailles-Corton-Bressandes-Grand-Cru-rouge-2014-750ml.png","contentUrl":"https:\/\/wein-werte.com\/wp-content\/uploads\/2026\/04\/Chandon-de-Briailles-Corton-Bressandes-Grand-Cru-rouge-2014-750ml.png","width":332,"height":1200,"caption":"Chandon de Briailles Corton-Bressandes Grand Cru rouge 2014 750ml"},{"@type":"BreadcrumbList","@id":"https:\/\/wein-werte.com\/de\/produkt\/chandon-de-briailles-corton-bressandes-grand-cru-rouge-2014-750ml\/#breadcrumb","itemListElement":[{"@type":"ListItem","position":1,"name":"Home","item":"https:\/\/wein-werte.com\/de\/"},{"@type":"ListItem","position":2,"name":"Shop","item":"https:\/\/wein-werte.com\/de\/shop\/"},{"@type":"ListItem","position":3,"name":"Chandon de Briailles | Burgund | Corton-Bressandes Grand Cru rouge | 2014 | 750ml | bio"}]},{"@type":"WebSite","@id":"https:\/\/wein-werte.com\/de\/#website","url":"https:\/\/wein-werte.com\/de\/","name":"Wein Werte","description":"","publisher":{"@id":"https:\/\/wein-werte.com\/de\/#organization"},"potentialAction":[{"@type":"SearchAction","target":{"@type":"EntryPoint","urlTemplate":"https:\/\/wein-werte.com\/de\/?s={search_term_string}"},"query-input":{"@type":"PropertyValueSpecification","valueRequired":true,"valueName":"search_term_string"}}],"inLanguage":"de"},{"@type":"Organization","@id":"https:\/\/wein-werte.com\/de\/#organization","name":"Vins Fins Thorrold","url":"https:\/\/wein-werte.com\/de\/","logo":{"@type":"ImageObject","inLanguage":"de","@id":"https:\/\/wein-werte.com\/de\/#\/schema\/logo\/image\/","url":"https:\/\/wein-werte.com\/wp-content\/uploads\/2023\/07\/Wein_werte_Logo700-1.png","contentUrl":"https:\/\/wein-werte.com\/wp-content\/uploads\/2023\/07\/Wein_werte_Logo700-1.png","width":700,"height":272,"caption":"Vins Fins Thorrold"},"image":{"@id":"https:\/\/wein-werte.com\/de\/#\/schema\/logo\/image\/"}}]}},"_links":{"self":[{"href":"https:\/\/wein-werte.com\/de\/wp-json\/wp\/v2\/product\/1127109","targetHints":{"allow":["GET"]}}],"collection":[{"href":"https:\/\/wein-werte.com\/de\/wp-json\/wp\/v2\/product"}],"about":[{"href":"https:\/\/wein-werte.com\/de\/wp-json\/wp\/v2\/types\/product"}],"wp:featuredmedia":[{"embeddable":true,"href":"https:\/\/wein-werte.com\/de\/wp-json\/wp\/v2\/media\/1139100"}],"wp:attachment":[{"href":"https:\/\/wein-werte.com\/de\/wp-json\/wp\/v2\/media?parent=1127109"}],"wp:term":[{"taxonomy":"product_brand","embeddable":true,"href":"https:\/\/wein-werte.com\/de\/wp-json\/wp\/v2\/product_brand?post=1127109"},{"taxonomy":"product_cat","embeddable":true,"href":"https:\/\/wein-werte.com\/de\/wp-json\/wp\/v2\/product_cat?post=1127109"},{"taxonomy":"product_tag","embeddable":true,"href":"https:\/\/wein-werte.com\/de\/wp-json\/wp\/v2\/product_tag?post=1127109"}],"curies":[{"name":"wp","href":"https:\/\/api.w.org\/{rel}","templated":true}]}}