{"id":1127074,"date":"2026-05-12T15:37:39","date_gmt":"2026-05-12T13:37:39","guid":{"rendered":"https:\/\/wein-werte.com\/product\/chene-bleu-le-rose-2024-750ml\/"},"modified":"2026-05-12T19:53:22","modified_gmt":"2026-05-12T17:53:22","slug":"chene-bleu-le-rose-2024-750ml","status":"publish","type":"product","link":"https:\/\/wein-werte.com\/de\/produkt\/chene-bleu-le-rose-2024-750ml\/","title":{"rendered":"Ch\u00eane Bleu | Rhone (S\u00fcd) | Le Ros\u00e9 IGP | 2024 | 750ml | bio"},"content":{"rendered":"<p>Produktbeschreibung f\u00fcr Ch\u00eane Bleu Le Ros\u00e9 IGP 2024 (bio)<\/p>\n<h5>Informationen zum Wein<\/h5>\n<p>Dieser Ros\u00e9 stammt aus einer Direktpressung von rund zwei Dritteln Grenache Noir mit Syrah und Mourv\u00e8dre. Wobei vor allem der Grenache von 60 Jahre alten Reben stammt, die auf rund 530 Metern Seeh\u00f6he stehen. Syrah und Mourv\u00e8dre sind um die 10 Jahre alt und stehen \u00e4hnlich hoch in Lehm und Kalkstein. Spontan vergoren und ausgebaut in gebrauchten F\u00e4ssern.<\/p>\n<h5>Farbe<\/h5>\n<p>blasses, klares Ros\u00e9<\/p>\n<h5>Nase<\/h5>\n<p>Mit <i>Le Ros\u00e9<\/i> bringt die Ch\u00eane Bleu einen klassischen Provence-Ros\u00e9 ins Rennen, der von hoch gelegenen Weinbergen profitiert. Er wirkt saftig und frisch mit intensiven Noten von Roten Johannisbeeren, Grapefruit, Pfirsichen und Mirabellen mit einem Anklang von Kr\u00e4utern und wei\u00dfen Bl\u00fcten.<\/p>\n<h5>Gaumen<\/h5>\n<p>Am Gaumen verbindet der Wein Saftigkeit und Frische mit der Kraft und Tiefe des S\u00fcdens. <i>Le Ros\u00e9<\/i> wirkt balanciert, durchaus opulent, aber pr\u00e4zise mit viel roter Frucht, zitrischen Noten, einer mineralischen Komponente und Struktur. Es ist ein schmeichelnder Ros\u00e9 mit viel Charme, einer kreidigen Textur und einem saftig mundw\u00e4ssernden Finale. Das schmeckt nach mehr.<\/p>\n<p>Copyright Vinaturel 2025<\/p>\n<p>Keywords: <a href=\"https:\/\/wein-werte.com\/de\/shop\/?swoof=1&#038;pa_producer=Ch\u00eane-Bleu\">Ch\u00eane Bleu<\/a> <a href=\"https:\/\/wein-werte.com\/de\/shop\/?swoof=1&#038;woof_text=Le Ros\u00e9 IGP\">Le Ros\u00e9 IGP<\/a> 2024 bio <a href=\"https:\/\/wein-werte.com\/shop\/?swoof=1&#038;pa_region=Rhone (S\u00fcd)\">Rhone-(S\u00fcd)<\/a> <a href=\"https:\/\/wein-werte.com\/de\/shop\/?swoof=1&#038;pa_country=Frankreich\">Frankreich<\/a><\/p>\n<p>Internetseite des Weinguts: <a href=\"https:\/\/www.chenebleu.com\/\" target=\"_blank\">https:\/\/www.chenebleu.com\/<\/a><\/p>\n","protected":false},"excerpt":{"rendered":"<div style=\"font-size: 14px;\">\n<p>Lieferzeit: 1 bis 2 Arbeitstage (DE), 2 bis 5 Arbeitstage (EU und CH)<\/p>\n<p>Ungef\u00e4hrer Energiegehalt pro 125-ml-Glas: 110 kcal  (<a href=\"https:\/\/v9.lu\/v\/qKcDI\"target=\"_blank\">vollst\u00e4ndige N\u00e4hrwertangaben<\/a>)<\/p>\n<\/p><\/div>\n","protected":false},"featured_media":1139072,"template":"","meta":[],"product_brand":[],"product_cat":[19],"product_tag":[],"class_list":{"0":"post-1127074","1":"product","2":"type-product","3":"status-publish","4":"has-post-thumbnail","6":"product_cat-unkategorisiert","7":"pa_alcohol-for-filter-13-5","8":"pa_certified-biodynamic-nein-de","9":"pa_certified-organic-ja-de","10":"pa_colour-rose-de","11":"pa_country-frankreich","12":"pa_grape-grenache-cuvee","13":"pa_price-for-filter-10597","14":"pa_producer-chene-bleu","15":"pa_region-rhone-sued","16":"pa_size-ml-6584","17":"pa_sweetness-trocken-de","18":"pa_type-2-still-de","19":"pa_vintage-2024-de","20":"entry","21":"has-media","23":"first","24":"instock","25":"taxable","26":"shipping-taxable","27":"purchasable","28":"product-type-simple"},"yoast_head":"<!-- This site is optimized with the Yoast SEO plugin v27.6 - https:\/\/yoast.com\/product\/yoast-seo-wordpress\/ -->\n<title>Ch\u00eane Bleu Le Ros\u00e9 2024<\/title>\n<meta name=\"description\" content=\"Kaufe Ch\u00eane Bleu Le Ros\u00e9 2024 (Grenache Cuv\u00e9e, trocken aus Rhone (S\u00fcd), Frankreich) bei Wein Werte, Ihrem nachhaltigen Onlineshop.\" \/>\n<meta name=\"robots\" content=\"index, follow, max-snippet:-1, max-image-preview:large, max-video-preview:-1\" \/>\n<link rel=\"canonical\" href=\"https:\/\/wein-werte.com\/de\/produkt\/chene-bleu-le-rose-2024-750ml\/\" \/>\n<meta property=\"og:locale\" content=\"de_DE\" \/>\n<meta property=\"og:type\" content=\"article\" \/>\n<meta property=\"og:title\" content=\"Ch\u00eane Bleu Le Ros\u00e9 2024\" \/>\n<meta property=\"og:description\" content=\"Kaufe Ch\u00eane Bleu Le Ros\u00e9 2024 (Grenache Cuv\u00e9e, trocken aus Rhone (S\u00fcd), Frankreich) bei Wein Werte, Ihrem nachhaltigen Onlineshop.\" \/>\n<meta property=\"og:url\" content=\"https:\/\/wein-werte.com\/de\/produkt\/chene-bleu-le-rose-2024-750ml\/\" \/>\n<meta property=\"og:site_name\" content=\"Wein Werte\" \/>\n<meta property=\"article:modified_time\" content=\"2026-05-12T17:53:22+00:00\" \/>\n<meta property=\"og:image\" content=\"https:\/\/wein-werte.com\/wp-content\/uploads\/2026\/04\/Chene-Bleu-Le-Rose-2024-750ml.png\" \/>\n\t<meta property=\"og:image:width\" content=\"265\" \/>\n\t<meta property=\"og:image:height\" content=\"1200\" \/>\n\t<meta property=\"og:image:type\" content=\"image\/png\" \/>\n<meta name=\"twitter:card\" content=\"summary_large_image\" \/>\n<meta name=\"twitter:label1\" content=\"Gesch\u00e4tzte Lesezeit\" \/>\n\t<meta name=\"twitter:data1\" content=\"1\u00a0Minute\" \/>\n<script type=\"application\/ld+json\" class=\"yoast-schema-graph\">{\"@context\":\"https:\\\/\\\/schema.org\",\"@graph\":[{\"@type\":\"WebPage\",\"@id\":\"https:\\\/\\\/wein-werte.com\\\/de\\\/produkt\\\/chene-bleu-le-rose-2024-750ml\\\/\",\"url\":\"https:\\\/\\\/wein-werte.com\\\/de\\\/produkt\\\/chene-bleu-le-rose-2024-750ml\\\/\",\"name\":\"Ch\u00eane Bleu Le Ros\u00e9 2024\",\"isPartOf\":{\"@id\":\"https:\\\/\\\/wein-werte.com\\\/de\\\/#website\"},\"primaryImageOfPage\":{\"@id\":\"https:\\\/\\\/wein-werte.com\\\/de\\\/produkt\\\/chene-bleu-le-rose-2024-750ml\\\/#primaryimage\"},\"image\":{\"@id\":\"https:\\\/\\\/wein-werte.com\\\/de\\\/produkt\\\/chene-bleu-le-rose-2024-750ml\\\/#primaryimage\"},\"thumbnailUrl\":\"https:\\\/\\\/wein-werte.com\\\/wp-content\\\/uploads\\\/2026\\\/04\\\/Chene-Bleu-Le-Rose-2024-750ml.png\",\"datePublished\":\"2026-05-12T13:37:39+00:00\",\"dateModified\":\"2026-05-12T17:53:22+00:00\",\"description\":\"Kaufe Ch\u00eane Bleu Le Ros\u00e9 2024 (Grenache Cuv\u00e9e, trocken aus Rhone (S\u00fcd), Frankreich) bei Wein Werte, Ihrem nachhaltigen Onlineshop.\",\"breadcrumb\":{\"@id\":\"https:\\\/\\\/wein-werte.com\\\/de\\\/produkt\\\/chene-bleu-le-rose-2024-750ml\\\/#breadcrumb\"},\"inLanguage\":\"de\",\"potentialAction\":[{\"@type\":\"ReadAction\",\"target\":[\"https:\\\/\\\/wein-werte.com\\\/de\\\/produkt\\\/chene-bleu-le-rose-2024-750ml\\\/\"]}]},{\"@type\":\"ImageObject\",\"inLanguage\":\"de\",\"@id\":\"https:\\\/\\\/wein-werte.com\\\/de\\\/produkt\\\/chene-bleu-le-rose-2024-750ml\\\/#primaryimage\",\"url\":\"https:\\\/\\\/wein-werte.com\\\/wp-content\\\/uploads\\\/2026\\\/04\\\/Chene-Bleu-Le-Rose-2024-750ml.png\",\"contentUrl\":\"https:\\\/\\\/wein-werte.com\\\/wp-content\\\/uploads\\\/2026\\\/04\\\/Chene-Bleu-Le-Rose-2024-750ml.png\",\"width\":265,\"height\":1200,\"caption\":\"Ch\u00eane Bleu Le Ros\u00e9 IGP 2024 750ml\"},{\"@type\":\"BreadcrumbList\",\"@id\":\"https:\\\/\\\/wein-werte.com\\\/de\\\/produkt\\\/chene-bleu-le-rose-2024-750ml\\\/#breadcrumb\",\"itemListElement\":[{\"@type\":\"ListItem\",\"position\":1,\"name\":\"Home\",\"item\":\"https:\\\/\\\/wein-werte.com\\\/de\\\/\"},{\"@type\":\"ListItem\",\"position\":2,\"name\":\"Shop\",\"item\":\"https:\\\/\\\/wein-werte.com\\\/de\\\/shop\\\/\"},{\"@type\":\"ListItem\",\"position\":3,\"name\":\"Ch\u00eane Bleu | Rhone (S\u00fcd) | Le Ros\u00e9 IGP | 2024 | 750ml | bio\"}]},{\"@type\":\"WebSite\",\"@id\":\"https:\\\/\\\/wein-werte.com\\\/de\\\/#website\",\"url\":\"https:\\\/\\\/wein-werte.com\\\/de\\\/\",\"name\":\"Wein Werte\",\"description\":\"\",\"publisher\":{\"@id\":\"https:\\\/\\\/wein-werte.com\\\/de\\\/#organization\"},\"potentialAction\":[{\"@type\":\"SearchAction\",\"target\":{\"@type\":\"EntryPoint\",\"urlTemplate\":\"https:\\\/\\\/wein-werte.com\\\/de\\\/?s={search_term_string}\"},\"query-input\":{\"@type\":\"PropertyValueSpecification\",\"valueRequired\":true,\"valueName\":\"search_term_string\"}}],\"inLanguage\":\"de\"},{\"@type\":\"Organization\",\"@id\":\"https:\\\/\\\/wein-werte.com\\\/de\\\/#organization\",\"name\":\"Vins Fins Thorrold\",\"url\":\"https:\\\/\\\/wein-werte.com\\\/de\\\/\",\"logo\":{\"@type\":\"ImageObject\",\"inLanguage\":\"de\",\"@id\":\"https:\\\/\\\/wein-werte.com\\\/de\\\/#\\\/schema\\\/logo\\\/image\\\/\",\"url\":\"https:\\\/\\\/wein-werte.com\\\/wp-content\\\/uploads\\\/2023\\\/07\\\/Wein_werte_Logo700-1.png\",\"contentUrl\":\"https:\\\/\\\/wein-werte.com\\\/wp-content\\\/uploads\\\/2023\\\/07\\\/Wein_werte_Logo700-1.png\",\"width\":700,\"height\":272,\"caption\":\"Vins Fins Thorrold\"},\"image\":{\"@id\":\"https:\\\/\\\/wein-werte.com\\\/de\\\/#\\\/schema\\\/logo\\\/image\\\/\"}}]}<\/script>\n<!-- \/ Yoast SEO plugin. -->","yoast_head_json":{"title":"Ch\u00eane Bleu Le Ros\u00e9 2024","description":"Kaufe Ch\u00eane Bleu Le Ros\u00e9 2024 (Grenache Cuv\u00e9e, trocken aus Rhone (S\u00fcd), Frankreich) bei Wein Werte, Ihrem nachhaltigen Onlineshop.","robots":{"index":"index","follow":"follow","max-snippet":"max-snippet:-1","max-image-preview":"max-image-preview:large","max-video-preview":"max-video-preview:-1"},"canonical":"https:\/\/wein-werte.com\/de\/produkt\/chene-bleu-le-rose-2024-750ml\/","og_locale":"de_DE","og_type":"article","og_title":"Ch\u00eane Bleu Le Ros\u00e9 2024","og_description":"Kaufe Ch\u00eane Bleu Le Ros\u00e9 2024 (Grenache Cuv\u00e9e, trocken aus Rhone (S\u00fcd), Frankreich) bei Wein Werte, Ihrem nachhaltigen Onlineshop.","og_url":"https:\/\/wein-werte.com\/de\/produkt\/chene-bleu-le-rose-2024-750ml\/","og_site_name":"Wein Werte","article_modified_time":"2026-05-12T17:53:22+00:00","og_image":[{"width":265,"height":1200,"url":"https:\/\/wein-werte.com\/wp-content\/uploads\/2026\/04\/Chene-Bleu-Le-Rose-2024-750ml.png","type":"image\/png"}],"twitter_card":"summary_large_image","twitter_misc":{"Gesch\u00e4tzte Lesezeit":"1\u00a0Minute"},"schema":{"@context":"https:\/\/schema.org","@graph":[{"@type":"WebPage","@id":"https:\/\/wein-werte.com\/de\/produkt\/chene-bleu-le-rose-2024-750ml\/","url":"https:\/\/wein-werte.com\/de\/produkt\/chene-bleu-le-rose-2024-750ml\/","name":"Ch\u00eane Bleu Le Ros\u00e9 2024","isPartOf":{"@id":"https:\/\/wein-werte.com\/de\/#website"},"primaryImageOfPage":{"@id":"https:\/\/wein-werte.com\/de\/produkt\/chene-bleu-le-rose-2024-750ml\/#primaryimage"},"image":{"@id":"https:\/\/wein-werte.com\/de\/produkt\/chene-bleu-le-rose-2024-750ml\/#primaryimage"},"thumbnailUrl":"https:\/\/wein-werte.com\/wp-content\/uploads\/2026\/04\/Chene-Bleu-Le-Rose-2024-750ml.png","datePublished":"2026-05-12T13:37:39+00:00","dateModified":"2026-05-12T17:53:22+00:00","description":"Kaufe Ch\u00eane Bleu Le Ros\u00e9 2024 (Grenache Cuv\u00e9e, trocken aus Rhone (S\u00fcd), Frankreich) bei Wein Werte, Ihrem nachhaltigen Onlineshop.","breadcrumb":{"@id":"https:\/\/wein-werte.com\/de\/produkt\/chene-bleu-le-rose-2024-750ml\/#breadcrumb"},"inLanguage":"de","potentialAction":[{"@type":"ReadAction","target":["https:\/\/wein-werte.com\/de\/produkt\/chene-bleu-le-rose-2024-750ml\/"]}]},{"@type":"ImageObject","inLanguage":"de","@id":"https:\/\/wein-werte.com\/de\/produkt\/chene-bleu-le-rose-2024-750ml\/#primaryimage","url":"https:\/\/wein-werte.com\/wp-content\/uploads\/2026\/04\/Chene-Bleu-Le-Rose-2024-750ml.png","contentUrl":"https:\/\/wein-werte.com\/wp-content\/uploads\/2026\/04\/Chene-Bleu-Le-Rose-2024-750ml.png","width":265,"height":1200,"caption":"Ch\u00eane Bleu Le Ros\u00e9 IGP 2024 750ml"},{"@type":"BreadcrumbList","@id":"https:\/\/wein-werte.com\/de\/produkt\/chene-bleu-le-rose-2024-750ml\/#breadcrumb","itemListElement":[{"@type":"ListItem","position":1,"name":"Home","item":"https:\/\/wein-werte.com\/de\/"},{"@type":"ListItem","position":2,"name":"Shop","item":"https:\/\/wein-werte.com\/de\/shop\/"},{"@type":"ListItem","position":3,"name":"Ch\u00eane Bleu | Rhone (S\u00fcd) | Le Ros\u00e9 IGP | 2024 | 750ml | bio"}]},{"@type":"WebSite","@id":"https:\/\/wein-werte.com\/de\/#website","url":"https:\/\/wein-werte.com\/de\/","name":"Wein Werte","description":"","publisher":{"@id":"https:\/\/wein-werte.com\/de\/#organization"},"potentialAction":[{"@type":"SearchAction","target":{"@type":"EntryPoint","urlTemplate":"https:\/\/wein-werte.com\/de\/?s={search_term_string}"},"query-input":{"@type":"PropertyValueSpecification","valueRequired":true,"valueName":"search_term_string"}}],"inLanguage":"de"},{"@type":"Organization","@id":"https:\/\/wein-werte.com\/de\/#organization","name":"Vins Fins Thorrold","url":"https:\/\/wein-werte.com\/de\/","logo":{"@type":"ImageObject","inLanguage":"de","@id":"https:\/\/wein-werte.com\/de\/#\/schema\/logo\/image\/","url":"https:\/\/wein-werte.com\/wp-content\/uploads\/2023\/07\/Wein_werte_Logo700-1.png","contentUrl":"https:\/\/wein-werte.com\/wp-content\/uploads\/2023\/07\/Wein_werte_Logo700-1.png","width":700,"height":272,"caption":"Vins Fins Thorrold"},"image":{"@id":"https:\/\/wein-werte.com\/de\/#\/schema\/logo\/image\/"}}]}},"_links":{"self":[{"href":"https:\/\/wein-werte.com\/de\/wp-json\/wp\/v2\/product\/1127074","targetHints":{"allow":["GET"]}}],"collection":[{"href":"https:\/\/wein-werte.com\/de\/wp-json\/wp\/v2\/product"}],"about":[{"href":"https:\/\/wein-werte.com\/de\/wp-json\/wp\/v2\/types\/product"}],"wp:featuredmedia":[{"embeddable":true,"href":"https:\/\/wein-werte.com\/de\/wp-json\/wp\/v2\/media\/1139072"}],"wp:attachment":[{"href":"https:\/\/wein-werte.com\/de\/wp-json\/wp\/v2\/media?parent=1127074"}],"wp:term":[{"taxonomy":"product_brand","embeddable":true,"href":"https:\/\/wein-werte.com\/de\/wp-json\/wp\/v2\/product_brand?post=1127074"},{"taxonomy":"product_cat","embeddable":true,"href":"https:\/\/wein-werte.com\/de\/wp-json\/wp\/v2\/product_cat?post=1127074"},{"taxonomy":"product_tag","embeddable":true,"href":"https:\/\/wein-werte.com\/de\/wp-json\/wp\/v2\/product_tag?post=1127074"}],"curies":[{"name":"wp","href":"https:\/\/api.w.org\/{rel}","templated":true}]}}