{"id":1127014,"date":"2026-05-12T15:37:34","date_gmt":"2026-05-12T13:37:34","guid":{"rendered":"https:\/\/wein-werte.com\/product\/saint-jean-du-barroux-syrah-entrevon-2019-750ml\/"},"modified":"2026-05-12T19:53:01","modified_gmt":"2026-05-12T17:53:01","slug":"saint-jean-du-barroux-syrah-entrevon-2019-750ml","status":"publish","type":"product","link":"https:\/\/wein-werte.com\/de\/produkt\/saint-jean-du-barroux-syrah-entrevon-2019-750ml\/","title":{"rendered":"Saint Jean Du Barroux | Rhone (S\u00fcd) | Syrah Entrevon VdF | 2019 | 750ml | bio"},"content":{"rendered":"<p>Produktbeschreibung f\u00fcr Saint Jean Du Barroux Syrah Entrevon VdF 2019 (bio) <\/p>\n<h5>Informationen zum Wein<\/h5>\n<p> Dieser reinsortige Syrah stammt aus der Parzelle Entrevon in Malauc\u00e8ne, die auf 350 Metern an der Nordseite des Mont Ventoux liegt. Das Gestein stammt aus der dritten Periode des Mioz\u00e4n mit sandigen B\u00f6den. Die Trauben wurden von Hand gelesen, zu 90 % entrappt und im Beton-Cuve f\u00fcr zw\u00f6lf Tage vergoren. Danach erfolgte der Ausbau \u00fcber elf Monate im Edelstahl und f\u00fcr neun Monate auf der Flasche. 1.581 Flaschen wurden erzeugt. <\/p>\n<h5>Farbe<\/h5>\n<p> leicht transparentes Violett <\/p>\n<h5>Nase<\/h5>\n<p> Der Entrevon verbindet hefige Noten und Frucht in einer Weise, die an frischen Pflaumenkuchen aus dem Ofen erinnert. Mit Luft, die der noch junge Wein dringend ben\u00f6tigt, wird es fleischig und dunkelfruchtig mit ein wenig Cassis und Kirschen. Dazu kommen Noten von dunkler Schokolade und schwarzer Oliventapenade, w\u00e4hrend die Note von abgehangenem Rindfleisch durchaus pr\u00e4sent bleibt. <\/p>\n<h5>Gaumen<\/h5>\n<p> Am Gaumen ist der Entrevon ein balancierter und tiefgr\u00fcndiger Syrah aus dem Ventoux mit einer beeindruckenden Balance aus Frische und Reife. Das Tannin wirkt hier schon in Teilen feinporig, besitzt aber noch eine kernige Seite. Die S\u00e4ure pr\u00e4sentiert sich lebendig, die Frucht warm und dunkel. Es ist die Mischung aus Waldfrucht, Pflaumen und Cassis, ein paar Kirschen, Torf und Veilchen mit ein wenig Oliventapenade. Der Habitus wirkt insgesamt kraftvoll, ist jedoch elegant, saftig und fleischig!<\/p>\n<p>Copyright Vinaturel 2025<\/p>\n<p>Keywords: <a href=\"https:\/\/wein-werte.com\/de\/shop\/?swoof=1&#038;pa_producer=Saint-Jean-Du-Barroux\">Saint Jean Du Barroux<\/a> <a href=\"https:\/\/wein-werte.com\/de\/shop\/?swoof=1&#038;woof_text=Syrah Entrevon VdF\">Syrah Entrevon VdF<\/a> 2019 bio <a href=\"https:\/\/wein-werte.com\/shop\/?swoof=1&#038;pa_region=Rhone (S\u00fcd)\">Rhone-(S\u00fcd)<\/a> <a href=\"https:\/\/wein-werte.com\/de\/shop\/?swoof=1&#038;pa_country=Frankreich\">Frankreich<\/a><\/p>\n<p>Internetseite des Weinguts: <a href=\"https:\/\/www.facebook.com\/saintjeandubarroux\/?ref=page_internal\" target=\"_blank\">https:\/\/www.facebook.com\/saintjeandubarroux\/?ref=page_internal<\/a><\/p>\n","protected":false},"excerpt":{"rendered":"<div style=\"font-size: 14px;\">\n<p>Lieferzeit: 1 bis 2 Arbeitstage (DE), 2 bis 5 Arbeitstage (EU und CH)<\/p>\n<p>Ungef\u00e4hrer Energiegehalt pro 125-ml-Glas: 110 kcal<\/p>\n<\/p><\/div>\n","protected":false},"featured_media":1139026,"template":"","meta":[],"product_brand":[],"product_cat":[19],"product_tag":[],"class_list":{"0":"post-1127014","1":"product","2":"type-product","3":"status-publish","4":"has-post-thumbnail","6":"product_cat-unkategorisiert","7":"pa_alcohol-for-filter-13-5","8":"pa_certified-biodynamic-ja-de","9":"pa_certified-organic-ja-de","10":"pa_colour-rot","11":"pa_country-frankreich","12":"pa_grape-syrah","13":"pa_price-for-filter-10611","14":"pa_producer-saint-jean-du-barroux","15":"pa_region-rhone-sued","16":"pa_size-ml-6584","17":"pa_sweetness-trocken-de","18":"pa_type-2-still-de","19":"pa_vintage-2019-de","20":"entry","21":"has-media","23":"first","24":"instock","25":"taxable","26":"shipping-taxable","27":"purchasable","28":"product-type-simple"},"yoast_head":"<!-- This site is optimized with the Yoast SEO plugin v27.6 - https:\/\/yoast.com\/product\/yoast-seo-wordpress\/ -->\n<title>Saint Jean Du Barroux Syrah Entrevon 2019<\/title>\n<meta name=\"description\" content=\"Kaufe Saint Jean Du Barroux Syrah Entrevon 2019 (Syrah, trocken aus Rhone (S\u00fcd), Frankreich) bei Wein Werte, Ihrem nachhaltigen Onlineshop.\" \/>\n<meta name=\"robots\" content=\"index, follow, max-snippet:-1, max-image-preview:large, max-video-preview:-1\" \/>\n<link rel=\"canonical\" href=\"https:\/\/wein-werte.com\/de\/produkt\/saint-jean-du-barroux-syrah-entrevon-2019-750ml\/\" \/>\n<meta property=\"og:locale\" content=\"de_DE\" \/>\n<meta property=\"og:type\" content=\"article\" \/>\n<meta property=\"og:title\" content=\"Saint Jean Du Barroux Syrah Entrevon 2019\" \/>\n<meta property=\"og:description\" content=\"Kaufe Saint Jean Du Barroux Syrah Entrevon 2019 (Syrah, trocken aus Rhone (S\u00fcd), Frankreich) bei Wein Werte, Ihrem nachhaltigen Onlineshop.\" \/>\n<meta property=\"og:url\" content=\"https:\/\/wein-werte.com\/de\/produkt\/saint-jean-du-barroux-syrah-entrevon-2019-750ml\/\" \/>\n<meta property=\"og:site_name\" content=\"Wein Werte\" \/>\n<meta property=\"article:modified_time\" content=\"2026-05-12T17:53:01+00:00\" \/>\n<meta property=\"og:image\" content=\"https:\/\/wein-werte.com\/wp-content\/uploads\/2026\/04\/Saint-Jean-Du-Barroux-Syrah-Entrevon-2019-750ml.png\" \/>\n\t<meta property=\"og:image:width\" content=\"342\" \/>\n\t<meta property=\"og:image:height\" content=\"1200\" \/>\n\t<meta property=\"og:image:type\" content=\"image\/png\" \/>\n<meta name=\"twitter:card\" content=\"summary_large_image\" \/>\n<meta name=\"twitter:label1\" content=\"Gesch\u00e4tzte Lesezeit\" \/>\n\t<meta name=\"twitter:data1\" content=\"1\u00a0Minute\" \/>\n<script type=\"application\/ld+json\" class=\"yoast-schema-graph\">{\"@context\":\"https:\\\/\\\/schema.org\",\"@graph\":[{\"@type\":\"WebPage\",\"@id\":\"https:\\\/\\\/wein-werte.com\\\/de\\\/produkt\\\/saint-jean-du-barroux-syrah-entrevon-2019-750ml\\\/\",\"url\":\"https:\\\/\\\/wein-werte.com\\\/de\\\/produkt\\\/saint-jean-du-barroux-syrah-entrevon-2019-750ml\\\/\",\"name\":\"Saint Jean Du Barroux Syrah Entrevon 2019\",\"isPartOf\":{\"@id\":\"https:\\\/\\\/wein-werte.com\\\/de\\\/#website\"},\"primaryImageOfPage\":{\"@id\":\"https:\\\/\\\/wein-werte.com\\\/de\\\/produkt\\\/saint-jean-du-barroux-syrah-entrevon-2019-750ml\\\/#primaryimage\"},\"image\":{\"@id\":\"https:\\\/\\\/wein-werte.com\\\/de\\\/produkt\\\/saint-jean-du-barroux-syrah-entrevon-2019-750ml\\\/#primaryimage\"},\"thumbnailUrl\":\"https:\\\/\\\/wein-werte.com\\\/wp-content\\\/uploads\\\/2026\\\/04\\\/Saint-Jean-Du-Barroux-Syrah-Entrevon-2019-750ml.png\",\"datePublished\":\"2026-05-12T13:37:34+00:00\",\"dateModified\":\"2026-05-12T17:53:01+00:00\",\"description\":\"Kaufe Saint Jean Du Barroux Syrah Entrevon 2019 (Syrah, trocken aus Rhone (S\u00fcd), Frankreich) bei Wein Werte, Ihrem nachhaltigen Onlineshop.\",\"breadcrumb\":{\"@id\":\"https:\\\/\\\/wein-werte.com\\\/de\\\/produkt\\\/saint-jean-du-barroux-syrah-entrevon-2019-750ml\\\/#breadcrumb\"},\"inLanguage\":\"de\",\"potentialAction\":[{\"@type\":\"ReadAction\",\"target\":[\"https:\\\/\\\/wein-werte.com\\\/de\\\/produkt\\\/saint-jean-du-barroux-syrah-entrevon-2019-750ml\\\/\"]}]},{\"@type\":\"ImageObject\",\"inLanguage\":\"de\",\"@id\":\"https:\\\/\\\/wein-werte.com\\\/de\\\/produkt\\\/saint-jean-du-barroux-syrah-entrevon-2019-750ml\\\/#primaryimage\",\"url\":\"https:\\\/\\\/wein-werte.com\\\/wp-content\\\/uploads\\\/2026\\\/04\\\/Saint-Jean-Du-Barroux-Syrah-Entrevon-2019-750ml.png\",\"contentUrl\":\"https:\\\/\\\/wein-werte.com\\\/wp-content\\\/uploads\\\/2026\\\/04\\\/Saint-Jean-Du-Barroux-Syrah-Entrevon-2019-750ml.png\",\"width\":342,\"height\":1200,\"caption\":\"Saint Jean Du Barroux Syrah Entrevon VdF 2019 750ml\"},{\"@type\":\"BreadcrumbList\",\"@id\":\"https:\\\/\\\/wein-werte.com\\\/de\\\/produkt\\\/saint-jean-du-barroux-syrah-entrevon-2019-750ml\\\/#breadcrumb\",\"itemListElement\":[{\"@type\":\"ListItem\",\"position\":1,\"name\":\"Home\",\"item\":\"https:\\\/\\\/wein-werte.com\\\/de\\\/\"},{\"@type\":\"ListItem\",\"position\":2,\"name\":\"Shop\",\"item\":\"https:\\\/\\\/wein-werte.com\\\/de\\\/shop\\\/\"},{\"@type\":\"ListItem\",\"position\":3,\"name\":\"Saint Jean Du Barroux | Rhone (S\u00fcd) | Syrah Entrevon VdF | 2019 | 750ml | bio\"}]},{\"@type\":\"WebSite\",\"@id\":\"https:\\\/\\\/wein-werte.com\\\/de\\\/#website\",\"url\":\"https:\\\/\\\/wein-werte.com\\\/de\\\/\",\"name\":\"Wein Werte\",\"description\":\"\",\"publisher\":{\"@id\":\"https:\\\/\\\/wein-werte.com\\\/de\\\/#organization\"},\"potentialAction\":[{\"@type\":\"SearchAction\",\"target\":{\"@type\":\"EntryPoint\",\"urlTemplate\":\"https:\\\/\\\/wein-werte.com\\\/de\\\/?s={search_term_string}\"},\"query-input\":{\"@type\":\"PropertyValueSpecification\",\"valueRequired\":true,\"valueName\":\"search_term_string\"}}],\"inLanguage\":\"de\"},{\"@type\":\"Organization\",\"@id\":\"https:\\\/\\\/wein-werte.com\\\/de\\\/#organization\",\"name\":\"Vins Fins Thorrold\",\"url\":\"https:\\\/\\\/wein-werte.com\\\/de\\\/\",\"logo\":{\"@type\":\"ImageObject\",\"inLanguage\":\"de\",\"@id\":\"https:\\\/\\\/wein-werte.com\\\/de\\\/#\\\/schema\\\/logo\\\/image\\\/\",\"url\":\"https:\\\/\\\/wein-werte.com\\\/wp-content\\\/uploads\\\/2023\\\/07\\\/Wein_werte_Logo700-1.png\",\"contentUrl\":\"https:\\\/\\\/wein-werte.com\\\/wp-content\\\/uploads\\\/2023\\\/07\\\/Wein_werte_Logo700-1.png\",\"width\":700,\"height\":272,\"caption\":\"Vins Fins Thorrold\"},\"image\":{\"@id\":\"https:\\\/\\\/wein-werte.com\\\/de\\\/#\\\/schema\\\/logo\\\/image\\\/\"}}]}<\/script>\n<!-- \/ Yoast SEO plugin. -->","yoast_head_json":{"title":"Saint Jean Du Barroux Syrah Entrevon 2019","description":"Kaufe Saint Jean Du Barroux Syrah Entrevon 2019 (Syrah, trocken aus Rhone (S\u00fcd), Frankreich) bei Wein Werte, Ihrem nachhaltigen Onlineshop.","robots":{"index":"index","follow":"follow","max-snippet":"max-snippet:-1","max-image-preview":"max-image-preview:large","max-video-preview":"max-video-preview:-1"},"canonical":"https:\/\/wein-werte.com\/de\/produkt\/saint-jean-du-barroux-syrah-entrevon-2019-750ml\/","og_locale":"de_DE","og_type":"article","og_title":"Saint Jean Du Barroux Syrah Entrevon 2019","og_description":"Kaufe Saint Jean Du Barroux Syrah Entrevon 2019 (Syrah, trocken aus Rhone (S\u00fcd), Frankreich) bei Wein Werte, Ihrem nachhaltigen Onlineshop.","og_url":"https:\/\/wein-werte.com\/de\/produkt\/saint-jean-du-barroux-syrah-entrevon-2019-750ml\/","og_site_name":"Wein Werte","article_modified_time":"2026-05-12T17:53:01+00:00","og_image":[{"width":342,"height":1200,"url":"https:\/\/wein-werte.com\/wp-content\/uploads\/2026\/04\/Saint-Jean-Du-Barroux-Syrah-Entrevon-2019-750ml.png","type":"image\/png"}],"twitter_card":"summary_large_image","twitter_misc":{"Gesch\u00e4tzte Lesezeit":"1\u00a0Minute"},"schema":{"@context":"https:\/\/schema.org","@graph":[{"@type":"WebPage","@id":"https:\/\/wein-werte.com\/de\/produkt\/saint-jean-du-barroux-syrah-entrevon-2019-750ml\/","url":"https:\/\/wein-werte.com\/de\/produkt\/saint-jean-du-barroux-syrah-entrevon-2019-750ml\/","name":"Saint Jean Du Barroux Syrah Entrevon 2019","isPartOf":{"@id":"https:\/\/wein-werte.com\/de\/#website"},"primaryImageOfPage":{"@id":"https:\/\/wein-werte.com\/de\/produkt\/saint-jean-du-barroux-syrah-entrevon-2019-750ml\/#primaryimage"},"image":{"@id":"https:\/\/wein-werte.com\/de\/produkt\/saint-jean-du-barroux-syrah-entrevon-2019-750ml\/#primaryimage"},"thumbnailUrl":"https:\/\/wein-werte.com\/wp-content\/uploads\/2026\/04\/Saint-Jean-Du-Barroux-Syrah-Entrevon-2019-750ml.png","datePublished":"2026-05-12T13:37:34+00:00","dateModified":"2026-05-12T17:53:01+00:00","description":"Kaufe Saint Jean Du Barroux Syrah Entrevon 2019 (Syrah, trocken aus Rhone (S\u00fcd), Frankreich) bei Wein Werte, Ihrem nachhaltigen Onlineshop.","breadcrumb":{"@id":"https:\/\/wein-werte.com\/de\/produkt\/saint-jean-du-barroux-syrah-entrevon-2019-750ml\/#breadcrumb"},"inLanguage":"de","potentialAction":[{"@type":"ReadAction","target":["https:\/\/wein-werte.com\/de\/produkt\/saint-jean-du-barroux-syrah-entrevon-2019-750ml\/"]}]},{"@type":"ImageObject","inLanguage":"de","@id":"https:\/\/wein-werte.com\/de\/produkt\/saint-jean-du-barroux-syrah-entrevon-2019-750ml\/#primaryimage","url":"https:\/\/wein-werte.com\/wp-content\/uploads\/2026\/04\/Saint-Jean-Du-Barroux-Syrah-Entrevon-2019-750ml.png","contentUrl":"https:\/\/wein-werte.com\/wp-content\/uploads\/2026\/04\/Saint-Jean-Du-Barroux-Syrah-Entrevon-2019-750ml.png","width":342,"height":1200,"caption":"Saint Jean Du Barroux Syrah Entrevon VdF 2019 750ml"},{"@type":"BreadcrumbList","@id":"https:\/\/wein-werte.com\/de\/produkt\/saint-jean-du-barroux-syrah-entrevon-2019-750ml\/#breadcrumb","itemListElement":[{"@type":"ListItem","position":1,"name":"Home","item":"https:\/\/wein-werte.com\/de\/"},{"@type":"ListItem","position":2,"name":"Shop","item":"https:\/\/wein-werte.com\/de\/shop\/"},{"@type":"ListItem","position":3,"name":"Saint Jean Du Barroux | Rhone (S\u00fcd) | Syrah Entrevon VdF | 2019 | 750ml | bio"}]},{"@type":"WebSite","@id":"https:\/\/wein-werte.com\/de\/#website","url":"https:\/\/wein-werte.com\/de\/","name":"Wein Werte","description":"","publisher":{"@id":"https:\/\/wein-werte.com\/de\/#organization"},"potentialAction":[{"@type":"SearchAction","target":{"@type":"EntryPoint","urlTemplate":"https:\/\/wein-werte.com\/de\/?s={search_term_string}"},"query-input":{"@type":"PropertyValueSpecification","valueRequired":true,"valueName":"search_term_string"}}],"inLanguage":"de"},{"@type":"Organization","@id":"https:\/\/wein-werte.com\/de\/#organization","name":"Vins Fins Thorrold","url":"https:\/\/wein-werte.com\/de\/","logo":{"@type":"ImageObject","inLanguage":"de","@id":"https:\/\/wein-werte.com\/de\/#\/schema\/logo\/image\/","url":"https:\/\/wein-werte.com\/wp-content\/uploads\/2023\/07\/Wein_werte_Logo700-1.png","contentUrl":"https:\/\/wein-werte.com\/wp-content\/uploads\/2023\/07\/Wein_werte_Logo700-1.png","width":700,"height":272,"caption":"Vins Fins Thorrold"},"image":{"@id":"https:\/\/wein-werte.com\/de\/#\/schema\/logo\/image\/"}}]}},"_links":{"self":[{"href":"https:\/\/wein-werte.com\/de\/wp-json\/wp\/v2\/product\/1127014","targetHints":{"allow":["GET"]}}],"collection":[{"href":"https:\/\/wein-werte.com\/de\/wp-json\/wp\/v2\/product"}],"about":[{"href":"https:\/\/wein-werte.com\/de\/wp-json\/wp\/v2\/types\/product"}],"wp:featuredmedia":[{"embeddable":true,"href":"https:\/\/wein-werte.com\/de\/wp-json\/wp\/v2\/media\/1139026"}],"wp:attachment":[{"href":"https:\/\/wein-werte.com\/de\/wp-json\/wp\/v2\/media?parent=1127014"}],"wp:term":[{"taxonomy":"product_brand","embeddable":true,"href":"https:\/\/wein-werte.com\/de\/wp-json\/wp\/v2\/product_brand?post=1127014"},{"taxonomy":"product_cat","embeddable":true,"href":"https:\/\/wein-werte.com\/de\/wp-json\/wp\/v2\/product_cat?post=1127014"},{"taxonomy":"product_tag","embeddable":true,"href":"https:\/\/wein-werte.com\/de\/wp-json\/wp\/v2\/product_tag?post=1127014"}],"curies":[{"name":"wp","href":"https:\/\/api.w.org\/{rel}","templated":true}]}}