{"id":1127004,"date":"2026-05-08T19:56:09","date_gmt":"2026-05-08T17:56:09","guid":{"rendered":"https:\/\/wein-werte.com\/product\/alone-rose-atmo-750ml\/"},"modified":"2026-04-27T11:40:09","modified_gmt":"2026-04-27T09:40:09","slug":"alone-rose-atmo-750ml","status":"publish","type":"product","link":"https:\/\/wein-werte.com\/de\/produkt\/alone-rose-atmo-750ml\/","title":{"rendered":"Al\u00f4ne | Provence | Ros\u00e9 &#8220;ATMO&#8221; | NV | 750ml"},"content":{"rendered":"<p>Produktbeschreibung f\u00fcr Al\u00f4ne Ros\u00e9 &#8220;ATMO&#8221; NV <\/p>\n<h5>Informationen zur Geschichte des Weines<\/h5>\n<p> Jedes Mal, wenn Pascale Jourdan und Christian Ott an dem alleinstehenden Baum vorbeikamen, wurden Sie von dieser pr\u00e4chtigen Eiche am Eingang des Weinguts gefesselt. Das Vorhandensein dieses mehrere Jahrhunderte alten Baumes auf einem so sandigen Boden verhie\u00df die einzigartige Qualit\u00e4t eines Terroirs.20 Jahre sp\u00e4ter erwarben Sie diesen faszinierenden Ort um Ihr Weingut zu gr\u00fcnden. Pascale und Christian m\u00f6chten sich von Konventionen befreien. Als leidenschaftliche Winzer bis zum \u00c4u\u00dfersten Seit 25 Jahren schaffen Sie einzigartige und identit\u00e4tsstiftende Weine, die von einem au\u00dfergew\u00f6hnlichen Terroir leben. Auf der Domaine Al\u00f4ne schreiben Sie nun Ihre eigene Geschichte. Dort, in v\u00f6lliger Freiheit, stellen Sie Weine her, die aus naturnahem Weinbau stammen. Neben dem Weingut flie\u00dft ein kleiner Fluss, die L\u00f4ne. Als Sie nach einem Namen f\u00fcr den Wein suchten, dachten wir uns sofort ein Wortspiel aus und f\u00fcgten dem Namen des Flusses ein &#8220;a&#8221; hinzu: Al\u00f4ne &#8211; das englische Wort f\u00fcr &#8220;allein&#8221; \u2013 veranschaulichte Ihren Ansatz auf wunderbare Weise. Al\u00f4ne auch eine Anspielung auf den Urgro\u00dfvater von, der 1896 allein und v\u00f6llig unbekannt seinen Weinberg in S\u00fcdfrankreich angelegt hat. \u00a0 <\/p>\n<h5>Details zum Ausbau<\/h5>\n<p> Jeder Weinberg wird individuell behandelt, mit einem den Saftfluss respektierenden Schnitt, Blattbehandlungen auf der Grundlage von Spurenelementen und D\u00fcngemitteln die nach genauen Bodenanalysen konzipiert wurden. Bei Atmo handelt es sich um eine Assemblage ohne Jahrgang, die Rebsorten Grenache, Cinsault und Syrah wachsen auf 420 und 470 Meter H\u00f6he, die Temperatur Schwankungen liegen bei 18\u00b0 in der Nacht und 35\u00b0 am Tag w\u00e4hrend des Sommers. <\/p>\n<h5>Farbe<\/h5>\n<p> Zartes Apricot mit Aufhellungen zum Rand hin. \u00a0 <\/p>\n<h5>Nase<\/h5>\n<p> Der Atmo duftet verf\u00fchrerisch und charmant nach Pfirsich, reifen Himbeeren und Brombeeren, wilden Kr\u00e4utern und wei\u00dfem Pfeffer. Er nimmt einen sofort f\u00fcr sich ein und man beginnt von der W\u00e4rme und Aromen Vielfalt dieses wundersch\u00f6nen Landstriches zu tr\u00e4umen. \u00a0 <\/p>\n<h5>Gaumen<\/h5>\n<p> Auf der Zunge findet ein Wechselspiel von W\u00fcrze, feiner Frucht und Fruchts\u00fc\u00dfe statt. Begleitet wird das Ganze wundersch\u00f6n von einer lebendigen S\u00e4ure und feiner salzigen Note. Ein Sinnbild f\u00fcr einen Ros\u00e9 aus der Provence, der geradezu nach der Begleitung von kulinarischen K\u00f6stlichkeiten aus diesem Landstrich ruft.<\/p>\n<p>Copyright Vinaturel 2025<\/p>\n<p>Keywords: <a href=\"https:\/\/wein-werte.com\/de\/shop\/?swoof=1&#038;pa_producer=Al\u00f4ne\">Al\u00f4ne<\/a> <a href=\"https:\/\/wein-werte.com\/de\/shop\/?swoof=1&#038;woof_text=Ros\u00e9 \"ATMO\"\">Ros\u00e9 &#8220;ATMO&#8221;<\/a> NV  <a href=\"https:\/\/wein-werte.com\/de\/shop\/?swoof=1&#038;pa_region=Provence\">Provence<\/a> <a href=\"https:\/\/wein-werte.com\/de\/shop\/?swoof=1&#038;pa_country=Frankreich\">Frankreich<\/a><\/p>\n<p>Internetseite des Weinguts: <a href=\"https:\/\/domaine-alone.com\/\" target=\"_blank\">https:\/\/domaine-alone.com\/<\/a><\/p>\n","protected":false},"excerpt":{"rendered":"<p>Lieferzeit: 1 bis 2 Arbeitstage (DE), 2 bis 5 Arbeitstage (EU and CH)<\/p>\n","protected":false},"featured_media":1139018,"template":"","meta":[],"product_brand":[],"product_cat":[19],"product_tag":[],"class_list":{"0":"post-1127004","1":"product","2":"type-product","3":"status-publish","4":"has-post-thumbnail","6":"product_cat-unkategorisiert","7":"pa_alcohol-for-filter-13-5","8":"pa_certified-biodynamic-nein-de","9":"pa_certified-organic-nein-de","10":"pa_colour-rose-de","11":"pa_country-frankreich","12":"pa_grape-grenache-cuvee","13":"pa_price-for-filter-10589","14":"pa_producer-alone","15":"pa_region-provence","16":"pa_size-ml-6584","17":"pa_sweetness-trocken-de","18":"pa_type-2-still-de","19":"pa_vintage-nv-de","20":"entry","21":"has-media","23":"first","24":"instock","25":"taxable","26":"shipping-taxable","27":"purchasable","28":"product-type-simple"},"yoast_head":"<!-- This site is optimized with the Yoast SEO plugin v27.5 - https:\/\/yoast.com\/product\/yoast-seo-wordpress\/ -->\n<title>Al\u00f4ne Ros\u00e9 &quot;ATMO&quot;<\/title>\n<meta name=\"description\" content=\"Kaufe Al\u00f4ne Ros\u00e9 &quot;ATMO&quot; (Grenache Cuv\u00e9e, trocken aus Provence, Frankreich) bei Wein Werte, Ihrem nachhaltigen Onlineshop.\" \/>\n<meta name=\"robots\" content=\"index, follow, max-snippet:-1, max-image-preview:large, max-video-preview:-1\" \/>\n<link rel=\"canonical\" href=\"https:\/\/wein-werte.com\/de\/produkt\/alone-rose-atmo-750ml\/\" \/>\n<meta property=\"og:locale\" content=\"de_DE\" \/>\n<meta property=\"og:type\" content=\"article\" \/>\n<meta property=\"og:title\" content=\"Al\u00f4ne Ros\u00e9 &quot;ATMO&quot;\" \/>\n<meta property=\"og:description\" content=\"Kaufe Al\u00f4ne Ros\u00e9 &quot;ATMO&quot; (Grenache Cuv\u00e9e, trocken aus Provence, Frankreich) bei Wein Werte, Ihrem nachhaltigen Onlineshop.\" \/>\n<meta property=\"og:url\" content=\"https:\/\/wein-werte.com\/de\/produkt\/alone-rose-atmo-750ml\/\" \/>\n<meta property=\"og:site_name\" content=\"Wein Werte\" \/>\n<meta property=\"og:image\" content=\"https:\/\/wein-werte.com\/wp-content\/uploads\/2026\/04\/Alone-Rose-ATMO-750ml.png\" \/>\n\t<meta property=\"og:image:width\" content=\"297\" \/>\n\t<meta property=\"og:image:height\" content=\"1200\" \/>\n\t<meta property=\"og:image:type\" content=\"image\/png\" \/>\n<meta name=\"twitter:card\" content=\"summary_large_image\" \/>\n<meta name=\"twitter:label1\" content=\"Gesch\u00e4tzte Lesezeit\" \/>\n\t<meta name=\"twitter:data1\" content=\"2\u00a0Minuten\" \/>\n<script type=\"application\/ld+json\" class=\"yoast-schema-graph\">{\"@context\":\"https:\\\/\\\/schema.org\",\"@graph\":[{\"@type\":\"WebPage\",\"@id\":\"https:\\\/\\\/wein-werte.com\\\/de\\\/produkt\\\/alone-rose-atmo-750ml\\\/\",\"url\":\"https:\\\/\\\/wein-werte.com\\\/de\\\/produkt\\\/alone-rose-atmo-750ml\\\/\",\"name\":\"Al\u00f4ne Ros\u00e9 \\\"ATMO\\\"\",\"isPartOf\":{\"@id\":\"https:\\\/\\\/wein-werte.com\\\/de\\\/#website\"},\"primaryImageOfPage\":{\"@id\":\"https:\\\/\\\/wein-werte.com\\\/de\\\/produkt\\\/alone-rose-atmo-750ml\\\/#primaryimage\"},\"image\":{\"@id\":\"https:\\\/\\\/wein-werte.com\\\/de\\\/produkt\\\/alone-rose-atmo-750ml\\\/#primaryimage\"},\"thumbnailUrl\":\"https:\\\/\\\/wein-werte.com\\\/wp-content\\\/uploads\\\/2026\\\/04\\\/Alone-Rose-ATMO-750ml.png\",\"datePublished\":\"2026-05-08T17:56:09+00:00\",\"description\":\"Kaufe Al\u00f4ne Ros\u00e9 \\\"ATMO\\\" (Grenache Cuv\u00e9e, trocken aus Provence, Frankreich) bei Wein Werte, Ihrem nachhaltigen Onlineshop.\",\"breadcrumb\":{\"@id\":\"https:\\\/\\\/wein-werte.com\\\/de\\\/produkt\\\/alone-rose-atmo-750ml\\\/#breadcrumb\"},\"inLanguage\":\"de\",\"potentialAction\":[{\"@type\":\"ReadAction\",\"target\":[\"https:\\\/\\\/wein-werte.com\\\/de\\\/produkt\\\/alone-rose-atmo-750ml\\\/\"]}]},{\"@type\":\"ImageObject\",\"inLanguage\":\"de\",\"@id\":\"https:\\\/\\\/wein-werte.com\\\/de\\\/produkt\\\/alone-rose-atmo-750ml\\\/#primaryimage\",\"url\":\"https:\\\/\\\/wein-werte.com\\\/wp-content\\\/uploads\\\/2026\\\/04\\\/Alone-Rose-ATMO-750ml.png\",\"contentUrl\":\"https:\\\/\\\/wein-werte.com\\\/wp-content\\\/uploads\\\/2026\\\/04\\\/Alone-Rose-ATMO-750ml.png\",\"width\":297,\"height\":1200,\"caption\":\"Al\u00f4ne Ros\u00e9 \\\"ATMO\\\" NV 750ml\"},{\"@type\":\"BreadcrumbList\",\"@id\":\"https:\\\/\\\/wein-werte.com\\\/de\\\/produkt\\\/alone-rose-atmo-750ml\\\/#breadcrumb\",\"itemListElement\":[{\"@type\":\"ListItem\",\"position\":1,\"name\":\"Home\",\"item\":\"https:\\\/\\\/wein-werte.com\\\/de\\\/\"},{\"@type\":\"ListItem\",\"position\":2,\"name\":\"Shop\",\"item\":\"https:\\\/\\\/wein-werte.com\\\/de\\\/shop\\\/\"},{\"@type\":\"ListItem\",\"position\":3,\"name\":\"Al\u00f4ne | Provence | Ros\u00e9 &#8220;ATMO&#8221; | NV | 750ml\"}]},{\"@type\":\"WebSite\",\"@id\":\"https:\\\/\\\/wein-werte.com\\\/de\\\/#website\",\"url\":\"https:\\\/\\\/wein-werte.com\\\/de\\\/\",\"name\":\"Wein Werte\",\"description\":\"\",\"publisher\":{\"@id\":\"https:\\\/\\\/wein-werte.com\\\/de\\\/#organization\"},\"potentialAction\":[{\"@type\":\"SearchAction\",\"target\":{\"@type\":\"EntryPoint\",\"urlTemplate\":\"https:\\\/\\\/wein-werte.com\\\/de\\\/?s={search_term_string}\"},\"query-input\":{\"@type\":\"PropertyValueSpecification\",\"valueRequired\":true,\"valueName\":\"search_term_string\"}}],\"inLanguage\":\"de\"},{\"@type\":\"Organization\",\"@id\":\"https:\\\/\\\/wein-werte.com\\\/de\\\/#organization\",\"name\":\"Vins Fins Thorrold\",\"url\":\"https:\\\/\\\/wein-werte.com\\\/de\\\/\",\"logo\":{\"@type\":\"ImageObject\",\"inLanguage\":\"de\",\"@id\":\"https:\\\/\\\/wein-werte.com\\\/de\\\/#\\\/schema\\\/logo\\\/image\\\/\",\"url\":\"https:\\\/\\\/wein-werte.com\\\/wp-content\\\/uploads\\\/2023\\\/07\\\/Wein_werte_Logo700-1.png\",\"contentUrl\":\"https:\\\/\\\/wein-werte.com\\\/wp-content\\\/uploads\\\/2023\\\/07\\\/Wein_werte_Logo700-1.png\",\"width\":700,\"height\":272,\"caption\":\"Vins Fins Thorrold\"},\"image\":{\"@id\":\"https:\\\/\\\/wein-werte.com\\\/de\\\/#\\\/schema\\\/logo\\\/image\\\/\"}}]}<\/script>\n<!-- \/ Yoast SEO plugin. -->","yoast_head_json":{"title":"Al\u00f4ne Ros\u00e9 \"ATMO\"","description":"Kaufe Al\u00f4ne Ros\u00e9 \"ATMO\" (Grenache Cuv\u00e9e, trocken aus Provence, Frankreich) bei Wein Werte, Ihrem nachhaltigen Onlineshop.","robots":{"index":"index","follow":"follow","max-snippet":"max-snippet:-1","max-image-preview":"max-image-preview:large","max-video-preview":"max-video-preview:-1"},"canonical":"https:\/\/wein-werte.com\/de\/produkt\/alone-rose-atmo-750ml\/","og_locale":"de_DE","og_type":"article","og_title":"Al\u00f4ne Ros\u00e9 \"ATMO\"","og_description":"Kaufe Al\u00f4ne Ros\u00e9 \"ATMO\" (Grenache Cuv\u00e9e, trocken aus Provence, Frankreich) bei Wein Werte, Ihrem nachhaltigen Onlineshop.","og_url":"https:\/\/wein-werte.com\/de\/produkt\/alone-rose-atmo-750ml\/","og_site_name":"Wein Werte","og_image":[{"width":297,"height":1200,"url":"https:\/\/wein-werte.com\/wp-content\/uploads\/2026\/04\/Alone-Rose-ATMO-750ml.png","type":"image\/png"}],"twitter_card":"summary_large_image","twitter_misc":{"Gesch\u00e4tzte Lesezeit":"2\u00a0Minuten"},"schema":{"@context":"https:\/\/schema.org","@graph":[{"@type":"WebPage","@id":"https:\/\/wein-werte.com\/de\/produkt\/alone-rose-atmo-750ml\/","url":"https:\/\/wein-werte.com\/de\/produkt\/alone-rose-atmo-750ml\/","name":"Al\u00f4ne Ros\u00e9 \"ATMO\"","isPartOf":{"@id":"https:\/\/wein-werte.com\/de\/#website"},"primaryImageOfPage":{"@id":"https:\/\/wein-werte.com\/de\/produkt\/alone-rose-atmo-750ml\/#primaryimage"},"image":{"@id":"https:\/\/wein-werte.com\/de\/produkt\/alone-rose-atmo-750ml\/#primaryimage"},"thumbnailUrl":"https:\/\/wein-werte.com\/wp-content\/uploads\/2026\/04\/Alone-Rose-ATMO-750ml.png","datePublished":"2026-05-08T17:56:09+00:00","description":"Kaufe Al\u00f4ne Ros\u00e9 \"ATMO\" (Grenache Cuv\u00e9e, trocken aus Provence, Frankreich) bei Wein Werte, Ihrem nachhaltigen Onlineshop.","breadcrumb":{"@id":"https:\/\/wein-werte.com\/de\/produkt\/alone-rose-atmo-750ml\/#breadcrumb"},"inLanguage":"de","potentialAction":[{"@type":"ReadAction","target":["https:\/\/wein-werte.com\/de\/produkt\/alone-rose-atmo-750ml\/"]}]},{"@type":"ImageObject","inLanguage":"de","@id":"https:\/\/wein-werte.com\/de\/produkt\/alone-rose-atmo-750ml\/#primaryimage","url":"https:\/\/wein-werte.com\/wp-content\/uploads\/2026\/04\/Alone-Rose-ATMO-750ml.png","contentUrl":"https:\/\/wein-werte.com\/wp-content\/uploads\/2026\/04\/Alone-Rose-ATMO-750ml.png","width":297,"height":1200,"caption":"Al\u00f4ne Ros\u00e9 \"ATMO\" NV 750ml"},{"@type":"BreadcrumbList","@id":"https:\/\/wein-werte.com\/de\/produkt\/alone-rose-atmo-750ml\/#breadcrumb","itemListElement":[{"@type":"ListItem","position":1,"name":"Home","item":"https:\/\/wein-werte.com\/de\/"},{"@type":"ListItem","position":2,"name":"Shop","item":"https:\/\/wein-werte.com\/de\/shop\/"},{"@type":"ListItem","position":3,"name":"Al\u00f4ne | Provence | Ros\u00e9 &#8220;ATMO&#8221; | NV | 750ml"}]},{"@type":"WebSite","@id":"https:\/\/wein-werte.com\/de\/#website","url":"https:\/\/wein-werte.com\/de\/","name":"Wein Werte","description":"","publisher":{"@id":"https:\/\/wein-werte.com\/de\/#organization"},"potentialAction":[{"@type":"SearchAction","target":{"@type":"EntryPoint","urlTemplate":"https:\/\/wein-werte.com\/de\/?s={search_term_string}"},"query-input":{"@type":"PropertyValueSpecification","valueRequired":true,"valueName":"search_term_string"}}],"inLanguage":"de"},{"@type":"Organization","@id":"https:\/\/wein-werte.com\/de\/#organization","name":"Vins Fins Thorrold","url":"https:\/\/wein-werte.com\/de\/","logo":{"@type":"ImageObject","inLanguage":"de","@id":"https:\/\/wein-werte.com\/de\/#\/schema\/logo\/image\/","url":"https:\/\/wein-werte.com\/wp-content\/uploads\/2023\/07\/Wein_werte_Logo700-1.png","contentUrl":"https:\/\/wein-werte.com\/wp-content\/uploads\/2023\/07\/Wein_werte_Logo700-1.png","width":700,"height":272,"caption":"Vins Fins Thorrold"},"image":{"@id":"https:\/\/wein-werte.com\/de\/#\/schema\/logo\/image\/"}}]}},"_links":{"self":[{"href":"https:\/\/wein-werte.com\/de\/wp-json\/wp\/v2\/product\/1127004","targetHints":{"allow":["GET"]}}],"collection":[{"href":"https:\/\/wein-werte.com\/de\/wp-json\/wp\/v2\/product"}],"about":[{"href":"https:\/\/wein-werte.com\/de\/wp-json\/wp\/v2\/types\/product"}],"wp:featuredmedia":[{"embeddable":true,"href":"https:\/\/wein-werte.com\/de\/wp-json\/wp\/v2\/media\/1139018"}],"wp:attachment":[{"href":"https:\/\/wein-werte.com\/de\/wp-json\/wp\/v2\/media?parent=1127004"}],"wp:term":[{"taxonomy":"product_brand","embeddable":true,"href":"https:\/\/wein-werte.com\/de\/wp-json\/wp\/v2\/product_brand?post=1127004"},{"taxonomy":"product_cat","embeddable":true,"href":"https:\/\/wein-werte.com\/de\/wp-json\/wp\/v2\/product_cat?post=1127004"},{"taxonomy":"product_tag","embeddable":true,"href":"https:\/\/wein-werte.com\/de\/wp-json\/wp\/v2\/product_tag?post=1127004"}],"curies":[{"name":"wp","href":"https:\/\/api.w.org\/{rel}","templated":true}]}}