{"id":1126974,"date":"2026-05-12T15:37:31","date_gmt":"2026-05-12T13:37:31","guid":{"rendered":"https:\/\/wein-werte.com\/product\/chateau-de-pibarnon-chateau-de-pibarnon-rose-2023-750ml\/"},"modified":"2026-05-12T19:52:59","modified_gmt":"2026-05-12T17:52:59","slug":"chateau-de-pibarnon-chateau-de-pibarnon-rose-2023-750ml","status":"publish","type":"product","link":"https:\/\/wein-werte.com\/de\/produkt\/chateau-de-pibarnon-chateau-de-pibarnon-rose-2023-750ml\/","title":{"rendered":"Ch\u00e2teau de Pibarnon | Provence | Ch\u00e2teau de Pibarnon Ros\u00e9 AOC | 2023 | 750ml | bio"},"content":{"rendered":"<p>Produktbeschreibung f\u00fcr Ch\u00e2teau de Pibarnon Ch\u00e2teau de Pibarnon Ros\u00e9 AOC 2023 (bio)<\/p>\n<p> Der Ros\u00e9 des Ch\u00e2teau de Pibarnon ist eine Cuv\u00e9e aus 65 % Mourv\u00e8dre und 35 % Cinsault. Die Reben hierf\u00fcr wachsen in einem zum Meer ge\u00f6ffneten Amphitheater auf gut 300 Metern H\u00f6he. Handgelesen sind die Ertr\u00e4ge f\u00fcr diesen Ausnahme-Ros\u00e9 mit rund 27 hl\/Hektar recht niedrig. Der Cinsault wird direkt gepresst, um fruchtig kraftvolle Noten zu erhalten, w\u00e4hrend der Mourv\u00e8dre entrappt und gepresst wird. Der Most verg\u00e4rt anschlie\u00dfend im Edelstahl und wird f\u00fcr sechs Monate im Holz ausgebaut. <\/p>\n<h5>Farbe<\/h5>\n<p> Kr\u00e4ftiges Ros\u00e9 mit orangenen Reflexen. <\/p>\n<h5>Nase<\/h5>\n<p> Die Nase des 2023 Bandol Ros\u00e9 von der Domaine de Pibarnon birst f\u00f6rmlich vor gelbem und rotem Steinobst: Wei\u00dfer Pfirsich und Nektarinen mischen sich mit kleinbl\u00e4ttrigem Basilikum und distinktiv herben Noten, die an Blutorange oder Pink Grapefruit Zesten erinnern. Dazu kommen zart mineralische sowie saline Noten, die an nassen Kieselstein erinnern. <\/p>\n<h5>Mund<\/h5>\n<p> Saftig und verf\u00fchrerisch im Antrunk macht dieser Bandol keine Gefangenen: Die satte Frucht der Nase spiegelt sich 1:1 am Gaumen wider und wird von herben Noten nach Zitrusschalen und dem wei\u00dfen Mesokarp konturiert. Mit cremiger Textur und viskoser Haptik ist er vielmehr ein seri\u00f6ser Wein als ein saisonales Erfrischungsgetr\u00e4nk. Freudvoll fruchtbetont mit salinem R\u00fcckgrat und pulsierender Mineralik flie\u00dft er ins mediterrane Finale.<\/p>\n<p>Copyright Vinaturel 2025<\/p>\n<p>Keywords: <a href=\"https:\/\/wein-werte.com\/de\/shop\/?swoof=1&#038;pa_producer=Ch\u00e2teau-de-Pibarnon\">Ch\u00e2teau de Pibarnon<\/a> <a href=\"https:\/\/wein-werte.com\/de\/shop\/?swoof=1&#038;woof_text=Ch\u00e2teau de Pibarnon Ros\u00e9 AOC\">Ch\u00e2teau de Pibarnon Ros\u00e9 AOC<\/a> 2023 bio <a href=\"https:\/\/wein-werte.com\/de\/shop\/?swoof=1&#038;pa_region=Provence\">Provence<\/a> <a href=\"https:\/\/wein-werte.com\/de\/shop\/?swoof=1&#038;pa_country=Frankreich\">Frankreich<\/a><\/p>\n<h3>Wine Advocate<\/h3>\n<p>Punkte: 92+<\/p>\n<p>Der Bandol Ros\u00e9 2023 von Ch\u00e2teau de Pibarnon, eine Cuv\u00e9e aus 65 % Mourv\u00e8dre und 35 % Cinsault, bietet ein delikates, komplexes Bouquet aus Gew\u00fcrzen, Lakritz, roten Beeren, Zitrone, Fr\u00fchlingsblumen und Kr\u00e4utern. Mittelkr\u00e4ftig, umh\u00fcllend und sch\u00f6n strukturiert, ist er rund und saftig mit einem zarten, lebendigen Fruchtkern und einem mineralischen, kalkhaltigen Abgang. Ein klassischer Ros\u00e9wein aus Bandol.<br \/>Yohan Castaing<\/p>\n<h3>Vinous<\/h3>\n<p>Punkte: 93<\/p>\n<p>Der Bandol Ros\u00e9 2023 ist ein kraftvoller, edler Ros\u00e9, der die sprichw\u00f6rtliche \u201eeiserne Faust im Samthandschuh\u201c verk\u00f6rpert. Tief und reichhaltig, l\u00e4sst sich der 2023er im Glas Zeit und entfaltet nach und nach Aromen von wachsartigen Kirschen, mediterranen Kr\u00e4utern, Himbeerlik\u00f6r, Sous Bois, zersto\u00dfenen Austernschalen und getrockneten Aprikosen. Er besticht durch einen beeindruckenden phenolischen Kern und eine enorme Komplexit\u00e4t, ganz zu schweigen von einem langen, langen Abgang. Ein sehr seri\u00f6ser Wein mit Potenzial f\u00fcr die Weiterentwicklung im Keller. \u2013 Billy Norris<br \/>Trinkfenster: 2025\u20132029<br \/>Testdatum: Mai 2025<\/p>\n<p>Internetseite des Weinguts: <a href=\"https:\/\/www.pibarnon.com\/en\/\" target=\"_blank\">https:\/\/www.pibarnon.com\/en\/<\/a><\/p>\n","protected":false},"excerpt":{"rendered":"<div style=\"font-size: 14px;\">\n<p>Lieferzeit: 1 bis 2 Arbeitstage (DE), 2 bis 5 Arbeitstage (EU und CH)<\/p>\n<p>Ungef\u00e4hrer Energiegehalt pro 125-ml-Glas: 110 kcal<\/p>\n<\/p><\/div>\n","protected":false},"featured_media":1138996,"template":"","meta":[],"product_brand":[],"product_cat":[19],"product_tag":[],"class_list":{"0":"post-1126974","1":"product","2":"type-product","3":"status-publish","4":"has-post-thumbnail","6":"product_cat-unkategorisiert","7":"pa_alcohol-for-filter-13-5","8":"pa_certified-biodynamic-nein-de","9":"pa_certified-organic-ja-de","10":"pa_colour-rose-de","11":"pa_country-frankreich","12":"pa_grape-mourvedre-cuvee","13":"pa_parker-points-for-filter-92-de","14":"pa_price-for-filter-10624","15":"pa_producer-chateau-de-pibarnon","16":"pa_region-provence","17":"pa_size-ml-6584","18":"pa_sweetness-trocken-de","19":"pa_type-2-still-de","20":"pa_vinous-points-for-filter-20031","21":"pa_vintage-2023-de","22":"entry","23":"has-media","25":"first","26":"instock","27":"taxable","28":"shipping-taxable","29":"purchasable","30":"product-type-simple"},"yoast_head":"<!-- This site is optimized with the Yoast SEO plugin v27.6 - https:\/\/yoast.com\/product\/yoast-seo-wordpress\/ -->\n<title>Ch\u00e2teau de Pibarnon Ch\u00e2teau de Pibarnon Ros\u00e9 2023<\/title>\n<meta name=\"description\" content=\"Kaufe Ch\u00e2teau de Pibarnon Ch\u00e2teau de Pibarnon Ros\u00e9 2023 (Mourv\u00e8dre Cuv\u00e9e, trocken aus Provence, Frankreich) bei Wein Werte, Ihrem nachhaltigen Onlineshop.\" \/>\n<meta name=\"robots\" content=\"index, follow, max-snippet:-1, max-image-preview:large, max-video-preview:-1\" \/>\n<link rel=\"canonical\" href=\"https:\/\/wein-werte.com\/de\/produkt\/chateau-de-pibarnon-chateau-de-pibarnon-rose-2023-750ml\/\" \/>\n<meta property=\"og:locale\" content=\"de_DE\" \/>\n<meta property=\"og:type\" content=\"article\" \/>\n<meta property=\"og:title\" content=\"Ch\u00e2teau de Pibarnon Ch\u00e2teau de Pibarnon Ros\u00e9 2023\" \/>\n<meta property=\"og:description\" content=\"Kaufe Ch\u00e2teau de Pibarnon Ch\u00e2teau de Pibarnon Ros\u00e9 2023 (Mourv\u00e8dre Cuv\u00e9e, trocken aus Provence, Frankreich) bei Wein Werte, Ihrem nachhaltigen Onlineshop.\" \/>\n<meta property=\"og:url\" content=\"https:\/\/wein-werte.com\/de\/produkt\/chateau-de-pibarnon-chateau-de-pibarnon-rose-2023-750ml\/\" \/>\n<meta property=\"og:site_name\" content=\"Wein Werte\" \/>\n<meta property=\"article:modified_time\" content=\"2026-05-12T17:52:59+00:00\" \/>\n<meta property=\"og:image\" content=\"https:\/\/wein-werte.com\/wp-content\/uploads\/2026\/04\/Chateau-de-Pibarnon-Chateau-de-Pibarnon-Rose-2023-750ml.png\" \/>\n\t<meta property=\"og:image:width\" content=\"299\" \/>\n\t<meta property=\"og:image:height\" content=\"1200\" \/>\n\t<meta property=\"og:image:type\" content=\"image\/png\" \/>\n<meta name=\"twitter:card\" content=\"summary_large_image\" \/>\n<meta name=\"twitter:label1\" content=\"Gesch\u00e4tzte Lesezeit\" \/>\n\t<meta name=\"twitter:data1\" content=\"2\u00a0Minuten\" \/>\n<script type=\"application\/ld+json\" class=\"yoast-schema-graph\">{\"@context\":\"https:\\\/\\\/schema.org\",\"@graph\":[{\"@type\":\"WebPage\",\"@id\":\"https:\\\/\\\/wein-werte.com\\\/de\\\/produkt\\\/chateau-de-pibarnon-chateau-de-pibarnon-rose-2023-750ml\\\/\",\"url\":\"https:\\\/\\\/wein-werte.com\\\/de\\\/produkt\\\/chateau-de-pibarnon-chateau-de-pibarnon-rose-2023-750ml\\\/\",\"name\":\"Ch\u00e2teau de Pibarnon Ch\u00e2teau de Pibarnon Ros\u00e9 2023\",\"isPartOf\":{\"@id\":\"https:\\\/\\\/wein-werte.com\\\/de\\\/#website\"},\"primaryImageOfPage\":{\"@id\":\"https:\\\/\\\/wein-werte.com\\\/de\\\/produkt\\\/chateau-de-pibarnon-chateau-de-pibarnon-rose-2023-750ml\\\/#primaryimage\"},\"image\":{\"@id\":\"https:\\\/\\\/wein-werte.com\\\/de\\\/produkt\\\/chateau-de-pibarnon-chateau-de-pibarnon-rose-2023-750ml\\\/#primaryimage\"},\"thumbnailUrl\":\"https:\\\/\\\/wein-werte.com\\\/wp-content\\\/uploads\\\/2026\\\/04\\\/Chateau-de-Pibarnon-Chateau-de-Pibarnon-Rose-2023-750ml.png\",\"datePublished\":\"2026-05-12T13:37:31+00:00\",\"dateModified\":\"2026-05-12T17:52:59+00:00\",\"description\":\"Kaufe Ch\u00e2teau de Pibarnon Ch\u00e2teau de Pibarnon Ros\u00e9 2023 (Mourv\u00e8dre Cuv\u00e9e, trocken aus Provence, Frankreich) bei Wein Werte, Ihrem nachhaltigen Onlineshop.\",\"breadcrumb\":{\"@id\":\"https:\\\/\\\/wein-werte.com\\\/de\\\/produkt\\\/chateau-de-pibarnon-chateau-de-pibarnon-rose-2023-750ml\\\/#breadcrumb\"},\"inLanguage\":\"de\",\"potentialAction\":[{\"@type\":\"ReadAction\",\"target\":[\"https:\\\/\\\/wein-werte.com\\\/de\\\/produkt\\\/chateau-de-pibarnon-chateau-de-pibarnon-rose-2023-750ml\\\/\"]}]},{\"@type\":\"ImageObject\",\"inLanguage\":\"de\",\"@id\":\"https:\\\/\\\/wein-werte.com\\\/de\\\/produkt\\\/chateau-de-pibarnon-chateau-de-pibarnon-rose-2023-750ml\\\/#primaryimage\",\"url\":\"https:\\\/\\\/wein-werte.com\\\/wp-content\\\/uploads\\\/2026\\\/04\\\/Chateau-de-Pibarnon-Chateau-de-Pibarnon-Rose-2023-750ml.png\",\"contentUrl\":\"https:\\\/\\\/wein-werte.com\\\/wp-content\\\/uploads\\\/2026\\\/04\\\/Chateau-de-Pibarnon-Chateau-de-Pibarnon-Rose-2023-750ml.png\",\"width\":299,\"height\":1200,\"caption\":\"Ch\u00e2teau de Pibarnon Ch\u00e2teau de Pibarnon Ros\u00e9 AOC 2023 750ml\"},{\"@type\":\"BreadcrumbList\",\"@id\":\"https:\\\/\\\/wein-werte.com\\\/de\\\/produkt\\\/chateau-de-pibarnon-chateau-de-pibarnon-rose-2023-750ml\\\/#breadcrumb\",\"itemListElement\":[{\"@type\":\"ListItem\",\"position\":1,\"name\":\"Home\",\"item\":\"https:\\\/\\\/wein-werte.com\\\/de\\\/\"},{\"@type\":\"ListItem\",\"position\":2,\"name\":\"Shop\",\"item\":\"https:\\\/\\\/wein-werte.com\\\/de\\\/shop\\\/\"},{\"@type\":\"ListItem\",\"position\":3,\"name\":\"Ch\u00e2teau de Pibarnon | Provence | Ch\u00e2teau de Pibarnon Ros\u00e9 AOC | 2023 | 750ml | bio\"}]},{\"@type\":\"WebSite\",\"@id\":\"https:\\\/\\\/wein-werte.com\\\/de\\\/#website\",\"url\":\"https:\\\/\\\/wein-werte.com\\\/de\\\/\",\"name\":\"Wein Werte\",\"description\":\"\",\"publisher\":{\"@id\":\"https:\\\/\\\/wein-werte.com\\\/de\\\/#organization\"},\"potentialAction\":[{\"@type\":\"SearchAction\",\"target\":{\"@type\":\"EntryPoint\",\"urlTemplate\":\"https:\\\/\\\/wein-werte.com\\\/de\\\/?s={search_term_string}\"},\"query-input\":{\"@type\":\"PropertyValueSpecification\",\"valueRequired\":true,\"valueName\":\"search_term_string\"}}],\"inLanguage\":\"de\"},{\"@type\":\"Organization\",\"@id\":\"https:\\\/\\\/wein-werte.com\\\/de\\\/#organization\",\"name\":\"Vins Fins Thorrold\",\"url\":\"https:\\\/\\\/wein-werte.com\\\/de\\\/\",\"logo\":{\"@type\":\"ImageObject\",\"inLanguage\":\"de\",\"@id\":\"https:\\\/\\\/wein-werte.com\\\/de\\\/#\\\/schema\\\/logo\\\/image\\\/\",\"url\":\"https:\\\/\\\/wein-werte.com\\\/wp-content\\\/uploads\\\/2023\\\/07\\\/Wein_werte_Logo700-1.png\",\"contentUrl\":\"https:\\\/\\\/wein-werte.com\\\/wp-content\\\/uploads\\\/2023\\\/07\\\/Wein_werte_Logo700-1.png\",\"width\":700,\"height\":272,\"caption\":\"Vins Fins Thorrold\"},\"image\":{\"@id\":\"https:\\\/\\\/wein-werte.com\\\/de\\\/#\\\/schema\\\/logo\\\/image\\\/\"}}]}<\/script>\n<!-- \/ Yoast SEO plugin. -->","yoast_head_json":{"title":"Ch\u00e2teau de Pibarnon Ch\u00e2teau de Pibarnon Ros\u00e9 2023","description":"Kaufe Ch\u00e2teau de Pibarnon Ch\u00e2teau de Pibarnon Ros\u00e9 2023 (Mourv\u00e8dre Cuv\u00e9e, trocken aus Provence, Frankreich) bei Wein Werte, Ihrem nachhaltigen Onlineshop.","robots":{"index":"index","follow":"follow","max-snippet":"max-snippet:-1","max-image-preview":"max-image-preview:large","max-video-preview":"max-video-preview:-1"},"canonical":"https:\/\/wein-werte.com\/de\/produkt\/chateau-de-pibarnon-chateau-de-pibarnon-rose-2023-750ml\/","og_locale":"de_DE","og_type":"article","og_title":"Ch\u00e2teau de Pibarnon Ch\u00e2teau de Pibarnon Ros\u00e9 2023","og_description":"Kaufe Ch\u00e2teau de Pibarnon Ch\u00e2teau de Pibarnon Ros\u00e9 2023 (Mourv\u00e8dre Cuv\u00e9e, trocken aus Provence, Frankreich) bei Wein Werte, Ihrem nachhaltigen Onlineshop.","og_url":"https:\/\/wein-werte.com\/de\/produkt\/chateau-de-pibarnon-chateau-de-pibarnon-rose-2023-750ml\/","og_site_name":"Wein Werte","article_modified_time":"2026-05-12T17:52:59+00:00","og_image":[{"width":299,"height":1200,"url":"https:\/\/wein-werte.com\/wp-content\/uploads\/2026\/04\/Chateau-de-Pibarnon-Chateau-de-Pibarnon-Rose-2023-750ml.png","type":"image\/png"}],"twitter_card":"summary_large_image","twitter_misc":{"Gesch\u00e4tzte Lesezeit":"2\u00a0Minuten"},"schema":{"@context":"https:\/\/schema.org","@graph":[{"@type":"WebPage","@id":"https:\/\/wein-werte.com\/de\/produkt\/chateau-de-pibarnon-chateau-de-pibarnon-rose-2023-750ml\/","url":"https:\/\/wein-werte.com\/de\/produkt\/chateau-de-pibarnon-chateau-de-pibarnon-rose-2023-750ml\/","name":"Ch\u00e2teau de Pibarnon Ch\u00e2teau de Pibarnon Ros\u00e9 2023","isPartOf":{"@id":"https:\/\/wein-werte.com\/de\/#website"},"primaryImageOfPage":{"@id":"https:\/\/wein-werte.com\/de\/produkt\/chateau-de-pibarnon-chateau-de-pibarnon-rose-2023-750ml\/#primaryimage"},"image":{"@id":"https:\/\/wein-werte.com\/de\/produkt\/chateau-de-pibarnon-chateau-de-pibarnon-rose-2023-750ml\/#primaryimage"},"thumbnailUrl":"https:\/\/wein-werte.com\/wp-content\/uploads\/2026\/04\/Chateau-de-Pibarnon-Chateau-de-Pibarnon-Rose-2023-750ml.png","datePublished":"2026-05-12T13:37:31+00:00","dateModified":"2026-05-12T17:52:59+00:00","description":"Kaufe Ch\u00e2teau de Pibarnon Ch\u00e2teau de Pibarnon Ros\u00e9 2023 (Mourv\u00e8dre Cuv\u00e9e, trocken aus Provence, Frankreich) bei Wein Werte, Ihrem nachhaltigen Onlineshop.","breadcrumb":{"@id":"https:\/\/wein-werte.com\/de\/produkt\/chateau-de-pibarnon-chateau-de-pibarnon-rose-2023-750ml\/#breadcrumb"},"inLanguage":"de","potentialAction":[{"@type":"ReadAction","target":["https:\/\/wein-werte.com\/de\/produkt\/chateau-de-pibarnon-chateau-de-pibarnon-rose-2023-750ml\/"]}]},{"@type":"ImageObject","inLanguage":"de","@id":"https:\/\/wein-werte.com\/de\/produkt\/chateau-de-pibarnon-chateau-de-pibarnon-rose-2023-750ml\/#primaryimage","url":"https:\/\/wein-werte.com\/wp-content\/uploads\/2026\/04\/Chateau-de-Pibarnon-Chateau-de-Pibarnon-Rose-2023-750ml.png","contentUrl":"https:\/\/wein-werte.com\/wp-content\/uploads\/2026\/04\/Chateau-de-Pibarnon-Chateau-de-Pibarnon-Rose-2023-750ml.png","width":299,"height":1200,"caption":"Ch\u00e2teau de Pibarnon Ch\u00e2teau de Pibarnon Ros\u00e9 AOC 2023 750ml"},{"@type":"BreadcrumbList","@id":"https:\/\/wein-werte.com\/de\/produkt\/chateau-de-pibarnon-chateau-de-pibarnon-rose-2023-750ml\/#breadcrumb","itemListElement":[{"@type":"ListItem","position":1,"name":"Home","item":"https:\/\/wein-werte.com\/de\/"},{"@type":"ListItem","position":2,"name":"Shop","item":"https:\/\/wein-werte.com\/de\/shop\/"},{"@type":"ListItem","position":3,"name":"Ch\u00e2teau de Pibarnon | Provence | Ch\u00e2teau de Pibarnon Ros\u00e9 AOC | 2023 | 750ml | bio"}]},{"@type":"WebSite","@id":"https:\/\/wein-werte.com\/de\/#website","url":"https:\/\/wein-werte.com\/de\/","name":"Wein Werte","description":"","publisher":{"@id":"https:\/\/wein-werte.com\/de\/#organization"},"potentialAction":[{"@type":"SearchAction","target":{"@type":"EntryPoint","urlTemplate":"https:\/\/wein-werte.com\/de\/?s={search_term_string}"},"query-input":{"@type":"PropertyValueSpecification","valueRequired":true,"valueName":"search_term_string"}}],"inLanguage":"de"},{"@type":"Organization","@id":"https:\/\/wein-werte.com\/de\/#organization","name":"Vins Fins Thorrold","url":"https:\/\/wein-werte.com\/de\/","logo":{"@type":"ImageObject","inLanguage":"de","@id":"https:\/\/wein-werte.com\/de\/#\/schema\/logo\/image\/","url":"https:\/\/wein-werte.com\/wp-content\/uploads\/2023\/07\/Wein_werte_Logo700-1.png","contentUrl":"https:\/\/wein-werte.com\/wp-content\/uploads\/2023\/07\/Wein_werte_Logo700-1.png","width":700,"height":272,"caption":"Vins Fins Thorrold"},"image":{"@id":"https:\/\/wein-werte.com\/de\/#\/schema\/logo\/image\/"}}]}},"_links":{"self":[{"href":"https:\/\/wein-werte.com\/de\/wp-json\/wp\/v2\/product\/1126974","targetHints":{"allow":["GET"]}}],"collection":[{"href":"https:\/\/wein-werte.com\/de\/wp-json\/wp\/v2\/product"}],"about":[{"href":"https:\/\/wein-werte.com\/de\/wp-json\/wp\/v2\/types\/product"}],"wp:featuredmedia":[{"embeddable":true,"href":"https:\/\/wein-werte.com\/de\/wp-json\/wp\/v2\/media\/1138996"}],"wp:attachment":[{"href":"https:\/\/wein-werte.com\/de\/wp-json\/wp\/v2\/media?parent=1126974"}],"wp:term":[{"taxonomy":"product_brand","embeddable":true,"href":"https:\/\/wein-werte.com\/de\/wp-json\/wp\/v2\/product_brand?post=1126974"},{"taxonomy":"product_cat","embeddable":true,"href":"https:\/\/wein-werte.com\/de\/wp-json\/wp\/v2\/product_cat?post=1126974"},{"taxonomy":"product_tag","embeddable":true,"href":"https:\/\/wein-werte.com\/de\/wp-json\/wp\/v2\/product_tag?post=1126974"}],"curies":[{"name":"wp","href":"https:\/\/api.w.org\/{rel}","templated":true}]}}