{"id":1126945,"date":"2026-05-12T15:37:29","date_gmt":"2026-05-12T13:37:29","guid":{"rendered":"https:\/\/wein-werte.com\/product\/chateau-de-pibarnon-chateau-de-pibarnon-rouge-2019-750ml\/"},"modified":"2026-05-12T19:52:58","modified_gmt":"2026-05-12T17:52:58","slug":"chateau-de-pibarnon-chateau-de-pibarnon-rouge-2019-750ml","status":"publish","type":"product","link":"https:\/\/wein-werte.com\/de\/produkt\/chateau-de-pibarnon-chateau-de-pibarnon-rouge-2019-750ml\/","title":{"rendered":"Ch\u00e2teau de Pibarnon | Provence | Ch\u00e2teau de Pibarnon Rouge AOC | 2019 | 750ml | bio"},"content":{"rendered":"<p>Produktbeschreibung f\u00fcr Ch\u00e2teau de Pibarnon Ch\u00e2teau de Pibarnon Rouge AOC 2019 (bio)<\/p>\n<p> Die Provence ist wei\u00df Gott nicht arm an traumhaft sch\u00f6nen Orten. Doch wer je das Ch\u00e2teau Pibarnon in der Appellation Bandol besucht hat, wei\u00df um das Magische dieses Weinguts und seiner in Terrassen angelegten Weinberge, von denen aus man das nahe Mittelmeer sieht. Seit 1989 hat Eric de Saint Victor die Leitung des Gutes von seinem Vater \u00fcbernommen und es zu einem der besten der Provence ausgebaut. Der Diplombiologe f\u00fchrt das Weingut biologisch mit biodynamischen Ans\u00e4tzen. F\u00fcnf Weine entstehen in den alten Kellergew\u00f6lben, ein rarer Bandol Blanc und jene Weine, f\u00fcr die Appellation weltbekannt ist: Bandol Rouge und Bandol Ros\u00e9, jeweils als Vin de Garde zu 100 % aus Mourv\u00e8dre vinifiziert, sowie Cuv\u00e9es, die sich deutlich fr\u00fcher \u00f6ffnen. <\/p>\n<h5>Information zum Wein<\/h5>\n<p> Der 2019er Pibarnon Bandol Rouge\u00a0ist eine Cuv\u00e9e aus 90 % Mourv\u00e8dre und 10 % Grenache. Die Reben stehen in einem zum Meer hin ausgerichteten \u201eAmphitheater\u201c auf Ton, Kalk und Kreide aus dem Trias. F\u00fcr diesen\u00a0Vin de Garde\u00a0werden nur die besten und \u00e4ltesten Reben auf mittlerer H\u00f6he von 250 Metern genutzt. Die Fermentation dauert rund drei Wochen. Danach werden die Weine Parzelle f\u00fcr Parzelle in darauf abgestimmten Barriques, Tonneaux und Fudern unterschiedlicher Provenienz \u00fcber 20 Monate hinweg ausgebaut. <\/p>\n<h5>Farbe<\/h5>\n<p> Tiefes, gedecktes Violettrot farbdicht bis zum Rand. <\/p>\n<h5>Nase<\/h5>\n<p> Der 2019er Ch\u00e2teau de Pibarnon Rouge ist ein Rotwein, der zum Eintauchen verleitet, die pralle Frucht von s\u00fc\u00dfem Brombeeren, schwarzen Kirschen, schwarzen Johannisbeeren, Holunderbeere und s\u00fc\u00dfen Waldhimbeeren paart sich gekonnt mit Baumrinde, S\u00fc\u00dfholz, Leder, Kakao und ger\u00f6steten Kr\u00e4utern, wie Rosmarin , Thymian und Wacholder. <\/p>\n<h5>Gaumen<\/h5>\n<p> Charmant und ausladend l\u00e4uft er \u00fcber die Zunge , s\u00fc\u00dfe Cassis Noten paaren sich mit betontem Gerbstoff und anregender S\u00e4ure. Ein wahrlich beeindruckender Rotwein, der durch seine urspr\u00fcngliche und animalische Anmutung perfekt zu intensiver K\u00fcche und vor allem Wild harmoniert.<\/p>\n<p>Copyright Vinaturel 2025<\/p>\n<p>Keywords: <a href=\"https:\/\/wein-werte.com\/de\/shop\/?swoof=1&#038;pa_producer=Ch\u00e2teau-de-Pibarnon\">Ch\u00e2teau de Pibarnon<\/a> <a href=\"https:\/\/wein-werte.com\/de\/shop\/?swoof=1&#038;woof_text=Ch\u00e2teau de Pibarnon Rouge AOC\">Ch\u00e2teau de Pibarnon Rouge AOC<\/a> 2019 bio <a href=\"https:\/\/wein-werte.com\/de\/shop\/?swoof=1&#038;pa_region=Provence\">Provence<\/a> <a href=\"https:\/\/wein-werte.com\/de\/shop\/?swoof=1&#038;pa_country=Frankreich\">Frankreich<\/a><\/p>\n<p>Internetseite des Weinguts: <a href=\"https:\/\/www.pibarnon.com\/en\/\" target=\"_blank\">https:\/\/www.pibarnon.com\/en\/<\/a><\/p>\n","protected":false},"excerpt":{"rendered":"<div style=\"font-size: 14px;\">\n<p>Lieferzeit: 1 bis 2 Arbeitstage (DE), 2 bis 5 Arbeitstage (EU und CH)<\/p>\n<p>Ungef\u00e4hrer Energiegehalt pro 125-ml-Glas: 115 kcal<\/p>\n<\/p><\/div>\n","protected":false},"featured_media":1138974,"template":"","meta":[],"product_brand":[],"product_cat":[19],"product_tag":[],"class_list":{"0":"post-1126945","1":"product","2":"type-product","3":"status-publish","4":"has-post-thumbnail","6":"product_cat-unkategorisiert","7":"pa_alcohol-for-filter-14-5","8":"pa_certified-biodynamic-nein-de","9":"pa_certified-organic-ja-de","10":"pa_colour-rot","11":"pa_country-frankreich","12":"pa_grape-mourvedre-cuvee","13":"pa_price-for-filter-10578","14":"pa_producer-chateau-de-pibarnon","15":"pa_region-provence","16":"pa_size-ml-6584","17":"pa_sweetness-trocken-de","18":"pa_type-2-still-de","19":"pa_vintage-2019-de","20":"entry","21":"has-media","23":"first","24":"instock","25":"taxable","26":"shipping-taxable","27":"purchasable","28":"product-type-simple"},"yoast_head":"<!-- This site is optimized with the Yoast SEO plugin v27.6 - https:\/\/yoast.com\/product\/yoast-seo-wordpress\/ -->\n<title>Ch\u00e2teau de Pibarnon Ch\u00e2teau de Pibarnon rouge 2019<\/title>\n<meta name=\"description\" content=\"Kaufe Ch\u00e2teau de Pibarnon Ch\u00e2teau de Pibarnon rouge 2019 (Mourv\u00e8dre Cuv\u00e9e, trocken aus Provence, Frankreich) bei Wein Werte, Ihrem nachhaltigen Onlineshop.\" \/>\n<meta name=\"robots\" content=\"index, follow, max-snippet:-1, max-image-preview:large, max-video-preview:-1\" \/>\n<link rel=\"canonical\" href=\"https:\/\/wein-werte.com\/de\/produkt\/chateau-de-pibarnon-chateau-de-pibarnon-rouge-2019-750ml\/\" \/>\n<meta property=\"og:locale\" content=\"de_DE\" \/>\n<meta property=\"og:type\" content=\"article\" \/>\n<meta property=\"og:title\" content=\"Ch\u00e2teau de Pibarnon Ch\u00e2teau de Pibarnon rouge 2019\" \/>\n<meta property=\"og:description\" content=\"Kaufe Ch\u00e2teau de Pibarnon Ch\u00e2teau de Pibarnon rouge 2019 (Mourv\u00e8dre Cuv\u00e9e, trocken aus Provence, Frankreich) bei Wein Werte, Ihrem nachhaltigen Onlineshop.\" \/>\n<meta property=\"og:url\" content=\"https:\/\/wein-werte.com\/de\/produkt\/chateau-de-pibarnon-chateau-de-pibarnon-rouge-2019-750ml\/\" \/>\n<meta property=\"og:site_name\" content=\"Wein Werte\" \/>\n<meta property=\"article:modified_time\" content=\"2026-05-12T17:52:58+00:00\" \/>\n<meta property=\"og:image\" content=\"https:\/\/wein-werte.com\/wp-content\/uploads\/2026\/04\/Chateau-de-Pibarnon-Chateau-de-Pibarnon-rouge-2019-750ml.png\" \/>\n\t<meta property=\"og:image:width\" content=\"295\" \/>\n\t<meta property=\"og:image:height\" content=\"1158\" \/>\n\t<meta property=\"og:image:type\" content=\"image\/png\" \/>\n<meta name=\"twitter:card\" content=\"summary_large_image\" \/>\n<meta name=\"twitter:label1\" content=\"Gesch\u00e4tzte Lesezeit\" \/>\n\t<meta name=\"twitter:data1\" content=\"2\u00a0Minuten\" \/>\n<script type=\"application\/ld+json\" class=\"yoast-schema-graph\">{\"@context\":\"https:\\\/\\\/schema.org\",\"@graph\":[{\"@type\":\"WebPage\",\"@id\":\"https:\\\/\\\/wein-werte.com\\\/de\\\/produkt\\\/chateau-de-pibarnon-chateau-de-pibarnon-rouge-2019-750ml\\\/\",\"url\":\"https:\\\/\\\/wein-werte.com\\\/de\\\/produkt\\\/chateau-de-pibarnon-chateau-de-pibarnon-rouge-2019-750ml\\\/\",\"name\":\"Ch\u00e2teau de Pibarnon Ch\u00e2teau de Pibarnon rouge 2019\",\"isPartOf\":{\"@id\":\"https:\\\/\\\/wein-werte.com\\\/de\\\/#website\"},\"primaryImageOfPage\":{\"@id\":\"https:\\\/\\\/wein-werte.com\\\/de\\\/produkt\\\/chateau-de-pibarnon-chateau-de-pibarnon-rouge-2019-750ml\\\/#primaryimage\"},\"image\":{\"@id\":\"https:\\\/\\\/wein-werte.com\\\/de\\\/produkt\\\/chateau-de-pibarnon-chateau-de-pibarnon-rouge-2019-750ml\\\/#primaryimage\"},\"thumbnailUrl\":\"https:\\\/\\\/wein-werte.com\\\/wp-content\\\/uploads\\\/2026\\\/04\\\/Chateau-de-Pibarnon-Chateau-de-Pibarnon-rouge-2019-750ml.png\",\"datePublished\":\"2026-05-12T13:37:29+00:00\",\"dateModified\":\"2026-05-12T17:52:58+00:00\",\"description\":\"Kaufe Ch\u00e2teau de Pibarnon Ch\u00e2teau de Pibarnon rouge 2019 (Mourv\u00e8dre Cuv\u00e9e, trocken aus Provence, Frankreich) bei Wein Werte, Ihrem nachhaltigen Onlineshop.\",\"breadcrumb\":{\"@id\":\"https:\\\/\\\/wein-werte.com\\\/de\\\/produkt\\\/chateau-de-pibarnon-chateau-de-pibarnon-rouge-2019-750ml\\\/#breadcrumb\"},\"inLanguage\":\"de\",\"potentialAction\":[{\"@type\":\"ReadAction\",\"target\":[\"https:\\\/\\\/wein-werte.com\\\/de\\\/produkt\\\/chateau-de-pibarnon-chateau-de-pibarnon-rouge-2019-750ml\\\/\"]}]},{\"@type\":\"ImageObject\",\"inLanguage\":\"de\",\"@id\":\"https:\\\/\\\/wein-werte.com\\\/de\\\/produkt\\\/chateau-de-pibarnon-chateau-de-pibarnon-rouge-2019-750ml\\\/#primaryimage\",\"url\":\"https:\\\/\\\/wein-werte.com\\\/wp-content\\\/uploads\\\/2026\\\/04\\\/Chateau-de-Pibarnon-Chateau-de-Pibarnon-rouge-2019-750ml.png\",\"contentUrl\":\"https:\\\/\\\/wein-werte.com\\\/wp-content\\\/uploads\\\/2026\\\/04\\\/Chateau-de-Pibarnon-Chateau-de-Pibarnon-rouge-2019-750ml.png\",\"width\":295,\"height\":1158,\"caption\":\"Ch\u00e2teau de Pibarnon Ch\u00e2teau de Pibarnon Rouge AOC 2019 750ml\"},{\"@type\":\"BreadcrumbList\",\"@id\":\"https:\\\/\\\/wein-werte.com\\\/de\\\/produkt\\\/chateau-de-pibarnon-chateau-de-pibarnon-rouge-2019-750ml\\\/#breadcrumb\",\"itemListElement\":[{\"@type\":\"ListItem\",\"position\":1,\"name\":\"Home\",\"item\":\"https:\\\/\\\/wein-werte.com\\\/de\\\/\"},{\"@type\":\"ListItem\",\"position\":2,\"name\":\"Shop\",\"item\":\"https:\\\/\\\/wein-werte.com\\\/de\\\/shop\\\/\"},{\"@type\":\"ListItem\",\"position\":3,\"name\":\"Ch\u00e2teau de Pibarnon | Provence | Ch\u00e2teau de Pibarnon Rouge AOC | 2019 | 750ml | bio\"}]},{\"@type\":\"WebSite\",\"@id\":\"https:\\\/\\\/wein-werte.com\\\/de\\\/#website\",\"url\":\"https:\\\/\\\/wein-werte.com\\\/de\\\/\",\"name\":\"Wein Werte\",\"description\":\"\",\"publisher\":{\"@id\":\"https:\\\/\\\/wein-werte.com\\\/de\\\/#organization\"},\"potentialAction\":[{\"@type\":\"SearchAction\",\"target\":{\"@type\":\"EntryPoint\",\"urlTemplate\":\"https:\\\/\\\/wein-werte.com\\\/de\\\/?s={search_term_string}\"},\"query-input\":{\"@type\":\"PropertyValueSpecification\",\"valueRequired\":true,\"valueName\":\"search_term_string\"}}],\"inLanguage\":\"de\"},{\"@type\":\"Organization\",\"@id\":\"https:\\\/\\\/wein-werte.com\\\/de\\\/#organization\",\"name\":\"Vins Fins Thorrold\",\"url\":\"https:\\\/\\\/wein-werte.com\\\/de\\\/\",\"logo\":{\"@type\":\"ImageObject\",\"inLanguage\":\"de\",\"@id\":\"https:\\\/\\\/wein-werte.com\\\/de\\\/#\\\/schema\\\/logo\\\/image\\\/\",\"url\":\"https:\\\/\\\/wein-werte.com\\\/wp-content\\\/uploads\\\/2023\\\/07\\\/Wein_werte_Logo700-1.png\",\"contentUrl\":\"https:\\\/\\\/wein-werte.com\\\/wp-content\\\/uploads\\\/2023\\\/07\\\/Wein_werte_Logo700-1.png\",\"width\":700,\"height\":272,\"caption\":\"Vins Fins Thorrold\"},\"image\":{\"@id\":\"https:\\\/\\\/wein-werte.com\\\/de\\\/#\\\/schema\\\/logo\\\/image\\\/\"}}]}<\/script>\n<!-- \/ Yoast SEO plugin. -->","yoast_head_json":{"title":"Ch\u00e2teau de Pibarnon Ch\u00e2teau de Pibarnon rouge 2019","description":"Kaufe Ch\u00e2teau de Pibarnon Ch\u00e2teau de Pibarnon rouge 2019 (Mourv\u00e8dre Cuv\u00e9e, trocken aus Provence, Frankreich) bei Wein Werte, Ihrem nachhaltigen Onlineshop.","robots":{"index":"index","follow":"follow","max-snippet":"max-snippet:-1","max-image-preview":"max-image-preview:large","max-video-preview":"max-video-preview:-1"},"canonical":"https:\/\/wein-werte.com\/de\/produkt\/chateau-de-pibarnon-chateau-de-pibarnon-rouge-2019-750ml\/","og_locale":"de_DE","og_type":"article","og_title":"Ch\u00e2teau de Pibarnon Ch\u00e2teau de Pibarnon rouge 2019","og_description":"Kaufe Ch\u00e2teau de Pibarnon Ch\u00e2teau de Pibarnon rouge 2019 (Mourv\u00e8dre Cuv\u00e9e, trocken aus Provence, Frankreich) bei Wein Werte, Ihrem nachhaltigen Onlineshop.","og_url":"https:\/\/wein-werte.com\/de\/produkt\/chateau-de-pibarnon-chateau-de-pibarnon-rouge-2019-750ml\/","og_site_name":"Wein Werte","article_modified_time":"2026-05-12T17:52:58+00:00","og_image":[{"width":295,"height":1158,"url":"https:\/\/wein-werte.com\/wp-content\/uploads\/2026\/04\/Chateau-de-Pibarnon-Chateau-de-Pibarnon-rouge-2019-750ml.png","type":"image\/png"}],"twitter_card":"summary_large_image","twitter_misc":{"Gesch\u00e4tzte Lesezeit":"2\u00a0Minuten"},"schema":{"@context":"https:\/\/schema.org","@graph":[{"@type":"WebPage","@id":"https:\/\/wein-werte.com\/de\/produkt\/chateau-de-pibarnon-chateau-de-pibarnon-rouge-2019-750ml\/","url":"https:\/\/wein-werte.com\/de\/produkt\/chateau-de-pibarnon-chateau-de-pibarnon-rouge-2019-750ml\/","name":"Ch\u00e2teau de Pibarnon Ch\u00e2teau de Pibarnon rouge 2019","isPartOf":{"@id":"https:\/\/wein-werte.com\/de\/#website"},"primaryImageOfPage":{"@id":"https:\/\/wein-werte.com\/de\/produkt\/chateau-de-pibarnon-chateau-de-pibarnon-rouge-2019-750ml\/#primaryimage"},"image":{"@id":"https:\/\/wein-werte.com\/de\/produkt\/chateau-de-pibarnon-chateau-de-pibarnon-rouge-2019-750ml\/#primaryimage"},"thumbnailUrl":"https:\/\/wein-werte.com\/wp-content\/uploads\/2026\/04\/Chateau-de-Pibarnon-Chateau-de-Pibarnon-rouge-2019-750ml.png","datePublished":"2026-05-12T13:37:29+00:00","dateModified":"2026-05-12T17:52:58+00:00","description":"Kaufe Ch\u00e2teau de Pibarnon Ch\u00e2teau de Pibarnon rouge 2019 (Mourv\u00e8dre Cuv\u00e9e, trocken aus Provence, Frankreich) bei Wein Werte, Ihrem nachhaltigen Onlineshop.","breadcrumb":{"@id":"https:\/\/wein-werte.com\/de\/produkt\/chateau-de-pibarnon-chateau-de-pibarnon-rouge-2019-750ml\/#breadcrumb"},"inLanguage":"de","potentialAction":[{"@type":"ReadAction","target":["https:\/\/wein-werte.com\/de\/produkt\/chateau-de-pibarnon-chateau-de-pibarnon-rouge-2019-750ml\/"]}]},{"@type":"ImageObject","inLanguage":"de","@id":"https:\/\/wein-werte.com\/de\/produkt\/chateau-de-pibarnon-chateau-de-pibarnon-rouge-2019-750ml\/#primaryimage","url":"https:\/\/wein-werte.com\/wp-content\/uploads\/2026\/04\/Chateau-de-Pibarnon-Chateau-de-Pibarnon-rouge-2019-750ml.png","contentUrl":"https:\/\/wein-werte.com\/wp-content\/uploads\/2026\/04\/Chateau-de-Pibarnon-Chateau-de-Pibarnon-rouge-2019-750ml.png","width":295,"height":1158,"caption":"Ch\u00e2teau de Pibarnon Ch\u00e2teau de Pibarnon Rouge AOC 2019 750ml"},{"@type":"BreadcrumbList","@id":"https:\/\/wein-werte.com\/de\/produkt\/chateau-de-pibarnon-chateau-de-pibarnon-rouge-2019-750ml\/#breadcrumb","itemListElement":[{"@type":"ListItem","position":1,"name":"Home","item":"https:\/\/wein-werte.com\/de\/"},{"@type":"ListItem","position":2,"name":"Shop","item":"https:\/\/wein-werte.com\/de\/shop\/"},{"@type":"ListItem","position":3,"name":"Ch\u00e2teau de Pibarnon | Provence | Ch\u00e2teau de Pibarnon Rouge AOC | 2019 | 750ml | bio"}]},{"@type":"WebSite","@id":"https:\/\/wein-werte.com\/de\/#website","url":"https:\/\/wein-werte.com\/de\/","name":"Wein Werte","description":"","publisher":{"@id":"https:\/\/wein-werte.com\/de\/#organization"},"potentialAction":[{"@type":"SearchAction","target":{"@type":"EntryPoint","urlTemplate":"https:\/\/wein-werte.com\/de\/?s={search_term_string}"},"query-input":{"@type":"PropertyValueSpecification","valueRequired":true,"valueName":"search_term_string"}}],"inLanguage":"de"},{"@type":"Organization","@id":"https:\/\/wein-werte.com\/de\/#organization","name":"Vins Fins Thorrold","url":"https:\/\/wein-werte.com\/de\/","logo":{"@type":"ImageObject","inLanguage":"de","@id":"https:\/\/wein-werte.com\/de\/#\/schema\/logo\/image\/","url":"https:\/\/wein-werte.com\/wp-content\/uploads\/2023\/07\/Wein_werte_Logo700-1.png","contentUrl":"https:\/\/wein-werte.com\/wp-content\/uploads\/2023\/07\/Wein_werte_Logo700-1.png","width":700,"height":272,"caption":"Vins Fins Thorrold"},"image":{"@id":"https:\/\/wein-werte.com\/de\/#\/schema\/logo\/image\/"}}]}},"_links":{"self":[{"href":"https:\/\/wein-werte.com\/de\/wp-json\/wp\/v2\/product\/1126945","targetHints":{"allow":["GET"]}}],"collection":[{"href":"https:\/\/wein-werte.com\/de\/wp-json\/wp\/v2\/product"}],"about":[{"href":"https:\/\/wein-werte.com\/de\/wp-json\/wp\/v2\/types\/product"}],"wp:featuredmedia":[{"embeddable":true,"href":"https:\/\/wein-werte.com\/de\/wp-json\/wp\/v2\/media\/1138974"}],"wp:attachment":[{"href":"https:\/\/wein-werte.com\/de\/wp-json\/wp\/v2\/media?parent=1126945"}],"wp:term":[{"taxonomy":"product_brand","embeddable":true,"href":"https:\/\/wein-werte.com\/de\/wp-json\/wp\/v2\/product_brand?post=1126945"},{"taxonomy":"product_cat","embeddable":true,"href":"https:\/\/wein-werte.com\/de\/wp-json\/wp\/v2\/product_cat?post=1126945"},{"taxonomy":"product_tag","embeddable":true,"href":"https:\/\/wein-werte.com\/de\/wp-json\/wp\/v2\/product_tag?post=1126945"}],"curies":[{"name":"wp","href":"https:\/\/api.w.org\/{rel}","templated":true}]}}