{"id":1126873,"date":"2026-05-08T19:55:56","date_gmt":"2026-05-08T17:55:56","guid":{"rendered":"https:\/\/wein-werte.com\/product\/du-coulet-cotes-du-rhone-no-wines-land-blanc-2023-750ml\/"},"modified":"2026-04-27T11:39:55","modified_gmt":"2026-04-27T09:39:55","slug":"du-coulet-cotes-du-rhone-no-wines-land-blanc-2023-750ml","status":"publish","type":"product","link":"https:\/\/wein-werte.com\/de\/produkt\/du-coulet-cotes-du-rhone-no-wines-land-blanc-2023-750ml\/","title":{"rendered":"Du Coulet | Rhone (Nord) | C\u00f4tes Du Rh\u00f4ne &#8220;No Wine&#8217;s Land&#8221; blanc AOP | 2023 | 750ml | bio"},"content":{"rendered":"<p>Produktbeschreibung f\u00fcr Du Coulet C\u00f4tes Du Rh\u00f4ne &#8220;No Wine&#8217;s Land&#8221; blanc AOP 2023 (bio) <\/p>\n<h5>Information zum Wein <\/h5>\n<p>C\u00f4tes du Rhone blanc in einer Cuv\u00e9e aus 50 % Marsanne und 50% Roussanne von einem kalkhaltig lehmigen Boden auf Flusskiesel am Plateau de Arlettes in 250 Metern H\u00f6he im Gemeindegebiet Cornas. <\/p>\n<h5>Farbe<\/h5>\n<p> volles Goldgelb mit leicht kupferfarbenem Einschlag <\/p>\n<h5>Nase<\/h5>\n<p> Im Duft wirkt der No Wine\u2019s Land klar s\u00fcdlich gepr\u00e4gt, aber fein, elegant und balanciert. Er duftet nach Akazienbl\u00fcten, Lindenbl\u00fcten und entsprechendem Honig, nach Bergamotten, etwas Quitte, gelber Pflaume und Verbene. <\/p>\n<h5>Gaumen<\/h5>\n<p> Am Gaumen wirkt die Cuv\u00e9e dann deutlich w\u00fcrziger und erinnert neben der Furcht und den deutlichen Honignoten und etwas Bienenwachs im insgesamt trockenen Wei\u00dfwein an Fenchel, Anis, S\u00fc\u00dfholz und Kamille. Der Wein besitzt Gewicht und F\u00fclle, wirkt aber durch seine S\u00e4urestruktur und Mineralit\u00e4t im Gleichgewicht und findet eine sch\u00f6ne L\u00e4nge. <\/p>\n<p>Copyright Vinaturel 2025<\/p>\n<p>Keywords: <a href=\"https:\/\/wein-werte.com\/de\/shop\/?swoof=1&#038;pa_producer=Du-Coulet\">Du Coulet<\/a> <a href=\"https:\/\/wein-werte.com\/de\/shop\/?swoof=1&#038;woof_text=C\u00f4tes Du Rh\u00f4ne \"No Wine's Land\" blanc AOP\">C\u00f4tes Du Rh\u00f4ne &#8220;No Wine&#8217;s Land&#8221; blanc AOP<\/a> 2023 bio <a href=\"https:\/\/wein-werte.com\/shop\/?swoof=1&#038;pa_region=Rhone (Nord)\">Rhone-(Nord)<\/a> <a href=\"https:\/\/wein-werte.com\/de\/shop\/?swoof=1&#038;pa_country=Frankreich\">Frankreich<\/a><\/p>\n<p>Internetseite des Weinguts: <a href=\"http:\/\/domaineducoulet.com\/english-version\/\" target=\"_blank\">http:\/\/domaineducoulet.com\/english-version\/<\/a><\/p>\n","protected":false},"excerpt":{"rendered":"<p>Lieferzeit: 1 bis 2 Arbeitstage (DE), 2 bis 5 Arbeitstage (EU and CH)<\/p>\n","protected":false},"featured_media":1138918,"template":"","meta":[],"product_brand":[],"product_cat":[19],"product_tag":[],"class_list":{"0":"post-1126873","1":"product","2":"type-product","3":"status-publish","4":"has-post-thumbnail","6":"product_cat-unkategorisiert","7":"pa_alcohol-for-filter-12893","8":"pa_certified-biodynamic-nein-de","9":"pa_certified-organic-ja-de","10":"pa_colour-weiss","11":"pa_country-frankreich","12":"pa_grape-roussanne-cuvee","13":"pa_price-for-filter-10568","14":"pa_producer-du-coulet","15":"pa_region-rhone-nord","16":"pa_size-ml-6584","17":"pa_sweetness-trocken-de","18":"pa_type-2-still-de","19":"pa_vintage-2023-de","20":"entry","21":"has-media","23":"first","24":"instock","25":"taxable","26":"shipping-taxable","27":"purchasable","28":"product-type-simple"},"yoast_head":"<!-- This site is optimized with the Yoast SEO plugin v27.5 - https:\/\/yoast.com\/product\/yoast-seo-wordpress\/ -->\n<title>Du Coulet C\u00f4tes Du Rh\u00f4ne &quot;No Wine&#039;s Land&quot; blanc 2023<\/title>\n<meta name=\"description\" content=\"Kaufe Du Coulet C\u00f4tes Du Rh\u00f4ne &quot;No Wine&#039;s Land&quot; blanc 2023 (Roussanne Cuv\u00e9e, trocken aus Rhone (Nord), Frankreich) bei Wein Werte, Ihrem nachhaltigen Onlineshop.\" \/>\n<meta name=\"robots\" content=\"index, follow, max-snippet:-1, max-image-preview:large, max-video-preview:-1\" \/>\n<link rel=\"canonical\" href=\"https:\/\/wein-werte.com\/de\/produkt\/du-coulet-cotes-du-rhone-no-wines-land-blanc-2023-750ml\/\" \/>\n<meta property=\"og:locale\" content=\"de_DE\" \/>\n<meta property=\"og:type\" content=\"article\" \/>\n<meta property=\"og:title\" content=\"Du Coulet C\u00f4tes Du Rh\u00f4ne &quot;No Wine&#039;s Land&quot; blanc 2023\" \/>\n<meta property=\"og:description\" content=\"Kaufe Du Coulet C\u00f4tes Du Rh\u00f4ne &quot;No Wine&#039;s Land&quot; blanc 2023 (Roussanne Cuv\u00e9e, trocken aus Rhone (Nord), Frankreich) bei Wein Werte, Ihrem nachhaltigen Onlineshop.\" \/>\n<meta property=\"og:url\" content=\"https:\/\/wein-werte.com\/de\/produkt\/du-coulet-cotes-du-rhone-no-wines-land-blanc-2023-750ml\/\" \/>\n<meta property=\"og:site_name\" content=\"Wein Werte\" \/>\n<meta property=\"og:image\" content=\"https:\/\/wein-werte.com\/wp-content\/uploads\/2026\/04\/Du-Coulet-Cotes-Du-Rhone-No-Wines-Land-blanc-2023-750ml.png\" \/>\n\t<meta property=\"og:image:width\" content=\"344\" \/>\n\t<meta property=\"og:image:height\" content=\"1200\" \/>\n\t<meta property=\"og:image:type\" content=\"image\/png\" \/>\n<meta name=\"twitter:card\" content=\"summary_large_image\" \/>\n<meta name=\"twitter:label1\" content=\"Gesch\u00e4tzte Lesezeit\" \/>\n\t<meta name=\"twitter:data1\" content=\"1\u00a0Minute\" \/>\n<script type=\"application\/ld+json\" class=\"yoast-schema-graph\">{\"@context\":\"https:\\\/\\\/schema.org\",\"@graph\":[{\"@type\":\"WebPage\",\"@id\":\"https:\\\/\\\/wein-werte.com\\\/de\\\/produkt\\\/du-coulet-cotes-du-rhone-no-wines-land-blanc-2023-750ml\\\/\",\"url\":\"https:\\\/\\\/wein-werte.com\\\/de\\\/produkt\\\/du-coulet-cotes-du-rhone-no-wines-land-blanc-2023-750ml\\\/\",\"name\":\"Du Coulet C\u00f4tes Du Rh\u00f4ne \\\"No Wine's Land\\\" blanc 2023\",\"isPartOf\":{\"@id\":\"https:\\\/\\\/wein-werte.com\\\/de\\\/#website\"},\"primaryImageOfPage\":{\"@id\":\"https:\\\/\\\/wein-werte.com\\\/de\\\/produkt\\\/du-coulet-cotes-du-rhone-no-wines-land-blanc-2023-750ml\\\/#primaryimage\"},\"image\":{\"@id\":\"https:\\\/\\\/wein-werte.com\\\/de\\\/produkt\\\/du-coulet-cotes-du-rhone-no-wines-land-blanc-2023-750ml\\\/#primaryimage\"},\"thumbnailUrl\":\"https:\\\/\\\/wein-werte.com\\\/wp-content\\\/uploads\\\/2026\\\/04\\\/Du-Coulet-Cotes-Du-Rhone-No-Wines-Land-blanc-2023-750ml.png\",\"datePublished\":\"2026-05-08T17:55:56+00:00\",\"description\":\"Kaufe Du Coulet C\u00f4tes Du Rh\u00f4ne \\\"No Wine's Land\\\" blanc 2023 (Roussanne Cuv\u00e9e, trocken aus Rhone (Nord), Frankreich) bei Wein Werte, Ihrem nachhaltigen Onlineshop.\",\"breadcrumb\":{\"@id\":\"https:\\\/\\\/wein-werte.com\\\/de\\\/produkt\\\/du-coulet-cotes-du-rhone-no-wines-land-blanc-2023-750ml\\\/#breadcrumb\"},\"inLanguage\":\"de\",\"potentialAction\":[{\"@type\":\"ReadAction\",\"target\":[\"https:\\\/\\\/wein-werte.com\\\/de\\\/produkt\\\/du-coulet-cotes-du-rhone-no-wines-land-blanc-2023-750ml\\\/\"]}]},{\"@type\":\"ImageObject\",\"inLanguage\":\"de\",\"@id\":\"https:\\\/\\\/wein-werte.com\\\/de\\\/produkt\\\/du-coulet-cotes-du-rhone-no-wines-land-blanc-2023-750ml\\\/#primaryimage\",\"url\":\"https:\\\/\\\/wein-werte.com\\\/wp-content\\\/uploads\\\/2026\\\/04\\\/Du-Coulet-Cotes-Du-Rhone-No-Wines-Land-blanc-2023-750ml.png\",\"contentUrl\":\"https:\\\/\\\/wein-werte.com\\\/wp-content\\\/uploads\\\/2026\\\/04\\\/Du-Coulet-Cotes-Du-Rhone-No-Wines-Land-blanc-2023-750ml.png\",\"width\":344,\"height\":1200,\"caption\":\"Du Coulet C\u00f4tes Du Rh\u00f4ne \\\"No Wine's Land\\\" blanc AOP 2023 750ml\"},{\"@type\":\"BreadcrumbList\",\"@id\":\"https:\\\/\\\/wein-werte.com\\\/de\\\/produkt\\\/du-coulet-cotes-du-rhone-no-wines-land-blanc-2023-750ml\\\/#breadcrumb\",\"itemListElement\":[{\"@type\":\"ListItem\",\"position\":1,\"name\":\"Home\",\"item\":\"https:\\\/\\\/wein-werte.com\\\/de\\\/\"},{\"@type\":\"ListItem\",\"position\":2,\"name\":\"Shop\",\"item\":\"https:\\\/\\\/wein-werte.com\\\/de\\\/shop\\\/\"},{\"@type\":\"ListItem\",\"position\":3,\"name\":\"Du Coulet | Rhone (Nord) | C\u00f4tes Du Rh\u00f4ne &#8220;No Wine&#8217;s Land&#8221; blanc AOP | 2023 | 750ml | bio\"}]},{\"@type\":\"WebSite\",\"@id\":\"https:\\\/\\\/wein-werte.com\\\/de\\\/#website\",\"url\":\"https:\\\/\\\/wein-werte.com\\\/de\\\/\",\"name\":\"Wein Werte\",\"description\":\"\",\"publisher\":{\"@id\":\"https:\\\/\\\/wein-werte.com\\\/de\\\/#organization\"},\"potentialAction\":[{\"@type\":\"SearchAction\",\"target\":{\"@type\":\"EntryPoint\",\"urlTemplate\":\"https:\\\/\\\/wein-werte.com\\\/de\\\/?s={search_term_string}\"},\"query-input\":{\"@type\":\"PropertyValueSpecification\",\"valueRequired\":true,\"valueName\":\"search_term_string\"}}],\"inLanguage\":\"de\"},{\"@type\":\"Organization\",\"@id\":\"https:\\\/\\\/wein-werte.com\\\/de\\\/#organization\",\"name\":\"Vins Fins Thorrold\",\"url\":\"https:\\\/\\\/wein-werte.com\\\/de\\\/\",\"logo\":{\"@type\":\"ImageObject\",\"inLanguage\":\"de\",\"@id\":\"https:\\\/\\\/wein-werte.com\\\/de\\\/#\\\/schema\\\/logo\\\/image\\\/\",\"url\":\"https:\\\/\\\/wein-werte.com\\\/wp-content\\\/uploads\\\/2023\\\/07\\\/Wein_werte_Logo700-1.png\",\"contentUrl\":\"https:\\\/\\\/wein-werte.com\\\/wp-content\\\/uploads\\\/2023\\\/07\\\/Wein_werte_Logo700-1.png\",\"width\":700,\"height\":272,\"caption\":\"Vins Fins Thorrold\"},\"image\":{\"@id\":\"https:\\\/\\\/wein-werte.com\\\/de\\\/#\\\/schema\\\/logo\\\/image\\\/\"}}]}<\/script>\n<!-- \/ Yoast SEO plugin. -->","yoast_head_json":{"title":"Du Coulet C\u00f4tes Du Rh\u00f4ne \"No Wine's Land\" blanc 2023","description":"Kaufe Du Coulet C\u00f4tes Du Rh\u00f4ne \"No Wine's Land\" blanc 2023 (Roussanne Cuv\u00e9e, trocken aus Rhone (Nord), Frankreich) bei Wein Werte, Ihrem nachhaltigen Onlineshop.","robots":{"index":"index","follow":"follow","max-snippet":"max-snippet:-1","max-image-preview":"max-image-preview:large","max-video-preview":"max-video-preview:-1"},"canonical":"https:\/\/wein-werte.com\/de\/produkt\/du-coulet-cotes-du-rhone-no-wines-land-blanc-2023-750ml\/","og_locale":"de_DE","og_type":"article","og_title":"Du Coulet C\u00f4tes Du Rh\u00f4ne \"No Wine's Land\" blanc 2023","og_description":"Kaufe Du Coulet C\u00f4tes Du Rh\u00f4ne \"No Wine's Land\" blanc 2023 (Roussanne Cuv\u00e9e, trocken aus Rhone (Nord), Frankreich) bei Wein Werte, Ihrem nachhaltigen Onlineshop.","og_url":"https:\/\/wein-werte.com\/de\/produkt\/du-coulet-cotes-du-rhone-no-wines-land-blanc-2023-750ml\/","og_site_name":"Wein Werte","og_image":[{"width":344,"height":1200,"url":"https:\/\/wein-werte.com\/wp-content\/uploads\/2026\/04\/Du-Coulet-Cotes-Du-Rhone-No-Wines-Land-blanc-2023-750ml.png","type":"image\/png"}],"twitter_card":"summary_large_image","twitter_misc":{"Gesch\u00e4tzte Lesezeit":"1\u00a0Minute"},"schema":{"@context":"https:\/\/schema.org","@graph":[{"@type":"WebPage","@id":"https:\/\/wein-werte.com\/de\/produkt\/du-coulet-cotes-du-rhone-no-wines-land-blanc-2023-750ml\/","url":"https:\/\/wein-werte.com\/de\/produkt\/du-coulet-cotes-du-rhone-no-wines-land-blanc-2023-750ml\/","name":"Du Coulet C\u00f4tes Du Rh\u00f4ne \"No Wine's Land\" blanc 2023","isPartOf":{"@id":"https:\/\/wein-werte.com\/de\/#website"},"primaryImageOfPage":{"@id":"https:\/\/wein-werte.com\/de\/produkt\/du-coulet-cotes-du-rhone-no-wines-land-blanc-2023-750ml\/#primaryimage"},"image":{"@id":"https:\/\/wein-werte.com\/de\/produkt\/du-coulet-cotes-du-rhone-no-wines-land-blanc-2023-750ml\/#primaryimage"},"thumbnailUrl":"https:\/\/wein-werte.com\/wp-content\/uploads\/2026\/04\/Du-Coulet-Cotes-Du-Rhone-No-Wines-Land-blanc-2023-750ml.png","datePublished":"2026-05-08T17:55:56+00:00","description":"Kaufe Du Coulet C\u00f4tes Du Rh\u00f4ne \"No Wine's Land\" blanc 2023 (Roussanne Cuv\u00e9e, trocken aus Rhone (Nord), Frankreich) bei Wein Werte, Ihrem nachhaltigen Onlineshop.","breadcrumb":{"@id":"https:\/\/wein-werte.com\/de\/produkt\/du-coulet-cotes-du-rhone-no-wines-land-blanc-2023-750ml\/#breadcrumb"},"inLanguage":"de","potentialAction":[{"@type":"ReadAction","target":["https:\/\/wein-werte.com\/de\/produkt\/du-coulet-cotes-du-rhone-no-wines-land-blanc-2023-750ml\/"]}]},{"@type":"ImageObject","inLanguage":"de","@id":"https:\/\/wein-werte.com\/de\/produkt\/du-coulet-cotes-du-rhone-no-wines-land-blanc-2023-750ml\/#primaryimage","url":"https:\/\/wein-werte.com\/wp-content\/uploads\/2026\/04\/Du-Coulet-Cotes-Du-Rhone-No-Wines-Land-blanc-2023-750ml.png","contentUrl":"https:\/\/wein-werte.com\/wp-content\/uploads\/2026\/04\/Du-Coulet-Cotes-Du-Rhone-No-Wines-Land-blanc-2023-750ml.png","width":344,"height":1200,"caption":"Du Coulet C\u00f4tes Du Rh\u00f4ne \"No Wine's Land\" blanc AOP 2023 750ml"},{"@type":"BreadcrumbList","@id":"https:\/\/wein-werte.com\/de\/produkt\/du-coulet-cotes-du-rhone-no-wines-land-blanc-2023-750ml\/#breadcrumb","itemListElement":[{"@type":"ListItem","position":1,"name":"Home","item":"https:\/\/wein-werte.com\/de\/"},{"@type":"ListItem","position":2,"name":"Shop","item":"https:\/\/wein-werte.com\/de\/shop\/"},{"@type":"ListItem","position":3,"name":"Du Coulet | Rhone (Nord) | C\u00f4tes Du Rh\u00f4ne &#8220;No Wine&#8217;s Land&#8221; blanc AOP | 2023 | 750ml | bio"}]},{"@type":"WebSite","@id":"https:\/\/wein-werte.com\/de\/#website","url":"https:\/\/wein-werte.com\/de\/","name":"Wein Werte","description":"","publisher":{"@id":"https:\/\/wein-werte.com\/de\/#organization"},"potentialAction":[{"@type":"SearchAction","target":{"@type":"EntryPoint","urlTemplate":"https:\/\/wein-werte.com\/de\/?s={search_term_string}"},"query-input":{"@type":"PropertyValueSpecification","valueRequired":true,"valueName":"search_term_string"}}],"inLanguage":"de"},{"@type":"Organization","@id":"https:\/\/wein-werte.com\/de\/#organization","name":"Vins Fins Thorrold","url":"https:\/\/wein-werte.com\/de\/","logo":{"@type":"ImageObject","inLanguage":"de","@id":"https:\/\/wein-werte.com\/de\/#\/schema\/logo\/image\/","url":"https:\/\/wein-werte.com\/wp-content\/uploads\/2023\/07\/Wein_werte_Logo700-1.png","contentUrl":"https:\/\/wein-werte.com\/wp-content\/uploads\/2023\/07\/Wein_werte_Logo700-1.png","width":700,"height":272,"caption":"Vins Fins Thorrold"},"image":{"@id":"https:\/\/wein-werte.com\/de\/#\/schema\/logo\/image\/"}}]}},"_links":{"self":[{"href":"https:\/\/wein-werte.com\/de\/wp-json\/wp\/v2\/product\/1126873","targetHints":{"allow":["GET"]}}],"collection":[{"href":"https:\/\/wein-werte.com\/de\/wp-json\/wp\/v2\/product"}],"about":[{"href":"https:\/\/wein-werte.com\/de\/wp-json\/wp\/v2\/types\/product"}],"wp:featuredmedia":[{"embeddable":true,"href":"https:\/\/wein-werte.com\/de\/wp-json\/wp\/v2\/media\/1138918"}],"wp:attachment":[{"href":"https:\/\/wein-werte.com\/de\/wp-json\/wp\/v2\/media?parent=1126873"}],"wp:term":[{"taxonomy":"product_brand","embeddable":true,"href":"https:\/\/wein-werte.com\/de\/wp-json\/wp\/v2\/product_brand?post=1126873"},{"taxonomy":"product_cat","embeddable":true,"href":"https:\/\/wein-werte.com\/de\/wp-json\/wp\/v2\/product_cat?post=1126873"},{"taxonomy":"product_tag","embeddable":true,"href":"https:\/\/wein-werte.com\/de\/wp-json\/wp\/v2\/product_tag?post=1126873"}],"curies":[{"name":"wp","href":"https:\/\/api.w.org\/{rel}","templated":true}]}}