{"id":1126868,"date":"2026-05-08T19:55:56","date_gmt":"2026-05-08T17:55:56","guid":{"rendered":"https:\/\/wein-werte.com\/product\/du-coulet-vin-de-france-petit-ours-blanc-2023-750ml\/"},"modified":"2026-04-27T11:39:55","modified_gmt":"2026-04-27T09:39:55","slug":"du-coulet-vin-de-france-petit-ours-blanc-2023-750ml","status":"publish","type":"product","link":"https:\/\/wein-werte.com\/de\/produkt\/du-coulet-vin-de-france-petit-ours-blanc-2023-750ml\/","title":{"rendered":"Du Coulet | Rhone (Nord) | Vin de France &#8220;Petit Ours Blanc&#8221; | 2023 | 750ml | bio"},"content":{"rendered":"<p>Produktbeschreibung f\u00fcr Du Coulet Vin de France &#8220;Petit Ours Blanc&#8221; 2023 (bio) <\/p>\n<h5>Information zum Wein <\/h5>\n<p>Eine Cuv\u00e9e aus 60% Roussanne und 40% Marsanne 40% von Reben, die auf Lehm-, Silt- und Sandb\u00f6den mit Kalksteinbasis, in den Gemeinden Vallaurie, Allan und Visan stehen. Der Ausbau erfolgte f\u00fcr 11 Monate im Inox. <\/p>\n<h5>Farbe<\/h5>\n<p> Tiefes Goldgelb mit leicht kupferfarbenen Reflexen <\/p>\n<h5>Nase <\/h5>\n<p>Dies ist ein aromatischer Wei\u00dfwein, der zun\u00e4chst nach reifem Saft von \u00c4pfeln, Quitten, Birnen und gelben Pflaumen duftet. Die Frucht verbindet sich dann mit einem leichten Rauch und zersto\u00dfenen Gestein, mit etwas Matcha, Ginster und einer leicht pfeffrigen und an Anis und S\u00fc\u00dfholz erinnernden Note im Hintergrund. <\/p>\n<h5>Gaumen<\/h5>\n<p> Der \u201eKleine B\u00e4r\u201c kleidet den Gaumen ganz mit seiner reifen Frucht aus, die sich aromatisch \u00e4hnlich pr\u00e4sentiert wie im Duft. Allerdings stehen hier die w\u00fcrzigen Aspekte von Pfeffer, S\u00fc\u00dfholz, Anis und Fenchel deutlich st\u00e4rker im Vordergrund. Der Wein besitzt F\u00fclle und eine s\u00fcdliche Opulenz in Verbindung mit einer geschliffenen Textur. Dazu gibt es eine feine, tragende S\u00e4ure. <\/p>\n<p>Copyright Vinaturel 2025<\/p>\n<p>Keywords: <a href=\"https:\/\/wein-werte.com\/de\/shop\/?swoof=1&#038;pa_producer=Du-Coulet\">Du Coulet<\/a> <a href=\"https:\/\/wein-werte.com\/de\/shop\/?swoof=1&#038;woof_text=Vin de France \"Petit Ours Blanc\"\">Vin de France &#8220;Petit Ours Blanc&#8221;<\/a> 2023 bio <a href=\"https:\/\/wein-werte.com\/shop\/?swoof=1&#038;pa_region=Rhone (Nord)\">Rhone-(Nord)<\/a> <a href=\"https:\/\/wein-werte.com\/de\/shop\/?swoof=1&#038;pa_country=Frankreich\">Frankreich<\/a><\/p>\n<p>Internetseite des Weinguts: <a href=\"http:\/\/domaineducoulet.com\/english-version\/\" target=\"_blank\">http:\/\/domaineducoulet.com\/english-version\/<\/a><\/p>\n","protected":false},"excerpt":{"rendered":"<p>Lieferzeit: 1 bis 2 Arbeitstage (DE), 2 bis 5 Arbeitstage (EU and CH)<\/p>\n","protected":false},"featured_media":1138914,"template":"","meta":[],"product_brand":[],"product_cat":[19],"product_tag":[],"class_list":{"0":"post-1126868","1":"product","2":"type-product","3":"status-publish","4":"has-post-thumbnail","6":"product_cat-unkategorisiert","7":"pa_alcohol-for-filter-12897","8":"pa_certified-biodynamic-nein-de","9":"pa_certified-organic-ja-de","10":"pa_colour-weiss","11":"pa_country-frankreich","12":"pa_grape-roussanne-cuvee","13":"pa_price-for-filter-10589","14":"pa_producer-du-coulet","15":"pa_region-rhone-nord","16":"pa_size-ml-6584","17":"pa_sweetness-trocken-de","18":"pa_type-2-still-de","19":"pa_vintage-2023-de","20":"entry","21":"has-media","23":"first","24":"instock","25":"taxable","26":"shipping-taxable","27":"purchasable","28":"product-type-simple"},"yoast_head":"<!-- This site is optimized with the Yoast SEO plugin v27.5 - https:\/\/yoast.com\/product\/yoast-seo-wordpress\/ -->\n<title>Du Coulet Vin de France &quot;Petit Ours blanc&quot; 2023<\/title>\n<meta name=\"description\" content=\"Kaufe Du Coulet Vin de France &quot;Petit Ours blanc&quot; 2023 (Roussanne Cuv\u00e9e, trocken aus Rhone (Nord), Frankreich) bei Wein Werte, Ihrem nachhaltigen Onlineshop.\" \/>\n<meta name=\"robots\" content=\"index, follow, max-snippet:-1, max-image-preview:large, max-video-preview:-1\" \/>\n<link rel=\"canonical\" href=\"https:\/\/wein-werte.com\/de\/produkt\/du-coulet-vin-de-france-petit-ours-blanc-2023-750ml\/\" \/>\n<meta property=\"og:locale\" content=\"de_DE\" \/>\n<meta property=\"og:type\" content=\"article\" \/>\n<meta property=\"og:title\" content=\"Du Coulet Vin de France &quot;Petit Ours blanc&quot; 2023\" \/>\n<meta property=\"og:description\" content=\"Kaufe Du Coulet Vin de France &quot;Petit Ours blanc&quot; 2023 (Roussanne Cuv\u00e9e, trocken aus Rhone (Nord), Frankreich) bei Wein Werte, Ihrem nachhaltigen Onlineshop.\" \/>\n<meta property=\"og:url\" content=\"https:\/\/wein-werte.com\/de\/produkt\/du-coulet-vin-de-france-petit-ours-blanc-2023-750ml\/\" \/>\n<meta property=\"og:site_name\" content=\"Wein Werte\" \/>\n<meta property=\"og:image\" content=\"https:\/\/wein-werte.com\/wp-content\/uploads\/2026\/04\/Du-Coulet-Vin-de-France-Petit-Ours-blanc-2023-750ml.png\" \/>\n\t<meta property=\"og:image:width\" content=\"323\" \/>\n\t<meta property=\"og:image:height\" content=\"1200\" \/>\n\t<meta property=\"og:image:type\" content=\"image\/png\" \/>\n<meta name=\"twitter:card\" content=\"summary_large_image\" \/>\n<meta name=\"twitter:label1\" content=\"Gesch\u00e4tzte Lesezeit\" \/>\n\t<meta name=\"twitter:data1\" content=\"1\u00a0Minute\" \/>\n<script type=\"application\/ld+json\" class=\"yoast-schema-graph\">{\"@context\":\"https:\\\/\\\/schema.org\",\"@graph\":[{\"@type\":\"WebPage\",\"@id\":\"https:\\\/\\\/wein-werte.com\\\/de\\\/produkt\\\/du-coulet-vin-de-france-petit-ours-blanc-2023-750ml\\\/\",\"url\":\"https:\\\/\\\/wein-werte.com\\\/de\\\/produkt\\\/du-coulet-vin-de-france-petit-ours-blanc-2023-750ml\\\/\",\"name\":\"Du Coulet Vin de France \\\"Petit Ours blanc\\\" 2023\",\"isPartOf\":{\"@id\":\"https:\\\/\\\/wein-werte.com\\\/de\\\/#website\"},\"primaryImageOfPage\":{\"@id\":\"https:\\\/\\\/wein-werte.com\\\/de\\\/produkt\\\/du-coulet-vin-de-france-petit-ours-blanc-2023-750ml\\\/#primaryimage\"},\"image\":{\"@id\":\"https:\\\/\\\/wein-werte.com\\\/de\\\/produkt\\\/du-coulet-vin-de-france-petit-ours-blanc-2023-750ml\\\/#primaryimage\"},\"thumbnailUrl\":\"https:\\\/\\\/wein-werte.com\\\/wp-content\\\/uploads\\\/2026\\\/04\\\/Du-Coulet-Vin-de-France-Petit-Ours-blanc-2023-750ml.png\",\"datePublished\":\"2026-05-08T17:55:56+00:00\",\"description\":\"Kaufe Du Coulet Vin de France \\\"Petit Ours blanc\\\" 2023 (Roussanne Cuv\u00e9e, trocken aus Rhone (Nord), Frankreich) bei Wein Werte, Ihrem nachhaltigen Onlineshop.\",\"breadcrumb\":{\"@id\":\"https:\\\/\\\/wein-werte.com\\\/de\\\/produkt\\\/du-coulet-vin-de-france-petit-ours-blanc-2023-750ml\\\/#breadcrumb\"},\"inLanguage\":\"de\",\"potentialAction\":[{\"@type\":\"ReadAction\",\"target\":[\"https:\\\/\\\/wein-werte.com\\\/de\\\/produkt\\\/du-coulet-vin-de-france-petit-ours-blanc-2023-750ml\\\/\"]}]},{\"@type\":\"ImageObject\",\"inLanguage\":\"de\",\"@id\":\"https:\\\/\\\/wein-werte.com\\\/de\\\/produkt\\\/du-coulet-vin-de-france-petit-ours-blanc-2023-750ml\\\/#primaryimage\",\"url\":\"https:\\\/\\\/wein-werte.com\\\/wp-content\\\/uploads\\\/2026\\\/04\\\/Du-Coulet-Vin-de-France-Petit-Ours-blanc-2023-750ml.png\",\"contentUrl\":\"https:\\\/\\\/wein-werte.com\\\/wp-content\\\/uploads\\\/2026\\\/04\\\/Du-Coulet-Vin-de-France-Petit-Ours-blanc-2023-750ml.png\",\"width\":323,\"height\":1200,\"caption\":\"Du Coulet Vin de France \\\"Petit Ours Blanc\\\" 2023 750ml\"},{\"@type\":\"BreadcrumbList\",\"@id\":\"https:\\\/\\\/wein-werte.com\\\/de\\\/produkt\\\/du-coulet-vin-de-france-petit-ours-blanc-2023-750ml\\\/#breadcrumb\",\"itemListElement\":[{\"@type\":\"ListItem\",\"position\":1,\"name\":\"Home\",\"item\":\"https:\\\/\\\/wein-werte.com\\\/de\\\/\"},{\"@type\":\"ListItem\",\"position\":2,\"name\":\"Shop\",\"item\":\"https:\\\/\\\/wein-werte.com\\\/de\\\/shop\\\/\"},{\"@type\":\"ListItem\",\"position\":3,\"name\":\"Du Coulet | Rhone (Nord) | Vin de France &#8220;Petit Ours Blanc&#8221; | 2023 | 750ml | bio\"}]},{\"@type\":\"WebSite\",\"@id\":\"https:\\\/\\\/wein-werte.com\\\/de\\\/#website\",\"url\":\"https:\\\/\\\/wein-werte.com\\\/de\\\/\",\"name\":\"Wein Werte\",\"description\":\"\",\"publisher\":{\"@id\":\"https:\\\/\\\/wein-werte.com\\\/de\\\/#organization\"},\"potentialAction\":[{\"@type\":\"SearchAction\",\"target\":{\"@type\":\"EntryPoint\",\"urlTemplate\":\"https:\\\/\\\/wein-werte.com\\\/de\\\/?s={search_term_string}\"},\"query-input\":{\"@type\":\"PropertyValueSpecification\",\"valueRequired\":true,\"valueName\":\"search_term_string\"}}],\"inLanguage\":\"de\"},{\"@type\":\"Organization\",\"@id\":\"https:\\\/\\\/wein-werte.com\\\/de\\\/#organization\",\"name\":\"Vins Fins Thorrold\",\"url\":\"https:\\\/\\\/wein-werte.com\\\/de\\\/\",\"logo\":{\"@type\":\"ImageObject\",\"inLanguage\":\"de\",\"@id\":\"https:\\\/\\\/wein-werte.com\\\/de\\\/#\\\/schema\\\/logo\\\/image\\\/\",\"url\":\"https:\\\/\\\/wein-werte.com\\\/wp-content\\\/uploads\\\/2023\\\/07\\\/Wein_werte_Logo700-1.png\",\"contentUrl\":\"https:\\\/\\\/wein-werte.com\\\/wp-content\\\/uploads\\\/2023\\\/07\\\/Wein_werte_Logo700-1.png\",\"width\":700,\"height\":272,\"caption\":\"Vins Fins Thorrold\"},\"image\":{\"@id\":\"https:\\\/\\\/wein-werte.com\\\/de\\\/#\\\/schema\\\/logo\\\/image\\\/\"}}]}<\/script>\n<!-- \/ Yoast SEO plugin. -->","yoast_head_json":{"title":"Du Coulet Vin de France \"Petit Ours blanc\" 2023","description":"Kaufe Du Coulet Vin de France \"Petit Ours blanc\" 2023 (Roussanne Cuv\u00e9e, trocken aus Rhone (Nord), Frankreich) bei Wein Werte, Ihrem nachhaltigen Onlineshop.","robots":{"index":"index","follow":"follow","max-snippet":"max-snippet:-1","max-image-preview":"max-image-preview:large","max-video-preview":"max-video-preview:-1"},"canonical":"https:\/\/wein-werte.com\/de\/produkt\/du-coulet-vin-de-france-petit-ours-blanc-2023-750ml\/","og_locale":"de_DE","og_type":"article","og_title":"Du Coulet Vin de France \"Petit Ours blanc\" 2023","og_description":"Kaufe Du Coulet Vin de France \"Petit Ours blanc\" 2023 (Roussanne Cuv\u00e9e, trocken aus Rhone (Nord), Frankreich) bei Wein Werte, Ihrem nachhaltigen Onlineshop.","og_url":"https:\/\/wein-werte.com\/de\/produkt\/du-coulet-vin-de-france-petit-ours-blanc-2023-750ml\/","og_site_name":"Wein Werte","og_image":[{"width":323,"height":1200,"url":"https:\/\/wein-werte.com\/wp-content\/uploads\/2026\/04\/Du-Coulet-Vin-de-France-Petit-Ours-blanc-2023-750ml.png","type":"image\/png"}],"twitter_card":"summary_large_image","twitter_misc":{"Gesch\u00e4tzte Lesezeit":"1\u00a0Minute"},"schema":{"@context":"https:\/\/schema.org","@graph":[{"@type":"WebPage","@id":"https:\/\/wein-werte.com\/de\/produkt\/du-coulet-vin-de-france-petit-ours-blanc-2023-750ml\/","url":"https:\/\/wein-werte.com\/de\/produkt\/du-coulet-vin-de-france-petit-ours-blanc-2023-750ml\/","name":"Du Coulet Vin de France \"Petit Ours blanc\" 2023","isPartOf":{"@id":"https:\/\/wein-werte.com\/de\/#website"},"primaryImageOfPage":{"@id":"https:\/\/wein-werte.com\/de\/produkt\/du-coulet-vin-de-france-petit-ours-blanc-2023-750ml\/#primaryimage"},"image":{"@id":"https:\/\/wein-werte.com\/de\/produkt\/du-coulet-vin-de-france-petit-ours-blanc-2023-750ml\/#primaryimage"},"thumbnailUrl":"https:\/\/wein-werte.com\/wp-content\/uploads\/2026\/04\/Du-Coulet-Vin-de-France-Petit-Ours-blanc-2023-750ml.png","datePublished":"2026-05-08T17:55:56+00:00","description":"Kaufe Du Coulet Vin de France \"Petit Ours blanc\" 2023 (Roussanne Cuv\u00e9e, trocken aus Rhone (Nord), Frankreich) bei Wein Werte, Ihrem nachhaltigen Onlineshop.","breadcrumb":{"@id":"https:\/\/wein-werte.com\/de\/produkt\/du-coulet-vin-de-france-petit-ours-blanc-2023-750ml\/#breadcrumb"},"inLanguage":"de","potentialAction":[{"@type":"ReadAction","target":["https:\/\/wein-werte.com\/de\/produkt\/du-coulet-vin-de-france-petit-ours-blanc-2023-750ml\/"]}]},{"@type":"ImageObject","inLanguage":"de","@id":"https:\/\/wein-werte.com\/de\/produkt\/du-coulet-vin-de-france-petit-ours-blanc-2023-750ml\/#primaryimage","url":"https:\/\/wein-werte.com\/wp-content\/uploads\/2026\/04\/Du-Coulet-Vin-de-France-Petit-Ours-blanc-2023-750ml.png","contentUrl":"https:\/\/wein-werte.com\/wp-content\/uploads\/2026\/04\/Du-Coulet-Vin-de-France-Petit-Ours-blanc-2023-750ml.png","width":323,"height":1200,"caption":"Du Coulet Vin de France \"Petit Ours Blanc\" 2023 750ml"},{"@type":"BreadcrumbList","@id":"https:\/\/wein-werte.com\/de\/produkt\/du-coulet-vin-de-france-petit-ours-blanc-2023-750ml\/#breadcrumb","itemListElement":[{"@type":"ListItem","position":1,"name":"Home","item":"https:\/\/wein-werte.com\/de\/"},{"@type":"ListItem","position":2,"name":"Shop","item":"https:\/\/wein-werte.com\/de\/shop\/"},{"@type":"ListItem","position":3,"name":"Du Coulet | Rhone (Nord) | Vin de France &#8220;Petit Ours Blanc&#8221; | 2023 | 750ml | bio"}]},{"@type":"WebSite","@id":"https:\/\/wein-werte.com\/de\/#website","url":"https:\/\/wein-werte.com\/de\/","name":"Wein Werte","description":"","publisher":{"@id":"https:\/\/wein-werte.com\/de\/#organization"},"potentialAction":[{"@type":"SearchAction","target":{"@type":"EntryPoint","urlTemplate":"https:\/\/wein-werte.com\/de\/?s={search_term_string}"},"query-input":{"@type":"PropertyValueSpecification","valueRequired":true,"valueName":"search_term_string"}}],"inLanguage":"de"},{"@type":"Organization","@id":"https:\/\/wein-werte.com\/de\/#organization","name":"Vins Fins Thorrold","url":"https:\/\/wein-werte.com\/de\/","logo":{"@type":"ImageObject","inLanguage":"de","@id":"https:\/\/wein-werte.com\/de\/#\/schema\/logo\/image\/","url":"https:\/\/wein-werte.com\/wp-content\/uploads\/2023\/07\/Wein_werte_Logo700-1.png","contentUrl":"https:\/\/wein-werte.com\/wp-content\/uploads\/2023\/07\/Wein_werte_Logo700-1.png","width":700,"height":272,"caption":"Vins Fins Thorrold"},"image":{"@id":"https:\/\/wein-werte.com\/de\/#\/schema\/logo\/image\/"}}]}},"_links":{"self":[{"href":"https:\/\/wein-werte.com\/de\/wp-json\/wp\/v2\/product\/1126868","targetHints":{"allow":["GET"]}}],"collection":[{"href":"https:\/\/wein-werte.com\/de\/wp-json\/wp\/v2\/product"}],"about":[{"href":"https:\/\/wein-werte.com\/de\/wp-json\/wp\/v2\/types\/product"}],"wp:featuredmedia":[{"embeddable":true,"href":"https:\/\/wein-werte.com\/de\/wp-json\/wp\/v2\/media\/1138914"}],"wp:attachment":[{"href":"https:\/\/wein-werte.com\/de\/wp-json\/wp\/v2\/media?parent=1126868"}],"wp:term":[{"taxonomy":"product_brand","embeddable":true,"href":"https:\/\/wein-werte.com\/de\/wp-json\/wp\/v2\/product_brand?post=1126868"},{"taxonomy":"product_cat","embeddable":true,"href":"https:\/\/wein-werte.com\/de\/wp-json\/wp\/v2\/product_cat?post=1126868"},{"taxonomy":"product_tag","embeddable":true,"href":"https:\/\/wein-werte.com\/de\/wp-json\/wp\/v2\/product_tag?post=1126868"}],"curies":[{"name":"wp","href":"https:\/\/api.w.org\/{rel}","templated":true}]}}