{"id":1126860,"date":"2026-05-08T19:55:55","date_gmt":"2026-05-08T17:55:55","guid":{"rendered":"https:\/\/wein-werte.com\/product\/du-coulet-cornas-la-geniale-patronne-2017-750ml\/"},"modified":"2026-04-27T11:39:55","modified_gmt":"2026-04-27T09:39:55","slug":"du-coulet-cornas-la-geniale-patronne-2017-750ml","status":"publish","type":"product","link":"https:\/\/wein-werte.com\/de\/produkt\/du-coulet-cornas-la-geniale-patronne-2017-750ml\/","title":{"rendered":"Du Coulet | Rhone (Nord) | Cornas &#8220;La G\u00e9niale Patronne&#8221; | 2017 | 750ml | bio"},"content":{"rendered":"<p>Produktbeschreibung f\u00fcr Du Coulet Cornas &#8220;La G\u00e9niale Patronne&#8221; 2017 (bio)<\/p>\n<p> Sebastian Bordth\u00e4user:  Den Antrunk des 2017 La G\u00e9niale Patronne von der Domaine du Coulet \u00fcbernehmen zun\u00e4chst die Gerbstoffe, die sich engmaschig und fein wie Pannesamt um die jugendlich frische Frucht legen. Engmaschig und dicht definieren sie bei diesem Ausnahme-Syrah vielmehr die L\u00e4nge, denn das Gesamtvolumen oder einen pomp\u00f6sen Auftritt. Nichts Vordergr\u00fcndiges stellt sich hier der Sorte, seinem Terroir und Meister in den Weg, dessen Ziel klar definiert sind: Delikatesse, Finesse und ein orchestrales Finish mit gepfefferter L\u00e4nge. Der Cornas \u201eLa G\u00e9niale Patronne\u201c stammt von Granit Verwitterungb\u00f6den, die von Ton- und Kalkschluff durchzgen sind. Der Wein aus 100% Syrah besteht aus einer Selektion junger und alter Rebenanlagen aus den Mittelst\u00fccken von Barrets H\u00e4ngen. Mit einem durchschnittlichen Ertrag von 25hl\/ha wird er im Stahl vergoren und reift anschlie\u00dfen in Beton-Eiern. <\/p>\n<h5>Farbe<\/h5>\n<p> Dunkles Rubinrot mit schwarzem Kern. <\/p>\n<h5>Nase<\/h5>\n<p> Die Purezza von Mattheiu Barrets Syrah l\u00e4sst einen immer wieder tief Luft holen, so klar und ungeschminkt versteht er es, das Wesen der Sorte heraus zu arbeiten. Die dunkle Frucht nach Brombeeren und Maulbeeren wird herb konterkariert von Holunderbeeren und Waldhimbeeren, mit subtilen Rauchnoten in der Kopfnote erinnern deutliche Eisennoten an einen frisch ge\u00f6ffneten Hasen und s\u00fc\u00dfes, warmes Blut; Wacholder und schwarzer Pfeffer runden das formidable Jagdgl\u00fcck ab. <\/p>\n<h5>Mund<\/h5>\n<p> Den Antrunk des 2017 La G\u00e9niale Patronne von der Domaine du Coulet \u00fcbernehmen zun\u00e4chst die Gerbstoffe, die sich engmaschig und fein wie Pannesamt um die jugendlich frische Frucht legen. Engmaschig und dicht definieren sie bei diesem Ausnahme-Syrah vielmehr die L\u00e4nge, denn das Gesamtvolumen oder einen pomp\u00f6sen Auftritt. Nichts Vordergr\u00fcndiges stellt sich hier der Sorte, seinem Terroir und Meister in den Weg, dessen Ziel klar definiert sind: Delikatesse, Finesse und ein orchestrales Finish mit gepfefferter L\u00e4nge.<\/p>\n<p>Copyright Vinaturel 2025<\/p>\n<p>Keywords: <a href=\"https:\/\/wein-werte.com\/de\/shop\/?swoof=1&#038;pa_producer=Du-Coulet\">Du Coulet<\/a> <a href=\"https:\/\/wein-werte.com\/de\/shop\/?swoof=1&#038;woof_text=Cornas \"La G\u00e9niale Patronne\"\">Cornas &#8220;La G\u00e9niale Patronne&#8221;<\/a> 2017 bio <a href=\"https:\/\/wein-werte.com\/shop\/?swoof=1&#038;pa_region=Rhone (Nord)\">Rhone-(Nord)<\/a> <a href=\"https:\/\/wein-werte.com\/de\/shop\/?swoof=1&#038;pa_country=Frankreich\">Frankreich<\/a><\/p>\n<p>Internetseite des Weinguts: <a href=\"http:\/\/domaineducoulet.com\/english-version\/\" target=\"_blank\">http:\/\/domaineducoulet.com\/english-version\/<\/a><\/p>\n","protected":false},"excerpt":{"rendered":"<p>Lieferzeit: 1 bis 2 Arbeitstage (DE), 2 bis 5 Arbeitstage (EU and CH)<\/p>\n","protected":false},"featured_media":1138908,"template":"","meta":[],"product_brand":[],"product_cat":[19],"product_tag":[],"class_list":{"0":"post-1126860","1":"product","2":"type-product","3":"status-publish","4":"has-post-thumbnail","6":"product_cat-unkategorisiert","7":"pa_alcohol-for-filter-13-5","8":"pa_certified-biodynamic-nein-de","9":"pa_certified-organic-ja-de","10":"pa_colour-rot","11":"pa_country-frankreich","12":"pa_grape-syrah","13":"pa_price-for-filter-10639","14":"pa_producer-du-coulet","15":"pa_region-rhone-nord","16":"pa_size-ml-6584","17":"pa_sweetness-trocken-de","18":"pa_type-2-still-de","19":"pa_vintage-2017-de","20":"entry","21":"has-media","23":"first","24":"instock","25":"taxable","26":"shipping-taxable","27":"purchasable","28":"product-type-simple"},"yoast_head":"<!-- This site is optimized with the Yoast SEO plugin v27.5 - https:\/\/yoast.com\/product\/yoast-seo-wordpress\/ -->\n<title>Du Coulet Cornas &quot;La G\u00e9niale Patronne&quot; 2017<\/title>\n<meta name=\"description\" content=\"Kaufe Du Coulet Cornas &quot;La G\u00e9niale Patronne&quot; 2017 (Syrah, trocken aus Rhone (Nord), Frankreich) bei Wein Werte, Ihrem nachhaltigen Onlineshop.\" \/>\n<meta name=\"robots\" content=\"index, follow, max-snippet:-1, max-image-preview:large, max-video-preview:-1\" \/>\n<link rel=\"canonical\" href=\"https:\/\/wein-werte.com\/de\/produkt\/du-coulet-cornas-la-geniale-patronne-2017-750ml\/\" \/>\n<meta property=\"og:locale\" content=\"de_DE\" \/>\n<meta property=\"og:type\" content=\"article\" \/>\n<meta property=\"og:title\" content=\"Du Coulet Cornas &quot;La G\u00e9niale Patronne&quot; 2017\" \/>\n<meta property=\"og:description\" content=\"Kaufe Du Coulet Cornas &quot;La G\u00e9niale Patronne&quot; 2017 (Syrah, trocken aus Rhone (Nord), Frankreich) bei Wein Werte, Ihrem nachhaltigen Onlineshop.\" \/>\n<meta property=\"og:url\" content=\"https:\/\/wein-werte.com\/de\/produkt\/du-coulet-cornas-la-geniale-patronne-2017-750ml\/\" \/>\n<meta property=\"og:site_name\" content=\"Wein Werte\" \/>\n<meta property=\"og:image\" content=\"https:\/\/wein-werte.com\/wp-content\/uploads\/2026\/04\/Du-Coulet-Cornas-La-Geniale-Patronne-2017-750ml.png\" \/>\n\t<meta property=\"og:image:width\" content=\"347\" \/>\n\t<meta property=\"og:image:height\" content=\"1200\" \/>\n\t<meta property=\"og:image:type\" content=\"image\/png\" \/>\n<meta name=\"twitter:card\" content=\"summary_large_image\" \/>\n<meta name=\"twitter:label1\" content=\"Gesch\u00e4tzte Lesezeit\" \/>\n\t<meta name=\"twitter:data1\" content=\"2\u00a0Minuten\" \/>\n<script type=\"application\/ld+json\" class=\"yoast-schema-graph\">{\"@context\":\"https:\\\/\\\/schema.org\",\"@graph\":[{\"@type\":\"WebPage\",\"@id\":\"https:\\\/\\\/wein-werte.com\\\/de\\\/produkt\\\/du-coulet-cornas-la-geniale-patronne-2017-750ml\\\/\",\"url\":\"https:\\\/\\\/wein-werte.com\\\/de\\\/produkt\\\/du-coulet-cornas-la-geniale-patronne-2017-750ml\\\/\",\"name\":\"Du Coulet Cornas \\\"La G\u00e9niale Patronne\\\" 2017\",\"isPartOf\":{\"@id\":\"https:\\\/\\\/wein-werte.com\\\/de\\\/#website\"},\"primaryImageOfPage\":{\"@id\":\"https:\\\/\\\/wein-werte.com\\\/de\\\/produkt\\\/du-coulet-cornas-la-geniale-patronne-2017-750ml\\\/#primaryimage\"},\"image\":{\"@id\":\"https:\\\/\\\/wein-werte.com\\\/de\\\/produkt\\\/du-coulet-cornas-la-geniale-patronne-2017-750ml\\\/#primaryimage\"},\"thumbnailUrl\":\"https:\\\/\\\/wein-werte.com\\\/wp-content\\\/uploads\\\/2026\\\/04\\\/Du-Coulet-Cornas-La-Geniale-Patronne-2017-750ml.png\",\"datePublished\":\"2026-05-08T17:55:55+00:00\",\"description\":\"Kaufe Du Coulet Cornas \\\"La G\u00e9niale Patronne\\\" 2017 (Syrah, trocken aus Rhone (Nord), Frankreich) bei Wein Werte, Ihrem nachhaltigen Onlineshop.\",\"breadcrumb\":{\"@id\":\"https:\\\/\\\/wein-werte.com\\\/de\\\/produkt\\\/du-coulet-cornas-la-geniale-patronne-2017-750ml\\\/#breadcrumb\"},\"inLanguage\":\"de\",\"potentialAction\":[{\"@type\":\"ReadAction\",\"target\":[\"https:\\\/\\\/wein-werte.com\\\/de\\\/produkt\\\/du-coulet-cornas-la-geniale-patronne-2017-750ml\\\/\"]}]},{\"@type\":\"ImageObject\",\"inLanguage\":\"de\",\"@id\":\"https:\\\/\\\/wein-werte.com\\\/de\\\/produkt\\\/du-coulet-cornas-la-geniale-patronne-2017-750ml\\\/#primaryimage\",\"url\":\"https:\\\/\\\/wein-werte.com\\\/wp-content\\\/uploads\\\/2026\\\/04\\\/Du-Coulet-Cornas-La-Geniale-Patronne-2017-750ml.png\",\"contentUrl\":\"https:\\\/\\\/wein-werte.com\\\/wp-content\\\/uploads\\\/2026\\\/04\\\/Du-Coulet-Cornas-La-Geniale-Patronne-2017-750ml.png\",\"width\":347,\"height\":1200,\"caption\":\"Du Coulet Cornas \\\"La G\u00e9niale Patronne\\\" 2017 750ml\"},{\"@type\":\"BreadcrumbList\",\"@id\":\"https:\\\/\\\/wein-werte.com\\\/de\\\/produkt\\\/du-coulet-cornas-la-geniale-patronne-2017-750ml\\\/#breadcrumb\",\"itemListElement\":[{\"@type\":\"ListItem\",\"position\":1,\"name\":\"Home\",\"item\":\"https:\\\/\\\/wein-werte.com\\\/de\\\/\"},{\"@type\":\"ListItem\",\"position\":2,\"name\":\"Shop\",\"item\":\"https:\\\/\\\/wein-werte.com\\\/de\\\/shop\\\/\"},{\"@type\":\"ListItem\",\"position\":3,\"name\":\"Du Coulet | Rhone (Nord) | Cornas &#8220;La G\u00e9niale Patronne&#8221; | 2017 | 750ml | bio\"}]},{\"@type\":\"WebSite\",\"@id\":\"https:\\\/\\\/wein-werte.com\\\/de\\\/#website\",\"url\":\"https:\\\/\\\/wein-werte.com\\\/de\\\/\",\"name\":\"Wein Werte\",\"description\":\"\",\"publisher\":{\"@id\":\"https:\\\/\\\/wein-werte.com\\\/de\\\/#organization\"},\"potentialAction\":[{\"@type\":\"SearchAction\",\"target\":{\"@type\":\"EntryPoint\",\"urlTemplate\":\"https:\\\/\\\/wein-werte.com\\\/de\\\/?s={search_term_string}\"},\"query-input\":{\"@type\":\"PropertyValueSpecification\",\"valueRequired\":true,\"valueName\":\"search_term_string\"}}],\"inLanguage\":\"de\"},{\"@type\":\"Organization\",\"@id\":\"https:\\\/\\\/wein-werte.com\\\/de\\\/#organization\",\"name\":\"Vins Fins Thorrold\",\"url\":\"https:\\\/\\\/wein-werte.com\\\/de\\\/\",\"logo\":{\"@type\":\"ImageObject\",\"inLanguage\":\"de\",\"@id\":\"https:\\\/\\\/wein-werte.com\\\/de\\\/#\\\/schema\\\/logo\\\/image\\\/\",\"url\":\"https:\\\/\\\/wein-werte.com\\\/wp-content\\\/uploads\\\/2023\\\/07\\\/Wein_werte_Logo700-1.png\",\"contentUrl\":\"https:\\\/\\\/wein-werte.com\\\/wp-content\\\/uploads\\\/2023\\\/07\\\/Wein_werte_Logo700-1.png\",\"width\":700,\"height\":272,\"caption\":\"Vins Fins Thorrold\"},\"image\":{\"@id\":\"https:\\\/\\\/wein-werte.com\\\/de\\\/#\\\/schema\\\/logo\\\/image\\\/\"}}]}<\/script>\n<!-- \/ Yoast SEO plugin. -->","yoast_head_json":{"title":"Du Coulet Cornas \"La G\u00e9niale Patronne\" 2017","description":"Kaufe Du Coulet Cornas \"La G\u00e9niale Patronne\" 2017 (Syrah, trocken aus Rhone (Nord), Frankreich) bei Wein Werte, Ihrem nachhaltigen Onlineshop.","robots":{"index":"index","follow":"follow","max-snippet":"max-snippet:-1","max-image-preview":"max-image-preview:large","max-video-preview":"max-video-preview:-1"},"canonical":"https:\/\/wein-werte.com\/de\/produkt\/du-coulet-cornas-la-geniale-patronne-2017-750ml\/","og_locale":"de_DE","og_type":"article","og_title":"Du Coulet Cornas \"La G\u00e9niale Patronne\" 2017","og_description":"Kaufe Du Coulet Cornas \"La G\u00e9niale Patronne\" 2017 (Syrah, trocken aus Rhone (Nord), Frankreich) bei Wein Werte, Ihrem nachhaltigen Onlineshop.","og_url":"https:\/\/wein-werte.com\/de\/produkt\/du-coulet-cornas-la-geniale-patronne-2017-750ml\/","og_site_name":"Wein Werte","og_image":[{"width":347,"height":1200,"url":"https:\/\/wein-werte.com\/wp-content\/uploads\/2026\/04\/Du-Coulet-Cornas-La-Geniale-Patronne-2017-750ml.png","type":"image\/png"}],"twitter_card":"summary_large_image","twitter_misc":{"Gesch\u00e4tzte Lesezeit":"2\u00a0Minuten"},"schema":{"@context":"https:\/\/schema.org","@graph":[{"@type":"WebPage","@id":"https:\/\/wein-werte.com\/de\/produkt\/du-coulet-cornas-la-geniale-patronne-2017-750ml\/","url":"https:\/\/wein-werte.com\/de\/produkt\/du-coulet-cornas-la-geniale-patronne-2017-750ml\/","name":"Du Coulet Cornas \"La G\u00e9niale Patronne\" 2017","isPartOf":{"@id":"https:\/\/wein-werte.com\/de\/#website"},"primaryImageOfPage":{"@id":"https:\/\/wein-werte.com\/de\/produkt\/du-coulet-cornas-la-geniale-patronne-2017-750ml\/#primaryimage"},"image":{"@id":"https:\/\/wein-werte.com\/de\/produkt\/du-coulet-cornas-la-geniale-patronne-2017-750ml\/#primaryimage"},"thumbnailUrl":"https:\/\/wein-werte.com\/wp-content\/uploads\/2026\/04\/Du-Coulet-Cornas-La-Geniale-Patronne-2017-750ml.png","datePublished":"2026-05-08T17:55:55+00:00","description":"Kaufe Du Coulet Cornas \"La G\u00e9niale Patronne\" 2017 (Syrah, trocken aus Rhone (Nord), Frankreich) bei Wein Werte, Ihrem nachhaltigen Onlineshop.","breadcrumb":{"@id":"https:\/\/wein-werte.com\/de\/produkt\/du-coulet-cornas-la-geniale-patronne-2017-750ml\/#breadcrumb"},"inLanguage":"de","potentialAction":[{"@type":"ReadAction","target":["https:\/\/wein-werte.com\/de\/produkt\/du-coulet-cornas-la-geniale-patronne-2017-750ml\/"]}]},{"@type":"ImageObject","inLanguage":"de","@id":"https:\/\/wein-werte.com\/de\/produkt\/du-coulet-cornas-la-geniale-patronne-2017-750ml\/#primaryimage","url":"https:\/\/wein-werte.com\/wp-content\/uploads\/2026\/04\/Du-Coulet-Cornas-La-Geniale-Patronne-2017-750ml.png","contentUrl":"https:\/\/wein-werte.com\/wp-content\/uploads\/2026\/04\/Du-Coulet-Cornas-La-Geniale-Patronne-2017-750ml.png","width":347,"height":1200,"caption":"Du Coulet Cornas \"La G\u00e9niale Patronne\" 2017 750ml"},{"@type":"BreadcrumbList","@id":"https:\/\/wein-werte.com\/de\/produkt\/du-coulet-cornas-la-geniale-patronne-2017-750ml\/#breadcrumb","itemListElement":[{"@type":"ListItem","position":1,"name":"Home","item":"https:\/\/wein-werte.com\/de\/"},{"@type":"ListItem","position":2,"name":"Shop","item":"https:\/\/wein-werte.com\/de\/shop\/"},{"@type":"ListItem","position":3,"name":"Du Coulet | Rhone (Nord) | Cornas &#8220;La G\u00e9niale Patronne&#8221; | 2017 | 750ml | bio"}]},{"@type":"WebSite","@id":"https:\/\/wein-werte.com\/de\/#website","url":"https:\/\/wein-werte.com\/de\/","name":"Wein Werte","description":"","publisher":{"@id":"https:\/\/wein-werte.com\/de\/#organization"},"potentialAction":[{"@type":"SearchAction","target":{"@type":"EntryPoint","urlTemplate":"https:\/\/wein-werte.com\/de\/?s={search_term_string}"},"query-input":{"@type":"PropertyValueSpecification","valueRequired":true,"valueName":"search_term_string"}}],"inLanguage":"de"},{"@type":"Organization","@id":"https:\/\/wein-werte.com\/de\/#organization","name":"Vins Fins Thorrold","url":"https:\/\/wein-werte.com\/de\/","logo":{"@type":"ImageObject","inLanguage":"de","@id":"https:\/\/wein-werte.com\/de\/#\/schema\/logo\/image\/","url":"https:\/\/wein-werte.com\/wp-content\/uploads\/2023\/07\/Wein_werte_Logo700-1.png","contentUrl":"https:\/\/wein-werte.com\/wp-content\/uploads\/2023\/07\/Wein_werte_Logo700-1.png","width":700,"height":272,"caption":"Vins Fins Thorrold"},"image":{"@id":"https:\/\/wein-werte.com\/de\/#\/schema\/logo\/image\/"}}]}},"_links":{"self":[{"href":"https:\/\/wein-werte.com\/de\/wp-json\/wp\/v2\/product\/1126860","targetHints":{"allow":["GET"]}}],"collection":[{"href":"https:\/\/wein-werte.com\/de\/wp-json\/wp\/v2\/product"}],"about":[{"href":"https:\/\/wein-werte.com\/de\/wp-json\/wp\/v2\/types\/product"}],"wp:featuredmedia":[{"embeddable":true,"href":"https:\/\/wein-werte.com\/de\/wp-json\/wp\/v2\/media\/1138908"}],"wp:attachment":[{"href":"https:\/\/wein-werte.com\/de\/wp-json\/wp\/v2\/media?parent=1126860"}],"wp:term":[{"taxonomy":"product_brand","embeddable":true,"href":"https:\/\/wein-werte.com\/de\/wp-json\/wp\/v2\/product_brand?post=1126860"},{"taxonomy":"product_cat","embeddable":true,"href":"https:\/\/wein-werte.com\/de\/wp-json\/wp\/v2\/product_cat?post=1126860"},{"taxonomy":"product_tag","embeddable":true,"href":"https:\/\/wein-werte.com\/de\/wp-json\/wp\/v2\/product_tag?post=1126860"}],"curies":[{"name":"wp","href":"https:\/\/api.w.org\/{rel}","templated":true}]}}