{"id":1126855,"date":"2026-05-08T19:55:55","date_gmt":"2026-05-08T17:55:55","guid":{"rendered":"https:\/\/wein-werte.com\/product\/du-coulet-cote-rotie-tupins-2018-750ml\/"},"modified":"2026-04-27T11:39:53","modified_gmt":"2026-04-27T09:39:53","slug":"du-coulet-cote-rotie-tupins-2018-750ml","status":"publish","type":"product","link":"https:\/\/wein-werte.com\/de\/produkt\/du-coulet-cote-rotie-tupins-2018-750ml\/","title":{"rendered":"Du Coulet | Rhone (Nord) | C\u00f4te-Rotie &#8220;Tupin&#8217;s&#8221; | 2018 | 750ml | bio"},"content":{"rendered":"<p>Produktbeschreibung f\u00fcr Du Coulet C\u00f4te-Rotie &#8220;Tupin&#8217;s&#8221; 2018 (bio)<\/p>\n<p> Sebastian Bordth\u00e4user: Der Antrunk geh\u00f6rt zun\u00e4chst ganz allein dem Tannin, dass sich von seiner aristokratischen Seite zeigt: Noblesse oblige! Dicht und engmaschig, dabei kleinteilig und so seidig, dass es \u00fcber den Gaumen fliesst wie feinste Seide den gerundeten K\u00f6rper umschmeichelt. In dessen Geleit folgt die Frucht, die im Turpin\u2019s immer klar und frisch in hellroter Brillanz das Dunkel des Gaumens aufhellt. Die S\u00e4ure wirkt wie der alles f\u00fchrende Pinselstrich dieses gro\u00dfformatigen Bildes eines meisterhaften Syrah. Goldrahmen inklusive. Die Trauben f\u00fcr den C\u00f4te-R\u00f4tie Turpin\u2019s stammen aus den Orten Tupins und Semons an der C\u00f4tes Brune. Gewachsen auf reinem Granit ergeben sie einen eleganten Wein, der sich stets durch seine frische und lebendige Frucht auszeichnet. Um diesen Einruck zu erhalten wird der Wein im Stahl vergoren und anschlie\u00dfend f\u00fcr 15 Monate in Flextank-Eiern gereift. Der Tupin\u2019s ist einer der wenigen und \u00e4u\u00dferst raren C\u00f4te-R\u00f4ties ohne Holzausbau. <\/p>\n<h5>Farbe<\/h5>\n<p> Dunkles Rubinrot, violetten Reflexen und schwarzem Kern. <\/p>\n<h5>Nase<\/h5>\n<p> Die Nase des 2018 Tupin\u2019s von der Domaine du Coulet durftet wildw\u00fcrzig und duftig nach Himbeeren, Brombeeren und Holunder. Die dunkle Frucht wird markant unterlegt von Wacholder, schwarzem Pfeffer, Piment, Rauch und Eisen und flimmert in der Kopfnote wie sie Sonne \u00fcber\u2019m heissen, sommerlichen Asphalt <\/p>\n<h5>Mund<\/h5>\n<p> Der Antrunk geh\u00f6rt zun\u00e4chst ganz allein dem Tannin, dass sich von seiner aristokratischen Seite zeigt: Noblesse oblige! Dicht und engmaschig, dabei kleinteilig und so seidig, dass es \u00fcber den Gaumen fliesst wie feinste Seide den gerundeten K\u00f6rper umschmeichelt. In dessen Geleit folgt die Frucht, die im Turpin\u2019s immer klar und frisch in hellroter Brillanz das Dunkel des Gaumens aufhellt. Die S\u00e4ure wirkt wie der alles f\u00fchrende Pinselstrich dieses gro\u00dfformatigen Bildes eines meisterhaften Syrah. Goldrahmen inklusive.<\/p>\n<p>Copyright Vinaturel 2025<\/p>\n<p>Keywords: <a href=\"https:\/\/wein-werte.com\/de\/shop\/?swoof=1&#038;pa_producer=Du-Coulet\">Du Coulet<\/a> <a href=\"https:\/\/wein-werte.com\/de\/shop\/?swoof=1&#038;woof_text=C\u00f4te-Rotie \"Tupin's\"\">C\u00f4te-Rotie &#8220;Tupin&#8217;s&#8221;<\/a> 2018 bio <a href=\"https:\/\/wein-werte.com\/shop\/?swoof=1&#038;pa_region=Rhone (Nord)\">Rhone-(Nord)<\/a> <a href=\"https:\/\/wein-werte.com\/de\/shop\/?swoof=1&#038;pa_country=Frankreich\">Frankreich<\/a><\/p>\n<p>Internetseite des Weinguts: <a href=\"http:\/\/domaineducoulet.com\/english-version\/\" target=\"_blank\">http:\/\/domaineducoulet.com\/english-version\/<\/a><\/p>\n","protected":false},"excerpt":{"rendered":"<p>Lieferzeit: 1 bis 2 Arbeitstage (DE), 2 bis 5 Arbeitstage (EU and CH)<\/p>\n","protected":false},"featured_media":1138904,"template":"","meta":[],"product_brand":[],"product_cat":[19],"product_tag":[],"class_list":{"0":"post-1126855","1":"product","2":"type-product","3":"status-publish","4":"has-post-thumbnail","6":"product_cat-unkategorisiert","7":"pa_alcohol-for-filter-12892","8":"pa_certified-biodynamic-nein-de","9":"pa_certified-organic-ja-de","10":"pa_colour-rot","11":"pa_country-frankreich","12":"pa_grape-syrah","13":"pa_price-for-filter-10565","14":"pa_producer-du-coulet","15":"pa_region-rhone-nord","16":"pa_size-ml-6584","17":"pa_sweetness-trocken-de","18":"pa_type-2-still-de","19":"pa_vintage-2018-de","20":"entry","21":"has-media","23":"first","24":"instock","25":"taxable","26":"shipping-taxable","27":"purchasable","28":"product-type-simple"},"yoast_head":"<!-- This site is optimized with the Yoast SEO plugin v27.5 - https:\/\/yoast.com\/product\/yoast-seo-wordpress\/ -->\n<title>Du Coulet C\u00f4te-Rotie &quot;Tupin&#039;s&quot; 2018<\/title>\n<meta name=\"description\" content=\"Kaufe Du Coulet C\u00f4te-Rotie &quot;Tupin&#039;s&quot; 2018 (Syrah, trocken aus Rhone (Nord), Frankreich) bei Wein Werte, Ihrem nachhaltigen Onlineshop.\" \/>\n<meta name=\"robots\" content=\"index, follow, max-snippet:-1, max-image-preview:large, max-video-preview:-1\" \/>\n<link rel=\"canonical\" href=\"https:\/\/wein-werte.com\/de\/produkt\/du-coulet-cote-rotie-tupins-2018-750ml\/\" \/>\n<meta property=\"og:locale\" content=\"de_DE\" \/>\n<meta property=\"og:type\" content=\"article\" \/>\n<meta property=\"og:title\" content=\"Du Coulet C\u00f4te-Rotie &quot;Tupin&#039;s&quot; 2018\" \/>\n<meta property=\"og:description\" content=\"Kaufe Du Coulet C\u00f4te-Rotie &quot;Tupin&#039;s&quot; 2018 (Syrah, trocken aus Rhone (Nord), Frankreich) bei Wein Werte, Ihrem nachhaltigen Onlineshop.\" \/>\n<meta property=\"og:url\" content=\"https:\/\/wein-werte.com\/de\/produkt\/du-coulet-cote-rotie-tupins-2018-750ml\/\" \/>\n<meta property=\"og:site_name\" content=\"Wein Werte\" \/>\n<meta property=\"og:image\" content=\"https:\/\/wein-werte.com\/wp-content\/uploads\/2026\/04\/Du-Coulet-Cote-Rotie-Tupins-2018-750ml.png\" \/>\n\t<meta property=\"og:image:width\" content=\"345\" \/>\n\t<meta property=\"og:image:height\" content=\"1200\" \/>\n\t<meta property=\"og:image:type\" content=\"image\/png\" \/>\n<meta name=\"twitter:card\" content=\"summary_large_image\" \/>\n<meta name=\"twitter:label1\" content=\"Gesch\u00e4tzte Lesezeit\" \/>\n\t<meta name=\"twitter:data1\" content=\"2\u00a0Minuten\" \/>\n<script type=\"application\/ld+json\" class=\"yoast-schema-graph\">{\"@context\":\"https:\\\/\\\/schema.org\",\"@graph\":[{\"@type\":\"WebPage\",\"@id\":\"https:\\\/\\\/wein-werte.com\\\/de\\\/produkt\\\/du-coulet-cote-rotie-tupins-2018-750ml\\\/\",\"url\":\"https:\\\/\\\/wein-werte.com\\\/de\\\/produkt\\\/du-coulet-cote-rotie-tupins-2018-750ml\\\/\",\"name\":\"Du Coulet C\u00f4te-Rotie \\\"Tupin's\\\" 2018\",\"isPartOf\":{\"@id\":\"https:\\\/\\\/wein-werte.com\\\/de\\\/#website\"},\"primaryImageOfPage\":{\"@id\":\"https:\\\/\\\/wein-werte.com\\\/de\\\/produkt\\\/du-coulet-cote-rotie-tupins-2018-750ml\\\/#primaryimage\"},\"image\":{\"@id\":\"https:\\\/\\\/wein-werte.com\\\/de\\\/produkt\\\/du-coulet-cote-rotie-tupins-2018-750ml\\\/#primaryimage\"},\"thumbnailUrl\":\"https:\\\/\\\/wein-werte.com\\\/wp-content\\\/uploads\\\/2026\\\/04\\\/Du-Coulet-Cote-Rotie-Tupins-2018-750ml.png\",\"datePublished\":\"2026-05-08T17:55:55+00:00\",\"description\":\"Kaufe Du Coulet C\u00f4te-Rotie \\\"Tupin's\\\" 2018 (Syrah, trocken aus Rhone (Nord), Frankreich) bei Wein Werte, Ihrem nachhaltigen Onlineshop.\",\"breadcrumb\":{\"@id\":\"https:\\\/\\\/wein-werte.com\\\/de\\\/produkt\\\/du-coulet-cote-rotie-tupins-2018-750ml\\\/#breadcrumb\"},\"inLanguage\":\"de\",\"potentialAction\":[{\"@type\":\"ReadAction\",\"target\":[\"https:\\\/\\\/wein-werte.com\\\/de\\\/produkt\\\/du-coulet-cote-rotie-tupins-2018-750ml\\\/\"]}]},{\"@type\":\"ImageObject\",\"inLanguage\":\"de\",\"@id\":\"https:\\\/\\\/wein-werte.com\\\/de\\\/produkt\\\/du-coulet-cote-rotie-tupins-2018-750ml\\\/#primaryimage\",\"url\":\"https:\\\/\\\/wein-werte.com\\\/wp-content\\\/uploads\\\/2026\\\/04\\\/Du-Coulet-Cote-Rotie-Tupins-2018-750ml.png\",\"contentUrl\":\"https:\\\/\\\/wein-werte.com\\\/wp-content\\\/uploads\\\/2026\\\/04\\\/Du-Coulet-Cote-Rotie-Tupins-2018-750ml.png\",\"width\":345,\"height\":1200,\"caption\":\"Du Coulet C\u00f4te-Rotie \\\"Tupin's\\\" 2018 750ml\"},{\"@type\":\"BreadcrumbList\",\"@id\":\"https:\\\/\\\/wein-werte.com\\\/de\\\/produkt\\\/du-coulet-cote-rotie-tupins-2018-750ml\\\/#breadcrumb\",\"itemListElement\":[{\"@type\":\"ListItem\",\"position\":1,\"name\":\"Home\",\"item\":\"https:\\\/\\\/wein-werte.com\\\/de\\\/\"},{\"@type\":\"ListItem\",\"position\":2,\"name\":\"Shop\",\"item\":\"https:\\\/\\\/wein-werte.com\\\/de\\\/shop\\\/\"},{\"@type\":\"ListItem\",\"position\":3,\"name\":\"Du Coulet | Rhone (Nord) | C\u00f4te-Rotie &#8220;Tupin&#8217;s&#8221; | 2018 | 750ml | bio\"}]},{\"@type\":\"WebSite\",\"@id\":\"https:\\\/\\\/wein-werte.com\\\/de\\\/#website\",\"url\":\"https:\\\/\\\/wein-werte.com\\\/de\\\/\",\"name\":\"Wein Werte\",\"description\":\"\",\"publisher\":{\"@id\":\"https:\\\/\\\/wein-werte.com\\\/de\\\/#organization\"},\"potentialAction\":[{\"@type\":\"SearchAction\",\"target\":{\"@type\":\"EntryPoint\",\"urlTemplate\":\"https:\\\/\\\/wein-werte.com\\\/de\\\/?s={search_term_string}\"},\"query-input\":{\"@type\":\"PropertyValueSpecification\",\"valueRequired\":true,\"valueName\":\"search_term_string\"}}],\"inLanguage\":\"de\"},{\"@type\":\"Organization\",\"@id\":\"https:\\\/\\\/wein-werte.com\\\/de\\\/#organization\",\"name\":\"Vins Fins Thorrold\",\"url\":\"https:\\\/\\\/wein-werte.com\\\/de\\\/\",\"logo\":{\"@type\":\"ImageObject\",\"inLanguage\":\"de\",\"@id\":\"https:\\\/\\\/wein-werte.com\\\/de\\\/#\\\/schema\\\/logo\\\/image\\\/\",\"url\":\"https:\\\/\\\/wein-werte.com\\\/wp-content\\\/uploads\\\/2023\\\/07\\\/Wein_werte_Logo700-1.png\",\"contentUrl\":\"https:\\\/\\\/wein-werte.com\\\/wp-content\\\/uploads\\\/2023\\\/07\\\/Wein_werte_Logo700-1.png\",\"width\":700,\"height\":272,\"caption\":\"Vins Fins Thorrold\"},\"image\":{\"@id\":\"https:\\\/\\\/wein-werte.com\\\/de\\\/#\\\/schema\\\/logo\\\/image\\\/\"}}]}<\/script>\n<!-- \/ Yoast SEO plugin. -->","yoast_head_json":{"title":"Du Coulet C\u00f4te-Rotie \"Tupin's\" 2018","description":"Kaufe Du Coulet C\u00f4te-Rotie \"Tupin's\" 2018 (Syrah, trocken aus Rhone (Nord), Frankreich) bei Wein Werte, Ihrem nachhaltigen Onlineshop.","robots":{"index":"index","follow":"follow","max-snippet":"max-snippet:-1","max-image-preview":"max-image-preview:large","max-video-preview":"max-video-preview:-1"},"canonical":"https:\/\/wein-werte.com\/de\/produkt\/du-coulet-cote-rotie-tupins-2018-750ml\/","og_locale":"de_DE","og_type":"article","og_title":"Du Coulet C\u00f4te-Rotie \"Tupin's\" 2018","og_description":"Kaufe Du Coulet C\u00f4te-Rotie \"Tupin's\" 2018 (Syrah, trocken aus Rhone (Nord), Frankreich) bei Wein Werte, Ihrem nachhaltigen Onlineshop.","og_url":"https:\/\/wein-werte.com\/de\/produkt\/du-coulet-cote-rotie-tupins-2018-750ml\/","og_site_name":"Wein Werte","og_image":[{"width":345,"height":1200,"url":"https:\/\/wein-werte.com\/wp-content\/uploads\/2026\/04\/Du-Coulet-Cote-Rotie-Tupins-2018-750ml.png","type":"image\/png"}],"twitter_card":"summary_large_image","twitter_misc":{"Gesch\u00e4tzte Lesezeit":"2\u00a0Minuten"},"schema":{"@context":"https:\/\/schema.org","@graph":[{"@type":"WebPage","@id":"https:\/\/wein-werte.com\/de\/produkt\/du-coulet-cote-rotie-tupins-2018-750ml\/","url":"https:\/\/wein-werte.com\/de\/produkt\/du-coulet-cote-rotie-tupins-2018-750ml\/","name":"Du Coulet C\u00f4te-Rotie \"Tupin's\" 2018","isPartOf":{"@id":"https:\/\/wein-werte.com\/de\/#website"},"primaryImageOfPage":{"@id":"https:\/\/wein-werte.com\/de\/produkt\/du-coulet-cote-rotie-tupins-2018-750ml\/#primaryimage"},"image":{"@id":"https:\/\/wein-werte.com\/de\/produkt\/du-coulet-cote-rotie-tupins-2018-750ml\/#primaryimage"},"thumbnailUrl":"https:\/\/wein-werte.com\/wp-content\/uploads\/2026\/04\/Du-Coulet-Cote-Rotie-Tupins-2018-750ml.png","datePublished":"2026-05-08T17:55:55+00:00","description":"Kaufe Du Coulet C\u00f4te-Rotie \"Tupin's\" 2018 (Syrah, trocken aus Rhone (Nord), Frankreich) bei Wein Werte, Ihrem nachhaltigen Onlineshop.","breadcrumb":{"@id":"https:\/\/wein-werte.com\/de\/produkt\/du-coulet-cote-rotie-tupins-2018-750ml\/#breadcrumb"},"inLanguage":"de","potentialAction":[{"@type":"ReadAction","target":["https:\/\/wein-werte.com\/de\/produkt\/du-coulet-cote-rotie-tupins-2018-750ml\/"]}]},{"@type":"ImageObject","inLanguage":"de","@id":"https:\/\/wein-werte.com\/de\/produkt\/du-coulet-cote-rotie-tupins-2018-750ml\/#primaryimage","url":"https:\/\/wein-werte.com\/wp-content\/uploads\/2026\/04\/Du-Coulet-Cote-Rotie-Tupins-2018-750ml.png","contentUrl":"https:\/\/wein-werte.com\/wp-content\/uploads\/2026\/04\/Du-Coulet-Cote-Rotie-Tupins-2018-750ml.png","width":345,"height":1200,"caption":"Du Coulet C\u00f4te-Rotie \"Tupin's\" 2018 750ml"},{"@type":"BreadcrumbList","@id":"https:\/\/wein-werte.com\/de\/produkt\/du-coulet-cote-rotie-tupins-2018-750ml\/#breadcrumb","itemListElement":[{"@type":"ListItem","position":1,"name":"Home","item":"https:\/\/wein-werte.com\/de\/"},{"@type":"ListItem","position":2,"name":"Shop","item":"https:\/\/wein-werte.com\/de\/shop\/"},{"@type":"ListItem","position":3,"name":"Du Coulet | Rhone (Nord) | C\u00f4te-Rotie &#8220;Tupin&#8217;s&#8221; | 2018 | 750ml | bio"}]},{"@type":"WebSite","@id":"https:\/\/wein-werte.com\/de\/#website","url":"https:\/\/wein-werte.com\/de\/","name":"Wein Werte","description":"","publisher":{"@id":"https:\/\/wein-werte.com\/de\/#organization"},"potentialAction":[{"@type":"SearchAction","target":{"@type":"EntryPoint","urlTemplate":"https:\/\/wein-werte.com\/de\/?s={search_term_string}"},"query-input":{"@type":"PropertyValueSpecification","valueRequired":true,"valueName":"search_term_string"}}],"inLanguage":"de"},{"@type":"Organization","@id":"https:\/\/wein-werte.com\/de\/#organization","name":"Vins Fins Thorrold","url":"https:\/\/wein-werte.com\/de\/","logo":{"@type":"ImageObject","inLanguage":"de","@id":"https:\/\/wein-werte.com\/de\/#\/schema\/logo\/image\/","url":"https:\/\/wein-werte.com\/wp-content\/uploads\/2023\/07\/Wein_werte_Logo700-1.png","contentUrl":"https:\/\/wein-werte.com\/wp-content\/uploads\/2023\/07\/Wein_werte_Logo700-1.png","width":700,"height":272,"caption":"Vins Fins Thorrold"},"image":{"@id":"https:\/\/wein-werte.com\/de\/#\/schema\/logo\/image\/"}}]}},"_links":{"self":[{"href":"https:\/\/wein-werte.com\/de\/wp-json\/wp\/v2\/product\/1126855","targetHints":{"allow":["GET"]}}],"collection":[{"href":"https:\/\/wein-werte.com\/de\/wp-json\/wp\/v2\/product"}],"about":[{"href":"https:\/\/wein-werte.com\/de\/wp-json\/wp\/v2\/types\/product"}],"wp:featuredmedia":[{"embeddable":true,"href":"https:\/\/wein-werte.com\/de\/wp-json\/wp\/v2\/media\/1138904"}],"wp:attachment":[{"href":"https:\/\/wein-werte.com\/de\/wp-json\/wp\/v2\/media?parent=1126855"}],"wp:term":[{"taxonomy":"product_brand","embeddable":true,"href":"https:\/\/wein-werte.com\/de\/wp-json\/wp\/v2\/product_brand?post=1126855"},{"taxonomy":"product_cat","embeddable":true,"href":"https:\/\/wein-werte.com\/de\/wp-json\/wp\/v2\/product_cat?post=1126855"},{"taxonomy":"product_tag","embeddable":true,"href":"https:\/\/wein-werte.com\/de\/wp-json\/wp\/v2\/product_tag?post=1126855"}],"curies":[{"name":"wp","href":"https:\/\/api.w.org\/{rel}","templated":true}]}}