{"id":1126812,"date":"2026-05-08T19:55:52","date_gmt":"2026-05-08T17:55:52","guid":{"rendered":"https:\/\/wein-werte.com\/product\/roche-audran-cotes-du-rhone-villages-visan-rouge-marius-pere-mayeux-2019-750ml\/"},"modified":"2026-04-27T11:39:51","modified_gmt":"2026-04-27T09:39:51","slug":"roche-audran-cotes-du-rhone-villages-visan-rouge-marius-pere-mayeux-2019-750ml","status":"publish","type":"product","link":"https:\/\/wein-werte.com\/de\/produkt\/roche-audran-cotes-du-rhone-villages-visan-rouge-marius-pere-mayeux-2019-750ml\/","title":{"rendered":"Roche-Audran | Rhone (S\u00fcd) | C\u00f4tes du Rh\u00f4ne Villages Visan Rouge Marius &#8220;P\u00e8re Mayeux&#8221; | 2019 | 750ml | bio"},"content":{"rendered":"<p>Produktbeschreibung f\u00fcr Roche-Audran C\u00f4tes du Rh\u00f4ne Villages Visan Rouge Marius &#8220;P\u00e8re Mayeux&#8221; 2019 (bio)<\/p>\n<p> Der rote Visan Marius von Vincent Rochette ist eine Cuv\u00e9e aus Grenache und Syrah. Die rund 60 Jahre alten Reben stehen in Visan in einem drei Hektar gro\u00dfen, sehr trockenen Weinberg, der von Lehm und Kalk gepr\u00e4gt ist. Der Gesteinsanteil liegt hier bei 60 %, der Ertrag bei etwa 25 hl pro Hektar. Der Wein wird spontan vergoren und reift \u00fcber zw\u00f6lf Monate in 50-Hektoliter-Fudern aus Tron\u00e7ais-Eiche. <\/p>\n<h5>Farbe<\/h5>\n<p> Recht transparentes Granatrot <\/p>\n<h5>Nase<\/h5>\n<p> Die Cuv\u00e9e Marius von Vincent Rochette, die fr\u00fcher Le P\u00e8re Mayeuxgehei\u00dfen hat, ist ein pr\u00e4senter, eher maskuliner Visan mit deutlichen Syrah-Ankl\u00e4ngen von Oliventapenade, etwas Rauchfleisch und dunklen Fruchtnoten von Brombeeren und Schlehen. Allerdings mischt auch der Grenache mit und man findet Ankl\u00e4ngen von Himbeeren, S\u00fc\u00dfholz und Zimt. Insgesamt wirkt der Wein kraftvoll, ausgewogen und reif. <\/p>\n<h5>Gaumen<\/h5>\n<p> Die Saftigkeit best\u00e4tigt sich dann auch am Gaumen, wo der Marius die schon erw\u00e4hnte Frucht und W\u00fcrze mit herben Noten von fermentiertem Kardamom, getrockneten Kr\u00e4utern und etwas dunklen Tabak verbindet. Der Gerbstoff ist reif, fest und pr\u00e4sent, die S\u00e4ure klar und k\u00fchl bis ins lange saftige und leicht herbe Finale. <\/p>\n<p>Copyright Vinaturel 2025<\/p>\n<p>Keywords: <a href=\"https:\/\/wein-werte.com\/de\/shop\/?swoof=1&#038;pa_producer=Roche-Audran\">Roche-Audran<\/a> <a href=\"https:\/\/wein-werte.com\/de\/shop\/?swoof=1&#038;woof_text=C\u00f4tes du Rh\u00f4ne Villages Visan Rouge Marius \"P\u00e8re Mayeux\"\">C\u00f4tes du Rh\u00f4ne Villages Visan Rouge Marius &#8220;P\u00e8re Mayeux&#8221;<\/a> 2019 bio <a href=\"https:\/\/wein-werte.com\/shop\/?swoof=1&#038;pa_region=Rhone (S\u00fcd)\">Rhone-(S\u00fcd)<\/a> <a href=\"https:\/\/wein-werte.com\/de\/shop\/?swoof=1&#038;pa_country=Frankreich\">Frankreich<\/a><\/p>\n<p>Internetseite des Weinguts: <a href=\"https:\/\/roche-audran.fr\/\" target=\"_blank\">https:\/\/roche-audran.fr\/<\/a><\/p>\n","protected":false},"excerpt":{"rendered":"<p>Lieferzeit: 1 bis 2 Arbeitstage (DE), 2 bis 5 Arbeitstage (EU and CH)<\/p>\n","protected":false},"featured_media":1138870,"template":"","meta":[],"product_brand":[],"product_cat":[19],"product_tag":[],"class_list":{"0":"post-1126812","1":"product","2":"type-product","3":"status-publish","4":"has-post-thumbnail","6":"product_cat-unkategorisiert","7":"pa_alcohol-for-filter-14-5","8":"pa_certified-biodynamic-ja-de","9":"pa_certified-organic-ja-de","10":"pa_colour-rot","11":"pa_country-frankreich","12":"pa_grape-grenache-cuvee","13":"pa_price-for-filter-10627","14":"pa_producer-roche-audran","15":"pa_region-rhone-sued","16":"pa_size-ml-6584","17":"pa_sweetness-trocken-de","18":"pa_type-2-still-de","19":"pa_vintage-2019-de","20":"entry","21":"has-media","23":"first","24":"instock","25":"taxable","26":"shipping-taxable","27":"purchasable","28":"product-type-simple"},"yoast_head":"<!-- This site is optimized with the Yoast SEO plugin v27.5 - https:\/\/yoast.com\/product\/yoast-seo-wordpress\/ -->\n<title>Roche-Audran C\u00f4tes du Rh\u00f4ne Villages Visan rouge Marius &quot;P\u00e8re Mayeux&quot; 2019<\/title>\n<meta name=\"description\" content=\"Kaufe Roche-Audran C\u00f4tes du Rh\u00f4ne Villages Visan rouge Marius &quot;P\u00e8re Mayeux&quot; 2019 (Grenache Cuv\u00e9e, trocken aus Rhone (S\u00fcd), Frankreich) bei Wein Werte, Ihrem nachhaltigen Onlineshop.\" \/>\n<meta name=\"robots\" content=\"index, follow, max-snippet:-1, max-image-preview:large, max-video-preview:-1\" \/>\n<link rel=\"canonical\" href=\"https:\/\/wein-werte.com\/de\/produkt\/roche-audran-cotes-du-rhone-villages-visan-rouge-marius-pere-mayeux-2019-750ml\/\" \/>\n<meta property=\"og:locale\" content=\"de_DE\" \/>\n<meta property=\"og:type\" content=\"article\" \/>\n<meta property=\"og:title\" content=\"Roche-Audran C\u00f4tes du Rh\u00f4ne Villages Visan rouge Marius &quot;P\u00e8re Mayeux&quot; 2019\" \/>\n<meta property=\"og:description\" content=\"Kaufe Roche-Audran C\u00f4tes du Rh\u00f4ne Villages Visan rouge Marius &quot;P\u00e8re Mayeux&quot; 2019 (Grenache Cuv\u00e9e, trocken aus Rhone (S\u00fcd), Frankreich) bei Wein Werte, Ihrem nachhaltigen Onlineshop.\" \/>\n<meta property=\"og:url\" content=\"https:\/\/wein-werte.com\/de\/produkt\/roche-audran-cotes-du-rhone-villages-visan-rouge-marius-pere-mayeux-2019-750ml\/\" \/>\n<meta property=\"og:site_name\" content=\"Wein Werte\" \/>\n<meta property=\"og:image\" content=\"https:\/\/wein-werte.com\/wp-content\/uploads\/2026\/04\/Roche-Audran-Cotes-du-Rhone-Villages-Visan-rouge-Marius-Pere-Mayeux-2019-750ml.png\" \/>\n\t<meta property=\"og:image:width\" content=\"327\" \/>\n\t<meta property=\"og:image:height\" content=\"1200\" \/>\n\t<meta property=\"og:image:type\" content=\"image\/png\" \/>\n<meta name=\"twitter:card\" content=\"summary_large_image\" \/>\n<meta name=\"twitter:label1\" content=\"Gesch\u00e4tzte Lesezeit\" \/>\n\t<meta name=\"twitter:data1\" content=\"1\u00a0Minute\" \/>\n<script type=\"application\/ld+json\" class=\"yoast-schema-graph\">{\"@context\":\"https:\\\/\\\/schema.org\",\"@graph\":[{\"@type\":\"WebPage\",\"@id\":\"https:\\\/\\\/wein-werte.com\\\/de\\\/produkt\\\/roche-audran-cotes-du-rhone-villages-visan-rouge-marius-pere-mayeux-2019-750ml\\\/\",\"url\":\"https:\\\/\\\/wein-werte.com\\\/de\\\/produkt\\\/roche-audran-cotes-du-rhone-villages-visan-rouge-marius-pere-mayeux-2019-750ml\\\/\",\"name\":\"Roche-Audran C\u00f4tes du Rh\u00f4ne Villages Visan rouge Marius \\\"P\u00e8re Mayeux\\\" 2019\",\"isPartOf\":{\"@id\":\"https:\\\/\\\/wein-werte.com\\\/de\\\/#website\"},\"primaryImageOfPage\":{\"@id\":\"https:\\\/\\\/wein-werte.com\\\/de\\\/produkt\\\/roche-audran-cotes-du-rhone-villages-visan-rouge-marius-pere-mayeux-2019-750ml\\\/#primaryimage\"},\"image\":{\"@id\":\"https:\\\/\\\/wein-werte.com\\\/de\\\/produkt\\\/roche-audran-cotes-du-rhone-villages-visan-rouge-marius-pere-mayeux-2019-750ml\\\/#primaryimage\"},\"thumbnailUrl\":\"https:\\\/\\\/wein-werte.com\\\/wp-content\\\/uploads\\\/2026\\\/04\\\/Roche-Audran-Cotes-du-Rhone-Villages-Visan-rouge-Marius-Pere-Mayeux-2019-750ml.png\",\"datePublished\":\"2026-05-08T17:55:52+00:00\",\"description\":\"Kaufe Roche-Audran C\u00f4tes du Rh\u00f4ne Villages Visan rouge Marius \\\"P\u00e8re Mayeux\\\" 2019 (Grenache Cuv\u00e9e, trocken aus Rhone (S\u00fcd), Frankreich) bei Wein Werte, Ihrem nachhaltigen Onlineshop.\",\"breadcrumb\":{\"@id\":\"https:\\\/\\\/wein-werte.com\\\/de\\\/produkt\\\/roche-audran-cotes-du-rhone-villages-visan-rouge-marius-pere-mayeux-2019-750ml\\\/#breadcrumb\"},\"inLanguage\":\"de\",\"potentialAction\":[{\"@type\":\"ReadAction\",\"target\":[\"https:\\\/\\\/wein-werte.com\\\/de\\\/produkt\\\/roche-audran-cotes-du-rhone-villages-visan-rouge-marius-pere-mayeux-2019-750ml\\\/\"]}]},{\"@type\":\"ImageObject\",\"inLanguage\":\"de\",\"@id\":\"https:\\\/\\\/wein-werte.com\\\/de\\\/produkt\\\/roche-audran-cotes-du-rhone-villages-visan-rouge-marius-pere-mayeux-2019-750ml\\\/#primaryimage\",\"url\":\"https:\\\/\\\/wein-werte.com\\\/wp-content\\\/uploads\\\/2026\\\/04\\\/Roche-Audran-Cotes-du-Rhone-Villages-Visan-rouge-Marius-Pere-Mayeux-2019-750ml.png\",\"contentUrl\":\"https:\\\/\\\/wein-werte.com\\\/wp-content\\\/uploads\\\/2026\\\/04\\\/Roche-Audran-Cotes-du-Rhone-Villages-Visan-rouge-Marius-Pere-Mayeux-2019-750ml.png\",\"width\":327,\"height\":1200,\"caption\":\"Roche-Audran C\u00f4tes du Rh\u00f4ne Villages Visan Rouge Marius \\\"P\u00e8re Mayeux\\\" 2019 750ml\"},{\"@type\":\"BreadcrumbList\",\"@id\":\"https:\\\/\\\/wein-werte.com\\\/de\\\/produkt\\\/roche-audran-cotes-du-rhone-villages-visan-rouge-marius-pere-mayeux-2019-750ml\\\/#breadcrumb\",\"itemListElement\":[{\"@type\":\"ListItem\",\"position\":1,\"name\":\"Home\",\"item\":\"https:\\\/\\\/wein-werte.com\\\/de\\\/\"},{\"@type\":\"ListItem\",\"position\":2,\"name\":\"Shop\",\"item\":\"https:\\\/\\\/wein-werte.com\\\/de\\\/shop\\\/\"},{\"@type\":\"ListItem\",\"position\":3,\"name\":\"Roche-Audran | Rhone (S\u00fcd) | C\u00f4tes du Rh\u00f4ne Villages Visan Rouge Marius &#8220;P\u00e8re Mayeux&#8221; | 2019 | 750ml | bio\"}]},{\"@type\":\"WebSite\",\"@id\":\"https:\\\/\\\/wein-werte.com\\\/de\\\/#website\",\"url\":\"https:\\\/\\\/wein-werte.com\\\/de\\\/\",\"name\":\"Wein Werte\",\"description\":\"\",\"publisher\":{\"@id\":\"https:\\\/\\\/wein-werte.com\\\/de\\\/#organization\"},\"potentialAction\":[{\"@type\":\"SearchAction\",\"target\":{\"@type\":\"EntryPoint\",\"urlTemplate\":\"https:\\\/\\\/wein-werte.com\\\/de\\\/?s={search_term_string}\"},\"query-input\":{\"@type\":\"PropertyValueSpecification\",\"valueRequired\":true,\"valueName\":\"search_term_string\"}}],\"inLanguage\":\"de\"},{\"@type\":\"Organization\",\"@id\":\"https:\\\/\\\/wein-werte.com\\\/de\\\/#organization\",\"name\":\"Vins Fins Thorrold\",\"url\":\"https:\\\/\\\/wein-werte.com\\\/de\\\/\",\"logo\":{\"@type\":\"ImageObject\",\"inLanguage\":\"de\",\"@id\":\"https:\\\/\\\/wein-werte.com\\\/de\\\/#\\\/schema\\\/logo\\\/image\\\/\",\"url\":\"https:\\\/\\\/wein-werte.com\\\/wp-content\\\/uploads\\\/2023\\\/07\\\/Wein_werte_Logo700-1.png\",\"contentUrl\":\"https:\\\/\\\/wein-werte.com\\\/wp-content\\\/uploads\\\/2023\\\/07\\\/Wein_werte_Logo700-1.png\",\"width\":700,\"height\":272,\"caption\":\"Vins Fins Thorrold\"},\"image\":{\"@id\":\"https:\\\/\\\/wein-werte.com\\\/de\\\/#\\\/schema\\\/logo\\\/image\\\/\"}}]}<\/script>\n<!-- \/ Yoast SEO plugin. -->","yoast_head_json":{"title":"Roche-Audran C\u00f4tes du Rh\u00f4ne Villages Visan rouge Marius \"P\u00e8re Mayeux\" 2019","description":"Kaufe Roche-Audran C\u00f4tes du Rh\u00f4ne Villages Visan rouge Marius \"P\u00e8re Mayeux\" 2019 (Grenache Cuv\u00e9e, trocken aus Rhone (S\u00fcd), Frankreich) bei Wein Werte, Ihrem nachhaltigen Onlineshop.","robots":{"index":"index","follow":"follow","max-snippet":"max-snippet:-1","max-image-preview":"max-image-preview:large","max-video-preview":"max-video-preview:-1"},"canonical":"https:\/\/wein-werte.com\/de\/produkt\/roche-audran-cotes-du-rhone-villages-visan-rouge-marius-pere-mayeux-2019-750ml\/","og_locale":"de_DE","og_type":"article","og_title":"Roche-Audran C\u00f4tes du Rh\u00f4ne Villages Visan rouge Marius \"P\u00e8re Mayeux\" 2019","og_description":"Kaufe Roche-Audran C\u00f4tes du Rh\u00f4ne Villages Visan rouge Marius \"P\u00e8re Mayeux\" 2019 (Grenache Cuv\u00e9e, trocken aus Rhone (S\u00fcd), Frankreich) bei Wein Werte, Ihrem nachhaltigen Onlineshop.","og_url":"https:\/\/wein-werte.com\/de\/produkt\/roche-audran-cotes-du-rhone-villages-visan-rouge-marius-pere-mayeux-2019-750ml\/","og_site_name":"Wein Werte","og_image":[{"width":327,"height":1200,"url":"https:\/\/wein-werte.com\/wp-content\/uploads\/2026\/04\/Roche-Audran-Cotes-du-Rhone-Villages-Visan-rouge-Marius-Pere-Mayeux-2019-750ml.png","type":"image\/png"}],"twitter_card":"summary_large_image","twitter_misc":{"Gesch\u00e4tzte Lesezeit":"1\u00a0Minute"},"schema":{"@context":"https:\/\/schema.org","@graph":[{"@type":"WebPage","@id":"https:\/\/wein-werte.com\/de\/produkt\/roche-audran-cotes-du-rhone-villages-visan-rouge-marius-pere-mayeux-2019-750ml\/","url":"https:\/\/wein-werte.com\/de\/produkt\/roche-audran-cotes-du-rhone-villages-visan-rouge-marius-pere-mayeux-2019-750ml\/","name":"Roche-Audran C\u00f4tes du Rh\u00f4ne Villages Visan rouge Marius \"P\u00e8re Mayeux\" 2019","isPartOf":{"@id":"https:\/\/wein-werte.com\/de\/#website"},"primaryImageOfPage":{"@id":"https:\/\/wein-werte.com\/de\/produkt\/roche-audran-cotes-du-rhone-villages-visan-rouge-marius-pere-mayeux-2019-750ml\/#primaryimage"},"image":{"@id":"https:\/\/wein-werte.com\/de\/produkt\/roche-audran-cotes-du-rhone-villages-visan-rouge-marius-pere-mayeux-2019-750ml\/#primaryimage"},"thumbnailUrl":"https:\/\/wein-werte.com\/wp-content\/uploads\/2026\/04\/Roche-Audran-Cotes-du-Rhone-Villages-Visan-rouge-Marius-Pere-Mayeux-2019-750ml.png","datePublished":"2026-05-08T17:55:52+00:00","description":"Kaufe Roche-Audran C\u00f4tes du Rh\u00f4ne Villages Visan rouge Marius \"P\u00e8re Mayeux\" 2019 (Grenache Cuv\u00e9e, trocken aus Rhone (S\u00fcd), Frankreich) bei Wein Werte, Ihrem nachhaltigen Onlineshop.","breadcrumb":{"@id":"https:\/\/wein-werte.com\/de\/produkt\/roche-audran-cotes-du-rhone-villages-visan-rouge-marius-pere-mayeux-2019-750ml\/#breadcrumb"},"inLanguage":"de","potentialAction":[{"@type":"ReadAction","target":["https:\/\/wein-werte.com\/de\/produkt\/roche-audran-cotes-du-rhone-villages-visan-rouge-marius-pere-mayeux-2019-750ml\/"]}]},{"@type":"ImageObject","inLanguage":"de","@id":"https:\/\/wein-werte.com\/de\/produkt\/roche-audran-cotes-du-rhone-villages-visan-rouge-marius-pere-mayeux-2019-750ml\/#primaryimage","url":"https:\/\/wein-werte.com\/wp-content\/uploads\/2026\/04\/Roche-Audran-Cotes-du-Rhone-Villages-Visan-rouge-Marius-Pere-Mayeux-2019-750ml.png","contentUrl":"https:\/\/wein-werte.com\/wp-content\/uploads\/2026\/04\/Roche-Audran-Cotes-du-Rhone-Villages-Visan-rouge-Marius-Pere-Mayeux-2019-750ml.png","width":327,"height":1200,"caption":"Roche-Audran C\u00f4tes du Rh\u00f4ne Villages Visan Rouge Marius \"P\u00e8re Mayeux\" 2019 750ml"},{"@type":"BreadcrumbList","@id":"https:\/\/wein-werte.com\/de\/produkt\/roche-audran-cotes-du-rhone-villages-visan-rouge-marius-pere-mayeux-2019-750ml\/#breadcrumb","itemListElement":[{"@type":"ListItem","position":1,"name":"Home","item":"https:\/\/wein-werte.com\/de\/"},{"@type":"ListItem","position":2,"name":"Shop","item":"https:\/\/wein-werte.com\/de\/shop\/"},{"@type":"ListItem","position":3,"name":"Roche-Audran | Rhone (S\u00fcd) | C\u00f4tes du Rh\u00f4ne Villages Visan Rouge Marius &#8220;P\u00e8re Mayeux&#8221; | 2019 | 750ml | bio"}]},{"@type":"WebSite","@id":"https:\/\/wein-werte.com\/de\/#website","url":"https:\/\/wein-werte.com\/de\/","name":"Wein Werte","description":"","publisher":{"@id":"https:\/\/wein-werte.com\/de\/#organization"},"potentialAction":[{"@type":"SearchAction","target":{"@type":"EntryPoint","urlTemplate":"https:\/\/wein-werte.com\/de\/?s={search_term_string}"},"query-input":{"@type":"PropertyValueSpecification","valueRequired":true,"valueName":"search_term_string"}}],"inLanguage":"de"},{"@type":"Organization","@id":"https:\/\/wein-werte.com\/de\/#organization","name":"Vins Fins Thorrold","url":"https:\/\/wein-werte.com\/de\/","logo":{"@type":"ImageObject","inLanguage":"de","@id":"https:\/\/wein-werte.com\/de\/#\/schema\/logo\/image\/","url":"https:\/\/wein-werte.com\/wp-content\/uploads\/2023\/07\/Wein_werte_Logo700-1.png","contentUrl":"https:\/\/wein-werte.com\/wp-content\/uploads\/2023\/07\/Wein_werte_Logo700-1.png","width":700,"height":272,"caption":"Vins Fins Thorrold"},"image":{"@id":"https:\/\/wein-werte.com\/de\/#\/schema\/logo\/image\/"}}]}},"_links":{"self":[{"href":"https:\/\/wein-werte.com\/de\/wp-json\/wp\/v2\/product\/1126812","targetHints":{"allow":["GET"]}}],"collection":[{"href":"https:\/\/wein-werte.com\/de\/wp-json\/wp\/v2\/product"}],"about":[{"href":"https:\/\/wein-werte.com\/de\/wp-json\/wp\/v2\/types\/product"}],"wp:featuredmedia":[{"embeddable":true,"href":"https:\/\/wein-werte.com\/de\/wp-json\/wp\/v2\/media\/1138870"}],"wp:attachment":[{"href":"https:\/\/wein-werte.com\/de\/wp-json\/wp\/v2\/media?parent=1126812"}],"wp:term":[{"taxonomy":"product_brand","embeddable":true,"href":"https:\/\/wein-werte.com\/de\/wp-json\/wp\/v2\/product_brand?post=1126812"},{"taxonomy":"product_cat","embeddable":true,"href":"https:\/\/wein-werte.com\/de\/wp-json\/wp\/v2\/product_cat?post=1126812"},{"taxonomy":"product_tag","embeddable":true,"href":"https:\/\/wein-werte.com\/de\/wp-json\/wp\/v2\/product_tag?post=1126812"}],"curies":[{"name":"wp","href":"https:\/\/api.w.org\/{rel}","templated":true}]}}