{"id":1126807,"date":"2026-05-12T15:37:11","date_gmt":"2026-05-12T13:37:11","guid":{"rendered":"https:\/\/wein-werte.com\/product\/roche-audran-cotes-du-rhone-rouge-cuvee-cesar-2020-750ml\/"},"modified":"2026-05-12T19:52:53","modified_gmt":"2026-05-12T17:52:53","slug":"roche-audran-cotes-du-rhone-rouge-cuvee-cesar-2020-750ml","status":"publish","type":"product","link":"https:\/\/wein-werte.com\/de\/produkt\/roche-audran-cotes-du-rhone-rouge-cuvee-cesar-2020-750ml\/","title":{"rendered":"Roche-Audran | Rhone (S\u00fcd) | C\u00f4tes du Rh\u00f4ne Rouge &#8220;Cuv\u00e9e C\u00e9sar&#8221; AOC | 2020 | 750ml | bio"},"content":{"rendered":"<p>Produktbeschreibung f\u00fcr Roche-Audran C\u00f4tes du Rh\u00f4ne Rouge &#8220;Cuv\u00e9e C\u00e9sar&#8221; AOC 2020 (bio)<\/p>\n<p> Der rote C\u00e9sar von Vincent Rochette besteht zu 100 % aus Grenache. Die 80 bis 100 Jahre alten Reben stehen in den Coteaux Versant Nord in einem drei Hektar gro\u00dfen Weinberg, der von Lehm und Kalk im Unterboden sowie von alluvialem Schwemmland und Kies im Oberboden gepr\u00e4gt ist. Der Ertrag liegt bei etwa 35 hl pro Hektar. Der Wein wird spontan vergoren und reift \u00fcber zw\u00f6lf Monate in 50-Hektoliter-Fudern aus Tron\u00e7ais-Eiche. <\/p>\n<h5>Farbe<\/h5>\n<p> leicht transparentes Rubinrot <\/p>\n<h5>Nase<\/h5>\n<p> Die Cuv\u00e9e C\u00e9sar ist ein duftiger Wein, der eine wunderbare Melange aus reifer, s\u00fc\u00dfer Frucht und Gew\u00fcrzen bildet. Er erinnert an dunkle Himbeeren und Walderdbeeren, etwas Brombeere und Kirschen, dazu an einen Hauch Nelke, Zimt und Wacholder in Verbindung mit Thymian, Rosmarin und Zeder. <\/p>\n<h5>Gaumen<\/h5>\n<p> Am Gaumen wirkt C\u00e9sar saftig und sinnlich mit viel reifer, dunkler Frucht, einem geschliffenen Tannin, das an die Oberfl\u00e4che von gebranntem Ton erinnert, sowie einer pr\u00e4senten, reifen S\u00e4ure. Der Wein besitzt Kraft und Tiefe, W\u00e4rme und Opulenz, findet aber seine Mitte, wirkt gleichzeitig frisch und klar. Ein feinw\u00fcrziger, spannungsvoller Grenache Noir. <\/p>\n<p>Copyright Vinaturel 2025<\/p>\n<p>Keywords: <a href=\"https:\/\/wein-werte.com\/de\/shop\/?swoof=1&#038;pa_producer=Roche-Audran\">Roche-Audran<\/a> <a href=\"https:\/\/wein-werte.com\/de\/shop\/?swoof=1&#038;woof_text=C\u00f4tes du Rh\u00f4ne Rouge \"Cuv\u00e9e C\u00e9sar\" AOC\">C\u00f4tes du Rh\u00f4ne Rouge &#8220;Cuv\u00e9e C\u00e9sar&#8221; AOC<\/a> 2020 bio <a href=\"https:\/\/wein-werte.com\/shop\/?swoof=1&#038;pa_region=Rhone (S\u00fcd)\">Rhone-(S\u00fcd)<\/a> <a href=\"https:\/\/wein-werte.com\/de\/shop\/?swoof=1&#038;pa_country=Frankreich\">Frankreich<\/a><\/p>\n<p>Internetseite des Weinguts: <a href=\"https:\/\/roche-audran.fr\/\" target=\"_blank\">https:\/\/roche-audran.fr\/<\/a><\/p>\n","protected":false},"excerpt":{"rendered":"<div style=\"font-size: 14px;\">\n<p>Lieferzeit: 1 bis 2 Arbeitstage (DE), 2 bis 5 Arbeitstage (EU und CH)<\/p>\n<p>Ungef\u00e4hrer Energiegehalt pro 125-ml-Glas: 110 kcal<\/p>\n<\/p><\/div>\n","protected":false},"featured_media":1138866,"template":"","meta":[],"product_brand":[],"product_cat":[19],"product_tag":[],"class_list":{"0":"post-1126807","1":"product","2":"type-product","3":"status-publish","4":"has-post-thumbnail","6":"product_cat-unkategorisiert","7":"pa_alcohol-for-filter-12892","8":"pa_certified-biodynamic-ja-de","9":"pa_certified-organic-ja-de","10":"pa_colour-rot","11":"pa_country-frankreich","12":"pa_grape-grenache","13":"pa_price-for-filter-10627","14":"pa_producer-roche-audran","15":"pa_region-rhone-sued","16":"pa_size-ml-6584","17":"pa_sweetness-trocken-de","18":"pa_type-2-still-de","19":"pa_vintage-2020-de","20":"entry","21":"has-media","23":"first","24":"instock","25":"taxable","26":"shipping-taxable","27":"purchasable","28":"product-type-simple"},"yoast_head":"<!-- This site is optimized with the Yoast SEO plugin v27.6 - https:\/\/yoast.com\/product\/yoast-seo-wordpress\/ -->\n<title>Roche-Audran C\u00f4tes du Rh\u00f4ne rouge &quot;Cuv\u00e9e C\u00e9sar&quot; 2020<\/title>\n<meta name=\"description\" content=\"Kaufe Roche-Audran C\u00f4tes du Rh\u00f4ne rouge &quot;Cuv\u00e9e C\u00e9sar&quot; 2020 (Grenache, trocken aus Rhone (S\u00fcd), Frankreich) bei Wein Werte, Ihrem nachhaltigen Onlineshop.\" \/>\n<meta name=\"robots\" content=\"index, follow, max-snippet:-1, max-image-preview:large, max-video-preview:-1\" \/>\n<link rel=\"canonical\" href=\"https:\/\/wein-werte.com\/de\/produkt\/roche-audran-cotes-du-rhone-rouge-cuvee-cesar-2020-750ml\/\" \/>\n<meta property=\"og:locale\" content=\"de_DE\" \/>\n<meta property=\"og:type\" content=\"article\" \/>\n<meta property=\"og:title\" content=\"Roche-Audran C\u00f4tes du Rh\u00f4ne rouge &quot;Cuv\u00e9e C\u00e9sar&quot; 2020\" \/>\n<meta property=\"og:description\" content=\"Kaufe Roche-Audran C\u00f4tes du Rh\u00f4ne rouge &quot;Cuv\u00e9e C\u00e9sar&quot; 2020 (Grenache, trocken aus Rhone (S\u00fcd), Frankreich) bei Wein Werte, Ihrem nachhaltigen Onlineshop.\" \/>\n<meta property=\"og:url\" content=\"https:\/\/wein-werte.com\/de\/produkt\/roche-audran-cotes-du-rhone-rouge-cuvee-cesar-2020-750ml\/\" \/>\n<meta property=\"og:site_name\" content=\"Wein Werte\" \/>\n<meta property=\"article:modified_time\" content=\"2026-05-12T17:52:53+00:00\" \/>\n<meta property=\"og:image\" content=\"https:\/\/wein-werte.com\/wp-content\/uploads\/2026\/04\/Roche-Audran-Cotes-du-Rhone-rouge-Cuvee-Cesar-2020-750ml.png\" \/>\n\t<meta property=\"og:image:width\" content=\"328\" \/>\n\t<meta property=\"og:image:height\" content=\"1200\" \/>\n\t<meta property=\"og:image:type\" content=\"image\/png\" \/>\n<meta name=\"twitter:card\" content=\"summary_large_image\" \/>\n<meta name=\"twitter:label1\" content=\"Gesch\u00e4tzte Lesezeit\" \/>\n\t<meta name=\"twitter:data1\" content=\"1\u00a0Minute\" \/>\n<script type=\"application\/ld+json\" class=\"yoast-schema-graph\">{\"@context\":\"https:\\\/\\\/schema.org\",\"@graph\":[{\"@type\":\"WebPage\",\"@id\":\"https:\\\/\\\/wein-werte.com\\\/de\\\/produkt\\\/roche-audran-cotes-du-rhone-rouge-cuvee-cesar-2020-750ml\\\/\",\"url\":\"https:\\\/\\\/wein-werte.com\\\/de\\\/produkt\\\/roche-audran-cotes-du-rhone-rouge-cuvee-cesar-2020-750ml\\\/\",\"name\":\"Roche-Audran C\u00f4tes du Rh\u00f4ne rouge \\\"Cuv\u00e9e C\u00e9sar\\\" 2020\",\"isPartOf\":{\"@id\":\"https:\\\/\\\/wein-werte.com\\\/de\\\/#website\"},\"primaryImageOfPage\":{\"@id\":\"https:\\\/\\\/wein-werte.com\\\/de\\\/produkt\\\/roche-audran-cotes-du-rhone-rouge-cuvee-cesar-2020-750ml\\\/#primaryimage\"},\"image\":{\"@id\":\"https:\\\/\\\/wein-werte.com\\\/de\\\/produkt\\\/roche-audran-cotes-du-rhone-rouge-cuvee-cesar-2020-750ml\\\/#primaryimage\"},\"thumbnailUrl\":\"https:\\\/\\\/wein-werte.com\\\/wp-content\\\/uploads\\\/2026\\\/04\\\/Roche-Audran-Cotes-du-Rhone-rouge-Cuvee-Cesar-2020-750ml.png\",\"datePublished\":\"2026-05-12T13:37:11+00:00\",\"dateModified\":\"2026-05-12T17:52:53+00:00\",\"description\":\"Kaufe Roche-Audran C\u00f4tes du Rh\u00f4ne rouge \\\"Cuv\u00e9e C\u00e9sar\\\" 2020 (Grenache, trocken aus Rhone (S\u00fcd), Frankreich) bei Wein Werte, Ihrem nachhaltigen Onlineshop.\",\"breadcrumb\":{\"@id\":\"https:\\\/\\\/wein-werte.com\\\/de\\\/produkt\\\/roche-audran-cotes-du-rhone-rouge-cuvee-cesar-2020-750ml\\\/#breadcrumb\"},\"inLanguage\":\"de\",\"potentialAction\":[{\"@type\":\"ReadAction\",\"target\":[\"https:\\\/\\\/wein-werte.com\\\/de\\\/produkt\\\/roche-audran-cotes-du-rhone-rouge-cuvee-cesar-2020-750ml\\\/\"]}]},{\"@type\":\"ImageObject\",\"inLanguage\":\"de\",\"@id\":\"https:\\\/\\\/wein-werte.com\\\/de\\\/produkt\\\/roche-audran-cotes-du-rhone-rouge-cuvee-cesar-2020-750ml\\\/#primaryimage\",\"url\":\"https:\\\/\\\/wein-werte.com\\\/wp-content\\\/uploads\\\/2026\\\/04\\\/Roche-Audran-Cotes-du-Rhone-rouge-Cuvee-Cesar-2020-750ml.png\",\"contentUrl\":\"https:\\\/\\\/wein-werte.com\\\/wp-content\\\/uploads\\\/2026\\\/04\\\/Roche-Audran-Cotes-du-Rhone-rouge-Cuvee-Cesar-2020-750ml.png\",\"width\":328,\"height\":1200,\"caption\":\"Roche-Audran C\u00f4tes du Rh\u00f4ne Rouge \\\"Cuv\u00e9e C\u00e9sar\\\" AOC 2020 750ml\"},{\"@type\":\"BreadcrumbList\",\"@id\":\"https:\\\/\\\/wein-werte.com\\\/de\\\/produkt\\\/roche-audran-cotes-du-rhone-rouge-cuvee-cesar-2020-750ml\\\/#breadcrumb\",\"itemListElement\":[{\"@type\":\"ListItem\",\"position\":1,\"name\":\"Home\",\"item\":\"https:\\\/\\\/wein-werte.com\\\/de\\\/\"},{\"@type\":\"ListItem\",\"position\":2,\"name\":\"Shop\",\"item\":\"https:\\\/\\\/wein-werte.com\\\/de\\\/shop\\\/\"},{\"@type\":\"ListItem\",\"position\":3,\"name\":\"Roche-Audran | Rhone (S\u00fcd) | C\u00f4tes du Rh\u00f4ne Rouge &#8220;Cuv\u00e9e C\u00e9sar&#8221; AOC | 2020 | 750ml | bio\"}]},{\"@type\":\"WebSite\",\"@id\":\"https:\\\/\\\/wein-werte.com\\\/de\\\/#website\",\"url\":\"https:\\\/\\\/wein-werte.com\\\/de\\\/\",\"name\":\"Wein Werte\",\"description\":\"\",\"publisher\":{\"@id\":\"https:\\\/\\\/wein-werte.com\\\/de\\\/#organization\"},\"potentialAction\":[{\"@type\":\"SearchAction\",\"target\":{\"@type\":\"EntryPoint\",\"urlTemplate\":\"https:\\\/\\\/wein-werte.com\\\/de\\\/?s={search_term_string}\"},\"query-input\":{\"@type\":\"PropertyValueSpecification\",\"valueRequired\":true,\"valueName\":\"search_term_string\"}}],\"inLanguage\":\"de\"},{\"@type\":\"Organization\",\"@id\":\"https:\\\/\\\/wein-werte.com\\\/de\\\/#organization\",\"name\":\"Vins Fins Thorrold\",\"url\":\"https:\\\/\\\/wein-werte.com\\\/de\\\/\",\"logo\":{\"@type\":\"ImageObject\",\"inLanguage\":\"de\",\"@id\":\"https:\\\/\\\/wein-werte.com\\\/de\\\/#\\\/schema\\\/logo\\\/image\\\/\",\"url\":\"https:\\\/\\\/wein-werte.com\\\/wp-content\\\/uploads\\\/2023\\\/07\\\/Wein_werte_Logo700-1.png\",\"contentUrl\":\"https:\\\/\\\/wein-werte.com\\\/wp-content\\\/uploads\\\/2023\\\/07\\\/Wein_werte_Logo700-1.png\",\"width\":700,\"height\":272,\"caption\":\"Vins Fins Thorrold\"},\"image\":{\"@id\":\"https:\\\/\\\/wein-werte.com\\\/de\\\/#\\\/schema\\\/logo\\\/image\\\/\"}}]}<\/script>\n<!-- \/ Yoast SEO plugin. -->","yoast_head_json":{"title":"Roche-Audran C\u00f4tes du Rh\u00f4ne rouge \"Cuv\u00e9e C\u00e9sar\" 2020","description":"Kaufe Roche-Audran C\u00f4tes du Rh\u00f4ne rouge \"Cuv\u00e9e C\u00e9sar\" 2020 (Grenache, trocken aus Rhone (S\u00fcd), Frankreich) bei Wein Werte, Ihrem nachhaltigen Onlineshop.","robots":{"index":"index","follow":"follow","max-snippet":"max-snippet:-1","max-image-preview":"max-image-preview:large","max-video-preview":"max-video-preview:-1"},"canonical":"https:\/\/wein-werte.com\/de\/produkt\/roche-audran-cotes-du-rhone-rouge-cuvee-cesar-2020-750ml\/","og_locale":"de_DE","og_type":"article","og_title":"Roche-Audran C\u00f4tes du Rh\u00f4ne rouge \"Cuv\u00e9e C\u00e9sar\" 2020","og_description":"Kaufe Roche-Audran C\u00f4tes du Rh\u00f4ne rouge \"Cuv\u00e9e C\u00e9sar\" 2020 (Grenache, trocken aus Rhone (S\u00fcd), Frankreich) bei Wein Werte, Ihrem nachhaltigen Onlineshop.","og_url":"https:\/\/wein-werte.com\/de\/produkt\/roche-audran-cotes-du-rhone-rouge-cuvee-cesar-2020-750ml\/","og_site_name":"Wein Werte","article_modified_time":"2026-05-12T17:52:53+00:00","og_image":[{"width":328,"height":1200,"url":"https:\/\/wein-werte.com\/wp-content\/uploads\/2026\/04\/Roche-Audran-Cotes-du-Rhone-rouge-Cuvee-Cesar-2020-750ml.png","type":"image\/png"}],"twitter_card":"summary_large_image","twitter_misc":{"Gesch\u00e4tzte Lesezeit":"1\u00a0Minute"},"schema":{"@context":"https:\/\/schema.org","@graph":[{"@type":"WebPage","@id":"https:\/\/wein-werte.com\/de\/produkt\/roche-audran-cotes-du-rhone-rouge-cuvee-cesar-2020-750ml\/","url":"https:\/\/wein-werte.com\/de\/produkt\/roche-audran-cotes-du-rhone-rouge-cuvee-cesar-2020-750ml\/","name":"Roche-Audran C\u00f4tes du Rh\u00f4ne rouge \"Cuv\u00e9e C\u00e9sar\" 2020","isPartOf":{"@id":"https:\/\/wein-werte.com\/de\/#website"},"primaryImageOfPage":{"@id":"https:\/\/wein-werte.com\/de\/produkt\/roche-audran-cotes-du-rhone-rouge-cuvee-cesar-2020-750ml\/#primaryimage"},"image":{"@id":"https:\/\/wein-werte.com\/de\/produkt\/roche-audran-cotes-du-rhone-rouge-cuvee-cesar-2020-750ml\/#primaryimage"},"thumbnailUrl":"https:\/\/wein-werte.com\/wp-content\/uploads\/2026\/04\/Roche-Audran-Cotes-du-Rhone-rouge-Cuvee-Cesar-2020-750ml.png","datePublished":"2026-05-12T13:37:11+00:00","dateModified":"2026-05-12T17:52:53+00:00","description":"Kaufe Roche-Audran C\u00f4tes du Rh\u00f4ne rouge \"Cuv\u00e9e C\u00e9sar\" 2020 (Grenache, trocken aus Rhone (S\u00fcd), Frankreich) bei Wein Werte, Ihrem nachhaltigen Onlineshop.","breadcrumb":{"@id":"https:\/\/wein-werte.com\/de\/produkt\/roche-audran-cotes-du-rhone-rouge-cuvee-cesar-2020-750ml\/#breadcrumb"},"inLanguage":"de","potentialAction":[{"@type":"ReadAction","target":["https:\/\/wein-werte.com\/de\/produkt\/roche-audran-cotes-du-rhone-rouge-cuvee-cesar-2020-750ml\/"]}]},{"@type":"ImageObject","inLanguage":"de","@id":"https:\/\/wein-werte.com\/de\/produkt\/roche-audran-cotes-du-rhone-rouge-cuvee-cesar-2020-750ml\/#primaryimage","url":"https:\/\/wein-werte.com\/wp-content\/uploads\/2026\/04\/Roche-Audran-Cotes-du-Rhone-rouge-Cuvee-Cesar-2020-750ml.png","contentUrl":"https:\/\/wein-werte.com\/wp-content\/uploads\/2026\/04\/Roche-Audran-Cotes-du-Rhone-rouge-Cuvee-Cesar-2020-750ml.png","width":328,"height":1200,"caption":"Roche-Audran C\u00f4tes du Rh\u00f4ne Rouge \"Cuv\u00e9e C\u00e9sar\" AOC 2020 750ml"},{"@type":"BreadcrumbList","@id":"https:\/\/wein-werte.com\/de\/produkt\/roche-audran-cotes-du-rhone-rouge-cuvee-cesar-2020-750ml\/#breadcrumb","itemListElement":[{"@type":"ListItem","position":1,"name":"Home","item":"https:\/\/wein-werte.com\/de\/"},{"@type":"ListItem","position":2,"name":"Shop","item":"https:\/\/wein-werte.com\/de\/shop\/"},{"@type":"ListItem","position":3,"name":"Roche-Audran | Rhone (S\u00fcd) | C\u00f4tes du Rh\u00f4ne Rouge &#8220;Cuv\u00e9e C\u00e9sar&#8221; AOC | 2020 | 750ml | bio"}]},{"@type":"WebSite","@id":"https:\/\/wein-werte.com\/de\/#website","url":"https:\/\/wein-werte.com\/de\/","name":"Wein Werte","description":"","publisher":{"@id":"https:\/\/wein-werte.com\/de\/#organization"},"potentialAction":[{"@type":"SearchAction","target":{"@type":"EntryPoint","urlTemplate":"https:\/\/wein-werte.com\/de\/?s={search_term_string}"},"query-input":{"@type":"PropertyValueSpecification","valueRequired":true,"valueName":"search_term_string"}}],"inLanguage":"de"},{"@type":"Organization","@id":"https:\/\/wein-werte.com\/de\/#organization","name":"Vins Fins Thorrold","url":"https:\/\/wein-werte.com\/de\/","logo":{"@type":"ImageObject","inLanguage":"de","@id":"https:\/\/wein-werte.com\/de\/#\/schema\/logo\/image\/","url":"https:\/\/wein-werte.com\/wp-content\/uploads\/2023\/07\/Wein_werte_Logo700-1.png","contentUrl":"https:\/\/wein-werte.com\/wp-content\/uploads\/2023\/07\/Wein_werte_Logo700-1.png","width":700,"height":272,"caption":"Vins Fins Thorrold"},"image":{"@id":"https:\/\/wein-werte.com\/de\/#\/schema\/logo\/image\/"}}]}},"_links":{"self":[{"href":"https:\/\/wein-werte.com\/de\/wp-json\/wp\/v2\/product\/1126807","targetHints":{"allow":["GET"]}}],"collection":[{"href":"https:\/\/wein-werte.com\/de\/wp-json\/wp\/v2\/product"}],"about":[{"href":"https:\/\/wein-werte.com\/de\/wp-json\/wp\/v2\/types\/product"}],"wp:featuredmedia":[{"embeddable":true,"href":"https:\/\/wein-werte.com\/de\/wp-json\/wp\/v2\/media\/1138866"}],"wp:attachment":[{"href":"https:\/\/wein-werte.com\/de\/wp-json\/wp\/v2\/media?parent=1126807"}],"wp:term":[{"taxonomy":"product_brand","embeddable":true,"href":"https:\/\/wein-werte.com\/de\/wp-json\/wp\/v2\/product_brand?post=1126807"},{"taxonomy":"product_cat","embeddable":true,"href":"https:\/\/wein-werte.com\/de\/wp-json\/wp\/v2\/product_cat?post=1126807"},{"taxonomy":"product_tag","embeddable":true,"href":"https:\/\/wein-werte.com\/de\/wp-json\/wp\/v2\/product_tag?post=1126807"}],"curies":[{"name":"wp","href":"https:\/\/api.w.org\/{rel}","templated":true}]}}