{"id":1126789,"date":"2026-05-05T18:10:32","date_gmt":"2026-05-05T16:10:32","guid":{"rendered":"https:\/\/wein-werte.com\/product\/kiralyudvar-tokaji-furmint-sec-2021-750ml\/"},"modified":"2026-04-27T11:39:49","modified_gmt":"2026-04-27T09:39:49","slug":"kiralyudvar-tokaji-furmint-sec-2021-750ml","status":"publish","type":"product","link":"https:\/\/wein-werte.com\/de\/produkt\/kiralyudvar-tokaji-furmint-sec-2021-750ml\/","title":{"rendered":"Kir\u00e1lyudvar | Tokaj | Tokaji Furmint Sec | 2021 | 750ml"},"content":{"rendered":"<p>Produktbeschreibung f\u00fcr Kir\u00e1lyudvar Tokaji Furmint Sec 2021  <\/p>\n<h5>Info<\/h5>\n<p> 88% Furmint, 12 % H\u00e1rslevel\u00fc. Die Lese von den Weinbergslagen Percze, Henye, Lapsis, Suba, Betsek und Nyulaszo war im September 2021, nach dem Ausbau von 8 Monaten in 100% Ungarischer Eiche (5hl, 16hl) fand die Flaschenf\u00fcllung im Juli 2022 statt. <\/p>\n<h5>Farbe<\/h5>\n<p> Helles Strohgelb mit silbrigen Reflexen. <\/p>\n<h5>Nase<\/h5>\n<p> Der 2021er Tokaji Furmit Sec von Kiralyudvar duftet nach Honigmelone, Zitrone, frischen Trauben, Bl\u00fcten und Mont\u00e9limar Nougat. Seine feine und verspielte Mineralit\u00e4t ist wundersch\u00f6n in sein charmantes Aroma verwobenen, Eindr\u00fccke von Apfel- und Zitrusschale verst\u00e4rken den \u00fcberaus frischen Eindruck. <\/p>\n<h5>Gaumen<\/h5>\n<p> Auf der Zunge treffen wir auf die frischen und zugleich anregenden Fruchtnoten der Nase, die verspielte und betonte S\u00e4ure l\u00e4sst den Speichel flie\u00dfen und regt den Trinkfluss angenehm an. Feine herbe Noten machen Appetit auf die Begleitung von Essen, dass sich perfekt mit den Aromen des Weines vereint. <\/p>\n<p>Copyright Vinaturel 2025<\/p>\n<p>Keywords: <a href=\"https:\/\/wein-werte.com\/de\/shop\/?swoof=1&#038;pa_producer=Kir\u00e1lyudvar\">Kir\u00e1lyudvar<\/a> <a href=\"https:\/\/wein-werte.com\/de\/shop\/?swoof=1&#038;woof_text=Tokaji Furmint Sec\">Tokaji Furmint Sec<\/a> 2021  <a href=\"https:\/\/wein-werte.com\/de\/shop\/?swoof=1&#038;pa_region=Tokaj\">Tokaj<\/a> <a href=\"https:\/\/wein-werte.com\/de\/shop\/?swoof=1&#038;pa_country=Ungarn\">Ungarn<\/a><\/p>\n<p>Internetseite des Weinguts: <a href=\"https:\/\/www.kiralyudvar.com\/\" target=\"_blank\">https:\/\/www.kiralyudvar.com\/<\/a><\/p>\n","protected":false},"excerpt":{"rendered":"<p>Lieferzeit: 1 bis 2 Arbeitstage (DE), 2 bis 5 Arbeitstage (EU and CH)<\/p>\n","protected":false},"featured_media":1138852,"template":"","meta":[],"product_brand":[],"product_cat":[19],"product_tag":[],"class_list":{"0":"post-1126789","1":"product","2":"type-product","3":"status-publish","4":"has-post-thumbnail","6":"product_cat-unkategorisiert","7":"pa_alcohol-for-filter-13-5","8":"pa_certified-biodynamic-nein-de","9":"pa_certified-organic-nein-de","10":"pa_colour-weiss","11":"pa_country-ungarn","12":"pa_grape-furmint-cuvee","13":"pa_price-for-filter-10582","14":"pa_producer-kiralyudvar","15":"pa_region-tokaj","16":"pa_size-ml-6584","17":"pa_sweetness-trocken-de","18":"pa_type-2-still-de","19":"pa_vintage-2021-de","20":"entry","21":"has-media","23":"first","24":"instock","25":"taxable","26":"shipping-taxable","27":"purchasable","28":"product-type-simple"},"yoast_head":"<!-- This site is optimized with the Yoast SEO plugin v27.5 - https:\/\/yoast.com\/product\/yoast-seo-wordpress\/ -->\n<title>Kir\u00e1lyudvar Tokaji Furmint Sec 2021<\/title>\n<meta name=\"description\" content=\"Kaufe Kir\u00e1lyudvar Tokaji Furmint Sec 2021 (Furmint Cuv\u00e9e, trocken aus Tokaj, Ungarn) bei Wein Werte, Ihrem nachhaltigen Onlineshop.\" \/>\n<meta name=\"robots\" content=\"index, follow, max-snippet:-1, max-image-preview:large, max-video-preview:-1\" \/>\n<link rel=\"canonical\" href=\"https:\/\/wein-werte.com\/de\/produkt\/kiralyudvar-tokaji-furmint-sec-2021-750ml\/\" \/>\n<meta property=\"og:locale\" content=\"de_DE\" \/>\n<meta property=\"og:type\" content=\"article\" \/>\n<meta property=\"og:title\" content=\"Kir\u00e1lyudvar Tokaji Furmint Sec 2021\" \/>\n<meta property=\"og:description\" content=\"Kaufe Kir\u00e1lyudvar Tokaji Furmint Sec 2021 (Furmint Cuv\u00e9e, trocken aus Tokaj, Ungarn) bei Wein Werte, Ihrem nachhaltigen Onlineshop.\" \/>\n<meta property=\"og:url\" content=\"https:\/\/wein-werte.com\/de\/produkt\/kiralyudvar-tokaji-furmint-sec-2021-750ml\/\" \/>\n<meta property=\"og:site_name\" content=\"Wein Werte\" \/>\n<meta property=\"og:image\" content=\"https:\/\/wein-werte.com\/wp-content\/uploads\/2026\/04\/Kiralyudvar-Tokaji-Furmint-Sec-2021-750ml.png\" \/>\n\t<meta property=\"og:image:width\" content=\"354\" \/>\n\t<meta property=\"og:image:height\" content=\"1200\" \/>\n\t<meta property=\"og:image:type\" content=\"image\/png\" \/>\n<meta name=\"twitter:card\" content=\"summary_large_image\" \/>\n<meta name=\"twitter:label1\" content=\"Gesch\u00e4tzte Lesezeit\" \/>\n\t<meta name=\"twitter:data1\" content=\"1\u00a0Minute\" \/>\n<script type=\"application\/ld+json\" class=\"yoast-schema-graph\">{\"@context\":\"https:\\\/\\\/schema.org\",\"@graph\":[{\"@type\":\"WebPage\",\"@id\":\"https:\\\/\\\/wein-werte.com\\\/de\\\/produkt\\\/kiralyudvar-tokaji-furmint-sec-2021-750ml\\\/\",\"url\":\"https:\\\/\\\/wein-werte.com\\\/de\\\/produkt\\\/kiralyudvar-tokaji-furmint-sec-2021-750ml\\\/\",\"name\":\"Kir\u00e1lyudvar Tokaji Furmint Sec 2021\",\"isPartOf\":{\"@id\":\"https:\\\/\\\/wein-werte.com\\\/de\\\/#website\"},\"primaryImageOfPage\":{\"@id\":\"https:\\\/\\\/wein-werte.com\\\/de\\\/produkt\\\/kiralyudvar-tokaji-furmint-sec-2021-750ml\\\/#primaryimage\"},\"image\":{\"@id\":\"https:\\\/\\\/wein-werte.com\\\/de\\\/produkt\\\/kiralyudvar-tokaji-furmint-sec-2021-750ml\\\/#primaryimage\"},\"thumbnailUrl\":\"https:\\\/\\\/wein-werte.com\\\/wp-content\\\/uploads\\\/2026\\\/04\\\/Kiralyudvar-Tokaji-Furmint-Sec-2021-750ml.png\",\"datePublished\":\"2026-05-05T16:10:32+00:00\",\"description\":\"Kaufe Kir\u00e1lyudvar Tokaji Furmint Sec 2021 (Furmint Cuv\u00e9e, trocken aus Tokaj, Ungarn) bei Wein Werte, Ihrem nachhaltigen Onlineshop.\",\"breadcrumb\":{\"@id\":\"https:\\\/\\\/wein-werte.com\\\/de\\\/produkt\\\/kiralyudvar-tokaji-furmint-sec-2021-750ml\\\/#breadcrumb\"},\"inLanguage\":\"de\",\"potentialAction\":[{\"@type\":\"ReadAction\",\"target\":[\"https:\\\/\\\/wein-werte.com\\\/de\\\/produkt\\\/kiralyudvar-tokaji-furmint-sec-2021-750ml\\\/\"]}]},{\"@type\":\"ImageObject\",\"inLanguage\":\"de\",\"@id\":\"https:\\\/\\\/wein-werte.com\\\/de\\\/produkt\\\/kiralyudvar-tokaji-furmint-sec-2021-750ml\\\/#primaryimage\",\"url\":\"https:\\\/\\\/wein-werte.com\\\/wp-content\\\/uploads\\\/2026\\\/04\\\/Kiralyudvar-Tokaji-Furmint-Sec-2021-750ml.png\",\"contentUrl\":\"https:\\\/\\\/wein-werte.com\\\/wp-content\\\/uploads\\\/2026\\\/04\\\/Kiralyudvar-Tokaji-Furmint-Sec-2021-750ml.png\",\"width\":354,\"height\":1200,\"caption\":\"Kir\u00e1lyudvar Tokaji Furmint Sec 2021 750ml\"},{\"@type\":\"BreadcrumbList\",\"@id\":\"https:\\\/\\\/wein-werte.com\\\/de\\\/produkt\\\/kiralyudvar-tokaji-furmint-sec-2021-750ml\\\/#breadcrumb\",\"itemListElement\":[{\"@type\":\"ListItem\",\"position\":1,\"name\":\"Home\",\"item\":\"https:\\\/\\\/wein-werte.com\\\/de\\\/\"},{\"@type\":\"ListItem\",\"position\":2,\"name\":\"Shop\",\"item\":\"https:\\\/\\\/wein-werte.com\\\/de\\\/shop\\\/\"},{\"@type\":\"ListItem\",\"position\":3,\"name\":\"Kir\u00e1lyudvar | Tokaj | Tokaji Furmint Sec | 2021 | 750ml\"}]},{\"@type\":\"WebSite\",\"@id\":\"https:\\\/\\\/wein-werte.com\\\/de\\\/#website\",\"url\":\"https:\\\/\\\/wein-werte.com\\\/de\\\/\",\"name\":\"Wein Werte\",\"description\":\"\",\"publisher\":{\"@id\":\"https:\\\/\\\/wein-werte.com\\\/de\\\/#organization\"},\"potentialAction\":[{\"@type\":\"SearchAction\",\"target\":{\"@type\":\"EntryPoint\",\"urlTemplate\":\"https:\\\/\\\/wein-werte.com\\\/de\\\/?s={search_term_string}\"},\"query-input\":{\"@type\":\"PropertyValueSpecification\",\"valueRequired\":true,\"valueName\":\"search_term_string\"}}],\"inLanguage\":\"de\"},{\"@type\":\"Organization\",\"@id\":\"https:\\\/\\\/wein-werte.com\\\/de\\\/#organization\",\"name\":\"Vins Fins Thorrold\",\"url\":\"https:\\\/\\\/wein-werte.com\\\/de\\\/\",\"logo\":{\"@type\":\"ImageObject\",\"inLanguage\":\"de\",\"@id\":\"https:\\\/\\\/wein-werte.com\\\/de\\\/#\\\/schema\\\/logo\\\/image\\\/\",\"url\":\"https:\\\/\\\/wein-werte.com\\\/wp-content\\\/uploads\\\/2023\\\/07\\\/Wein_werte_Logo700-1.png\",\"contentUrl\":\"https:\\\/\\\/wein-werte.com\\\/wp-content\\\/uploads\\\/2023\\\/07\\\/Wein_werte_Logo700-1.png\",\"width\":700,\"height\":272,\"caption\":\"Vins Fins Thorrold\"},\"image\":{\"@id\":\"https:\\\/\\\/wein-werte.com\\\/de\\\/#\\\/schema\\\/logo\\\/image\\\/\"}}]}<\/script>\n<!-- \/ Yoast SEO plugin. -->","yoast_head_json":{"title":"Kir\u00e1lyudvar Tokaji Furmint Sec 2021","description":"Kaufe Kir\u00e1lyudvar Tokaji Furmint Sec 2021 (Furmint Cuv\u00e9e, trocken aus Tokaj, Ungarn) bei Wein Werte, Ihrem nachhaltigen Onlineshop.","robots":{"index":"index","follow":"follow","max-snippet":"max-snippet:-1","max-image-preview":"max-image-preview:large","max-video-preview":"max-video-preview:-1"},"canonical":"https:\/\/wein-werte.com\/de\/produkt\/kiralyudvar-tokaji-furmint-sec-2021-750ml\/","og_locale":"de_DE","og_type":"article","og_title":"Kir\u00e1lyudvar Tokaji Furmint Sec 2021","og_description":"Kaufe Kir\u00e1lyudvar Tokaji Furmint Sec 2021 (Furmint Cuv\u00e9e, trocken aus Tokaj, Ungarn) bei Wein Werte, Ihrem nachhaltigen Onlineshop.","og_url":"https:\/\/wein-werte.com\/de\/produkt\/kiralyudvar-tokaji-furmint-sec-2021-750ml\/","og_site_name":"Wein Werte","og_image":[{"width":354,"height":1200,"url":"https:\/\/wein-werte.com\/wp-content\/uploads\/2026\/04\/Kiralyudvar-Tokaji-Furmint-Sec-2021-750ml.png","type":"image\/png"}],"twitter_card":"summary_large_image","twitter_misc":{"Gesch\u00e4tzte Lesezeit":"1\u00a0Minute"},"schema":{"@context":"https:\/\/schema.org","@graph":[{"@type":"WebPage","@id":"https:\/\/wein-werte.com\/de\/produkt\/kiralyudvar-tokaji-furmint-sec-2021-750ml\/","url":"https:\/\/wein-werte.com\/de\/produkt\/kiralyudvar-tokaji-furmint-sec-2021-750ml\/","name":"Kir\u00e1lyudvar Tokaji Furmint Sec 2021","isPartOf":{"@id":"https:\/\/wein-werte.com\/de\/#website"},"primaryImageOfPage":{"@id":"https:\/\/wein-werte.com\/de\/produkt\/kiralyudvar-tokaji-furmint-sec-2021-750ml\/#primaryimage"},"image":{"@id":"https:\/\/wein-werte.com\/de\/produkt\/kiralyudvar-tokaji-furmint-sec-2021-750ml\/#primaryimage"},"thumbnailUrl":"https:\/\/wein-werte.com\/wp-content\/uploads\/2026\/04\/Kiralyudvar-Tokaji-Furmint-Sec-2021-750ml.png","datePublished":"2026-05-05T16:10:32+00:00","description":"Kaufe Kir\u00e1lyudvar Tokaji Furmint Sec 2021 (Furmint Cuv\u00e9e, trocken aus Tokaj, Ungarn) bei Wein Werte, Ihrem nachhaltigen Onlineshop.","breadcrumb":{"@id":"https:\/\/wein-werte.com\/de\/produkt\/kiralyudvar-tokaji-furmint-sec-2021-750ml\/#breadcrumb"},"inLanguage":"de","potentialAction":[{"@type":"ReadAction","target":["https:\/\/wein-werte.com\/de\/produkt\/kiralyudvar-tokaji-furmint-sec-2021-750ml\/"]}]},{"@type":"ImageObject","inLanguage":"de","@id":"https:\/\/wein-werte.com\/de\/produkt\/kiralyudvar-tokaji-furmint-sec-2021-750ml\/#primaryimage","url":"https:\/\/wein-werte.com\/wp-content\/uploads\/2026\/04\/Kiralyudvar-Tokaji-Furmint-Sec-2021-750ml.png","contentUrl":"https:\/\/wein-werte.com\/wp-content\/uploads\/2026\/04\/Kiralyudvar-Tokaji-Furmint-Sec-2021-750ml.png","width":354,"height":1200,"caption":"Kir\u00e1lyudvar Tokaji Furmint Sec 2021 750ml"},{"@type":"BreadcrumbList","@id":"https:\/\/wein-werte.com\/de\/produkt\/kiralyudvar-tokaji-furmint-sec-2021-750ml\/#breadcrumb","itemListElement":[{"@type":"ListItem","position":1,"name":"Home","item":"https:\/\/wein-werte.com\/de\/"},{"@type":"ListItem","position":2,"name":"Shop","item":"https:\/\/wein-werte.com\/de\/shop\/"},{"@type":"ListItem","position":3,"name":"Kir\u00e1lyudvar | Tokaj | Tokaji Furmint Sec | 2021 | 750ml"}]},{"@type":"WebSite","@id":"https:\/\/wein-werte.com\/de\/#website","url":"https:\/\/wein-werte.com\/de\/","name":"Wein Werte","description":"","publisher":{"@id":"https:\/\/wein-werte.com\/de\/#organization"},"potentialAction":[{"@type":"SearchAction","target":{"@type":"EntryPoint","urlTemplate":"https:\/\/wein-werte.com\/de\/?s={search_term_string}"},"query-input":{"@type":"PropertyValueSpecification","valueRequired":true,"valueName":"search_term_string"}}],"inLanguage":"de"},{"@type":"Organization","@id":"https:\/\/wein-werte.com\/de\/#organization","name":"Vins Fins Thorrold","url":"https:\/\/wein-werte.com\/de\/","logo":{"@type":"ImageObject","inLanguage":"de","@id":"https:\/\/wein-werte.com\/de\/#\/schema\/logo\/image\/","url":"https:\/\/wein-werte.com\/wp-content\/uploads\/2023\/07\/Wein_werte_Logo700-1.png","contentUrl":"https:\/\/wein-werte.com\/wp-content\/uploads\/2023\/07\/Wein_werte_Logo700-1.png","width":700,"height":272,"caption":"Vins Fins Thorrold"},"image":{"@id":"https:\/\/wein-werte.com\/de\/#\/schema\/logo\/image\/"}}]}},"_links":{"self":[{"href":"https:\/\/wein-werte.com\/de\/wp-json\/wp\/v2\/product\/1126789","targetHints":{"allow":["GET"]}}],"collection":[{"href":"https:\/\/wein-werte.com\/de\/wp-json\/wp\/v2\/product"}],"about":[{"href":"https:\/\/wein-werte.com\/de\/wp-json\/wp\/v2\/types\/product"}],"wp:featuredmedia":[{"embeddable":true,"href":"https:\/\/wein-werte.com\/de\/wp-json\/wp\/v2\/media\/1138852"}],"wp:attachment":[{"href":"https:\/\/wein-werte.com\/de\/wp-json\/wp\/v2\/media?parent=1126789"}],"wp:term":[{"taxonomy":"product_brand","embeddable":true,"href":"https:\/\/wein-werte.com\/de\/wp-json\/wp\/v2\/product_brand?post=1126789"},{"taxonomy":"product_cat","embeddable":true,"href":"https:\/\/wein-werte.com\/de\/wp-json\/wp\/v2\/product_cat?post=1126789"},{"taxonomy":"product_tag","embeddable":true,"href":"https:\/\/wein-werte.com\/de\/wp-json\/wp\/v2\/product_tag?post=1126789"}],"curies":[{"name":"wp","href":"https:\/\/api.w.org\/{rel}","templated":true}]}}