{"id":1126779,"date":"2026-05-05T18:10:32","date_gmt":"2026-05-05T16:10:32","guid":{"rendered":"https:\/\/wein-werte.com\/product\/kiralyudvar-tokaji-cuvee-patricia-2018-500ml\/"},"modified":"2026-04-27T11:39:49","modified_gmt":"2026-04-27T09:39:49","slug":"kiralyudvar-tokaji-cuvee-patricia-2018-500ml","status":"publish","type":"product","link":"https:\/\/wein-werte.com\/de\/produkt\/kiralyudvar-tokaji-cuvee-patricia-2018-500ml\/","title":{"rendered":"Kir\u00e1lyudvar | Tokaj | Tokaji Cuv\u00e9e Patricia | 2018 | 500ml"},"content":{"rendered":"<p>Produktbeschreibung f\u00fcr Kir\u00e1lyudvar Tokaji Cuv\u00e9e Patricia 2018 <\/p>\n<p> Christoph Raffelt: Auch am Gaumen zeigt sich der edels\u00fc\u00dfe Muskat wunderbar k\u00fchl, frisch und hell mit einer pikanten, mineralischen S\u00e4ure und einem ganzen Korb voller gelber Fr\u00fcchte. Apfel, Birne, vor allem aber Zitronen und Grapefruit und ein St\u00fcck Bitterorange werden von Kr\u00e4utern, einem Hauch Bl\u00fctenhonig und einer leicht herben, wiederum erfrischenden Note begleitet. So t\u00e4nzelnd, so schwebend leicht und trotzdem intensiv kann Tokaji sein. <\/p>\n<h5>Informationen zum Wein<\/h5>\n<p> Aus 100 % S\u00e1rga Muskot\u00e1ly (Gelber Muskateller) besteht diese Auslese aus dem Danczka-Weingarten. Die Trauben wurden am 17. und 18. September 2018 gelesen. Der Wein reifte nach spontaner G\u00e4rung in 2,25-Hektoliter-Fudern aus slawonischer Eiche. Nach sechs Monaten wurde er mit 11 % Alkohol, 153 Gramm Restzucker und 6,87 Gramm S\u00e4ure bei 3,29 pH gef\u00fcllt. <\/p>\n<h5>Farbe<\/h5>\n<p> strahlendes Goldgelb <\/p>\n<h5>Nase<\/h5>\n<p> Die Cuv\u00e9e \u00bbPatricia\u00ab 2018 pr\u00e4sentiert sich fein und elegant mit einem Auftakt von Lemoncurd und Vanille in noch lauwarmem Bl\u00e4tterteig. Dar\u00fcber liegen Noten von Lindenbl\u00fcten und Rosen, darunter etwas k\u00fchler Stein und Minze. Man erahnt die Konzentration und S\u00fc\u00dfe, aber im Duft wirkt der Wein beschwingt und hell. <\/p>\n<h5>Gaumen<\/h5>\n<p> Auch am Gaumen hat man all das, was schon die hinrei\u00dfend sch\u00f6ne Nase ausgemacht hat \u2013 nur um einige Ebenen erweitert. Da w\u00e4re die leicht viskose seidige Cremigkeit zu nennen, die f\u00fcr Noblesse sorgt. Da ist ferner die S\u00e4ure, die pr\u00e4sent und vital ist, die 153 Gramm Rests\u00fc\u00dfe balanciert, sich aber keineswegs in den Vordergrund spielt. Da ist zus\u00e4tzlich noch das dezent Bitter-Herbe von in Limoncello eingelegten Zitronenschalen, wiederum eine Komponente von Minze, aber auch etwas Salbei, was zusammen den Gesamteindruck noch komplexer macht. Schlie\u00dflich hat man den Eindruck, dass die Cuv\u00e9e \u00bbPatricia\u00ab zum Finale hin immer heller und schwereloser wird, trotz der Konzentration und F\u00fclle, die der Wein besitzt.<\/p>\n<p>Copyright Vinaturel 2025<\/p>\n<p>Keywords: <a href=\"https:\/\/wein-werte.com\/de\/shop\/?swoof=1&#038;pa_producer=Kir\u00e1lyudvar\">Kir\u00e1lyudvar<\/a> <a href=\"https:\/\/wein-werte.com\/de\/shop\/?swoof=1&#038;woof_text=Tokaji Cuv\u00e9e Patricia\">Tokaji Cuv\u00e9e Patricia<\/a> 2018  <a href=\"https:\/\/wein-werte.com\/de\/shop\/?swoof=1&#038;pa_region=Tokaj\">Tokaj<\/a> <a href=\"https:\/\/wein-werte.com\/de\/shop\/?swoof=1&#038;pa_country=Ungarn\">Ungarn<\/a><\/p>\n<p>Internetseite des Weinguts: <a href=\"https:\/\/www.kiralyudvar.com\/\" target=\"_blank\">https:\/\/www.kiralyudvar.com\/<\/a><\/p>\n","protected":false},"excerpt":{"rendered":"<p>Lieferzeit: 1 bis 2 Arbeitstage (DE), 2 bis 5 Arbeitstage (EU and CH)<\/p>\n","protected":false},"featured_media":1138844,"template":"","meta":[],"product_brand":[],"product_cat":[19],"product_tag":[],"class_list":{"0":"post-1126779","1":"product","2":"type-product","3":"status-publish","4":"has-post-thumbnail","6":"product_cat-unkategorisiert","7":"pa_alcohol-for-filter-12895","8":"pa_certified-biodynamic-nein-de","9":"pa_certified-organic-nein-de","10":"pa_colour-weiss","11":"pa_country-ungarn","12":"pa_grape-muskateller","13":"pa_price-for-filter-10646","14":"pa_producer-kiralyudvar","15":"pa_region-tokaj","16":"pa_size-ml-7001","17":"pa_sweetness-suess-de","18":"pa_type-2-still-de","19":"pa_vintage-2018-de","20":"entry","21":"has-media","23":"first","24":"instock","25":"taxable","26":"shipping-taxable","27":"purchasable","28":"product-type-simple"},"yoast_head":"<!-- This site is optimized with the Yoast SEO plugin v27.5 - https:\/\/yoast.com\/product\/yoast-seo-wordpress\/ -->\n<title>Kir\u00e1lyudvar Tokaji Cuv\u00e9e Patricia 2018, 500ml<\/title>\n<meta name=\"description\" content=\"Kaufe Kir\u00e1lyudvar Tokaji Cuv\u00e9e Patricia 2018 (Muskateller, s\u00fc\u00df aus Tokaj, Ungarn) bei Wein Werte, Ihrem nachhaltigen Onlineshop.\" \/>\n<meta name=\"robots\" content=\"index, follow, max-snippet:-1, max-image-preview:large, max-video-preview:-1\" \/>\n<link rel=\"canonical\" href=\"https:\/\/wein-werte.com\/de\/produkt\/kiralyudvar-tokaji-cuvee-patricia-2018-500ml\/\" \/>\n<meta property=\"og:locale\" content=\"de_DE\" \/>\n<meta property=\"og:type\" content=\"article\" \/>\n<meta property=\"og:title\" content=\"Kir\u00e1lyudvar Tokaji Cuv\u00e9e Patricia 2018, 500ml\" \/>\n<meta property=\"og:description\" content=\"Kaufe Kir\u00e1lyudvar Tokaji Cuv\u00e9e Patricia 2018 (Muskateller, s\u00fc\u00df aus Tokaj, Ungarn) bei Wein Werte, Ihrem nachhaltigen Onlineshop.\" \/>\n<meta property=\"og:url\" content=\"https:\/\/wein-werte.com\/de\/produkt\/kiralyudvar-tokaji-cuvee-patricia-2018-500ml\/\" \/>\n<meta property=\"og:site_name\" content=\"Wein Werte\" \/>\n<meta property=\"og:image\" content=\"https:\/\/wein-werte.com\/wp-content\/uploads\/2026\/04\/Kiralyudvar-Tokaji-Cuvee-Patricia-2018-500ml.png\" \/>\n\t<meta property=\"og:image:width\" content=\"263\" \/>\n\t<meta property=\"og:image:height\" content=\"1200\" \/>\n\t<meta property=\"og:image:type\" content=\"image\/png\" \/>\n<meta name=\"twitter:card\" content=\"summary_large_image\" \/>\n<meta name=\"twitter:label1\" content=\"Gesch\u00e4tzte Lesezeit\" \/>\n\t<meta name=\"twitter:data1\" content=\"2\u00a0Minuten\" \/>\n<script type=\"application\/ld+json\" class=\"yoast-schema-graph\">{\"@context\":\"https:\\\/\\\/schema.org\",\"@graph\":[{\"@type\":\"WebPage\",\"@id\":\"https:\\\/\\\/wein-werte.com\\\/de\\\/produkt\\\/kiralyudvar-tokaji-cuvee-patricia-2018-500ml\\\/\",\"url\":\"https:\\\/\\\/wein-werte.com\\\/de\\\/produkt\\\/kiralyudvar-tokaji-cuvee-patricia-2018-500ml\\\/\",\"name\":\"Kir\u00e1lyudvar Tokaji Cuv\u00e9e Patricia 2018, 500ml\",\"isPartOf\":{\"@id\":\"https:\\\/\\\/wein-werte.com\\\/de\\\/#website\"},\"primaryImageOfPage\":{\"@id\":\"https:\\\/\\\/wein-werte.com\\\/de\\\/produkt\\\/kiralyudvar-tokaji-cuvee-patricia-2018-500ml\\\/#primaryimage\"},\"image\":{\"@id\":\"https:\\\/\\\/wein-werte.com\\\/de\\\/produkt\\\/kiralyudvar-tokaji-cuvee-patricia-2018-500ml\\\/#primaryimage\"},\"thumbnailUrl\":\"https:\\\/\\\/wein-werte.com\\\/wp-content\\\/uploads\\\/2026\\\/04\\\/Kiralyudvar-Tokaji-Cuvee-Patricia-2018-500ml.png\",\"datePublished\":\"2026-05-05T16:10:32+00:00\",\"description\":\"Kaufe Kir\u00e1lyudvar Tokaji Cuv\u00e9e Patricia 2018 (Muskateller, s\u00fc\u00df aus Tokaj, Ungarn) bei Wein Werte, Ihrem nachhaltigen Onlineshop.\",\"breadcrumb\":{\"@id\":\"https:\\\/\\\/wein-werte.com\\\/de\\\/produkt\\\/kiralyudvar-tokaji-cuvee-patricia-2018-500ml\\\/#breadcrumb\"},\"inLanguage\":\"de\",\"potentialAction\":[{\"@type\":\"ReadAction\",\"target\":[\"https:\\\/\\\/wein-werte.com\\\/de\\\/produkt\\\/kiralyudvar-tokaji-cuvee-patricia-2018-500ml\\\/\"]}]},{\"@type\":\"ImageObject\",\"inLanguage\":\"de\",\"@id\":\"https:\\\/\\\/wein-werte.com\\\/de\\\/produkt\\\/kiralyudvar-tokaji-cuvee-patricia-2018-500ml\\\/#primaryimage\",\"url\":\"https:\\\/\\\/wein-werte.com\\\/wp-content\\\/uploads\\\/2026\\\/04\\\/Kiralyudvar-Tokaji-Cuvee-Patricia-2018-500ml.png\",\"contentUrl\":\"https:\\\/\\\/wein-werte.com\\\/wp-content\\\/uploads\\\/2026\\\/04\\\/Kiralyudvar-Tokaji-Cuvee-Patricia-2018-500ml.png\",\"width\":263,\"height\":1200,\"caption\":\"Kir\u00e1lyudvar Tokaji Cuv\u00e9e Patricia 2018 500ml\"},{\"@type\":\"BreadcrumbList\",\"@id\":\"https:\\\/\\\/wein-werte.com\\\/de\\\/produkt\\\/kiralyudvar-tokaji-cuvee-patricia-2018-500ml\\\/#breadcrumb\",\"itemListElement\":[{\"@type\":\"ListItem\",\"position\":1,\"name\":\"Home\",\"item\":\"https:\\\/\\\/wein-werte.com\\\/de\\\/\"},{\"@type\":\"ListItem\",\"position\":2,\"name\":\"Shop\",\"item\":\"https:\\\/\\\/wein-werte.com\\\/de\\\/shop\\\/\"},{\"@type\":\"ListItem\",\"position\":3,\"name\":\"Kir\u00e1lyudvar | Tokaj | Tokaji Cuv\u00e9e Patricia | 2018 | 500ml\"}]},{\"@type\":\"WebSite\",\"@id\":\"https:\\\/\\\/wein-werte.com\\\/de\\\/#website\",\"url\":\"https:\\\/\\\/wein-werte.com\\\/de\\\/\",\"name\":\"Wein Werte\",\"description\":\"\",\"publisher\":{\"@id\":\"https:\\\/\\\/wein-werte.com\\\/de\\\/#organization\"},\"potentialAction\":[{\"@type\":\"SearchAction\",\"target\":{\"@type\":\"EntryPoint\",\"urlTemplate\":\"https:\\\/\\\/wein-werte.com\\\/de\\\/?s={search_term_string}\"},\"query-input\":{\"@type\":\"PropertyValueSpecification\",\"valueRequired\":true,\"valueName\":\"search_term_string\"}}],\"inLanguage\":\"de\"},{\"@type\":\"Organization\",\"@id\":\"https:\\\/\\\/wein-werte.com\\\/de\\\/#organization\",\"name\":\"Vins Fins Thorrold\",\"url\":\"https:\\\/\\\/wein-werte.com\\\/de\\\/\",\"logo\":{\"@type\":\"ImageObject\",\"inLanguage\":\"de\",\"@id\":\"https:\\\/\\\/wein-werte.com\\\/de\\\/#\\\/schema\\\/logo\\\/image\\\/\",\"url\":\"https:\\\/\\\/wein-werte.com\\\/wp-content\\\/uploads\\\/2023\\\/07\\\/Wein_werte_Logo700-1.png\",\"contentUrl\":\"https:\\\/\\\/wein-werte.com\\\/wp-content\\\/uploads\\\/2023\\\/07\\\/Wein_werte_Logo700-1.png\",\"width\":700,\"height\":272,\"caption\":\"Vins Fins Thorrold\"},\"image\":{\"@id\":\"https:\\\/\\\/wein-werte.com\\\/de\\\/#\\\/schema\\\/logo\\\/image\\\/\"}}]}<\/script>\n<!-- \/ Yoast SEO plugin. -->","yoast_head_json":{"title":"Kir\u00e1lyudvar Tokaji Cuv\u00e9e Patricia 2018, 500ml","description":"Kaufe Kir\u00e1lyudvar Tokaji Cuv\u00e9e Patricia 2018 (Muskateller, s\u00fc\u00df aus Tokaj, Ungarn) bei Wein Werte, Ihrem nachhaltigen Onlineshop.","robots":{"index":"index","follow":"follow","max-snippet":"max-snippet:-1","max-image-preview":"max-image-preview:large","max-video-preview":"max-video-preview:-1"},"canonical":"https:\/\/wein-werte.com\/de\/produkt\/kiralyudvar-tokaji-cuvee-patricia-2018-500ml\/","og_locale":"de_DE","og_type":"article","og_title":"Kir\u00e1lyudvar Tokaji Cuv\u00e9e Patricia 2018, 500ml","og_description":"Kaufe Kir\u00e1lyudvar Tokaji Cuv\u00e9e Patricia 2018 (Muskateller, s\u00fc\u00df aus Tokaj, Ungarn) bei Wein Werte, Ihrem nachhaltigen Onlineshop.","og_url":"https:\/\/wein-werte.com\/de\/produkt\/kiralyudvar-tokaji-cuvee-patricia-2018-500ml\/","og_site_name":"Wein Werte","og_image":[{"width":263,"height":1200,"url":"https:\/\/wein-werte.com\/wp-content\/uploads\/2026\/04\/Kiralyudvar-Tokaji-Cuvee-Patricia-2018-500ml.png","type":"image\/png"}],"twitter_card":"summary_large_image","twitter_misc":{"Gesch\u00e4tzte Lesezeit":"2\u00a0Minuten"},"schema":{"@context":"https:\/\/schema.org","@graph":[{"@type":"WebPage","@id":"https:\/\/wein-werte.com\/de\/produkt\/kiralyudvar-tokaji-cuvee-patricia-2018-500ml\/","url":"https:\/\/wein-werte.com\/de\/produkt\/kiralyudvar-tokaji-cuvee-patricia-2018-500ml\/","name":"Kir\u00e1lyudvar Tokaji Cuv\u00e9e Patricia 2018, 500ml","isPartOf":{"@id":"https:\/\/wein-werte.com\/de\/#website"},"primaryImageOfPage":{"@id":"https:\/\/wein-werte.com\/de\/produkt\/kiralyudvar-tokaji-cuvee-patricia-2018-500ml\/#primaryimage"},"image":{"@id":"https:\/\/wein-werte.com\/de\/produkt\/kiralyudvar-tokaji-cuvee-patricia-2018-500ml\/#primaryimage"},"thumbnailUrl":"https:\/\/wein-werte.com\/wp-content\/uploads\/2026\/04\/Kiralyudvar-Tokaji-Cuvee-Patricia-2018-500ml.png","datePublished":"2026-05-05T16:10:32+00:00","description":"Kaufe Kir\u00e1lyudvar Tokaji Cuv\u00e9e Patricia 2018 (Muskateller, s\u00fc\u00df aus Tokaj, Ungarn) bei Wein Werte, Ihrem nachhaltigen Onlineshop.","breadcrumb":{"@id":"https:\/\/wein-werte.com\/de\/produkt\/kiralyudvar-tokaji-cuvee-patricia-2018-500ml\/#breadcrumb"},"inLanguage":"de","potentialAction":[{"@type":"ReadAction","target":["https:\/\/wein-werte.com\/de\/produkt\/kiralyudvar-tokaji-cuvee-patricia-2018-500ml\/"]}]},{"@type":"ImageObject","inLanguage":"de","@id":"https:\/\/wein-werte.com\/de\/produkt\/kiralyudvar-tokaji-cuvee-patricia-2018-500ml\/#primaryimage","url":"https:\/\/wein-werte.com\/wp-content\/uploads\/2026\/04\/Kiralyudvar-Tokaji-Cuvee-Patricia-2018-500ml.png","contentUrl":"https:\/\/wein-werte.com\/wp-content\/uploads\/2026\/04\/Kiralyudvar-Tokaji-Cuvee-Patricia-2018-500ml.png","width":263,"height":1200,"caption":"Kir\u00e1lyudvar Tokaji Cuv\u00e9e Patricia 2018 500ml"},{"@type":"BreadcrumbList","@id":"https:\/\/wein-werte.com\/de\/produkt\/kiralyudvar-tokaji-cuvee-patricia-2018-500ml\/#breadcrumb","itemListElement":[{"@type":"ListItem","position":1,"name":"Home","item":"https:\/\/wein-werte.com\/de\/"},{"@type":"ListItem","position":2,"name":"Shop","item":"https:\/\/wein-werte.com\/de\/shop\/"},{"@type":"ListItem","position":3,"name":"Kir\u00e1lyudvar | Tokaj | Tokaji Cuv\u00e9e Patricia | 2018 | 500ml"}]},{"@type":"WebSite","@id":"https:\/\/wein-werte.com\/de\/#website","url":"https:\/\/wein-werte.com\/de\/","name":"Wein Werte","description":"","publisher":{"@id":"https:\/\/wein-werte.com\/de\/#organization"},"potentialAction":[{"@type":"SearchAction","target":{"@type":"EntryPoint","urlTemplate":"https:\/\/wein-werte.com\/de\/?s={search_term_string}"},"query-input":{"@type":"PropertyValueSpecification","valueRequired":true,"valueName":"search_term_string"}}],"inLanguage":"de"},{"@type":"Organization","@id":"https:\/\/wein-werte.com\/de\/#organization","name":"Vins Fins Thorrold","url":"https:\/\/wein-werte.com\/de\/","logo":{"@type":"ImageObject","inLanguage":"de","@id":"https:\/\/wein-werte.com\/de\/#\/schema\/logo\/image\/","url":"https:\/\/wein-werte.com\/wp-content\/uploads\/2023\/07\/Wein_werte_Logo700-1.png","contentUrl":"https:\/\/wein-werte.com\/wp-content\/uploads\/2023\/07\/Wein_werte_Logo700-1.png","width":700,"height":272,"caption":"Vins Fins Thorrold"},"image":{"@id":"https:\/\/wein-werte.com\/de\/#\/schema\/logo\/image\/"}}]}},"_links":{"self":[{"href":"https:\/\/wein-werte.com\/de\/wp-json\/wp\/v2\/product\/1126779","targetHints":{"allow":["GET"]}}],"collection":[{"href":"https:\/\/wein-werte.com\/de\/wp-json\/wp\/v2\/product"}],"about":[{"href":"https:\/\/wein-werte.com\/de\/wp-json\/wp\/v2\/types\/product"}],"wp:featuredmedia":[{"embeddable":true,"href":"https:\/\/wein-werte.com\/de\/wp-json\/wp\/v2\/media\/1138844"}],"wp:attachment":[{"href":"https:\/\/wein-werte.com\/de\/wp-json\/wp\/v2\/media?parent=1126779"}],"wp:term":[{"taxonomy":"product_brand","embeddable":true,"href":"https:\/\/wein-werte.com\/de\/wp-json\/wp\/v2\/product_brand?post=1126779"},{"taxonomy":"product_cat","embeddable":true,"href":"https:\/\/wein-werte.com\/de\/wp-json\/wp\/v2\/product_cat?post=1126779"},{"taxonomy":"product_tag","embeddable":true,"href":"https:\/\/wein-werte.com\/de\/wp-json\/wp\/v2\/product_tag?post=1126779"}],"curies":[{"name":"wp","href":"https:\/\/api.w.org\/{rel}","templated":true}]}}