{"id":1126771,"date":"2026-05-05T18:10:31","date_gmt":"2026-05-05T16:10:31","guid":{"rendered":"https:\/\/wein-werte.com\/product\/kiralyudvar-tokaji-6-puttonyos-aszu-2012-500ml\/"},"modified":"2026-04-27T11:39:48","modified_gmt":"2026-04-27T09:39:48","slug":"kiralyudvar-tokaji-6-puttonyos-aszu-2012-500ml","status":"publish","type":"product","link":"https:\/\/wein-werte.com\/de\/produkt\/kiralyudvar-tokaji-6-puttonyos-aszu-2012-500ml\/","title":{"rendered":"Kir\u00e1lyudvar | Tokaj | Tokaji 6 Puttonyos Asz\u00fa | 2012 | 500ml"},"content":{"rendered":"<p>Produktbeschreibung f\u00fcr Kir\u00e1lyudvar Tokaji 6 Puttonyos Asz\u00fa 2012  <\/p>\n<h5>Informationen zum Wein<\/h5>\n<p> 80 % Furmint und 20 % H\u00e1rslevel\u0171 aus den Lagen Danczka, Lapis, Becsek und Percze mit vulkanischem Boden wie etwa wei\u00dfem Rhyolith-Tuff. Gelesen wurde im September 2012. Bei einem 6 Puttonyos werden sechs B\u00fctten edelfauler Beeren \u00e0 22 Kilo zu 136,5 Litern Grundwein gegeben. Nach dem 28 Monate dauernden Ausbau in 5-Hektoliter-Fudern aus slawonischer Eiche reift ein 6 Puttonyos noch einmal mindestens sechs Jahre, bevor er in den Verkauf kommt. Er wurde gef\u00fcllt mit 10 % Alkohol, 207 Gramm Restzucker und 9,3 Gramm S\u00e4ure- <\/p>\n<h5>Farbe<\/h5>\n<p> orange bis bernsteinfarben <\/p>\n<h5>Nase\u00a0<\/h5>\n<p> Der Tokaji Asz\u00fa 6 Puttonyos wirkt nicht nur in der Farbe jung und intensiv, sondern auch im Duft. Lindenbl\u00fcten und Orangenbl\u00fcten sind hier die intensivsten Marker, untermalt von Minze, Rauch und Safran. Dazu kommen kandierter Ingwer, Orangenschalen, etwas Ananas, Softaprikosen, Birnen und Quitten sowie ein wenig Honig, Eiche und Kandis. Das ist herrlich dicht und fesselnd. <\/p>\n<h5>Gaumen<\/h5>\n<p> Am Gaumen besitzt der Tokaji Asz\u00fa 6 Puttonyos die perfekte Balance aus Dichte, Cremigkeit und S\u00e4ure. Das wirkt h\u00f6chst elegant, komplex und lebendig mit jeder Menge Steinobst in frischer und getrockneter Form, Ingwer und Safran, schwarzem Tee und Karamell. Hervorstechend wirkt die saftige Bitterorange, die an Old English Marmelade mit dunklem Zucker erinnert. Im Finale stimmt einfach alles: die L\u00e4nge, die glei\u00dfende S\u00e4ure, die elegante S\u00fc\u00dfe, das Herbe und Bittere. Alles zusammen wird dem Tokaji \u00fcber Jahrzehnte erhalten bleiben und immer noch komplexer werden.<\/p>\n<p>Copyright Vinaturel 2025<\/p>\n<p>Keywords: <a href=\"https:\/\/wein-werte.com\/de\/shop\/?swoof=1&#038;pa_producer=Kir\u00e1lyudvar\">Kir\u00e1lyudvar<\/a> <a href=\"https:\/\/wein-werte.com\/de\/shop\/?swoof=1&#038;woof_text=Tokaji 6 Puttonyos Asz\u00fa\">Tokaji 6 Puttonyos Asz\u00fa<\/a> 2012  <a href=\"https:\/\/wein-werte.com\/de\/shop\/?swoof=1&#038;pa_region=Tokaj\">Tokaj<\/a> <a href=\"https:\/\/wein-werte.com\/de\/shop\/?swoof=1&#038;pa_country=Ungarn\">Ungarn<\/a><\/p>\n<p>Internetseite des Weinguts: <a href=\"https:\/\/www.kiralyudvar.com\/\" target=\"_blank\">https:\/\/www.kiralyudvar.com\/<\/a><\/p>\n","protected":false},"excerpt":{"rendered":"<p>Lieferzeit: 1 bis 2 Arbeitstage (DE), 2 bis 5 Arbeitstage (EU and CH)<\/p>\n","protected":false},"featured_media":1138838,"template":"","meta":[],"product_brand":[],"product_cat":[19],"product_tag":[],"class_list":{"0":"post-1126771","1":"product","2":"type-product","3":"status-publish","4":"has-post-thumbnail","6":"product_cat-unkategorisiert","7":"pa_alcohol-for-filter-12902","8":"pa_certified-biodynamic-nein-de","9":"pa_certified-organic-nein-de","10":"pa_colour-weiss","11":"pa_country-ungarn","12":"pa_grape-furmint-cuvee","13":"pa_price-for-filter-10702","14":"pa_producer-kiralyudvar","15":"pa_region-tokaj","16":"pa_size-ml-7001","17":"pa_sweetness-suess-de","18":"pa_type-2-still-de","19":"pa_vintage-2012-de","20":"entry","21":"has-media","23":"first","24":"instock","25":"taxable","26":"shipping-taxable","27":"purchasable","28":"product-type-simple"},"yoast_head":"<!-- This site is optimized with the Yoast SEO plugin v27.5 - https:\/\/yoast.com\/product\/yoast-seo-wordpress\/ -->\n<title>Kir\u00e1lyudvar Tokaji 6 Puttonyos Asz\u00fa 2012, 500ml<\/title>\n<meta name=\"description\" content=\"Kaufe Kir\u00e1lyudvar Tokaji 6 Puttonyos Asz\u00fa 2012 (Furmint Cuv\u00e9e, s\u00fc\u00df aus Tokaj, Ungarn) bei Wein Werte, Ihrem nachhaltigen Onlineshop.\" \/>\n<meta name=\"robots\" content=\"index, follow, max-snippet:-1, max-image-preview:large, max-video-preview:-1\" \/>\n<link rel=\"canonical\" href=\"https:\/\/wein-werte.com\/de\/produkt\/kiralyudvar-tokaji-6-puttonyos-aszu-2012-500ml\/\" \/>\n<meta property=\"og:locale\" content=\"de_DE\" \/>\n<meta property=\"og:type\" content=\"article\" \/>\n<meta property=\"og:title\" content=\"Kir\u00e1lyudvar Tokaji 6 Puttonyos Asz\u00fa 2012, 500ml\" \/>\n<meta property=\"og:description\" content=\"Kaufe Kir\u00e1lyudvar Tokaji 6 Puttonyos Asz\u00fa 2012 (Furmint Cuv\u00e9e, s\u00fc\u00df aus Tokaj, Ungarn) bei Wein Werte, Ihrem nachhaltigen Onlineshop.\" \/>\n<meta property=\"og:url\" content=\"https:\/\/wein-werte.com\/de\/produkt\/kiralyudvar-tokaji-6-puttonyos-aszu-2012-500ml\/\" \/>\n<meta property=\"og:site_name\" content=\"Wein Werte\" \/>\n<meta property=\"og:image\" content=\"https:\/\/wein-werte.com\/wp-content\/uploads\/2026\/04\/Kiralyudvar-Tokaji-6-Puttonyos-Aszu-2012-500ml.png\" \/>\n\t<meta property=\"og:image:width\" content=\"322\" \/>\n\t<meta property=\"og:image:height\" content=\"1200\" \/>\n\t<meta property=\"og:image:type\" content=\"image\/png\" \/>\n<meta name=\"twitter:card\" content=\"summary_large_image\" \/>\n<meta name=\"twitter:label1\" content=\"Gesch\u00e4tzte Lesezeit\" \/>\n\t<meta name=\"twitter:data1\" content=\"1\u00a0Minute\" \/>\n<script type=\"application\/ld+json\" class=\"yoast-schema-graph\">{\"@context\":\"https:\\\/\\\/schema.org\",\"@graph\":[{\"@type\":\"WebPage\",\"@id\":\"https:\\\/\\\/wein-werte.com\\\/de\\\/produkt\\\/kiralyudvar-tokaji-6-puttonyos-aszu-2012-500ml\\\/\",\"url\":\"https:\\\/\\\/wein-werte.com\\\/de\\\/produkt\\\/kiralyudvar-tokaji-6-puttonyos-aszu-2012-500ml\\\/\",\"name\":\"Kir\u00e1lyudvar Tokaji 6 Puttonyos Asz\u00fa 2012, 500ml\",\"isPartOf\":{\"@id\":\"https:\\\/\\\/wein-werte.com\\\/de\\\/#website\"},\"primaryImageOfPage\":{\"@id\":\"https:\\\/\\\/wein-werte.com\\\/de\\\/produkt\\\/kiralyudvar-tokaji-6-puttonyos-aszu-2012-500ml\\\/#primaryimage\"},\"image\":{\"@id\":\"https:\\\/\\\/wein-werte.com\\\/de\\\/produkt\\\/kiralyudvar-tokaji-6-puttonyos-aszu-2012-500ml\\\/#primaryimage\"},\"thumbnailUrl\":\"https:\\\/\\\/wein-werte.com\\\/wp-content\\\/uploads\\\/2026\\\/04\\\/Kiralyudvar-Tokaji-6-Puttonyos-Aszu-2012-500ml.png\",\"datePublished\":\"2026-05-05T16:10:31+00:00\",\"description\":\"Kaufe Kir\u00e1lyudvar Tokaji 6 Puttonyos Asz\u00fa 2012 (Furmint Cuv\u00e9e, s\u00fc\u00df aus Tokaj, Ungarn) bei Wein Werte, Ihrem nachhaltigen Onlineshop.\",\"breadcrumb\":{\"@id\":\"https:\\\/\\\/wein-werte.com\\\/de\\\/produkt\\\/kiralyudvar-tokaji-6-puttonyos-aszu-2012-500ml\\\/#breadcrumb\"},\"inLanguage\":\"de\",\"potentialAction\":[{\"@type\":\"ReadAction\",\"target\":[\"https:\\\/\\\/wein-werte.com\\\/de\\\/produkt\\\/kiralyudvar-tokaji-6-puttonyos-aszu-2012-500ml\\\/\"]}]},{\"@type\":\"ImageObject\",\"inLanguage\":\"de\",\"@id\":\"https:\\\/\\\/wein-werte.com\\\/de\\\/produkt\\\/kiralyudvar-tokaji-6-puttonyos-aszu-2012-500ml\\\/#primaryimage\",\"url\":\"https:\\\/\\\/wein-werte.com\\\/wp-content\\\/uploads\\\/2026\\\/04\\\/Kiralyudvar-Tokaji-6-Puttonyos-Aszu-2012-500ml.png\",\"contentUrl\":\"https:\\\/\\\/wein-werte.com\\\/wp-content\\\/uploads\\\/2026\\\/04\\\/Kiralyudvar-Tokaji-6-Puttonyos-Aszu-2012-500ml.png\",\"width\":322,\"height\":1200,\"caption\":\"Kir\u00e1lyudvar Tokaji 6 Puttonyos Asz\u00fa 2012 500ml\"},{\"@type\":\"BreadcrumbList\",\"@id\":\"https:\\\/\\\/wein-werte.com\\\/de\\\/produkt\\\/kiralyudvar-tokaji-6-puttonyos-aszu-2012-500ml\\\/#breadcrumb\",\"itemListElement\":[{\"@type\":\"ListItem\",\"position\":1,\"name\":\"Home\",\"item\":\"https:\\\/\\\/wein-werte.com\\\/de\\\/\"},{\"@type\":\"ListItem\",\"position\":2,\"name\":\"Shop\",\"item\":\"https:\\\/\\\/wein-werte.com\\\/de\\\/shop\\\/\"},{\"@type\":\"ListItem\",\"position\":3,\"name\":\"Kir\u00e1lyudvar | Tokaj | Tokaji 6 Puttonyos Asz\u00fa | 2012 | 500ml\"}]},{\"@type\":\"WebSite\",\"@id\":\"https:\\\/\\\/wein-werte.com\\\/de\\\/#website\",\"url\":\"https:\\\/\\\/wein-werte.com\\\/de\\\/\",\"name\":\"Wein Werte\",\"description\":\"\",\"publisher\":{\"@id\":\"https:\\\/\\\/wein-werte.com\\\/de\\\/#organization\"},\"potentialAction\":[{\"@type\":\"SearchAction\",\"target\":{\"@type\":\"EntryPoint\",\"urlTemplate\":\"https:\\\/\\\/wein-werte.com\\\/de\\\/?s={search_term_string}\"},\"query-input\":{\"@type\":\"PropertyValueSpecification\",\"valueRequired\":true,\"valueName\":\"search_term_string\"}}],\"inLanguage\":\"de\"},{\"@type\":\"Organization\",\"@id\":\"https:\\\/\\\/wein-werte.com\\\/de\\\/#organization\",\"name\":\"Vins Fins Thorrold\",\"url\":\"https:\\\/\\\/wein-werte.com\\\/de\\\/\",\"logo\":{\"@type\":\"ImageObject\",\"inLanguage\":\"de\",\"@id\":\"https:\\\/\\\/wein-werte.com\\\/de\\\/#\\\/schema\\\/logo\\\/image\\\/\",\"url\":\"https:\\\/\\\/wein-werte.com\\\/wp-content\\\/uploads\\\/2023\\\/07\\\/Wein_werte_Logo700-1.png\",\"contentUrl\":\"https:\\\/\\\/wein-werte.com\\\/wp-content\\\/uploads\\\/2023\\\/07\\\/Wein_werte_Logo700-1.png\",\"width\":700,\"height\":272,\"caption\":\"Vins Fins Thorrold\"},\"image\":{\"@id\":\"https:\\\/\\\/wein-werte.com\\\/de\\\/#\\\/schema\\\/logo\\\/image\\\/\"}}]}<\/script>\n<!-- \/ Yoast SEO plugin. -->","yoast_head_json":{"title":"Kir\u00e1lyudvar Tokaji 6 Puttonyos Asz\u00fa 2012, 500ml","description":"Kaufe Kir\u00e1lyudvar Tokaji 6 Puttonyos Asz\u00fa 2012 (Furmint Cuv\u00e9e, s\u00fc\u00df aus Tokaj, Ungarn) bei Wein Werte, Ihrem nachhaltigen Onlineshop.","robots":{"index":"index","follow":"follow","max-snippet":"max-snippet:-1","max-image-preview":"max-image-preview:large","max-video-preview":"max-video-preview:-1"},"canonical":"https:\/\/wein-werte.com\/de\/produkt\/kiralyudvar-tokaji-6-puttonyos-aszu-2012-500ml\/","og_locale":"de_DE","og_type":"article","og_title":"Kir\u00e1lyudvar Tokaji 6 Puttonyos Asz\u00fa 2012, 500ml","og_description":"Kaufe Kir\u00e1lyudvar Tokaji 6 Puttonyos Asz\u00fa 2012 (Furmint Cuv\u00e9e, s\u00fc\u00df aus Tokaj, Ungarn) bei Wein Werte, Ihrem nachhaltigen Onlineshop.","og_url":"https:\/\/wein-werte.com\/de\/produkt\/kiralyudvar-tokaji-6-puttonyos-aszu-2012-500ml\/","og_site_name":"Wein Werte","og_image":[{"width":322,"height":1200,"url":"https:\/\/wein-werte.com\/wp-content\/uploads\/2026\/04\/Kiralyudvar-Tokaji-6-Puttonyos-Aszu-2012-500ml.png","type":"image\/png"}],"twitter_card":"summary_large_image","twitter_misc":{"Gesch\u00e4tzte Lesezeit":"1\u00a0Minute"},"schema":{"@context":"https:\/\/schema.org","@graph":[{"@type":"WebPage","@id":"https:\/\/wein-werte.com\/de\/produkt\/kiralyudvar-tokaji-6-puttonyos-aszu-2012-500ml\/","url":"https:\/\/wein-werte.com\/de\/produkt\/kiralyudvar-tokaji-6-puttonyos-aszu-2012-500ml\/","name":"Kir\u00e1lyudvar Tokaji 6 Puttonyos Asz\u00fa 2012, 500ml","isPartOf":{"@id":"https:\/\/wein-werte.com\/de\/#website"},"primaryImageOfPage":{"@id":"https:\/\/wein-werte.com\/de\/produkt\/kiralyudvar-tokaji-6-puttonyos-aszu-2012-500ml\/#primaryimage"},"image":{"@id":"https:\/\/wein-werte.com\/de\/produkt\/kiralyudvar-tokaji-6-puttonyos-aszu-2012-500ml\/#primaryimage"},"thumbnailUrl":"https:\/\/wein-werte.com\/wp-content\/uploads\/2026\/04\/Kiralyudvar-Tokaji-6-Puttonyos-Aszu-2012-500ml.png","datePublished":"2026-05-05T16:10:31+00:00","description":"Kaufe Kir\u00e1lyudvar Tokaji 6 Puttonyos Asz\u00fa 2012 (Furmint Cuv\u00e9e, s\u00fc\u00df aus Tokaj, Ungarn) bei Wein Werte, Ihrem nachhaltigen Onlineshop.","breadcrumb":{"@id":"https:\/\/wein-werte.com\/de\/produkt\/kiralyudvar-tokaji-6-puttonyos-aszu-2012-500ml\/#breadcrumb"},"inLanguage":"de","potentialAction":[{"@type":"ReadAction","target":["https:\/\/wein-werte.com\/de\/produkt\/kiralyudvar-tokaji-6-puttonyos-aszu-2012-500ml\/"]}]},{"@type":"ImageObject","inLanguage":"de","@id":"https:\/\/wein-werte.com\/de\/produkt\/kiralyudvar-tokaji-6-puttonyos-aszu-2012-500ml\/#primaryimage","url":"https:\/\/wein-werte.com\/wp-content\/uploads\/2026\/04\/Kiralyudvar-Tokaji-6-Puttonyos-Aszu-2012-500ml.png","contentUrl":"https:\/\/wein-werte.com\/wp-content\/uploads\/2026\/04\/Kiralyudvar-Tokaji-6-Puttonyos-Aszu-2012-500ml.png","width":322,"height":1200,"caption":"Kir\u00e1lyudvar Tokaji 6 Puttonyos Asz\u00fa 2012 500ml"},{"@type":"BreadcrumbList","@id":"https:\/\/wein-werte.com\/de\/produkt\/kiralyudvar-tokaji-6-puttonyos-aszu-2012-500ml\/#breadcrumb","itemListElement":[{"@type":"ListItem","position":1,"name":"Home","item":"https:\/\/wein-werte.com\/de\/"},{"@type":"ListItem","position":2,"name":"Shop","item":"https:\/\/wein-werte.com\/de\/shop\/"},{"@type":"ListItem","position":3,"name":"Kir\u00e1lyudvar | Tokaj | Tokaji 6 Puttonyos Asz\u00fa | 2012 | 500ml"}]},{"@type":"WebSite","@id":"https:\/\/wein-werte.com\/de\/#website","url":"https:\/\/wein-werte.com\/de\/","name":"Wein Werte","description":"","publisher":{"@id":"https:\/\/wein-werte.com\/de\/#organization"},"potentialAction":[{"@type":"SearchAction","target":{"@type":"EntryPoint","urlTemplate":"https:\/\/wein-werte.com\/de\/?s={search_term_string}"},"query-input":{"@type":"PropertyValueSpecification","valueRequired":true,"valueName":"search_term_string"}}],"inLanguage":"de"},{"@type":"Organization","@id":"https:\/\/wein-werte.com\/de\/#organization","name":"Vins Fins Thorrold","url":"https:\/\/wein-werte.com\/de\/","logo":{"@type":"ImageObject","inLanguage":"de","@id":"https:\/\/wein-werte.com\/de\/#\/schema\/logo\/image\/","url":"https:\/\/wein-werte.com\/wp-content\/uploads\/2023\/07\/Wein_werte_Logo700-1.png","contentUrl":"https:\/\/wein-werte.com\/wp-content\/uploads\/2023\/07\/Wein_werte_Logo700-1.png","width":700,"height":272,"caption":"Vins Fins Thorrold"},"image":{"@id":"https:\/\/wein-werte.com\/de\/#\/schema\/logo\/image\/"}}]}},"_links":{"self":[{"href":"https:\/\/wein-werte.com\/de\/wp-json\/wp\/v2\/product\/1126771","targetHints":{"allow":["GET"]}}],"collection":[{"href":"https:\/\/wein-werte.com\/de\/wp-json\/wp\/v2\/product"}],"about":[{"href":"https:\/\/wein-werte.com\/de\/wp-json\/wp\/v2\/types\/product"}],"wp:featuredmedia":[{"embeddable":true,"href":"https:\/\/wein-werte.com\/de\/wp-json\/wp\/v2\/media\/1138838"}],"wp:attachment":[{"href":"https:\/\/wein-werte.com\/de\/wp-json\/wp\/v2\/media?parent=1126771"}],"wp:term":[{"taxonomy":"product_brand","embeddable":true,"href":"https:\/\/wein-werte.com\/de\/wp-json\/wp\/v2\/product_brand?post=1126771"},{"taxonomy":"product_cat","embeddable":true,"href":"https:\/\/wein-werte.com\/de\/wp-json\/wp\/v2\/product_cat?post=1126771"},{"taxonomy":"product_tag","embeddable":true,"href":"https:\/\/wein-werte.com\/de\/wp-json\/wp\/v2\/product_tag?post=1126771"}],"curies":[{"name":"wp","href":"https:\/\/api.w.org\/{rel}","templated":true}]}}