{"id":1126765,"date":"2026-05-05T18:10:31","date_gmt":"2026-05-05T16:10:31","guid":{"rendered":"https:\/\/wein-werte.com\/product\/kiralyudvar-tokaji-esszencia-2001-500ml\/"},"modified":"2026-04-27T11:39:47","modified_gmt":"2026-04-27T09:39:47","slug":"kiralyudvar-tokaji-esszencia-2001-500ml","status":"publish","type":"product","link":"https:\/\/wein-werte.com\/de\/produkt\/kiralyudvar-tokaji-esszencia-2001-500ml\/","title":{"rendered":"Kir\u00e1lyudvar | Tokaj | Tokaji Esszencia | 2001 | 500ml"},"content":{"rendered":"<p>Produktbeschreibung f\u00fcr Kir\u00e1lyudvar Tokaji Esszencia 2001  <\/p>\n<h5>Farbe<\/h5>\n<p> Tiefes Bernstein. <\/p>\n<h5>Nase<\/h5>\n<p> Die Nase zeigt sich gleich einem Kaleidoskop oder dem Facettenauge einer Fliege von sagenhafter Vielschichtigkeit und Vielfalt. Leicht w\u00fcrzige Noten im Auftakt erinnern an wei\u00dfen Pfeffer und hellen Drehtabak bevor die edelfaule Aromatik der botrytisierten Beeren durchscheint und von leichten Karbolnoten unterlegt wird, die an einen guten Islay-Whiskey erinnern. Es folgen Quittenbrot, Pfirsichdicksaft und Honigwaben, satt gef\u00fcllt und tropfend bevor sich ein alter Ledersessel und ein Tiegel Bohnerwachs ins Bild schieben. Auf dem Tisch eine Schale Rosinen. Stilleben. <\/p>\n<h5>Mund<\/h5>\n<h5>I<\/h5>\n<p>m Antrunk ist die 2001 Essencia von Kir\u00e1lyudvar scheinen die 464 Gramm Restzucker erstaunlich gut verpackt. Visk\u00f6s am Gaumen mit \u00f6liger Textur und hoher Dichte erinnert er an Darjeeling Tee, Orangen\u00f6l und Orangeat und wird von einem reifen und feinen S\u00e4urenerv balanciert. Ein Aromen-Feuerwerk mit ambrosialem Nachhall und Perspektive f\u00fcr die n\u00e4chsten 50 Jahre &#8211; Minumum.<\/p>\n<p>Copyright Vinaturel 2025<\/p>\n<p>Keywords: <a href=\"https:\/\/wein-werte.com\/de\/shop\/?swoof=1&#038;pa_producer=Kir\u00e1lyudvar\">Kir\u00e1lyudvar<\/a> <a href=\"https:\/\/wein-werte.com\/de\/shop\/?swoof=1&#038;woof_text=Tokaji Esszencia\">Tokaji Esszencia<\/a> 2001  <a href=\"https:\/\/wein-werte.com\/de\/shop\/?swoof=1&#038;pa_region=Tokaj\">Tokaj<\/a> <a href=\"https:\/\/wein-werte.com\/de\/shop\/?swoof=1&#038;pa_country=Ungarn\">Ungarn<\/a><\/p>\n<h3>Wine Advocate<\/h3>\n<p>Punkte: 99<\/p>\n<p>Der Tokaji Esszencia 2001 ist die Essenz des s\u00fc\u00dfen Weins aus Tokaji. Dieser bernsteinfarbene Wein ist eine Mischung aus 70 % Furmint und 30 % H\u00e1rslevel\u0171 vom Weinberg Danczka und hat eine weinige Honignote. Sein Bukett ist enorm tief und konzentriert, und die Aromen sind dezent, aber kr\u00e4ftig. Noten von Leder, Tabak, Tr\u00fcffel, Aprikose, Esskastanien und Lakritz f\u00fchren zu einem \u00f6lig strukturierten, unglaublich s\u00fc\u00dfen, aber raffinierten und eleganten S\u00fc\u00dfwein mit gro\u00dfer Anziehungskraft und Ausgewogenheit. Der Wein ist weich und r\u00f6stig, und die S\u00fc\u00dfe ist keineswegs klebrig oder zu subtil. Dies ist ein strukturierter, hocheleganter und sogar lebhafter Essencia, der 78 Monate in Korbflaschen aus 100 % Glas vergoren und gereift ist. Er wurde mit 4 % Alkohol und 464 Gramm Restzucker pro Liter abgef\u00fcllt, was durch eine Gesamts\u00e4ure von 10,3 Gramm pro Liter (pH-Wert: 3,47) ausgeglichen wird. Verkostet im M\u00e4rz 2019.<br \/>Stephan Reinhardt<\/p>\n<p>Internetseite des Weinguts: <a href=\"https:\/\/www.kiralyudvar.com\/\" target=\"_blank\">https:\/\/www.kiralyudvar.com\/<\/a><\/p>\n","protected":false},"excerpt":{"rendered":"<p>Lieferzeit: 1 bis 2 Arbeitstage (DE), 2 bis 5 Arbeitstage (EU and CH)<\/p>\n","protected":false},"featured_media":1138834,"template":"","meta":[],"product_brand":[],"product_cat":[19],"product_tag":[],"class_list":{"0":"post-1126765","1":"product","2":"type-product","3":"status-publish","4":"has-post-thumbnail","6":"product_cat-unkategorisiert","7":"pa_alcohol-for-filter-12933","8":"pa_certified-biodynamic-nein-de","9":"pa_certified-organic-nein-de","10":"pa_colour-weiss","11":"pa_country-ungarn","12":"pa_grape-furmint-cuvee","13":"pa_parker-points-for-filter-99-de-2","14":"pa_price-for-filter-10596","15":"pa_producer-kiralyudvar","16":"pa_region-tokaj","17":"pa_size-ml-7001","18":"pa_sweetness-suess-de","19":"pa_type-2-still-de","20":"pa_vintage-2001-de","21":"entry","22":"has-media","24":"first","25":"instock","26":"taxable","27":"shipping-taxable","28":"purchasable","29":"product-type-simple"},"yoast_head":"<!-- This site is optimized with the Yoast SEO plugin v27.5 - https:\/\/yoast.com\/product\/yoast-seo-wordpress\/ -->\n<title>Kir\u00e1lyudvar Tokaji Esszencia 2001, 500ml<\/title>\n<meta name=\"description\" content=\"Kaufe Kir\u00e1lyudvar Tokaji Esszencia 2001 (Furmint Cuv\u00e9e, s\u00fc\u00df aus Tokaj, Ungarn) bei Wein Werte, Ihrem nachhaltigen Onlineshop.\" \/>\n<meta name=\"robots\" content=\"index, follow, max-snippet:-1, max-image-preview:large, max-video-preview:-1\" \/>\n<link rel=\"canonical\" href=\"https:\/\/wein-werte.com\/de\/produkt\/kiralyudvar-tokaji-esszencia-2001-500ml\/\" \/>\n<meta property=\"og:locale\" content=\"de_DE\" \/>\n<meta property=\"og:type\" content=\"article\" \/>\n<meta property=\"og:title\" content=\"Kir\u00e1lyudvar Tokaji Esszencia 2001, 500ml\" \/>\n<meta property=\"og:description\" content=\"Kaufe Kir\u00e1lyudvar Tokaji Esszencia 2001 (Furmint Cuv\u00e9e, s\u00fc\u00df aus Tokaj, Ungarn) bei Wein Werte, Ihrem nachhaltigen Onlineshop.\" \/>\n<meta property=\"og:url\" content=\"https:\/\/wein-werte.com\/de\/produkt\/kiralyudvar-tokaji-esszencia-2001-500ml\/\" \/>\n<meta property=\"og:site_name\" content=\"Wein Werte\" \/>\n<meta property=\"og:image\" content=\"https:\/\/wein-werte.com\/wp-content\/uploads\/2026\/04\/Kiralyudvar-Tokaji-Esszencia-2001-500ml.png\" \/>\n\t<meta property=\"og:image:width\" content=\"327\" \/>\n\t<meta property=\"og:image:height\" content=\"1200\" \/>\n\t<meta property=\"og:image:type\" content=\"image\/png\" \/>\n<meta name=\"twitter:card\" content=\"summary_large_image\" \/>\n<meta name=\"twitter:label1\" content=\"Gesch\u00e4tzte Lesezeit\" \/>\n\t<meta name=\"twitter:data1\" content=\"2\u00a0Minuten\" \/>\n<script type=\"application\/ld+json\" class=\"yoast-schema-graph\">{\"@context\":\"https:\\\/\\\/schema.org\",\"@graph\":[{\"@type\":\"WebPage\",\"@id\":\"https:\\\/\\\/wein-werte.com\\\/de\\\/produkt\\\/kiralyudvar-tokaji-esszencia-2001-500ml\\\/\",\"url\":\"https:\\\/\\\/wein-werte.com\\\/de\\\/produkt\\\/kiralyudvar-tokaji-esszencia-2001-500ml\\\/\",\"name\":\"Kir\u00e1lyudvar Tokaji Esszencia 2001, 500ml\",\"isPartOf\":{\"@id\":\"https:\\\/\\\/wein-werte.com\\\/de\\\/#website\"},\"primaryImageOfPage\":{\"@id\":\"https:\\\/\\\/wein-werte.com\\\/de\\\/produkt\\\/kiralyudvar-tokaji-esszencia-2001-500ml\\\/#primaryimage\"},\"image\":{\"@id\":\"https:\\\/\\\/wein-werte.com\\\/de\\\/produkt\\\/kiralyudvar-tokaji-esszencia-2001-500ml\\\/#primaryimage\"},\"thumbnailUrl\":\"https:\\\/\\\/wein-werte.com\\\/wp-content\\\/uploads\\\/2026\\\/04\\\/Kiralyudvar-Tokaji-Esszencia-2001-500ml.png\",\"datePublished\":\"2026-05-05T16:10:31+00:00\",\"description\":\"Kaufe Kir\u00e1lyudvar Tokaji Esszencia 2001 (Furmint Cuv\u00e9e, s\u00fc\u00df aus Tokaj, Ungarn) bei Wein Werte, Ihrem nachhaltigen Onlineshop.\",\"breadcrumb\":{\"@id\":\"https:\\\/\\\/wein-werte.com\\\/de\\\/produkt\\\/kiralyudvar-tokaji-esszencia-2001-500ml\\\/#breadcrumb\"},\"inLanguage\":\"de\",\"potentialAction\":[{\"@type\":\"ReadAction\",\"target\":[\"https:\\\/\\\/wein-werte.com\\\/de\\\/produkt\\\/kiralyudvar-tokaji-esszencia-2001-500ml\\\/\"]}]},{\"@type\":\"ImageObject\",\"inLanguage\":\"de\",\"@id\":\"https:\\\/\\\/wein-werte.com\\\/de\\\/produkt\\\/kiralyudvar-tokaji-esszencia-2001-500ml\\\/#primaryimage\",\"url\":\"https:\\\/\\\/wein-werte.com\\\/wp-content\\\/uploads\\\/2026\\\/04\\\/Kiralyudvar-Tokaji-Esszencia-2001-500ml.png\",\"contentUrl\":\"https:\\\/\\\/wein-werte.com\\\/wp-content\\\/uploads\\\/2026\\\/04\\\/Kiralyudvar-Tokaji-Esszencia-2001-500ml.png\",\"width\":327,\"height\":1200,\"caption\":\"Kir\u00e1lyudvar Tokaji Esszencia 2001 500ml\"},{\"@type\":\"BreadcrumbList\",\"@id\":\"https:\\\/\\\/wein-werte.com\\\/de\\\/produkt\\\/kiralyudvar-tokaji-esszencia-2001-500ml\\\/#breadcrumb\",\"itemListElement\":[{\"@type\":\"ListItem\",\"position\":1,\"name\":\"Home\",\"item\":\"https:\\\/\\\/wein-werte.com\\\/de\\\/\"},{\"@type\":\"ListItem\",\"position\":2,\"name\":\"Shop\",\"item\":\"https:\\\/\\\/wein-werte.com\\\/de\\\/shop\\\/\"},{\"@type\":\"ListItem\",\"position\":3,\"name\":\"Kir\u00e1lyudvar | Tokaj | Tokaji Esszencia | 2001 | 500ml\"}]},{\"@type\":\"WebSite\",\"@id\":\"https:\\\/\\\/wein-werte.com\\\/de\\\/#website\",\"url\":\"https:\\\/\\\/wein-werte.com\\\/de\\\/\",\"name\":\"Wein Werte\",\"description\":\"\",\"publisher\":{\"@id\":\"https:\\\/\\\/wein-werte.com\\\/de\\\/#organization\"},\"potentialAction\":[{\"@type\":\"SearchAction\",\"target\":{\"@type\":\"EntryPoint\",\"urlTemplate\":\"https:\\\/\\\/wein-werte.com\\\/de\\\/?s={search_term_string}\"},\"query-input\":{\"@type\":\"PropertyValueSpecification\",\"valueRequired\":true,\"valueName\":\"search_term_string\"}}],\"inLanguage\":\"de\"},{\"@type\":\"Organization\",\"@id\":\"https:\\\/\\\/wein-werte.com\\\/de\\\/#organization\",\"name\":\"Vins Fins Thorrold\",\"url\":\"https:\\\/\\\/wein-werte.com\\\/de\\\/\",\"logo\":{\"@type\":\"ImageObject\",\"inLanguage\":\"de\",\"@id\":\"https:\\\/\\\/wein-werte.com\\\/de\\\/#\\\/schema\\\/logo\\\/image\\\/\",\"url\":\"https:\\\/\\\/wein-werte.com\\\/wp-content\\\/uploads\\\/2023\\\/07\\\/Wein_werte_Logo700-1.png\",\"contentUrl\":\"https:\\\/\\\/wein-werte.com\\\/wp-content\\\/uploads\\\/2023\\\/07\\\/Wein_werte_Logo700-1.png\",\"width\":700,\"height\":272,\"caption\":\"Vins Fins Thorrold\"},\"image\":{\"@id\":\"https:\\\/\\\/wein-werte.com\\\/de\\\/#\\\/schema\\\/logo\\\/image\\\/\"}}]}<\/script>\n<!-- \/ Yoast SEO plugin. -->","yoast_head_json":{"title":"Kir\u00e1lyudvar Tokaji Esszencia 2001, 500ml","description":"Kaufe Kir\u00e1lyudvar Tokaji Esszencia 2001 (Furmint Cuv\u00e9e, s\u00fc\u00df aus Tokaj, Ungarn) bei Wein Werte, Ihrem nachhaltigen Onlineshop.","robots":{"index":"index","follow":"follow","max-snippet":"max-snippet:-1","max-image-preview":"max-image-preview:large","max-video-preview":"max-video-preview:-1"},"canonical":"https:\/\/wein-werte.com\/de\/produkt\/kiralyudvar-tokaji-esszencia-2001-500ml\/","og_locale":"de_DE","og_type":"article","og_title":"Kir\u00e1lyudvar Tokaji Esszencia 2001, 500ml","og_description":"Kaufe Kir\u00e1lyudvar Tokaji Esszencia 2001 (Furmint Cuv\u00e9e, s\u00fc\u00df aus Tokaj, Ungarn) bei Wein Werte, Ihrem nachhaltigen Onlineshop.","og_url":"https:\/\/wein-werte.com\/de\/produkt\/kiralyudvar-tokaji-esszencia-2001-500ml\/","og_site_name":"Wein Werte","og_image":[{"width":327,"height":1200,"url":"https:\/\/wein-werte.com\/wp-content\/uploads\/2026\/04\/Kiralyudvar-Tokaji-Esszencia-2001-500ml.png","type":"image\/png"}],"twitter_card":"summary_large_image","twitter_misc":{"Gesch\u00e4tzte Lesezeit":"2\u00a0Minuten"},"schema":{"@context":"https:\/\/schema.org","@graph":[{"@type":"WebPage","@id":"https:\/\/wein-werte.com\/de\/produkt\/kiralyudvar-tokaji-esszencia-2001-500ml\/","url":"https:\/\/wein-werte.com\/de\/produkt\/kiralyudvar-tokaji-esszencia-2001-500ml\/","name":"Kir\u00e1lyudvar Tokaji Esszencia 2001, 500ml","isPartOf":{"@id":"https:\/\/wein-werte.com\/de\/#website"},"primaryImageOfPage":{"@id":"https:\/\/wein-werte.com\/de\/produkt\/kiralyudvar-tokaji-esszencia-2001-500ml\/#primaryimage"},"image":{"@id":"https:\/\/wein-werte.com\/de\/produkt\/kiralyudvar-tokaji-esszencia-2001-500ml\/#primaryimage"},"thumbnailUrl":"https:\/\/wein-werte.com\/wp-content\/uploads\/2026\/04\/Kiralyudvar-Tokaji-Esszencia-2001-500ml.png","datePublished":"2026-05-05T16:10:31+00:00","description":"Kaufe Kir\u00e1lyudvar Tokaji Esszencia 2001 (Furmint Cuv\u00e9e, s\u00fc\u00df aus Tokaj, Ungarn) bei Wein Werte, Ihrem nachhaltigen Onlineshop.","breadcrumb":{"@id":"https:\/\/wein-werte.com\/de\/produkt\/kiralyudvar-tokaji-esszencia-2001-500ml\/#breadcrumb"},"inLanguage":"de","potentialAction":[{"@type":"ReadAction","target":["https:\/\/wein-werte.com\/de\/produkt\/kiralyudvar-tokaji-esszencia-2001-500ml\/"]}]},{"@type":"ImageObject","inLanguage":"de","@id":"https:\/\/wein-werte.com\/de\/produkt\/kiralyudvar-tokaji-esszencia-2001-500ml\/#primaryimage","url":"https:\/\/wein-werte.com\/wp-content\/uploads\/2026\/04\/Kiralyudvar-Tokaji-Esszencia-2001-500ml.png","contentUrl":"https:\/\/wein-werte.com\/wp-content\/uploads\/2026\/04\/Kiralyudvar-Tokaji-Esszencia-2001-500ml.png","width":327,"height":1200,"caption":"Kir\u00e1lyudvar Tokaji Esszencia 2001 500ml"},{"@type":"BreadcrumbList","@id":"https:\/\/wein-werte.com\/de\/produkt\/kiralyudvar-tokaji-esszencia-2001-500ml\/#breadcrumb","itemListElement":[{"@type":"ListItem","position":1,"name":"Home","item":"https:\/\/wein-werte.com\/de\/"},{"@type":"ListItem","position":2,"name":"Shop","item":"https:\/\/wein-werte.com\/de\/shop\/"},{"@type":"ListItem","position":3,"name":"Kir\u00e1lyudvar | Tokaj | Tokaji Esszencia | 2001 | 500ml"}]},{"@type":"WebSite","@id":"https:\/\/wein-werte.com\/de\/#website","url":"https:\/\/wein-werte.com\/de\/","name":"Wein Werte","description":"","publisher":{"@id":"https:\/\/wein-werte.com\/de\/#organization"},"potentialAction":[{"@type":"SearchAction","target":{"@type":"EntryPoint","urlTemplate":"https:\/\/wein-werte.com\/de\/?s={search_term_string}"},"query-input":{"@type":"PropertyValueSpecification","valueRequired":true,"valueName":"search_term_string"}}],"inLanguage":"de"},{"@type":"Organization","@id":"https:\/\/wein-werte.com\/de\/#organization","name":"Vins Fins Thorrold","url":"https:\/\/wein-werte.com\/de\/","logo":{"@type":"ImageObject","inLanguage":"de","@id":"https:\/\/wein-werte.com\/de\/#\/schema\/logo\/image\/","url":"https:\/\/wein-werte.com\/wp-content\/uploads\/2023\/07\/Wein_werte_Logo700-1.png","contentUrl":"https:\/\/wein-werte.com\/wp-content\/uploads\/2023\/07\/Wein_werte_Logo700-1.png","width":700,"height":272,"caption":"Vins Fins Thorrold"},"image":{"@id":"https:\/\/wein-werte.com\/de\/#\/schema\/logo\/image\/"}}]}},"_links":{"self":[{"href":"https:\/\/wein-werte.com\/de\/wp-json\/wp\/v2\/product\/1126765","targetHints":{"allow":["GET"]}}],"collection":[{"href":"https:\/\/wein-werte.com\/de\/wp-json\/wp\/v2\/product"}],"about":[{"href":"https:\/\/wein-werte.com\/de\/wp-json\/wp\/v2\/types\/product"}],"wp:featuredmedia":[{"embeddable":true,"href":"https:\/\/wein-werte.com\/de\/wp-json\/wp\/v2\/media\/1138834"}],"wp:attachment":[{"href":"https:\/\/wein-werte.com\/de\/wp-json\/wp\/v2\/media?parent=1126765"}],"wp:term":[{"taxonomy":"product_brand","embeddable":true,"href":"https:\/\/wein-werte.com\/de\/wp-json\/wp\/v2\/product_brand?post=1126765"},{"taxonomy":"product_cat","embeddable":true,"href":"https:\/\/wein-werte.com\/de\/wp-json\/wp\/v2\/product_cat?post=1126765"},{"taxonomy":"product_tag","embeddable":true,"href":"https:\/\/wein-werte.com\/de\/wp-json\/wp\/v2\/product_tag?post=1126765"}],"curies":[{"name":"wp","href":"https:\/\/api.w.org\/{rel}","templated":true}]}}