{"id":1126762,"date":"2026-05-05T18:10:31","date_gmt":"2026-05-05T16:10:31","guid":{"rendered":"https:\/\/wein-werte.com\/product\/kiralyudvar-tokaji-6-puttonyos-aszu-lapis-2003-500ml\/"},"modified":"2026-04-27T11:39:47","modified_gmt":"2026-04-27T09:39:47","slug":"kiralyudvar-tokaji-6-puttonyos-aszu-lapis-2003-500ml","status":"publish","type":"product","link":"https:\/\/wein-werte.com\/de\/produkt\/kiralyudvar-tokaji-6-puttonyos-aszu-lapis-2003-500ml\/","title":{"rendered":"Kir\u00e1lyudvar | Tokaj | Tokaji 6 Puttonyos Asz\u00fa Lapis | 2003 | 500ml"},"content":{"rendered":"<p>Produktbeschreibung f\u00fcr Kir\u00e1lyudvar Tokaji 6 Puttonyos Asz\u00fa Lapis 2003 <\/p>\n<p> Christoph Raffelt: Am Gaumen zeigt sich der noch junge Sechs-P\u00fctter ausgesprochen cremig und balanciert, dabei reich und fein texturiert. N\u00fcsse, Honig, Marille und roter Apfel verbinden sich mit einigen Bl\u00fcten- und Muskataromen, Schwarztee und reifer Zitrone, sogar mit etwas Bergamotte und einer feinen S\u00e4ure, die sich in diesem fr\u00fchen Stadium, in dem der Wein sich befindet, noch fast etwas scheu zeigt und doch immer pr\u00e4sent bleibt. Ein Tokaji Asz\u00fa braucht Zeit. Entsprechend ist dies eine Investition in einen \u00e4u\u00dferst tiefsinnigen und komplexen Tokaji Asz\u00fa, dessen eigentliche Stunde erst noch kommen wird, bei dem jedoch schon jetzt die Gr\u00f6\u00dfe sichtbar wird,vor allem dann, wenn man ihn einige Tage vor dem Genuss \u00f6ffnet und ihm etwas Luft gibt. <\/p>\n<h5>Kir\u00e1lyudvar <\/h5>\n<p> Wer an Tokaji denkt, hat m\u00f6glicherweise zuerst Bilder des Habsburger Hofes vor Augen und Geschichten der K.u.K.-Monarchie. Wohl kaum ein Wein ist so eng mit den k\u00f6niglichen H\u00f6fen und deren Prestige verbunden, wie der Tokaji. Entsprechend waren die edels\u00fc\u00dfen Weine auch immer \u00bbder Wein der K\u00f6nige und der K\u00f6nig der Weine\u00ab, wie Ludwig XIV. es umschrieben haben soll. Eines der H\u00e4user, die schon sehr fr\u00fch den ungarischen Hof mit Weinen beliefert haben, ist Kir\u00e1lyudvar, was so viel hei\u00dft wie \u00bbder Hof der K\u00f6nige\u00ab. In der goldenen Zeit des Tokaji vom 16. bis ins 18. Jahrhundert geh\u00f6rten die Tokaji Asz\u00fa von Kir\u00e1lyudvar zu den ber\u00fchmtesten der Welt. <\/p>\n<h5>Informationen zum Wein<\/h5>\n<p> 78 % Furmint, 22 % H\u00e1rslevel\u0171 aus der Einzellage Lapis auf vulkanischem Boden, grauem und braunem Ton und wei\u00dfem Ryolit-Tuff auf bis zu 230 Metern H\u00f6he. Spontanverg\u00e4rung in 500-Liter-Holzfermentern aus ungarischer Eiche. 28 Monate Ausbau in 2.250-Liter-F\u00e4ssern aus ungarischer Eiche. Bei einem 6 Puttonyos (B\u00fctten)\u00a0werden sechs B\u00fctten edelfauler Beeren \u00e0 22 Kilo zu 136,5 Liter Grundwein gegeben. Nach dem Ausbau im Eichenfass reift ein 6 Puttonyos noch einmal mindestens sechs weitere Jahre, bevor er in den Verkauf kommt. <\/p>\n<h5>Farbe<\/h5>\n<p> Dunkles Bernstein <\/p>\n<h5>Nase<\/h5>\n<p> Die dichte und sehr komplexe Nase dieses 6 Puttonys aus der besten Lage des Weinguts \u00f6ffnet sich in einem Aromenbereich, der zwischen Karamell, Backapfel, frischen und getrockneten Marillen, Honig, Malz und Pfirsich Melba changiert und abgerundet wird von feinsten orientalischen Gew\u00fcrzen wie Piment, Nelke, Zimt, von R\u00e4ucherwerk, erdigen und torfigen Noten und Bienenwachs. Der Lapis duftet nach einer Botrytis in einer geradezu perfekten, edlen und reinen Form. <\/p>\n<h5>Gaumen<\/h5>\n<p> Am Gaumen zeigt sich der noch junge Sechs-P\u00fctter ausgesprochen cremig und balanciert, dabei reich und fein texturiert. N\u00fcsse, Honig, Marille und roter Apfel verbinden sich mit einigen Bl\u00fcten- und Muskataromen, Schwarztee und reifer Zitrone, sogar mit etwas Bergamotte und einer feinen S\u00e4ure, die sich in diesem fr\u00fchen Stadium, in dem der Wein sich befindet, noch fast etwas scheu zeigt und doch immer pr\u00e4sent bleibt. Ein Tokaji Asz\u00fa braucht Zeit. Entsprechend ist dies eine Investition in einen \u00e4u\u00dferst tiefsinnigen und komplexen Tokaji Asz\u00fa, dessen eigentliche Stunde erst noch kommen wird, bei dem jedoch schon jetzt die Gr\u00f6\u00dfe sichtbar wird,vor allem dann, wenn man ihn einige Tage vor dem Genuss \u00f6ffnet und ihm etwas Luft gibt.<\/p>\n<p>Copyright Vinaturel 2025<\/p>\n<p>Keywords: <a href=\"https:\/\/wein-werte.com\/de\/shop\/?swoof=1&#038;pa_producer=Kir\u00e1lyudvar\">Kir\u00e1lyudvar<\/a> <a href=\"https:\/\/wein-werte.com\/de\/shop\/?swoof=1&#038;woof_text=Tokaji 6 Puttonyos Asz\u00fa Lapis\">Tokaji 6 Puttonyos Asz\u00fa Lapis<\/a> 2003  <a href=\"https:\/\/wein-werte.com\/de\/shop\/?swoof=1&#038;pa_region=Tokaj\">Tokaj<\/a> <a href=\"https:\/\/wein-werte.com\/de\/shop\/?swoof=1&#038;pa_country=Ungarn\">Ungarn<\/a><\/p>\n<p>Internetseite des Weinguts: <a href=\"https:\/\/www.kiralyudvar.com\/\" target=\"_blank\">https:\/\/www.kiralyudvar.com\/<\/a><\/p>\n","protected":false},"excerpt":{"rendered":"<p>Lieferzeit: 1 bis 2 Arbeitstage (DE), 2 bis 5 Arbeitstage (EU and CH)<\/p>\n","protected":false},"featured_media":1138832,"template":"","meta":[],"product_brand":[],"product_cat":[19],"product_tag":[],"class_list":{"0":"post-1126762","1":"product","2":"type-product","3":"status-publish","4":"has-post-thumbnail","6":"product_cat-unkategorisiert","7":"pa_alcohol-for-filter-9-5","8":"pa_certified-biodynamic-nein-de","9":"pa_certified-organic-nein-de","10":"pa_colour-weiss","11":"pa_country-ungarn","12":"pa_grape-furmint-cuvee","13":"pa_price-for-filter-10596","14":"pa_producer-kiralyudvar","15":"pa_region-tokaj","16":"pa_size-ml-7001","17":"pa_sweetness-suess-de","18":"pa_type-2-still-de","19":"pa_vintage-2003-de","20":"entry","21":"has-media","23":"first","24":"instock","25":"taxable","26":"shipping-taxable","27":"purchasable","28":"product-type-simple"},"yoast_head":"<!-- This site is optimized with the Yoast SEO plugin v27.5 - https:\/\/yoast.com\/product\/yoast-seo-wordpress\/ -->\n<title>Kir\u00e1lyudvar Tokaji 6 Puttonyos Asz\u00fa Lapis 2003, 500ml<\/title>\n<meta name=\"description\" content=\"Kaufe Kir\u00e1lyudvar Tokaji 6 Puttonyos Asz\u00fa Lapis 2003 (Furmint Cuv\u00e9e, s\u00fc\u00df aus Tokaj, Ungarn) bei Wein Werte, Ihrem nachhaltigen Onlineshop.\" \/>\n<meta name=\"robots\" content=\"index, follow, max-snippet:-1, max-image-preview:large, max-video-preview:-1\" \/>\n<link rel=\"canonical\" href=\"https:\/\/wein-werte.com\/de\/produkt\/kiralyudvar-tokaji-6-puttonyos-aszu-lapis-2003-500ml\/\" \/>\n<meta property=\"og:locale\" content=\"de_DE\" \/>\n<meta property=\"og:type\" content=\"article\" \/>\n<meta property=\"og:title\" content=\"Kir\u00e1lyudvar Tokaji 6 Puttonyos Asz\u00fa Lapis 2003, 500ml\" \/>\n<meta property=\"og:description\" content=\"Kaufe Kir\u00e1lyudvar Tokaji 6 Puttonyos Asz\u00fa Lapis 2003 (Furmint Cuv\u00e9e, s\u00fc\u00df aus Tokaj, Ungarn) bei Wein Werte, Ihrem nachhaltigen Onlineshop.\" \/>\n<meta property=\"og:url\" content=\"https:\/\/wein-werte.com\/de\/produkt\/kiralyudvar-tokaji-6-puttonyos-aszu-lapis-2003-500ml\/\" \/>\n<meta property=\"og:site_name\" content=\"Wein Werte\" \/>\n<meta property=\"og:image\" content=\"https:\/\/wein-werte.com\/wp-content\/uploads\/2026\/04\/Kiralyudvar-Tokaji-6-Puttonyos-Aszu-Lapis-2003-500ml.png\" \/>\n\t<meta property=\"og:image:width\" content=\"324\" \/>\n\t<meta property=\"og:image:height\" content=\"1200\" \/>\n\t<meta property=\"og:image:type\" content=\"image\/png\" \/>\n<meta name=\"twitter:card\" content=\"summary_large_image\" \/>\n<meta name=\"twitter:label1\" content=\"Gesch\u00e4tzte Lesezeit\" \/>\n\t<meta name=\"twitter:data1\" content=\"3\u00a0Minuten\" \/>\n<script type=\"application\/ld+json\" class=\"yoast-schema-graph\">{\"@context\":\"https:\\\/\\\/schema.org\",\"@graph\":[{\"@type\":\"WebPage\",\"@id\":\"https:\\\/\\\/wein-werte.com\\\/de\\\/produkt\\\/kiralyudvar-tokaji-6-puttonyos-aszu-lapis-2003-500ml\\\/\",\"url\":\"https:\\\/\\\/wein-werte.com\\\/de\\\/produkt\\\/kiralyudvar-tokaji-6-puttonyos-aszu-lapis-2003-500ml\\\/\",\"name\":\"Kir\u00e1lyudvar Tokaji 6 Puttonyos Asz\u00fa Lapis 2003, 500ml\",\"isPartOf\":{\"@id\":\"https:\\\/\\\/wein-werte.com\\\/de\\\/#website\"},\"primaryImageOfPage\":{\"@id\":\"https:\\\/\\\/wein-werte.com\\\/de\\\/produkt\\\/kiralyudvar-tokaji-6-puttonyos-aszu-lapis-2003-500ml\\\/#primaryimage\"},\"image\":{\"@id\":\"https:\\\/\\\/wein-werte.com\\\/de\\\/produkt\\\/kiralyudvar-tokaji-6-puttonyos-aszu-lapis-2003-500ml\\\/#primaryimage\"},\"thumbnailUrl\":\"https:\\\/\\\/wein-werte.com\\\/wp-content\\\/uploads\\\/2026\\\/04\\\/Kiralyudvar-Tokaji-6-Puttonyos-Aszu-Lapis-2003-500ml.png\",\"datePublished\":\"2026-05-05T16:10:31+00:00\",\"description\":\"Kaufe Kir\u00e1lyudvar Tokaji 6 Puttonyos Asz\u00fa Lapis 2003 (Furmint Cuv\u00e9e, s\u00fc\u00df aus Tokaj, Ungarn) bei Wein Werte, Ihrem nachhaltigen Onlineshop.\",\"breadcrumb\":{\"@id\":\"https:\\\/\\\/wein-werte.com\\\/de\\\/produkt\\\/kiralyudvar-tokaji-6-puttonyos-aszu-lapis-2003-500ml\\\/#breadcrumb\"},\"inLanguage\":\"de\",\"potentialAction\":[{\"@type\":\"ReadAction\",\"target\":[\"https:\\\/\\\/wein-werte.com\\\/de\\\/produkt\\\/kiralyudvar-tokaji-6-puttonyos-aszu-lapis-2003-500ml\\\/\"]}]},{\"@type\":\"ImageObject\",\"inLanguage\":\"de\",\"@id\":\"https:\\\/\\\/wein-werte.com\\\/de\\\/produkt\\\/kiralyudvar-tokaji-6-puttonyos-aszu-lapis-2003-500ml\\\/#primaryimage\",\"url\":\"https:\\\/\\\/wein-werte.com\\\/wp-content\\\/uploads\\\/2026\\\/04\\\/Kiralyudvar-Tokaji-6-Puttonyos-Aszu-Lapis-2003-500ml.png\",\"contentUrl\":\"https:\\\/\\\/wein-werte.com\\\/wp-content\\\/uploads\\\/2026\\\/04\\\/Kiralyudvar-Tokaji-6-Puttonyos-Aszu-Lapis-2003-500ml.png\",\"width\":324,\"height\":1200,\"caption\":\"Kir\u00e1lyudvar Tokaji 6 Puttonyos Asz\u00fa Lapis 2003 500ml\"},{\"@type\":\"BreadcrumbList\",\"@id\":\"https:\\\/\\\/wein-werte.com\\\/de\\\/produkt\\\/kiralyudvar-tokaji-6-puttonyos-aszu-lapis-2003-500ml\\\/#breadcrumb\",\"itemListElement\":[{\"@type\":\"ListItem\",\"position\":1,\"name\":\"Home\",\"item\":\"https:\\\/\\\/wein-werte.com\\\/de\\\/\"},{\"@type\":\"ListItem\",\"position\":2,\"name\":\"Shop\",\"item\":\"https:\\\/\\\/wein-werte.com\\\/de\\\/shop\\\/\"},{\"@type\":\"ListItem\",\"position\":3,\"name\":\"Kir\u00e1lyudvar | Tokaj | Tokaji 6 Puttonyos Asz\u00fa Lapis | 2003 | 500ml\"}]},{\"@type\":\"WebSite\",\"@id\":\"https:\\\/\\\/wein-werte.com\\\/de\\\/#website\",\"url\":\"https:\\\/\\\/wein-werte.com\\\/de\\\/\",\"name\":\"Wein Werte\",\"description\":\"\",\"publisher\":{\"@id\":\"https:\\\/\\\/wein-werte.com\\\/de\\\/#organization\"},\"potentialAction\":[{\"@type\":\"SearchAction\",\"target\":{\"@type\":\"EntryPoint\",\"urlTemplate\":\"https:\\\/\\\/wein-werte.com\\\/de\\\/?s={search_term_string}\"},\"query-input\":{\"@type\":\"PropertyValueSpecification\",\"valueRequired\":true,\"valueName\":\"search_term_string\"}}],\"inLanguage\":\"de\"},{\"@type\":\"Organization\",\"@id\":\"https:\\\/\\\/wein-werte.com\\\/de\\\/#organization\",\"name\":\"Vins Fins Thorrold\",\"url\":\"https:\\\/\\\/wein-werte.com\\\/de\\\/\",\"logo\":{\"@type\":\"ImageObject\",\"inLanguage\":\"de\",\"@id\":\"https:\\\/\\\/wein-werte.com\\\/de\\\/#\\\/schema\\\/logo\\\/image\\\/\",\"url\":\"https:\\\/\\\/wein-werte.com\\\/wp-content\\\/uploads\\\/2023\\\/07\\\/Wein_werte_Logo700-1.png\",\"contentUrl\":\"https:\\\/\\\/wein-werte.com\\\/wp-content\\\/uploads\\\/2023\\\/07\\\/Wein_werte_Logo700-1.png\",\"width\":700,\"height\":272,\"caption\":\"Vins Fins Thorrold\"},\"image\":{\"@id\":\"https:\\\/\\\/wein-werte.com\\\/de\\\/#\\\/schema\\\/logo\\\/image\\\/\"}}]}<\/script>\n<!-- \/ Yoast SEO plugin. -->","yoast_head_json":{"title":"Kir\u00e1lyudvar Tokaji 6 Puttonyos Asz\u00fa Lapis 2003, 500ml","description":"Kaufe Kir\u00e1lyudvar Tokaji 6 Puttonyos Asz\u00fa Lapis 2003 (Furmint Cuv\u00e9e, s\u00fc\u00df aus Tokaj, Ungarn) bei Wein Werte, Ihrem nachhaltigen Onlineshop.","robots":{"index":"index","follow":"follow","max-snippet":"max-snippet:-1","max-image-preview":"max-image-preview:large","max-video-preview":"max-video-preview:-1"},"canonical":"https:\/\/wein-werte.com\/de\/produkt\/kiralyudvar-tokaji-6-puttonyos-aszu-lapis-2003-500ml\/","og_locale":"de_DE","og_type":"article","og_title":"Kir\u00e1lyudvar Tokaji 6 Puttonyos Asz\u00fa Lapis 2003, 500ml","og_description":"Kaufe Kir\u00e1lyudvar Tokaji 6 Puttonyos Asz\u00fa Lapis 2003 (Furmint Cuv\u00e9e, s\u00fc\u00df aus Tokaj, Ungarn) bei Wein Werte, Ihrem nachhaltigen Onlineshop.","og_url":"https:\/\/wein-werte.com\/de\/produkt\/kiralyudvar-tokaji-6-puttonyos-aszu-lapis-2003-500ml\/","og_site_name":"Wein Werte","og_image":[{"width":324,"height":1200,"url":"https:\/\/wein-werte.com\/wp-content\/uploads\/2026\/04\/Kiralyudvar-Tokaji-6-Puttonyos-Aszu-Lapis-2003-500ml.png","type":"image\/png"}],"twitter_card":"summary_large_image","twitter_misc":{"Gesch\u00e4tzte Lesezeit":"3\u00a0Minuten"},"schema":{"@context":"https:\/\/schema.org","@graph":[{"@type":"WebPage","@id":"https:\/\/wein-werte.com\/de\/produkt\/kiralyudvar-tokaji-6-puttonyos-aszu-lapis-2003-500ml\/","url":"https:\/\/wein-werte.com\/de\/produkt\/kiralyudvar-tokaji-6-puttonyos-aszu-lapis-2003-500ml\/","name":"Kir\u00e1lyudvar Tokaji 6 Puttonyos Asz\u00fa Lapis 2003, 500ml","isPartOf":{"@id":"https:\/\/wein-werte.com\/de\/#website"},"primaryImageOfPage":{"@id":"https:\/\/wein-werte.com\/de\/produkt\/kiralyudvar-tokaji-6-puttonyos-aszu-lapis-2003-500ml\/#primaryimage"},"image":{"@id":"https:\/\/wein-werte.com\/de\/produkt\/kiralyudvar-tokaji-6-puttonyos-aszu-lapis-2003-500ml\/#primaryimage"},"thumbnailUrl":"https:\/\/wein-werte.com\/wp-content\/uploads\/2026\/04\/Kiralyudvar-Tokaji-6-Puttonyos-Aszu-Lapis-2003-500ml.png","datePublished":"2026-05-05T16:10:31+00:00","description":"Kaufe Kir\u00e1lyudvar Tokaji 6 Puttonyos Asz\u00fa Lapis 2003 (Furmint Cuv\u00e9e, s\u00fc\u00df aus Tokaj, Ungarn) bei Wein Werte, Ihrem nachhaltigen Onlineshop.","breadcrumb":{"@id":"https:\/\/wein-werte.com\/de\/produkt\/kiralyudvar-tokaji-6-puttonyos-aszu-lapis-2003-500ml\/#breadcrumb"},"inLanguage":"de","potentialAction":[{"@type":"ReadAction","target":["https:\/\/wein-werte.com\/de\/produkt\/kiralyudvar-tokaji-6-puttonyos-aszu-lapis-2003-500ml\/"]}]},{"@type":"ImageObject","inLanguage":"de","@id":"https:\/\/wein-werte.com\/de\/produkt\/kiralyudvar-tokaji-6-puttonyos-aszu-lapis-2003-500ml\/#primaryimage","url":"https:\/\/wein-werte.com\/wp-content\/uploads\/2026\/04\/Kiralyudvar-Tokaji-6-Puttonyos-Aszu-Lapis-2003-500ml.png","contentUrl":"https:\/\/wein-werte.com\/wp-content\/uploads\/2026\/04\/Kiralyudvar-Tokaji-6-Puttonyos-Aszu-Lapis-2003-500ml.png","width":324,"height":1200,"caption":"Kir\u00e1lyudvar Tokaji 6 Puttonyos Asz\u00fa Lapis 2003 500ml"},{"@type":"BreadcrumbList","@id":"https:\/\/wein-werte.com\/de\/produkt\/kiralyudvar-tokaji-6-puttonyos-aszu-lapis-2003-500ml\/#breadcrumb","itemListElement":[{"@type":"ListItem","position":1,"name":"Home","item":"https:\/\/wein-werte.com\/de\/"},{"@type":"ListItem","position":2,"name":"Shop","item":"https:\/\/wein-werte.com\/de\/shop\/"},{"@type":"ListItem","position":3,"name":"Kir\u00e1lyudvar | Tokaj | Tokaji 6 Puttonyos Asz\u00fa Lapis | 2003 | 500ml"}]},{"@type":"WebSite","@id":"https:\/\/wein-werte.com\/de\/#website","url":"https:\/\/wein-werte.com\/de\/","name":"Wein Werte","description":"","publisher":{"@id":"https:\/\/wein-werte.com\/de\/#organization"},"potentialAction":[{"@type":"SearchAction","target":{"@type":"EntryPoint","urlTemplate":"https:\/\/wein-werte.com\/de\/?s={search_term_string}"},"query-input":{"@type":"PropertyValueSpecification","valueRequired":true,"valueName":"search_term_string"}}],"inLanguage":"de"},{"@type":"Organization","@id":"https:\/\/wein-werte.com\/de\/#organization","name":"Vins Fins Thorrold","url":"https:\/\/wein-werte.com\/de\/","logo":{"@type":"ImageObject","inLanguage":"de","@id":"https:\/\/wein-werte.com\/de\/#\/schema\/logo\/image\/","url":"https:\/\/wein-werte.com\/wp-content\/uploads\/2023\/07\/Wein_werte_Logo700-1.png","contentUrl":"https:\/\/wein-werte.com\/wp-content\/uploads\/2023\/07\/Wein_werte_Logo700-1.png","width":700,"height":272,"caption":"Vins Fins Thorrold"},"image":{"@id":"https:\/\/wein-werte.com\/de\/#\/schema\/logo\/image\/"}}]}},"_links":{"self":[{"href":"https:\/\/wein-werte.com\/de\/wp-json\/wp\/v2\/product\/1126762","targetHints":{"allow":["GET"]}}],"collection":[{"href":"https:\/\/wein-werte.com\/de\/wp-json\/wp\/v2\/product"}],"about":[{"href":"https:\/\/wein-werte.com\/de\/wp-json\/wp\/v2\/types\/product"}],"wp:featuredmedia":[{"embeddable":true,"href":"https:\/\/wein-werte.com\/de\/wp-json\/wp\/v2\/media\/1138832"}],"wp:attachment":[{"href":"https:\/\/wein-werte.com\/de\/wp-json\/wp\/v2\/media?parent=1126762"}],"wp:term":[{"taxonomy":"product_brand","embeddable":true,"href":"https:\/\/wein-werte.com\/de\/wp-json\/wp\/v2\/product_brand?post=1126762"},{"taxonomy":"product_cat","embeddable":true,"href":"https:\/\/wein-werte.com\/de\/wp-json\/wp\/v2\/product_cat?post=1126762"},{"taxonomy":"product_tag","embeddable":true,"href":"https:\/\/wein-werte.com\/de\/wp-json\/wp\/v2\/product_tag?post=1126762"}],"curies":[{"name":"wp","href":"https:\/\/api.w.org\/{rel}","templated":true}]}}