{"id":1126627,"date":"2026-05-05T18:18:13","date_gmt":"2026-05-05T16:18:13","guid":{"rendered":"https:\/\/wein-werte.com\/product\/johannes-zillinger-parcellaire-blanc-1-2022-750ml\/"},"modified":"2026-04-27T11:39:35","modified_gmt":"2026-04-27T09:39:35","slug":"johannes-zillinger-parcellaire-blanc-1-2022-750ml","status":"publish","type":"product","link":"https:\/\/wein-werte.com\/de\/produkt\/johannes-zillinger-parcellaire-blanc-1-2022-750ml\/","title":{"rendered":"Johannes Zillinger | Weinviertel | parcellaire blanc #1 | 2022 | 750ml | bio"},"content":{"rendered":"<p>Produktbeschreibung f\u00fcr Johannes Zillinger parcellaire blanc #1 2022 (bio)<\/p>\n<h5>Info zum Wein<\/h5>\n<p> Chardonnay 38%, Welschriesling (Gra\u0161evina, Riesling Italico, Olaszrizling, La\u0161ki rizling, Rizling Vla\u0161sk\u00fd, Rizling R\u00fdnsky) 62%. <\/p>\n<h5>\u00a0<\/h5>\n<h5>Info zum Ausbau<\/h5>\n<p> Die Trauben wurden am 29.Seprtember von Hand gelesen, gepresst und mit nat\u00fcrlichen Hefen vergoren. Welschriesling ganze Trauben in Amphoren vergoren, gepresst und in 500-Liter-F\u00e4ssern gereift \/ Chardonnay ganze Trauben gepresst, vergoren und in alten NUMEN-F\u00e4ssern gereift. Keine Sch\u00f6nung, Keine Filtration, nur 1,4g Restzucker. \u00a0 <\/p>\n<h5>Farbe<\/h5>\n<p> Getr\u00fcbtes Goldgelb.  <\/p>\n<h5>Nase<\/h5>\n<p> Der 2022er Parcellaire Blanc duftet kompakt und intensiv nach Birne, Quitte, Hefe, Mandeln, helle Bl\u00fcten, Gr\u00e4ser und Kr\u00e4uter. Es bietet sich eine wundersch\u00f6ne Dichte und saftige F\u00fclle dar, man freut sich direkt darauf in diesen Wein eintauchen zu k\u00f6nnen. \u00a0 <\/p>\n<h5>Gaumen<\/h5>\n<p> Am Gaumen angelangt zeigt er sich mit saftiger F\u00fclle, viel Gripp und salziger L\u00e4nge. Ein Wein, mit wundersch\u00f6ner Pr\u00e4senz, der die Karaffe einfordert und schon Solo ein echter Genuss ist. Mit den richtigen Speisen lebt er zus\u00e4tzlich auf und bietet uns ein Fest der Sinne. Gro\u00dfartiger Tropfen!<\/p>\n<p>Copyright Vinaturel 2025<\/p>\n<p>Keywords: <a href=\"https:\/\/wein-werte.com\/de\/shop\/?swoof=1&#038;pa_producer=Johannes-Zillinger\">Johannes Zillinger<\/a> <a href=\"https:\/\/wein-werte.com\/de\/shop\/?swoof=1&#038;woof_text=parcellaire blanc #1\">parcellaire blanc #1<\/a> 2022 bio <a href=\"https:\/\/wein-werte.com\/de\/shop\/?swoof=1&#038;pa_region=Weinviertel\">Weinviertel<\/a> <a href=\"https:\/\/wein-werte.com\/de\/shop\/?swoof=1&#038;pa_country=\u00d6sterreich\">\u00d6sterreich<\/a><\/p>\n<p>Internetseite des Weinguts: <a href=\"https:\/\/www.zillinger.at\/\" target=\"_blank\">https:\/\/www.zillinger.at\/<\/a><\/p>\n","protected":false},"excerpt":{"rendered":"<p>Lieferzeit: 1 bis 2 Arbeitstage (DE), 2 bis 5 Arbeitstage (EU and CH)<\/p>\n","protected":false},"featured_media":1138728,"template":"","meta":[],"product_brand":[],"product_cat":[19],"product_tag":[],"class_list":{"0":"post-1126627","1":"product","2":"type-product","3":"status-publish","4":"has-post-thumbnail","6":"product_cat-unkategorisiert","7":"pa_alcohol-for-filter-12893","8":"pa_certified-biodynamic-ja-de","9":"pa_certified-organic-ja-de","10":"pa_colour-weiss","11":"pa_country-osterreich","12":"pa_grape-chardonnay-cuvee","13":"pa_price-for-filter-10575","14":"pa_producer-johannes-zillinger","15":"pa_region-weinviertel","16":"pa_size-ml-6584","17":"pa_sweetness-trocken-de","18":"pa_type-2-still-de","19":"pa_vintage-2022-de","20":"entry","21":"has-media","23":"first","24":"instock","25":"taxable","26":"shipping-taxable","27":"purchasable","28":"product-type-simple"},"yoast_head":"<!-- This site is optimized with the Yoast SEO plugin v27.5 - https:\/\/yoast.com\/product\/yoast-seo-wordpress\/ -->\n<title>Johannes Zillinger parcellaire blanc #1 2022<\/title>\n<meta name=\"description\" content=\"Kaufe Johannes Zillinger parcellaire blanc #1 2022 (Chardonnay Cuv\u00e9e, trocken aus Weinviertel, \u00d6sterreich) bei Wein Werte, Ihrem nachhaltigen Onlineshop.\" \/>\n<meta name=\"robots\" content=\"index, follow, max-snippet:-1, max-image-preview:large, max-video-preview:-1\" \/>\n<link rel=\"canonical\" href=\"https:\/\/wein-werte.com\/de\/produkt\/johannes-zillinger-parcellaire-blanc-1-2022-750ml\/\" \/>\n<meta property=\"og:locale\" content=\"de_DE\" \/>\n<meta property=\"og:type\" content=\"article\" \/>\n<meta property=\"og:title\" content=\"Johannes Zillinger parcellaire blanc #1 2022\" \/>\n<meta property=\"og:description\" content=\"Kaufe Johannes Zillinger parcellaire blanc #1 2022 (Chardonnay Cuv\u00e9e, trocken aus Weinviertel, \u00d6sterreich) bei Wein Werte, Ihrem nachhaltigen Onlineshop.\" \/>\n<meta property=\"og:url\" content=\"https:\/\/wein-werte.com\/de\/produkt\/johannes-zillinger-parcellaire-blanc-1-2022-750ml\/\" \/>\n<meta property=\"og:site_name\" content=\"Wein Werte\" \/>\n<meta property=\"og:image\" content=\"https:\/\/wein-werte.com\/wp-content\/uploads\/2026\/04\/Johannes-Zillinger-parcellaire-blanc-1-2022-750ml.png\" \/>\n\t<meta property=\"og:image:width\" content=\"316\" \/>\n\t<meta property=\"og:image:height\" content=\"1200\" \/>\n\t<meta property=\"og:image:type\" content=\"image\/png\" \/>\n<meta name=\"twitter:card\" content=\"summary_large_image\" \/>\n<meta name=\"twitter:label1\" content=\"Gesch\u00e4tzte Lesezeit\" \/>\n\t<meta name=\"twitter:data1\" content=\"1\u00a0Minute\" \/>\n<script type=\"application\/ld+json\" class=\"yoast-schema-graph\">{\"@context\":\"https:\\\/\\\/schema.org\",\"@graph\":[{\"@type\":\"WebPage\",\"@id\":\"https:\\\/\\\/wein-werte.com\\\/de\\\/produkt\\\/johannes-zillinger-parcellaire-blanc-1-2022-750ml\\\/\",\"url\":\"https:\\\/\\\/wein-werte.com\\\/de\\\/produkt\\\/johannes-zillinger-parcellaire-blanc-1-2022-750ml\\\/\",\"name\":\"Johannes Zillinger parcellaire blanc #1 2022\",\"isPartOf\":{\"@id\":\"https:\\\/\\\/wein-werte.com\\\/de\\\/#website\"},\"primaryImageOfPage\":{\"@id\":\"https:\\\/\\\/wein-werte.com\\\/de\\\/produkt\\\/johannes-zillinger-parcellaire-blanc-1-2022-750ml\\\/#primaryimage\"},\"image\":{\"@id\":\"https:\\\/\\\/wein-werte.com\\\/de\\\/produkt\\\/johannes-zillinger-parcellaire-blanc-1-2022-750ml\\\/#primaryimage\"},\"thumbnailUrl\":\"https:\\\/\\\/wein-werte.com\\\/wp-content\\\/uploads\\\/2026\\\/04\\\/Johannes-Zillinger-parcellaire-blanc-1-2022-750ml.png\",\"datePublished\":\"2026-05-05T16:18:13+00:00\",\"description\":\"Kaufe Johannes Zillinger parcellaire blanc #1 2022 (Chardonnay Cuv\u00e9e, trocken aus Weinviertel, \u00d6sterreich) bei Wein Werte, Ihrem nachhaltigen Onlineshop.\",\"breadcrumb\":{\"@id\":\"https:\\\/\\\/wein-werte.com\\\/de\\\/produkt\\\/johannes-zillinger-parcellaire-blanc-1-2022-750ml\\\/#breadcrumb\"},\"inLanguage\":\"de\",\"potentialAction\":[{\"@type\":\"ReadAction\",\"target\":[\"https:\\\/\\\/wein-werte.com\\\/de\\\/produkt\\\/johannes-zillinger-parcellaire-blanc-1-2022-750ml\\\/\"]}]},{\"@type\":\"ImageObject\",\"inLanguage\":\"de\",\"@id\":\"https:\\\/\\\/wein-werte.com\\\/de\\\/produkt\\\/johannes-zillinger-parcellaire-blanc-1-2022-750ml\\\/#primaryimage\",\"url\":\"https:\\\/\\\/wein-werte.com\\\/wp-content\\\/uploads\\\/2026\\\/04\\\/Johannes-Zillinger-parcellaire-blanc-1-2022-750ml.png\",\"contentUrl\":\"https:\\\/\\\/wein-werte.com\\\/wp-content\\\/uploads\\\/2026\\\/04\\\/Johannes-Zillinger-parcellaire-blanc-1-2022-750ml.png\",\"width\":316,\"height\":1200,\"caption\":\"Johannes Zillinger parcellaire blanc #1 2022 750ml\"},{\"@type\":\"BreadcrumbList\",\"@id\":\"https:\\\/\\\/wein-werte.com\\\/de\\\/produkt\\\/johannes-zillinger-parcellaire-blanc-1-2022-750ml\\\/#breadcrumb\",\"itemListElement\":[{\"@type\":\"ListItem\",\"position\":1,\"name\":\"Home\",\"item\":\"https:\\\/\\\/wein-werte.com\\\/de\\\/\"},{\"@type\":\"ListItem\",\"position\":2,\"name\":\"Shop\",\"item\":\"https:\\\/\\\/wein-werte.com\\\/de\\\/shop\\\/\"},{\"@type\":\"ListItem\",\"position\":3,\"name\":\"Johannes Zillinger | Weinviertel | parcellaire blanc #1 | 2022 | 750ml | bio\"}]},{\"@type\":\"WebSite\",\"@id\":\"https:\\\/\\\/wein-werte.com\\\/de\\\/#website\",\"url\":\"https:\\\/\\\/wein-werte.com\\\/de\\\/\",\"name\":\"Wein Werte\",\"description\":\"\",\"publisher\":{\"@id\":\"https:\\\/\\\/wein-werte.com\\\/de\\\/#organization\"},\"potentialAction\":[{\"@type\":\"SearchAction\",\"target\":{\"@type\":\"EntryPoint\",\"urlTemplate\":\"https:\\\/\\\/wein-werte.com\\\/de\\\/?s={search_term_string}\"},\"query-input\":{\"@type\":\"PropertyValueSpecification\",\"valueRequired\":true,\"valueName\":\"search_term_string\"}}],\"inLanguage\":\"de\"},{\"@type\":\"Organization\",\"@id\":\"https:\\\/\\\/wein-werte.com\\\/de\\\/#organization\",\"name\":\"Vins Fins Thorrold\",\"url\":\"https:\\\/\\\/wein-werte.com\\\/de\\\/\",\"logo\":{\"@type\":\"ImageObject\",\"inLanguage\":\"de\",\"@id\":\"https:\\\/\\\/wein-werte.com\\\/de\\\/#\\\/schema\\\/logo\\\/image\\\/\",\"url\":\"https:\\\/\\\/wein-werte.com\\\/wp-content\\\/uploads\\\/2023\\\/07\\\/Wein_werte_Logo700-1.png\",\"contentUrl\":\"https:\\\/\\\/wein-werte.com\\\/wp-content\\\/uploads\\\/2023\\\/07\\\/Wein_werte_Logo700-1.png\",\"width\":700,\"height\":272,\"caption\":\"Vins Fins Thorrold\"},\"image\":{\"@id\":\"https:\\\/\\\/wein-werte.com\\\/de\\\/#\\\/schema\\\/logo\\\/image\\\/\"}}]}<\/script>\n<!-- \/ Yoast SEO plugin. -->","yoast_head_json":{"title":"Johannes Zillinger parcellaire blanc #1 2022","description":"Kaufe Johannes Zillinger parcellaire blanc #1 2022 (Chardonnay Cuv\u00e9e, trocken aus Weinviertel, \u00d6sterreich) bei Wein Werte, Ihrem nachhaltigen Onlineshop.","robots":{"index":"index","follow":"follow","max-snippet":"max-snippet:-1","max-image-preview":"max-image-preview:large","max-video-preview":"max-video-preview:-1"},"canonical":"https:\/\/wein-werte.com\/de\/produkt\/johannes-zillinger-parcellaire-blanc-1-2022-750ml\/","og_locale":"de_DE","og_type":"article","og_title":"Johannes Zillinger parcellaire blanc #1 2022","og_description":"Kaufe Johannes Zillinger parcellaire blanc #1 2022 (Chardonnay Cuv\u00e9e, trocken aus Weinviertel, \u00d6sterreich) bei Wein Werte, Ihrem nachhaltigen Onlineshop.","og_url":"https:\/\/wein-werte.com\/de\/produkt\/johannes-zillinger-parcellaire-blanc-1-2022-750ml\/","og_site_name":"Wein Werte","og_image":[{"width":316,"height":1200,"url":"https:\/\/wein-werte.com\/wp-content\/uploads\/2026\/04\/Johannes-Zillinger-parcellaire-blanc-1-2022-750ml.png","type":"image\/png"}],"twitter_card":"summary_large_image","twitter_misc":{"Gesch\u00e4tzte Lesezeit":"1\u00a0Minute"},"schema":{"@context":"https:\/\/schema.org","@graph":[{"@type":"WebPage","@id":"https:\/\/wein-werte.com\/de\/produkt\/johannes-zillinger-parcellaire-blanc-1-2022-750ml\/","url":"https:\/\/wein-werte.com\/de\/produkt\/johannes-zillinger-parcellaire-blanc-1-2022-750ml\/","name":"Johannes Zillinger parcellaire blanc #1 2022","isPartOf":{"@id":"https:\/\/wein-werte.com\/de\/#website"},"primaryImageOfPage":{"@id":"https:\/\/wein-werte.com\/de\/produkt\/johannes-zillinger-parcellaire-blanc-1-2022-750ml\/#primaryimage"},"image":{"@id":"https:\/\/wein-werte.com\/de\/produkt\/johannes-zillinger-parcellaire-blanc-1-2022-750ml\/#primaryimage"},"thumbnailUrl":"https:\/\/wein-werte.com\/wp-content\/uploads\/2026\/04\/Johannes-Zillinger-parcellaire-blanc-1-2022-750ml.png","datePublished":"2026-05-05T16:18:13+00:00","description":"Kaufe Johannes Zillinger parcellaire blanc #1 2022 (Chardonnay Cuv\u00e9e, trocken aus Weinviertel, \u00d6sterreich) bei Wein Werte, Ihrem nachhaltigen Onlineshop.","breadcrumb":{"@id":"https:\/\/wein-werte.com\/de\/produkt\/johannes-zillinger-parcellaire-blanc-1-2022-750ml\/#breadcrumb"},"inLanguage":"de","potentialAction":[{"@type":"ReadAction","target":["https:\/\/wein-werte.com\/de\/produkt\/johannes-zillinger-parcellaire-blanc-1-2022-750ml\/"]}]},{"@type":"ImageObject","inLanguage":"de","@id":"https:\/\/wein-werte.com\/de\/produkt\/johannes-zillinger-parcellaire-blanc-1-2022-750ml\/#primaryimage","url":"https:\/\/wein-werte.com\/wp-content\/uploads\/2026\/04\/Johannes-Zillinger-parcellaire-blanc-1-2022-750ml.png","contentUrl":"https:\/\/wein-werte.com\/wp-content\/uploads\/2026\/04\/Johannes-Zillinger-parcellaire-blanc-1-2022-750ml.png","width":316,"height":1200,"caption":"Johannes Zillinger parcellaire blanc #1 2022 750ml"},{"@type":"BreadcrumbList","@id":"https:\/\/wein-werte.com\/de\/produkt\/johannes-zillinger-parcellaire-blanc-1-2022-750ml\/#breadcrumb","itemListElement":[{"@type":"ListItem","position":1,"name":"Home","item":"https:\/\/wein-werte.com\/de\/"},{"@type":"ListItem","position":2,"name":"Shop","item":"https:\/\/wein-werte.com\/de\/shop\/"},{"@type":"ListItem","position":3,"name":"Johannes Zillinger | Weinviertel | parcellaire blanc #1 | 2022 | 750ml | bio"}]},{"@type":"WebSite","@id":"https:\/\/wein-werte.com\/de\/#website","url":"https:\/\/wein-werte.com\/de\/","name":"Wein Werte","description":"","publisher":{"@id":"https:\/\/wein-werte.com\/de\/#organization"},"potentialAction":[{"@type":"SearchAction","target":{"@type":"EntryPoint","urlTemplate":"https:\/\/wein-werte.com\/de\/?s={search_term_string}"},"query-input":{"@type":"PropertyValueSpecification","valueRequired":true,"valueName":"search_term_string"}}],"inLanguage":"de"},{"@type":"Organization","@id":"https:\/\/wein-werte.com\/de\/#organization","name":"Vins Fins Thorrold","url":"https:\/\/wein-werte.com\/de\/","logo":{"@type":"ImageObject","inLanguage":"de","@id":"https:\/\/wein-werte.com\/de\/#\/schema\/logo\/image\/","url":"https:\/\/wein-werte.com\/wp-content\/uploads\/2023\/07\/Wein_werte_Logo700-1.png","contentUrl":"https:\/\/wein-werte.com\/wp-content\/uploads\/2023\/07\/Wein_werte_Logo700-1.png","width":700,"height":272,"caption":"Vins Fins Thorrold"},"image":{"@id":"https:\/\/wein-werte.com\/de\/#\/schema\/logo\/image\/"}}]}},"_links":{"self":[{"href":"https:\/\/wein-werte.com\/de\/wp-json\/wp\/v2\/product\/1126627","targetHints":{"allow":["GET"]}}],"collection":[{"href":"https:\/\/wein-werte.com\/de\/wp-json\/wp\/v2\/product"}],"about":[{"href":"https:\/\/wein-werte.com\/de\/wp-json\/wp\/v2\/types\/product"}],"wp:featuredmedia":[{"embeddable":true,"href":"https:\/\/wein-werte.com\/de\/wp-json\/wp\/v2\/media\/1138728"}],"wp:attachment":[{"href":"https:\/\/wein-werte.com\/de\/wp-json\/wp\/v2\/media?parent=1126627"}],"wp:term":[{"taxonomy":"product_brand","embeddable":true,"href":"https:\/\/wein-werte.com\/de\/wp-json\/wp\/v2\/product_brand?post=1126627"},{"taxonomy":"product_cat","embeddable":true,"href":"https:\/\/wein-werte.com\/de\/wp-json\/wp\/v2\/product_cat?post=1126627"},{"taxonomy":"product_tag","embeddable":true,"href":"https:\/\/wein-werte.com\/de\/wp-json\/wp\/v2\/product_tag?post=1126627"}],"curies":[{"name":"wp","href":"https:\/\/api.w.org\/{rel}","templated":true}]}}