{"id":1126554,"date":"2026-05-08T19:55:32","date_gmt":"2026-05-08T17:55:32","guid":{"rendered":"https:\/\/wein-werte.com\/product\/velich-welschriesling-trockenbeerenauslese-2009-375ml\/"},"modified":"2026-05-01T23:38:58","modified_gmt":"2026-05-01T21:38:58","slug":"velich-welschriesling-trockenbeerenauslese-2009-375ml","status":"publish","type":"product","link":"https:\/\/wein-werte.com\/de\/produkt\/velich-welschriesling-trockenbeerenauslese-2009-375ml\/","title":{"rendered":"Velich | Burgenland\/Neusiedlersee | Welschriesling Trockenbeerenauslese | 2009 | 375ml"},"content":{"rendered":"<p>Produktbeschreibung f\u00fcr Velich Welschriesling Trockenbeerenauslese 2009  <\/p>\n<h5>Informationen zum Wein<\/h5>\n<p> Diese Trockenbeerenauslese aus Welschriesling stammt vom Seewinkel am Neusiedler See, wo best\u00e4ndige Fr\u00fchnebel bzw. eine hohe Luftfeuchte f\u00fcr die Bildung der Edelf\u00e4ule Botrytis sorgen. Die TBA entsteht ausschlie\u00dflich aus rosinierten Trauben, die spontan vergoren und dann in gebrauchten Barriques \u00fcber mehr als zehn Jahre hinweg reifen. <\/p>\n<h5>Farbe<\/h5>\n<p> dunkel bernsteinfarben <\/p>\n<h5>Nase<\/h5>\n<p> Die Trockenbeerenauslese aus Welschriesling ist ein fantastisch komplexer und dichter S\u00fc\u00dfwein mit Noten von Pfeifentabak und ged\u00f6rrten Datteln, Feigen, Pflaumen und Aprikosen sowie kandiertem Ingwer und Orangen, Honig und wei\u00dfem Nougat, Malz und Mokka. Die TBA wirkt im Duft bereits schon s\u00fc\u00df, aber keinesfalls schwer. <\/p>\n<h5>Gaumen<\/h5>\n<p> Dies best\u00e4tigt sich auch am Gaumen, wo dieser viskose, hoch konzentrierte Nektar eine gro\u00dfe Komplexit\u00e4t entfaltet, cremig, elegant und sahnig \u00fcber die Zunge gleitet und seine Gr\u00f6\u00dfe in der perfekten Balance von S\u00fc\u00dfe und lebendiger S\u00e4ure sowie einer fantastischen Salzigkeit offenbart, die so wirkt, als habe man gereiften Sauternes mit Cr\u00e8me Caramel au Beurre sal\u00e9 gemischt. Der lange Holzausbau sorgt f\u00fcr viel Struktur und eine zus\u00e4tzliche, an gebrannte Mandeln in Vanille erinnernde Note, die den Wein im ellenlangen Finale noch komplexer werden l\u00e4sst und sich dort mit der feinen Bitterkeit und S\u00fc\u00dfe von kandierten Bitterorangenschalen mischt. Fantastisch! Zumal, wenn man den Preis bedenkt.<\/p>\n<p>Copyright Vinaturel 2025<\/p>\n<p>Keywords: <a href=\"https:\/\/wein-werte.com\/de\/shop\/?swoof=1&#038;pa_producer=Velich\">Velich<\/a> <a href=\"https:\/\/wein-werte.com\/de\/shop\/?swoof=1&#038;woof_text=Welschriesling Trockenbeerenauslese\">Welschriesling Trockenbeerenauslese<\/a> 2009  <a href=\"https:\/\/wein-werte.com\/de\/shop\/?swoof=1&#038;pa_region=Burgenland\/Neusiedlersee\">Burgenland\/Neusiedlersee<\/a> <a href=\"https:\/\/wein-werte.com\/de\/shop\/?swoof=1&#038;pa_country=\u00d6sterreich\">\u00d6sterreich<\/a><\/p>\n<h3>Wine Advocate<\/h3>\n<p>Punkte: (99-100)<\/p>\n<p>Die Welschriesling Trockenbeerenauslese 2009 wurde bei 42\u00b0 KMW geerntet und bis zu diesem Jahr fast 13 Jahre lang in zwei Barriques ohne Schwefelzusatz gereift. Sie wurde noch nicht abgef\u00fcllt. Sie pr\u00e4sentiert sich in bernsteinfarbenem Ton mit gr\u00fcnlichen Reflexen. Das Bouquet begeistert durch seine Intensit\u00e4t, Reinheit und Komplexit\u00e4t mit salzigen Karamell- und malzig-balsamischen Noten sowie Orangen- und Schwarztee-Aromen. Dies ist eine hochraffinierte und elegante TBA mit atemberaubender Finesse, salziger Frische sowie Karamell- und Malznoten. Ein wundersch\u00f6ner, anregender TBA von au\u00dfergew\u00f6hnlicher Qualit\u00e4t. Verkostet im Juli 2022 mit einem SO2-Gehalt von 60 Milligramm pro Liter; die Abf\u00fcllung erfolgt im Sommer oder Herbst mit 100 Milligramm pro Liter. Ein Wein zum Genie\u00dfen!<br \/>Stephan Reinhardt<\/p>\n<p>Internetseite des Weinguts: <a href=\"https:\/\/www.velich.at\/en\/winery\" target=\"_blank\">https:\/\/www.velich.at\/en\/winery<\/a><\/p>\n","protected":false},"excerpt":{"rendered":"<p>Lieferzeit: 1 bis 2 Arbeitstage (DE), 2 bis 5 Arbeitstage (EU and CH)<\/p>\n","protected":false},"featured_media":1138674,"template":"","meta":[],"product_brand":[],"product_cat":[19],"product_tag":[],"class_list":{"0":"post-1126554","1":"product","2":"type-product","3":"status-publish","4":"has-post-thumbnail","6":"product_cat-unkategorisiert","7":"pa_alcohol-for-filter-13-5","8":"pa_certified-biodynamic-nein-de","9":"pa_certified-organic-nein-de","10":"pa_colour-weiss","11":"pa_country-osterreich","12":"pa_grape-welschriesling","13":"pa_parker-points-for-filter-99-de-2","14":"pa_price-for-filter-11439","15":"pa_producer-velich","16":"pa_region-burgenland-neusiedlersee","17":"pa_size-ml-6721","18":"pa_sweetness-suess-de","19":"pa_type-2-still-de","20":"pa_vintage-2009-de","21":"entry","22":"has-media","24":"first","25":"instock","26":"taxable","27":"shipping-taxable","28":"purchasable","29":"product-type-simple"},"yoast_head":"<!-- This site is optimized with the Yoast SEO plugin v27.5 - https:\/\/yoast.com\/product\/yoast-seo-wordpress\/ -->\n<title>Velich Welschriesling Trockenbeerenauslese 2009, 375ml<\/title>\n<meta name=\"description\" content=\"Kaufe Velich Welschriesling Trockenbeerenauslese 2009 (Welschriesling, s\u00fc\u00df aus Burgenland\/Neusiedlersee, \u00d6sterreich) bei Wein Werte, Ihrem nachhaltigen Onlineshop.\" \/>\n<meta name=\"robots\" content=\"index, follow, max-snippet:-1, max-image-preview:large, max-video-preview:-1\" \/>\n<link rel=\"canonical\" href=\"https:\/\/wein-werte.com\/de\/produkt\/velich-welschriesling-trockenbeerenauslese-2009-375ml\/\" \/>\n<meta property=\"og:locale\" content=\"de_DE\" \/>\n<meta property=\"og:type\" content=\"article\" \/>\n<meta property=\"og:title\" content=\"Velich Welschriesling Trockenbeerenauslese 2009, 375ml\" \/>\n<meta property=\"og:description\" content=\"Kaufe Velich Welschriesling Trockenbeerenauslese 2009 (Welschriesling, s\u00fc\u00df aus Burgenland\/Neusiedlersee, \u00d6sterreich) bei Wein Werte, Ihrem nachhaltigen Onlineshop.\" \/>\n<meta property=\"og:url\" content=\"https:\/\/wein-werte.com\/de\/produkt\/velich-welschriesling-trockenbeerenauslese-2009-375ml\/\" \/>\n<meta property=\"og:site_name\" content=\"Wein Werte\" \/>\n<meta property=\"og:image\" content=\"https:\/\/wein-werte.com\/wp-content\/uploads\/2026\/04\/Velich-Welschriesling-Trockenbeerenauslese-2009-375ml.png\" \/>\n\t<meta property=\"og:image:width\" content=\"274\" \/>\n\t<meta property=\"og:image:height\" content=\"1200\" \/>\n\t<meta property=\"og:image:type\" content=\"image\/png\" \/>\n<meta name=\"twitter:card\" content=\"summary_large_image\" \/>\n<meta name=\"twitter:label1\" content=\"Gesch\u00e4tzte Lesezeit\" \/>\n\t<meta name=\"twitter:data1\" content=\"2\u00a0Minuten\" \/>\n<script type=\"application\/ld+json\" class=\"yoast-schema-graph\">{\"@context\":\"https:\\\/\\\/schema.org\",\"@graph\":[{\"@type\":\"WebPage\",\"@id\":\"https:\\\/\\\/wein-werte.com\\\/de\\\/produkt\\\/velich-welschriesling-trockenbeerenauslese-2009-375ml\\\/\",\"url\":\"https:\\\/\\\/wein-werte.com\\\/de\\\/produkt\\\/velich-welschriesling-trockenbeerenauslese-2009-375ml\\\/\",\"name\":\"Velich Welschriesling Trockenbeerenauslese 2009, 375ml\",\"isPartOf\":{\"@id\":\"https:\\\/\\\/wein-werte.com\\\/de\\\/#website\"},\"primaryImageOfPage\":{\"@id\":\"https:\\\/\\\/wein-werte.com\\\/de\\\/produkt\\\/velich-welschriesling-trockenbeerenauslese-2009-375ml\\\/#primaryimage\"},\"image\":{\"@id\":\"https:\\\/\\\/wein-werte.com\\\/de\\\/produkt\\\/velich-welschriesling-trockenbeerenauslese-2009-375ml\\\/#primaryimage\"},\"thumbnailUrl\":\"https:\\\/\\\/wein-werte.com\\\/wp-content\\\/uploads\\\/2026\\\/04\\\/Velich-Welschriesling-Trockenbeerenauslese-2009-375ml.png\",\"datePublished\":\"2026-05-08T17:55:32+00:00\",\"description\":\"Kaufe Velich Welschriesling Trockenbeerenauslese 2009 (Welschriesling, s\u00fc\u00df aus Burgenland\\\/Neusiedlersee, \u00d6sterreich) bei Wein Werte, Ihrem nachhaltigen Onlineshop.\",\"breadcrumb\":{\"@id\":\"https:\\\/\\\/wein-werte.com\\\/de\\\/produkt\\\/velich-welschriesling-trockenbeerenauslese-2009-375ml\\\/#breadcrumb\"},\"inLanguage\":\"de\",\"potentialAction\":[{\"@type\":\"ReadAction\",\"target\":[\"https:\\\/\\\/wein-werte.com\\\/de\\\/produkt\\\/velich-welschriesling-trockenbeerenauslese-2009-375ml\\\/\"]}]},{\"@type\":\"ImageObject\",\"inLanguage\":\"de\",\"@id\":\"https:\\\/\\\/wein-werte.com\\\/de\\\/produkt\\\/velich-welschriesling-trockenbeerenauslese-2009-375ml\\\/#primaryimage\",\"url\":\"https:\\\/\\\/wein-werte.com\\\/wp-content\\\/uploads\\\/2026\\\/04\\\/Velich-Welschriesling-Trockenbeerenauslese-2009-375ml.png\",\"contentUrl\":\"https:\\\/\\\/wein-werte.com\\\/wp-content\\\/uploads\\\/2026\\\/04\\\/Velich-Welschriesling-Trockenbeerenauslese-2009-375ml.png\",\"width\":274,\"height\":1200,\"caption\":\"Velich Welschriesling Trockenbeerenauslese 2009 375ml\"},{\"@type\":\"BreadcrumbList\",\"@id\":\"https:\\\/\\\/wein-werte.com\\\/de\\\/produkt\\\/velich-welschriesling-trockenbeerenauslese-2009-375ml\\\/#breadcrumb\",\"itemListElement\":[{\"@type\":\"ListItem\",\"position\":1,\"name\":\"Home\",\"item\":\"https:\\\/\\\/wein-werte.com\\\/de\\\/\"},{\"@type\":\"ListItem\",\"position\":2,\"name\":\"Shop\",\"item\":\"https:\\\/\\\/wein-werte.com\\\/de\\\/shop\\\/\"},{\"@type\":\"ListItem\",\"position\":3,\"name\":\"Velich | Burgenland\\\/Neusiedlersee | Welschriesling Trockenbeerenauslese | 2009 | 375ml\"}]},{\"@type\":\"WebSite\",\"@id\":\"https:\\\/\\\/wein-werte.com\\\/de\\\/#website\",\"url\":\"https:\\\/\\\/wein-werte.com\\\/de\\\/\",\"name\":\"Wein Werte\",\"description\":\"\",\"publisher\":{\"@id\":\"https:\\\/\\\/wein-werte.com\\\/de\\\/#organization\"},\"potentialAction\":[{\"@type\":\"SearchAction\",\"target\":{\"@type\":\"EntryPoint\",\"urlTemplate\":\"https:\\\/\\\/wein-werte.com\\\/de\\\/?s={search_term_string}\"},\"query-input\":{\"@type\":\"PropertyValueSpecification\",\"valueRequired\":true,\"valueName\":\"search_term_string\"}}],\"inLanguage\":\"de\"},{\"@type\":\"Organization\",\"@id\":\"https:\\\/\\\/wein-werte.com\\\/de\\\/#organization\",\"name\":\"Vins Fins Thorrold\",\"url\":\"https:\\\/\\\/wein-werte.com\\\/de\\\/\",\"logo\":{\"@type\":\"ImageObject\",\"inLanguage\":\"de\",\"@id\":\"https:\\\/\\\/wein-werte.com\\\/de\\\/#\\\/schema\\\/logo\\\/image\\\/\",\"url\":\"https:\\\/\\\/wein-werte.com\\\/wp-content\\\/uploads\\\/2023\\\/07\\\/Wein_werte_Logo700-1.png\",\"contentUrl\":\"https:\\\/\\\/wein-werte.com\\\/wp-content\\\/uploads\\\/2023\\\/07\\\/Wein_werte_Logo700-1.png\",\"width\":700,\"height\":272,\"caption\":\"Vins Fins Thorrold\"},\"image\":{\"@id\":\"https:\\\/\\\/wein-werte.com\\\/de\\\/#\\\/schema\\\/logo\\\/image\\\/\"}}]}<\/script>\n<!-- \/ Yoast SEO plugin. -->","yoast_head_json":{"title":"Velich Welschriesling Trockenbeerenauslese 2009, 375ml","description":"Kaufe Velich Welschriesling Trockenbeerenauslese 2009 (Welschriesling, s\u00fc\u00df aus Burgenland\/Neusiedlersee, \u00d6sterreich) bei Wein Werte, Ihrem nachhaltigen Onlineshop.","robots":{"index":"index","follow":"follow","max-snippet":"max-snippet:-1","max-image-preview":"max-image-preview:large","max-video-preview":"max-video-preview:-1"},"canonical":"https:\/\/wein-werte.com\/de\/produkt\/velich-welschriesling-trockenbeerenauslese-2009-375ml\/","og_locale":"de_DE","og_type":"article","og_title":"Velich Welschriesling Trockenbeerenauslese 2009, 375ml","og_description":"Kaufe Velich Welschriesling Trockenbeerenauslese 2009 (Welschriesling, s\u00fc\u00df aus Burgenland\/Neusiedlersee, \u00d6sterreich) bei Wein Werte, Ihrem nachhaltigen Onlineshop.","og_url":"https:\/\/wein-werte.com\/de\/produkt\/velich-welschriesling-trockenbeerenauslese-2009-375ml\/","og_site_name":"Wein Werte","og_image":[{"width":274,"height":1200,"url":"https:\/\/wein-werte.com\/wp-content\/uploads\/2026\/04\/Velich-Welschriesling-Trockenbeerenauslese-2009-375ml.png","type":"image\/png"}],"twitter_card":"summary_large_image","twitter_misc":{"Gesch\u00e4tzte Lesezeit":"2\u00a0Minuten"},"schema":{"@context":"https:\/\/schema.org","@graph":[{"@type":"WebPage","@id":"https:\/\/wein-werte.com\/de\/produkt\/velich-welschriesling-trockenbeerenauslese-2009-375ml\/","url":"https:\/\/wein-werte.com\/de\/produkt\/velich-welschriesling-trockenbeerenauslese-2009-375ml\/","name":"Velich Welschriesling Trockenbeerenauslese 2009, 375ml","isPartOf":{"@id":"https:\/\/wein-werte.com\/de\/#website"},"primaryImageOfPage":{"@id":"https:\/\/wein-werte.com\/de\/produkt\/velich-welschriesling-trockenbeerenauslese-2009-375ml\/#primaryimage"},"image":{"@id":"https:\/\/wein-werte.com\/de\/produkt\/velich-welschriesling-trockenbeerenauslese-2009-375ml\/#primaryimage"},"thumbnailUrl":"https:\/\/wein-werte.com\/wp-content\/uploads\/2026\/04\/Velich-Welschriesling-Trockenbeerenauslese-2009-375ml.png","datePublished":"2026-05-08T17:55:32+00:00","description":"Kaufe Velich Welschriesling Trockenbeerenauslese 2009 (Welschriesling, s\u00fc\u00df aus Burgenland\/Neusiedlersee, \u00d6sterreich) bei Wein Werte, Ihrem nachhaltigen Onlineshop.","breadcrumb":{"@id":"https:\/\/wein-werte.com\/de\/produkt\/velich-welschriesling-trockenbeerenauslese-2009-375ml\/#breadcrumb"},"inLanguage":"de","potentialAction":[{"@type":"ReadAction","target":["https:\/\/wein-werte.com\/de\/produkt\/velich-welschriesling-trockenbeerenauslese-2009-375ml\/"]}]},{"@type":"ImageObject","inLanguage":"de","@id":"https:\/\/wein-werte.com\/de\/produkt\/velich-welschriesling-trockenbeerenauslese-2009-375ml\/#primaryimage","url":"https:\/\/wein-werte.com\/wp-content\/uploads\/2026\/04\/Velich-Welschriesling-Trockenbeerenauslese-2009-375ml.png","contentUrl":"https:\/\/wein-werte.com\/wp-content\/uploads\/2026\/04\/Velich-Welschriesling-Trockenbeerenauslese-2009-375ml.png","width":274,"height":1200,"caption":"Velich Welschriesling Trockenbeerenauslese 2009 375ml"},{"@type":"BreadcrumbList","@id":"https:\/\/wein-werte.com\/de\/produkt\/velich-welschriesling-trockenbeerenauslese-2009-375ml\/#breadcrumb","itemListElement":[{"@type":"ListItem","position":1,"name":"Home","item":"https:\/\/wein-werte.com\/de\/"},{"@type":"ListItem","position":2,"name":"Shop","item":"https:\/\/wein-werte.com\/de\/shop\/"},{"@type":"ListItem","position":3,"name":"Velich | Burgenland\/Neusiedlersee | Welschriesling Trockenbeerenauslese | 2009 | 375ml"}]},{"@type":"WebSite","@id":"https:\/\/wein-werte.com\/de\/#website","url":"https:\/\/wein-werte.com\/de\/","name":"Wein Werte","description":"","publisher":{"@id":"https:\/\/wein-werte.com\/de\/#organization"},"potentialAction":[{"@type":"SearchAction","target":{"@type":"EntryPoint","urlTemplate":"https:\/\/wein-werte.com\/de\/?s={search_term_string}"},"query-input":{"@type":"PropertyValueSpecification","valueRequired":true,"valueName":"search_term_string"}}],"inLanguage":"de"},{"@type":"Organization","@id":"https:\/\/wein-werte.com\/de\/#organization","name":"Vins Fins Thorrold","url":"https:\/\/wein-werte.com\/de\/","logo":{"@type":"ImageObject","inLanguage":"de","@id":"https:\/\/wein-werte.com\/de\/#\/schema\/logo\/image\/","url":"https:\/\/wein-werte.com\/wp-content\/uploads\/2023\/07\/Wein_werte_Logo700-1.png","contentUrl":"https:\/\/wein-werte.com\/wp-content\/uploads\/2023\/07\/Wein_werte_Logo700-1.png","width":700,"height":272,"caption":"Vins Fins Thorrold"},"image":{"@id":"https:\/\/wein-werte.com\/de\/#\/schema\/logo\/image\/"}}]}},"_links":{"self":[{"href":"https:\/\/wein-werte.com\/de\/wp-json\/wp\/v2\/product\/1126554","targetHints":{"allow":["GET"]}}],"collection":[{"href":"https:\/\/wein-werte.com\/de\/wp-json\/wp\/v2\/product"}],"about":[{"href":"https:\/\/wein-werte.com\/de\/wp-json\/wp\/v2\/types\/product"}],"wp:featuredmedia":[{"embeddable":true,"href":"https:\/\/wein-werte.com\/de\/wp-json\/wp\/v2\/media\/1138674"}],"wp:attachment":[{"href":"https:\/\/wein-werte.com\/de\/wp-json\/wp\/v2\/media?parent=1126554"}],"wp:term":[{"taxonomy":"product_brand","embeddable":true,"href":"https:\/\/wein-werte.com\/de\/wp-json\/wp\/v2\/product_brand?post=1126554"},{"taxonomy":"product_cat","embeddable":true,"href":"https:\/\/wein-werte.com\/de\/wp-json\/wp\/v2\/product_cat?post=1126554"},{"taxonomy":"product_tag","embeddable":true,"href":"https:\/\/wein-werte.com\/de\/wp-json\/wp\/v2\/product_tag?post=1126554"}],"curies":[{"name":"wp","href":"https:\/\/api.w.org\/{rel}","templated":true}]}}