{"id":1126545,"date":"2026-05-05T18:18:08","date_gmt":"2026-05-05T16:18:08","guid":{"rendered":"https:\/\/wein-werte.com\/product\/moric-hidden-treasures-nr-1-tokaj-gergo-filep-2022-750ml\/"},"modified":"2026-05-01T23:38:57","modified_gmt":"2026-05-01T21:38:57","slug":"moric-hidden-treasures-nr-1-tokaj-gergo-filep-2022-750ml","status":"publish","type":"product","link":"https:\/\/wein-werte.com\/de\/produkt\/moric-hidden-treasures-nr-1-tokaj-gergo-filep-2022-750ml\/","title":{"rendered":"Moric | Tokaj | Hidden Treasures Nr.1 Tokaj, Gerg\u00f6 Filep | 2022 | 750ml"},"content":{"rendered":"<p>Produktbeschreibung f\u00fcr Moric Hidden Treasures Nr.1 Tokaj, Gerg\u00f6 Filep 2022  <\/p>\n<h5>Farbe<\/h5>\n<p> Blasses Strohgelb mit gr\u00fcnen Reflexen <\/p>\n<h5>Nase<\/h5>\n<p> Der Furmint aus 2022 vereint in der Nase frisch gehackte Mandel und getrocknete Kr\u00e4uter. Zur Mandel gesellt sich etwas Marzipan sowie Bratapfel und karamellisierte Birne. Die Kr\u00e4uter bauen sich aus Bohnenkraut, Majoran, Salbei und Thymian auf. Dazu wirkt er kreidig bis kalkig, also steinig k\u00fchl. Er ist ein absoluter Purist. Eigenst\u00e4ndig. Einzigartig. Ein Hauch Bienenwachs, Honigkerze, aber auch Akazienhonig sowie Fenchelpollen runden ihn sehr markant ab. Es bleibt spannend, wie sich dies in der Nase zeigen wird. <\/p>\n<h5>Gaumen<\/h5>\n<p> Gl\u00fccklicherweise wirkt er am Gaumen zwar aufgeweckt, aber v\u00f6llig unaufgeregt. Seien abstrakte Aromatik zeigt sich hier harmonisch und stimmig. Bei mittlerem Druck und zartem Schmelz ist Platz f\u00fcr die Honig-Aromatik. Gleichzeitig bleibt er seinem steinigen bisweilen kreidig-kargen Eindruck treu. Also v\u00f6llig ohne S\u00fc\u00dfe und diese Nektar-artigen Eindr\u00fccke sind rein aromatischer Natur. Daf\u00fcr brillieren umso mehr die getrockneten Kr\u00e4uter sowie sein charmanter, nussiger Charakter. <\/p>\n<p>Copyright Vinaturel 2025<\/p>\n<p>Keywords: <a href=\"https:\/\/wein-werte.com\/de\/shop\/?swoof=1&#038;pa_producer=Moric\">Moric<\/a> <a href=\"https:\/\/wein-werte.com\/de\/shop\/?swoof=1&#038;woof_text=Hidden Treasures Nr.1 Tokaj, Gerg\u00f6 Filep\">Hidden Treasures Nr.1 Tokaj, Gerg\u00f6 Filep<\/a> 2022  <a href=\"https:\/\/wein-werte.com\/de\/shop\/?swoof=1&#038;pa_region=Tokaj\">Tokaj<\/a> <a href=\"https:\/\/wein-werte.com\/de\/shop\/?swoof=1&#038;pa_country=Ungarn\">Ungarn<\/a><\/p>\n<p>Internetseite des Weinguts: <a href=\"http:\/\/www.moric.at\/\" target=\"_blank\">http:\/\/www.moric.at\/<\/a><\/p>\n","protected":false},"excerpt":{"rendered":"<p>Lieferzeit: 1 bis 2 Arbeitstage (DE), 2 bis 5 Arbeitstage (EU and CH)<\/p>\n","protected":false},"featured_media":1138670,"template":"","meta":[],"product_brand":[],"product_cat":[19],"product_tag":[],"class_list":{"0":"post-1126545","1":"product","2":"type-product","3":"status-publish","4":"has-post-thumbnail","6":"product_cat-unkategorisiert","7":"pa_alcohol-for-filter-12-5","8":"pa_certified-biodynamic-nein-de","9":"pa_certified-organic-nein-de","10":"pa_colour-weiss","11":"pa_country-ungarn","12":"pa_grape-furmint","13":"pa_price-for-filter-10568","14":"pa_producer-moric","15":"pa_region-tokaj","16":"pa_size-ml-6584","17":"pa_sweetness-trocken-de","18":"pa_type-2-still-de","19":"pa_vintage-2022-de","20":"entry","21":"has-media","23":"first","24":"instock","25":"taxable","26":"shipping-taxable","27":"purchasable","28":"product-type-simple"},"yoast_head":"<!-- This site is optimized with the Yoast SEO plugin v27.5 - https:\/\/yoast.com\/product\/yoast-seo-wordpress\/ -->\n<title>Moric Hidden Treasures Nr.1 Tokaj Gerg\u00f6 Filep 2022<\/title>\n<meta name=\"description\" content=\"Kaufe Moric Hidden Treasures Nr.1 Tokaj Gerg\u00f6 Filep 2022 (Furmint, trocken aus Tokaj, Ungarn) bei Wein Werte, Ihrem nachhaltigen Onlineshop.\" \/>\n<meta name=\"robots\" content=\"index, follow, max-snippet:-1, max-image-preview:large, max-video-preview:-1\" \/>\n<link rel=\"canonical\" href=\"https:\/\/wein-werte.com\/de\/produkt\/moric-hidden-treasures-nr-1-tokaj-gergo-filep-2022-750ml\/\" \/>\n<meta property=\"og:locale\" content=\"de_DE\" \/>\n<meta property=\"og:type\" content=\"article\" \/>\n<meta property=\"og:title\" content=\"Moric Hidden Treasures Nr.1 Tokaj Gerg\u00f6 Filep 2022\" \/>\n<meta property=\"og:description\" content=\"Kaufe Moric Hidden Treasures Nr.1 Tokaj Gerg\u00f6 Filep 2022 (Furmint, trocken aus Tokaj, Ungarn) bei Wein Werte, Ihrem nachhaltigen Onlineshop.\" \/>\n<meta property=\"og:url\" content=\"https:\/\/wein-werte.com\/de\/produkt\/moric-hidden-treasures-nr-1-tokaj-gergo-filep-2022-750ml\/\" \/>\n<meta property=\"og:site_name\" content=\"Wein Werte\" \/>\n<meta property=\"og:image\" content=\"https:\/\/wein-werte.com\/wp-content\/uploads\/2026\/04\/Moric-Hidden-Treasures-Nr.1-Tokaj-Gergo-Filep-2022-750ml.png\" \/>\n\t<meta property=\"og:image:width\" content=\"317\" \/>\n\t<meta property=\"og:image:height\" content=\"1200\" \/>\n\t<meta property=\"og:image:type\" content=\"image\/png\" \/>\n<meta name=\"twitter:card\" content=\"summary_large_image\" \/>\n<meta name=\"twitter:label1\" content=\"Gesch\u00e4tzte Lesezeit\" \/>\n\t<meta name=\"twitter:data1\" content=\"1\u00a0Minute\" \/>\n<script type=\"application\/ld+json\" class=\"yoast-schema-graph\">{\"@context\":\"https:\\\/\\\/schema.org\",\"@graph\":[{\"@type\":\"WebPage\",\"@id\":\"https:\\\/\\\/wein-werte.com\\\/de\\\/produkt\\\/moric-hidden-treasures-nr-1-tokaj-gergo-filep-2022-750ml\\\/\",\"url\":\"https:\\\/\\\/wein-werte.com\\\/de\\\/produkt\\\/moric-hidden-treasures-nr-1-tokaj-gergo-filep-2022-750ml\\\/\",\"name\":\"Moric Hidden Treasures Nr.1 Tokaj Gerg\u00f6 Filep 2022\",\"isPartOf\":{\"@id\":\"https:\\\/\\\/wein-werte.com\\\/de\\\/#website\"},\"primaryImageOfPage\":{\"@id\":\"https:\\\/\\\/wein-werte.com\\\/de\\\/produkt\\\/moric-hidden-treasures-nr-1-tokaj-gergo-filep-2022-750ml\\\/#primaryimage\"},\"image\":{\"@id\":\"https:\\\/\\\/wein-werte.com\\\/de\\\/produkt\\\/moric-hidden-treasures-nr-1-tokaj-gergo-filep-2022-750ml\\\/#primaryimage\"},\"thumbnailUrl\":\"https:\\\/\\\/wein-werte.com\\\/wp-content\\\/uploads\\\/2026\\\/04\\\/Moric-Hidden-Treasures-Nr.1-Tokaj-Gergo-Filep-2022-750ml.png\",\"datePublished\":\"2026-05-05T16:18:08+00:00\",\"description\":\"Kaufe Moric Hidden Treasures Nr.1 Tokaj Gerg\u00f6 Filep 2022 (Furmint, trocken aus Tokaj, Ungarn) bei Wein Werte, Ihrem nachhaltigen Onlineshop.\",\"breadcrumb\":{\"@id\":\"https:\\\/\\\/wein-werte.com\\\/de\\\/produkt\\\/moric-hidden-treasures-nr-1-tokaj-gergo-filep-2022-750ml\\\/#breadcrumb\"},\"inLanguage\":\"de\",\"potentialAction\":[{\"@type\":\"ReadAction\",\"target\":[\"https:\\\/\\\/wein-werte.com\\\/de\\\/produkt\\\/moric-hidden-treasures-nr-1-tokaj-gergo-filep-2022-750ml\\\/\"]}]},{\"@type\":\"ImageObject\",\"inLanguage\":\"de\",\"@id\":\"https:\\\/\\\/wein-werte.com\\\/de\\\/produkt\\\/moric-hidden-treasures-nr-1-tokaj-gergo-filep-2022-750ml\\\/#primaryimage\",\"url\":\"https:\\\/\\\/wein-werte.com\\\/wp-content\\\/uploads\\\/2026\\\/04\\\/Moric-Hidden-Treasures-Nr.1-Tokaj-Gergo-Filep-2022-750ml.png\",\"contentUrl\":\"https:\\\/\\\/wein-werte.com\\\/wp-content\\\/uploads\\\/2026\\\/04\\\/Moric-Hidden-Treasures-Nr.1-Tokaj-Gergo-Filep-2022-750ml.png\",\"width\":317,\"height\":1200,\"caption\":\"Moric Hidden Treasures Nr.1 Tokaj, Gerg\u00f6 Filep 2022 750ml\"},{\"@type\":\"BreadcrumbList\",\"@id\":\"https:\\\/\\\/wein-werte.com\\\/de\\\/produkt\\\/moric-hidden-treasures-nr-1-tokaj-gergo-filep-2022-750ml\\\/#breadcrumb\",\"itemListElement\":[{\"@type\":\"ListItem\",\"position\":1,\"name\":\"Home\",\"item\":\"https:\\\/\\\/wein-werte.com\\\/de\\\/\"},{\"@type\":\"ListItem\",\"position\":2,\"name\":\"Shop\",\"item\":\"https:\\\/\\\/wein-werte.com\\\/de\\\/shop\\\/\"},{\"@type\":\"ListItem\",\"position\":3,\"name\":\"Moric | Tokaj | Hidden Treasures Nr.1 Tokaj, Gerg\u00f6 Filep | 2022 | 750ml\"}]},{\"@type\":\"WebSite\",\"@id\":\"https:\\\/\\\/wein-werte.com\\\/de\\\/#website\",\"url\":\"https:\\\/\\\/wein-werte.com\\\/de\\\/\",\"name\":\"Wein Werte\",\"description\":\"\",\"publisher\":{\"@id\":\"https:\\\/\\\/wein-werte.com\\\/de\\\/#organization\"},\"potentialAction\":[{\"@type\":\"SearchAction\",\"target\":{\"@type\":\"EntryPoint\",\"urlTemplate\":\"https:\\\/\\\/wein-werte.com\\\/de\\\/?s={search_term_string}\"},\"query-input\":{\"@type\":\"PropertyValueSpecification\",\"valueRequired\":true,\"valueName\":\"search_term_string\"}}],\"inLanguage\":\"de\"},{\"@type\":\"Organization\",\"@id\":\"https:\\\/\\\/wein-werte.com\\\/de\\\/#organization\",\"name\":\"Vins Fins Thorrold\",\"url\":\"https:\\\/\\\/wein-werte.com\\\/de\\\/\",\"logo\":{\"@type\":\"ImageObject\",\"inLanguage\":\"de\",\"@id\":\"https:\\\/\\\/wein-werte.com\\\/de\\\/#\\\/schema\\\/logo\\\/image\\\/\",\"url\":\"https:\\\/\\\/wein-werte.com\\\/wp-content\\\/uploads\\\/2023\\\/07\\\/Wein_werte_Logo700-1.png\",\"contentUrl\":\"https:\\\/\\\/wein-werte.com\\\/wp-content\\\/uploads\\\/2023\\\/07\\\/Wein_werte_Logo700-1.png\",\"width\":700,\"height\":272,\"caption\":\"Vins Fins Thorrold\"},\"image\":{\"@id\":\"https:\\\/\\\/wein-werte.com\\\/de\\\/#\\\/schema\\\/logo\\\/image\\\/\"}}]}<\/script>\n<!-- \/ Yoast SEO plugin. -->","yoast_head_json":{"title":"Moric Hidden Treasures Nr.1 Tokaj Gerg\u00f6 Filep 2022","description":"Kaufe Moric Hidden Treasures Nr.1 Tokaj Gerg\u00f6 Filep 2022 (Furmint, trocken aus Tokaj, Ungarn) bei Wein Werte, Ihrem nachhaltigen Onlineshop.","robots":{"index":"index","follow":"follow","max-snippet":"max-snippet:-1","max-image-preview":"max-image-preview:large","max-video-preview":"max-video-preview:-1"},"canonical":"https:\/\/wein-werte.com\/de\/produkt\/moric-hidden-treasures-nr-1-tokaj-gergo-filep-2022-750ml\/","og_locale":"de_DE","og_type":"article","og_title":"Moric Hidden Treasures Nr.1 Tokaj Gerg\u00f6 Filep 2022","og_description":"Kaufe Moric Hidden Treasures Nr.1 Tokaj Gerg\u00f6 Filep 2022 (Furmint, trocken aus Tokaj, Ungarn) bei Wein Werte, Ihrem nachhaltigen Onlineshop.","og_url":"https:\/\/wein-werte.com\/de\/produkt\/moric-hidden-treasures-nr-1-tokaj-gergo-filep-2022-750ml\/","og_site_name":"Wein Werte","og_image":[{"width":317,"height":1200,"url":"https:\/\/wein-werte.com\/wp-content\/uploads\/2026\/04\/Moric-Hidden-Treasures-Nr.1-Tokaj-Gergo-Filep-2022-750ml.png","type":"image\/png"}],"twitter_card":"summary_large_image","twitter_misc":{"Gesch\u00e4tzte Lesezeit":"1\u00a0Minute"},"schema":{"@context":"https:\/\/schema.org","@graph":[{"@type":"WebPage","@id":"https:\/\/wein-werte.com\/de\/produkt\/moric-hidden-treasures-nr-1-tokaj-gergo-filep-2022-750ml\/","url":"https:\/\/wein-werte.com\/de\/produkt\/moric-hidden-treasures-nr-1-tokaj-gergo-filep-2022-750ml\/","name":"Moric Hidden Treasures Nr.1 Tokaj Gerg\u00f6 Filep 2022","isPartOf":{"@id":"https:\/\/wein-werte.com\/de\/#website"},"primaryImageOfPage":{"@id":"https:\/\/wein-werte.com\/de\/produkt\/moric-hidden-treasures-nr-1-tokaj-gergo-filep-2022-750ml\/#primaryimage"},"image":{"@id":"https:\/\/wein-werte.com\/de\/produkt\/moric-hidden-treasures-nr-1-tokaj-gergo-filep-2022-750ml\/#primaryimage"},"thumbnailUrl":"https:\/\/wein-werte.com\/wp-content\/uploads\/2026\/04\/Moric-Hidden-Treasures-Nr.1-Tokaj-Gergo-Filep-2022-750ml.png","datePublished":"2026-05-05T16:18:08+00:00","description":"Kaufe Moric Hidden Treasures Nr.1 Tokaj Gerg\u00f6 Filep 2022 (Furmint, trocken aus Tokaj, Ungarn) bei Wein Werte, Ihrem nachhaltigen Onlineshop.","breadcrumb":{"@id":"https:\/\/wein-werte.com\/de\/produkt\/moric-hidden-treasures-nr-1-tokaj-gergo-filep-2022-750ml\/#breadcrumb"},"inLanguage":"de","potentialAction":[{"@type":"ReadAction","target":["https:\/\/wein-werte.com\/de\/produkt\/moric-hidden-treasures-nr-1-tokaj-gergo-filep-2022-750ml\/"]}]},{"@type":"ImageObject","inLanguage":"de","@id":"https:\/\/wein-werte.com\/de\/produkt\/moric-hidden-treasures-nr-1-tokaj-gergo-filep-2022-750ml\/#primaryimage","url":"https:\/\/wein-werte.com\/wp-content\/uploads\/2026\/04\/Moric-Hidden-Treasures-Nr.1-Tokaj-Gergo-Filep-2022-750ml.png","contentUrl":"https:\/\/wein-werte.com\/wp-content\/uploads\/2026\/04\/Moric-Hidden-Treasures-Nr.1-Tokaj-Gergo-Filep-2022-750ml.png","width":317,"height":1200,"caption":"Moric Hidden Treasures Nr.1 Tokaj, Gerg\u00f6 Filep 2022 750ml"},{"@type":"BreadcrumbList","@id":"https:\/\/wein-werte.com\/de\/produkt\/moric-hidden-treasures-nr-1-tokaj-gergo-filep-2022-750ml\/#breadcrumb","itemListElement":[{"@type":"ListItem","position":1,"name":"Home","item":"https:\/\/wein-werte.com\/de\/"},{"@type":"ListItem","position":2,"name":"Shop","item":"https:\/\/wein-werte.com\/de\/shop\/"},{"@type":"ListItem","position":3,"name":"Moric | Tokaj | Hidden Treasures Nr.1 Tokaj, Gerg\u00f6 Filep | 2022 | 750ml"}]},{"@type":"WebSite","@id":"https:\/\/wein-werte.com\/de\/#website","url":"https:\/\/wein-werte.com\/de\/","name":"Wein Werte","description":"","publisher":{"@id":"https:\/\/wein-werte.com\/de\/#organization"},"potentialAction":[{"@type":"SearchAction","target":{"@type":"EntryPoint","urlTemplate":"https:\/\/wein-werte.com\/de\/?s={search_term_string}"},"query-input":{"@type":"PropertyValueSpecification","valueRequired":true,"valueName":"search_term_string"}}],"inLanguage":"de"},{"@type":"Organization","@id":"https:\/\/wein-werte.com\/de\/#organization","name":"Vins Fins Thorrold","url":"https:\/\/wein-werte.com\/de\/","logo":{"@type":"ImageObject","inLanguage":"de","@id":"https:\/\/wein-werte.com\/de\/#\/schema\/logo\/image\/","url":"https:\/\/wein-werte.com\/wp-content\/uploads\/2023\/07\/Wein_werte_Logo700-1.png","contentUrl":"https:\/\/wein-werte.com\/wp-content\/uploads\/2023\/07\/Wein_werte_Logo700-1.png","width":700,"height":272,"caption":"Vins Fins Thorrold"},"image":{"@id":"https:\/\/wein-werte.com\/de\/#\/schema\/logo\/image\/"}}]}},"_links":{"self":[{"href":"https:\/\/wein-werte.com\/de\/wp-json\/wp\/v2\/product\/1126545","targetHints":{"allow":["GET"]}}],"collection":[{"href":"https:\/\/wein-werte.com\/de\/wp-json\/wp\/v2\/product"}],"about":[{"href":"https:\/\/wein-werte.com\/de\/wp-json\/wp\/v2\/types\/product"}],"wp:featuredmedia":[{"embeddable":true,"href":"https:\/\/wein-werte.com\/de\/wp-json\/wp\/v2\/media\/1138670"}],"wp:attachment":[{"href":"https:\/\/wein-werte.com\/de\/wp-json\/wp\/v2\/media?parent=1126545"}],"wp:term":[{"taxonomy":"product_brand","embeddable":true,"href":"https:\/\/wein-werte.com\/de\/wp-json\/wp\/v2\/product_brand?post=1126545"},{"taxonomy":"product_cat","embeddable":true,"href":"https:\/\/wein-werte.com\/de\/wp-json\/wp\/v2\/product_cat?post=1126545"},{"taxonomy":"product_tag","embeddable":true,"href":"https:\/\/wein-werte.com\/de\/wp-json\/wp\/v2\/product_tag?post=1126545"}],"curies":[{"name":"wp","href":"https:\/\/api.w.org\/{rel}","templated":true}]}}