{"id":1126542,"date":"2026-05-05T18:18:08","date_gmt":"2026-05-05T16:18:08","guid":{"rendered":"https:\/\/wein-werte.com\/product\/moric-sankt-georgen-aka-serious-wine-from-a-gorgeous-place-2023-750ml\/"},"modified":"2026-05-01T23:38:57","modified_gmt":"2026-05-01T21:38:57","slug":"moric-sankt-georgen-aka-serious-wine-from-a-gorgeous-place-2023-750ml","status":"publish","type":"product","link":"https:\/\/wein-werte.com\/de\/produkt\/moric-sankt-georgen-aka-serious-wine-from-a-gorgeous-place-2023-750ml\/","title":{"rendered":"Moric | Burgenland\/Neusiedlersee | Sankt Georgen &#8220;Aka Serious wine from a Gorgeous place&#8221; | 2023 | 750ml"},"content":{"rendered":"<p>Produktbeschreibung f\u00fcr Moric Sankt Georgen &#8220;Aka Serious wine from a Gorgeous place&#8221; 2023  <\/p>\n<h5>Info<\/h5>\n<p> Roland Velich besitzt in Sankt Georgen bei Eisenstadt kleine, alte Rebfl\u00e4chen Gr\u00fcner Veltliner. Spontanvergoren und ausgebaut in 500-Liter-F\u00e4ssern. Ungesch\u00f6nt und minimal filtriert. <\/p>\n<h5>Farbe<\/h5>\n<p> Strahlendes helles Goldgelb mit zarten gr\u00fcnen Reflexen. <\/p>\n<h5>\u00a0<\/h5>\n<h5>Nase<\/h5>\n<p> Der 2023er Gr\u00fcner Veltliner Sankt Georgen zeigt sich reduktiv und aufgrund der Jugendlichkeit noch etwas verschlossen, das Schwungvolle umf\u00fcllen in die Karaffe \u00f6ffnet diesen komplexen Tropfen und dann geht es los. Helle Frucht von Quitte, Birne, gelber Apfel vermischt sich mit hellen Bl\u00fcten und dezenten Kr\u00e4uternoten. Deutliche Kalkstein Noten fassen dieses wundersch\u00f6ne und burgundische Konstrukt perfekt ein. <\/p>\n<h5>Gaumen<\/h5>\n<p> Auf der Zunge angelangt, fasziniert dieser Kultwein mit seiner schwebenden Eleganz, kalkigen Noten und der hellen saftigen Frucht der Nase. Seine feine Phenolik und S\u00e4ure weckt den Appetit, der lange Nachhall verweist auf ein sehr gutes Reifepotential, ein Wein der bereits solo ein Hochgenuss ist und eine K\u00fcche auf den Plan ruft, die mit Finesse und Eleganz aufwartet wie er selbst. <\/p>\n<p>Copyright Vinaturel 2025<\/p>\n<p>Keywords: <a href=\"https:\/\/wein-werte.com\/de\/shop\/?swoof=1&#038;pa_producer=Moric\">Moric<\/a> <a href=\"https:\/\/wein-werte.com\/de\/shop\/?swoof=1&#038;woof_text=Sankt Georgen \"Aka Serious wine from a Gorgeous place\"\">Sankt Georgen &#8220;Aka Serious wine from a Gorgeous place&#8221;<\/a> 2023  <a href=\"https:\/\/wein-werte.com\/de\/shop\/?swoof=1&#038;pa_region=Burgenland\/Neusiedlersee\">Burgenland\/Neusiedlersee<\/a> <a href=\"https:\/\/wein-werte.com\/de\/shop\/?swoof=1&#038;pa_country=\u00d6sterreich\">\u00d6sterreich<\/a><\/p>\n<p>Internetseite des Weinguts: <a href=\"http:\/\/www.moric.at\/\" target=\"_blank\">http:\/\/www.moric.at\/<\/a><\/p>\n","protected":false},"excerpt":{"rendered":"<p>Lieferzeit: 1 bis 2 Arbeitstage (DE), 2 bis 5 Arbeitstage (EU and CH)<\/p>\n","protected":false},"featured_media":1138668,"template":"","meta":[],"product_brand":[],"product_cat":[19],"product_tag":[],"class_list":{"0":"post-1126542","1":"product","2":"type-product","3":"status-publish","4":"has-post-thumbnail","6":"product_cat-unkategorisiert","7":"pa_alcohol-for-filter-13-5","8":"pa_certified-biodynamic-nein-de","9":"pa_certified-organic-nein-de","10":"pa_colour-weiss","11":"pa_country-osterreich","12":"pa_grape-gruner-veltliner","13":"pa_price-for-filter-10604","14":"pa_producer-moric","15":"pa_region-burgenland-neusiedlersee","16":"pa_size-ml-6584","17":"pa_sweetness-trocken-de","18":"pa_type-2-still-de","19":"pa_vintage-2023-de","20":"entry","21":"has-media","23":"first","24":"instock","25":"taxable","26":"shipping-taxable","27":"purchasable","28":"product-type-simple"},"yoast_head":"<!-- This site is optimized with the Yoast SEO plugin v27.5 - https:\/\/yoast.com\/product\/yoast-seo-wordpress\/ -->\n<title>Moric Sankt Georgen &quot;Aka Serious wine from a Gorgeous place&quot; 2023<\/title>\n<meta name=\"description\" content=\"Kaufe Moric Sankt Georgen &quot;Aka Serious wine from a Gorgeous place&quot; 2023 (Gr\u00fcner Veltliner, trocken aus Burgenland\/Neusiedlersee, \u00d6sterreich) bei Wein Werte, Ihrem nachhaltigen Onlineshop.\" \/>\n<meta name=\"robots\" content=\"index, follow, max-snippet:-1, max-image-preview:large, max-video-preview:-1\" \/>\n<link rel=\"canonical\" href=\"https:\/\/wein-werte.com\/de\/produkt\/moric-sankt-georgen-aka-serious-wine-from-a-gorgeous-place-2023-750ml\/\" \/>\n<meta property=\"og:locale\" content=\"de_DE\" \/>\n<meta property=\"og:type\" content=\"article\" \/>\n<meta property=\"og:title\" content=\"Moric Sankt Georgen &quot;Aka Serious wine from a Gorgeous place&quot; 2023\" \/>\n<meta property=\"og:description\" content=\"Kaufe Moric Sankt Georgen &quot;Aka Serious wine from a Gorgeous place&quot; 2023 (Gr\u00fcner Veltliner, trocken aus Burgenland\/Neusiedlersee, \u00d6sterreich) bei Wein Werte, Ihrem nachhaltigen Onlineshop.\" \/>\n<meta property=\"og:url\" content=\"https:\/\/wein-werte.com\/de\/produkt\/moric-sankt-georgen-aka-serious-wine-from-a-gorgeous-place-2023-750ml\/\" \/>\n<meta property=\"og:site_name\" content=\"Wein Werte\" \/>\n<meta property=\"og:image\" content=\"https:\/\/wein-werte.com\/wp-content\/uploads\/2026\/04\/Moric-Sankt-Georgen-Aka-Serious-wine-from-a-Gorgeous-place-2023-750ml.png\" \/>\n\t<meta property=\"og:image:width\" content=\"317\" \/>\n\t<meta property=\"og:image:height\" content=\"1200\" \/>\n\t<meta property=\"og:image:type\" content=\"image\/png\" \/>\n<meta name=\"twitter:card\" content=\"summary_large_image\" \/>\n<meta name=\"twitter:label1\" content=\"Gesch\u00e4tzte Lesezeit\" \/>\n\t<meta name=\"twitter:data1\" content=\"1\u00a0Minute\" \/>\n<script type=\"application\/ld+json\" class=\"yoast-schema-graph\">{\"@context\":\"https:\\\/\\\/schema.org\",\"@graph\":[{\"@type\":\"WebPage\",\"@id\":\"https:\\\/\\\/wein-werte.com\\\/de\\\/produkt\\\/moric-sankt-georgen-aka-serious-wine-from-a-gorgeous-place-2023-750ml\\\/\",\"url\":\"https:\\\/\\\/wein-werte.com\\\/de\\\/produkt\\\/moric-sankt-georgen-aka-serious-wine-from-a-gorgeous-place-2023-750ml\\\/\",\"name\":\"Moric Sankt Georgen \\\"Aka Serious wine from a Gorgeous place\\\" 2023\",\"isPartOf\":{\"@id\":\"https:\\\/\\\/wein-werte.com\\\/de\\\/#website\"},\"primaryImageOfPage\":{\"@id\":\"https:\\\/\\\/wein-werte.com\\\/de\\\/produkt\\\/moric-sankt-georgen-aka-serious-wine-from-a-gorgeous-place-2023-750ml\\\/#primaryimage\"},\"image\":{\"@id\":\"https:\\\/\\\/wein-werte.com\\\/de\\\/produkt\\\/moric-sankt-georgen-aka-serious-wine-from-a-gorgeous-place-2023-750ml\\\/#primaryimage\"},\"thumbnailUrl\":\"https:\\\/\\\/wein-werte.com\\\/wp-content\\\/uploads\\\/2026\\\/04\\\/Moric-Sankt-Georgen-Aka-Serious-wine-from-a-Gorgeous-place-2023-750ml.png\",\"datePublished\":\"2026-05-05T16:18:08+00:00\",\"description\":\"Kaufe Moric Sankt Georgen \\\"Aka Serious wine from a Gorgeous place\\\" 2023 (Gr\u00fcner Veltliner, trocken aus Burgenland\\\/Neusiedlersee, \u00d6sterreich) bei Wein Werte, Ihrem nachhaltigen Onlineshop.\",\"breadcrumb\":{\"@id\":\"https:\\\/\\\/wein-werte.com\\\/de\\\/produkt\\\/moric-sankt-georgen-aka-serious-wine-from-a-gorgeous-place-2023-750ml\\\/#breadcrumb\"},\"inLanguage\":\"de\",\"potentialAction\":[{\"@type\":\"ReadAction\",\"target\":[\"https:\\\/\\\/wein-werte.com\\\/de\\\/produkt\\\/moric-sankt-georgen-aka-serious-wine-from-a-gorgeous-place-2023-750ml\\\/\"]}]},{\"@type\":\"ImageObject\",\"inLanguage\":\"de\",\"@id\":\"https:\\\/\\\/wein-werte.com\\\/de\\\/produkt\\\/moric-sankt-georgen-aka-serious-wine-from-a-gorgeous-place-2023-750ml\\\/#primaryimage\",\"url\":\"https:\\\/\\\/wein-werte.com\\\/wp-content\\\/uploads\\\/2026\\\/04\\\/Moric-Sankt-Georgen-Aka-Serious-wine-from-a-Gorgeous-place-2023-750ml.png\",\"contentUrl\":\"https:\\\/\\\/wein-werte.com\\\/wp-content\\\/uploads\\\/2026\\\/04\\\/Moric-Sankt-Georgen-Aka-Serious-wine-from-a-Gorgeous-place-2023-750ml.png\",\"width\":317,\"height\":1200,\"caption\":\"Moric Sankt Georgen \\\"Aka Serious wine from a Gorgeous place\\\" 2023 750ml\"},{\"@type\":\"BreadcrumbList\",\"@id\":\"https:\\\/\\\/wein-werte.com\\\/de\\\/produkt\\\/moric-sankt-georgen-aka-serious-wine-from-a-gorgeous-place-2023-750ml\\\/#breadcrumb\",\"itemListElement\":[{\"@type\":\"ListItem\",\"position\":1,\"name\":\"Home\",\"item\":\"https:\\\/\\\/wein-werte.com\\\/de\\\/\"},{\"@type\":\"ListItem\",\"position\":2,\"name\":\"Shop\",\"item\":\"https:\\\/\\\/wein-werte.com\\\/de\\\/shop\\\/\"},{\"@type\":\"ListItem\",\"position\":3,\"name\":\"Moric | Burgenland\\\/Neusiedlersee | Sankt Georgen &#8220;Aka Serious wine from a Gorgeous place&#8221; | 2023 | 750ml\"}]},{\"@type\":\"WebSite\",\"@id\":\"https:\\\/\\\/wein-werte.com\\\/de\\\/#website\",\"url\":\"https:\\\/\\\/wein-werte.com\\\/de\\\/\",\"name\":\"Wein Werte\",\"description\":\"\",\"publisher\":{\"@id\":\"https:\\\/\\\/wein-werte.com\\\/de\\\/#organization\"},\"potentialAction\":[{\"@type\":\"SearchAction\",\"target\":{\"@type\":\"EntryPoint\",\"urlTemplate\":\"https:\\\/\\\/wein-werte.com\\\/de\\\/?s={search_term_string}\"},\"query-input\":{\"@type\":\"PropertyValueSpecification\",\"valueRequired\":true,\"valueName\":\"search_term_string\"}}],\"inLanguage\":\"de\"},{\"@type\":\"Organization\",\"@id\":\"https:\\\/\\\/wein-werte.com\\\/de\\\/#organization\",\"name\":\"Vins Fins Thorrold\",\"url\":\"https:\\\/\\\/wein-werte.com\\\/de\\\/\",\"logo\":{\"@type\":\"ImageObject\",\"inLanguage\":\"de\",\"@id\":\"https:\\\/\\\/wein-werte.com\\\/de\\\/#\\\/schema\\\/logo\\\/image\\\/\",\"url\":\"https:\\\/\\\/wein-werte.com\\\/wp-content\\\/uploads\\\/2023\\\/07\\\/Wein_werte_Logo700-1.png\",\"contentUrl\":\"https:\\\/\\\/wein-werte.com\\\/wp-content\\\/uploads\\\/2023\\\/07\\\/Wein_werte_Logo700-1.png\",\"width\":700,\"height\":272,\"caption\":\"Vins Fins Thorrold\"},\"image\":{\"@id\":\"https:\\\/\\\/wein-werte.com\\\/de\\\/#\\\/schema\\\/logo\\\/image\\\/\"}}]}<\/script>\n<!-- \/ Yoast SEO plugin. -->","yoast_head_json":{"title":"Moric Sankt Georgen \"Aka Serious wine from a Gorgeous place\" 2023","description":"Kaufe Moric Sankt Georgen \"Aka Serious wine from a Gorgeous place\" 2023 (Gr\u00fcner Veltliner, trocken aus Burgenland\/Neusiedlersee, \u00d6sterreich) bei Wein Werte, Ihrem nachhaltigen Onlineshop.","robots":{"index":"index","follow":"follow","max-snippet":"max-snippet:-1","max-image-preview":"max-image-preview:large","max-video-preview":"max-video-preview:-1"},"canonical":"https:\/\/wein-werte.com\/de\/produkt\/moric-sankt-georgen-aka-serious-wine-from-a-gorgeous-place-2023-750ml\/","og_locale":"de_DE","og_type":"article","og_title":"Moric Sankt Georgen \"Aka Serious wine from a Gorgeous place\" 2023","og_description":"Kaufe Moric Sankt Georgen \"Aka Serious wine from a Gorgeous place\" 2023 (Gr\u00fcner Veltliner, trocken aus Burgenland\/Neusiedlersee, \u00d6sterreich) bei Wein Werte, Ihrem nachhaltigen Onlineshop.","og_url":"https:\/\/wein-werte.com\/de\/produkt\/moric-sankt-georgen-aka-serious-wine-from-a-gorgeous-place-2023-750ml\/","og_site_name":"Wein Werte","og_image":[{"width":317,"height":1200,"url":"https:\/\/wein-werte.com\/wp-content\/uploads\/2026\/04\/Moric-Sankt-Georgen-Aka-Serious-wine-from-a-Gorgeous-place-2023-750ml.png","type":"image\/png"}],"twitter_card":"summary_large_image","twitter_misc":{"Gesch\u00e4tzte Lesezeit":"1\u00a0Minute"},"schema":{"@context":"https:\/\/schema.org","@graph":[{"@type":"WebPage","@id":"https:\/\/wein-werte.com\/de\/produkt\/moric-sankt-georgen-aka-serious-wine-from-a-gorgeous-place-2023-750ml\/","url":"https:\/\/wein-werte.com\/de\/produkt\/moric-sankt-georgen-aka-serious-wine-from-a-gorgeous-place-2023-750ml\/","name":"Moric Sankt Georgen \"Aka Serious wine from a Gorgeous place\" 2023","isPartOf":{"@id":"https:\/\/wein-werte.com\/de\/#website"},"primaryImageOfPage":{"@id":"https:\/\/wein-werte.com\/de\/produkt\/moric-sankt-georgen-aka-serious-wine-from-a-gorgeous-place-2023-750ml\/#primaryimage"},"image":{"@id":"https:\/\/wein-werte.com\/de\/produkt\/moric-sankt-georgen-aka-serious-wine-from-a-gorgeous-place-2023-750ml\/#primaryimage"},"thumbnailUrl":"https:\/\/wein-werte.com\/wp-content\/uploads\/2026\/04\/Moric-Sankt-Georgen-Aka-Serious-wine-from-a-Gorgeous-place-2023-750ml.png","datePublished":"2026-05-05T16:18:08+00:00","description":"Kaufe Moric Sankt Georgen \"Aka Serious wine from a Gorgeous place\" 2023 (Gr\u00fcner Veltliner, trocken aus Burgenland\/Neusiedlersee, \u00d6sterreich) bei Wein Werte, Ihrem nachhaltigen Onlineshop.","breadcrumb":{"@id":"https:\/\/wein-werte.com\/de\/produkt\/moric-sankt-georgen-aka-serious-wine-from-a-gorgeous-place-2023-750ml\/#breadcrumb"},"inLanguage":"de","potentialAction":[{"@type":"ReadAction","target":["https:\/\/wein-werte.com\/de\/produkt\/moric-sankt-georgen-aka-serious-wine-from-a-gorgeous-place-2023-750ml\/"]}]},{"@type":"ImageObject","inLanguage":"de","@id":"https:\/\/wein-werte.com\/de\/produkt\/moric-sankt-georgen-aka-serious-wine-from-a-gorgeous-place-2023-750ml\/#primaryimage","url":"https:\/\/wein-werte.com\/wp-content\/uploads\/2026\/04\/Moric-Sankt-Georgen-Aka-Serious-wine-from-a-Gorgeous-place-2023-750ml.png","contentUrl":"https:\/\/wein-werte.com\/wp-content\/uploads\/2026\/04\/Moric-Sankt-Georgen-Aka-Serious-wine-from-a-Gorgeous-place-2023-750ml.png","width":317,"height":1200,"caption":"Moric Sankt Georgen \"Aka Serious wine from a Gorgeous place\" 2023 750ml"},{"@type":"BreadcrumbList","@id":"https:\/\/wein-werte.com\/de\/produkt\/moric-sankt-georgen-aka-serious-wine-from-a-gorgeous-place-2023-750ml\/#breadcrumb","itemListElement":[{"@type":"ListItem","position":1,"name":"Home","item":"https:\/\/wein-werte.com\/de\/"},{"@type":"ListItem","position":2,"name":"Shop","item":"https:\/\/wein-werte.com\/de\/shop\/"},{"@type":"ListItem","position":3,"name":"Moric | Burgenland\/Neusiedlersee | Sankt Georgen &#8220;Aka Serious wine from a Gorgeous place&#8221; | 2023 | 750ml"}]},{"@type":"WebSite","@id":"https:\/\/wein-werte.com\/de\/#website","url":"https:\/\/wein-werte.com\/de\/","name":"Wein Werte","description":"","publisher":{"@id":"https:\/\/wein-werte.com\/de\/#organization"},"potentialAction":[{"@type":"SearchAction","target":{"@type":"EntryPoint","urlTemplate":"https:\/\/wein-werte.com\/de\/?s={search_term_string}"},"query-input":{"@type":"PropertyValueSpecification","valueRequired":true,"valueName":"search_term_string"}}],"inLanguage":"de"},{"@type":"Organization","@id":"https:\/\/wein-werte.com\/de\/#organization","name":"Vins Fins Thorrold","url":"https:\/\/wein-werte.com\/de\/","logo":{"@type":"ImageObject","inLanguage":"de","@id":"https:\/\/wein-werte.com\/de\/#\/schema\/logo\/image\/","url":"https:\/\/wein-werte.com\/wp-content\/uploads\/2023\/07\/Wein_werte_Logo700-1.png","contentUrl":"https:\/\/wein-werte.com\/wp-content\/uploads\/2023\/07\/Wein_werte_Logo700-1.png","width":700,"height":272,"caption":"Vins Fins Thorrold"},"image":{"@id":"https:\/\/wein-werte.com\/de\/#\/schema\/logo\/image\/"}}]}},"_links":{"self":[{"href":"https:\/\/wein-werte.com\/de\/wp-json\/wp\/v2\/product\/1126542","targetHints":{"allow":["GET"]}}],"collection":[{"href":"https:\/\/wein-werte.com\/de\/wp-json\/wp\/v2\/product"}],"about":[{"href":"https:\/\/wein-werte.com\/de\/wp-json\/wp\/v2\/types\/product"}],"wp:featuredmedia":[{"embeddable":true,"href":"https:\/\/wein-werte.com\/de\/wp-json\/wp\/v2\/media\/1138668"}],"wp:attachment":[{"href":"https:\/\/wein-werte.com\/de\/wp-json\/wp\/v2\/media?parent=1126542"}],"wp:term":[{"taxonomy":"product_brand","embeddable":true,"href":"https:\/\/wein-werte.com\/de\/wp-json\/wp\/v2\/product_brand?post=1126542"},{"taxonomy":"product_cat","embeddable":true,"href":"https:\/\/wein-werte.com\/de\/wp-json\/wp\/v2\/product_cat?post=1126542"},{"taxonomy":"product_tag","embeddable":true,"href":"https:\/\/wein-werte.com\/de\/wp-json\/wp\/v2\/product_tag?post=1126542"}],"curies":[{"name":"wp","href":"https:\/\/api.w.org\/{rel}","templated":true}]}}