{"id":1126531,"date":"2026-05-05T18:18:07","date_gmt":"2026-05-05T16:18:07","guid":{"rendered":"https:\/\/wein-werte.com\/product\/moric-lutzmannsburg-ried-maissner-2021-750ml\/"},"modified":"2026-05-01T23:38:54","modified_gmt":"2026-05-01T21:38:54","slug":"moric-lutzmannsburg-ried-maissner-2021-750ml","status":"publish","type":"product","link":"https:\/\/wein-werte.com\/de\/produkt\/moric-lutzmannsburg-ried-maissner-2021-750ml\/","title":{"rendered":"Moric | Burgenland\/Neusiedlersee | Lutzmannsburg, Ried Maissner | 2021 | 750ml"},"content":{"rendered":"<p>Produktbeschreibung f\u00fcr Moric Lutzmannsburg, Ried Maissner 2021 <\/p>\n<p> Roland Velich und sein Weingut Moric haben Weinbaugeschichte geschrieben. Sie beginnt erst 2001 mit dem ersten Jahrgang des Lutzmannsburg Alte Reben Blaufr\u00e4nkisch. Seit dieser Zeit hat sich nicht zuletzt dank dieses Weines eine Stilistik des Blaufr\u00e4nkisch etabliert, die man der Flaschenform schon ablesen kann. Der Name Moric steht f\u00fcr Weine aus Blaufr\u00e4nkisch, die stilistisch zwischen gro\u00dfen Burgundern, Piemontesern und Syrah von der Nordrh\u00f4ne angesiedelt sind, dabei v\u00f6llig eigenst\u00e4ndig sind und ein ebenso gro\u00dfes Potential besitzen. Die Gr\u00f6\u00dfe von Velichs Weinen beginnt allerdings schon beim einfachen Blaufr\u00e4nkisch und bei der wei\u00dfen wie der roten Hausmarke. Diese Weine stehen exemplarisch f\u00fcr den Anspruch Velichs, dass Weine aufgeschlossen sein sollen, einladend, frisch und saftig, komplex und trinkfreudig zugleich. Neben seinen eigenen Ideen f\u00f6rdert er mit seinen Hidden-Treasure-Project zudem begabte Winzer aus dem benachbarten Ungarn. <\/p>\n<p>Copyright Vinaturel 2025<\/p>\n<p>Keywords: <a href=\"https:\/\/wein-werte.com\/de\/shop\/?swoof=1&#038;pa_producer=Moric\">Moric<\/a> <a href=\"https:\/\/wein-werte.com\/de\/shop\/?swoof=1&#038;woof_text=Lutzmannsburg, Ried Maissner\">Lutzmannsburg, Ried Maissner<\/a> 2021  <a href=\"https:\/\/wein-werte.com\/de\/shop\/?swoof=1&#038;pa_region=Burgenland\/Neusiedlersee\">Burgenland\/Neusiedlersee<\/a> <a href=\"https:\/\/wein-werte.com\/de\/shop\/?swoof=1&#038;pa_country=\u00d6sterreich\">\u00d6sterreich<\/a><\/p>\n<h3>Vinous<\/h3>\n<p>Punkte: 97<\/p>\n<p>Der Blaufr\u00e4nkisch Ries Maissner 2021 wurde in zwei h\u00f6her gelegenen Parzellen geerntet, eine davon 1908, die andere 1934\/1935. Sie wurzeln in schwerem, eisenhaltigem Lehm und Ton auf dem Vulkanplateau mit einigen Kalksteinablagerungen. Eine reine und ruhige Kirschnote mit einem Hauch von Blut, und ein Hauch von Nadelholz zeigt sich in der Nase; mehr Luft bringt einen anhaltenden Duft von Petrichor und wilder Blaubeere. Am Gaumen ist erdig und leuchtend. Rote Kirsche durchdringt erdigere, reichere und dichtere Tannine, unterst\u00fctzt von einer spritzigen S\u00e4ure, die von s\u00e4uerlicher Rotkirsche zu Sauerkirsche und wieder zur\u00fcck changiert. Er besticht durch eine exquisite Balance und aromatische Ankl\u00e4nge dieser s\u00e4uerlichen Kirsche. (Knochentrocken) \u2013 Anne Krebiehl MW<br \/>Trinkfenster: 2025\u20132050<br \/>Bewertungsdatum: Februar 2024<\/p>\n<p>Internetseite des Weinguts: <a href=\"http:\/\/www.moric.at\/\" target=\"_blank\">http:\/\/www.moric.at\/<\/a><\/p>\n","protected":false},"excerpt":{"rendered":"<p>Lieferzeit: 1 bis 2 Arbeitstage (DE), 2 bis 5 Arbeitstage (EU and CH)<\/p>\n","protected":false},"featured_media":1138660,"template":"","meta":[],"product_brand":[],"product_cat":[19],"product_tag":[],"class_list":{"0":"post-1126531","1":"product","2":"type-product","3":"status-publish","4":"has-post-thumbnail","6":"product_cat-unkategorisiert","7":"pa_alcohol-for-filter-12897","8":"pa_certified-biodynamic-nein-de","9":"pa_certified-organic-nein-de","10":"pa_colour-rot","11":"pa_country-osterreich","12":"pa_grape-blaufrankisch-lemberger","13":"pa_price-for-filter-10701","14":"pa_producer-moric","15":"pa_region-burgenland-neusiedlersee","16":"pa_size-ml-6584","17":"pa_sweetness-trocken-de","18":"pa_type-2-still-de","19":"pa_vinous-points-for-filter-20039","20":"pa_vintage-2021-de","21":"entry","22":"has-media","24":"first","25":"instock","26":"taxable","27":"shipping-taxable","28":"purchasable","29":"product-type-simple"},"yoast_head":"<!-- This site is optimized with the Yoast SEO plugin v27.5 - https:\/\/yoast.com\/product\/yoast-seo-wordpress\/ -->\n<title>Moric Lutzmannsburg Ried Maissner 2021<\/title>\n<meta name=\"description\" content=\"Kaufe Moric Lutzmannsburg Ried Maissner 2021 (Blaufr\u00e4nkisch, trocken aus Burgenland\/Neusiedlersee, \u00d6sterreich) bei Wein Werte, Ihrem nachhaltigen Onlineshop.\" \/>\n<meta name=\"robots\" content=\"index, follow, max-snippet:-1, max-image-preview:large, max-video-preview:-1\" \/>\n<link rel=\"canonical\" href=\"https:\/\/wein-werte.com\/de\/produkt\/moric-lutzmannsburg-ried-maissner-2021-750ml\/\" \/>\n<meta property=\"og:locale\" content=\"de_DE\" \/>\n<meta property=\"og:type\" content=\"article\" \/>\n<meta property=\"og:title\" content=\"Moric Lutzmannsburg Ried Maissner 2021\" \/>\n<meta property=\"og:description\" content=\"Kaufe Moric Lutzmannsburg Ried Maissner 2021 (Blaufr\u00e4nkisch, trocken aus Burgenland\/Neusiedlersee, \u00d6sterreich) bei Wein Werte, Ihrem nachhaltigen Onlineshop.\" \/>\n<meta property=\"og:url\" content=\"https:\/\/wein-werte.com\/de\/produkt\/moric-lutzmannsburg-ried-maissner-2021-750ml\/\" \/>\n<meta property=\"og:site_name\" content=\"Wein Werte\" \/>\n<meta property=\"og:image\" content=\"https:\/\/wein-werte.com\/wp-content\/uploads\/2026\/04\/Moric-Lutzmannsburg-Ried-Maissner-2021-750ml.png\" \/>\n\t<meta property=\"og:image:width\" content=\"319\" \/>\n\t<meta property=\"og:image:height\" content=\"1200\" \/>\n\t<meta property=\"og:image:type\" content=\"image\/png\" \/>\n<meta name=\"twitter:card\" content=\"summary_large_image\" \/>\n<meta name=\"twitter:label1\" content=\"Gesch\u00e4tzte Lesezeit\" \/>\n\t<meta name=\"twitter:data1\" content=\"1\u00a0Minute\" \/>\n<script type=\"application\/ld+json\" class=\"yoast-schema-graph\">{\"@context\":\"https:\\\/\\\/schema.org\",\"@graph\":[{\"@type\":\"WebPage\",\"@id\":\"https:\\\/\\\/wein-werte.com\\\/de\\\/produkt\\\/moric-lutzmannsburg-ried-maissner-2021-750ml\\\/\",\"url\":\"https:\\\/\\\/wein-werte.com\\\/de\\\/produkt\\\/moric-lutzmannsburg-ried-maissner-2021-750ml\\\/\",\"name\":\"Moric Lutzmannsburg Ried Maissner 2021\",\"isPartOf\":{\"@id\":\"https:\\\/\\\/wein-werte.com\\\/de\\\/#website\"},\"primaryImageOfPage\":{\"@id\":\"https:\\\/\\\/wein-werte.com\\\/de\\\/produkt\\\/moric-lutzmannsburg-ried-maissner-2021-750ml\\\/#primaryimage\"},\"image\":{\"@id\":\"https:\\\/\\\/wein-werte.com\\\/de\\\/produkt\\\/moric-lutzmannsburg-ried-maissner-2021-750ml\\\/#primaryimage\"},\"thumbnailUrl\":\"https:\\\/\\\/wein-werte.com\\\/wp-content\\\/uploads\\\/2026\\\/04\\\/Moric-Lutzmannsburg-Ried-Maissner-2021-750ml.png\",\"datePublished\":\"2026-05-05T16:18:07+00:00\",\"description\":\"Kaufe Moric Lutzmannsburg Ried Maissner 2021 (Blaufr\u00e4nkisch, trocken aus Burgenland\\\/Neusiedlersee, \u00d6sterreich) bei Wein Werte, Ihrem nachhaltigen Onlineshop.\",\"breadcrumb\":{\"@id\":\"https:\\\/\\\/wein-werte.com\\\/de\\\/produkt\\\/moric-lutzmannsburg-ried-maissner-2021-750ml\\\/#breadcrumb\"},\"inLanguage\":\"de\",\"potentialAction\":[{\"@type\":\"ReadAction\",\"target\":[\"https:\\\/\\\/wein-werte.com\\\/de\\\/produkt\\\/moric-lutzmannsburg-ried-maissner-2021-750ml\\\/\"]}]},{\"@type\":\"ImageObject\",\"inLanguage\":\"de\",\"@id\":\"https:\\\/\\\/wein-werte.com\\\/de\\\/produkt\\\/moric-lutzmannsburg-ried-maissner-2021-750ml\\\/#primaryimage\",\"url\":\"https:\\\/\\\/wein-werte.com\\\/wp-content\\\/uploads\\\/2026\\\/04\\\/Moric-Lutzmannsburg-Ried-Maissner-2021-750ml.png\",\"contentUrl\":\"https:\\\/\\\/wein-werte.com\\\/wp-content\\\/uploads\\\/2026\\\/04\\\/Moric-Lutzmannsburg-Ried-Maissner-2021-750ml.png\",\"width\":319,\"height\":1200,\"caption\":\"Moric Lutzmannsburg, Ried Maissner 2021 750ml\"},{\"@type\":\"BreadcrumbList\",\"@id\":\"https:\\\/\\\/wein-werte.com\\\/de\\\/produkt\\\/moric-lutzmannsburg-ried-maissner-2021-750ml\\\/#breadcrumb\",\"itemListElement\":[{\"@type\":\"ListItem\",\"position\":1,\"name\":\"Home\",\"item\":\"https:\\\/\\\/wein-werte.com\\\/de\\\/\"},{\"@type\":\"ListItem\",\"position\":2,\"name\":\"Shop\",\"item\":\"https:\\\/\\\/wein-werte.com\\\/de\\\/shop\\\/\"},{\"@type\":\"ListItem\",\"position\":3,\"name\":\"Moric | Burgenland\\\/Neusiedlersee | Lutzmannsburg, Ried Maissner | 2021 | 750ml\"}]},{\"@type\":\"WebSite\",\"@id\":\"https:\\\/\\\/wein-werte.com\\\/de\\\/#website\",\"url\":\"https:\\\/\\\/wein-werte.com\\\/de\\\/\",\"name\":\"Wein Werte\",\"description\":\"\",\"publisher\":{\"@id\":\"https:\\\/\\\/wein-werte.com\\\/de\\\/#organization\"},\"potentialAction\":[{\"@type\":\"SearchAction\",\"target\":{\"@type\":\"EntryPoint\",\"urlTemplate\":\"https:\\\/\\\/wein-werte.com\\\/de\\\/?s={search_term_string}\"},\"query-input\":{\"@type\":\"PropertyValueSpecification\",\"valueRequired\":true,\"valueName\":\"search_term_string\"}}],\"inLanguage\":\"de\"},{\"@type\":\"Organization\",\"@id\":\"https:\\\/\\\/wein-werte.com\\\/de\\\/#organization\",\"name\":\"Vins Fins Thorrold\",\"url\":\"https:\\\/\\\/wein-werte.com\\\/de\\\/\",\"logo\":{\"@type\":\"ImageObject\",\"inLanguage\":\"de\",\"@id\":\"https:\\\/\\\/wein-werte.com\\\/de\\\/#\\\/schema\\\/logo\\\/image\\\/\",\"url\":\"https:\\\/\\\/wein-werte.com\\\/wp-content\\\/uploads\\\/2023\\\/07\\\/Wein_werte_Logo700-1.png\",\"contentUrl\":\"https:\\\/\\\/wein-werte.com\\\/wp-content\\\/uploads\\\/2023\\\/07\\\/Wein_werte_Logo700-1.png\",\"width\":700,\"height\":272,\"caption\":\"Vins Fins Thorrold\"},\"image\":{\"@id\":\"https:\\\/\\\/wein-werte.com\\\/de\\\/#\\\/schema\\\/logo\\\/image\\\/\"}}]}<\/script>\n<!-- \/ Yoast SEO plugin. -->","yoast_head_json":{"title":"Moric Lutzmannsburg Ried Maissner 2021","description":"Kaufe Moric Lutzmannsburg Ried Maissner 2021 (Blaufr\u00e4nkisch, trocken aus Burgenland\/Neusiedlersee, \u00d6sterreich) bei Wein Werte, Ihrem nachhaltigen Onlineshop.","robots":{"index":"index","follow":"follow","max-snippet":"max-snippet:-1","max-image-preview":"max-image-preview:large","max-video-preview":"max-video-preview:-1"},"canonical":"https:\/\/wein-werte.com\/de\/produkt\/moric-lutzmannsburg-ried-maissner-2021-750ml\/","og_locale":"de_DE","og_type":"article","og_title":"Moric Lutzmannsburg Ried Maissner 2021","og_description":"Kaufe Moric Lutzmannsburg Ried Maissner 2021 (Blaufr\u00e4nkisch, trocken aus Burgenland\/Neusiedlersee, \u00d6sterreich) bei Wein Werte, Ihrem nachhaltigen Onlineshop.","og_url":"https:\/\/wein-werte.com\/de\/produkt\/moric-lutzmannsburg-ried-maissner-2021-750ml\/","og_site_name":"Wein Werte","og_image":[{"width":319,"height":1200,"url":"https:\/\/wein-werte.com\/wp-content\/uploads\/2026\/04\/Moric-Lutzmannsburg-Ried-Maissner-2021-750ml.png","type":"image\/png"}],"twitter_card":"summary_large_image","twitter_misc":{"Gesch\u00e4tzte Lesezeit":"1\u00a0Minute"},"schema":{"@context":"https:\/\/schema.org","@graph":[{"@type":"WebPage","@id":"https:\/\/wein-werte.com\/de\/produkt\/moric-lutzmannsburg-ried-maissner-2021-750ml\/","url":"https:\/\/wein-werte.com\/de\/produkt\/moric-lutzmannsburg-ried-maissner-2021-750ml\/","name":"Moric Lutzmannsburg Ried Maissner 2021","isPartOf":{"@id":"https:\/\/wein-werte.com\/de\/#website"},"primaryImageOfPage":{"@id":"https:\/\/wein-werte.com\/de\/produkt\/moric-lutzmannsburg-ried-maissner-2021-750ml\/#primaryimage"},"image":{"@id":"https:\/\/wein-werte.com\/de\/produkt\/moric-lutzmannsburg-ried-maissner-2021-750ml\/#primaryimage"},"thumbnailUrl":"https:\/\/wein-werte.com\/wp-content\/uploads\/2026\/04\/Moric-Lutzmannsburg-Ried-Maissner-2021-750ml.png","datePublished":"2026-05-05T16:18:07+00:00","description":"Kaufe Moric Lutzmannsburg Ried Maissner 2021 (Blaufr\u00e4nkisch, trocken aus Burgenland\/Neusiedlersee, \u00d6sterreich) bei Wein Werte, Ihrem nachhaltigen Onlineshop.","breadcrumb":{"@id":"https:\/\/wein-werte.com\/de\/produkt\/moric-lutzmannsburg-ried-maissner-2021-750ml\/#breadcrumb"},"inLanguage":"de","potentialAction":[{"@type":"ReadAction","target":["https:\/\/wein-werte.com\/de\/produkt\/moric-lutzmannsburg-ried-maissner-2021-750ml\/"]}]},{"@type":"ImageObject","inLanguage":"de","@id":"https:\/\/wein-werte.com\/de\/produkt\/moric-lutzmannsburg-ried-maissner-2021-750ml\/#primaryimage","url":"https:\/\/wein-werte.com\/wp-content\/uploads\/2026\/04\/Moric-Lutzmannsburg-Ried-Maissner-2021-750ml.png","contentUrl":"https:\/\/wein-werte.com\/wp-content\/uploads\/2026\/04\/Moric-Lutzmannsburg-Ried-Maissner-2021-750ml.png","width":319,"height":1200,"caption":"Moric Lutzmannsburg, Ried Maissner 2021 750ml"},{"@type":"BreadcrumbList","@id":"https:\/\/wein-werte.com\/de\/produkt\/moric-lutzmannsburg-ried-maissner-2021-750ml\/#breadcrumb","itemListElement":[{"@type":"ListItem","position":1,"name":"Home","item":"https:\/\/wein-werte.com\/de\/"},{"@type":"ListItem","position":2,"name":"Shop","item":"https:\/\/wein-werte.com\/de\/shop\/"},{"@type":"ListItem","position":3,"name":"Moric | Burgenland\/Neusiedlersee | Lutzmannsburg, Ried Maissner | 2021 | 750ml"}]},{"@type":"WebSite","@id":"https:\/\/wein-werte.com\/de\/#website","url":"https:\/\/wein-werte.com\/de\/","name":"Wein Werte","description":"","publisher":{"@id":"https:\/\/wein-werte.com\/de\/#organization"},"potentialAction":[{"@type":"SearchAction","target":{"@type":"EntryPoint","urlTemplate":"https:\/\/wein-werte.com\/de\/?s={search_term_string}"},"query-input":{"@type":"PropertyValueSpecification","valueRequired":true,"valueName":"search_term_string"}}],"inLanguage":"de"},{"@type":"Organization","@id":"https:\/\/wein-werte.com\/de\/#organization","name":"Vins Fins Thorrold","url":"https:\/\/wein-werte.com\/de\/","logo":{"@type":"ImageObject","inLanguage":"de","@id":"https:\/\/wein-werte.com\/de\/#\/schema\/logo\/image\/","url":"https:\/\/wein-werte.com\/wp-content\/uploads\/2023\/07\/Wein_werte_Logo700-1.png","contentUrl":"https:\/\/wein-werte.com\/wp-content\/uploads\/2023\/07\/Wein_werte_Logo700-1.png","width":700,"height":272,"caption":"Vins Fins Thorrold"},"image":{"@id":"https:\/\/wein-werte.com\/de\/#\/schema\/logo\/image\/"}}]}},"_links":{"self":[{"href":"https:\/\/wein-werte.com\/de\/wp-json\/wp\/v2\/product\/1126531","targetHints":{"allow":["GET"]}}],"collection":[{"href":"https:\/\/wein-werte.com\/de\/wp-json\/wp\/v2\/product"}],"about":[{"href":"https:\/\/wein-werte.com\/de\/wp-json\/wp\/v2\/types\/product"}],"wp:featuredmedia":[{"embeddable":true,"href":"https:\/\/wein-werte.com\/de\/wp-json\/wp\/v2\/media\/1138660"}],"wp:attachment":[{"href":"https:\/\/wein-werte.com\/de\/wp-json\/wp\/v2\/media?parent=1126531"}],"wp:term":[{"taxonomy":"product_brand","embeddable":true,"href":"https:\/\/wein-werte.com\/de\/wp-json\/wp\/v2\/product_brand?post=1126531"},{"taxonomy":"product_cat","embeddable":true,"href":"https:\/\/wein-werte.com\/de\/wp-json\/wp\/v2\/product_cat?post=1126531"},{"taxonomy":"product_tag","embeddable":true,"href":"https:\/\/wein-werte.com\/de\/wp-json\/wp\/v2\/product_tag?post=1126531"}],"curies":[{"name":"wp","href":"https:\/\/api.w.org\/{rel}","templated":true}]}}