{"id":1126512,"date":"2026-05-12T16:19:21","date_gmt":"2026-05-12T14:19:21","guid":{"rendered":"https:\/\/wein-werte.com\/product\/moric-hausmarke-s21-solera-22-20-19-18-17-16-14-12-750ml\/"},"modified":"2026-05-12T19:52:40","modified_gmt":"2026-05-12T17:52:40","slug":"moric-hausmarke-s21-solera-22-20-19-18-17-16-14-12-750ml","status":"publish","type":"product","link":"https:\/\/wein-werte.com\/de\/produkt\/moric-hausmarke-s21-solera-22-20-19-18-17-16-14-12-750ml\/","title":{"rendered":"Moric | Burgenland\/Neusiedlersee | Hausmarke S21 Solera 22 20 19 18 17 16 14 12 | NV | 750ml"},"content":{"rendered":"<p>Produktbeschreibung f\u00fcr Moric Hausmarke S21 Solera 22 20 19 18 17 16 14 12 NV <\/p>\n<p> Roland Velich und sein Weingut Moric haben Weinbaugeschichte geschrieben. Sie beginnt erst 2001 mit dem ersten Jahrgang des Lutzmannsburg Alte Reben Blaufr\u00e4nkisch. Seit dieser Zeit hat sich nicht zuletzt dank dieses Weines eine Stilistik des Blaufr\u00e4nkisch etabliert, die man der Flaschenform schon ablesen kann. Der Name Moric steht f\u00fcr Weine aus Blaufr\u00e4nkisch, die stilistisch zwischen gro\u00dfen Burgundern, Piemontesern und Syrah von der Nordrh\u00f4ne angesiedelt sind, dabei v\u00f6llig eigenst\u00e4ndig sind und ein ebenso gro\u00dfes Potential besitzen. Die Gr\u00f6\u00dfe von Velichs Weinen beginnt allerdings schon beim einfachen Blaufr\u00e4nkisch und bei der wei\u00dfen wie der roten Hausmarke. Diese Weine stehen exemplarisch f\u00fcr den Anspruch Velichs, dass Weine aufgeschlossen sein sollen, einladend, frisch und saftig, komplex und trinkfreudig zugleich. Neben seinen eigenen Ideen f\u00f6rdert er mit seinen Hidden-Treasure-Project zudem begabte Winzer aus dem benachbarten Ungarn. <\/p>\n<p>Copyright Vinaturel 2025<\/p>\n<p>Keywords: <a href=\"https:\/\/wein-werte.com\/de\/shop\/?swoof=1&#038;pa_producer=Moric\">Moric<\/a> <a href=\"https:\/\/wein-werte.com\/de\/shop\/?swoof=1&#038;woof_text=Hausmarke S21 Solera 22 20 19 18 17 16 14 12\">Hausmarke S21 Solera 22 20 19 18 17 16 14 12<\/a> NV  <a href=\"https:\/\/wein-werte.com\/de\/shop\/?swoof=1&#038;pa_region=Burgenland\/Neusiedlersee\">Burgenland\/Neusiedlersee<\/a> <a href=\"https:\/\/wein-werte.com\/de\/shop\/?swoof=1&#038;pa_country=\u00d6sterreich\">\u00d6sterreich<\/a><\/p>\n<p>Internetseite des Weinguts: <a href=\"http:\/\/www.moric.at\/\" target=\"_blank\">http:\/\/www.moric.at\/<\/a><\/p>\n","protected":false},"excerpt":{"rendered":"<div style=\"font-size: 14px;\">\n<p>Lieferzeit: 1 bis 2 Arbeitstage (DE), 2 bis 5 Arbeitstage (EU und CH)<\/p>\n<p>Ungef\u00e4hrer Energiegehalt pro 125-ml-Glas: 105 kcal<\/p>\n<\/p><\/div>\n","protected":false},"featured_media":1138646,"template":"","meta":[],"product_brand":[],"product_cat":[19],"product_tag":[],"class_list":{"0":"post-1126512","1":"product","2":"type-product","3":"status-publish","4":"has-post-thumbnail","6":"product_cat-unkategorisiert","7":"pa_alcohol-for-filter-12897","8":"pa_certified-biodynamic-nein-de","9":"pa_certified-organic-nein-de","10":"pa_colour-rot","11":"pa_country-osterreich","12":"pa_price-for-filter-10627","13":"pa_producer-moric","14":"pa_region-burgenland-neusiedlersee","15":"pa_size-ml-6584","16":"pa_sweetness-trocken-de","17":"pa_type-2-still-de","18":"pa_vintage-nv-de","19":"entry","20":"has-media","22":"first","23":"instock","24":"taxable","25":"shipping-taxable","26":"purchasable","27":"product-type-simple"},"yoast_head":"<!-- This site is optimized with the Yoast SEO plugin v27.6 - https:\/\/yoast.com\/product\/yoast-seo-wordpress\/ -->\n<title>Moric Hausmarke S21 Solera 22 20 19 18 17 16 14 12<\/title>\n<meta name=\"description\" content=\"Kaufe Moric Hausmarke S21 Solera 22 20 19 18 17 16 14 12 (, trocken aus Burgenland\/Neusiedlersee, \u00d6sterreich) bei Wein Werte, Ihrem nachhaltigen Onlineshop.\" \/>\n<meta name=\"robots\" content=\"index, follow, max-snippet:-1, max-image-preview:large, max-video-preview:-1\" \/>\n<link rel=\"canonical\" href=\"https:\/\/wein-werte.com\/de\/produkt\/moric-hausmarke-s21-solera-22-20-19-18-17-16-14-12-750ml\/\" \/>\n<meta property=\"og:locale\" content=\"de_DE\" \/>\n<meta property=\"og:type\" content=\"article\" \/>\n<meta property=\"og:title\" content=\"Moric Hausmarke S21 Solera 22 20 19 18 17 16 14 12\" \/>\n<meta property=\"og:description\" content=\"Kaufe Moric Hausmarke S21 Solera 22 20 19 18 17 16 14 12 (, trocken aus Burgenland\/Neusiedlersee, \u00d6sterreich) bei Wein Werte, Ihrem nachhaltigen Onlineshop.\" \/>\n<meta property=\"og:url\" content=\"https:\/\/wein-werte.com\/de\/produkt\/moric-hausmarke-s21-solera-22-20-19-18-17-16-14-12-750ml\/\" \/>\n<meta property=\"og:site_name\" content=\"Wein Werte\" \/>\n<meta property=\"article:modified_time\" content=\"2026-05-12T17:52:40+00:00\" \/>\n<meta property=\"og:image\" content=\"https:\/\/wein-werte.com\/wp-content\/uploads\/2026\/04\/Moric-Hausmarke-S21-Solera-22-20-19-18-17-16-14-12-750ml.png\" \/>\n\t<meta property=\"og:image:width\" content=\"321\" \/>\n\t<meta property=\"og:image:height\" content=\"1200\" \/>\n\t<meta property=\"og:image:type\" content=\"image\/png\" \/>\n<meta name=\"twitter:card\" content=\"summary_large_image\" \/>\n<meta name=\"twitter:label1\" content=\"Gesch\u00e4tzte Lesezeit\" \/>\n\t<meta name=\"twitter:data1\" content=\"1\u00a0Minute\" \/>\n<script type=\"application\/ld+json\" class=\"yoast-schema-graph\">{\"@context\":\"https:\\\/\\\/schema.org\",\"@graph\":[{\"@type\":\"WebPage\",\"@id\":\"https:\\\/\\\/wein-werte.com\\\/de\\\/produkt\\\/moric-hausmarke-s21-solera-22-20-19-18-17-16-14-12-750ml\\\/\",\"url\":\"https:\\\/\\\/wein-werte.com\\\/de\\\/produkt\\\/moric-hausmarke-s21-solera-22-20-19-18-17-16-14-12-750ml\\\/\",\"name\":\"Moric Hausmarke S21 Solera 22 20 19 18 17 16 14 12\",\"isPartOf\":{\"@id\":\"https:\\\/\\\/wein-werte.com\\\/de\\\/#website\"},\"primaryImageOfPage\":{\"@id\":\"https:\\\/\\\/wein-werte.com\\\/de\\\/produkt\\\/moric-hausmarke-s21-solera-22-20-19-18-17-16-14-12-750ml\\\/#primaryimage\"},\"image\":{\"@id\":\"https:\\\/\\\/wein-werte.com\\\/de\\\/produkt\\\/moric-hausmarke-s21-solera-22-20-19-18-17-16-14-12-750ml\\\/#primaryimage\"},\"thumbnailUrl\":\"https:\\\/\\\/wein-werte.com\\\/wp-content\\\/uploads\\\/2026\\\/04\\\/Moric-Hausmarke-S21-Solera-22-20-19-18-17-16-14-12-750ml.png\",\"datePublished\":\"2026-05-12T14:19:21+00:00\",\"dateModified\":\"2026-05-12T17:52:40+00:00\",\"description\":\"Kaufe Moric Hausmarke S21 Solera 22 20 19 18 17 16 14 12 (, trocken aus Burgenland\\\/Neusiedlersee, \u00d6sterreich) bei Wein Werte, Ihrem nachhaltigen Onlineshop.\",\"breadcrumb\":{\"@id\":\"https:\\\/\\\/wein-werte.com\\\/de\\\/produkt\\\/moric-hausmarke-s21-solera-22-20-19-18-17-16-14-12-750ml\\\/#breadcrumb\"},\"inLanguage\":\"de\",\"potentialAction\":[{\"@type\":\"ReadAction\",\"target\":[\"https:\\\/\\\/wein-werte.com\\\/de\\\/produkt\\\/moric-hausmarke-s21-solera-22-20-19-18-17-16-14-12-750ml\\\/\"]}]},{\"@type\":\"ImageObject\",\"inLanguage\":\"de\",\"@id\":\"https:\\\/\\\/wein-werte.com\\\/de\\\/produkt\\\/moric-hausmarke-s21-solera-22-20-19-18-17-16-14-12-750ml\\\/#primaryimage\",\"url\":\"https:\\\/\\\/wein-werte.com\\\/wp-content\\\/uploads\\\/2026\\\/04\\\/Moric-Hausmarke-S21-Solera-22-20-19-18-17-16-14-12-750ml.png\",\"contentUrl\":\"https:\\\/\\\/wein-werte.com\\\/wp-content\\\/uploads\\\/2026\\\/04\\\/Moric-Hausmarke-S21-Solera-22-20-19-18-17-16-14-12-750ml.png\",\"width\":321,\"height\":1200,\"caption\":\"Moric Hausmarke S21 Solera 22 20 19 18 17 16 14 12 NV 750ml\"},{\"@type\":\"BreadcrumbList\",\"@id\":\"https:\\\/\\\/wein-werte.com\\\/de\\\/produkt\\\/moric-hausmarke-s21-solera-22-20-19-18-17-16-14-12-750ml\\\/#breadcrumb\",\"itemListElement\":[{\"@type\":\"ListItem\",\"position\":1,\"name\":\"Home\",\"item\":\"https:\\\/\\\/wein-werte.com\\\/de\\\/\"},{\"@type\":\"ListItem\",\"position\":2,\"name\":\"Shop\",\"item\":\"https:\\\/\\\/wein-werte.com\\\/de\\\/shop\\\/\"},{\"@type\":\"ListItem\",\"position\":3,\"name\":\"Moric | Burgenland\\\/Neusiedlersee | Hausmarke S21 Solera 22 20 19 18 17 16 14 12 | NV | 750ml\"}]},{\"@type\":\"WebSite\",\"@id\":\"https:\\\/\\\/wein-werte.com\\\/de\\\/#website\",\"url\":\"https:\\\/\\\/wein-werte.com\\\/de\\\/\",\"name\":\"Wein Werte\",\"description\":\"\",\"publisher\":{\"@id\":\"https:\\\/\\\/wein-werte.com\\\/de\\\/#organization\"},\"potentialAction\":[{\"@type\":\"SearchAction\",\"target\":{\"@type\":\"EntryPoint\",\"urlTemplate\":\"https:\\\/\\\/wein-werte.com\\\/de\\\/?s={search_term_string}\"},\"query-input\":{\"@type\":\"PropertyValueSpecification\",\"valueRequired\":true,\"valueName\":\"search_term_string\"}}],\"inLanguage\":\"de\"},{\"@type\":\"Organization\",\"@id\":\"https:\\\/\\\/wein-werte.com\\\/de\\\/#organization\",\"name\":\"Vins Fins Thorrold\",\"url\":\"https:\\\/\\\/wein-werte.com\\\/de\\\/\",\"logo\":{\"@type\":\"ImageObject\",\"inLanguage\":\"de\",\"@id\":\"https:\\\/\\\/wein-werte.com\\\/de\\\/#\\\/schema\\\/logo\\\/image\\\/\",\"url\":\"https:\\\/\\\/wein-werte.com\\\/wp-content\\\/uploads\\\/2023\\\/07\\\/Wein_werte_Logo700-1.png\",\"contentUrl\":\"https:\\\/\\\/wein-werte.com\\\/wp-content\\\/uploads\\\/2023\\\/07\\\/Wein_werte_Logo700-1.png\",\"width\":700,\"height\":272,\"caption\":\"Vins Fins Thorrold\"},\"image\":{\"@id\":\"https:\\\/\\\/wein-werte.com\\\/de\\\/#\\\/schema\\\/logo\\\/image\\\/\"}}]}<\/script>\n<!-- \/ Yoast SEO plugin. -->","yoast_head_json":{"title":"Moric Hausmarke S21 Solera 22 20 19 18 17 16 14 12","description":"Kaufe Moric Hausmarke S21 Solera 22 20 19 18 17 16 14 12 (, trocken aus Burgenland\/Neusiedlersee, \u00d6sterreich) bei Wein Werte, Ihrem nachhaltigen Onlineshop.","robots":{"index":"index","follow":"follow","max-snippet":"max-snippet:-1","max-image-preview":"max-image-preview:large","max-video-preview":"max-video-preview:-1"},"canonical":"https:\/\/wein-werte.com\/de\/produkt\/moric-hausmarke-s21-solera-22-20-19-18-17-16-14-12-750ml\/","og_locale":"de_DE","og_type":"article","og_title":"Moric Hausmarke S21 Solera 22 20 19 18 17 16 14 12","og_description":"Kaufe Moric Hausmarke S21 Solera 22 20 19 18 17 16 14 12 (, trocken aus Burgenland\/Neusiedlersee, \u00d6sterreich) bei Wein Werte, Ihrem nachhaltigen Onlineshop.","og_url":"https:\/\/wein-werte.com\/de\/produkt\/moric-hausmarke-s21-solera-22-20-19-18-17-16-14-12-750ml\/","og_site_name":"Wein Werte","article_modified_time":"2026-05-12T17:52:40+00:00","og_image":[{"width":321,"height":1200,"url":"https:\/\/wein-werte.com\/wp-content\/uploads\/2026\/04\/Moric-Hausmarke-S21-Solera-22-20-19-18-17-16-14-12-750ml.png","type":"image\/png"}],"twitter_card":"summary_large_image","twitter_misc":{"Gesch\u00e4tzte Lesezeit":"1\u00a0Minute"},"schema":{"@context":"https:\/\/schema.org","@graph":[{"@type":"WebPage","@id":"https:\/\/wein-werte.com\/de\/produkt\/moric-hausmarke-s21-solera-22-20-19-18-17-16-14-12-750ml\/","url":"https:\/\/wein-werte.com\/de\/produkt\/moric-hausmarke-s21-solera-22-20-19-18-17-16-14-12-750ml\/","name":"Moric Hausmarke S21 Solera 22 20 19 18 17 16 14 12","isPartOf":{"@id":"https:\/\/wein-werte.com\/de\/#website"},"primaryImageOfPage":{"@id":"https:\/\/wein-werte.com\/de\/produkt\/moric-hausmarke-s21-solera-22-20-19-18-17-16-14-12-750ml\/#primaryimage"},"image":{"@id":"https:\/\/wein-werte.com\/de\/produkt\/moric-hausmarke-s21-solera-22-20-19-18-17-16-14-12-750ml\/#primaryimage"},"thumbnailUrl":"https:\/\/wein-werte.com\/wp-content\/uploads\/2026\/04\/Moric-Hausmarke-S21-Solera-22-20-19-18-17-16-14-12-750ml.png","datePublished":"2026-05-12T14:19:21+00:00","dateModified":"2026-05-12T17:52:40+00:00","description":"Kaufe Moric Hausmarke S21 Solera 22 20 19 18 17 16 14 12 (, trocken aus Burgenland\/Neusiedlersee, \u00d6sterreich) bei Wein Werte, Ihrem nachhaltigen Onlineshop.","breadcrumb":{"@id":"https:\/\/wein-werte.com\/de\/produkt\/moric-hausmarke-s21-solera-22-20-19-18-17-16-14-12-750ml\/#breadcrumb"},"inLanguage":"de","potentialAction":[{"@type":"ReadAction","target":["https:\/\/wein-werte.com\/de\/produkt\/moric-hausmarke-s21-solera-22-20-19-18-17-16-14-12-750ml\/"]}]},{"@type":"ImageObject","inLanguage":"de","@id":"https:\/\/wein-werte.com\/de\/produkt\/moric-hausmarke-s21-solera-22-20-19-18-17-16-14-12-750ml\/#primaryimage","url":"https:\/\/wein-werte.com\/wp-content\/uploads\/2026\/04\/Moric-Hausmarke-S21-Solera-22-20-19-18-17-16-14-12-750ml.png","contentUrl":"https:\/\/wein-werte.com\/wp-content\/uploads\/2026\/04\/Moric-Hausmarke-S21-Solera-22-20-19-18-17-16-14-12-750ml.png","width":321,"height":1200,"caption":"Moric Hausmarke S21 Solera 22 20 19 18 17 16 14 12 NV 750ml"},{"@type":"BreadcrumbList","@id":"https:\/\/wein-werte.com\/de\/produkt\/moric-hausmarke-s21-solera-22-20-19-18-17-16-14-12-750ml\/#breadcrumb","itemListElement":[{"@type":"ListItem","position":1,"name":"Home","item":"https:\/\/wein-werte.com\/de\/"},{"@type":"ListItem","position":2,"name":"Shop","item":"https:\/\/wein-werte.com\/de\/shop\/"},{"@type":"ListItem","position":3,"name":"Moric | Burgenland\/Neusiedlersee | Hausmarke S21 Solera 22 20 19 18 17 16 14 12 | NV | 750ml"}]},{"@type":"WebSite","@id":"https:\/\/wein-werte.com\/de\/#website","url":"https:\/\/wein-werte.com\/de\/","name":"Wein Werte","description":"","publisher":{"@id":"https:\/\/wein-werte.com\/de\/#organization"},"potentialAction":[{"@type":"SearchAction","target":{"@type":"EntryPoint","urlTemplate":"https:\/\/wein-werte.com\/de\/?s={search_term_string}"},"query-input":{"@type":"PropertyValueSpecification","valueRequired":true,"valueName":"search_term_string"}}],"inLanguage":"de"},{"@type":"Organization","@id":"https:\/\/wein-werte.com\/de\/#organization","name":"Vins Fins Thorrold","url":"https:\/\/wein-werte.com\/de\/","logo":{"@type":"ImageObject","inLanguage":"de","@id":"https:\/\/wein-werte.com\/de\/#\/schema\/logo\/image\/","url":"https:\/\/wein-werte.com\/wp-content\/uploads\/2023\/07\/Wein_werte_Logo700-1.png","contentUrl":"https:\/\/wein-werte.com\/wp-content\/uploads\/2023\/07\/Wein_werte_Logo700-1.png","width":700,"height":272,"caption":"Vins Fins Thorrold"},"image":{"@id":"https:\/\/wein-werte.com\/de\/#\/schema\/logo\/image\/"}}]}},"_links":{"self":[{"href":"https:\/\/wein-werte.com\/de\/wp-json\/wp\/v2\/product\/1126512","targetHints":{"allow":["GET"]}}],"collection":[{"href":"https:\/\/wein-werte.com\/de\/wp-json\/wp\/v2\/product"}],"about":[{"href":"https:\/\/wein-werte.com\/de\/wp-json\/wp\/v2\/types\/product"}],"wp:featuredmedia":[{"embeddable":true,"href":"https:\/\/wein-werte.com\/de\/wp-json\/wp\/v2\/media\/1138646"}],"wp:attachment":[{"href":"https:\/\/wein-werte.com\/de\/wp-json\/wp\/v2\/media?parent=1126512"}],"wp:term":[{"taxonomy":"product_brand","embeddable":true,"href":"https:\/\/wein-werte.com\/de\/wp-json\/wp\/v2\/product_brand?post=1126512"},{"taxonomy":"product_cat","embeddable":true,"href":"https:\/\/wein-werte.com\/de\/wp-json\/wp\/v2\/product_cat?post=1126512"},{"taxonomy":"product_tag","embeddable":true,"href":"https:\/\/wein-werte.com\/de\/wp-json\/wp\/v2\/product_tag?post=1126512"}],"curies":[{"name":"wp","href":"https:\/\/api.w.org\/{rel}","templated":true}]}}