{"id":1126501,"date":"2026-05-05T18:18:05","date_gmt":"2026-05-05T16:18:05","guid":{"rendered":"https:\/\/wein-werte.com\/product\/moric-lutzmannsburg-alte-reben-2020-750ml\/"},"modified":"2026-05-01T23:38:47","modified_gmt":"2026-05-01T21:38:47","slug":"moric-lutzmannsburg-alte-reben-2020-750ml","status":"publish","type":"product","link":"https:\/\/wein-werte.com\/de\/produkt\/moric-lutzmannsburg-alte-reben-2020-750ml\/","title":{"rendered":"Moric | Burgenland\/Neusiedlersee | Lutzmannsburg, Alte Reben | 2020 | 750ml"},"content":{"rendered":"<p>Produktbeschreibung f\u00fcr Moric Lutzmannsburg, Alte Reben 2020  <\/p>\n<h5>Informationen zum Wein<\/h5>\n<p> Der Lutzmannsburg Alte Reben ist eine Blaufr\u00e4nkisch-Selektion aus den \u00e4ltesten und besten Gewannen. Das Lutzmannsburger Plateau entstand auf einem urzeitlichen Vulkan, auf dem sich im Laufe der Zeit unterschiedliche Schichten ablagerten. Man findet heute Sedimente des Pannonischen Meeres in Form von Kalksandstein, Lehm, Sand und Ton sowie Ablagerungen vulkanischen Ursprungs. F\u00fcr den 2020er Lutzmannsburg Alte Reben wurde aus sechs Parzellen selektioniert. Das Alter der Rebst\u00f6cke liegt zwischen 85 und 110 Jahren. Rund ein Viertel der Ernte wird hier normlerweise als ganze Trauben mit Rappen vergoren. Nach der spontanen Einleitung dauerte die Verg\u00e4rung in offenen Holzbottichen meist zwischen drei und vier Wochen. Nach einem vorsichtigen Abpressen in 500- und 600-Liter-F\u00e4sser lag der Wein f\u00fcr elf Monate auf der vollen Hefe, wo die spontane malolaktische G\u00e4rung stattfand. Der erste Abzug erfolgte nach ca. einem Jahr. Danach reifte der Blaufr\u00e4nkisch weitere zw\u00f6lf Monate in 500-Liter-F\u00e4ssern. Es gab keine Sch\u00f6nungen, keine Filtration und nur geringe Zus\u00e4tze an Sulfiten. <\/p>\n<h5>Farbe<\/h5>\n<p> tiefes Granat mit violetten Reflexen <\/p>\n<h5>Nase<\/h5>\n<p> Der 2020er Jahrgang des Lutzmannsburg Alte Reben ist ein neues Beispiel f\u00fcr die Gr\u00f6\u00dfe des Terroirs und dem K\u00f6nnen des Interpreten. Schon im Duft wird schnell klar, was der Wein f\u00fcr eine unermessliche Tiefe parat h\u00e4lt. Allerdings \u00f6ffnet man diesen Wein eigentlich erst Jahre sp\u00e4ter. Tut man es jetzt, sollte man ihn direkt einige Stunden karaffieren. Dann duftet es nach Schwarzkirschen, Holunderbeeren und Blaubeeren, einigen Nelken, Torf und Unterholz, Laub und \u00e4therischen Kr\u00e4uterausz\u00fcgen sowie etwas S\u00fc\u00dfholz und Veilchen. Das eigentlich Beeindruckende aber ist die tiefe k\u00fchle mineralische Spur, die sich durch die Frucht und W\u00fcrze zieht. <\/p>\n<h5>Gaumen<\/h5>\n<p> Noch machtvoller wird es am Gaumen, wo der Blaufr\u00e4nkisch schon viel von seiner ganzen Dichte und Konzentration offenbart. Die im Duft beschriebene Frucht pr\u00e4sentiert sich hier als Essenz mit eine tiefen W\u00fcrze und Floralit\u00e4t. Der Lutzmannsburg schafft es, breitschultrig und fest zu wirken und gleichzeitig energetisch, t\u00e4nzelnd, brodelnd und vibrierend. Es ist ein Wein von gro\u00dfer Statur und Struktur mit einem perfekten Gerbstoffger\u00fcst und einer Klarheit, wie man sie nur selten findet. Ein Wein au\u00dferhalb von Zeit und Raum, gro\u00df, tief und nicht endend wollend, daf\u00fcr in sich ruhend und bereit, die n\u00e4chsten Jahrzehnte weiter zu wachsen.<\/p>\n<p>Copyright Vinaturel 2025<\/p>\n<p>Keywords: <a href=\"https:\/\/wein-werte.com\/de\/shop\/?swoof=1&#038;pa_producer=Moric\">Moric<\/a> <a href=\"https:\/\/wein-werte.com\/de\/shop\/?swoof=1&#038;woof_text=Lutzmannsburg, Alte Reben\">Lutzmannsburg, Alte Reben<\/a> 2020  <a href=\"https:\/\/wein-werte.com\/de\/shop\/?swoof=1&#038;pa_region=Burgenland\/Neusiedlersee\">Burgenland\/Neusiedlersee<\/a> <a href=\"https:\/\/wein-werte.com\/de\/shop\/?swoof=1&#038;pa_country=\u00d6sterreich\">\u00d6sterreich<\/a><\/p>\n<h3>Wine Advocate<\/h3>\n<p>Punkte: 96+<\/p>\n<p>Der Blaufr\u00e4nkisch Burgenland 2020 Lutzmannsburg Alte Reben stammt von den \u00e4ltesten Rebst\u00f6cken in Lutzmannsburg, zu denen neben den drei 2019 ausgew\u00e4hlten Lagen auch weitere Lagen geh\u00f6ren, die zu klein sind, um sie separat zu vermarkten. Dieser Wein bietet die Reife, Fruchtintensit\u00e4t und Konzentration, f\u00fcr die Moric seit fast 20 Jahren bekannt ist. Im Vergleich zu den Lagen ist der Wein weniger pr\u00e4zise und transparent, daf\u00fcr aber dicht und komplex in der Nase (und am Gaumen), \u00e4therisch und w\u00fcrzig und schreit sofort nach einer Dekantierung. Hier ist der Wein reichhaltig, strukturiert und elegant und entfaltet seine Gr\u00f6\u00dfe erst im Abgang, der die Konzentration und Kraft des ersten Gaumens f\u00fcr Reinheit, mineralische Frische und unendliche Salzigkeit freigibt. Tannine, S\u00e4ure und Phenole sowie K\u00f6rper und Konzentration sind hier in einem hervorragenden Gleichgewicht, doch in diesem fr\u00fchen Stadium braucht der Wein viel Raum und Zeit zum Atmen und um seine Geheimnisse Schritt f\u00fcr Schritt preiszugeben. Dieser Wein ist definitiv ein Wein, der sich jahrelang lagern l\u00e4sst, genau wie der Clos Nouveau Bourgueil von Gauthier. Das bedeutet, dass dieser Lutzmannsburger aus alten Reben in 10 Jahren ein noch besseres Trinkerlebnis bieten k\u00f6nnte. Ich w\u00fcrde ihn mir nicht entgehen lassen. 13,5 % Vol. Alkoholgehalt. Verkostet im Dezember 2022 in Lech.<br \/>Stephan Reinhardt<\/p>\n<p>Internetseite des Weinguts: <a href=\"http:\/\/www.moric.at\/\" target=\"_blank\">http:\/\/www.moric.at\/<\/a><\/p>\n","protected":false},"excerpt":{"rendered":"<p>Lieferzeit: 1 bis 2 Arbeitstage (DE), 2 bis 5 Arbeitstage (EU and CH)<\/p>\n","protected":false},"featured_media":1138638,"template":"","meta":[],"product_brand":[],"product_cat":[19],"product_tag":[],"class_list":{"0":"post-1126501","1":"product","2":"type-product","3":"status-publish","4":"has-post-thumbnail","6":"product_cat-unkategorisiert","7":"pa_alcohol-for-filter-12897","8":"pa_certified-biodynamic-nein-de","9":"pa_certified-organic-nein-de","10":"pa_colour-rot","11":"pa_country-osterreich","12":"pa_grape-blaufrankisch-lemberger","13":"pa_parker-points-for-filter-96-de-2","14":"pa_price-for-filter-10633","15":"pa_producer-moric","16":"pa_region-burgenland-neusiedlersee","17":"pa_size-ml-6584","18":"pa_sweetness-trocken-de","19":"pa_type-2-still-de","20":"pa_vintage-2020-de","21":"entry","22":"has-media","24":"first","25":"instock","26":"taxable","27":"shipping-taxable","28":"purchasable","29":"product-type-simple"},"yoast_head":"<!-- This site is optimized with the Yoast SEO plugin v27.5 - https:\/\/yoast.com\/product\/yoast-seo-wordpress\/ -->\n<title>Moric Lutzmannsburg Alte Reben 2020<\/title>\n<meta name=\"description\" content=\"Kaufe Moric Lutzmannsburg Alte Reben 2020 (Blaufr\u00e4nkisch, trocken aus Burgenland\/Neusiedlersee, \u00d6sterreich) bei Wein Werte, Ihrem nachhaltigen Onlineshop.\" \/>\n<meta name=\"robots\" content=\"index, follow, max-snippet:-1, max-image-preview:large, max-video-preview:-1\" \/>\n<link rel=\"canonical\" href=\"https:\/\/wein-werte.com\/de\/produkt\/moric-lutzmannsburg-alte-reben-2020-750ml\/\" \/>\n<meta property=\"og:locale\" content=\"de_DE\" \/>\n<meta property=\"og:type\" content=\"article\" \/>\n<meta property=\"og:title\" content=\"Moric Lutzmannsburg Alte Reben 2020\" \/>\n<meta property=\"og:description\" content=\"Kaufe Moric Lutzmannsburg Alte Reben 2020 (Blaufr\u00e4nkisch, trocken aus Burgenland\/Neusiedlersee, \u00d6sterreich) bei Wein Werte, Ihrem nachhaltigen Onlineshop.\" \/>\n<meta property=\"og:url\" content=\"https:\/\/wein-werte.com\/de\/produkt\/moric-lutzmannsburg-alte-reben-2020-750ml\/\" \/>\n<meta property=\"og:site_name\" content=\"Wein Werte\" \/>\n<meta property=\"og:image\" content=\"https:\/\/wein-werte.com\/wp-content\/uploads\/2026\/04\/Moric-Lutzmannsburg-Alte-Reben-2020-750ml.png\" \/>\n\t<meta property=\"og:image:width\" content=\"314\" \/>\n\t<meta property=\"og:image:height\" content=\"1200\" \/>\n\t<meta property=\"og:image:type\" content=\"image\/png\" \/>\n<meta name=\"twitter:card\" content=\"summary_large_image\" \/>\n<meta name=\"twitter:label1\" content=\"Gesch\u00e4tzte Lesezeit\" \/>\n\t<meta name=\"twitter:data1\" content=\"3\u00a0Minuten\" \/>\n<script type=\"application\/ld+json\" class=\"yoast-schema-graph\">{\"@context\":\"https:\\\/\\\/schema.org\",\"@graph\":[{\"@type\":\"WebPage\",\"@id\":\"https:\\\/\\\/wein-werte.com\\\/de\\\/produkt\\\/moric-lutzmannsburg-alte-reben-2020-750ml\\\/\",\"url\":\"https:\\\/\\\/wein-werte.com\\\/de\\\/produkt\\\/moric-lutzmannsburg-alte-reben-2020-750ml\\\/\",\"name\":\"Moric Lutzmannsburg Alte Reben 2020\",\"isPartOf\":{\"@id\":\"https:\\\/\\\/wein-werte.com\\\/de\\\/#website\"},\"primaryImageOfPage\":{\"@id\":\"https:\\\/\\\/wein-werte.com\\\/de\\\/produkt\\\/moric-lutzmannsburg-alte-reben-2020-750ml\\\/#primaryimage\"},\"image\":{\"@id\":\"https:\\\/\\\/wein-werte.com\\\/de\\\/produkt\\\/moric-lutzmannsburg-alte-reben-2020-750ml\\\/#primaryimage\"},\"thumbnailUrl\":\"https:\\\/\\\/wein-werte.com\\\/wp-content\\\/uploads\\\/2026\\\/04\\\/Moric-Lutzmannsburg-Alte-Reben-2020-750ml.png\",\"datePublished\":\"2026-05-05T16:18:05+00:00\",\"description\":\"Kaufe Moric Lutzmannsburg Alte Reben 2020 (Blaufr\u00e4nkisch, trocken aus Burgenland\\\/Neusiedlersee, \u00d6sterreich) bei Wein Werte, Ihrem nachhaltigen Onlineshop.\",\"breadcrumb\":{\"@id\":\"https:\\\/\\\/wein-werte.com\\\/de\\\/produkt\\\/moric-lutzmannsburg-alte-reben-2020-750ml\\\/#breadcrumb\"},\"inLanguage\":\"de\",\"potentialAction\":[{\"@type\":\"ReadAction\",\"target\":[\"https:\\\/\\\/wein-werte.com\\\/de\\\/produkt\\\/moric-lutzmannsburg-alte-reben-2020-750ml\\\/\"]}]},{\"@type\":\"ImageObject\",\"inLanguage\":\"de\",\"@id\":\"https:\\\/\\\/wein-werte.com\\\/de\\\/produkt\\\/moric-lutzmannsburg-alte-reben-2020-750ml\\\/#primaryimage\",\"url\":\"https:\\\/\\\/wein-werte.com\\\/wp-content\\\/uploads\\\/2026\\\/04\\\/Moric-Lutzmannsburg-Alte-Reben-2020-750ml.png\",\"contentUrl\":\"https:\\\/\\\/wein-werte.com\\\/wp-content\\\/uploads\\\/2026\\\/04\\\/Moric-Lutzmannsburg-Alte-Reben-2020-750ml.png\",\"width\":314,\"height\":1200,\"caption\":\"Moric Lutzmannsburg, Alte Reben 2020 750ml\"},{\"@type\":\"BreadcrumbList\",\"@id\":\"https:\\\/\\\/wein-werte.com\\\/de\\\/produkt\\\/moric-lutzmannsburg-alte-reben-2020-750ml\\\/#breadcrumb\",\"itemListElement\":[{\"@type\":\"ListItem\",\"position\":1,\"name\":\"Home\",\"item\":\"https:\\\/\\\/wein-werte.com\\\/de\\\/\"},{\"@type\":\"ListItem\",\"position\":2,\"name\":\"Shop\",\"item\":\"https:\\\/\\\/wein-werte.com\\\/de\\\/shop\\\/\"},{\"@type\":\"ListItem\",\"position\":3,\"name\":\"Moric | Burgenland\\\/Neusiedlersee | Lutzmannsburg, Alte Reben | 2020 | 750ml\"}]},{\"@type\":\"WebSite\",\"@id\":\"https:\\\/\\\/wein-werte.com\\\/de\\\/#website\",\"url\":\"https:\\\/\\\/wein-werte.com\\\/de\\\/\",\"name\":\"Wein Werte\",\"description\":\"\",\"publisher\":{\"@id\":\"https:\\\/\\\/wein-werte.com\\\/de\\\/#organization\"},\"potentialAction\":[{\"@type\":\"SearchAction\",\"target\":{\"@type\":\"EntryPoint\",\"urlTemplate\":\"https:\\\/\\\/wein-werte.com\\\/de\\\/?s={search_term_string}\"},\"query-input\":{\"@type\":\"PropertyValueSpecification\",\"valueRequired\":true,\"valueName\":\"search_term_string\"}}],\"inLanguage\":\"de\"},{\"@type\":\"Organization\",\"@id\":\"https:\\\/\\\/wein-werte.com\\\/de\\\/#organization\",\"name\":\"Vins Fins Thorrold\",\"url\":\"https:\\\/\\\/wein-werte.com\\\/de\\\/\",\"logo\":{\"@type\":\"ImageObject\",\"inLanguage\":\"de\",\"@id\":\"https:\\\/\\\/wein-werte.com\\\/de\\\/#\\\/schema\\\/logo\\\/image\\\/\",\"url\":\"https:\\\/\\\/wein-werte.com\\\/wp-content\\\/uploads\\\/2023\\\/07\\\/Wein_werte_Logo700-1.png\",\"contentUrl\":\"https:\\\/\\\/wein-werte.com\\\/wp-content\\\/uploads\\\/2023\\\/07\\\/Wein_werte_Logo700-1.png\",\"width\":700,\"height\":272,\"caption\":\"Vins Fins Thorrold\"},\"image\":{\"@id\":\"https:\\\/\\\/wein-werte.com\\\/de\\\/#\\\/schema\\\/logo\\\/image\\\/\"}}]}<\/script>\n<!-- \/ Yoast SEO plugin. -->","yoast_head_json":{"title":"Moric Lutzmannsburg Alte Reben 2020","description":"Kaufe Moric Lutzmannsburg Alte Reben 2020 (Blaufr\u00e4nkisch, trocken aus Burgenland\/Neusiedlersee, \u00d6sterreich) bei Wein Werte, Ihrem nachhaltigen Onlineshop.","robots":{"index":"index","follow":"follow","max-snippet":"max-snippet:-1","max-image-preview":"max-image-preview:large","max-video-preview":"max-video-preview:-1"},"canonical":"https:\/\/wein-werte.com\/de\/produkt\/moric-lutzmannsburg-alte-reben-2020-750ml\/","og_locale":"de_DE","og_type":"article","og_title":"Moric Lutzmannsburg Alte Reben 2020","og_description":"Kaufe Moric Lutzmannsburg Alte Reben 2020 (Blaufr\u00e4nkisch, trocken aus Burgenland\/Neusiedlersee, \u00d6sterreich) bei Wein Werte, Ihrem nachhaltigen Onlineshop.","og_url":"https:\/\/wein-werte.com\/de\/produkt\/moric-lutzmannsburg-alte-reben-2020-750ml\/","og_site_name":"Wein Werte","og_image":[{"width":314,"height":1200,"url":"https:\/\/wein-werte.com\/wp-content\/uploads\/2026\/04\/Moric-Lutzmannsburg-Alte-Reben-2020-750ml.png","type":"image\/png"}],"twitter_card":"summary_large_image","twitter_misc":{"Gesch\u00e4tzte Lesezeit":"3\u00a0Minuten"},"schema":{"@context":"https:\/\/schema.org","@graph":[{"@type":"WebPage","@id":"https:\/\/wein-werte.com\/de\/produkt\/moric-lutzmannsburg-alte-reben-2020-750ml\/","url":"https:\/\/wein-werte.com\/de\/produkt\/moric-lutzmannsburg-alte-reben-2020-750ml\/","name":"Moric Lutzmannsburg Alte Reben 2020","isPartOf":{"@id":"https:\/\/wein-werte.com\/de\/#website"},"primaryImageOfPage":{"@id":"https:\/\/wein-werte.com\/de\/produkt\/moric-lutzmannsburg-alte-reben-2020-750ml\/#primaryimage"},"image":{"@id":"https:\/\/wein-werte.com\/de\/produkt\/moric-lutzmannsburg-alte-reben-2020-750ml\/#primaryimage"},"thumbnailUrl":"https:\/\/wein-werte.com\/wp-content\/uploads\/2026\/04\/Moric-Lutzmannsburg-Alte-Reben-2020-750ml.png","datePublished":"2026-05-05T16:18:05+00:00","description":"Kaufe Moric Lutzmannsburg Alte Reben 2020 (Blaufr\u00e4nkisch, trocken aus Burgenland\/Neusiedlersee, \u00d6sterreich) bei Wein Werte, Ihrem nachhaltigen Onlineshop.","breadcrumb":{"@id":"https:\/\/wein-werte.com\/de\/produkt\/moric-lutzmannsburg-alte-reben-2020-750ml\/#breadcrumb"},"inLanguage":"de","potentialAction":[{"@type":"ReadAction","target":["https:\/\/wein-werte.com\/de\/produkt\/moric-lutzmannsburg-alte-reben-2020-750ml\/"]}]},{"@type":"ImageObject","inLanguage":"de","@id":"https:\/\/wein-werte.com\/de\/produkt\/moric-lutzmannsburg-alte-reben-2020-750ml\/#primaryimage","url":"https:\/\/wein-werte.com\/wp-content\/uploads\/2026\/04\/Moric-Lutzmannsburg-Alte-Reben-2020-750ml.png","contentUrl":"https:\/\/wein-werte.com\/wp-content\/uploads\/2026\/04\/Moric-Lutzmannsburg-Alte-Reben-2020-750ml.png","width":314,"height":1200,"caption":"Moric Lutzmannsburg, Alte Reben 2020 750ml"},{"@type":"BreadcrumbList","@id":"https:\/\/wein-werte.com\/de\/produkt\/moric-lutzmannsburg-alte-reben-2020-750ml\/#breadcrumb","itemListElement":[{"@type":"ListItem","position":1,"name":"Home","item":"https:\/\/wein-werte.com\/de\/"},{"@type":"ListItem","position":2,"name":"Shop","item":"https:\/\/wein-werte.com\/de\/shop\/"},{"@type":"ListItem","position":3,"name":"Moric | Burgenland\/Neusiedlersee | Lutzmannsburg, Alte Reben | 2020 | 750ml"}]},{"@type":"WebSite","@id":"https:\/\/wein-werte.com\/de\/#website","url":"https:\/\/wein-werte.com\/de\/","name":"Wein Werte","description":"","publisher":{"@id":"https:\/\/wein-werte.com\/de\/#organization"},"potentialAction":[{"@type":"SearchAction","target":{"@type":"EntryPoint","urlTemplate":"https:\/\/wein-werte.com\/de\/?s={search_term_string}"},"query-input":{"@type":"PropertyValueSpecification","valueRequired":true,"valueName":"search_term_string"}}],"inLanguage":"de"},{"@type":"Organization","@id":"https:\/\/wein-werte.com\/de\/#organization","name":"Vins Fins Thorrold","url":"https:\/\/wein-werte.com\/de\/","logo":{"@type":"ImageObject","inLanguage":"de","@id":"https:\/\/wein-werte.com\/de\/#\/schema\/logo\/image\/","url":"https:\/\/wein-werte.com\/wp-content\/uploads\/2023\/07\/Wein_werte_Logo700-1.png","contentUrl":"https:\/\/wein-werte.com\/wp-content\/uploads\/2023\/07\/Wein_werte_Logo700-1.png","width":700,"height":272,"caption":"Vins Fins Thorrold"},"image":{"@id":"https:\/\/wein-werte.com\/de\/#\/schema\/logo\/image\/"}}]}},"_links":{"self":[{"href":"https:\/\/wein-werte.com\/de\/wp-json\/wp\/v2\/product\/1126501","targetHints":{"allow":["GET"]}}],"collection":[{"href":"https:\/\/wein-werte.com\/de\/wp-json\/wp\/v2\/product"}],"about":[{"href":"https:\/\/wein-werte.com\/de\/wp-json\/wp\/v2\/types\/product"}],"wp:featuredmedia":[{"embeddable":true,"href":"https:\/\/wein-werte.com\/de\/wp-json\/wp\/v2\/media\/1138638"}],"wp:attachment":[{"href":"https:\/\/wein-werte.com\/de\/wp-json\/wp\/v2\/media?parent=1126501"}],"wp:term":[{"taxonomy":"product_brand","embeddable":true,"href":"https:\/\/wein-werte.com\/de\/wp-json\/wp\/v2\/product_brand?post=1126501"},{"taxonomy":"product_cat","embeddable":true,"href":"https:\/\/wein-werte.com\/de\/wp-json\/wp\/v2\/product_cat?post=1126501"},{"taxonomy":"product_tag","embeddable":true,"href":"https:\/\/wein-werte.com\/de\/wp-json\/wp\/v2\/product_tag?post=1126501"}],"curies":[{"name":"wp","href":"https:\/\/api.w.org\/{rel}","templated":true}]}}