{"id":1126490,"date":"2026-05-08T19:55:21","date_gmt":"2026-05-08T17:55:21","guid":{"rendered":"https:\/\/wein-werte.com\/product\/moric-hidden-treasures-nr-2-somlo-kis-tamas-2021-750ml\/"},"modified":"2026-05-01T23:38:46","modified_gmt":"2026-05-01T21:38:46","slug":"moric-hidden-treasures-nr-2-somlo-kis-tamas-2021-750ml","status":"publish","type":"product","link":"https:\/\/wein-werte.com\/de\/produkt\/moric-hidden-treasures-nr-2-somlo-kis-tamas-2021-750ml\/","title":{"rendered":"Moric | Soml\u00f3 | Hidden Treasures Nr.2 Somlo, Kis Tamas | 2021 | 750ml"},"content":{"rendered":"<p>Produktbeschreibung f\u00fcr Moric Hidden Treasures Nr.2 Somlo, Kis Tamas 2021 <\/p>\n<p> Hidden Treasures ist ein Projekt von Roland Velich, Moric. Zusammen mit Partner Winzern aus Ungarn m\u00f6chte er die Sch\u00e4tze Ungarns in die Weinwelt zur\u00fcck bringen. Das Projekt Nummer 2 realisierte Velich n\u00f6rdlich des Balaton zusammen mit Kis Tam\u00e1s aus Nagy-Soml\u00f3. Der Wein ist eine Cuv\u00e9e aus Lindenbl\u00e4ttrigem (H\u00e1rslevel\u00fc), Furmint und Welschriesling und wurde im gro\u00dfen Holz ausgebaut. <\/p>\n<h5>Farbe<\/h5>\n<p> Strohgelb mit silbern auslaufendem Rand. <\/p>\n<h5>Nase<\/h5>\n<p> Die Nase quasi programmatisch nach Lindenbl\u00fctentee, Kernobst wie \u00c4pfeln, Birnen und puscheligen Quitten. Flankiert von frischen K\u00fcchenkr\u00e4utern wie Kerbel und Borretsch hat er eine distinktiv saline Seite, die an nasse Tafelkreide und dank seiner filigranen Reduktion an Flintstein erinnert. Pr\u00e4zise, klar und unverschn\u00f6rkelt avisiert die Nase einen aufrechten Schluck. <\/p>\n<h5>Mund<\/h5>\n<p> Im Antrunk ist der 2021 Hidden Treasures Nr. 2 Somlo, feat. Kis Tamas und Moric straff mit festem Biss und vertikalem Charakter. Mit seidigem Schmelz und pikanter W\u00fcrze spannt sich der aromatische Bogen vom Antrunk bis ins lange Finish. Die herbe Phenolik schmiegt sich an die agile S\u00e4ure, der salzige Charakter des Weine befeuert das karge Understatement des Weines. Fokussiert, klar und gradlinig fliesst er seinem k\u00fchlen Finish entgegen.<\/p>\n<p>Copyright Vinaturel 2025<\/p>\n<p>Keywords: <a href=\"https:\/\/wein-werte.com\/de\/shop\/?swoof=1&#038;pa_producer=Moric\">Moric<\/a> <a href=\"https:\/\/wein-werte.com\/de\/shop\/?swoof=1&#038;woof_text=Hidden Treasures Nr.2 Somlo, Kis Tamas\">Hidden Treasures Nr.2 Somlo, Kis Tamas<\/a> 2021  <a href=\"https:\/\/wein-werte.com\/de\/shop\/?swoof=1&#038;pa_region=Soml\u00f3\">Soml\u00f3<\/a> <a href=\"https:\/\/wein-werte.com\/de\/shop\/?swoof=1&#038;pa_country=Ungarn\">Ungarn<\/a><\/p>\n<p>Internetseite des Weinguts: <a href=\"http:\/\/www.moric.at\/\" target=\"_blank\">http:\/\/www.moric.at\/<\/a><\/p>\n","protected":false},"excerpt":{"rendered":"<p>Lieferzeit: 1 bis 2 Arbeitstage (DE), 2 bis 5 Arbeitstage (EU and CH)<\/p>\n","protected":false},"featured_media":1138630,"template":"","meta":[],"product_brand":[],"product_cat":[19],"product_tag":[],"class_list":{"0":"post-1126490","1":"product","2":"type-product","3":"status-publish","4":"has-post-thumbnail","6":"product_cat-unkategorisiert","7":"pa_alcohol-for-filter-12897","8":"pa_certified-biodynamic-nein-de","9":"pa_certified-organic-nein-de","10":"pa_colour-weiss","11":"pa_country-ungarn","12":"pa_grape-furmint-cuvee","13":"pa_price-for-filter-10582","14":"pa_producer-moric","15":"pa_region-somlo","16":"pa_size-ml-6584","17":"pa_sweetness-trocken-de","18":"pa_type-2-still-de","19":"pa_vintage-2021-de","20":"entry","21":"has-media","23":"first","24":"instock","25":"taxable","26":"shipping-taxable","27":"purchasable","28":"product-type-simple"},"yoast_head":"<!-- This site is optimized with the Yoast SEO plugin v27.5 - https:\/\/yoast.com\/product\/yoast-seo-wordpress\/ -->\n<title>Moric Hidden Treasures Nr.2 Somlo Kis Tamas 2021<\/title>\n<meta name=\"description\" content=\"Kaufe Moric Hidden Treasures Nr.2 Somlo Kis Tamas 2021 (Furmint Cuv\u00e9e, trocken aus Soml\u00f3, Ungarn) bei Wein Werte, Ihrem nachhaltigen Onlineshop.\" \/>\n<meta name=\"robots\" content=\"index, follow, max-snippet:-1, max-image-preview:large, max-video-preview:-1\" \/>\n<link rel=\"canonical\" href=\"https:\/\/wein-werte.com\/de\/produkt\/moric-hidden-treasures-nr-2-somlo-kis-tamas-2021-750ml\/\" \/>\n<meta property=\"og:locale\" content=\"de_DE\" \/>\n<meta property=\"og:type\" content=\"article\" \/>\n<meta property=\"og:title\" content=\"Moric Hidden Treasures Nr.2 Somlo Kis Tamas 2021\" \/>\n<meta property=\"og:description\" content=\"Kaufe Moric Hidden Treasures Nr.2 Somlo Kis Tamas 2021 (Furmint Cuv\u00e9e, trocken aus Soml\u00f3, Ungarn) bei Wein Werte, Ihrem nachhaltigen Onlineshop.\" \/>\n<meta property=\"og:url\" content=\"https:\/\/wein-werte.com\/de\/produkt\/moric-hidden-treasures-nr-2-somlo-kis-tamas-2021-750ml\/\" \/>\n<meta property=\"og:site_name\" content=\"Wein Werte\" \/>\n<meta property=\"og:image\" content=\"https:\/\/wein-werte.com\/wp-content\/uploads\/2026\/04\/Moric-Hidden-Treasures-Nr.2-Somlo-Kis-Tamas-2021-750ml.png\" \/>\n\t<meta property=\"og:image:width\" content=\"318\" \/>\n\t<meta property=\"og:image:height\" content=\"1200\" \/>\n\t<meta property=\"og:image:type\" content=\"image\/png\" \/>\n<meta name=\"twitter:card\" content=\"summary_large_image\" \/>\n<meta name=\"twitter:label1\" content=\"Gesch\u00e4tzte Lesezeit\" \/>\n\t<meta name=\"twitter:data1\" content=\"1\u00a0Minute\" \/>\n<script type=\"application\/ld+json\" class=\"yoast-schema-graph\">{\"@context\":\"https:\\\/\\\/schema.org\",\"@graph\":[{\"@type\":\"WebPage\",\"@id\":\"https:\\\/\\\/wein-werte.com\\\/de\\\/produkt\\\/moric-hidden-treasures-nr-2-somlo-kis-tamas-2021-750ml\\\/\",\"url\":\"https:\\\/\\\/wein-werte.com\\\/de\\\/produkt\\\/moric-hidden-treasures-nr-2-somlo-kis-tamas-2021-750ml\\\/\",\"name\":\"Moric Hidden Treasures Nr.2 Somlo Kis Tamas 2021\",\"isPartOf\":{\"@id\":\"https:\\\/\\\/wein-werte.com\\\/de\\\/#website\"},\"primaryImageOfPage\":{\"@id\":\"https:\\\/\\\/wein-werte.com\\\/de\\\/produkt\\\/moric-hidden-treasures-nr-2-somlo-kis-tamas-2021-750ml\\\/#primaryimage\"},\"image\":{\"@id\":\"https:\\\/\\\/wein-werte.com\\\/de\\\/produkt\\\/moric-hidden-treasures-nr-2-somlo-kis-tamas-2021-750ml\\\/#primaryimage\"},\"thumbnailUrl\":\"https:\\\/\\\/wein-werte.com\\\/wp-content\\\/uploads\\\/2026\\\/04\\\/Moric-Hidden-Treasures-Nr.2-Somlo-Kis-Tamas-2021-750ml.png\",\"datePublished\":\"2026-05-08T17:55:21+00:00\",\"description\":\"Kaufe Moric Hidden Treasures Nr.2 Somlo Kis Tamas 2021 (Furmint Cuv\u00e9e, trocken aus Soml\u00f3, Ungarn) bei Wein Werte, Ihrem nachhaltigen Onlineshop.\",\"breadcrumb\":{\"@id\":\"https:\\\/\\\/wein-werte.com\\\/de\\\/produkt\\\/moric-hidden-treasures-nr-2-somlo-kis-tamas-2021-750ml\\\/#breadcrumb\"},\"inLanguage\":\"de\",\"potentialAction\":[{\"@type\":\"ReadAction\",\"target\":[\"https:\\\/\\\/wein-werte.com\\\/de\\\/produkt\\\/moric-hidden-treasures-nr-2-somlo-kis-tamas-2021-750ml\\\/\"]}]},{\"@type\":\"ImageObject\",\"inLanguage\":\"de\",\"@id\":\"https:\\\/\\\/wein-werte.com\\\/de\\\/produkt\\\/moric-hidden-treasures-nr-2-somlo-kis-tamas-2021-750ml\\\/#primaryimage\",\"url\":\"https:\\\/\\\/wein-werte.com\\\/wp-content\\\/uploads\\\/2026\\\/04\\\/Moric-Hidden-Treasures-Nr.2-Somlo-Kis-Tamas-2021-750ml.png\",\"contentUrl\":\"https:\\\/\\\/wein-werte.com\\\/wp-content\\\/uploads\\\/2026\\\/04\\\/Moric-Hidden-Treasures-Nr.2-Somlo-Kis-Tamas-2021-750ml.png\",\"width\":318,\"height\":1200,\"caption\":\"Moric Hidden Treasures Nr.2 Somlo, Kis Tamas 2021 750ml\"},{\"@type\":\"BreadcrumbList\",\"@id\":\"https:\\\/\\\/wein-werte.com\\\/de\\\/produkt\\\/moric-hidden-treasures-nr-2-somlo-kis-tamas-2021-750ml\\\/#breadcrumb\",\"itemListElement\":[{\"@type\":\"ListItem\",\"position\":1,\"name\":\"Home\",\"item\":\"https:\\\/\\\/wein-werte.com\\\/de\\\/\"},{\"@type\":\"ListItem\",\"position\":2,\"name\":\"Shop\",\"item\":\"https:\\\/\\\/wein-werte.com\\\/de\\\/shop\\\/\"},{\"@type\":\"ListItem\",\"position\":3,\"name\":\"Moric | Soml\u00f3 | Hidden Treasures Nr.2 Somlo, Kis Tamas | 2021 | 750ml\"}]},{\"@type\":\"WebSite\",\"@id\":\"https:\\\/\\\/wein-werte.com\\\/de\\\/#website\",\"url\":\"https:\\\/\\\/wein-werte.com\\\/de\\\/\",\"name\":\"Wein Werte\",\"description\":\"\",\"publisher\":{\"@id\":\"https:\\\/\\\/wein-werte.com\\\/de\\\/#organization\"},\"potentialAction\":[{\"@type\":\"SearchAction\",\"target\":{\"@type\":\"EntryPoint\",\"urlTemplate\":\"https:\\\/\\\/wein-werte.com\\\/de\\\/?s={search_term_string}\"},\"query-input\":{\"@type\":\"PropertyValueSpecification\",\"valueRequired\":true,\"valueName\":\"search_term_string\"}}],\"inLanguage\":\"de\"},{\"@type\":\"Organization\",\"@id\":\"https:\\\/\\\/wein-werte.com\\\/de\\\/#organization\",\"name\":\"Vins Fins Thorrold\",\"url\":\"https:\\\/\\\/wein-werte.com\\\/de\\\/\",\"logo\":{\"@type\":\"ImageObject\",\"inLanguage\":\"de\",\"@id\":\"https:\\\/\\\/wein-werte.com\\\/de\\\/#\\\/schema\\\/logo\\\/image\\\/\",\"url\":\"https:\\\/\\\/wein-werte.com\\\/wp-content\\\/uploads\\\/2023\\\/07\\\/Wein_werte_Logo700-1.png\",\"contentUrl\":\"https:\\\/\\\/wein-werte.com\\\/wp-content\\\/uploads\\\/2023\\\/07\\\/Wein_werte_Logo700-1.png\",\"width\":700,\"height\":272,\"caption\":\"Vins Fins Thorrold\"},\"image\":{\"@id\":\"https:\\\/\\\/wein-werte.com\\\/de\\\/#\\\/schema\\\/logo\\\/image\\\/\"}}]}<\/script>\n<!-- \/ Yoast SEO plugin. -->","yoast_head_json":{"title":"Moric Hidden Treasures Nr.2 Somlo Kis Tamas 2021","description":"Kaufe Moric Hidden Treasures Nr.2 Somlo Kis Tamas 2021 (Furmint Cuv\u00e9e, trocken aus Soml\u00f3, Ungarn) bei Wein Werte, Ihrem nachhaltigen Onlineshop.","robots":{"index":"index","follow":"follow","max-snippet":"max-snippet:-1","max-image-preview":"max-image-preview:large","max-video-preview":"max-video-preview:-1"},"canonical":"https:\/\/wein-werte.com\/de\/produkt\/moric-hidden-treasures-nr-2-somlo-kis-tamas-2021-750ml\/","og_locale":"de_DE","og_type":"article","og_title":"Moric Hidden Treasures Nr.2 Somlo Kis Tamas 2021","og_description":"Kaufe Moric Hidden Treasures Nr.2 Somlo Kis Tamas 2021 (Furmint Cuv\u00e9e, trocken aus Soml\u00f3, Ungarn) bei Wein Werte, Ihrem nachhaltigen Onlineshop.","og_url":"https:\/\/wein-werte.com\/de\/produkt\/moric-hidden-treasures-nr-2-somlo-kis-tamas-2021-750ml\/","og_site_name":"Wein Werte","og_image":[{"width":318,"height":1200,"url":"https:\/\/wein-werte.com\/wp-content\/uploads\/2026\/04\/Moric-Hidden-Treasures-Nr.2-Somlo-Kis-Tamas-2021-750ml.png","type":"image\/png"}],"twitter_card":"summary_large_image","twitter_misc":{"Gesch\u00e4tzte Lesezeit":"1\u00a0Minute"},"schema":{"@context":"https:\/\/schema.org","@graph":[{"@type":"WebPage","@id":"https:\/\/wein-werte.com\/de\/produkt\/moric-hidden-treasures-nr-2-somlo-kis-tamas-2021-750ml\/","url":"https:\/\/wein-werte.com\/de\/produkt\/moric-hidden-treasures-nr-2-somlo-kis-tamas-2021-750ml\/","name":"Moric Hidden Treasures Nr.2 Somlo Kis Tamas 2021","isPartOf":{"@id":"https:\/\/wein-werte.com\/de\/#website"},"primaryImageOfPage":{"@id":"https:\/\/wein-werte.com\/de\/produkt\/moric-hidden-treasures-nr-2-somlo-kis-tamas-2021-750ml\/#primaryimage"},"image":{"@id":"https:\/\/wein-werte.com\/de\/produkt\/moric-hidden-treasures-nr-2-somlo-kis-tamas-2021-750ml\/#primaryimage"},"thumbnailUrl":"https:\/\/wein-werte.com\/wp-content\/uploads\/2026\/04\/Moric-Hidden-Treasures-Nr.2-Somlo-Kis-Tamas-2021-750ml.png","datePublished":"2026-05-08T17:55:21+00:00","description":"Kaufe Moric Hidden Treasures Nr.2 Somlo Kis Tamas 2021 (Furmint Cuv\u00e9e, trocken aus Soml\u00f3, Ungarn) bei Wein Werte, Ihrem nachhaltigen Onlineshop.","breadcrumb":{"@id":"https:\/\/wein-werte.com\/de\/produkt\/moric-hidden-treasures-nr-2-somlo-kis-tamas-2021-750ml\/#breadcrumb"},"inLanguage":"de","potentialAction":[{"@type":"ReadAction","target":["https:\/\/wein-werte.com\/de\/produkt\/moric-hidden-treasures-nr-2-somlo-kis-tamas-2021-750ml\/"]}]},{"@type":"ImageObject","inLanguage":"de","@id":"https:\/\/wein-werte.com\/de\/produkt\/moric-hidden-treasures-nr-2-somlo-kis-tamas-2021-750ml\/#primaryimage","url":"https:\/\/wein-werte.com\/wp-content\/uploads\/2026\/04\/Moric-Hidden-Treasures-Nr.2-Somlo-Kis-Tamas-2021-750ml.png","contentUrl":"https:\/\/wein-werte.com\/wp-content\/uploads\/2026\/04\/Moric-Hidden-Treasures-Nr.2-Somlo-Kis-Tamas-2021-750ml.png","width":318,"height":1200,"caption":"Moric Hidden Treasures Nr.2 Somlo, Kis Tamas 2021 750ml"},{"@type":"BreadcrumbList","@id":"https:\/\/wein-werte.com\/de\/produkt\/moric-hidden-treasures-nr-2-somlo-kis-tamas-2021-750ml\/#breadcrumb","itemListElement":[{"@type":"ListItem","position":1,"name":"Home","item":"https:\/\/wein-werte.com\/de\/"},{"@type":"ListItem","position":2,"name":"Shop","item":"https:\/\/wein-werte.com\/de\/shop\/"},{"@type":"ListItem","position":3,"name":"Moric | Soml\u00f3 | Hidden Treasures Nr.2 Somlo, Kis Tamas | 2021 | 750ml"}]},{"@type":"WebSite","@id":"https:\/\/wein-werte.com\/de\/#website","url":"https:\/\/wein-werte.com\/de\/","name":"Wein Werte","description":"","publisher":{"@id":"https:\/\/wein-werte.com\/de\/#organization"},"potentialAction":[{"@type":"SearchAction","target":{"@type":"EntryPoint","urlTemplate":"https:\/\/wein-werte.com\/de\/?s={search_term_string}"},"query-input":{"@type":"PropertyValueSpecification","valueRequired":true,"valueName":"search_term_string"}}],"inLanguage":"de"},{"@type":"Organization","@id":"https:\/\/wein-werte.com\/de\/#organization","name":"Vins Fins Thorrold","url":"https:\/\/wein-werte.com\/de\/","logo":{"@type":"ImageObject","inLanguage":"de","@id":"https:\/\/wein-werte.com\/de\/#\/schema\/logo\/image\/","url":"https:\/\/wein-werte.com\/wp-content\/uploads\/2023\/07\/Wein_werte_Logo700-1.png","contentUrl":"https:\/\/wein-werte.com\/wp-content\/uploads\/2023\/07\/Wein_werte_Logo700-1.png","width":700,"height":272,"caption":"Vins Fins Thorrold"},"image":{"@id":"https:\/\/wein-werte.com\/de\/#\/schema\/logo\/image\/"}}]}},"_links":{"self":[{"href":"https:\/\/wein-werte.com\/de\/wp-json\/wp\/v2\/product\/1126490","targetHints":{"allow":["GET"]}}],"collection":[{"href":"https:\/\/wein-werte.com\/de\/wp-json\/wp\/v2\/product"}],"about":[{"href":"https:\/\/wein-werte.com\/de\/wp-json\/wp\/v2\/types\/product"}],"wp:featuredmedia":[{"embeddable":true,"href":"https:\/\/wein-werte.com\/de\/wp-json\/wp\/v2\/media\/1138630"}],"wp:attachment":[{"href":"https:\/\/wein-werte.com\/de\/wp-json\/wp\/v2\/media?parent=1126490"}],"wp:term":[{"taxonomy":"product_brand","embeddable":true,"href":"https:\/\/wein-werte.com\/de\/wp-json\/wp\/v2\/product_brand?post=1126490"},{"taxonomy":"product_cat","embeddable":true,"href":"https:\/\/wein-werte.com\/de\/wp-json\/wp\/v2\/product_cat?post=1126490"},{"taxonomy":"product_tag","embeddable":true,"href":"https:\/\/wein-werte.com\/de\/wp-json\/wp\/v2\/product_tag?post=1126490"}],"curies":[{"name":"wp","href":"https:\/\/api.w.org\/{rel}","templated":true}]}}