{"id":1126487,"date":"2026-05-05T18:18:05","date_gmt":"2026-05-05T16:18:05","guid":{"rendered":"https:\/\/wein-werte.com\/product\/moric-lutzmannsburg-alte-reben-2018-1500ml\/"},"modified":"2026-05-01T23:38:46","modified_gmt":"2026-05-01T21:38:46","slug":"moric-lutzmannsburg-alte-reben-2018-1500ml","status":"publish","type":"product","link":"https:\/\/wein-werte.com\/de\/produkt\/moric-lutzmannsburg-alte-reben-2018-1500ml\/","title":{"rendered":"Moric | Burgenland\/Neusiedlersee | Lutzmannsburg, Alte Reben | 2018 | 1500ml"},"content":{"rendered":"<p>Produktbeschreibung f\u00fcr Moric Lutzmannsburg, Alte Reben 2018  <\/p>\n<h5>Informationen zum Wein<\/h5>\n<p> Der Lutzmannsburg Alte Reben ist eine Blaufr\u00e4nkisch-Selektion aus den \u00e4ltesten und besten Gewannen. Das Lutzmannsburger Plateau entstand auf einem urzeitlichen Vulkan, auf dem sich im Laufe der Zeit unterschiedliche Schichten ablagerten. Man findet heute Sedimente des Pannonischen Meeres in Form von Kalksandstein, Lehm, Sand und Ton sowie Ablagerungen vulkanischen Ursprungs. F\u00fcr den 2018er Lutzmannsburg Alte Reben wurde aus sechs Parzellen selektioniert. Das Alter der Rebst\u00f6cke liegt zwischen 85 und 110 Jahren. Rund 20 % der Ernte wurden als ganze Trauben mit Rappen vergoren. Nach der spontanen Einleitung dauerte die Verg\u00e4rung in offenen Holzbottichen 23 bis 28 Tage. Nach einem sehr vorsichtigen Abpressen in 500- und 600-Liter-F\u00e4sser lag der Wein f\u00fcr elf Monate auf der vollen Hefe, wo die spontane malolaktische G\u00e4rung stattfand. Der erste Abzug erfolgte nach ca. einem Jahr. Danach reifte der Blaufr\u00e4nkisch weitere zw\u00f6lf Monate in 500-Liter-F\u00e4ssern. Gef\u00fcllt wurde Ende September 2019. Es gab keine Sch\u00f6nungen, keine Filtration und nur geringe Zus\u00e4tze an Sulfiten. <\/p>\n<h5>Farbe<\/h5>\n<p> tiefes Rot zwischen Rubin und Granat mit violetten Reflexen <\/p>\n<h5>Nase<\/h5>\n<p> Kr\u00e4uter, Holunderbeeren, Schwarzkirschen und Maulbeeren in Verbindung mit ein wenig Teer, Torf und Holz sind die Marker, an denen man aktuell das Potential dieses gro\u00dfen Burgenl\u00e4nders taxieren kann. Der Wein wirkt in seiner dunklen, facettenreichen Aromatik von Beginn an verf\u00fchrerisch. Er f\u00e4chert sich nach Stunden mit viel Luft noch einmal deutlich auf, zeigt immer mehr Beeren, Stein und Veilchenaromen. <\/p>\n<h5>Gaumen<\/h5>\n<p> Der 2018er Lutzmannsburg Alte Reben ist ein Wein, der nach vier Jahren schon sein volles Potential zeigt, aber eben auch genau das. Es ist einer, der idealerweise ein Jahrzehnt reifen sollte, auch wenn er jetzt schon so verf\u00fchrerisch ist. Er wirkt so dicht und gro\u00dfz\u00fcgig wie balanciert und pr\u00e4zise. Der Blaufr\u00e4nkisch pendelt zwischen roten und dunklen Beeren, Wildkr\u00e4utern, Stein und erdigen Noten, bietet viel Tannin, das aber wohldosiert, reif und elegant erscheint. Der Wein kleidet den Gaumen mit Samt und Seide aus und t\u00e4nzelt trotz der Tiefe und F\u00fclle, die er besitzt, auf der Zunge. Das ist jetzt schon gro\u00dfartig, wird mit der Zeit aber noch komplexer und in sich ruhender werden. Ein Wein f\u00fcr die n\u00e4chsten 20 und mehr Jahre.<\/p>\n<p>Copyright Vinaturel 2025<\/p>\n<p>Keywords: <a href=\"https:\/\/wein-werte.com\/de\/shop\/?swoof=1&#038;pa_producer=Moric\">Moric<\/a> <a href=\"https:\/\/wein-werte.com\/de\/shop\/?swoof=1&#038;woof_text=Lutzmannsburg, Alte Reben\">Lutzmannsburg, Alte Reben<\/a> 2018  <a href=\"https:\/\/wein-werte.com\/de\/shop\/?swoof=1&#038;pa_region=Burgenland\/Neusiedlersee\">Burgenland\/Neusiedlersee<\/a> <a href=\"https:\/\/wein-werte.com\/de\/shop\/?swoof=1&#038;pa_country=\u00d6sterreich\">\u00d6sterreich<\/a><\/p>\n<h3>Wine Advocate<\/h3>\n<p>Punkte: 94<\/p>\n<p>Der 2018er Lutzmannsburg Alte Reben er\u00f6ffnet mit einem reinen, aber intensiven, k\u00fchl-w\u00fcrzigen, sehr eleganten und definierten Duft nach zersto\u00dfenen Steinen (eher kristallin als Limette), Gew\u00fcrzen, Kr\u00e4utern und Pfeffer sowie dunklen Waldfr\u00fcchten, schwarzen Johannisbeeren, schwarzem Tee und Piment. Weich und charmant, aber dennoch seidig, raffiniert und k\u00fchl am Gaumen, ist dies ein vollmundiger, reichhaltiger und dennoch erstaunlich raffinierter und lebendiger Blaufr\u00e4nkisch aus einem sehr warmen Jahr. Die Tannine sind feink\u00f6rnig und vermischen sich mit salziger S\u00e4ure und der herben, dunklen Frucht, die weder s\u00fc\u00df noch charmant rund, sondern reif und sehr elegant \u2013 eben Blaufr\u00e4nkisch \u2013 ist. Der Abgang ist klar und reinigend, wenn auch zu diesem Zeitpunkt etwas adstringierend und animalisch, aber vielversprechend. Ich bevorzuge jedoch im Moment den 2019er, der runder, s\u00fc\u00dfer und saftiger ist. 13,5 % Alkoholgehalt. Naturkorken. Verkostet im April 2023.<br \/>Stephan Reinhardt<\/p>\n<p>Internetseite des Weinguts: <a href=\"http:\/\/www.moric.at\/\" target=\"_blank\">http:\/\/www.moric.at\/<\/a><\/p>\n","protected":false},"excerpt":{"rendered":"<p>Lieferzeit: 1 bis 2 Arbeitstage (DE), 2 bis 5 Arbeitstage (EU and CH)<\/p>\n","protected":false},"featured_media":1138628,"template":"","meta":[],"product_brand":[],"product_cat":[19],"product_tag":[],"class_list":{"0":"post-1126487","1":"product","2":"type-product","3":"status-publish","4":"has-post-thumbnail","6":"product_cat-unkategorisiert","7":"pa_alcohol-for-filter-13-5","8":"pa_certified-biodynamic-nein-de","9":"pa_certified-organic-nein-de","10":"pa_colour-rot","11":"pa_country-osterreich","12":"pa_grape-blaufrankisch-lemberger","13":"pa_parker-points-for-filter-94-de-2","14":"pa_price-for-filter-10643","15":"pa_producer-moric","16":"pa_region-burgenland-neusiedlersee","17":"pa_size-ml-6657","18":"pa_sweetness-trocken-de","19":"pa_type-2-still-de","20":"pa_vintage-2018-de","21":"entry","22":"has-media","24":"first","25":"instock","26":"taxable","27":"shipping-taxable","28":"purchasable","29":"product-type-simple"},"yoast_head":"<!-- This site is optimized with the Yoast SEO plugin v27.5 - https:\/\/yoast.com\/product\/yoast-seo-wordpress\/ -->\n<title>Moric Lutzmannsburg Alte Reben 2018, 1500ml<\/title>\n<meta name=\"description\" content=\"Kaufe Moric Lutzmannsburg Alte Reben 2018 (Blaufr\u00e4nkisch, trocken aus Burgenland\/Neusiedlersee, \u00d6sterreich) bei Wein Werte, Ihrem nachhaltigen Onlineshop.\" \/>\n<meta name=\"robots\" content=\"index, follow, max-snippet:-1, max-image-preview:large, max-video-preview:-1\" \/>\n<link rel=\"canonical\" href=\"https:\/\/wein-werte.com\/de\/produkt\/moric-lutzmannsburg-alte-reben-2018-1500ml\/\" \/>\n<meta property=\"og:locale\" content=\"de_DE\" \/>\n<meta property=\"og:type\" content=\"article\" \/>\n<meta property=\"og:title\" content=\"Moric Lutzmannsburg Alte Reben 2018, 1500ml\" \/>\n<meta property=\"og:description\" content=\"Kaufe Moric Lutzmannsburg Alte Reben 2018 (Blaufr\u00e4nkisch, trocken aus Burgenland\/Neusiedlersee, \u00d6sterreich) bei Wein Werte, Ihrem nachhaltigen Onlineshop.\" \/>\n<meta property=\"og:url\" content=\"https:\/\/wein-werte.com\/de\/produkt\/moric-lutzmannsburg-alte-reben-2018-1500ml\/\" \/>\n<meta property=\"og:site_name\" content=\"Wein Werte\" \/>\n<meta property=\"og:image\" content=\"https:\/\/wein-werte.com\/wp-content\/uploads\/2026\/04\/Moric-Lutzmannsburg-Alte-Reben-2018-1500ml.png\" \/>\n\t<meta property=\"og:image:width\" content=\"353\" \/>\n\t<meta property=\"og:image:height\" content=\"1200\" \/>\n\t<meta property=\"og:image:type\" content=\"image\/png\" \/>\n<meta name=\"twitter:card\" content=\"summary_large_image\" \/>\n<meta name=\"twitter:label1\" content=\"Gesch\u00e4tzte Lesezeit\" \/>\n\t<meta name=\"twitter:data1\" content=\"3\u00a0Minuten\" \/>\n<script type=\"application\/ld+json\" class=\"yoast-schema-graph\">{\"@context\":\"https:\\\/\\\/schema.org\",\"@graph\":[{\"@type\":\"WebPage\",\"@id\":\"https:\\\/\\\/wein-werte.com\\\/de\\\/produkt\\\/moric-lutzmannsburg-alte-reben-2018-1500ml\\\/\",\"url\":\"https:\\\/\\\/wein-werte.com\\\/de\\\/produkt\\\/moric-lutzmannsburg-alte-reben-2018-1500ml\\\/\",\"name\":\"Moric Lutzmannsburg Alte Reben 2018, 1500ml\",\"isPartOf\":{\"@id\":\"https:\\\/\\\/wein-werte.com\\\/de\\\/#website\"},\"primaryImageOfPage\":{\"@id\":\"https:\\\/\\\/wein-werte.com\\\/de\\\/produkt\\\/moric-lutzmannsburg-alte-reben-2018-1500ml\\\/#primaryimage\"},\"image\":{\"@id\":\"https:\\\/\\\/wein-werte.com\\\/de\\\/produkt\\\/moric-lutzmannsburg-alte-reben-2018-1500ml\\\/#primaryimage\"},\"thumbnailUrl\":\"https:\\\/\\\/wein-werte.com\\\/wp-content\\\/uploads\\\/2026\\\/04\\\/Moric-Lutzmannsburg-Alte-Reben-2018-1500ml.png\",\"datePublished\":\"2026-05-05T16:18:05+00:00\",\"description\":\"Kaufe Moric Lutzmannsburg Alte Reben 2018 (Blaufr\u00e4nkisch, trocken aus Burgenland\\\/Neusiedlersee, \u00d6sterreich) bei Wein Werte, Ihrem nachhaltigen Onlineshop.\",\"breadcrumb\":{\"@id\":\"https:\\\/\\\/wein-werte.com\\\/de\\\/produkt\\\/moric-lutzmannsburg-alte-reben-2018-1500ml\\\/#breadcrumb\"},\"inLanguage\":\"de\",\"potentialAction\":[{\"@type\":\"ReadAction\",\"target\":[\"https:\\\/\\\/wein-werte.com\\\/de\\\/produkt\\\/moric-lutzmannsburg-alte-reben-2018-1500ml\\\/\"]}]},{\"@type\":\"ImageObject\",\"inLanguage\":\"de\",\"@id\":\"https:\\\/\\\/wein-werte.com\\\/de\\\/produkt\\\/moric-lutzmannsburg-alte-reben-2018-1500ml\\\/#primaryimage\",\"url\":\"https:\\\/\\\/wein-werte.com\\\/wp-content\\\/uploads\\\/2026\\\/04\\\/Moric-Lutzmannsburg-Alte-Reben-2018-1500ml.png\",\"contentUrl\":\"https:\\\/\\\/wein-werte.com\\\/wp-content\\\/uploads\\\/2026\\\/04\\\/Moric-Lutzmannsburg-Alte-Reben-2018-1500ml.png\",\"width\":353,\"height\":1200,\"caption\":\"Moric Lutzmannsburg, Alte Reben 2018 1500ml\"},{\"@type\":\"BreadcrumbList\",\"@id\":\"https:\\\/\\\/wein-werte.com\\\/de\\\/produkt\\\/moric-lutzmannsburg-alte-reben-2018-1500ml\\\/#breadcrumb\",\"itemListElement\":[{\"@type\":\"ListItem\",\"position\":1,\"name\":\"Home\",\"item\":\"https:\\\/\\\/wein-werte.com\\\/de\\\/\"},{\"@type\":\"ListItem\",\"position\":2,\"name\":\"Shop\",\"item\":\"https:\\\/\\\/wein-werte.com\\\/de\\\/shop\\\/\"},{\"@type\":\"ListItem\",\"position\":3,\"name\":\"Moric | Burgenland\\\/Neusiedlersee | Lutzmannsburg, Alte Reben | 2018 | 1500ml\"}]},{\"@type\":\"WebSite\",\"@id\":\"https:\\\/\\\/wein-werte.com\\\/de\\\/#website\",\"url\":\"https:\\\/\\\/wein-werte.com\\\/de\\\/\",\"name\":\"Wein Werte\",\"description\":\"\",\"publisher\":{\"@id\":\"https:\\\/\\\/wein-werte.com\\\/de\\\/#organization\"},\"potentialAction\":[{\"@type\":\"SearchAction\",\"target\":{\"@type\":\"EntryPoint\",\"urlTemplate\":\"https:\\\/\\\/wein-werte.com\\\/de\\\/?s={search_term_string}\"},\"query-input\":{\"@type\":\"PropertyValueSpecification\",\"valueRequired\":true,\"valueName\":\"search_term_string\"}}],\"inLanguage\":\"de\"},{\"@type\":\"Organization\",\"@id\":\"https:\\\/\\\/wein-werte.com\\\/de\\\/#organization\",\"name\":\"Vins Fins Thorrold\",\"url\":\"https:\\\/\\\/wein-werte.com\\\/de\\\/\",\"logo\":{\"@type\":\"ImageObject\",\"inLanguage\":\"de\",\"@id\":\"https:\\\/\\\/wein-werte.com\\\/de\\\/#\\\/schema\\\/logo\\\/image\\\/\",\"url\":\"https:\\\/\\\/wein-werte.com\\\/wp-content\\\/uploads\\\/2023\\\/07\\\/Wein_werte_Logo700-1.png\",\"contentUrl\":\"https:\\\/\\\/wein-werte.com\\\/wp-content\\\/uploads\\\/2023\\\/07\\\/Wein_werte_Logo700-1.png\",\"width\":700,\"height\":272,\"caption\":\"Vins Fins Thorrold\"},\"image\":{\"@id\":\"https:\\\/\\\/wein-werte.com\\\/de\\\/#\\\/schema\\\/logo\\\/image\\\/\"}}]}<\/script>\n<!-- \/ Yoast SEO plugin. -->","yoast_head_json":{"title":"Moric Lutzmannsburg Alte Reben 2018, 1500ml","description":"Kaufe Moric Lutzmannsburg Alte Reben 2018 (Blaufr\u00e4nkisch, trocken aus Burgenland\/Neusiedlersee, \u00d6sterreich) bei Wein Werte, Ihrem nachhaltigen Onlineshop.","robots":{"index":"index","follow":"follow","max-snippet":"max-snippet:-1","max-image-preview":"max-image-preview:large","max-video-preview":"max-video-preview:-1"},"canonical":"https:\/\/wein-werte.com\/de\/produkt\/moric-lutzmannsburg-alte-reben-2018-1500ml\/","og_locale":"de_DE","og_type":"article","og_title":"Moric Lutzmannsburg Alte Reben 2018, 1500ml","og_description":"Kaufe Moric Lutzmannsburg Alte Reben 2018 (Blaufr\u00e4nkisch, trocken aus Burgenland\/Neusiedlersee, \u00d6sterreich) bei Wein Werte, Ihrem nachhaltigen Onlineshop.","og_url":"https:\/\/wein-werte.com\/de\/produkt\/moric-lutzmannsburg-alte-reben-2018-1500ml\/","og_site_name":"Wein Werte","og_image":[{"width":353,"height":1200,"url":"https:\/\/wein-werte.com\/wp-content\/uploads\/2026\/04\/Moric-Lutzmannsburg-Alte-Reben-2018-1500ml.png","type":"image\/png"}],"twitter_card":"summary_large_image","twitter_misc":{"Gesch\u00e4tzte Lesezeit":"3\u00a0Minuten"},"schema":{"@context":"https:\/\/schema.org","@graph":[{"@type":"WebPage","@id":"https:\/\/wein-werte.com\/de\/produkt\/moric-lutzmannsburg-alte-reben-2018-1500ml\/","url":"https:\/\/wein-werte.com\/de\/produkt\/moric-lutzmannsburg-alte-reben-2018-1500ml\/","name":"Moric Lutzmannsburg Alte Reben 2018, 1500ml","isPartOf":{"@id":"https:\/\/wein-werte.com\/de\/#website"},"primaryImageOfPage":{"@id":"https:\/\/wein-werte.com\/de\/produkt\/moric-lutzmannsburg-alte-reben-2018-1500ml\/#primaryimage"},"image":{"@id":"https:\/\/wein-werte.com\/de\/produkt\/moric-lutzmannsburg-alte-reben-2018-1500ml\/#primaryimage"},"thumbnailUrl":"https:\/\/wein-werte.com\/wp-content\/uploads\/2026\/04\/Moric-Lutzmannsburg-Alte-Reben-2018-1500ml.png","datePublished":"2026-05-05T16:18:05+00:00","description":"Kaufe Moric Lutzmannsburg Alte Reben 2018 (Blaufr\u00e4nkisch, trocken aus Burgenland\/Neusiedlersee, \u00d6sterreich) bei Wein Werte, Ihrem nachhaltigen Onlineshop.","breadcrumb":{"@id":"https:\/\/wein-werte.com\/de\/produkt\/moric-lutzmannsburg-alte-reben-2018-1500ml\/#breadcrumb"},"inLanguage":"de","potentialAction":[{"@type":"ReadAction","target":["https:\/\/wein-werte.com\/de\/produkt\/moric-lutzmannsburg-alte-reben-2018-1500ml\/"]}]},{"@type":"ImageObject","inLanguage":"de","@id":"https:\/\/wein-werte.com\/de\/produkt\/moric-lutzmannsburg-alte-reben-2018-1500ml\/#primaryimage","url":"https:\/\/wein-werte.com\/wp-content\/uploads\/2026\/04\/Moric-Lutzmannsburg-Alte-Reben-2018-1500ml.png","contentUrl":"https:\/\/wein-werte.com\/wp-content\/uploads\/2026\/04\/Moric-Lutzmannsburg-Alte-Reben-2018-1500ml.png","width":353,"height":1200,"caption":"Moric Lutzmannsburg, Alte Reben 2018 1500ml"},{"@type":"BreadcrumbList","@id":"https:\/\/wein-werte.com\/de\/produkt\/moric-lutzmannsburg-alte-reben-2018-1500ml\/#breadcrumb","itemListElement":[{"@type":"ListItem","position":1,"name":"Home","item":"https:\/\/wein-werte.com\/de\/"},{"@type":"ListItem","position":2,"name":"Shop","item":"https:\/\/wein-werte.com\/de\/shop\/"},{"@type":"ListItem","position":3,"name":"Moric | Burgenland\/Neusiedlersee | Lutzmannsburg, Alte Reben | 2018 | 1500ml"}]},{"@type":"WebSite","@id":"https:\/\/wein-werte.com\/de\/#website","url":"https:\/\/wein-werte.com\/de\/","name":"Wein Werte","description":"","publisher":{"@id":"https:\/\/wein-werte.com\/de\/#organization"},"potentialAction":[{"@type":"SearchAction","target":{"@type":"EntryPoint","urlTemplate":"https:\/\/wein-werte.com\/de\/?s={search_term_string}"},"query-input":{"@type":"PropertyValueSpecification","valueRequired":true,"valueName":"search_term_string"}}],"inLanguage":"de"},{"@type":"Organization","@id":"https:\/\/wein-werte.com\/de\/#organization","name":"Vins Fins Thorrold","url":"https:\/\/wein-werte.com\/de\/","logo":{"@type":"ImageObject","inLanguage":"de","@id":"https:\/\/wein-werte.com\/de\/#\/schema\/logo\/image\/","url":"https:\/\/wein-werte.com\/wp-content\/uploads\/2023\/07\/Wein_werte_Logo700-1.png","contentUrl":"https:\/\/wein-werte.com\/wp-content\/uploads\/2023\/07\/Wein_werte_Logo700-1.png","width":700,"height":272,"caption":"Vins Fins Thorrold"},"image":{"@id":"https:\/\/wein-werte.com\/de\/#\/schema\/logo\/image\/"}}]}},"_links":{"self":[{"href":"https:\/\/wein-werte.com\/de\/wp-json\/wp\/v2\/product\/1126487","targetHints":{"allow":["GET"]}}],"collection":[{"href":"https:\/\/wein-werte.com\/de\/wp-json\/wp\/v2\/product"}],"about":[{"href":"https:\/\/wein-werte.com\/de\/wp-json\/wp\/v2\/types\/product"}],"wp:featuredmedia":[{"embeddable":true,"href":"https:\/\/wein-werte.com\/de\/wp-json\/wp\/v2\/media\/1138628"}],"wp:attachment":[{"href":"https:\/\/wein-werte.com\/de\/wp-json\/wp\/v2\/media?parent=1126487"}],"wp:term":[{"taxonomy":"product_brand","embeddable":true,"href":"https:\/\/wein-werte.com\/de\/wp-json\/wp\/v2\/product_brand?post=1126487"},{"taxonomy":"product_cat","embeddable":true,"href":"https:\/\/wein-werte.com\/de\/wp-json\/wp\/v2\/product_cat?post=1126487"},{"taxonomy":"product_tag","embeddable":true,"href":"https:\/\/wein-werte.com\/de\/wp-json\/wp\/v2\/product_tag?post=1126487"}],"curies":[{"name":"wp","href":"https:\/\/api.w.org\/{rel}","templated":true}]}}