{"id":1126409,"date":"2026-05-12T16:19:09","date_gmt":"2026-05-12T14:19:09","guid":{"rendered":"https:\/\/wein-werte.com\/product\/tement-ried-sernau-konig-sauvignon-blanc-grosse-stk-lage-2021-750ml\/"},"modified":"2026-05-12T19:52:36","modified_gmt":"2026-05-12T17:52:36","slug":"tement-ried-sernau-konig-sauvignon-blanc-grosse-stk-lage-2021-750ml","status":"publish","type":"product","link":"https:\/\/wein-werte.com\/de\/produkt\/tement-ried-sernau-konig-sauvignon-blanc-grosse-stk-lage-2021-750ml\/","title":{"rendered":"Tement | S\u00fcdsteiermark | Ried Sernau K\u00f6nig Sauvignon Blanc, Gro\u00dfe STK Lage | 2021 | 750ml | bio"},"content":{"rendered":"<p>Produktbeschreibung f\u00fcr Tement Ried Sernau K\u00f6nig Sauvignon Blanc, Gro\u00dfe STK Lage 2021 (bio)<\/p>\n<p>Dieser Sauvignon Blanc stammt aus der<br \/>\nGro\u00dfen STK\u00ae-Lage Ried Sernau K\u00f6nig mit tiefgr\u00fcndigen, kalkfreien Schotterb\u00f6den<br \/>\n\u2013 ungew\u00f6hnlich f\u00fcr die Region und pr\u00e4gend f\u00fcr die aromatische Klarheit und<br \/>\nStruktur des Weines. Die 26 Jahre alten Reben werden biologisch bewirtschaftet<br \/>\n(AT-BIO-402) und liefern selektioniertes Traubenmaterial f\u00fcr einen Sauvignon<br \/>\nvon besonderer Reife und Langlebigkeit. Nach spontaner G\u00e4rung reifte der Wein<br \/>\n28 Monate auf der Feinhefe in gro\u00dfen Eichenf\u00e4ssern und wurde ohne Filtration<br \/>\nmit Glaskork gef\u00fcllt. Ein ausdrucksstarker, tiefgr\u00fcndiger Riedenwein mit gro\u00dfem<br \/>\nLagerpotenzial.<\/p>\n<h5>Farbe<\/h5>\n<p>Kr\u00e4ftiges<br \/>\nStrohgelb, silbern auslaufender Rand.<\/p>\n<p>\u00a0<\/p>\n<h5>Nase<\/h5>\n<p>Der<br \/>\n2021 Ried Sernau K\u00f6nig Sauvignon blanc von Tement er\u00f6ffnet in der Nase mit<br \/>\nprofunder Reduktion. Nach rabiatem Sturzkaraffieren zeigt er sich nach einiger<br \/>\nZeit der Besinnung offenherziger: Die zitrische Frucht wirkt wohlig warm und<br \/>\nschl\u00e4gt mehr in Richtung Orange, Zeste wie Bl\u00fcte, sowie ein generell<br \/>\ngelbfruchtiges Naturell. Maracujalaub, Tomatenblatt und gelbe Kiwi finden sich<br \/>\nebenso wie rote Stachelbeeren und pink Grapefruit. Wer seine G\u00e4ste mag, w\u00e4hlt<br \/>\ndie gro\u00dfen, mundgeblasenen Gl\u00e4ser.<\/p>\n<p>\u00a0<\/p>\n<h5>Mund<\/h5>\n<p>Mit<br \/>\ngeradezu schmerzhafter Pr\u00e4zision flie\u00dft der Wein auf die Zunge und elektrisiert<br \/>\nstehenden Fu\u00dfes den gesamten Gaumen. Mit enormer Vibration spannt sich die<br \/>\npikante S\u00e4ure vom Antrunk bis ins lange Finish und verbindet sich mit der<br \/>\ngriffig-herben Phenolik des Weines. Die verleiht ihm Kontur, R\u00fcckgrat und<br \/>\nHaltung \u2013 das alles gut gescheitelt und manik\u00fcrt, gekleidet in feinstem Zwirn.<br \/>\nZedrig-w\u00fcrzig mit zitrisch-herbem Grip und unglaublich vitalem Auftritt zeigt<br \/>\ner selbstbewusst die R\u00fccklichter. Trinkt sich \u00fcber Tage mit Qualit\u00e4tsgewinn.<\/p>\n<p>Copyright Vinaturel 2025<\/p>\n<p>Keywords: <a href=\"https:\/\/wein-werte.com\/de\/shop\/?swoof=1&#038;pa_producer=Tement\">Tement<\/a> <a href=\"https:\/\/wein-werte.com\/de\/shop\/?swoof=1&#038;woof_text=Ried Sernau K\u00f6nig Sauvignon Blanc, Gro\u00dfe STK Lage\">Ried Sernau K\u00f6nig Sauvignon Blanc, Gro\u00dfe STK Lage<\/a> 2021 bio <a href=\"https:\/\/wein-werte.com\/de\/shop\/?swoof=1&#038;pa_region=S\u00fcdsteiermark\">S\u00fcdsteiermark<\/a> <a href=\"https:\/\/wein-werte.com\/de\/shop\/?swoof=1&#038;pa_country=\u00d6sterreich\">\u00d6sterreich<\/a><\/p>\n<p>Internetseite des Weinguts: <a href=\"https:\/\/www.tement.at\/\" target=\"_blank\">https:\/\/www.tement.at\/<\/a><\/p>\n","protected":false},"excerpt":{"rendered":"<div style=\"font-size: 14px;\">\n<p>Lieferzeit: 1 bis 2 Arbeitstage (DE), 2 bis 5 Arbeitstage (EU und CH)<\/p>\n<p>Ungef\u00e4hrer Energiegehalt pro 125-ml-Glas: 110 kcal  (<a href=\"https:\/\/www.tement.at\/wp-content\/uploads\/2024\/02\/DB-Ried-Sernau-Koenig_SB_2021_D.pdf\"target=\"_blank\">vollst\u00e4ndige N\u00e4hrwertangaben<\/a>)<\/p>\n<\/p><\/div>\n","protected":false},"featured_media":1138566,"template":"","meta":[],"product_brand":[],"product_cat":[19],"product_tag":[],"class_list":{"0":"post-1126409","1":"product","2":"type-product","3":"status-publish","4":"has-post-thumbnail","6":"product_cat-unkategorisiert","7":"pa_alcohol-for-filter-12892","8":"pa_certified-biodynamic-nein-de","9":"pa_certified-organic-ja-de","10":"pa_colour-weiss","11":"pa_country-osterreich","12":"pa_grape-sauvignon-blanc","13":"pa_price-for-filter-10583","14":"pa_producer-tement","15":"pa_region-sudsteiermark","16":"pa_size-ml-6584","17":"pa_sweetness-trocken-de","18":"pa_type-2-still-de","19":"pa_vintage-2021-de","20":"entry","21":"has-media","23":"first","24":"instock","25":"taxable","26":"shipping-taxable","27":"purchasable","28":"product-type-simple"},"yoast_head":"<!-- This site is optimized with the Yoast SEO plugin v27.6 - https:\/\/yoast.com\/product\/yoast-seo-wordpress\/ -->\n<title>Tement Ried Sernau K\u00f6nig Sauvignon blanc Gro\u00dfe STK Lage 2021<\/title>\n<meta name=\"description\" content=\"Kaufe Tement Ried Sernau K\u00f6nig Sauvignon blanc Gro\u00dfe STK Lage 2021 (Sauvignon Blanc, trocken aus S\u00fcdsteiermark, \u00d6sterreich) bei Wein Werte, Ihrem nachhaltigen Onlineshop.\" \/>\n<meta name=\"robots\" content=\"index, follow, max-snippet:-1, max-image-preview:large, max-video-preview:-1\" \/>\n<link rel=\"canonical\" href=\"https:\/\/wein-werte.com\/de\/produkt\/tement-ried-sernau-konig-sauvignon-blanc-grosse-stk-lage-2021-750ml\/\" \/>\n<meta property=\"og:locale\" content=\"de_DE\" \/>\n<meta property=\"og:type\" content=\"article\" \/>\n<meta property=\"og:title\" content=\"Tement Ried Sernau K\u00f6nig Sauvignon blanc Gro\u00dfe STK Lage 2021\" \/>\n<meta property=\"og:description\" content=\"Kaufe Tement Ried Sernau K\u00f6nig Sauvignon blanc Gro\u00dfe STK Lage 2021 (Sauvignon Blanc, trocken aus S\u00fcdsteiermark, \u00d6sterreich) bei Wein Werte, Ihrem nachhaltigen Onlineshop.\" \/>\n<meta property=\"og:url\" content=\"https:\/\/wein-werte.com\/de\/produkt\/tement-ried-sernau-konig-sauvignon-blanc-grosse-stk-lage-2021-750ml\/\" \/>\n<meta property=\"og:site_name\" content=\"Wein Werte\" \/>\n<meta property=\"article:modified_time\" content=\"2026-05-12T17:52:36+00:00\" \/>\n<meta property=\"og:image\" content=\"https:\/\/wein-werte.com\/wp-content\/uploads\/2026\/04\/Tement-Ried-Sernau-Konig-Sauvignon-blanc-Grosse-STK-Lage-2021-750ml.png\" \/>\n\t<meta property=\"og:image:width\" content=\"308\" \/>\n\t<meta property=\"og:image:height\" content=\"1200\" \/>\n\t<meta property=\"og:image:type\" content=\"image\/png\" \/>\n<meta name=\"twitter:card\" content=\"summary_large_image\" \/>\n<meta name=\"twitter:label1\" content=\"Gesch\u00e4tzte Lesezeit\" \/>\n\t<meta name=\"twitter:data1\" content=\"2\u00a0Minuten\" \/>\n<script type=\"application\/ld+json\" class=\"yoast-schema-graph\">{\"@context\":\"https:\\\/\\\/schema.org\",\"@graph\":[{\"@type\":\"WebPage\",\"@id\":\"https:\\\/\\\/wein-werte.com\\\/de\\\/produkt\\\/tement-ried-sernau-konig-sauvignon-blanc-grosse-stk-lage-2021-750ml\\\/\",\"url\":\"https:\\\/\\\/wein-werte.com\\\/de\\\/produkt\\\/tement-ried-sernau-konig-sauvignon-blanc-grosse-stk-lage-2021-750ml\\\/\",\"name\":\"Tement Ried Sernau K\u00f6nig Sauvignon blanc Gro\u00dfe STK Lage 2021\",\"isPartOf\":{\"@id\":\"https:\\\/\\\/wein-werte.com\\\/de\\\/#website\"},\"primaryImageOfPage\":{\"@id\":\"https:\\\/\\\/wein-werte.com\\\/de\\\/produkt\\\/tement-ried-sernau-konig-sauvignon-blanc-grosse-stk-lage-2021-750ml\\\/#primaryimage\"},\"image\":{\"@id\":\"https:\\\/\\\/wein-werte.com\\\/de\\\/produkt\\\/tement-ried-sernau-konig-sauvignon-blanc-grosse-stk-lage-2021-750ml\\\/#primaryimage\"},\"thumbnailUrl\":\"https:\\\/\\\/wein-werte.com\\\/wp-content\\\/uploads\\\/2026\\\/04\\\/Tement-Ried-Sernau-Konig-Sauvignon-blanc-Grosse-STK-Lage-2021-750ml.png\",\"datePublished\":\"2026-05-12T14:19:09+00:00\",\"dateModified\":\"2026-05-12T17:52:36+00:00\",\"description\":\"Kaufe Tement Ried Sernau K\u00f6nig Sauvignon blanc Gro\u00dfe STK Lage 2021 (Sauvignon Blanc, trocken aus S\u00fcdsteiermark, \u00d6sterreich) bei Wein Werte, Ihrem nachhaltigen Onlineshop.\",\"breadcrumb\":{\"@id\":\"https:\\\/\\\/wein-werte.com\\\/de\\\/produkt\\\/tement-ried-sernau-konig-sauvignon-blanc-grosse-stk-lage-2021-750ml\\\/#breadcrumb\"},\"inLanguage\":\"de\",\"potentialAction\":[{\"@type\":\"ReadAction\",\"target\":[\"https:\\\/\\\/wein-werte.com\\\/de\\\/produkt\\\/tement-ried-sernau-konig-sauvignon-blanc-grosse-stk-lage-2021-750ml\\\/\"]}]},{\"@type\":\"ImageObject\",\"inLanguage\":\"de\",\"@id\":\"https:\\\/\\\/wein-werte.com\\\/de\\\/produkt\\\/tement-ried-sernau-konig-sauvignon-blanc-grosse-stk-lage-2021-750ml\\\/#primaryimage\",\"url\":\"https:\\\/\\\/wein-werte.com\\\/wp-content\\\/uploads\\\/2026\\\/04\\\/Tement-Ried-Sernau-Konig-Sauvignon-blanc-Grosse-STK-Lage-2021-750ml.png\",\"contentUrl\":\"https:\\\/\\\/wein-werte.com\\\/wp-content\\\/uploads\\\/2026\\\/04\\\/Tement-Ried-Sernau-Konig-Sauvignon-blanc-Grosse-STK-Lage-2021-750ml.png\",\"width\":308,\"height\":1200,\"caption\":\"Tement Ried Sernau K\u00f6nig Sauvignon Blanc, Gro\u00dfe STK Lage 2021 750ml\"},{\"@type\":\"BreadcrumbList\",\"@id\":\"https:\\\/\\\/wein-werte.com\\\/de\\\/produkt\\\/tement-ried-sernau-konig-sauvignon-blanc-grosse-stk-lage-2021-750ml\\\/#breadcrumb\",\"itemListElement\":[{\"@type\":\"ListItem\",\"position\":1,\"name\":\"Home\",\"item\":\"https:\\\/\\\/wein-werte.com\\\/de\\\/\"},{\"@type\":\"ListItem\",\"position\":2,\"name\":\"Shop\",\"item\":\"https:\\\/\\\/wein-werte.com\\\/de\\\/shop\\\/\"},{\"@type\":\"ListItem\",\"position\":3,\"name\":\"Tement | S\u00fcdsteiermark | Ried Sernau K\u00f6nig Sauvignon Blanc, Gro\u00dfe STK Lage | 2021 | 750ml | bio\"}]},{\"@type\":\"WebSite\",\"@id\":\"https:\\\/\\\/wein-werte.com\\\/de\\\/#website\",\"url\":\"https:\\\/\\\/wein-werte.com\\\/de\\\/\",\"name\":\"Wein Werte\",\"description\":\"\",\"publisher\":{\"@id\":\"https:\\\/\\\/wein-werte.com\\\/de\\\/#organization\"},\"potentialAction\":[{\"@type\":\"SearchAction\",\"target\":{\"@type\":\"EntryPoint\",\"urlTemplate\":\"https:\\\/\\\/wein-werte.com\\\/de\\\/?s={search_term_string}\"},\"query-input\":{\"@type\":\"PropertyValueSpecification\",\"valueRequired\":true,\"valueName\":\"search_term_string\"}}],\"inLanguage\":\"de\"},{\"@type\":\"Organization\",\"@id\":\"https:\\\/\\\/wein-werte.com\\\/de\\\/#organization\",\"name\":\"Vins Fins Thorrold\",\"url\":\"https:\\\/\\\/wein-werte.com\\\/de\\\/\",\"logo\":{\"@type\":\"ImageObject\",\"inLanguage\":\"de\",\"@id\":\"https:\\\/\\\/wein-werte.com\\\/de\\\/#\\\/schema\\\/logo\\\/image\\\/\",\"url\":\"https:\\\/\\\/wein-werte.com\\\/wp-content\\\/uploads\\\/2023\\\/07\\\/Wein_werte_Logo700-1.png\",\"contentUrl\":\"https:\\\/\\\/wein-werte.com\\\/wp-content\\\/uploads\\\/2023\\\/07\\\/Wein_werte_Logo700-1.png\",\"width\":700,\"height\":272,\"caption\":\"Vins Fins Thorrold\"},\"image\":{\"@id\":\"https:\\\/\\\/wein-werte.com\\\/de\\\/#\\\/schema\\\/logo\\\/image\\\/\"}}]}<\/script>\n<!-- \/ Yoast SEO plugin. -->","yoast_head_json":{"title":"Tement Ried Sernau K\u00f6nig Sauvignon blanc Gro\u00dfe STK Lage 2021","description":"Kaufe Tement Ried Sernau K\u00f6nig Sauvignon blanc Gro\u00dfe STK Lage 2021 (Sauvignon Blanc, trocken aus S\u00fcdsteiermark, \u00d6sterreich) bei Wein Werte, Ihrem nachhaltigen Onlineshop.","robots":{"index":"index","follow":"follow","max-snippet":"max-snippet:-1","max-image-preview":"max-image-preview:large","max-video-preview":"max-video-preview:-1"},"canonical":"https:\/\/wein-werte.com\/de\/produkt\/tement-ried-sernau-konig-sauvignon-blanc-grosse-stk-lage-2021-750ml\/","og_locale":"de_DE","og_type":"article","og_title":"Tement Ried Sernau K\u00f6nig Sauvignon blanc Gro\u00dfe STK Lage 2021","og_description":"Kaufe Tement Ried Sernau K\u00f6nig Sauvignon blanc Gro\u00dfe STK Lage 2021 (Sauvignon Blanc, trocken aus S\u00fcdsteiermark, \u00d6sterreich) bei Wein Werte, Ihrem nachhaltigen Onlineshop.","og_url":"https:\/\/wein-werte.com\/de\/produkt\/tement-ried-sernau-konig-sauvignon-blanc-grosse-stk-lage-2021-750ml\/","og_site_name":"Wein Werte","article_modified_time":"2026-05-12T17:52:36+00:00","og_image":[{"width":308,"height":1200,"url":"https:\/\/wein-werte.com\/wp-content\/uploads\/2026\/04\/Tement-Ried-Sernau-Konig-Sauvignon-blanc-Grosse-STK-Lage-2021-750ml.png","type":"image\/png"}],"twitter_card":"summary_large_image","twitter_misc":{"Gesch\u00e4tzte Lesezeit":"2\u00a0Minuten"},"schema":{"@context":"https:\/\/schema.org","@graph":[{"@type":"WebPage","@id":"https:\/\/wein-werte.com\/de\/produkt\/tement-ried-sernau-konig-sauvignon-blanc-grosse-stk-lage-2021-750ml\/","url":"https:\/\/wein-werte.com\/de\/produkt\/tement-ried-sernau-konig-sauvignon-blanc-grosse-stk-lage-2021-750ml\/","name":"Tement Ried Sernau K\u00f6nig Sauvignon blanc Gro\u00dfe STK Lage 2021","isPartOf":{"@id":"https:\/\/wein-werte.com\/de\/#website"},"primaryImageOfPage":{"@id":"https:\/\/wein-werte.com\/de\/produkt\/tement-ried-sernau-konig-sauvignon-blanc-grosse-stk-lage-2021-750ml\/#primaryimage"},"image":{"@id":"https:\/\/wein-werte.com\/de\/produkt\/tement-ried-sernau-konig-sauvignon-blanc-grosse-stk-lage-2021-750ml\/#primaryimage"},"thumbnailUrl":"https:\/\/wein-werte.com\/wp-content\/uploads\/2026\/04\/Tement-Ried-Sernau-Konig-Sauvignon-blanc-Grosse-STK-Lage-2021-750ml.png","datePublished":"2026-05-12T14:19:09+00:00","dateModified":"2026-05-12T17:52:36+00:00","description":"Kaufe Tement Ried Sernau K\u00f6nig Sauvignon blanc Gro\u00dfe STK Lage 2021 (Sauvignon Blanc, trocken aus S\u00fcdsteiermark, \u00d6sterreich) bei Wein Werte, Ihrem nachhaltigen Onlineshop.","breadcrumb":{"@id":"https:\/\/wein-werte.com\/de\/produkt\/tement-ried-sernau-konig-sauvignon-blanc-grosse-stk-lage-2021-750ml\/#breadcrumb"},"inLanguage":"de","potentialAction":[{"@type":"ReadAction","target":["https:\/\/wein-werte.com\/de\/produkt\/tement-ried-sernau-konig-sauvignon-blanc-grosse-stk-lage-2021-750ml\/"]}]},{"@type":"ImageObject","inLanguage":"de","@id":"https:\/\/wein-werte.com\/de\/produkt\/tement-ried-sernau-konig-sauvignon-blanc-grosse-stk-lage-2021-750ml\/#primaryimage","url":"https:\/\/wein-werte.com\/wp-content\/uploads\/2026\/04\/Tement-Ried-Sernau-Konig-Sauvignon-blanc-Grosse-STK-Lage-2021-750ml.png","contentUrl":"https:\/\/wein-werte.com\/wp-content\/uploads\/2026\/04\/Tement-Ried-Sernau-Konig-Sauvignon-blanc-Grosse-STK-Lage-2021-750ml.png","width":308,"height":1200,"caption":"Tement Ried Sernau K\u00f6nig Sauvignon Blanc, Gro\u00dfe STK Lage 2021 750ml"},{"@type":"BreadcrumbList","@id":"https:\/\/wein-werte.com\/de\/produkt\/tement-ried-sernau-konig-sauvignon-blanc-grosse-stk-lage-2021-750ml\/#breadcrumb","itemListElement":[{"@type":"ListItem","position":1,"name":"Home","item":"https:\/\/wein-werte.com\/de\/"},{"@type":"ListItem","position":2,"name":"Shop","item":"https:\/\/wein-werte.com\/de\/shop\/"},{"@type":"ListItem","position":3,"name":"Tement | S\u00fcdsteiermark | Ried Sernau K\u00f6nig Sauvignon Blanc, Gro\u00dfe STK Lage | 2021 | 750ml | bio"}]},{"@type":"WebSite","@id":"https:\/\/wein-werte.com\/de\/#website","url":"https:\/\/wein-werte.com\/de\/","name":"Wein Werte","description":"","publisher":{"@id":"https:\/\/wein-werte.com\/de\/#organization"},"potentialAction":[{"@type":"SearchAction","target":{"@type":"EntryPoint","urlTemplate":"https:\/\/wein-werte.com\/de\/?s={search_term_string}"},"query-input":{"@type":"PropertyValueSpecification","valueRequired":true,"valueName":"search_term_string"}}],"inLanguage":"de"},{"@type":"Organization","@id":"https:\/\/wein-werte.com\/de\/#organization","name":"Vins Fins Thorrold","url":"https:\/\/wein-werte.com\/de\/","logo":{"@type":"ImageObject","inLanguage":"de","@id":"https:\/\/wein-werte.com\/de\/#\/schema\/logo\/image\/","url":"https:\/\/wein-werte.com\/wp-content\/uploads\/2023\/07\/Wein_werte_Logo700-1.png","contentUrl":"https:\/\/wein-werte.com\/wp-content\/uploads\/2023\/07\/Wein_werte_Logo700-1.png","width":700,"height":272,"caption":"Vins Fins Thorrold"},"image":{"@id":"https:\/\/wein-werte.com\/de\/#\/schema\/logo\/image\/"}}]}},"_links":{"self":[{"href":"https:\/\/wein-werte.com\/de\/wp-json\/wp\/v2\/product\/1126409","targetHints":{"allow":["GET"]}}],"collection":[{"href":"https:\/\/wein-werte.com\/de\/wp-json\/wp\/v2\/product"}],"about":[{"href":"https:\/\/wein-werte.com\/de\/wp-json\/wp\/v2\/types\/product"}],"wp:featuredmedia":[{"embeddable":true,"href":"https:\/\/wein-werte.com\/de\/wp-json\/wp\/v2\/media\/1138566"}],"wp:attachment":[{"href":"https:\/\/wein-werte.com\/de\/wp-json\/wp\/v2\/media?parent=1126409"}],"wp:term":[{"taxonomy":"product_brand","embeddable":true,"href":"https:\/\/wein-werte.com\/de\/wp-json\/wp\/v2\/product_brand?post=1126409"},{"taxonomy":"product_cat","embeddable":true,"href":"https:\/\/wein-werte.com\/de\/wp-json\/wp\/v2\/product_cat?post=1126409"},{"taxonomy":"product_tag","embeddable":true,"href":"https:\/\/wein-werte.com\/de\/wp-json\/wp\/v2\/product_tag?post=1126409"}],"curies":[{"name":"wp","href":"https:\/\/api.w.org\/{rel}","templated":true}]}}