{"id":1126371,"date":"2026-05-17T12:33:33","date_gmt":"2026-05-17T10:33:33","guid":{"rendered":"https:\/\/wein-werte.com\/product\/tement-ried-zieregg-iz-reserve-grosse-stk-lage-2015-750ml\/"},"modified":"2026-05-16T10:04:16","modified_gmt":"2026-05-16T08:04:16","slug":"tement-ried-zieregg-iz-reserve-grosse-stk-lage-2015-750ml","status":"publish","type":"product","link":"https:\/\/wein-werte.com\/de\/produkt\/tement-ried-zieregg-iz-reserve-grosse-stk-lage-2015-750ml\/","title":{"rendered":"Tement | S\u00fcdsteiermark | Ried Zieregg IZ Reserve, Gro\u00dfe STK Lage | 2015 | 750ml"},"content":{"rendered":"<p>Produktbeschreibung f\u00fcr Tement Ried Zieregg IZ Reserve, Gro\u00dfe STK Lage 2015  <\/p>\n<h5>Info<\/h5>\n<p> Ried Zieregg ist eine unglaublich facettenreiche Weinbergslage, die von Kalkmergel und Korallenkalkb\u00f6den gepr\u00e4gt ist. Aufgrund des vielschichtigen Terroirs wurde die Riede in 16 Parzellen geteilt, um diese in ihrer Individualit\u00e4t selektiv bearbeiten zu k\u00f6nnen. \u201eIZ\u00ae\u201c steht f\u00fcr ein im Jahr 2005 entwickeltes Verfahren der Interzellularen Beerenverg\u00e4rung. Jede einzelne Beere hat \u00fcber 100 Tage Zeit, s\u00e4mtliche Aromen und Terroir-Informationen seines Rebstocks \u201einterzellular\u201c zu speichern und besonders langsam und schonend zu verg\u00e4ren. Die alkoholische G\u00e4rung beginnt dabei interzellular in der gesunden Beerenschale. Nach 100 Tagen werden die Trauben gepresst und f\u00fcr weitere 54 Monate auf der Feinhefe schwefelfrei in neutralen Eichenf\u00e4ssern ausgebaut. Ried Zieregg IZ\u00ae Reserve 2015 wurde nach 4,5 Jahren Feinhefekontakt im April 2020 unfiltriert auf die Flasche gezogen. Durch diese Art der Verg\u00e4rung entsteht ein unvergleichbarer Wein, der sein Terroir in vollster Intensit\u00e4t widerspiegelt. <\/p>\n<h5>Farbe<\/h5>\n<p> Leuchtendes Goldgelb mit hellen Elementen <\/p>\n<h5>Nase<\/h5>\n<p> Die Reife zeigt er nicht ansatzweise nach immerhin fast zehn Jahren. Daf\u00fcr ist er gezeichnet von satten gelben Aromen. Kardamom, Curry, Kurmin und Safran springen ein f\u00f6rmlich an. Seine Frucht passt sehr gut zu dieser Intensit\u00e4t. Khaki, Mirabelle und Pfirsich. Nashi-Birne steuert frische Elemente bei. Grapefruit sowie die Bl\u00e4tter der Kaffir-Limette spielen auf der herben, frischen Seite auf und unterstreichen erneut seine Tiefgr\u00fcndigkeit. Seine W\u00fcrze taucht immer wieder auf und ist bezeichnend. Die W\u00fcrze ist aber stehts weich gebettet, so dass er langsam weichere Note aufbauen kann. Brioche und Butterscotch sowie Dinkelgeb\u00e4ck duften herrlich. Anis und Artischocken sowie Koriandersaat und K\u00fcmmel tauchen subtil auf im Hintergrund. Fenchel und Aubergine sorgen f\u00fcr eine reife, intensive Aromatik. Voller Charakter und Identit\u00e4t. <\/p>\n<h5>Gaumen<\/h5>\n<p> Mit dem ersten Schluck sorgt er f\u00fcr Alarm am Gaumen. Druckvoll und intensiv kann er sich aufbauen. Er ist dabei ausufernd und gro\u00dfz\u00fcgig einladend. \u00dcber jeden Zweifel erhaben zeigt sich hier ein ruhiger, erwachsener Wein voller Gr\u00f6\u00dfe. Troll aller Intensit\u00e4t regt er enorm an und all seine Konzentration sorgt f\u00fcr das Gegenteil von S\u00e4ttigung. Animierend und fordernd zugleich. Er steht f\u00fcr viel Frische und Eleganz. Druck und Mineralit\u00e4t zugleich setzen neue Ma\u00dfst\u00e4be. Er fordert, wirkt steinig und salzig. Man h\u00f6rt hier wohl nie auf, neue Facetten zu entdecken\u2026 bis die Flasche leider leer ist\u2026 Von Augenblick zu Augenblick schwankt die Frucht enorm. Kontrastpunkte kommen immer wieder ins Spiel. Die orientalischen Gew\u00fcrze setzen immer wieder ein hohes Ma\u00df an Komplexit\u00e4t an. <\/p>\n<p>Copyright Vinaturel 2025<\/p>\n<p>Keywords: <a href=\"https:\/\/wein-werte.com\/de\/shop\/?swoof=1&#038;pa_producer=Tement\">Tement<\/a> <a href=\"https:\/\/wein-werte.com\/de\/shop\/?swoof=1&#038;woof_text=Ried Zieregg IZ Reserve, Gro\u00dfe STK Lage\">Ried Zieregg IZ Reserve, Gro\u00dfe STK Lage<\/a> 2015  <a href=\"https:\/\/wein-werte.com\/de\/shop\/?swoof=1&#038;pa_region=S\u00fcdsteiermark\">S\u00fcdsteiermark<\/a> <a href=\"https:\/\/wein-werte.com\/de\/shop\/?swoof=1&#038;pa_country=\u00d6sterreich\">\u00d6sterreich<\/a><\/p>\n<p>Internetseite des Weinguts: <a href=\"https:\/\/www.tement.at\/\" target=\"_blank\">https:\/\/www.tement.at\/<\/a><\/p>\n","protected":false},"excerpt":{"rendered":"<div style=\"font-size: 14px;\">\n<p>Lieferzeit: 1 bis 2 Arbeitstage (DE), 2 bis 5 Arbeitstage (EU und CH)<\/p>\n<p>Ungef\u00e4hrer Energiegehalt pro 125-ml-Glas: 110 kcal<\/p>\n<\/p><\/div>\n","protected":false},"featured_media":1138544,"template":"","meta":[],"product_brand":[],"product_cat":[19],"product_tag":[],"class_list":{"0":"post-1126371","1":"product","2":"type-product","3":"status-publish","4":"has-post-thumbnail","6":"product_cat-unkategorisiert","7":"pa_alcohol-for-filter-13-5","8":"pa_certified-biodynamic-nein-de","9":"pa_certified-organic-nein-de","10":"pa_colour-weiss","11":"pa_country-osterreich","12":"pa_grape-sauvignon-blanc","13":"pa_price-for-filter-10673","14":"pa_producer-tement","15":"pa_region-sudsteiermark","16":"pa_size-ml-20256","17":"pa_sweetness-trocken-de","18":"pa_type-2-still-de","19":"pa_vintage-2015-de","20":"entry","21":"has-media","23":"first","24":"instock","25":"taxable","26":"shipping-taxable","27":"purchasable","28":"product-type-simple"},"yoast_head":"<!-- This site is optimized with the Yoast SEO plugin v27.6 - https:\/\/yoast.com\/product\/yoast-seo-wordpress\/ -->\n<title>Tement Ried Zieregg IZ Reserve Gro\u00dfe STK Lage 2015 750ml<\/title>\n<meta name=\"description\" content=\"Kaufe Tement Ried Zieregg IZ Reserve Gro\u00dfe STK Lage 2015 (Sauvignon Blanc, trocken aus S\u00fcdsteiermark, \u00d6sterreich) bei Wein Werte, Ihrem nachhaltigen Onlineshop.\" \/>\n<meta name=\"robots\" content=\"index, follow, max-snippet:-1, max-image-preview:large, max-video-preview:-1\" \/>\n<link rel=\"canonical\" href=\"https:\/\/wein-werte.com\/de\/produkt\/tement-ried-zieregg-iz-reserve-grosse-stk-lage-2015-750ml\/\" \/>\n<meta property=\"og:locale\" content=\"de_DE\" \/>\n<meta property=\"og:type\" content=\"article\" \/>\n<meta property=\"og:title\" content=\"Tement Ried Zieregg IZ Reserve Gro\u00dfe STK Lage 2015 750ml\" \/>\n<meta property=\"og:description\" content=\"Kaufe Tement Ried Zieregg IZ Reserve Gro\u00dfe STK Lage 2015 (Sauvignon Blanc, trocken aus S\u00fcdsteiermark, \u00d6sterreich) bei Wein Werte, Ihrem nachhaltigen Onlineshop.\" \/>\n<meta property=\"og:url\" content=\"https:\/\/wein-werte.com\/de\/produkt\/tement-ried-zieregg-iz-reserve-grosse-stk-lage-2015-750ml\/\" \/>\n<meta property=\"og:site_name\" content=\"Wein Werte\" \/>\n<meta property=\"og:image\" content=\"https:\/\/wein-werte.com\/wp-content\/uploads\/2026\/04\/Tement-Ried-Zieregg-IZ-Reserve-Grosse-STK-Lage-2015-750ml.png\" \/>\n\t<meta property=\"og:image:width\" content=\"307\" \/>\n\t<meta property=\"og:image:height\" content=\"1200\" \/>\n\t<meta property=\"og:image:type\" content=\"image\/png\" \/>\n<meta name=\"twitter:card\" content=\"summary_large_image\" \/>\n<meta name=\"twitter:label1\" content=\"Gesch\u00e4tzte Lesezeit\" \/>\n\t<meta name=\"twitter:data1\" content=\"2\u00a0Minuten\" \/>\n<script type=\"application\/ld+json\" class=\"yoast-schema-graph\">{\"@context\":\"https:\\\/\\\/schema.org\",\"@graph\":[{\"@type\":\"WebPage\",\"@id\":\"https:\\\/\\\/wein-werte.com\\\/de\\\/produkt\\\/tement-ried-zieregg-iz-reserve-grosse-stk-lage-2015-750ml\\\/\",\"url\":\"https:\\\/\\\/wein-werte.com\\\/de\\\/produkt\\\/tement-ried-zieregg-iz-reserve-grosse-stk-lage-2015-750ml\\\/\",\"name\":\"Tement Ried Zieregg IZ Reserve Gro\u00dfe STK Lage 2015 750ml\",\"isPartOf\":{\"@id\":\"https:\\\/\\\/wein-werte.com\\\/de\\\/#website\"},\"primaryImageOfPage\":{\"@id\":\"https:\\\/\\\/wein-werte.com\\\/de\\\/produkt\\\/tement-ried-zieregg-iz-reserve-grosse-stk-lage-2015-750ml\\\/#primaryimage\"},\"image\":{\"@id\":\"https:\\\/\\\/wein-werte.com\\\/de\\\/produkt\\\/tement-ried-zieregg-iz-reserve-grosse-stk-lage-2015-750ml\\\/#primaryimage\"},\"thumbnailUrl\":\"https:\\\/\\\/wein-werte.com\\\/wp-content\\\/uploads\\\/2026\\\/04\\\/Tement-Ried-Zieregg-IZ-Reserve-Grosse-STK-Lage-2015-750ml.png\",\"datePublished\":\"2026-05-17T10:33:33+00:00\",\"description\":\"Kaufe Tement Ried Zieregg IZ Reserve Gro\u00dfe STK Lage 2015 (Sauvignon Blanc, trocken aus S\u00fcdsteiermark, \u00d6sterreich) bei Wein Werte, Ihrem nachhaltigen Onlineshop.\",\"breadcrumb\":{\"@id\":\"https:\\\/\\\/wein-werte.com\\\/de\\\/produkt\\\/tement-ried-zieregg-iz-reserve-grosse-stk-lage-2015-750ml\\\/#breadcrumb\"},\"inLanguage\":\"de\",\"potentialAction\":[{\"@type\":\"ReadAction\",\"target\":[\"https:\\\/\\\/wein-werte.com\\\/de\\\/produkt\\\/tement-ried-zieregg-iz-reserve-grosse-stk-lage-2015-750ml\\\/\"]}]},{\"@type\":\"ImageObject\",\"inLanguage\":\"de\",\"@id\":\"https:\\\/\\\/wein-werte.com\\\/de\\\/produkt\\\/tement-ried-zieregg-iz-reserve-grosse-stk-lage-2015-750ml\\\/#primaryimage\",\"url\":\"https:\\\/\\\/wein-werte.com\\\/wp-content\\\/uploads\\\/2026\\\/04\\\/Tement-Ried-Zieregg-IZ-Reserve-Grosse-STK-Lage-2015-750ml.png\",\"contentUrl\":\"https:\\\/\\\/wein-werte.com\\\/wp-content\\\/uploads\\\/2026\\\/04\\\/Tement-Ried-Zieregg-IZ-Reserve-Grosse-STK-Lage-2015-750ml.png\",\"width\":307,\"height\":1200,\"caption\":\"Tement Ried Zieregg IZ Reserve, Gro\u00dfe STK Lage 2015 750ml\"},{\"@type\":\"BreadcrumbList\",\"@id\":\"https:\\\/\\\/wein-werte.com\\\/de\\\/produkt\\\/tement-ried-zieregg-iz-reserve-grosse-stk-lage-2015-750ml\\\/#breadcrumb\",\"itemListElement\":[{\"@type\":\"ListItem\",\"position\":1,\"name\":\"Home\",\"item\":\"https:\\\/\\\/wein-werte.com\\\/de\\\/\"},{\"@type\":\"ListItem\",\"position\":2,\"name\":\"Shop\",\"item\":\"https:\\\/\\\/wein-werte.com\\\/de\\\/shop\\\/\"},{\"@type\":\"ListItem\",\"position\":3,\"name\":\"Tement | S\u00fcdsteiermark | Ried Zieregg IZ Reserve, Gro\u00dfe STK Lage | 2015 | 750ml\"}]},{\"@type\":\"WebSite\",\"@id\":\"https:\\\/\\\/wein-werte.com\\\/de\\\/#website\",\"url\":\"https:\\\/\\\/wein-werte.com\\\/de\\\/\",\"name\":\"Wein Werte\",\"description\":\"\",\"publisher\":{\"@id\":\"https:\\\/\\\/wein-werte.com\\\/de\\\/#organization\"},\"potentialAction\":[{\"@type\":\"SearchAction\",\"target\":{\"@type\":\"EntryPoint\",\"urlTemplate\":\"https:\\\/\\\/wein-werte.com\\\/de\\\/?s={search_term_string}\"},\"query-input\":{\"@type\":\"PropertyValueSpecification\",\"valueRequired\":true,\"valueName\":\"search_term_string\"}}],\"inLanguage\":\"de\"},{\"@type\":\"Organization\",\"@id\":\"https:\\\/\\\/wein-werte.com\\\/de\\\/#organization\",\"name\":\"Vins Fins Thorrold\",\"url\":\"https:\\\/\\\/wein-werte.com\\\/de\\\/\",\"logo\":{\"@type\":\"ImageObject\",\"inLanguage\":\"de\",\"@id\":\"https:\\\/\\\/wein-werte.com\\\/de\\\/#\\\/schema\\\/logo\\\/image\\\/\",\"url\":\"https:\\\/\\\/wein-werte.com\\\/wp-content\\\/uploads\\\/2023\\\/07\\\/Wein_werte_Logo700-1.png\",\"contentUrl\":\"https:\\\/\\\/wein-werte.com\\\/wp-content\\\/uploads\\\/2023\\\/07\\\/Wein_werte_Logo700-1.png\",\"width\":700,\"height\":272,\"caption\":\"Vins Fins Thorrold\"},\"image\":{\"@id\":\"https:\\\/\\\/wein-werte.com\\\/de\\\/#\\\/schema\\\/logo\\\/image\\\/\"}}]}<\/script>\n<!-- \/ Yoast SEO plugin. -->","yoast_head_json":{"title":"Tement Ried Zieregg IZ Reserve Gro\u00dfe STK Lage 2015 750ml","description":"Kaufe Tement Ried Zieregg IZ Reserve Gro\u00dfe STK Lage 2015 (Sauvignon Blanc, trocken aus S\u00fcdsteiermark, \u00d6sterreich) bei Wein Werte, Ihrem nachhaltigen Onlineshop.","robots":{"index":"index","follow":"follow","max-snippet":"max-snippet:-1","max-image-preview":"max-image-preview:large","max-video-preview":"max-video-preview:-1"},"canonical":"https:\/\/wein-werte.com\/de\/produkt\/tement-ried-zieregg-iz-reserve-grosse-stk-lage-2015-750ml\/","og_locale":"de_DE","og_type":"article","og_title":"Tement Ried Zieregg IZ Reserve Gro\u00dfe STK Lage 2015 750ml","og_description":"Kaufe Tement Ried Zieregg IZ Reserve Gro\u00dfe STK Lage 2015 (Sauvignon Blanc, trocken aus S\u00fcdsteiermark, \u00d6sterreich) bei Wein Werte, Ihrem nachhaltigen Onlineshop.","og_url":"https:\/\/wein-werte.com\/de\/produkt\/tement-ried-zieregg-iz-reserve-grosse-stk-lage-2015-750ml\/","og_site_name":"Wein Werte","og_image":[{"width":307,"height":1200,"url":"https:\/\/wein-werte.com\/wp-content\/uploads\/2026\/04\/Tement-Ried-Zieregg-IZ-Reserve-Grosse-STK-Lage-2015-750ml.png","type":"image\/png"}],"twitter_card":"summary_large_image","twitter_misc":{"Gesch\u00e4tzte Lesezeit":"2\u00a0Minuten"},"schema":{"@context":"https:\/\/schema.org","@graph":[{"@type":"WebPage","@id":"https:\/\/wein-werte.com\/de\/produkt\/tement-ried-zieregg-iz-reserve-grosse-stk-lage-2015-750ml\/","url":"https:\/\/wein-werte.com\/de\/produkt\/tement-ried-zieregg-iz-reserve-grosse-stk-lage-2015-750ml\/","name":"Tement Ried Zieregg IZ Reserve Gro\u00dfe STK Lage 2015 750ml","isPartOf":{"@id":"https:\/\/wein-werte.com\/de\/#website"},"primaryImageOfPage":{"@id":"https:\/\/wein-werte.com\/de\/produkt\/tement-ried-zieregg-iz-reserve-grosse-stk-lage-2015-750ml\/#primaryimage"},"image":{"@id":"https:\/\/wein-werte.com\/de\/produkt\/tement-ried-zieregg-iz-reserve-grosse-stk-lage-2015-750ml\/#primaryimage"},"thumbnailUrl":"https:\/\/wein-werte.com\/wp-content\/uploads\/2026\/04\/Tement-Ried-Zieregg-IZ-Reserve-Grosse-STK-Lage-2015-750ml.png","datePublished":"2026-05-17T10:33:33+00:00","description":"Kaufe Tement Ried Zieregg IZ Reserve Gro\u00dfe STK Lage 2015 (Sauvignon Blanc, trocken aus S\u00fcdsteiermark, \u00d6sterreich) bei Wein Werte, Ihrem nachhaltigen Onlineshop.","breadcrumb":{"@id":"https:\/\/wein-werte.com\/de\/produkt\/tement-ried-zieregg-iz-reserve-grosse-stk-lage-2015-750ml\/#breadcrumb"},"inLanguage":"de","potentialAction":[{"@type":"ReadAction","target":["https:\/\/wein-werte.com\/de\/produkt\/tement-ried-zieregg-iz-reserve-grosse-stk-lage-2015-750ml\/"]}]},{"@type":"ImageObject","inLanguage":"de","@id":"https:\/\/wein-werte.com\/de\/produkt\/tement-ried-zieregg-iz-reserve-grosse-stk-lage-2015-750ml\/#primaryimage","url":"https:\/\/wein-werte.com\/wp-content\/uploads\/2026\/04\/Tement-Ried-Zieregg-IZ-Reserve-Grosse-STK-Lage-2015-750ml.png","contentUrl":"https:\/\/wein-werte.com\/wp-content\/uploads\/2026\/04\/Tement-Ried-Zieregg-IZ-Reserve-Grosse-STK-Lage-2015-750ml.png","width":307,"height":1200,"caption":"Tement Ried Zieregg IZ Reserve, Gro\u00dfe STK Lage 2015 750ml"},{"@type":"BreadcrumbList","@id":"https:\/\/wein-werte.com\/de\/produkt\/tement-ried-zieregg-iz-reserve-grosse-stk-lage-2015-750ml\/#breadcrumb","itemListElement":[{"@type":"ListItem","position":1,"name":"Home","item":"https:\/\/wein-werte.com\/de\/"},{"@type":"ListItem","position":2,"name":"Shop","item":"https:\/\/wein-werte.com\/de\/shop\/"},{"@type":"ListItem","position":3,"name":"Tement | S\u00fcdsteiermark | Ried Zieregg IZ Reserve, Gro\u00dfe STK Lage | 2015 | 750ml"}]},{"@type":"WebSite","@id":"https:\/\/wein-werte.com\/de\/#website","url":"https:\/\/wein-werte.com\/de\/","name":"Wein Werte","description":"","publisher":{"@id":"https:\/\/wein-werte.com\/de\/#organization"},"potentialAction":[{"@type":"SearchAction","target":{"@type":"EntryPoint","urlTemplate":"https:\/\/wein-werte.com\/de\/?s={search_term_string}"},"query-input":{"@type":"PropertyValueSpecification","valueRequired":true,"valueName":"search_term_string"}}],"inLanguage":"de"},{"@type":"Organization","@id":"https:\/\/wein-werte.com\/de\/#organization","name":"Vins Fins Thorrold","url":"https:\/\/wein-werte.com\/de\/","logo":{"@type":"ImageObject","inLanguage":"de","@id":"https:\/\/wein-werte.com\/de\/#\/schema\/logo\/image\/","url":"https:\/\/wein-werte.com\/wp-content\/uploads\/2023\/07\/Wein_werte_Logo700-1.png","contentUrl":"https:\/\/wein-werte.com\/wp-content\/uploads\/2023\/07\/Wein_werte_Logo700-1.png","width":700,"height":272,"caption":"Vins Fins Thorrold"},"image":{"@id":"https:\/\/wein-werte.com\/de\/#\/schema\/logo\/image\/"}}]}},"_links":{"self":[{"href":"https:\/\/wein-werte.com\/de\/wp-json\/wp\/v2\/product\/1126371","targetHints":{"allow":["GET"]}}],"collection":[{"href":"https:\/\/wein-werte.com\/de\/wp-json\/wp\/v2\/product"}],"about":[{"href":"https:\/\/wein-werte.com\/de\/wp-json\/wp\/v2\/types\/product"}],"wp:featuredmedia":[{"embeddable":true,"href":"https:\/\/wein-werte.com\/de\/wp-json\/wp\/v2\/media\/1138544"}],"wp:attachment":[{"href":"https:\/\/wein-werte.com\/de\/wp-json\/wp\/v2\/media?parent=1126371"}],"wp:term":[{"taxonomy":"product_brand","embeddable":true,"href":"https:\/\/wein-werte.com\/de\/wp-json\/wp\/v2\/product_brand?post=1126371"},{"taxonomy":"product_cat","embeddable":true,"href":"https:\/\/wein-werte.com\/de\/wp-json\/wp\/v2\/product_cat?post=1126371"},{"taxonomy":"product_tag","embeddable":true,"href":"https:\/\/wein-werte.com\/de\/wp-json\/wp\/v2\/product_tag?post=1126371"}],"curies":[{"name":"wp","href":"https:\/\/api.w.org\/{rel}","templated":true}]}}