{"id":1126366,"date":"2026-05-08T19:53:38","date_gmt":"2026-05-08T17:53:38","guid":{"rendered":"https:\/\/wein-werte.com\/product\/tement-ried-sulz-weisser-burgunder-erste-stk-lage-2021-750ml\/"},"modified":"2026-05-01T23:38:29","modified_gmt":"2026-05-01T21:38:29","slug":"tement-ried-sulz-weisser-burgunder-erste-stk-lage-2021-750ml","status":"publish","type":"product","link":"https:\/\/wein-werte.com\/de\/produkt\/tement-ried-sulz-weisser-burgunder-erste-stk-lage-2021-750ml\/","title":{"rendered":"Tement | S\u00fcdsteiermark | Ried Sulz Weisser Burgunder, Erste STK Lage | 2021 | 750ml | bio"},"content":{"rendered":"<p>Produktbeschreibung f\u00fcr Tement Ried Sulz Weisser Burgunder, Erste STK Lage 2021 (bio) <\/p>\n<h5>Info<\/h5>\n<p> Der Jahrgang 2021 bietet bei Tement kristallklare, ausgereifte Weine an, die auf perfektem Traubenmaterial basieren. Januar und Februar waren von wundersch\u00f6nen, sonnigen Wintertagen gepr\u00e4gt. Trocken und sonnig, also perfekt f\u00fcr den Rebschnitt. Der M\u00e4rz folgte dann k\u00fchl und eher feucht, was den Austrieb leicht verz\u00f6gerte. April und Mai waren ebenso gepr\u00e4gt von eher k\u00fchlem und feuchtem Wetter. Der Fr\u00fchsommer zeigte sich eher moderat mit einer sp\u00e4teren Bl\u00fcte als derzeit gewohnt. Juli und August lieferten dann wieder ideale Bedingungen, um den leichten Verzug im Weinberg nahezu wieder aufholen lie\u00dfen. Die Ried Sulz ist die Heimat des Wei\u00dfburgunders im Haus. Diese warme, geschlossene Kessellage steht auf 400 bis 473 m \u00fcber Meeresh\u00f6he. Die Reben wachsen dort bei 35% Hanglage auf Kalkmergel und lehmigen Sandb\u00f6den. Die Lage neigt sich nach S\u00fcd-S\u00fcdwest. Nach der nat\u00fcrlichen G\u00e4rung reift der Wein f\u00fcr 30 Monate auf der Feinhefe in gro\u00dfer, neutraler Eiche. Es wird ohne Filtration gef\u00fcllt. <\/p>\n<h5>Farbe<\/h5>\n<p> Leuchtendes Strohgelb mit goldenen Reflexen <\/p>\n<h5>Nase<\/h5>\n<p> Der Weisser Burgunder aus der Ried Sulz erscheint mit einer gezielten Reife. Dadurch pr\u00e4sentiert er sich erstaunlich offen und zug\u00e4nglich. Gleichzeitig lebt er von einer gewissen Tiefe und Ruhe. Die Frucht hat erstaunlicherweise auch rote Elemente. Nussig und hefig zugleich durch das lange Hefelager bei Tement. Gehackte Mandeln und frischer Hefezopf mit Marzipan und Zuckerglasur. Die Schale roter \u00c4pfel ist f\u00fcr mich enorm pr\u00e4sent \u2013 eine meine Lieblingserinnerungen an die Kindheit. Wei\u00dfe Johannisbeere, reife Birne und Mirabelle gesellen sich dazu. Kardamom und Zimt sorgen f\u00fcr W\u00fcrze. Gartenkresse, Melisse und Salbei steuern die Frische bei. Wei\u00dfer Pfeffer und Koriandersaat sind den geduldigen noch vorenthalten auf dem Erkundungspfad. Die Bl\u00fcten von Apfel und Mandel sorgen f\u00fcr eine sanfte Eleganz. <\/p>\n<h5>Gaumen<\/h5>\n<p> Der Steirer ist klar, straff, enorm pr\u00e4zise und sauber. Er steht f\u00fcr einen Wei\u00dfburgunder hoch in der S\u00e4ure, was ich sehr positiv bewerte. Er zeigt dabei Null Schmelz und lebt von seiner puren, linearen, kalkigen Art. Die Frucht ist dabei eher gelb als gr\u00fcn einzuordnen mit Ausfl\u00fcgen zu rot. Die Schale von rotem Apfel dominiert wieder in ihrer stoffigen Struktur. Die Saftigkeit ist nicht ausufernd, breit oder schwer. Sein Trinkfluss ist enorm bei einer deutlichen Kr\u00e4uterintensit\u00e4t. Er ist fordernd und klar in seinem Verlauf. Ein Weisser Burgunder f\u00fcr Fortgeschrittene <\/p>\n<p>Copyright Vinaturel 2025<\/p>\n<p>Keywords: <a href=\"https:\/\/wein-werte.com\/de\/shop\/?swoof=1&#038;pa_producer=Tement\">Tement<\/a> <a href=\"https:\/\/wein-werte.com\/de\/shop\/?swoof=1&#038;woof_text=Ried Sulz Weisser Burgunder, Erste STK Lage\">Ried Sulz Weisser Burgunder, Erste STK Lage<\/a> 2021 bio <a href=\"https:\/\/wein-werte.com\/de\/shop\/?swoof=1&#038;pa_region=S\u00fcdsteiermark\">S\u00fcdsteiermark<\/a> <a href=\"https:\/\/wein-werte.com\/de\/shop\/?swoof=1&#038;pa_country=\u00d6sterreich\">\u00d6sterreich<\/a><\/p>\n<p>Internetseite des Weinguts: <a href=\"https:\/\/www.tement.at\/\" target=\"_blank\">https:\/\/www.tement.at\/<\/a><\/p>\n","protected":false},"excerpt":{"rendered":"<p>Lieferzeit: 1 bis 2 Arbeitstage (DE), 2 bis 5 Arbeitstage (EU and CH)<\/p>\n","protected":false},"featured_media":1138540,"template":"","meta":[],"product_brand":[],"product_cat":[19],"product_tag":[],"class_list":{"0":"post-1126366","1":"product","2":"type-product","3":"status-publish","4":"has-post-thumbnail","6":"product_cat-unkategorisiert","7":"pa_alcohol-for-filter-12897","8":"pa_certified-biodynamic-nein-de","9":"pa_certified-organic-ja-de","10":"pa_colour-weiss","11":"pa_country-osterreich","12":"pa_grape-weisburgunder-pinot-blanc","13":"pa_price-for-filter-10592","14":"pa_producer-tement","15":"pa_region-sudsteiermark","16":"pa_size-ml-6584","17":"pa_sweetness-trocken-de","18":"pa_type-2-still-de","19":"pa_vintage-2021-de","20":"entry","21":"has-media","23":"first","24":"instock","25":"taxable","26":"shipping-taxable","27":"purchasable","28":"product-type-simple"},"yoast_head":"<!-- This site is optimized with the Yoast SEO plugin v27.5 - https:\/\/yoast.com\/product\/yoast-seo-wordpress\/ -->\n<title>Tement Ried Sulz Weisser Burgunder Erste STK Lage 2021<\/title>\n<meta name=\"description\" content=\"Kaufe Tement Ried Sulz Weisser Burgunder Erste STK Lage 2021 (Wei\u00dfburgunder, trocken aus S\u00fcdsteiermark, \u00d6sterreich) bei Wein Werte, Ihrem nachhaltigen Onlineshop.\" \/>\n<meta name=\"robots\" content=\"index, follow, max-snippet:-1, max-image-preview:large, max-video-preview:-1\" \/>\n<link rel=\"canonical\" href=\"https:\/\/wein-werte.com\/de\/produkt\/tement-ried-sulz-weisser-burgunder-erste-stk-lage-2021-750ml\/\" \/>\n<meta property=\"og:locale\" content=\"de_DE\" \/>\n<meta property=\"og:type\" content=\"article\" \/>\n<meta property=\"og:title\" content=\"Tement Ried Sulz Weisser Burgunder Erste STK Lage 2021\" \/>\n<meta property=\"og:description\" content=\"Kaufe Tement Ried Sulz Weisser Burgunder Erste STK Lage 2021 (Wei\u00dfburgunder, trocken aus S\u00fcdsteiermark, \u00d6sterreich) bei Wein Werte, Ihrem nachhaltigen Onlineshop.\" \/>\n<meta property=\"og:url\" content=\"https:\/\/wein-werte.com\/de\/produkt\/tement-ried-sulz-weisser-burgunder-erste-stk-lage-2021-750ml\/\" \/>\n<meta property=\"og:site_name\" content=\"Wein Werte\" \/>\n<meta property=\"og:image\" content=\"https:\/\/wein-werte.com\/wp-content\/uploads\/2026\/04\/Tement-Ried-Sulz-Weisser-Burgunder-Erste-STK-Lage-2021-750ml.png\" \/>\n\t<meta property=\"og:image:width\" content=\"306\" \/>\n\t<meta property=\"og:image:height\" content=\"1200\" \/>\n\t<meta property=\"og:image:type\" content=\"image\/png\" \/>\n<meta name=\"twitter:card\" content=\"summary_large_image\" \/>\n<meta name=\"twitter:label1\" content=\"Gesch\u00e4tzte Lesezeit\" \/>\n\t<meta name=\"twitter:data1\" content=\"2\u00a0Minuten\" \/>\n<script type=\"application\/ld+json\" class=\"yoast-schema-graph\">{\"@context\":\"https:\\\/\\\/schema.org\",\"@graph\":[{\"@type\":\"WebPage\",\"@id\":\"https:\\\/\\\/wein-werte.com\\\/de\\\/produkt\\\/tement-ried-sulz-weisser-burgunder-erste-stk-lage-2021-750ml\\\/\",\"url\":\"https:\\\/\\\/wein-werte.com\\\/de\\\/produkt\\\/tement-ried-sulz-weisser-burgunder-erste-stk-lage-2021-750ml\\\/\",\"name\":\"Tement Ried Sulz Weisser Burgunder Erste STK Lage 2021\",\"isPartOf\":{\"@id\":\"https:\\\/\\\/wein-werte.com\\\/de\\\/#website\"},\"primaryImageOfPage\":{\"@id\":\"https:\\\/\\\/wein-werte.com\\\/de\\\/produkt\\\/tement-ried-sulz-weisser-burgunder-erste-stk-lage-2021-750ml\\\/#primaryimage\"},\"image\":{\"@id\":\"https:\\\/\\\/wein-werte.com\\\/de\\\/produkt\\\/tement-ried-sulz-weisser-burgunder-erste-stk-lage-2021-750ml\\\/#primaryimage\"},\"thumbnailUrl\":\"https:\\\/\\\/wein-werte.com\\\/wp-content\\\/uploads\\\/2026\\\/04\\\/Tement-Ried-Sulz-Weisser-Burgunder-Erste-STK-Lage-2021-750ml.png\",\"datePublished\":\"2026-05-08T17:53:38+00:00\",\"description\":\"Kaufe Tement Ried Sulz Weisser Burgunder Erste STK Lage 2021 (Wei\u00dfburgunder, trocken aus S\u00fcdsteiermark, \u00d6sterreich) bei Wein Werte, Ihrem nachhaltigen Onlineshop.\",\"breadcrumb\":{\"@id\":\"https:\\\/\\\/wein-werte.com\\\/de\\\/produkt\\\/tement-ried-sulz-weisser-burgunder-erste-stk-lage-2021-750ml\\\/#breadcrumb\"},\"inLanguage\":\"de\",\"potentialAction\":[{\"@type\":\"ReadAction\",\"target\":[\"https:\\\/\\\/wein-werte.com\\\/de\\\/produkt\\\/tement-ried-sulz-weisser-burgunder-erste-stk-lage-2021-750ml\\\/\"]}]},{\"@type\":\"ImageObject\",\"inLanguage\":\"de\",\"@id\":\"https:\\\/\\\/wein-werte.com\\\/de\\\/produkt\\\/tement-ried-sulz-weisser-burgunder-erste-stk-lage-2021-750ml\\\/#primaryimage\",\"url\":\"https:\\\/\\\/wein-werte.com\\\/wp-content\\\/uploads\\\/2026\\\/04\\\/Tement-Ried-Sulz-Weisser-Burgunder-Erste-STK-Lage-2021-750ml.png\",\"contentUrl\":\"https:\\\/\\\/wein-werte.com\\\/wp-content\\\/uploads\\\/2026\\\/04\\\/Tement-Ried-Sulz-Weisser-Burgunder-Erste-STK-Lage-2021-750ml.png\",\"width\":306,\"height\":1200,\"caption\":\"Tement Ried Sulz Weisser Burgunder, Erste STK Lage 2021 750ml\"},{\"@type\":\"BreadcrumbList\",\"@id\":\"https:\\\/\\\/wein-werte.com\\\/de\\\/produkt\\\/tement-ried-sulz-weisser-burgunder-erste-stk-lage-2021-750ml\\\/#breadcrumb\",\"itemListElement\":[{\"@type\":\"ListItem\",\"position\":1,\"name\":\"Home\",\"item\":\"https:\\\/\\\/wein-werte.com\\\/de\\\/\"},{\"@type\":\"ListItem\",\"position\":2,\"name\":\"Shop\",\"item\":\"https:\\\/\\\/wein-werte.com\\\/de\\\/shop\\\/\"},{\"@type\":\"ListItem\",\"position\":3,\"name\":\"Tement | S\u00fcdsteiermark | Ried Sulz Weisser Burgunder, Erste STK Lage | 2021 | 750ml | bio\"}]},{\"@type\":\"WebSite\",\"@id\":\"https:\\\/\\\/wein-werte.com\\\/de\\\/#website\",\"url\":\"https:\\\/\\\/wein-werte.com\\\/de\\\/\",\"name\":\"Wein Werte\",\"description\":\"\",\"publisher\":{\"@id\":\"https:\\\/\\\/wein-werte.com\\\/de\\\/#organization\"},\"potentialAction\":[{\"@type\":\"SearchAction\",\"target\":{\"@type\":\"EntryPoint\",\"urlTemplate\":\"https:\\\/\\\/wein-werte.com\\\/de\\\/?s={search_term_string}\"},\"query-input\":{\"@type\":\"PropertyValueSpecification\",\"valueRequired\":true,\"valueName\":\"search_term_string\"}}],\"inLanguage\":\"de\"},{\"@type\":\"Organization\",\"@id\":\"https:\\\/\\\/wein-werte.com\\\/de\\\/#organization\",\"name\":\"Vins Fins Thorrold\",\"url\":\"https:\\\/\\\/wein-werte.com\\\/de\\\/\",\"logo\":{\"@type\":\"ImageObject\",\"inLanguage\":\"de\",\"@id\":\"https:\\\/\\\/wein-werte.com\\\/de\\\/#\\\/schema\\\/logo\\\/image\\\/\",\"url\":\"https:\\\/\\\/wein-werte.com\\\/wp-content\\\/uploads\\\/2023\\\/07\\\/Wein_werte_Logo700-1.png\",\"contentUrl\":\"https:\\\/\\\/wein-werte.com\\\/wp-content\\\/uploads\\\/2023\\\/07\\\/Wein_werte_Logo700-1.png\",\"width\":700,\"height\":272,\"caption\":\"Vins Fins Thorrold\"},\"image\":{\"@id\":\"https:\\\/\\\/wein-werte.com\\\/de\\\/#\\\/schema\\\/logo\\\/image\\\/\"}}]}<\/script>\n<!-- \/ Yoast SEO plugin. -->","yoast_head_json":{"title":"Tement Ried Sulz Weisser Burgunder Erste STK Lage 2021","description":"Kaufe Tement Ried Sulz Weisser Burgunder Erste STK Lage 2021 (Wei\u00dfburgunder, trocken aus S\u00fcdsteiermark, \u00d6sterreich) bei Wein Werte, Ihrem nachhaltigen Onlineshop.","robots":{"index":"index","follow":"follow","max-snippet":"max-snippet:-1","max-image-preview":"max-image-preview:large","max-video-preview":"max-video-preview:-1"},"canonical":"https:\/\/wein-werte.com\/de\/produkt\/tement-ried-sulz-weisser-burgunder-erste-stk-lage-2021-750ml\/","og_locale":"de_DE","og_type":"article","og_title":"Tement Ried Sulz Weisser Burgunder Erste STK Lage 2021","og_description":"Kaufe Tement Ried Sulz Weisser Burgunder Erste STK Lage 2021 (Wei\u00dfburgunder, trocken aus S\u00fcdsteiermark, \u00d6sterreich) bei Wein Werte, Ihrem nachhaltigen Onlineshop.","og_url":"https:\/\/wein-werte.com\/de\/produkt\/tement-ried-sulz-weisser-burgunder-erste-stk-lage-2021-750ml\/","og_site_name":"Wein Werte","og_image":[{"width":306,"height":1200,"url":"https:\/\/wein-werte.com\/wp-content\/uploads\/2026\/04\/Tement-Ried-Sulz-Weisser-Burgunder-Erste-STK-Lage-2021-750ml.png","type":"image\/png"}],"twitter_card":"summary_large_image","twitter_misc":{"Gesch\u00e4tzte Lesezeit":"2\u00a0Minuten"},"schema":{"@context":"https:\/\/schema.org","@graph":[{"@type":"WebPage","@id":"https:\/\/wein-werte.com\/de\/produkt\/tement-ried-sulz-weisser-burgunder-erste-stk-lage-2021-750ml\/","url":"https:\/\/wein-werte.com\/de\/produkt\/tement-ried-sulz-weisser-burgunder-erste-stk-lage-2021-750ml\/","name":"Tement Ried Sulz Weisser Burgunder Erste STK Lage 2021","isPartOf":{"@id":"https:\/\/wein-werte.com\/de\/#website"},"primaryImageOfPage":{"@id":"https:\/\/wein-werte.com\/de\/produkt\/tement-ried-sulz-weisser-burgunder-erste-stk-lage-2021-750ml\/#primaryimage"},"image":{"@id":"https:\/\/wein-werte.com\/de\/produkt\/tement-ried-sulz-weisser-burgunder-erste-stk-lage-2021-750ml\/#primaryimage"},"thumbnailUrl":"https:\/\/wein-werte.com\/wp-content\/uploads\/2026\/04\/Tement-Ried-Sulz-Weisser-Burgunder-Erste-STK-Lage-2021-750ml.png","datePublished":"2026-05-08T17:53:38+00:00","description":"Kaufe Tement Ried Sulz Weisser Burgunder Erste STK Lage 2021 (Wei\u00dfburgunder, trocken aus S\u00fcdsteiermark, \u00d6sterreich) bei Wein Werte, Ihrem nachhaltigen Onlineshop.","breadcrumb":{"@id":"https:\/\/wein-werte.com\/de\/produkt\/tement-ried-sulz-weisser-burgunder-erste-stk-lage-2021-750ml\/#breadcrumb"},"inLanguage":"de","potentialAction":[{"@type":"ReadAction","target":["https:\/\/wein-werte.com\/de\/produkt\/tement-ried-sulz-weisser-burgunder-erste-stk-lage-2021-750ml\/"]}]},{"@type":"ImageObject","inLanguage":"de","@id":"https:\/\/wein-werte.com\/de\/produkt\/tement-ried-sulz-weisser-burgunder-erste-stk-lage-2021-750ml\/#primaryimage","url":"https:\/\/wein-werte.com\/wp-content\/uploads\/2026\/04\/Tement-Ried-Sulz-Weisser-Burgunder-Erste-STK-Lage-2021-750ml.png","contentUrl":"https:\/\/wein-werte.com\/wp-content\/uploads\/2026\/04\/Tement-Ried-Sulz-Weisser-Burgunder-Erste-STK-Lage-2021-750ml.png","width":306,"height":1200,"caption":"Tement Ried Sulz Weisser Burgunder, Erste STK Lage 2021 750ml"},{"@type":"BreadcrumbList","@id":"https:\/\/wein-werte.com\/de\/produkt\/tement-ried-sulz-weisser-burgunder-erste-stk-lage-2021-750ml\/#breadcrumb","itemListElement":[{"@type":"ListItem","position":1,"name":"Home","item":"https:\/\/wein-werte.com\/de\/"},{"@type":"ListItem","position":2,"name":"Shop","item":"https:\/\/wein-werte.com\/de\/shop\/"},{"@type":"ListItem","position":3,"name":"Tement | S\u00fcdsteiermark | Ried Sulz Weisser Burgunder, Erste STK Lage | 2021 | 750ml | bio"}]},{"@type":"WebSite","@id":"https:\/\/wein-werte.com\/de\/#website","url":"https:\/\/wein-werte.com\/de\/","name":"Wein Werte","description":"","publisher":{"@id":"https:\/\/wein-werte.com\/de\/#organization"},"potentialAction":[{"@type":"SearchAction","target":{"@type":"EntryPoint","urlTemplate":"https:\/\/wein-werte.com\/de\/?s={search_term_string}"},"query-input":{"@type":"PropertyValueSpecification","valueRequired":true,"valueName":"search_term_string"}}],"inLanguage":"de"},{"@type":"Organization","@id":"https:\/\/wein-werte.com\/de\/#organization","name":"Vins Fins Thorrold","url":"https:\/\/wein-werte.com\/de\/","logo":{"@type":"ImageObject","inLanguage":"de","@id":"https:\/\/wein-werte.com\/de\/#\/schema\/logo\/image\/","url":"https:\/\/wein-werte.com\/wp-content\/uploads\/2023\/07\/Wein_werte_Logo700-1.png","contentUrl":"https:\/\/wein-werte.com\/wp-content\/uploads\/2023\/07\/Wein_werte_Logo700-1.png","width":700,"height":272,"caption":"Vins Fins Thorrold"},"image":{"@id":"https:\/\/wein-werte.com\/de\/#\/schema\/logo\/image\/"}}]}},"_links":{"self":[{"href":"https:\/\/wein-werte.com\/de\/wp-json\/wp\/v2\/product\/1126366","targetHints":{"allow":["GET"]}}],"collection":[{"href":"https:\/\/wein-werte.com\/de\/wp-json\/wp\/v2\/product"}],"about":[{"href":"https:\/\/wein-werte.com\/de\/wp-json\/wp\/v2\/types\/product"}],"wp:featuredmedia":[{"embeddable":true,"href":"https:\/\/wein-werte.com\/de\/wp-json\/wp\/v2\/media\/1138540"}],"wp:attachment":[{"href":"https:\/\/wein-werte.com\/de\/wp-json\/wp\/v2\/media?parent=1126366"}],"wp:term":[{"taxonomy":"product_brand","embeddable":true,"href":"https:\/\/wein-werte.com\/de\/wp-json\/wp\/v2\/product_brand?post=1126366"},{"taxonomy":"product_cat","embeddable":true,"href":"https:\/\/wein-werte.com\/de\/wp-json\/wp\/v2\/product_cat?post=1126366"},{"taxonomy":"product_tag","embeddable":true,"href":"https:\/\/wein-werte.com\/de\/wp-json\/wp\/v2\/product_tag?post=1126366"}],"curies":[{"name":"wp","href":"https:\/\/api.w.org\/{rel}","templated":true}]}}