{"id":1126330,"date":"2026-05-05T18:17:57","date_gmt":"2026-05-05T16:17:57","guid":{"rendered":"https:\/\/wein-werte.com\/product\/tement-ried-zieregg-kar-sauvignon-blanc-grosse-stk-lage-2021-750ml\/"},"modified":"2026-05-01T23:38:23","modified_gmt":"2026-05-01T21:38:23","slug":"tement-ried-zieregg-kar-sauvignon-blanc-grosse-stk-lage-2021-750ml","status":"publish","type":"product","link":"https:\/\/wein-werte.com\/de\/produkt\/tement-ried-zieregg-kar-sauvignon-blanc-grosse-stk-lage-2021-750ml\/","title":{"rendered":"Tement | S\u00fcdsteiermark | Ried Zieregg K\u00e5r Sauvignon Blanc, Gro\u00dfe STK Lage | 2021 | 750ml | bio"},"content":{"rendered":"<p>Produktbeschreibung f\u00fcr Tement Ried Zieregg K\u00e5r Sauvignon Blanc, Gro\u00dfe STK Lage 2021 (bio) <\/p>\n<h5>Info<\/h5>\n<p> Der Jahrgang 2021 bietet bei Tement kristallklare, ausgereifte Weine an, die auf perfektem Traubenmaterial basieren. Januar und Februar waren von wundersch\u00f6nen, sonnigen Wintertagen gepr\u00e4gt. Trocken und sonnig, also perfekt f\u00fcr den Rebschnitt. Der M\u00e4rz folgte dann k\u00fchl und eher feucht, was den Austrieb leicht verz\u00f6gerte. April und Mai waren ebenso gepr\u00e4gt von eher k\u00fchlem und feuchtem Wetter. Der Fr\u00fchsommer zeigte sich eher moderat mit einer sp\u00e4teren Bl\u00fcte als derzeit gewohnt. Juli und August lieferten dann wieder ideale Bedingungen, um den leichten Verzug im Weinberg nahezu wieder aufholen lie\u00dfen. Kar steht im Dialekt f\u00fcr \u201ekalter Riegel\u201c. Es ist der Hausweingarten der Gro\u00dfmutter Edina und der Kiesner Berg, die von einer Wes-S\u00fcd-Ausrichtung gepr\u00e4gt sind und ein eher k\u00fchleres Mikroklima aufweisen. Hier entstehen k\u00fchle, karge, athletische und strukturierte Sauvignon Blanc. Im Boden findet man Braunerde auf Korallenkalk sowie blauen Kalkmergel. Die Fl\u00e4che erstreckt sich auf knapp 1,84ha. Bei 30-35% Gef\u00e4lle. Die knapp 9.000 Rebst\u00f6cke stehen zwischen 377 und 440 m N.N. Die Weine werden spontan vergoren und dann f\u00fcr ganze drei\u00dfig Monate auf der Feinhefe in alten, kleinen Eichenf\u00e4ssern ausgebaut. Es wird ohne Filtration abgef\u00fcllt. <\/p>\n<h5>Farbe<\/h5>\n<p> Leuchtendes Zitronengelb mit ganz leichter Tr\u00fcbung und gr\u00fcnen Einschl\u00fcssen <\/p>\n<h5>Nase<\/h5>\n<p> In der Nase zeigt er viele Elemente, die mir pers\u00f6nlich sehr gut gefallen. Der Sauvignon Blanc aus der Parzelle Kar innerhalb des Zieregg lebt von einer klaren, kalkigen Note. Rauchige Akzente unterst\u00fctzen diesen Terroir-Gedanken deutlich. Seien lange Reife auf der Hefe h\u00e4lt sich in diesem jungen Stadium noch recht zur\u00fcck, wird aber sicher noch ihrer Rolle gerecht werden. Eine feine Sch\u00e4rfe umgibt ihn. Balsamische Nuancen kommen nur zur\u00fcckhaltend zur Geltung. Daf\u00fcr treten dezent vegetabile und etherische Nuancen in Erscheinung. Erbe und Fenchel samt ihrer Saat und dem gr\u00fcnen Austrieb sind hervorzuheben. Ebenso Zitronenmelisse, Minze, Kerbel und Zitronengras. Frucht zeigt er stets im Hintergrund. Grapefruit, Limone sowie Nashi-Birne, wei\u00dfer Pfirsich und gelbe \u00c4pfel sorgen f\u00fcr gl\u00e4ttende Wogen. <\/p>\n<h5>Gaumen<\/h5>\n<p> Im Antrunk \u00e4hnelt er der Nase deutlich. Das kalkige, mineralische dominiert zun\u00e4chst. Hierzu kommen auch retronasal die rauchigen Akzente zur Hilfe. Er ist auf einer rassigen S\u00e4ure aufgebaut. Das zieht ihn enorm in die L\u00e4nge. An einem roten Faden wird er aufgezogen. Diesem Plan folgt der Zieregg Kar stringent. Eine feine Sch\u00e4rfe kommt auch hier wieder zur Geltung. Die Aromen reduzieren sich auf dezente fruchtige Akzente \u00e4hnlich der Nase, aber vor allem reichlich Kr\u00e4uterfrische. Das belebt und animiert. Minutenlang, Stunden lang. Wahrscheinlich auch \u00fcber mehrere Tage. Ein irrer Wein voller Gr\u00f6\u00dfe, L\u00e4nge, Eleganz und Frische. Unaufgeregt und doch gro\u00df in seiner leisen, subtilen Art. Eine gewisse Extraktintensit\u00e4t verleiht dem Wein mit Sauerstoff zudem eine gewisse F\u00fclle, die auch w\u00e4rmend wirken kann. <\/p>\n<p>Copyright Vinaturel 2025<\/p>\n<p>Keywords: <a href=\"https:\/\/wein-werte.com\/de\/shop\/?swoof=1&#038;pa_producer=Tement\">Tement<\/a> <a href=\"https:\/\/wein-werte.com\/de\/shop\/?swoof=1&#038;woof_text=Ried Zieregg K\u00e5r Sauvignon Blanc, Gro\u00dfe STK Lage\">Ried Zieregg K\u00e5r Sauvignon Blanc, Gro\u00dfe STK Lage<\/a> 2021 bio <a href=\"https:\/\/wein-werte.com\/de\/shop\/?swoof=1&#038;pa_region=S\u00fcdsteiermark\">S\u00fcdsteiermark<\/a> <a href=\"https:\/\/wein-werte.com\/de\/shop\/?swoof=1&#038;pa_country=\u00d6sterreich\">\u00d6sterreich<\/a><\/p>\n<p>Internetseite des Weinguts: <a href=\"https:\/\/www.tement.at\/\" target=\"_blank\">https:\/\/www.tement.at\/<\/a><\/p>\n","protected":false},"excerpt":{"rendered":"<p>Lieferzeit: 1 bis 2 Arbeitstage (DE), 2 bis 5 Arbeitstage (EU and CH)<\/p>\n","protected":false},"featured_media":1138512,"template":"","meta":[],"product_brand":[],"product_cat":[19],"product_tag":[],"class_list":{"0":"post-1126330","1":"product","2":"type-product","3":"status-publish","4":"has-post-thumbnail","6":"product_cat-unkategorisiert","7":"pa_alcohol-for-filter-12892","8":"pa_certified-biodynamic-nein-de","9":"pa_certified-organic-ja-de","10":"pa_colour-weiss","11":"pa_country-osterreich","12":"pa_grape-sauvignon-blanc","13":"pa_price-for-filter-10573","14":"pa_producer-tement","15":"pa_region-sudsteiermark","16":"pa_size-ml-6584","17":"pa_sweetness-trocken-de","18":"pa_type-2-still-de","19":"pa_vintage-2021-de","20":"entry","21":"has-media","23":"first","24":"instock","25":"taxable","26":"shipping-taxable","27":"purchasable","28":"product-type-simple"},"yoast_head":"<!-- This site is optimized with the Yoast SEO plugin v27.5 - https:\/\/yoast.com\/product\/yoast-seo-wordpress\/ -->\n<title>Tement Ried Zieregg K\u00e5r Sauvignon blanc Gro\u00dfe STK Lage 2021<\/title>\n<meta name=\"description\" content=\"Kaufe Tement Ried Zieregg K\u00e5r Sauvignon blanc Gro\u00dfe STK Lage 2021 (Sauvignon Blanc, trocken aus S\u00fcdsteiermark, \u00d6sterreich) bei Wein Werte, Ihrem nachhaltigen Onlineshop.\" \/>\n<meta name=\"robots\" content=\"index, follow, max-snippet:-1, max-image-preview:large, max-video-preview:-1\" \/>\n<link rel=\"canonical\" href=\"https:\/\/wein-werte.com\/de\/produkt\/tement-ried-zieregg-kar-sauvignon-blanc-grosse-stk-lage-2021-750ml\/\" \/>\n<meta property=\"og:locale\" content=\"de_DE\" \/>\n<meta property=\"og:type\" content=\"article\" \/>\n<meta property=\"og:title\" content=\"Tement Ried Zieregg K\u00e5r Sauvignon blanc Gro\u00dfe STK Lage 2021\" \/>\n<meta property=\"og:description\" content=\"Kaufe Tement Ried Zieregg K\u00e5r Sauvignon blanc Gro\u00dfe STK Lage 2021 (Sauvignon Blanc, trocken aus S\u00fcdsteiermark, \u00d6sterreich) bei Wein Werte, Ihrem nachhaltigen Onlineshop.\" \/>\n<meta property=\"og:url\" content=\"https:\/\/wein-werte.com\/de\/produkt\/tement-ried-zieregg-kar-sauvignon-blanc-grosse-stk-lage-2021-750ml\/\" \/>\n<meta property=\"og:site_name\" content=\"Wein Werte\" \/>\n<meta property=\"og:image\" content=\"https:\/\/wein-werte.com\/wp-content\/uploads\/2026\/04\/Tement-Ried-Zieregg-Kar-Sauvignon-blanc-Grosse-STK-Lage-2021-750ml.png\" \/>\n\t<meta property=\"og:image:width\" content=\"310\" \/>\n\t<meta property=\"og:image:height\" content=\"1200\" \/>\n\t<meta property=\"og:image:type\" content=\"image\/png\" \/>\n<meta name=\"twitter:card\" content=\"summary_large_image\" \/>\n<meta name=\"twitter:label1\" content=\"Gesch\u00e4tzte Lesezeit\" \/>\n\t<meta name=\"twitter:data1\" content=\"3\u00a0Minuten\" \/>\n<script type=\"application\/ld+json\" class=\"yoast-schema-graph\">{\"@context\":\"https:\\\/\\\/schema.org\",\"@graph\":[{\"@type\":\"WebPage\",\"@id\":\"https:\\\/\\\/wein-werte.com\\\/de\\\/produkt\\\/tement-ried-zieregg-kar-sauvignon-blanc-grosse-stk-lage-2021-750ml\\\/\",\"url\":\"https:\\\/\\\/wein-werte.com\\\/de\\\/produkt\\\/tement-ried-zieregg-kar-sauvignon-blanc-grosse-stk-lage-2021-750ml\\\/\",\"name\":\"Tement Ried Zieregg K\u00e5r Sauvignon blanc Gro\u00dfe STK Lage 2021\",\"isPartOf\":{\"@id\":\"https:\\\/\\\/wein-werte.com\\\/de\\\/#website\"},\"primaryImageOfPage\":{\"@id\":\"https:\\\/\\\/wein-werte.com\\\/de\\\/produkt\\\/tement-ried-zieregg-kar-sauvignon-blanc-grosse-stk-lage-2021-750ml\\\/#primaryimage\"},\"image\":{\"@id\":\"https:\\\/\\\/wein-werte.com\\\/de\\\/produkt\\\/tement-ried-zieregg-kar-sauvignon-blanc-grosse-stk-lage-2021-750ml\\\/#primaryimage\"},\"thumbnailUrl\":\"https:\\\/\\\/wein-werte.com\\\/wp-content\\\/uploads\\\/2026\\\/04\\\/Tement-Ried-Zieregg-Kar-Sauvignon-blanc-Grosse-STK-Lage-2021-750ml.png\",\"datePublished\":\"2026-05-05T16:17:57+00:00\",\"description\":\"Kaufe Tement Ried Zieregg K\u00e5r Sauvignon blanc Gro\u00dfe STK Lage 2021 (Sauvignon Blanc, trocken aus S\u00fcdsteiermark, \u00d6sterreich) bei Wein Werte, Ihrem nachhaltigen Onlineshop.\",\"breadcrumb\":{\"@id\":\"https:\\\/\\\/wein-werte.com\\\/de\\\/produkt\\\/tement-ried-zieregg-kar-sauvignon-blanc-grosse-stk-lage-2021-750ml\\\/#breadcrumb\"},\"inLanguage\":\"de\",\"potentialAction\":[{\"@type\":\"ReadAction\",\"target\":[\"https:\\\/\\\/wein-werte.com\\\/de\\\/produkt\\\/tement-ried-zieregg-kar-sauvignon-blanc-grosse-stk-lage-2021-750ml\\\/\"]}]},{\"@type\":\"ImageObject\",\"inLanguage\":\"de\",\"@id\":\"https:\\\/\\\/wein-werte.com\\\/de\\\/produkt\\\/tement-ried-zieregg-kar-sauvignon-blanc-grosse-stk-lage-2021-750ml\\\/#primaryimage\",\"url\":\"https:\\\/\\\/wein-werte.com\\\/wp-content\\\/uploads\\\/2026\\\/04\\\/Tement-Ried-Zieregg-Kar-Sauvignon-blanc-Grosse-STK-Lage-2021-750ml.png\",\"contentUrl\":\"https:\\\/\\\/wein-werte.com\\\/wp-content\\\/uploads\\\/2026\\\/04\\\/Tement-Ried-Zieregg-Kar-Sauvignon-blanc-Grosse-STK-Lage-2021-750ml.png\",\"width\":310,\"height\":1200,\"caption\":\"Tement Ried Zieregg K\u00e5r Sauvignon Blanc, Gro\u00dfe STK Lage 2021 750ml\"},{\"@type\":\"BreadcrumbList\",\"@id\":\"https:\\\/\\\/wein-werte.com\\\/de\\\/produkt\\\/tement-ried-zieregg-kar-sauvignon-blanc-grosse-stk-lage-2021-750ml\\\/#breadcrumb\",\"itemListElement\":[{\"@type\":\"ListItem\",\"position\":1,\"name\":\"Home\",\"item\":\"https:\\\/\\\/wein-werte.com\\\/de\\\/\"},{\"@type\":\"ListItem\",\"position\":2,\"name\":\"Shop\",\"item\":\"https:\\\/\\\/wein-werte.com\\\/de\\\/shop\\\/\"},{\"@type\":\"ListItem\",\"position\":3,\"name\":\"Tement | S\u00fcdsteiermark | Ried Zieregg K\u00e5r Sauvignon Blanc, Gro\u00dfe STK Lage | 2021 | 750ml | bio\"}]},{\"@type\":\"WebSite\",\"@id\":\"https:\\\/\\\/wein-werte.com\\\/de\\\/#website\",\"url\":\"https:\\\/\\\/wein-werte.com\\\/de\\\/\",\"name\":\"Wein Werte\",\"description\":\"\",\"publisher\":{\"@id\":\"https:\\\/\\\/wein-werte.com\\\/de\\\/#organization\"},\"potentialAction\":[{\"@type\":\"SearchAction\",\"target\":{\"@type\":\"EntryPoint\",\"urlTemplate\":\"https:\\\/\\\/wein-werte.com\\\/de\\\/?s={search_term_string}\"},\"query-input\":{\"@type\":\"PropertyValueSpecification\",\"valueRequired\":true,\"valueName\":\"search_term_string\"}}],\"inLanguage\":\"de\"},{\"@type\":\"Organization\",\"@id\":\"https:\\\/\\\/wein-werte.com\\\/de\\\/#organization\",\"name\":\"Vins Fins Thorrold\",\"url\":\"https:\\\/\\\/wein-werte.com\\\/de\\\/\",\"logo\":{\"@type\":\"ImageObject\",\"inLanguage\":\"de\",\"@id\":\"https:\\\/\\\/wein-werte.com\\\/de\\\/#\\\/schema\\\/logo\\\/image\\\/\",\"url\":\"https:\\\/\\\/wein-werte.com\\\/wp-content\\\/uploads\\\/2023\\\/07\\\/Wein_werte_Logo700-1.png\",\"contentUrl\":\"https:\\\/\\\/wein-werte.com\\\/wp-content\\\/uploads\\\/2023\\\/07\\\/Wein_werte_Logo700-1.png\",\"width\":700,\"height\":272,\"caption\":\"Vins Fins Thorrold\"},\"image\":{\"@id\":\"https:\\\/\\\/wein-werte.com\\\/de\\\/#\\\/schema\\\/logo\\\/image\\\/\"}}]}<\/script>\n<!-- \/ Yoast SEO plugin. -->","yoast_head_json":{"title":"Tement Ried Zieregg K\u00e5r Sauvignon blanc Gro\u00dfe STK Lage 2021","description":"Kaufe Tement Ried Zieregg K\u00e5r Sauvignon blanc Gro\u00dfe STK Lage 2021 (Sauvignon Blanc, trocken aus S\u00fcdsteiermark, \u00d6sterreich) bei Wein Werte, Ihrem nachhaltigen Onlineshop.","robots":{"index":"index","follow":"follow","max-snippet":"max-snippet:-1","max-image-preview":"max-image-preview:large","max-video-preview":"max-video-preview:-1"},"canonical":"https:\/\/wein-werte.com\/de\/produkt\/tement-ried-zieregg-kar-sauvignon-blanc-grosse-stk-lage-2021-750ml\/","og_locale":"de_DE","og_type":"article","og_title":"Tement Ried Zieregg K\u00e5r Sauvignon blanc Gro\u00dfe STK Lage 2021","og_description":"Kaufe Tement Ried Zieregg K\u00e5r Sauvignon blanc Gro\u00dfe STK Lage 2021 (Sauvignon Blanc, trocken aus S\u00fcdsteiermark, \u00d6sterreich) bei Wein Werte, Ihrem nachhaltigen Onlineshop.","og_url":"https:\/\/wein-werte.com\/de\/produkt\/tement-ried-zieregg-kar-sauvignon-blanc-grosse-stk-lage-2021-750ml\/","og_site_name":"Wein Werte","og_image":[{"width":310,"height":1200,"url":"https:\/\/wein-werte.com\/wp-content\/uploads\/2026\/04\/Tement-Ried-Zieregg-Kar-Sauvignon-blanc-Grosse-STK-Lage-2021-750ml.png","type":"image\/png"}],"twitter_card":"summary_large_image","twitter_misc":{"Gesch\u00e4tzte Lesezeit":"3\u00a0Minuten"},"schema":{"@context":"https:\/\/schema.org","@graph":[{"@type":"WebPage","@id":"https:\/\/wein-werte.com\/de\/produkt\/tement-ried-zieregg-kar-sauvignon-blanc-grosse-stk-lage-2021-750ml\/","url":"https:\/\/wein-werte.com\/de\/produkt\/tement-ried-zieregg-kar-sauvignon-blanc-grosse-stk-lage-2021-750ml\/","name":"Tement Ried Zieregg K\u00e5r Sauvignon blanc Gro\u00dfe STK Lage 2021","isPartOf":{"@id":"https:\/\/wein-werte.com\/de\/#website"},"primaryImageOfPage":{"@id":"https:\/\/wein-werte.com\/de\/produkt\/tement-ried-zieregg-kar-sauvignon-blanc-grosse-stk-lage-2021-750ml\/#primaryimage"},"image":{"@id":"https:\/\/wein-werte.com\/de\/produkt\/tement-ried-zieregg-kar-sauvignon-blanc-grosse-stk-lage-2021-750ml\/#primaryimage"},"thumbnailUrl":"https:\/\/wein-werte.com\/wp-content\/uploads\/2026\/04\/Tement-Ried-Zieregg-Kar-Sauvignon-blanc-Grosse-STK-Lage-2021-750ml.png","datePublished":"2026-05-05T16:17:57+00:00","description":"Kaufe Tement Ried Zieregg K\u00e5r Sauvignon blanc Gro\u00dfe STK Lage 2021 (Sauvignon Blanc, trocken aus S\u00fcdsteiermark, \u00d6sterreich) bei Wein Werte, Ihrem nachhaltigen Onlineshop.","breadcrumb":{"@id":"https:\/\/wein-werte.com\/de\/produkt\/tement-ried-zieregg-kar-sauvignon-blanc-grosse-stk-lage-2021-750ml\/#breadcrumb"},"inLanguage":"de","potentialAction":[{"@type":"ReadAction","target":["https:\/\/wein-werte.com\/de\/produkt\/tement-ried-zieregg-kar-sauvignon-blanc-grosse-stk-lage-2021-750ml\/"]}]},{"@type":"ImageObject","inLanguage":"de","@id":"https:\/\/wein-werte.com\/de\/produkt\/tement-ried-zieregg-kar-sauvignon-blanc-grosse-stk-lage-2021-750ml\/#primaryimage","url":"https:\/\/wein-werte.com\/wp-content\/uploads\/2026\/04\/Tement-Ried-Zieregg-Kar-Sauvignon-blanc-Grosse-STK-Lage-2021-750ml.png","contentUrl":"https:\/\/wein-werte.com\/wp-content\/uploads\/2026\/04\/Tement-Ried-Zieregg-Kar-Sauvignon-blanc-Grosse-STK-Lage-2021-750ml.png","width":310,"height":1200,"caption":"Tement Ried Zieregg K\u00e5r Sauvignon Blanc, Gro\u00dfe STK Lage 2021 750ml"},{"@type":"BreadcrumbList","@id":"https:\/\/wein-werte.com\/de\/produkt\/tement-ried-zieregg-kar-sauvignon-blanc-grosse-stk-lage-2021-750ml\/#breadcrumb","itemListElement":[{"@type":"ListItem","position":1,"name":"Home","item":"https:\/\/wein-werte.com\/de\/"},{"@type":"ListItem","position":2,"name":"Shop","item":"https:\/\/wein-werte.com\/de\/shop\/"},{"@type":"ListItem","position":3,"name":"Tement | S\u00fcdsteiermark | Ried Zieregg K\u00e5r Sauvignon Blanc, Gro\u00dfe STK Lage | 2021 | 750ml | bio"}]},{"@type":"WebSite","@id":"https:\/\/wein-werte.com\/de\/#website","url":"https:\/\/wein-werte.com\/de\/","name":"Wein Werte","description":"","publisher":{"@id":"https:\/\/wein-werte.com\/de\/#organization"},"potentialAction":[{"@type":"SearchAction","target":{"@type":"EntryPoint","urlTemplate":"https:\/\/wein-werte.com\/de\/?s={search_term_string}"},"query-input":{"@type":"PropertyValueSpecification","valueRequired":true,"valueName":"search_term_string"}}],"inLanguage":"de"},{"@type":"Organization","@id":"https:\/\/wein-werte.com\/de\/#organization","name":"Vins Fins Thorrold","url":"https:\/\/wein-werte.com\/de\/","logo":{"@type":"ImageObject","inLanguage":"de","@id":"https:\/\/wein-werte.com\/de\/#\/schema\/logo\/image\/","url":"https:\/\/wein-werte.com\/wp-content\/uploads\/2023\/07\/Wein_werte_Logo700-1.png","contentUrl":"https:\/\/wein-werte.com\/wp-content\/uploads\/2023\/07\/Wein_werte_Logo700-1.png","width":700,"height":272,"caption":"Vins Fins Thorrold"},"image":{"@id":"https:\/\/wein-werte.com\/de\/#\/schema\/logo\/image\/"}}]}},"_links":{"self":[{"href":"https:\/\/wein-werte.com\/de\/wp-json\/wp\/v2\/product\/1126330","targetHints":{"allow":["GET"]}}],"collection":[{"href":"https:\/\/wein-werte.com\/de\/wp-json\/wp\/v2\/product"}],"about":[{"href":"https:\/\/wein-werte.com\/de\/wp-json\/wp\/v2\/types\/product"}],"wp:featuredmedia":[{"embeddable":true,"href":"https:\/\/wein-werte.com\/de\/wp-json\/wp\/v2\/media\/1138512"}],"wp:attachment":[{"href":"https:\/\/wein-werte.com\/de\/wp-json\/wp\/v2\/media?parent=1126330"}],"wp:term":[{"taxonomy":"product_brand","embeddable":true,"href":"https:\/\/wein-werte.com\/de\/wp-json\/wp\/v2\/product_brand?post=1126330"},{"taxonomy":"product_cat","embeddable":true,"href":"https:\/\/wein-werte.com\/de\/wp-json\/wp\/v2\/product_cat?post=1126330"},{"taxonomy":"product_tag","embeddable":true,"href":"https:\/\/wein-werte.com\/de\/wp-json\/wp\/v2\/product_tag?post=1126330"}],"curies":[{"name":"wp","href":"https:\/\/api.w.org\/{rel}","templated":true}]}}