{"id":1126285,"date":"2026-05-08T19:53:34","date_gmt":"2026-05-08T17:53:34","guid":{"rendered":"https:\/\/wein-werte.com\/product\/tement-ried-grassnitzberg-riff-sauvignon-blanc-erste-stk-lage-2020-1500ml\/"},"modified":"2026-05-01T23:38:17","modified_gmt":"2026-05-01T21:38:17","slug":"tement-ried-grassnitzberg-riff-sauvignon-blanc-erste-stk-lage-2020-1500ml","status":"publish","type":"product","link":"https:\/\/wein-werte.com\/de\/produkt\/tement-ried-grassnitzberg-riff-sauvignon-blanc-erste-stk-lage-2020-1500ml\/","title":{"rendered":"Tement | S\u00fcdsteiermark | Ried Grassnitzberg Riff Sauvignon Blanc, Erste STK Lage | 2020 | 1500ml | bio"},"content":{"rendered":"<p>Produktbeschreibung f\u00fcr Tement Ried Grassnitzberg Riff Sauvignon Blanc, Erste STK Lage 2020 (bio)<\/p>\n<p> Die Riede Grassnitzberg ist eine geschlossene Kessellage auf 300-420 Metern Seeh\u00f6he mit sandig lehmigen Verwitterungsb\u00f6den. Der Grassnitzberg wurde in den 1950er Jahren vom Gr\u00fcnder Josef Tement gepflanzt und ist nicht nur der \u00e4lteste Weinberg Tements, sondern im Vergleich zum Blatsch, Zieregg, Ciringa und Wielitschberg auch die k\u00fchlste Riede und ergibt stets s\u00e4urebetonte, straffe Weine mit hohem Trinkvergn\u00fcgen. Die Trauben wurden selektiv von Hand gelesen und durchlaufen anschlie\u00dfend eine Maischestandzeit. Der Ried Grassnitzberg Riff reifte f\u00fcr 24 Monate im gro\u00dfen Holz auf der Feinhefe und spiegelt durch den langen Ausbau den Charakter des kargen Bodens, die Stilistik des Hauses sowie das Entwicklungspotential eines Weines aus Ersten Lagen. <\/p>\n<h5>Farbe<\/h5>\n<p> Sattes Strohgelb mit gr\u00fcnen Reflexen. <\/p>\n<h5>Nase<\/h5>\n<p> Der 2020 Sauvignon blanc aus der Ried Grassnitzberg Riff vom Weingut Tement zeigt sich in der Nase etwas offenherziger als die Weine aus der Gro\u00dfen STK. Unter der leicht rauchigen Kopfnote zeigen sich gelbe Fruchtaromen, die an Aprikosen oder saftige Nektarinen erinnern. Zitrusnoten nach Zitronenbl\u00fcten und Pink Grapefruit-Zesten skizzieren den zitrisch-gelbfruchtigen Charakter des Weines, Zitronenmelisse, Kerbel und Cassisbl\u00e4tter konturieren seine kr\u00e4uterw\u00fcrzigen Eigenschaften. <\/p>\n<h5>Mund<\/h5>\n<p> Im Antrunk changiert er zwischen kr\u00e4utrig gr\u00fcner und saftig gelber Fuchtaromatik, getrieben von einem vibrierendem S\u00e4urenerv. Animierend mit k\u00fchlem Charakter und feinem Extrakt ist er bereits in der Jugend ausladend und gro\u00dfz\u00fcgig ohne sein Pulver komplett zu verschiessen, denn er profitiert durchaus von einigen Jahren Flaschenreife. In der Jugend schwebt er irgendwo zwischen definierter Struktur und schwebender Eleganz. Zartsalzig mit herber Phenolik fliesst er rasant ins fruchtig-herbe, k\u00fchle Finish.<\/p>\n<p>Copyright Vinaturel 2025<\/p>\n<p>Keywords: <a href=\"https:\/\/wein-werte.com\/de\/shop\/?swoof=1&#038;pa_producer=Tement\">Tement<\/a> <a href=\"https:\/\/wein-werte.com\/de\/shop\/?swoof=1&#038;woof_text=Ried Grassnitzberg Riff Sauvignon Blanc, Erste STK Lage\">Ried Grassnitzberg Riff Sauvignon Blanc, Erste STK Lage<\/a> 2020 bio <a href=\"https:\/\/wein-werte.com\/de\/shop\/?swoof=1&#038;pa_region=S\u00fcdsteiermark\">S\u00fcdsteiermark<\/a> <a href=\"https:\/\/wein-werte.com\/de\/shop\/?swoof=1&#038;pa_country=\u00d6sterreich\">\u00d6sterreich<\/a><\/p>\n<p>Internetseite des Weinguts: <a href=\"https:\/\/www.tement.at\/\" target=\"_blank\">https:\/\/www.tement.at\/<\/a><\/p>\n","protected":false},"excerpt":{"rendered":"<p>Lieferzeit: 1 bis 2 Arbeitstage (DE), 2 bis 5 Arbeitstage (EU and CH)<\/p>\n","protected":false},"featured_media":1138476,"template":"","meta":[],"product_brand":[],"product_cat":[19],"product_tag":[],"class_list":{"0":"post-1126285","1":"product","2":"type-product","3":"status-publish","4":"has-post-thumbnail","6":"product_cat-unkategorisiert","7":"pa_alcohol-for-filter-12897","8":"pa_certified-biodynamic-nein-de","9":"pa_certified-organic-ja-de","10":"pa_colour-weiss","11":"pa_country-osterreich","12":"pa_grape-sauvignon-blanc","13":"pa_price-for-filter-10611","14":"pa_producer-tement","15":"pa_region-sudsteiermark","16":"pa_size-ml-6657","17":"pa_sweetness-trocken-de","18":"pa_type-2-still-de","19":"pa_vintage-2020-de","20":"entry","21":"has-media","23":"first","24":"instock","25":"taxable","26":"shipping-taxable","27":"purchasable","28":"product-type-simple"},"yoast_head":"<!-- This site is optimized with the Yoast SEO plugin v27.5 - https:\/\/yoast.com\/product\/yoast-seo-wordpress\/ -->\n<title>Tement Ried Grassnitzberg Riff Sauvignon blanc Erste STK Lage 2020, 1500ml<\/title>\n<meta name=\"description\" content=\"Kaufe Tement Ried Grassnitzberg Riff Sauvignon blanc Erste STK Lage 2020 (Sauvignon Blanc, trocken aus S\u00fcdsteiermark, \u00d6sterreich) bei Wein Werte, Ihrem nachhaltigen Onlineshop.\" \/>\n<meta name=\"robots\" content=\"index, follow, max-snippet:-1, max-image-preview:large, max-video-preview:-1\" \/>\n<link rel=\"canonical\" href=\"https:\/\/wein-werte.com\/de\/produkt\/tement-ried-grassnitzberg-riff-sauvignon-blanc-erste-stk-lage-2020-1500ml\/\" \/>\n<meta property=\"og:locale\" content=\"de_DE\" \/>\n<meta property=\"og:type\" content=\"article\" \/>\n<meta property=\"og:title\" content=\"Tement Ried Grassnitzberg Riff Sauvignon blanc Erste STK Lage 2020, 1500ml\" \/>\n<meta property=\"og:description\" content=\"Kaufe Tement Ried Grassnitzberg Riff Sauvignon blanc Erste STK Lage 2020 (Sauvignon Blanc, trocken aus S\u00fcdsteiermark, \u00d6sterreich) bei Wein Werte, Ihrem nachhaltigen Onlineshop.\" \/>\n<meta property=\"og:url\" content=\"https:\/\/wein-werte.com\/de\/produkt\/tement-ried-grassnitzberg-riff-sauvignon-blanc-erste-stk-lage-2020-1500ml\/\" \/>\n<meta property=\"og:site_name\" content=\"Wein Werte\" \/>\n<meta property=\"og:image\" content=\"https:\/\/wein-werte.com\/wp-content\/uploads\/2026\/04\/Tement-Ried-Grassnitzberg-Riff-Sauvignon-blanc-Erste-STK-Lage-2020-1500ml.png\" \/>\n\t<meta property=\"og:image:width\" content=\"351\" \/>\n\t<meta property=\"og:image:height\" content=\"1200\" \/>\n\t<meta property=\"og:image:type\" content=\"image\/png\" \/>\n<meta name=\"twitter:card\" content=\"summary_large_image\" \/>\n<meta name=\"twitter:label1\" content=\"Gesch\u00e4tzte Lesezeit\" \/>\n\t<meta name=\"twitter:data1\" content=\"2\u00a0Minuten\" \/>\n<script type=\"application\/ld+json\" class=\"yoast-schema-graph\">{\"@context\":\"https:\\\/\\\/schema.org\",\"@graph\":[{\"@type\":\"WebPage\",\"@id\":\"https:\\\/\\\/wein-werte.com\\\/de\\\/produkt\\\/tement-ried-grassnitzberg-riff-sauvignon-blanc-erste-stk-lage-2020-1500ml\\\/\",\"url\":\"https:\\\/\\\/wein-werte.com\\\/de\\\/produkt\\\/tement-ried-grassnitzberg-riff-sauvignon-blanc-erste-stk-lage-2020-1500ml\\\/\",\"name\":\"Tement Ried Grassnitzberg Riff Sauvignon blanc Erste STK Lage 2020, 1500ml\",\"isPartOf\":{\"@id\":\"https:\\\/\\\/wein-werte.com\\\/de\\\/#website\"},\"primaryImageOfPage\":{\"@id\":\"https:\\\/\\\/wein-werte.com\\\/de\\\/produkt\\\/tement-ried-grassnitzberg-riff-sauvignon-blanc-erste-stk-lage-2020-1500ml\\\/#primaryimage\"},\"image\":{\"@id\":\"https:\\\/\\\/wein-werte.com\\\/de\\\/produkt\\\/tement-ried-grassnitzberg-riff-sauvignon-blanc-erste-stk-lage-2020-1500ml\\\/#primaryimage\"},\"thumbnailUrl\":\"https:\\\/\\\/wein-werte.com\\\/wp-content\\\/uploads\\\/2026\\\/04\\\/Tement-Ried-Grassnitzberg-Riff-Sauvignon-blanc-Erste-STK-Lage-2020-1500ml.png\",\"datePublished\":\"2026-05-08T17:53:34+00:00\",\"description\":\"Kaufe Tement Ried Grassnitzberg Riff Sauvignon blanc Erste STK Lage 2020 (Sauvignon Blanc, trocken aus S\u00fcdsteiermark, \u00d6sterreich) bei Wein Werte, Ihrem nachhaltigen Onlineshop.\",\"breadcrumb\":{\"@id\":\"https:\\\/\\\/wein-werte.com\\\/de\\\/produkt\\\/tement-ried-grassnitzberg-riff-sauvignon-blanc-erste-stk-lage-2020-1500ml\\\/#breadcrumb\"},\"inLanguage\":\"de\",\"potentialAction\":[{\"@type\":\"ReadAction\",\"target\":[\"https:\\\/\\\/wein-werte.com\\\/de\\\/produkt\\\/tement-ried-grassnitzberg-riff-sauvignon-blanc-erste-stk-lage-2020-1500ml\\\/\"]}]},{\"@type\":\"ImageObject\",\"inLanguage\":\"de\",\"@id\":\"https:\\\/\\\/wein-werte.com\\\/de\\\/produkt\\\/tement-ried-grassnitzberg-riff-sauvignon-blanc-erste-stk-lage-2020-1500ml\\\/#primaryimage\",\"url\":\"https:\\\/\\\/wein-werte.com\\\/wp-content\\\/uploads\\\/2026\\\/04\\\/Tement-Ried-Grassnitzberg-Riff-Sauvignon-blanc-Erste-STK-Lage-2020-1500ml.png\",\"contentUrl\":\"https:\\\/\\\/wein-werte.com\\\/wp-content\\\/uploads\\\/2026\\\/04\\\/Tement-Ried-Grassnitzberg-Riff-Sauvignon-blanc-Erste-STK-Lage-2020-1500ml.png\",\"width\":351,\"height\":1200,\"caption\":\"Tement Ried Grassnitzberg Riff Sauvignon Blanc, Erste STK Lage 2020 1500ml\"},{\"@type\":\"BreadcrumbList\",\"@id\":\"https:\\\/\\\/wein-werte.com\\\/de\\\/produkt\\\/tement-ried-grassnitzberg-riff-sauvignon-blanc-erste-stk-lage-2020-1500ml\\\/#breadcrumb\",\"itemListElement\":[{\"@type\":\"ListItem\",\"position\":1,\"name\":\"Home\",\"item\":\"https:\\\/\\\/wein-werte.com\\\/de\\\/\"},{\"@type\":\"ListItem\",\"position\":2,\"name\":\"Shop\",\"item\":\"https:\\\/\\\/wein-werte.com\\\/de\\\/shop\\\/\"},{\"@type\":\"ListItem\",\"position\":3,\"name\":\"Tement | S\u00fcdsteiermark | Ried Grassnitzberg Riff Sauvignon Blanc, Erste STK Lage | 2020 | 1500ml | bio\"}]},{\"@type\":\"WebSite\",\"@id\":\"https:\\\/\\\/wein-werte.com\\\/de\\\/#website\",\"url\":\"https:\\\/\\\/wein-werte.com\\\/de\\\/\",\"name\":\"Wein Werte\",\"description\":\"\",\"publisher\":{\"@id\":\"https:\\\/\\\/wein-werte.com\\\/de\\\/#organization\"},\"potentialAction\":[{\"@type\":\"SearchAction\",\"target\":{\"@type\":\"EntryPoint\",\"urlTemplate\":\"https:\\\/\\\/wein-werte.com\\\/de\\\/?s={search_term_string}\"},\"query-input\":{\"@type\":\"PropertyValueSpecification\",\"valueRequired\":true,\"valueName\":\"search_term_string\"}}],\"inLanguage\":\"de\"},{\"@type\":\"Organization\",\"@id\":\"https:\\\/\\\/wein-werte.com\\\/de\\\/#organization\",\"name\":\"Vins Fins Thorrold\",\"url\":\"https:\\\/\\\/wein-werte.com\\\/de\\\/\",\"logo\":{\"@type\":\"ImageObject\",\"inLanguage\":\"de\",\"@id\":\"https:\\\/\\\/wein-werte.com\\\/de\\\/#\\\/schema\\\/logo\\\/image\\\/\",\"url\":\"https:\\\/\\\/wein-werte.com\\\/wp-content\\\/uploads\\\/2023\\\/07\\\/Wein_werte_Logo700-1.png\",\"contentUrl\":\"https:\\\/\\\/wein-werte.com\\\/wp-content\\\/uploads\\\/2023\\\/07\\\/Wein_werte_Logo700-1.png\",\"width\":700,\"height\":272,\"caption\":\"Vins Fins Thorrold\"},\"image\":{\"@id\":\"https:\\\/\\\/wein-werte.com\\\/de\\\/#\\\/schema\\\/logo\\\/image\\\/\"}}]}<\/script>\n<!-- \/ Yoast SEO plugin. -->","yoast_head_json":{"title":"Tement Ried Grassnitzberg Riff Sauvignon blanc Erste STK Lage 2020, 1500ml","description":"Kaufe Tement Ried Grassnitzberg Riff Sauvignon blanc Erste STK Lage 2020 (Sauvignon Blanc, trocken aus S\u00fcdsteiermark, \u00d6sterreich) bei Wein Werte, Ihrem nachhaltigen Onlineshop.","robots":{"index":"index","follow":"follow","max-snippet":"max-snippet:-1","max-image-preview":"max-image-preview:large","max-video-preview":"max-video-preview:-1"},"canonical":"https:\/\/wein-werte.com\/de\/produkt\/tement-ried-grassnitzberg-riff-sauvignon-blanc-erste-stk-lage-2020-1500ml\/","og_locale":"de_DE","og_type":"article","og_title":"Tement Ried Grassnitzberg Riff Sauvignon blanc Erste STK Lage 2020, 1500ml","og_description":"Kaufe Tement Ried Grassnitzberg Riff Sauvignon blanc Erste STK Lage 2020 (Sauvignon Blanc, trocken aus S\u00fcdsteiermark, \u00d6sterreich) bei Wein Werte, Ihrem nachhaltigen Onlineshop.","og_url":"https:\/\/wein-werte.com\/de\/produkt\/tement-ried-grassnitzberg-riff-sauvignon-blanc-erste-stk-lage-2020-1500ml\/","og_site_name":"Wein Werte","og_image":[{"width":351,"height":1200,"url":"https:\/\/wein-werte.com\/wp-content\/uploads\/2026\/04\/Tement-Ried-Grassnitzberg-Riff-Sauvignon-blanc-Erste-STK-Lage-2020-1500ml.png","type":"image\/png"}],"twitter_card":"summary_large_image","twitter_misc":{"Gesch\u00e4tzte Lesezeit":"2\u00a0Minuten"},"schema":{"@context":"https:\/\/schema.org","@graph":[{"@type":"WebPage","@id":"https:\/\/wein-werte.com\/de\/produkt\/tement-ried-grassnitzberg-riff-sauvignon-blanc-erste-stk-lage-2020-1500ml\/","url":"https:\/\/wein-werte.com\/de\/produkt\/tement-ried-grassnitzberg-riff-sauvignon-blanc-erste-stk-lage-2020-1500ml\/","name":"Tement Ried Grassnitzberg Riff Sauvignon blanc Erste STK Lage 2020, 1500ml","isPartOf":{"@id":"https:\/\/wein-werte.com\/de\/#website"},"primaryImageOfPage":{"@id":"https:\/\/wein-werte.com\/de\/produkt\/tement-ried-grassnitzberg-riff-sauvignon-blanc-erste-stk-lage-2020-1500ml\/#primaryimage"},"image":{"@id":"https:\/\/wein-werte.com\/de\/produkt\/tement-ried-grassnitzberg-riff-sauvignon-blanc-erste-stk-lage-2020-1500ml\/#primaryimage"},"thumbnailUrl":"https:\/\/wein-werte.com\/wp-content\/uploads\/2026\/04\/Tement-Ried-Grassnitzberg-Riff-Sauvignon-blanc-Erste-STK-Lage-2020-1500ml.png","datePublished":"2026-05-08T17:53:34+00:00","description":"Kaufe Tement Ried Grassnitzberg Riff Sauvignon blanc Erste STK Lage 2020 (Sauvignon Blanc, trocken aus S\u00fcdsteiermark, \u00d6sterreich) bei Wein Werte, Ihrem nachhaltigen Onlineshop.","breadcrumb":{"@id":"https:\/\/wein-werte.com\/de\/produkt\/tement-ried-grassnitzberg-riff-sauvignon-blanc-erste-stk-lage-2020-1500ml\/#breadcrumb"},"inLanguage":"de","potentialAction":[{"@type":"ReadAction","target":["https:\/\/wein-werte.com\/de\/produkt\/tement-ried-grassnitzberg-riff-sauvignon-blanc-erste-stk-lage-2020-1500ml\/"]}]},{"@type":"ImageObject","inLanguage":"de","@id":"https:\/\/wein-werte.com\/de\/produkt\/tement-ried-grassnitzberg-riff-sauvignon-blanc-erste-stk-lage-2020-1500ml\/#primaryimage","url":"https:\/\/wein-werte.com\/wp-content\/uploads\/2026\/04\/Tement-Ried-Grassnitzberg-Riff-Sauvignon-blanc-Erste-STK-Lage-2020-1500ml.png","contentUrl":"https:\/\/wein-werte.com\/wp-content\/uploads\/2026\/04\/Tement-Ried-Grassnitzberg-Riff-Sauvignon-blanc-Erste-STK-Lage-2020-1500ml.png","width":351,"height":1200,"caption":"Tement Ried Grassnitzberg Riff Sauvignon Blanc, Erste STK Lage 2020 1500ml"},{"@type":"BreadcrumbList","@id":"https:\/\/wein-werte.com\/de\/produkt\/tement-ried-grassnitzberg-riff-sauvignon-blanc-erste-stk-lage-2020-1500ml\/#breadcrumb","itemListElement":[{"@type":"ListItem","position":1,"name":"Home","item":"https:\/\/wein-werte.com\/de\/"},{"@type":"ListItem","position":2,"name":"Shop","item":"https:\/\/wein-werte.com\/de\/shop\/"},{"@type":"ListItem","position":3,"name":"Tement | S\u00fcdsteiermark | Ried Grassnitzberg Riff Sauvignon Blanc, Erste STK Lage | 2020 | 1500ml | bio"}]},{"@type":"WebSite","@id":"https:\/\/wein-werte.com\/de\/#website","url":"https:\/\/wein-werte.com\/de\/","name":"Wein Werte","description":"","publisher":{"@id":"https:\/\/wein-werte.com\/de\/#organization"},"potentialAction":[{"@type":"SearchAction","target":{"@type":"EntryPoint","urlTemplate":"https:\/\/wein-werte.com\/de\/?s={search_term_string}"},"query-input":{"@type":"PropertyValueSpecification","valueRequired":true,"valueName":"search_term_string"}}],"inLanguage":"de"},{"@type":"Organization","@id":"https:\/\/wein-werte.com\/de\/#organization","name":"Vins Fins Thorrold","url":"https:\/\/wein-werte.com\/de\/","logo":{"@type":"ImageObject","inLanguage":"de","@id":"https:\/\/wein-werte.com\/de\/#\/schema\/logo\/image\/","url":"https:\/\/wein-werte.com\/wp-content\/uploads\/2023\/07\/Wein_werte_Logo700-1.png","contentUrl":"https:\/\/wein-werte.com\/wp-content\/uploads\/2023\/07\/Wein_werte_Logo700-1.png","width":700,"height":272,"caption":"Vins Fins Thorrold"},"image":{"@id":"https:\/\/wein-werte.com\/de\/#\/schema\/logo\/image\/"}}]}},"_links":{"self":[{"href":"https:\/\/wein-werte.com\/de\/wp-json\/wp\/v2\/product\/1126285","targetHints":{"allow":["GET"]}}],"collection":[{"href":"https:\/\/wein-werte.com\/de\/wp-json\/wp\/v2\/product"}],"about":[{"href":"https:\/\/wein-werte.com\/de\/wp-json\/wp\/v2\/types\/product"}],"wp:featuredmedia":[{"embeddable":true,"href":"https:\/\/wein-werte.com\/de\/wp-json\/wp\/v2\/media\/1138476"}],"wp:attachment":[{"href":"https:\/\/wein-werte.com\/de\/wp-json\/wp\/v2\/media?parent=1126285"}],"wp:term":[{"taxonomy":"product_brand","embeddable":true,"href":"https:\/\/wein-werte.com\/de\/wp-json\/wp\/v2\/product_brand?post=1126285"},{"taxonomy":"product_cat","embeddable":true,"href":"https:\/\/wein-werte.com\/de\/wp-json\/wp\/v2\/product_cat?post=1126285"},{"taxonomy":"product_tag","embeddable":true,"href":"https:\/\/wein-werte.com\/de\/wp-json\/wp\/v2\/product_tag?post=1126285"}],"curies":[{"name":"wp","href":"https:\/\/api.w.org\/{rel}","templated":true}]}}