{"id":1126264,"date":"2026-05-08T19:53:33","date_gmt":"2026-05-08T17:53:33","guid":{"rendered":"https:\/\/wein-werte.com\/product\/tement-ried-zieregg-iz-reserve-grosse-stk-lage-2018-750ml\/"},"modified":"2026-05-01T23:38:14","modified_gmt":"2026-05-01T21:38:14","slug":"tement-ried-zieregg-iz-reserve-grosse-stk-lage-2018-750ml","status":"publish","type":"product","link":"https:\/\/wein-werte.com\/de\/produkt\/tement-ried-zieregg-iz-reserve-grosse-stk-lage-2018-750ml\/","title":{"rendered":"Tement | S\u00fcdsteiermark | Ried Zieregg IZ Reserve, Gro\u00dfe STK Lage | 2018 | 750ml | bio"},"content":{"rendered":"<p>Produktbeschreibung f\u00fcr Tement Ried Zieregg IZ Reserve, Gro\u00dfe STK Lage 2018 (bio)<\/p>\n<p> Schon als 16-J\u00e4hriger musste Manfred Tement das elterliche Weingut \u00fcbernehmen, weil sein Vater 1976 \u00fcberraschend starb. Als Jungspund galt der Steirer bereits in den 80er Jahren als gro\u00dfes Winzertalent. \u00abNicht stehen bleiben, immer besser werden\u00bb war sein Motto. Mit den Jahren wuchs der Betrieb von zwei auf heute rund 80 Hektar, inklusive der 20 Hektar, die 2004 auf slowenischer Seite der Lage Ciringa (Zieregg) erworben wurden. Damit tanzt man heute auf zwei Zieregg-Hochzeiten. Der \u00e4lteste Sohn Armin ist bereits seit 2005 mit in der Verantwortung, seit einigen Jahren vervollst\u00e4ndigt auch der Zweitgeborene Stefan das Tement-Trio. Gemeinsam wurde die Entscheidung getroffen, auf Bio-Weinbau umzustellen. Schon immer ist man mutige Schritte gegangen, und in der feuchten Steiermark ist es schon eine Herausforderung, einen solch gro\u00dfen Betrieb komplett auf Bio umzustellen. <\/p>\n<p>Copyright Vinaturel 2025<\/p>\n<p>Keywords: <a href=\"https:\/\/wein-werte.com\/de\/shop\/?swoof=1&#038;pa_producer=Tement\">Tement<\/a> <a href=\"https:\/\/wein-werte.com\/de\/shop\/?swoof=1&#038;woof_text=Ried Zieregg IZ Reserve, Gro\u00dfe STK Lage\">Ried Zieregg IZ Reserve, Gro\u00dfe STK Lage<\/a> 2018 bio <a href=\"https:\/\/wein-werte.com\/de\/shop\/?swoof=1&#038;pa_region=S\u00fcdsteiermark\">S\u00fcdsteiermark<\/a> <a href=\"https:\/\/wein-werte.com\/de\/shop\/?swoof=1&#038;pa_country=\u00d6sterreich\">\u00d6sterreich<\/a><\/p>\n<p>Internetseite des Weinguts: <a href=\"https:\/\/www.tement.at\/\" target=\"_blank\">https:\/\/www.tement.at\/<\/a><\/p>\n","protected":false},"excerpt":{"rendered":"<p>Lieferzeit: 1 bis 2 Arbeitstage (DE), 2 bis 5 Arbeitstage (EU and CH)<\/p>\n","protected":false},"featured_media":1138464,"template":"","meta":[],"product_brand":[],"product_cat":[19],"product_tag":[],"class_list":{"0":"post-1126264","1":"product","2":"type-product","3":"status-publish","4":"has-post-thumbnail","6":"product_cat-unkategorisiert","7":"pa_alcohol-for-filter-13-5","8":"pa_certified-biodynamic-nein-de","9":"pa_certified-organic-ja-de","10":"pa_colour-weiss","11":"pa_country-osterreich","12":"pa_grape-sauvignon-blanc","13":"pa_price-for-filter-10673","14":"pa_producer-tement","15":"pa_region-sudsteiermark","16":"pa_size-ml-6584","17":"pa_sweetness-trocken-de","18":"pa_type-2-still-de","19":"pa_vintage-2018-de","20":"entry","21":"has-media","23":"first","24":"instock","25":"taxable","26":"shipping-taxable","27":"purchasable","28":"product-type-simple"},"yoast_head":"<!-- This site is optimized with the Yoast SEO plugin v27.5 - https:\/\/yoast.com\/product\/yoast-seo-wordpress\/ -->\n<title>Tement Ried Zieregg IZ Reserve Gro\u00dfe STK Lage 2018<\/title>\n<meta name=\"description\" content=\"Kaufe Tement Ried Zieregg IZ Reserve Gro\u00dfe STK Lage 2018 (Sauvignon Blanc, trocken aus S\u00fcdsteiermark, \u00d6sterreich) bei Wein Werte, Ihrem nachhaltigen Onlineshop.\" \/>\n<meta name=\"robots\" content=\"index, follow, max-snippet:-1, max-image-preview:large, max-video-preview:-1\" \/>\n<link rel=\"canonical\" href=\"https:\/\/wein-werte.com\/de\/produkt\/tement-ried-zieregg-iz-reserve-grosse-stk-lage-2018-750ml\/\" \/>\n<meta property=\"og:locale\" content=\"de_DE\" \/>\n<meta property=\"og:type\" content=\"article\" \/>\n<meta property=\"og:title\" content=\"Tement Ried Zieregg IZ Reserve Gro\u00dfe STK Lage 2018\" \/>\n<meta property=\"og:description\" content=\"Kaufe Tement Ried Zieregg IZ Reserve Gro\u00dfe STK Lage 2018 (Sauvignon Blanc, trocken aus S\u00fcdsteiermark, \u00d6sterreich) bei Wein Werte, Ihrem nachhaltigen Onlineshop.\" \/>\n<meta property=\"og:url\" content=\"https:\/\/wein-werte.com\/de\/produkt\/tement-ried-zieregg-iz-reserve-grosse-stk-lage-2018-750ml\/\" \/>\n<meta property=\"og:site_name\" content=\"Wein Werte\" \/>\n<meta property=\"og:image\" content=\"https:\/\/wein-werte.com\/wp-content\/uploads\/2026\/04\/Tement-Ried-Zieregg-IZ-Reserve-Grosse-STK-Lage-2018-750ml.png\" \/>\n\t<meta property=\"og:image:width\" content=\"309\" \/>\n\t<meta property=\"og:image:height\" content=\"1200\" \/>\n\t<meta property=\"og:image:type\" content=\"image\/png\" \/>\n<meta name=\"twitter:card\" content=\"summary_large_image\" \/>\n<meta name=\"twitter:label1\" content=\"Gesch\u00e4tzte Lesezeit\" \/>\n\t<meta name=\"twitter:data1\" content=\"1\u00a0Minute\" \/>\n<script type=\"application\/ld+json\" class=\"yoast-schema-graph\">{\"@context\":\"https:\\\/\\\/schema.org\",\"@graph\":[{\"@type\":\"WebPage\",\"@id\":\"https:\\\/\\\/wein-werte.com\\\/de\\\/produkt\\\/tement-ried-zieregg-iz-reserve-grosse-stk-lage-2018-750ml\\\/\",\"url\":\"https:\\\/\\\/wein-werte.com\\\/de\\\/produkt\\\/tement-ried-zieregg-iz-reserve-grosse-stk-lage-2018-750ml\\\/\",\"name\":\"Tement Ried Zieregg IZ Reserve Gro\u00dfe STK Lage 2018\",\"isPartOf\":{\"@id\":\"https:\\\/\\\/wein-werte.com\\\/de\\\/#website\"},\"primaryImageOfPage\":{\"@id\":\"https:\\\/\\\/wein-werte.com\\\/de\\\/produkt\\\/tement-ried-zieregg-iz-reserve-grosse-stk-lage-2018-750ml\\\/#primaryimage\"},\"image\":{\"@id\":\"https:\\\/\\\/wein-werte.com\\\/de\\\/produkt\\\/tement-ried-zieregg-iz-reserve-grosse-stk-lage-2018-750ml\\\/#primaryimage\"},\"thumbnailUrl\":\"https:\\\/\\\/wein-werte.com\\\/wp-content\\\/uploads\\\/2026\\\/04\\\/Tement-Ried-Zieregg-IZ-Reserve-Grosse-STK-Lage-2018-750ml.png\",\"datePublished\":\"2026-05-08T17:53:33+00:00\",\"description\":\"Kaufe Tement Ried Zieregg IZ Reserve Gro\u00dfe STK Lage 2018 (Sauvignon Blanc, trocken aus S\u00fcdsteiermark, \u00d6sterreich) bei Wein Werte, Ihrem nachhaltigen Onlineshop.\",\"breadcrumb\":{\"@id\":\"https:\\\/\\\/wein-werte.com\\\/de\\\/produkt\\\/tement-ried-zieregg-iz-reserve-grosse-stk-lage-2018-750ml\\\/#breadcrumb\"},\"inLanguage\":\"de\",\"potentialAction\":[{\"@type\":\"ReadAction\",\"target\":[\"https:\\\/\\\/wein-werte.com\\\/de\\\/produkt\\\/tement-ried-zieregg-iz-reserve-grosse-stk-lage-2018-750ml\\\/\"]}]},{\"@type\":\"ImageObject\",\"inLanguage\":\"de\",\"@id\":\"https:\\\/\\\/wein-werte.com\\\/de\\\/produkt\\\/tement-ried-zieregg-iz-reserve-grosse-stk-lage-2018-750ml\\\/#primaryimage\",\"url\":\"https:\\\/\\\/wein-werte.com\\\/wp-content\\\/uploads\\\/2026\\\/04\\\/Tement-Ried-Zieregg-IZ-Reserve-Grosse-STK-Lage-2018-750ml.png\",\"contentUrl\":\"https:\\\/\\\/wein-werte.com\\\/wp-content\\\/uploads\\\/2026\\\/04\\\/Tement-Ried-Zieregg-IZ-Reserve-Grosse-STK-Lage-2018-750ml.png\",\"width\":309,\"height\":1200,\"caption\":\"Tement Ried Zieregg IZ Reserve, Gro\u00dfe STK Lage 2018 750ml\"},{\"@type\":\"BreadcrumbList\",\"@id\":\"https:\\\/\\\/wein-werte.com\\\/de\\\/produkt\\\/tement-ried-zieregg-iz-reserve-grosse-stk-lage-2018-750ml\\\/#breadcrumb\",\"itemListElement\":[{\"@type\":\"ListItem\",\"position\":1,\"name\":\"Home\",\"item\":\"https:\\\/\\\/wein-werte.com\\\/de\\\/\"},{\"@type\":\"ListItem\",\"position\":2,\"name\":\"Shop\",\"item\":\"https:\\\/\\\/wein-werte.com\\\/de\\\/shop\\\/\"},{\"@type\":\"ListItem\",\"position\":3,\"name\":\"Tement | S\u00fcdsteiermark | Ried Zieregg IZ Reserve, Gro\u00dfe STK Lage | 2018 | 750ml | bio\"}]},{\"@type\":\"WebSite\",\"@id\":\"https:\\\/\\\/wein-werte.com\\\/de\\\/#website\",\"url\":\"https:\\\/\\\/wein-werte.com\\\/de\\\/\",\"name\":\"Wein Werte\",\"description\":\"\",\"publisher\":{\"@id\":\"https:\\\/\\\/wein-werte.com\\\/de\\\/#organization\"},\"potentialAction\":[{\"@type\":\"SearchAction\",\"target\":{\"@type\":\"EntryPoint\",\"urlTemplate\":\"https:\\\/\\\/wein-werte.com\\\/de\\\/?s={search_term_string}\"},\"query-input\":{\"@type\":\"PropertyValueSpecification\",\"valueRequired\":true,\"valueName\":\"search_term_string\"}}],\"inLanguage\":\"de\"},{\"@type\":\"Organization\",\"@id\":\"https:\\\/\\\/wein-werte.com\\\/de\\\/#organization\",\"name\":\"Vins Fins Thorrold\",\"url\":\"https:\\\/\\\/wein-werte.com\\\/de\\\/\",\"logo\":{\"@type\":\"ImageObject\",\"inLanguage\":\"de\",\"@id\":\"https:\\\/\\\/wein-werte.com\\\/de\\\/#\\\/schema\\\/logo\\\/image\\\/\",\"url\":\"https:\\\/\\\/wein-werte.com\\\/wp-content\\\/uploads\\\/2023\\\/07\\\/Wein_werte_Logo700-1.png\",\"contentUrl\":\"https:\\\/\\\/wein-werte.com\\\/wp-content\\\/uploads\\\/2023\\\/07\\\/Wein_werte_Logo700-1.png\",\"width\":700,\"height\":272,\"caption\":\"Vins Fins Thorrold\"},\"image\":{\"@id\":\"https:\\\/\\\/wein-werte.com\\\/de\\\/#\\\/schema\\\/logo\\\/image\\\/\"}}]}<\/script>\n<!-- \/ Yoast SEO plugin. -->","yoast_head_json":{"title":"Tement Ried Zieregg IZ Reserve Gro\u00dfe STK Lage 2018","description":"Kaufe Tement Ried Zieregg IZ Reserve Gro\u00dfe STK Lage 2018 (Sauvignon Blanc, trocken aus S\u00fcdsteiermark, \u00d6sterreich) bei Wein Werte, Ihrem nachhaltigen Onlineshop.","robots":{"index":"index","follow":"follow","max-snippet":"max-snippet:-1","max-image-preview":"max-image-preview:large","max-video-preview":"max-video-preview:-1"},"canonical":"https:\/\/wein-werte.com\/de\/produkt\/tement-ried-zieregg-iz-reserve-grosse-stk-lage-2018-750ml\/","og_locale":"de_DE","og_type":"article","og_title":"Tement Ried Zieregg IZ Reserve Gro\u00dfe STK Lage 2018","og_description":"Kaufe Tement Ried Zieregg IZ Reserve Gro\u00dfe STK Lage 2018 (Sauvignon Blanc, trocken aus S\u00fcdsteiermark, \u00d6sterreich) bei Wein Werte, Ihrem nachhaltigen Onlineshop.","og_url":"https:\/\/wein-werte.com\/de\/produkt\/tement-ried-zieregg-iz-reserve-grosse-stk-lage-2018-750ml\/","og_site_name":"Wein Werte","og_image":[{"width":309,"height":1200,"url":"https:\/\/wein-werte.com\/wp-content\/uploads\/2026\/04\/Tement-Ried-Zieregg-IZ-Reserve-Grosse-STK-Lage-2018-750ml.png","type":"image\/png"}],"twitter_card":"summary_large_image","twitter_misc":{"Gesch\u00e4tzte Lesezeit":"1\u00a0Minute"},"schema":{"@context":"https:\/\/schema.org","@graph":[{"@type":"WebPage","@id":"https:\/\/wein-werte.com\/de\/produkt\/tement-ried-zieregg-iz-reserve-grosse-stk-lage-2018-750ml\/","url":"https:\/\/wein-werte.com\/de\/produkt\/tement-ried-zieregg-iz-reserve-grosse-stk-lage-2018-750ml\/","name":"Tement Ried Zieregg IZ Reserve Gro\u00dfe STK Lage 2018","isPartOf":{"@id":"https:\/\/wein-werte.com\/de\/#website"},"primaryImageOfPage":{"@id":"https:\/\/wein-werte.com\/de\/produkt\/tement-ried-zieregg-iz-reserve-grosse-stk-lage-2018-750ml\/#primaryimage"},"image":{"@id":"https:\/\/wein-werte.com\/de\/produkt\/tement-ried-zieregg-iz-reserve-grosse-stk-lage-2018-750ml\/#primaryimage"},"thumbnailUrl":"https:\/\/wein-werte.com\/wp-content\/uploads\/2026\/04\/Tement-Ried-Zieregg-IZ-Reserve-Grosse-STK-Lage-2018-750ml.png","datePublished":"2026-05-08T17:53:33+00:00","description":"Kaufe Tement Ried Zieregg IZ Reserve Gro\u00dfe STK Lage 2018 (Sauvignon Blanc, trocken aus S\u00fcdsteiermark, \u00d6sterreich) bei Wein Werte, Ihrem nachhaltigen Onlineshop.","breadcrumb":{"@id":"https:\/\/wein-werte.com\/de\/produkt\/tement-ried-zieregg-iz-reserve-grosse-stk-lage-2018-750ml\/#breadcrumb"},"inLanguage":"de","potentialAction":[{"@type":"ReadAction","target":["https:\/\/wein-werte.com\/de\/produkt\/tement-ried-zieregg-iz-reserve-grosse-stk-lage-2018-750ml\/"]}]},{"@type":"ImageObject","inLanguage":"de","@id":"https:\/\/wein-werte.com\/de\/produkt\/tement-ried-zieregg-iz-reserve-grosse-stk-lage-2018-750ml\/#primaryimage","url":"https:\/\/wein-werte.com\/wp-content\/uploads\/2026\/04\/Tement-Ried-Zieregg-IZ-Reserve-Grosse-STK-Lage-2018-750ml.png","contentUrl":"https:\/\/wein-werte.com\/wp-content\/uploads\/2026\/04\/Tement-Ried-Zieregg-IZ-Reserve-Grosse-STK-Lage-2018-750ml.png","width":309,"height":1200,"caption":"Tement Ried Zieregg IZ Reserve, Gro\u00dfe STK Lage 2018 750ml"},{"@type":"BreadcrumbList","@id":"https:\/\/wein-werte.com\/de\/produkt\/tement-ried-zieregg-iz-reserve-grosse-stk-lage-2018-750ml\/#breadcrumb","itemListElement":[{"@type":"ListItem","position":1,"name":"Home","item":"https:\/\/wein-werte.com\/de\/"},{"@type":"ListItem","position":2,"name":"Shop","item":"https:\/\/wein-werte.com\/de\/shop\/"},{"@type":"ListItem","position":3,"name":"Tement | S\u00fcdsteiermark | Ried Zieregg IZ Reserve, Gro\u00dfe STK Lage | 2018 | 750ml | bio"}]},{"@type":"WebSite","@id":"https:\/\/wein-werte.com\/de\/#website","url":"https:\/\/wein-werte.com\/de\/","name":"Wein Werte","description":"","publisher":{"@id":"https:\/\/wein-werte.com\/de\/#organization"},"potentialAction":[{"@type":"SearchAction","target":{"@type":"EntryPoint","urlTemplate":"https:\/\/wein-werte.com\/de\/?s={search_term_string}"},"query-input":{"@type":"PropertyValueSpecification","valueRequired":true,"valueName":"search_term_string"}}],"inLanguage":"de"},{"@type":"Organization","@id":"https:\/\/wein-werte.com\/de\/#organization","name":"Vins Fins Thorrold","url":"https:\/\/wein-werte.com\/de\/","logo":{"@type":"ImageObject","inLanguage":"de","@id":"https:\/\/wein-werte.com\/de\/#\/schema\/logo\/image\/","url":"https:\/\/wein-werte.com\/wp-content\/uploads\/2023\/07\/Wein_werte_Logo700-1.png","contentUrl":"https:\/\/wein-werte.com\/wp-content\/uploads\/2023\/07\/Wein_werte_Logo700-1.png","width":700,"height":272,"caption":"Vins Fins Thorrold"},"image":{"@id":"https:\/\/wein-werte.com\/de\/#\/schema\/logo\/image\/"}}]}},"_links":{"self":[{"href":"https:\/\/wein-werte.com\/de\/wp-json\/wp\/v2\/product\/1126264","targetHints":{"allow":["GET"]}}],"collection":[{"href":"https:\/\/wein-werte.com\/de\/wp-json\/wp\/v2\/product"}],"about":[{"href":"https:\/\/wein-werte.com\/de\/wp-json\/wp\/v2\/types\/product"}],"wp:featuredmedia":[{"embeddable":true,"href":"https:\/\/wein-werte.com\/de\/wp-json\/wp\/v2\/media\/1138464"}],"wp:attachment":[{"href":"https:\/\/wein-werte.com\/de\/wp-json\/wp\/v2\/media?parent=1126264"}],"wp:term":[{"taxonomy":"product_brand","embeddable":true,"href":"https:\/\/wein-werte.com\/de\/wp-json\/wp\/v2\/product_brand?post=1126264"},{"taxonomy":"product_cat","embeddable":true,"href":"https:\/\/wein-werte.com\/de\/wp-json\/wp\/v2\/product_cat?post=1126264"},{"taxonomy":"product_tag","embeddable":true,"href":"https:\/\/wein-werte.com\/de\/wp-json\/wp\/v2\/product_tag?post=1126264"}],"curies":[{"name":"wp","href":"https:\/\/api.w.org\/{rel}","templated":true}]}}