{"id":1126183,"date":"2026-05-12T16:18:49","date_gmt":"2026-05-12T14:18:49","guid":{"rendered":"https:\/\/wein-werte.com\/product\/loimer-ried-steinmassl-riesling-2022-750ml\/"},"modified":"2026-05-12T19:52:29","modified_gmt":"2026-05-12T17:52:29","slug":"loimer-ried-steinmassl-riesling-2022-750ml","status":"publish","type":"product","link":"https:\/\/wein-werte.com\/de\/produkt\/loimer-ried-steinmassl-riesling-2022-750ml\/","title":{"rendered":"Loimer | Kamptal | Ried Steinmassl Riesling 1.\u00d6TW | 2022 | 750ml | bio"},"content":{"rendered":"<p>Produktbeschreibung f\u00fcr Loimer Ried Steinmassl Riesling 1.\u00d6TW 2022 (bio)<\/p>\n<p> Die Ried Steinmassl erstreckt sich von 240 m bis 340 m Seeh\u00f6he und ist von S\u00fcd-S\u00fcdost nach S\u00fcdwesten ausgerichtet. Das kristalline Ausgangsgestein ist gepr\u00e4gt von Paragneisen und Glimmerschiefer, nebst dunklen Amphiboliten und hellen Granitgneisen. Deren relativ starke Verwitterung sorgt f\u00fcr unterschiedlich dicke, in manchen Gel\u00e4ndepositionen bis zu einem Meter starke Braunerde-B\u00f6den, durchzogen von zahlreichen Steinen und leichtem Kalkanteil. Anfang bis Mitte Oktober selektiv von Hand gelesen, durchliefen die Trauben eine 12- bis 24-st\u00fcndige Maischestandzeit, bevor der Most spontan zu 50 % im Stahltank und zu 50 % im Holzfass vergoren wurde. Nach der vier- bis sechsw\u00f6chigen G\u00e4rung wurde der Wein f\u00fcr elf Monate auf der Vollhefe in Eichenf\u00e4ssern ausgebaut und nach Abzug im September 2022 f\u00fcr weitere acht Monate auf der Feinhefe im Stahltank gereift. Unfiltriert im August 2024 abgef\u00fcllt. <\/p>\n<h5>Farbe<\/h5>\n<p> Helles Strohgelb mit gr\u00fcnen Reflexen. <\/p>\n<h5>Nase<\/h5>\n<p> In der Nase dominieren gelbe, reife Fr\u00fcchte: Marillen, Nektarinen und ein frisches St\u00fcck Butterkuchen skizzieren das Aromenbild. Die glockenklare Frucht strahlt in hellem Gelb und wird unterlegt von zart salziger Mineralik, die an nasse Tafelkreide und eine frische Meeresbrise erinnert. Etwas Quitte und kleine, gelbe, pummelige Birnen f\u00fcllen den Fruchtkorb und erf\u00fcllen den Raum mit fruchtfreudigem Duft. <\/p>\n<h5>Mund<\/h5>\n<p> Geschliffen und klar im Antrunk zeigt er sich fast scharfkantig, so pr\u00e4zise ist die saftig-reife Frucht in die stabile Mineralik eingefasst. Mit kalkig-griffiger Textur baut er am Gaumen ordentlich Druck auf: Extraktreich mit saliner Spannung scheint er am Gaumen fast zu platzen. Hedonistisch straff und dennoch super saftig \u2013 ein s\u00fcdalpiner Riesling mit nordalpinem Charakter und salzig-k\u00fchlem Finale. <\/p>\n<p>Copyright Vinaturel 2025<\/p>\n<p>Keywords: <a href=\"https:\/\/wein-werte.com\/de\/shop\/?swoof=1&#038;pa_producer=Loimer\">Loimer<\/a> <a href=\"https:\/\/wein-werte.com\/de\/shop\/?swoof=1&#038;woof_text=Ried Steinmassl Riesling 1.\u00d6TW\">Ried Steinmassl Riesling 1.\u00d6TW<\/a> 2022 bio <a href=\"https:\/\/wein-werte.com\/de\/shop\/?swoof=1&#038;pa_region=Kamptal\">Kamptal<\/a> <a href=\"https:\/\/wein-werte.com\/de\/shop\/?swoof=1&#038;pa_country=\u00d6sterreich\">\u00d6sterreich<\/a><\/p>\n<p>Internetseite des Weinguts: <a href=\"https:\/\/www.loimer.at\/en\/\" target=\"_blank\">https:\/\/www.loimer.at\/en\/<\/a><\/p>\n","protected":false},"excerpt":{"rendered":"<div style=\"font-size: 14px;\">\n<p>Lieferzeit: 1 bis 2 Arbeitstage (DE), 2 bis 5 Arbeitstage (EU und CH)<\/p>\n<p>Ungef\u00e4hrer Energiegehalt pro 125-ml-Glas: 105 kcal<\/p>\n<\/p><\/div>\n","protected":false},"featured_media":1138402,"template":"","meta":[],"product_brand":[],"product_cat":[19],"product_tag":[],"class_list":{"0":"post-1126183","1":"product","2":"type-product","3":"status-publish","4":"has-post-thumbnail","6":"product_cat-unkategorisiert","7":"pa_alcohol-for-filter-12897","8":"pa_certified-biodynamic-ja-de","9":"pa_certified-organic-ja-de","10":"pa_colour-weiss","11":"pa_country-osterreich","12":"pa_grape-riesling","13":"pa_price-for-filter-10625","14":"pa_producer-loimer","15":"pa_region-kamptal","16":"pa_size-ml-6584","17":"pa_sweetness-trocken-de","18":"pa_type-2-still-de","19":"pa_vintage-2022-de","20":"entry","21":"has-media","23":"first","24":"instock","25":"taxable","26":"shipping-taxable","27":"purchasable","28":"product-type-simple"},"yoast_head":"<!-- This site is optimized with the Yoast SEO plugin v27.6 - https:\/\/yoast.com\/product\/yoast-seo-wordpress\/ -->\n<title>Loimer Ried Steinmassl Riesling 2022<\/title>\n<meta name=\"description\" content=\"Kaufe Loimer Ried Steinmassl Riesling 2022 (Riesling, trocken aus Kamptal, \u00d6sterreich) bei Wein Werte, Ihrem nachhaltigen Onlineshop.\" \/>\n<meta name=\"robots\" content=\"index, follow, max-snippet:-1, max-image-preview:large, max-video-preview:-1\" \/>\n<link rel=\"canonical\" href=\"https:\/\/wein-werte.com\/de\/produkt\/loimer-ried-steinmassl-riesling-2022-750ml\/\" \/>\n<meta property=\"og:locale\" content=\"de_DE\" \/>\n<meta property=\"og:type\" content=\"article\" \/>\n<meta property=\"og:title\" content=\"Loimer Ried Steinmassl Riesling 2022\" \/>\n<meta property=\"og:description\" content=\"Kaufe Loimer Ried Steinmassl Riesling 2022 (Riesling, trocken aus Kamptal, \u00d6sterreich) bei Wein Werte, Ihrem nachhaltigen Onlineshop.\" \/>\n<meta property=\"og:url\" content=\"https:\/\/wein-werte.com\/de\/produkt\/loimer-ried-steinmassl-riesling-2022-750ml\/\" \/>\n<meta property=\"og:site_name\" content=\"Wein Werte\" \/>\n<meta property=\"article:modified_time\" content=\"2026-05-12T17:52:29+00:00\" \/>\n<meta property=\"og:image\" content=\"https:\/\/wein-werte.com\/wp-content\/uploads\/2026\/04\/Loimer-Ried-Steinmassl-Riesling-2022-750ml.png\" \/>\n\t<meta property=\"og:image:width\" content=\"260\" \/>\n\t<meta property=\"og:image:height\" content=\"1200\" \/>\n\t<meta property=\"og:image:type\" content=\"image\/png\" \/>\n<meta name=\"twitter:card\" content=\"summary_large_image\" \/>\n<meta name=\"twitter:label1\" content=\"Gesch\u00e4tzte Lesezeit\" \/>\n\t<meta name=\"twitter:data1\" content=\"1\u00a0Minute\" \/>\n<script type=\"application\/ld+json\" class=\"yoast-schema-graph\">{\"@context\":\"https:\\\/\\\/schema.org\",\"@graph\":[{\"@type\":\"WebPage\",\"@id\":\"https:\\\/\\\/wein-werte.com\\\/de\\\/produkt\\\/loimer-ried-steinmassl-riesling-2022-750ml\\\/\",\"url\":\"https:\\\/\\\/wein-werte.com\\\/de\\\/produkt\\\/loimer-ried-steinmassl-riesling-2022-750ml\\\/\",\"name\":\"Loimer Ried Steinmassl Riesling 2022\",\"isPartOf\":{\"@id\":\"https:\\\/\\\/wein-werte.com\\\/de\\\/#website\"},\"primaryImageOfPage\":{\"@id\":\"https:\\\/\\\/wein-werte.com\\\/de\\\/produkt\\\/loimer-ried-steinmassl-riesling-2022-750ml\\\/#primaryimage\"},\"image\":{\"@id\":\"https:\\\/\\\/wein-werte.com\\\/de\\\/produkt\\\/loimer-ried-steinmassl-riesling-2022-750ml\\\/#primaryimage\"},\"thumbnailUrl\":\"https:\\\/\\\/wein-werte.com\\\/wp-content\\\/uploads\\\/2026\\\/04\\\/Loimer-Ried-Steinmassl-Riesling-2022-750ml.png\",\"datePublished\":\"2026-05-12T14:18:49+00:00\",\"dateModified\":\"2026-05-12T17:52:29+00:00\",\"description\":\"Kaufe Loimer Ried Steinmassl Riesling 2022 (Riesling, trocken aus Kamptal, \u00d6sterreich) bei Wein Werte, Ihrem nachhaltigen Onlineshop.\",\"breadcrumb\":{\"@id\":\"https:\\\/\\\/wein-werte.com\\\/de\\\/produkt\\\/loimer-ried-steinmassl-riesling-2022-750ml\\\/#breadcrumb\"},\"inLanguage\":\"de\",\"potentialAction\":[{\"@type\":\"ReadAction\",\"target\":[\"https:\\\/\\\/wein-werte.com\\\/de\\\/produkt\\\/loimer-ried-steinmassl-riesling-2022-750ml\\\/\"]}]},{\"@type\":\"ImageObject\",\"inLanguage\":\"de\",\"@id\":\"https:\\\/\\\/wein-werte.com\\\/de\\\/produkt\\\/loimer-ried-steinmassl-riesling-2022-750ml\\\/#primaryimage\",\"url\":\"https:\\\/\\\/wein-werte.com\\\/wp-content\\\/uploads\\\/2026\\\/04\\\/Loimer-Ried-Steinmassl-Riesling-2022-750ml.png\",\"contentUrl\":\"https:\\\/\\\/wein-werte.com\\\/wp-content\\\/uploads\\\/2026\\\/04\\\/Loimer-Ried-Steinmassl-Riesling-2022-750ml.png\",\"width\":260,\"height\":1200,\"caption\":\"Loimer Ried Steinmassl Riesling 1.\u00d6TW 2022 750ml\"},{\"@type\":\"BreadcrumbList\",\"@id\":\"https:\\\/\\\/wein-werte.com\\\/de\\\/produkt\\\/loimer-ried-steinmassl-riesling-2022-750ml\\\/#breadcrumb\",\"itemListElement\":[{\"@type\":\"ListItem\",\"position\":1,\"name\":\"Home\",\"item\":\"https:\\\/\\\/wein-werte.com\\\/de\\\/\"},{\"@type\":\"ListItem\",\"position\":2,\"name\":\"Shop\",\"item\":\"https:\\\/\\\/wein-werte.com\\\/de\\\/shop\\\/\"},{\"@type\":\"ListItem\",\"position\":3,\"name\":\"Loimer | Kamptal | Ried Steinmassl Riesling 1.\u00d6TW | 2022 | 750ml | bio\"}]},{\"@type\":\"WebSite\",\"@id\":\"https:\\\/\\\/wein-werte.com\\\/de\\\/#website\",\"url\":\"https:\\\/\\\/wein-werte.com\\\/de\\\/\",\"name\":\"Wein Werte\",\"description\":\"\",\"publisher\":{\"@id\":\"https:\\\/\\\/wein-werte.com\\\/de\\\/#organization\"},\"potentialAction\":[{\"@type\":\"SearchAction\",\"target\":{\"@type\":\"EntryPoint\",\"urlTemplate\":\"https:\\\/\\\/wein-werte.com\\\/de\\\/?s={search_term_string}\"},\"query-input\":{\"@type\":\"PropertyValueSpecification\",\"valueRequired\":true,\"valueName\":\"search_term_string\"}}],\"inLanguage\":\"de\"},{\"@type\":\"Organization\",\"@id\":\"https:\\\/\\\/wein-werte.com\\\/de\\\/#organization\",\"name\":\"Vins Fins Thorrold\",\"url\":\"https:\\\/\\\/wein-werte.com\\\/de\\\/\",\"logo\":{\"@type\":\"ImageObject\",\"inLanguage\":\"de\",\"@id\":\"https:\\\/\\\/wein-werte.com\\\/de\\\/#\\\/schema\\\/logo\\\/image\\\/\",\"url\":\"https:\\\/\\\/wein-werte.com\\\/wp-content\\\/uploads\\\/2023\\\/07\\\/Wein_werte_Logo700-1.png\",\"contentUrl\":\"https:\\\/\\\/wein-werte.com\\\/wp-content\\\/uploads\\\/2023\\\/07\\\/Wein_werte_Logo700-1.png\",\"width\":700,\"height\":272,\"caption\":\"Vins Fins Thorrold\"},\"image\":{\"@id\":\"https:\\\/\\\/wein-werte.com\\\/de\\\/#\\\/schema\\\/logo\\\/image\\\/\"}}]}<\/script>\n<!-- \/ Yoast SEO plugin. -->","yoast_head_json":{"title":"Loimer Ried Steinmassl Riesling 2022","description":"Kaufe Loimer Ried Steinmassl Riesling 2022 (Riesling, trocken aus Kamptal, \u00d6sterreich) bei Wein Werte, Ihrem nachhaltigen Onlineshop.","robots":{"index":"index","follow":"follow","max-snippet":"max-snippet:-1","max-image-preview":"max-image-preview:large","max-video-preview":"max-video-preview:-1"},"canonical":"https:\/\/wein-werte.com\/de\/produkt\/loimer-ried-steinmassl-riesling-2022-750ml\/","og_locale":"de_DE","og_type":"article","og_title":"Loimer Ried Steinmassl Riesling 2022","og_description":"Kaufe Loimer Ried Steinmassl Riesling 2022 (Riesling, trocken aus Kamptal, \u00d6sterreich) bei Wein Werte, Ihrem nachhaltigen Onlineshop.","og_url":"https:\/\/wein-werte.com\/de\/produkt\/loimer-ried-steinmassl-riesling-2022-750ml\/","og_site_name":"Wein Werte","article_modified_time":"2026-05-12T17:52:29+00:00","og_image":[{"width":260,"height":1200,"url":"https:\/\/wein-werte.com\/wp-content\/uploads\/2026\/04\/Loimer-Ried-Steinmassl-Riesling-2022-750ml.png","type":"image\/png"}],"twitter_card":"summary_large_image","twitter_misc":{"Gesch\u00e4tzte Lesezeit":"1\u00a0Minute"},"schema":{"@context":"https:\/\/schema.org","@graph":[{"@type":"WebPage","@id":"https:\/\/wein-werte.com\/de\/produkt\/loimer-ried-steinmassl-riesling-2022-750ml\/","url":"https:\/\/wein-werte.com\/de\/produkt\/loimer-ried-steinmassl-riesling-2022-750ml\/","name":"Loimer Ried Steinmassl Riesling 2022","isPartOf":{"@id":"https:\/\/wein-werte.com\/de\/#website"},"primaryImageOfPage":{"@id":"https:\/\/wein-werte.com\/de\/produkt\/loimer-ried-steinmassl-riesling-2022-750ml\/#primaryimage"},"image":{"@id":"https:\/\/wein-werte.com\/de\/produkt\/loimer-ried-steinmassl-riesling-2022-750ml\/#primaryimage"},"thumbnailUrl":"https:\/\/wein-werte.com\/wp-content\/uploads\/2026\/04\/Loimer-Ried-Steinmassl-Riesling-2022-750ml.png","datePublished":"2026-05-12T14:18:49+00:00","dateModified":"2026-05-12T17:52:29+00:00","description":"Kaufe Loimer Ried Steinmassl Riesling 2022 (Riesling, trocken aus Kamptal, \u00d6sterreich) bei Wein Werte, Ihrem nachhaltigen Onlineshop.","breadcrumb":{"@id":"https:\/\/wein-werte.com\/de\/produkt\/loimer-ried-steinmassl-riesling-2022-750ml\/#breadcrumb"},"inLanguage":"de","potentialAction":[{"@type":"ReadAction","target":["https:\/\/wein-werte.com\/de\/produkt\/loimer-ried-steinmassl-riesling-2022-750ml\/"]}]},{"@type":"ImageObject","inLanguage":"de","@id":"https:\/\/wein-werte.com\/de\/produkt\/loimer-ried-steinmassl-riesling-2022-750ml\/#primaryimage","url":"https:\/\/wein-werte.com\/wp-content\/uploads\/2026\/04\/Loimer-Ried-Steinmassl-Riesling-2022-750ml.png","contentUrl":"https:\/\/wein-werte.com\/wp-content\/uploads\/2026\/04\/Loimer-Ried-Steinmassl-Riesling-2022-750ml.png","width":260,"height":1200,"caption":"Loimer Ried Steinmassl Riesling 1.\u00d6TW 2022 750ml"},{"@type":"BreadcrumbList","@id":"https:\/\/wein-werte.com\/de\/produkt\/loimer-ried-steinmassl-riesling-2022-750ml\/#breadcrumb","itemListElement":[{"@type":"ListItem","position":1,"name":"Home","item":"https:\/\/wein-werte.com\/de\/"},{"@type":"ListItem","position":2,"name":"Shop","item":"https:\/\/wein-werte.com\/de\/shop\/"},{"@type":"ListItem","position":3,"name":"Loimer | Kamptal | Ried Steinmassl Riesling 1.\u00d6TW | 2022 | 750ml | bio"}]},{"@type":"WebSite","@id":"https:\/\/wein-werte.com\/de\/#website","url":"https:\/\/wein-werte.com\/de\/","name":"Wein Werte","description":"","publisher":{"@id":"https:\/\/wein-werte.com\/de\/#organization"},"potentialAction":[{"@type":"SearchAction","target":{"@type":"EntryPoint","urlTemplate":"https:\/\/wein-werte.com\/de\/?s={search_term_string}"},"query-input":{"@type":"PropertyValueSpecification","valueRequired":true,"valueName":"search_term_string"}}],"inLanguage":"de"},{"@type":"Organization","@id":"https:\/\/wein-werte.com\/de\/#organization","name":"Vins Fins Thorrold","url":"https:\/\/wein-werte.com\/de\/","logo":{"@type":"ImageObject","inLanguage":"de","@id":"https:\/\/wein-werte.com\/de\/#\/schema\/logo\/image\/","url":"https:\/\/wein-werte.com\/wp-content\/uploads\/2023\/07\/Wein_werte_Logo700-1.png","contentUrl":"https:\/\/wein-werte.com\/wp-content\/uploads\/2023\/07\/Wein_werte_Logo700-1.png","width":700,"height":272,"caption":"Vins Fins Thorrold"},"image":{"@id":"https:\/\/wein-werte.com\/de\/#\/schema\/logo\/image\/"}}]}},"_links":{"self":[{"href":"https:\/\/wein-werte.com\/de\/wp-json\/wp\/v2\/product\/1126183","targetHints":{"allow":["GET"]}}],"collection":[{"href":"https:\/\/wein-werte.com\/de\/wp-json\/wp\/v2\/product"}],"about":[{"href":"https:\/\/wein-werte.com\/de\/wp-json\/wp\/v2\/types\/product"}],"wp:featuredmedia":[{"embeddable":true,"href":"https:\/\/wein-werte.com\/de\/wp-json\/wp\/v2\/media\/1138402"}],"wp:attachment":[{"href":"https:\/\/wein-werte.com\/de\/wp-json\/wp\/v2\/media?parent=1126183"}],"wp:term":[{"taxonomy":"product_brand","embeddable":true,"href":"https:\/\/wein-werte.com\/de\/wp-json\/wp\/v2\/product_brand?post=1126183"},{"taxonomy":"product_cat","embeddable":true,"href":"https:\/\/wein-werte.com\/de\/wp-json\/wp\/v2\/product_cat?post=1126183"},{"taxonomy":"product_tag","embeddable":true,"href":"https:\/\/wein-werte.com\/de\/wp-json\/wp\/v2\/product_tag?post=1126183"}],"curies":[{"name":"wp","href":"https:\/\/api.w.org\/{rel}","templated":true}]}}