{"id":1126042,"date":"2026-05-05T18:17:44","date_gmt":"2026-05-05T16:17:44","guid":{"rendered":"https:\/\/wein-werte.com\/product\/nikolaihof-steiner-hund-riesling-2016-750ml\/"},"modified":"2026-05-01T23:37:41","modified_gmt":"2026-05-01T21:37:41","slug":"nikolaihof-steiner-hund-riesling-2016-750ml","status":"publish","type":"product","link":"https:\/\/wein-werte.com\/de\/produkt\/nikolaihof-steiner-hund-riesling-2016-750ml\/","title":{"rendered":"Nikolaihof | Wachau | Steiner Hund, Riesling trocken | 2016 | 750ml | bio"},"content":{"rendered":"<p>Produktbeschreibung f\u00fcr Nikolaihof Steiner Hund, Riesling trocken 2016 (bio)<\/p>\n<p> Der Nikolaihof ist der \u00e4lteste Winzerbetrieb \u00d6sterreichs, dessen Geschichte bis 63 n. Chr. zur\u00fcckreicht. Nach der S\u00e4kularisierung Ende des 19. Jahrhunderts ging der Betrieb in den Besitz der Familie Saahs \u00fcber. 2005 \u00fcbernahm Nikolaus Saahs die Betriebsleitung. Seit 1971 arbeitet der Nikolaihof nach biodynamischen Grunds\u00e4tzen, was schlie\u00dflich zur Demeter-Zertifizierung f\u00fchrte. Seitdem hei\u00dft es: Brennnesseljauche, Baldriantropfen, Schachtelhalmtee und eigens angesetzte Pr\u00e4parate statt Herbizid, Pestizid oder Fungizid. Unter einer d\u00fcnnen Humusschicht dringen die Wurzeln der Reben tief in das harte Urgestein ein. Diese besonderen Bedingungen verleihen den Weinen eine au\u00dfergew\u00f6hnliche Balance, einen ausgepr\u00e4gt mineralischen Charakter und eine feine Eleganz. Nach rund drei Jahren Reifung in Holzf\u00e4ssern mit einem Fassungsverm\u00f6gen von 2.000 bis 5.000 Litern wird der Wein an einem Fruchttag abgef\u00fcllt. <\/p>\n<h5>Farbe<\/h5>\n<p> Kr\u00e4ftiges Strohgelb, strahlend und klar. <\/p>\n<h5>Nase<\/h5>\n<p> Der 2016 Steiner Hund Riesling Reserve Archive Release 2024 vom Nikolaihof oszilliert in der Nase zwischen Kr\u00e4uterw\u00fcrze, filigranen Fruchtnoten und den ersten Reifenoten. K\u00fcchenkr\u00e4uter wie frischer Koriander, Borretsch und Kresse mischen sich mit kleinen, pummeligen Birnen und gelben, wachsigen \u00c4pfeln, nebst Zitronengras und kleinen Pfirsichen. Im Konglomerat steht er sehr jugendlich und frisch im Glas, das f\u00fcr diesen Wein eher gro\u00df als klein gew\u00e4hlt werden sollte. <\/p>\n<h5>Mund<\/h5>\n<p> Eher leise als laut zeigt er sich im Antrunk, weshalb wir ihn mit gro\u00dfz\u00fcgigem Langmut zwei Stunden auf die Seite stellen. Die Textur strahlt gro\u00dfe Ruhe aus und verbindet die reife S\u00e4ure mit der anregenden Phenolik. Mit cremigem Schmelz zeigt er sich charmant, mit tiefgr\u00fcndigem Charakter und gro\u00dfem Understatement. Ein Wein, der perspektivisch gro\u00dfe Freude bereiten sollte. Eine Karaffe ist zwingend empfohlen. <\/p>\n<p>Copyright Vinaturel 2025<\/p>\n<p>Keywords: <a href=\"https:\/\/wein-werte.com\/de\/shop\/?swoof=1&#038;pa_producer=Nikolaihof\">Nikolaihof<\/a> <a href=\"https:\/\/wein-werte.com\/de\/shop\/?swoof=1&#038;woof_text=Steiner Hund, Riesling trocken\">Steiner Hund, Riesling trocken<\/a> 2016 bio <a href=\"https:\/\/wein-werte.com\/de\/shop\/?swoof=1&#038;pa_region=Wachau\">Wachau<\/a> <a href=\"https:\/\/wein-werte.com\/de\/shop\/?swoof=1&#038;pa_country=\u00d6sterreich\">\u00d6sterreich<\/a><\/p>\n<h3>Wine Advocate<\/h3>\n<p>Punkte: 95<\/p>\n<p>Der 2016er Ried Steiner Hund Riesling stammt aus Krems-Stein im Kremstal DAC und wird daher nicht als Smaragd vermarktet (und auch nicht unter der Appellation Kremstal, die der ungeschriebene Paragraph im \u201eCodex Wachau\u201c der Vinea Wachau-Gruppe zu sein scheint). Er bietet ein klares, intensives und herzhaftes Bouquet von reifen (und \u00fcberreifen) Fr\u00fcchten, vermischt mit kristalliner Salzigkeit. Am Gaumen pr\u00e4sentiert er sich als straffer, herber, fester und strukturierter, aber auch intensiver und dicht strukturierter, sehr eleganter und anhaltender Riesling mit strukturierenden Tanninen und einem klaren und definierten Abgang mit floralen Noten. Er besticht durch seine Komplexit\u00e4t, Vitalit\u00e4t und mineralische Kraft. Ein wundersch\u00f6ner Wein! 12,5 % Alkoholgehalt. Naturkorken. Archiv-Release 2024. Verkostet im Januar 2025.<br \/>Stephan Reinhardt<\/p>\n<p>Internetseite des Weinguts: <a href=\"https:\/\/www.nikolaihof.at\/en\/home\/\" target=\"_blank\">https:\/\/www.nikolaihof.at\/en\/home\/<\/a><\/p>\n","protected":false},"excerpt":{"rendered":"<p>Lieferzeit: 1 bis 2 Arbeitstage (DE), 2 bis 5 Arbeitstage (EU and CH)<\/p>\n","protected":false},"featured_media":1138294,"template":"","meta":[],"product_brand":[],"product_cat":[19],"product_tag":[],"class_list":{"0":"post-1126042","1":"product","2":"type-product","3":"status-publish","4":"has-post-thumbnail","6":"product_cat-unkategorisiert","7":"pa_alcohol-for-filter-12-5","8":"pa_certified-biodynamic-ja-de","9":"pa_certified-organic-ja-de","10":"pa_colour-weiss","11":"pa_country-osterreich","12":"pa_grape-riesling","13":"pa_parker-points-for-filter-95-de","14":"pa_price-for-filter-10663","15":"pa_producer-nikolaihof","16":"pa_region-wachau","17":"pa_size-ml-6584","18":"pa_sweetness-trocken-de","19":"pa_type-2-still-de","20":"pa_vintage-2016-de","21":"entry","22":"has-media","24":"first","25":"instock","26":"taxable","27":"shipping-taxable","28":"purchasable","29":"product-type-simple"},"yoast_head":"<!-- This site is optimized with the Yoast SEO plugin v27.5 - https:\/\/yoast.com\/product\/yoast-seo-wordpress\/ -->\n<title>Nikolaihof Steiner Hund Riesling 2016<\/title>\n<meta name=\"description\" content=\"Kaufe Nikolaihof Steiner Hund Riesling 2016 (Riesling, trocken aus Wachau, \u00d6sterreich) bei Wein Werte, Ihrem nachhaltigen Onlineshop.\" \/>\n<meta name=\"robots\" content=\"index, follow, max-snippet:-1, max-image-preview:large, max-video-preview:-1\" \/>\n<link rel=\"canonical\" href=\"https:\/\/wein-werte.com\/de\/produkt\/nikolaihof-steiner-hund-riesling-2016-750ml\/\" \/>\n<meta property=\"og:locale\" content=\"de_DE\" \/>\n<meta property=\"og:type\" content=\"article\" \/>\n<meta property=\"og:title\" content=\"Nikolaihof Steiner Hund Riesling 2016\" \/>\n<meta property=\"og:description\" content=\"Kaufe Nikolaihof Steiner Hund Riesling 2016 (Riesling, trocken aus Wachau, \u00d6sterreich) bei Wein Werte, Ihrem nachhaltigen Onlineshop.\" \/>\n<meta property=\"og:url\" content=\"https:\/\/wein-werte.com\/de\/produkt\/nikolaihof-steiner-hund-riesling-2016-750ml\/\" \/>\n<meta property=\"og:site_name\" content=\"Wein Werte\" \/>\n<meta property=\"og:image\" content=\"https:\/\/wein-werte.com\/wp-content\/uploads\/2026\/04\/Nikolaihof-Steiner-Hund-Riesling-2016-750ml.png\" \/>\n\t<meta property=\"og:image:width\" content=\"263\" \/>\n\t<meta property=\"og:image:height\" content=\"1200\" \/>\n\t<meta property=\"og:image:type\" content=\"image\/png\" \/>\n<meta name=\"twitter:card\" content=\"summary_large_image\" \/>\n<meta name=\"twitter:label1\" content=\"Gesch\u00e4tzte Lesezeit\" \/>\n\t<meta name=\"twitter:data1\" content=\"2\u00a0Minuten\" \/>\n<script type=\"application\/ld+json\" class=\"yoast-schema-graph\">{\"@context\":\"https:\\\/\\\/schema.org\",\"@graph\":[{\"@type\":\"WebPage\",\"@id\":\"https:\\\/\\\/wein-werte.com\\\/de\\\/produkt\\\/nikolaihof-steiner-hund-riesling-2016-750ml\\\/\",\"url\":\"https:\\\/\\\/wein-werte.com\\\/de\\\/produkt\\\/nikolaihof-steiner-hund-riesling-2016-750ml\\\/\",\"name\":\"Nikolaihof Steiner Hund Riesling 2016\",\"isPartOf\":{\"@id\":\"https:\\\/\\\/wein-werte.com\\\/de\\\/#website\"},\"primaryImageOfPage\":{\"@id\":\"https:\\\/\\\/wein-werte.com\\\/de\\\/produkt\\\/nikolaihof-steiner-hund-riesling-2016-750ml\\\/#primaryimage\"},\"image\":{\"@id\":\"https:\\\/\\\/wein-werte.com\\\/de\\\/produkt\\\/nikolaihof-steiner-hund-riesling-2016-750ml\\\/#primaryimage\"},\"thumbnailUrl\":\"https:\\\/\\\/wein-werte.com\\\/wp-content\\\/uploads\\\/2026\\\/04\\\/Nikolaihof-Steiner-Hund-Riesling-2016-750ml.png\",\"datePublished\":\"2026-05-05T16:17:44+00:00\",\"description\":\"Kaufe Nikolaihof Steiner Hund Riesling 2016 (Riesling, trocken aus Wachau, \u00d6sterreich) bei Wein Werte, Ihrem nachhaltigen Onlineshop.\",\"breadcrumb\":{\"@id\":\"https:\\\/\\\/wein-werte.com\\\/de\\\/produkt\\\/nikolaihof-steiner-hund-riesling-2016-750ml\\\/#breadcrumb\"},\"inLanguage\":\"de\",\"potentialAction\":[{\"@type\":\"ReadAction\",\"target\":[\"https:\\\/\\\/wein-werte.com\\\/de\\\/produkt\\\/nikolaihof-steiner-hund-riesling-2016-750ml\\\/\"]}]},{\"@type\":\"ImageObject\",\"inLanguage\":\"de\",\"@id\":\"https:\\\/\\\/wein-werte.com\\\/de\\\/produkt\\\/nikolaihof-steiner-hund-riesling-2016-750ml\\\/#primaryimage\",\"url\":\"https:\\\/\\\/wein-werte.com\\\/wp-content\\\/uploads\\\/2026\\\/04\\\/Nikolaihof-Steiner-Hund-Riesling-2016-750ml.png\",\"contentUrl\":\"https:\\\/\\\/wein-werte.com\\\/wp-content\\\/uploads\\\/2026\\\/04\\\/Nikolaihof-Steiner-Hund-Riesling-2016-750ml.png\",\"width\":263,\"height\":1200,\"caption\":\"Nikolaihof Steiner Hund, Riesling trocken 2016 750ml\"},{\"@type\":\"BreadcrumbList\",\"@id\":\"https:\\\/\\\/wein-werte.com\\\/de\\\/produkt\\\/nikolaihof-steiner-hund-riesling-2016-750ml\\\/#breadcrumb\",\"itemListElement\":[{\"@type\":\"ListItem\",\"position\":1,\"name\":\"Home\",\"item\":\"https:\\\/\\\/wein-werte.com\\\/de\\\/\"},{\"@type\":\"ListItem\",\"position\":2,\"name\":\"Shop\",\"item\":\"https:\\\/\\\/wein-werte.com\\\/de\\\/shop\\\/\"},{\"@type\":\"ListItem\",\"position\":3,\"name\":\"Nikolaihof | Wachau | Steiner Hund, Riesling trocken | 2016 | 750ml | bio\"}]},{\"@type\":\"WebSite\",\"@id\":\"https:\\\/\\\/wein-werte.com\\\/de\\\/#website\",\"url\":\"https:\\\/\\\/wein-werte.com\\\/de\\\/\",\"name\":\"Wein Werte\",\"description\":\"\",\"publisher\":{\"@id\":\"https:\\\/\\\/wein-werte.com\\\/de\\\/#organization\"},\"potentialAction\":[{\"@type\":\"SearchAction\",\"target\":{\"@type\":\"EntryPoint\",\"urlTemplate\":\"https:\\\/\\\/wein-werte.com\\\/de\\\/?s={search_term_string}\"},\"query-input\":{\"@type\":\"PropertyValueSpecification\",\"valueRequired\":true,\"valueName\":\"search_term_string\"}}],\"inLanguage\":\"de\"},{\"@type\":\"Organization\",\"@id\":\"https:\\\/\\\/wein-werte.com\\\/de\\\/#organization\",\"name\":\"Vins Fins Thorrold\",\"url\":\"https:\\\/\\\/wein-werte.com\\\/de\\\/\",\"logo\":{\"@type\":\"ImageObject\",\"inLanguage\":\"de\",\"@id\":\"https:\\\/\\\/wein-werte.com\\\/de\\\/#\\\/schema\\\/logo\\\/image\\\/\",\"url\":\"https:\\\/\\\/wein-werte.com\\\/wp-content\\\/uploads\\\/2023\\\/07\\\/Wein_werte_Logo700-1.png\",\"contentUrl\":\"https:\\\/\\\/wein-werte.com\\\/wp-content\\\/uploads\\\/2023\\\/07\\\/Wein_werte_Logo700-1.png\",\"width\":700,\"height\":272,\"caption\":\"Vins Fins Thorrold\"},\"image\":{\"@id\":\"https:\\\/\\\/wein-werte.com\\\/de\\\/#\\\/schema\\\/logo\\\/image\\\/\"}}]}<\/script>\n<!-- \/ Yoast SEO plugin. -->","yoast_head_json":{"title":"Nikolaihof Steiner Hund Riesling 2016","description":"Kaufe Nikolaihof Steiner Hund Riesling 2016 (Riesling, trocken aus Wachau, \u00d6sterreich) bei Wein Werte, Ihrem nachhaltigen Onlineshop.","robots":{"index":"index","follow":"follow","max-snippet":"max-snippet:-1","max-image-preview":"max-image-preview:large","max-video-preview":"max-video-preview:-1"},"canonical":"https:\/\/wein-werte.com\/de\/produkt\/nikolaihof-steiner-hund-riesling-2016-750ml\/","og_locale":"de_DE","og_type":"article","og_title":"Nikolaihof Steiner Hund Riesling 2016","og_description":"Kaufe Nikolaihof Steiner Hund Riesling 2016 (Riesling, trocken aus Wachau, \u00d6sterreich) bei Wein Werte, Ihrem nachhaltigen Onlineshop.","og_url":"https:\/\/wein-werte.com\/de\/produkt\/nikolaihof-steiner-hund-riesling-2016-750ml\/","og_site_name":"Wein Werte","og_image":[{"width":263,"height":1200,"url":"https:\/\/wein-werte.com\/wp-content\/uploads\/2026\/04\/Nikolaihof-Steiner-Hund-Riesling-2016-750ml.png","type":"image\/png"}],"twitter_card":"summary_large_image","twitter_misc":{"Gesch\u00e4tzte Lesezeit":"2\u00a0Minuten"},"schema":{"@context":"https:\/\/schema.org","@graph":[{"@type":"WebPage","@id":"https:\/\/wein-werte.com\/de\/produkt\/nikolaihof-steiner-hund-riesling-2016-750ml\/","url":"https:\/\/wein-werte.com\/de\/produkt\/nikolaihof-steiner-hund-riesling-2016-750ml\/","name":"Nikolaihof Steiner Hund Riesling 2016","isPartOf":{"@id":"https:\/\/wein-werte.com\/de\/#website"},"primaryImageOfPage":{"@id":"https:\/\/wein-werte.com\/de\/produkt\/nikolaihof-steiner-hund-riesling-2016-750ml\/#primaryimage"},"image":{"@id":"https:\/\/wein-werte.com\/de\/produkt\/nikolaihof-steiner-hund-riesling-2016-750ml\/#primaryimage"},"thumbnailUrl":"https:\/\/wein-werte.com\/wp-content\/uploads\/2026\/04\/Nikolaihof-Steiner-Hund-Riesling-2016-750ml.png","datePublished":"2026-05-05T16:17:44+00:00","description":"Kaufe Nikolaihof Steiner Hund Riesling 2016 (Riesling, trocken aus Wachau, \u00d6sterreich) bei Wein Werte, Ihrem nachhaltigen Onlineshop.","breadcrumb":{"@id":"https:\/\/wein-werte.com\/de\/produkt\/nikolaihof-steiner-hund-riesling-2016-750ml\/#breadcrumb"},"inLanguage":"de","potentialAction":[{"@type":"ReadAction","target":["https:\/\/wein-werte.com\/de\/produkt\/nikolaihof-steiner-hund-riesling-2016-750ml\/"]}]},{"@type":"ImageObject","inLanguage":"de","@id":"https:\/\/wein-werte.com\/de\/produkt\/nikolaihof-steiner-hund-riesling-2016-750ml\/#primaryimage","url":"https:\/\/wein-werte.com\/wp-content\/uploads\/2026\/04\/Nikolaihof-Steiner-Hund-Riesling-2016-750ml.png","contentUrl":"https:\/\/wein-werte.com\/wp-content\/uploads\/2026\/04\/Nikolaihof-Steiner-Hund-Riesling-2016-750ml.png","width":263,"height":1200,"caption":"Nikolaihof Steiner Hund, Riesling trocken 2016 750ml"},{"@type":"BreadcrumbList","@id":"https:\/\/wein-werte.com\/de\/produkt\/nikolaihof-steiner-hund-riesling-2016-750ml\/#breadcrumb","itemListElement":[{"@type":"ListItem","position":1,"name":"Home","item":"https:\/\/wein-werte.com\/de\/"},{"@type":"ListItem","position":2,"name":"Shop","item":"https:\/\/wein-werte.com\/de\/shop\/"},{"@type":"ListItem","position":3,"name":"Nikolaihof | Wachau | Steiner Hund, Riesling trocken | 2016 | 750ml | bio"}]},{"@type":"WebSite","@id":"https:\/\/wein-werte.com\/de\/#website","url":"https:\/\/wein-werte.com\/de\/","name":"Wein Werte","description":"","publisher":{"@id":"https:\/\/wein-werte.com\/de\/#organization"},"potentialAction":[{"@type":"SearchAction","target":{"@type":"EntryPoint","urlTemplate":"https:\/\/wein-werte.com\/de\/?s={search_term_string}"},"query-input":{"@type":"PropertyValueSpecification","valueRequired":true,"valueName":"search_term_string"}}],"inLanguage":"de"},{"@type":"Organization","@id":"https:\/\/wein-werte.com\/de\/#organization","name":"Vins Fins Thorrold","url":"https:\/\/wein-werte.com\/de\/","logo":{"@type":"ImageObject","inLanguage":"de","@id":"https:\/\/wein-werte.com\/de\/#\/schema\/logo\/image\/","url":"https:\/\/wein-werte.com\/wp-content\/uploads\/2023\/07\/Wein_werte_Logo700-1.png","contentUrl":"https:\/\/wein-werte.com\/wp-content\/uploads\/2023\/07\/Wein_werte_Logo700-1.png","width":700,"height":272,"caption":"Vins Fins Thorrold"},"image":{"@id":"https:\/\/wein-werte.com\/de\/#\/schema\/logo\/image\/"}}]}},"_links":{"self":[{"href":"https:\/\/wein-werte.com\/de\/wp-json\/wp\/v2\/product\/1126042","targetHints":{"allow":["GET"]}}],"collection":[{"href":"https:\/\/wein-werte.com\/de\/wp-json\/wp\/v2\/product"}],"about":[{"href":"https:\/\/wein-werte.com\/de\/wp-json\/wp\/v2\/types\/product"}],"wp:featuredmedia":[{"embeddable":true,"href":"https:\/\/wein-werte.com\/de\/wp-json\/wp\/v2\/media\/1138294"}],"wp:attachment":[{"href":"https:\/\/wein-werte.com\/de\/wp-json\/wp\/v2\/media?parent=1126042"}],"wp:term":[{"taxonomy":"product_brand","embeddable":true,"href":"https:\/\/wein-werte.com\/de\/wp-json\/wp\/v2\/product_brand?post=1126042"},{"taxonomy":"product_cat","embeddable":true,"href":"https:\/\/wein-werte.com\/de\/wp-json\/wp\/v2\/product_cat?post=1126042"},{"taxonomy":"product_tag","embeddable":true,"href":"https:\/\/wein-werte.com\/de\/wp-json\/wp\/v2\/product_tag?post=1126042"}],"curies":[{"name":"wp","href":"https:\/\/api.w.org\/{rel}","templated":true}]}}