{"id":1126027,"date":"2026-05-08T19:53:19","date_gmt":"2026-05-08T17:53:19","guid":{"rendered":"https:\/\/wein-werte.com\/product\/nikolaihof-im-weingebirge-gruner-veltliner-federspiel-1988-1500ml\/"},"modified":"2026-05-01T23:37:38","modified_gmt":"2026-05-01T21:37:38","slug":"nikolaihof-im-weingebirge-gruner-veltliner-federspiel-1988-1500ml","status":"publish","type":"product","link":"https:\/\/wein-werte.com\/de\/produkt\/nikolaihof-im-weingebirge-gruner-veltliner-federspiel-1988-1500ml\/","title":{"rendered":"Nikolaihof | Wachau | Im Weingebirge, Gr\u00fcner Veltliner Federspiel trocken  | 1988 | 1500ml"},"content":{"rendered":"<p>Produktbeschreibung f\u00fcr Nikolaihof Im Weingebirge, Gr\u00fcner Veltliner Federspiel trocken  1988 <\/p>\n<p> Archive Release 2024 <\/p>\n<h5>Herkunft<\/h5>\n<p> Die Ried \u00bbIm Weingebirge\u00ab\u00a0ist eine so genannte \u00bbRied innerhalb einer Ried\u00ab. Sie geh\u00f6rt zur Ried \u00bbAlte Point\u00ab und grenzt an die Rieden \u00bbStrudel\u00ab und \u00bbS\u00fc\u00dfenberg\u00ab oberhalb von Mautern an. Die Lage umfasst glatte sechs Hektar und zieht sich Richtung Norden von 206 auf 225 Meter den Hang hinauf. Der Unterboden ist bestimmt von Paragneis, der hier und da bis an die Oberfl\u00e4che st\u00f6\u00dft. Der Oberboden besteht aus Lehm und vor allem L\u00f6ss. Verkostungsnotiz von Paula Bosch <\/p>\n<p>Copyright Vinaturel 2025<\/p>\n<p>Keywords: <a href=\"https:\/\/wein-werte.com\/de\/shop\/?swoof=1&#038;pa_producer=Nikolaihof\">Nikolaihof<\/a> <a href=\"https:\/\/wein-werte.com\/de\/shop\/?swoof=1&#038;woof_text=Im Weingebirge, Gr\u00fcner Veltliner Federspiel trocken \">Im Weingebirge, Gr\u00fcner Veltliner Federspiel trocken <\/a> 1988  <a href=\"https:\/\/wein-werte.com\/de\/shop\/?swoof=1&#038;pa_region=Wachau\">Wachau<\/a> <a href=\"https:\/\/wein-werte.com\/de\/shop\/?swoof=1&#038;pa_country=\u00d6sterreich\">\u00d6sterreich<\/a><\/p>\n<p>Internetseite des Weinguts: <a href=\"https:\/\/www.nikolaihof.at\/en\/home\/\" target=\"_blank\">https:\/\/www.nikolaihof.at\/en\/home\/<\/a><\/p>\n","protected":false},"excerpt":{"rendered":"<p>Lieferzeit: 1 bis 2 Arbeitstage (DE), 2 bis 5 Arbeitstage (EU and CH)<\/p>\n","protected":false},"featured_media":1138282,"template":"","meta":[],"product_brand":[],"product_cat":[19],"product_tag":[],"class_list":{"0":"post-1126027","1":"product","2":"type-product","3":"status-publish","4":"has-post-thumbnail","6":"product_cat-unkategorisiert","7":"pa_alcohol-for-filter-12895","8":"pa_certified-biodynamic-nein-de","9":"pa_certified-organic-nein-de","10":"pa_colour-weiss","11":"pa_country-osterreich","12":"pa_grape-gruner-veltliner","13":"pa_price-for-filter-12989","14":"pa_producer-nikolaihof","15":"pa_region-wachau","16":"pa_size-ml-6657","17":"pa_sweetness-trocken-de","18":"pa_type-2-still-de","19":"pa_vintage-1988-de","20":"entry","21":"has-media","23":"first","24":"instock","25":"taxable","26":"shipping-taxable","27":"purchasable","28":"product-type-simple"},"yoast_head":"<!-- This site is optimized with the Yoast SEO plugin v27.5 - https:\/\/yoast.com\/product\/yoast-seo-wordpress\/ -->\n<title>Nikolaihof Im Weingebirge Gr\u00fcner Veltliner Federspiel 1988, 1500ml<\/title>\n<meta name=\"description\" content=\"Kaufe Nikolaihof Im Weingebirge Gr\u00fcner Veltliner Federspiel 1988 (Gr\u00fcner Veltliner, trocken aus Wachau, \u00d6sterreich) bei Wein Werte, Ihrem nachhaltigen Onlineshop.\" \/>\n<meta name=\"robots\" content=\"index, follow, max-snippet:-1, max-image-preview:large, max-video-preview:-1\" \/>\n<link rel=\"canonical\" href=\"https:\/\/wein-werte.com\/de\/produkt\/nikolaihof-im-weingebirge-gruner-veltliner-federspiel-1988-1500ml\/\" \/>\n<meta property=\"og:locale\" content=\"de_DE\" \/>\n<meta property=\"og:type\" content=\"article\" \/>\n<meta property=\"og:title\" content=\"Nikolaihof Im Weingebirge Gr\u00fcner Veltliner Federspiel 1988, 1500ml\" \/>\n<meta property=\"og:description\" content=\"Kaufe Nikolaihof Im Weingebirge Gr\u00fcner Veltliner Federspiel 1988 (Gr\u00fcner Veltliner, trocken aus Wachau, \u00d6sterreich) bei Wein Werte, Ihrem nachhaltigen Onlineshop.\" \/>\n<meta property=\"og:url\" content=\"https:\/\/wein-werte.com\/de\/produkt\/nikolaihof-im-weingebirge-gruner-veltliner-federspiel-1988-1500ml\/\" \/>\n<meta property=\"og:site_name\" content=\"Wein Werte\" \/>\n<meta property=\"og:image\" content=\"https:\/\/wein-werte.com\/wp-content\/uploads\/2026\/04\/Nikolaihof-Im-Weingebirge-Gruner-Veltliner-Federspiel-1988-1500ml.png\" \/>\n\t<meta property=\"og:image:width\" content=\"231\" \/>\n\t<meta property=\"og:image:height\" content=\"1200\" \/>\n\t<meta property=\"og:image:type\" content=\"image\/png\" \/>\n<meta name=\"twitter:card\" content=\"summary_large_image\" \/>\n<meta name=\"twitter:label1\" content=\"Gesch\u00e4tzte Lesezeit\" \/>\n\t<meta name=\"twitter:data1\" content=\"1\u00a0Minute\" \/>\n<script type=\"application\/ld+json\" class=\"yoast-schema-graph\">{\"@context\":\"https:\\\/\\\/schema.org\",\"@graph\":[{\"@type\":\"WebPage\",\"@id\":\"https:\\\/\\\/wein-werte.com\\\/de\\\/produkt\\\/nikolaihof-im-weingebirge-gruner-veltliner-federspiel-1988-1500ml\\\/\",\"url\":\"https:\\\/\\\/wein-werte.com\\\/de\\\/produkt\\\/nikolaihof-im-weingebirge-gruner-veltliner-federspiel-1988-1500ml\\\/\",\"name\":\"Nikolaihof Im Weingebirge Gr\u00fcner Veltliner Federspiel 1988, 1500ml\",\"isPartOf\":{\"@id\":\"https:\\\/\\\/wein-werte.com\\\/de\\\/#website\"},\"primaryImageOfPage\":{\"@id\":\"https:\\\/\\\/wein-werte.com\\\/de\\\/produkt\\\/nikolaihof-im-weingebirge-gruner-veltliner-federspiel-1988-1500ml\\\/#primaryimage\"},\"image\":{\"@id\":\"https:\\\/\\\/wein-werte.com\\\/de\\\/produkt\\\/nikolaihof-im-weingebirge-gruner-veltliner-federspiel-1988-1500ml\\\/#primaryimage\"},\"thumbnailUrl\":\"https:\\\/\\\/wein-werte.com\\\/wp-content\\\/uploads\\\/2026\\\/04\\\/Nikolaihof-Im-Weingebirge-Gruner-Veltliner-Federspiel-1988-1500ml.png\",\"datePublished\":\"2026-05-08T17:53:19+00:00\",\"description\":\"Kaufe Nikolaihof Im Weingebirge Gr\u00fcner Veltliner Federspiel 1988 (Gr\u00fcner Veltliner, trocken aus Wachau, \u00d6sterreich) bei Wein Werte, Ihrem nachhaltigen Onlineshop.\",\"breadcrumb\":{\"@id\":\"https:\\\/\\\/wein-werte.com\\\/de\\\/produkt\\\/nikolaihof-im-weingebirge-gruner-veltliner-federspiel-1988-1500ml\\\/#breadcrumb\"},\"inLanguage\":\"de\",\"potentialAction\":[{\"@type\":\"ReadAction\",\"target\":[\"https:\\\/\\\/wein-werte.com\\\/de\\\/produkt\\\/nikolaihof-im-weingebirge-gruner-veltliner-federspiel-1988-1500ml\\\/\"]}]},{\"@type\":\"ImageObject\",\"inLanguage\":\"de\",\"@id\":\"https:\\\/\\\/wein-werte.com\\\/de\\\/produkt\\\/nikolaihof-im-weingebirge-gruner-veltliner-federspiel-1988-1500ml\\\/#primaryimage\",\"url\":\"https:\\\/\\\/wein-werte.com\\\/wp-content\\\/uploads\\\/2026\\\/04\\\/Nikolaihof-Im-Weingebirge-Gruner-Veltliner-Federspiel-1988-1500ml.png\",\"contentUrl\":\"https:\\\/\\\/wein-werte.com\\\/wp-content\\\/uploads\\\/2026\\\/04\\\/Nikolaihof-Im-Weingebirge-Gruner-Veltliner-Federspiel-1988-1500ml.png\",\"width\":231,\"height\":1200,\"caption\":\"Nikolaihof Im Weingebirge, Gr\u00fcner Veltliner Federspiel trocken 1988 1500ml\"},{\"@type\":\"BreadcrumbList\",\"@id\":\"https:\\\/\\\/wein-werte.com\\\/de\\\/produkt\\\/nikolaihof-im-weingebirge-gruner-veltliner-federspiel-1988-1500ml\\\/#breadcrumb\",\"itemListElement\":[{\"@type\":\"ListItem\",\"position\":1,\"name\":\"Home\",\"item\":\"https:\\\/\\\/wein-werte.com\\\/de\\\/\"},{\"@type\":\"ListItem\",\"position\":2,\"name\":\"Shop\",\"item\":\"https:\\\/\\\/wein-werte.com\\\/de\\\/shop\\\/\"},{\"@type\":\"ListItem\",\"position\":3,\"name\":\"Nikolaihof | Wachau | Im Weingebirge, Gr\u00fcner Veltliner Federspiel trocken | 1988 | 1500ml\"}]},{\"@type\":\"WebSite\",\"@id\":\"https:\\\/\\\/wein-werte.com\\\/de\\\/#website\",\"url\":\"https:\\\/\\\/wein-werte.com\\\/de\\\/\",\"name\":\"Wein Werte\",\"description\":\"\",\"publisher\":{\"@id\":\"https:\\\/\\\/wein-werte.com\\\/de\\\/#organization\"},\"potentialAction\":[{\"@type\":\"SearchAction\",\"target\":{\"@type\":\"EntryPoint\",\"urlTemplate\":\"https:\\\/\\\/wein-werte.com\\\/de\\\/?s={search_term_string}\"},\"query-input\":{\"@type\":\"PropertyValueSpecification\",\"valueRequired\":true,\"valueName\":\"search_term_string\"}}],\"inLanguage\":\"de\"},{\"@type\":\"Organization\",\"@id\":\"https:\\\/\\\/wein-werte.com\\\/de\\\/#organization\",\"name\":\"Vins Fins Thorrold\",\"url\":\"https:\\\/\\\/wein-werte.com\\\/de\\\/\",\"logo\":{\"@type\":\"ImageObject\",\"inLanguage\":\"de\",\"@id\":\"https:\\\/\\\/wein-werte.com\\\/de\\\/#\\\/schema\\\/logo\\\/image\\\/\",\"url\":\"https:\\\/\\\/wein-werte.com\\\/wp-content\\\/uploads\\\/2023\\\/07\\\/Wein_werte_Logo700-1.png\",\"contentUrl\":\"https:\\\/\\\/wein-werte.com\\\/wp-content\\\/uploads\\\/2023\\\/07\\\/Wein_werte_Logo700-1.png\",\"width\":700,\"height\":272,\"caption\":\"Vins Fins Thorrold\"},\"image\":{\"@id\":\"https:\\\/\\\/wein-werte.com\\\/de\\\/#\\\/schema\\\/logo\\\/image\\\/\"}}]}<\/script>\n<!-- \/ Yoast SEO plugin. -->","yoast_head_json":{"title":"Nikolaihof Im Weingebirge Gr\u00fcner Veltliner Federspiel 1988, 1500ml","description":"Kaufe Nikolaihof Im Weingebirge Gr\u00fcner Veltliner Federspiel 1988 (Gr\u00fcner Veltliner, trocken aus Wachau, \u00d6sterreich) bei Wein Werte, Ihrem nachhaltigen Onlineshop.","robots":{"index":"index","follow":"follow","max-snippet":"max-snippet:-1","max-image-preview":"max-image-preview:large","max-video-preview":"max-video-preview:-1"},"canonical":"https:\/\/wein-werte.com\/de\/produkt\/nikolaihof-im-weingebirge-gruner-veltliner-federspiel-1988-1500ml\/","og_locale":"de_DE","og_type":"article","og_title":"Nikolaihof Im Weingebirge Gr\u00fcner Veltliner Federspiel 1988, 1500ml","og_description":"Kaufe Nikolaihof Im Weingebirge Gr\u00fcner Veltliner Federspiel 1988 (Gr\u00fcner Veltliner, trocken aus Wachau, \u00d6sterreich) bei Wein Werte, Ihrem nachhaltigen Onlineshop.","og_url":"https:\/\/wein-werte.com\/de\/produkt\/nikolaihof-im-weingebirge-gruner-veltliner-federspiel-1988-1500ml\/","og_site_name":"Wein Werte","og_image":[{"width":231,"height":1200,"url":"https:\/\/wein-werte.com\/wp-content\/uploads\/2026\/04\/Nikolaihof-Im-Weingebirge-Gruner-Veltliner-Federspiel-1988-1500ml.png","type":"image\/png"}],"twitter_card":"summary_large_image","twitter_misc":{"Gesch\u00e4tzte Lesezeit":"1\u00a0Minute"},"schema":{"@context":"https:\/\/schema.org","@graph":[{"@type":"WebPage","@id":"https:\/\/wein-werte.com\/de\/produkt\/nikolaihof-im-weingebirge-gruner-veltliner-federspiel-1988-1500ml\/","url":"https:\/\/wein-werte.com\/de\/produkt\/nikolaihof-im-weingebirge-gruner-veltliner-federspiel-1988-1500ml\/","name":"Nikolaihof Im Weingebirge Gr\u00fcner Veltliner Federspiel 1988, 1500ml","isPartOf":{"@id":"https:\/\/wein-werte.com\/de\/#website"},"primaryImageOfPage":{"@id":"https:\/\/wein-werte.com\/de\/produkt\/nikolaihof-im-weingebirge-gruner-veltliner-federspiel-1988-1500ml\/#primaryimage"},"image":{"@id":"https:\/\/wein-werte.com\/de\/produkt\/nikolaihof-im-weingebirge-gruner-veltliner-federspiel-1988-1500ml\/#primaryimage"},"thumbnailUrl":"https:\/\/wein-werte.com\/wp-content\/uploads\/2026\/04\/Nikolaihof-Im-Weingebirge-Gruner-Veltliner-Federspiel-1988-1500ml.png","datePublished":"2026-05-08T17:53:19+00:00","description":"Kaufe Nikolaihof Im Weingebirge Gr\u00fcner Veltliner Federspiel 1988 (Gr\u00fcner Veltliner, trocken aus Wachau, \u00d6sterreich) bei Wein Werte, Ihrem nachhaltigen Onlineshop.","breadcrumb":{"@id":"https:\/\/wein-werte.com\/de\/produkt\/nikolaihof-im-weingebirge-gruner-veltliner-federspiel-1988-1500ml\/#breadcrumb"},"inLanguage":"de","potentialAction":[{"@type":"ReadAction","target":["https:\/\/wein-werte.com\/de\/produkt\/nikolaihof-im-weingebirge-gruner-veltliner-federspiel-1988-1500ml\/"]}]},{"@type":"ImageObject","inLanguage":"de","@id":"https:\/\/wein-werte.com\/de\/produkt\/nikolaihof-im-weingebirge-gruner-veltliner-federspiel-1988-1500ml\/#primaryimage","url":"https:\/\/wein-werte.com\/wp-content\/uploads\/2026\/04\/Nikolaihof-Im-Weingebirge-Gruner-Veltliner-Federspiel-1988-1500ml.png","contentUrl":"https:\/\/wein-werte.com\/wp-content\/uploads\/2026\/04\/Nikolaihof-Im-Weingebirge-Gruner-Veltliner-Federspiel-1988-1500ml.png","width":231,"height":1200,"caption":"Nikolaihof Im Weingebirge, Gr\u00fcner Veltliner Federspiel trocken 1988 1500ml"},{"@type":"BreadcrumbList","@id":"https:\/\/wein-werte.com\/de\/produkt\/nikolaihof-im-weingebirge-gruner-veltliner-federspiel-1988-1500ml\/#breadcrumb","itemListElement":[{"@type":"ListItem","position":1,"name":"Home","item":"https:\/\/wein-werte.com\/de\/"},{"@type":"ListItem","position":2,"name":"Shop","item":"https:\/\/wein-werte.com\/de\/shop\/"},{"@type":"ListItem","position":3,"name":"Nikolaihof | Wachau | Im Weingebirge, Gr\u00fcner Veltliner Federspiel trocken | 1988 | 1500ml"}]},{"@type":"WebSite","@id":"https:\/\/wein-werte.com\/de\/#website","url":"https:\/\/wein-werte.com\/de\/","name":"Wein Werte","description":"","publisher":{"@id":"https:\/\/wein-werte.com\/de\/#organization"},"potentialAction":[{"@type":"SearchAction","target":{"@type":"EntryPoint","urlTemplate":"https:\/\/wein-werte.com\/de\/?s={search_term_string}"},"query-input":{"@type":"PropertyValueSpecification","valueRequired":true,"valueName":"search_term_string"}}],"inLanguage":"de"},{"@type":"Organization","@id":"https:\/\/wein-werte.com\/de\/#organization","name":"Vins Fins Thorrold","url":"https:\/\/wein-werte.com\/de\/","logo":{"@type":"ImageObject","inLanguage":"de","@id":"https:\/\/wein-werte.com\/de\/#\/schema\/logo\/image\/","url":"https:\/\/wein-werte.com\/wp-content\/uploads\/2023\/07\/Wein_werte_Logo700-1.png","contentUrl":"https:\/\/wein-werte.com\/wp-content\/uploads\/2023\/07\/Wein_werte_Logo700-1.png","width":700,"height":272,"caption":"Vins Fins Thorrold"},"image":{"@id":"https:\/\/wein-werte.com\/de\/#\/schema\/logo\/image\/"}}]}},"_links":{"self":[{"href":"https:\/\/wein-werte.com\/de\/wp-json\/wp\/v2\/product\/1126027","targetHints":{"allow":["GET"]}}],"collection":[{"href":"https:\/\/wein-werte.com\/de\/wp-json\/wp\/v2\/product"}],"about":[{"href":"https:\/\/wein-werte.com\/de\/wp-json\/wp\/v2\/types\/product"}],"wp:featuredmedia":[{"embeddable":true,"href":"https:\/\/wein-werte.com\/de\/wp-json\/wp\/v2\/media\/1138282"}],"wp:attachment":[{"href":"https:\/\/wein-werte.com\/de\/wp-json\/wp\/v2\/media?parent=1126027"}],"wp:term":[{"taxonomy":"product_brand","embeddable":true,"href":"https:\/\/wein-werte.com\/de\/wp-json\/wp\/v2\/product_brand?post=1126027"},{"taxonomy":"product_cat","embeddable":true,"href":"https:\/\/wein-werte.com\/de\/wp-json\/wp\/v2\/product_cat?post=1126027"},{"taxonomy":"product_tag","embeddable":true,"href":"https:\/\/wein-werte.com\/de\/wp-json\/wp\/v2\/product_tag?post=1126027"}],"curies":[{"name":"wp","href":"https:\/\/api.w.org\/{rel}","templated":true}]}}