{"id":1126007,"date":"2026-05-05T18:17:43","date_gmt":"2026-05-05T16:17:43","guid":{"rendered":"https:\/\/wein-werte.com\/product\/nikolaihof-baumgarten-weissburgunder-federspiel-kabinett-1987-750ml\/"},"modified":"2026-05-01T23:37:35","modified_gmt":"2026-05-01T21:37:35","slug":"nikolaihof-baumgarten-weissburgunder-federspiel-kabinett-1987-750ml","status":"publish","type":"product","link":"https:\/\/wein-werte.com\/de\/produkt\/nikolaihof-baumgarten-weissburgunder-federspiel-kabinett-1987-750ml\/","title":{"rendered":"Nikolaihof | Wachau | Baumgarten Wei\u00dfburgunder Federspiel-Kabinett | 1987 | 750ml"},"content":{"rendered":"<p>Produktbeschreibung f\u00fcr Nikolaihof Baumgarten Wei\u00dfburgunder Federspiel-Kabinett 1987 <\/p>\n<p> Archive Relase 2024. <\/p>\n<h5>Herkunft<\/h5>\n<p> Der Wein stammt aus dem Ortsgebiet von Baumgarten (Katastralgemeinde Mautern) und ist Teil der Lage \u201eSchlossberg\u201c; dazu gibt es leider nur eine mehr als unzureichende Lagenbeschreibung im Vinea Riedenverzeichnis: https:\/\/www.vinea-wachau.at\/mywachau\/rieden\/rieden-details\/myw_vineyard\/schlossberg-1 Aus reinem Eigennutz w\u00fcnschte ich, dass es nicht jedem Leser dieser Zeilen und einer Kostprobe ergehen m\u00f6ge wie mir, denn ich habe gleich zwei Kartons auch davon eingepackt. <\/p>\n<h5>Farbe<\/h5>\n<p>Glanzhelles Strohgelb <\/p>\n<h5>Nase<\/h5>\n<p>Opulent, reich und vielschichtig zeigte sich von Anfang an dem Duft dieses ausdrucksstarken, perfekten Wei\u00dfburgunders. Zur wei\u00dfen Bl\u00fctenpracht gesellen sich Zitronen, reife Birnen, Haselnu\u00df, Vanillekipferl, Apfeltarte, Kekse. Kr\u00e4utrige Aspekte wie Rosmarin und Thymian wirken hier schon au\u00dfergew\u00f6hnlich, eher verr\u00fcckt. <\/p>\n<h5>Gaumen<\/h5>\n<p> Die immer noch total lebendig schmeckende S\u00e4ure wird durch eine ganz feine Malolaktik (Joghurt) untermalt, passt wie eine Faust aufs Auge, gibt dem Gesamteindruck einen harmonischen Kick, saftig frischen Glanz. Druck und Nachhall beeindrucken mit ihrer Persistenz, obwohl der Wein mit Leichtigkeit und scheinbaren Fl\u00fcgeln bis zum Ende prahlt. <\/p>\n<p>Copyright Vinaturel 2025<\/p>\n<p>Keywords: <a href=\"https:\/\/wein-werte.com\/de\/shop\/?swoof=1&#038;pa_producer=Nikolaihof\">Nikolaihof<\/a> <a href=\"https:\/\/wein-werte.com\/de\/shop\/?swoof=1&#038;woof_text=Baumgarten Wei\u00dfburgunder Federspiel-Kabinett\">Baumgarten Wei\u00dfburgunder Federspiel-Kabinett<\/a> 1987  <a href=\"https:\/\/wein-werte.com\/de\/shop\/?swoof=1&#038;pa_region=Wachau\">Wachau<\/a> <a href=\"https:\/\/wein-werte.com\/de\/shop\/?swoof=1&#038;pa_country=\u00d6sterreich\">\u00d6sterreich<\/a><\/p>\n<h3>Wine Advocate<\/h3>\n<p>Punkte: 88<\/p>\n<p>Der 1987er Baumgarten zu Mautern Wei\u00dfburgunder Federspiel-Kabinett ist tiefgr\u00fcndig, frisch und etwas schmutzig (oder vielleicht auch nicht), basierend auf perfekt reifen, aber dennoch intensiven und fleischigen Fr\u00fcchten. Der Abgang ist intensiv und komplex, aber auch etwas sparsam und nicht wirklich lang, au\u00dfer hinsichtlich der Phenole, die wahrscheinlich etwas gr\u00fcnlich sind. 11,5 % Alkoholgehalt. Naturkorken. Archiv-Release 2024. Verkostet im Januar 2025.<br \/>Stephan Reinhardt<\/p>\n<p>Internetseite des Weinguts: <a href=\"https:\/\/www.nikolaihof.at\/en\/home\/\" target=\"_blank\">https:\/\/www.nikolaihof.at\/en\/home\/<\/a><\/p>\n","protected":false},"excerpt":{"rendered":"<p>Lieferzeit: 1 bis 2 Arbeitstage (DE), 2 bis 5 Arbeitstage (EU and CH)<\/p>\n","protected":false},"featured_media":1138266,"template":"","meta":[],"product_brand":[],"product_cat":[19],"product_tag":[],"class_list":{"0":"post-1126007","1":"product","2":"type-product","3":"status-publish","4":"has-post-thumbnail","6":"product_cat-unkategorisiert","7":"pa_alcohol-for-filter-11-5","8":"pa_certified-biodynamic-nein-de","9":"pa_certified-organic-nein-de","10":"pa_colour-weiss","11":"pa_country-osterreich","12":"pa_grape-weisburgunder-pinot-blanc","13":"pa_parker-points-for-filter-88-de-2","14":"pa_price-for-filter-10637","15":"pa_producer-nikolaihof","16":"pa_region-wachau","17":"pa_size-ml-6584","18":"pa_sweetness-trocken-de","19":"pa_type-2-still-de","20":"pa_vintage-1987-de","21":"entry","22":"has-media","24":"first","25":"instock","26":"taxable","27":"shipping-taxable","28":"purchasable","29":"product-type-simple"},"yoast_head":"<!-- This site is optimized with the Yoast SEO plugin v27.5 - https:\/\/yoast.com\/product\/yoast-seo-wordpress\/ -->\n<title>Nikolaihof Baumgarten Wei\u00dfburgunder Federspiel-Kabinett 1987<\/title>\n<meta name=\"description\" content=\"Kaufe Nikolaihof Baumgarten Wei\u00dfburgunder Federspiel-Kabinett 1987 (Wei\u00dfburgunder, trocken aus Wachau, \u00d6sterreich) bei Wein Werte, Ihrem nachhaltigen Onlineshop.\" \/>\n<meta name=\"robots\" content=\"index, follow, max-snippet:-1, max-image-preview:large, max-video-preview:-1\" \/>\n<link rel=\"canonical\" href=\"https:\/\/wein-werte.com\/de\/produkt\/nikolaihof-baumgarten-weissburgunder-federspiel-kabinett-1987-750ml\/\" \/>\n<meta property=\"og:locale\" content=\"de_DE\" \/>\n<meta property=\"og:type\" content=\"article\" \/>\n<meta property=\"og:title\" content=\"Nikolaihof Baumgarten Wei\u00dfburgunder Federspiel-Kabinett 1987\" \/>\n<meta property=\"og:description\" content=\"Kaufe Nikolaihof Baumgarten Wei\u00dfburgunder Federspiel-Kabinett 1987 (Wei\u00dfburgunder, trocken aus Wachau, \u00d6sterreich) bei Wein Werte, Ihrem nachhaltigen Onlineshop.\" \/>\n<meta property=\"og:url\" content=\"https:\/\/wein-werte.com\/de\/produkt\/nikolaihof-baumgarten-weissburgunder-federspiel-kabinett-1987-750ml\/\" \/>\n<meta property=\"og:site_name\" content=\"Wein Werte\" \/>\n<meta property=\"og:image\" content=\"https:\/\/wein-werte.com\/wp-content\/uploads\/2026\/04\/Nikolaihof-Baumgarten-Weissburgunder-Federspiel-Kabinett-1987-750ml.png\" \/>\n\t<meta property=\"og:image:width\" content=\"227\" \/>\n\t<meta property=\"og:image:height\" content=\"1200\" \/>\n\t<meta property=\"og:image:type\" content=\"image\/png\" \/>\n<meta name=\"twitter:card\" content=\"summary_large_image\" \/>\n<meta name=\"twitter:label1\" content=\"Gesch\u00e4tzte Lesezeit\" \/>\n\t<meta name=\"twitter:data1\" content=\"1\u00a0Minute\" \/>\n<script type=\"application\/ld+json\" class=\"yoast-schema-graph\">{\"@context\":\"https:\\\/\\\/schema.org\",\"@graph\":[{\"@type\":\"WebPage\",\"@id\":\"https:\\\/\\\/wein-werte.com\\\/de\\\/produkt\\\/nikolaihof-baumgarten-weissburgunder-federspiel-kabinett-1987-750ml\\\/\",\"url\":\"https:\\\/\\\/wein-werte.com\\\/de\\\/produkt\\\/nikolaihof-baumgarten-weissburgunder-federspiel-kabinett-1987-750ml\\\/\",\"name\":\"Nikolaihof Baumgarten Wei\u00dfburgunder Federspiel-Kabinett 1987\",\"isPartOf\":{\"@id\":\"https:\\\/\\\/wein-werte.com\\\/de\\\/#website\"},\"primaryImageOfPage\":{\"@id\":\"https:\\\/\\\/wein-werte.com\\\/de\\\/produkt\\\/nikolaihof-baumgarten-weissburgunder-federspiel-kabinett-1987-750ml\\\/#primaryimage\"},\"image\":{\"@id\":\"https:\\\/\\\/wein-werte.com\\\/de\\\/produkt\\\/nikolaihof-baumgarten-weissburgunder-federspiel-kabinett-1987-750ml\\\/#primaryimage\"},\"thumbnailUrl\":\"https:\\\/\\\/wein-werte.com\\\/wp-content\\\/uploads\\\/2026\\\/04\\\/Nikolaihof-Baumgarten-Weissburgunder-Federspiel-Kabinett-1987-750ml.png\",\"datePublished\":\"2026-05-05T16:17:43+00:00\",\"description\":\"Kaufe Nikolaihof Baumgarten Wei\u00dfburgunder Federspiel-Kabinett 1987 (Wei\u00dfburgunder, trocken aus Wachau, \u00d6sterreich) bei Wein Werte, Ihrem nachhaltigen Onlineshop.\",\"breadcrumb\":{\"@id\":\"https:\\\/\\\/wein-werte.com\\\/de\\\/produkt\\\/nikolaihof-baumgarten-weissburgunder-federspiel-kabinett-1987-750ml\\\/#breadcrumb\"},\"inLanguage\":\"de\",\"potentialAction\":[{\"@type\":\"ReadAction\",\"target\":[\"https:\\\/\\\/wein-werte.com\\\/de\\\/produkt\\\/nikolaihof-baumgarten-weissburgunder-federspiel-kabinett-1987-750ml\\\/\"]}]},{\"@type\":\"ImageObject\",\"inLanguage\":\"de\",\"@id\":\"https:\\\/\\\/wein-werte.com\\\/de\\\/produkt\\\/nikolaihof-baumgarten-weissburgunder-federspiel-kabinett-1987-750ml\\\/#primaryimage\",\"url\":\"https:\\\/\\\/wein-werte.com\\\/wp-content\\\/uploads\\\/2026\\\/04\\\/Nikolaihof-Baumgarten-Weissburgunder-Federspiel-Kabinett-1987-750ml.png\",\"contentUrl\":\"https:\\\/\\\/wein-werte.com\\\/wp-content\\\/uploads\\\/2026\\\/04\\\/Nikolaihof-Baumgarten-Weissburgunder-Federspiel-Kabinett-1987-750ml.png\",\"width\":227,\"height\":1200,\"caption\":\"Nikolaihof Baumgarten Wei\u00dfburgunder Federspiel-Kabinett 1987 750ml\"},{\"@type\":\"BreadcrumbList\",\"@id\":\"https:\\\/\\\/wein-werte.com\\\/de\\\/produkt\\\/nikolaihof-baumgarten-weissburgunder-federspiel-kabinett-1987-750ml\\\/#breadcrumb\",\"itemListElement\":[{\"@type\":\"ListItem\",\"position\":1,\"name\":\"Home\",\"item\":\"https:\\\/\\\/wein-werte.com\\\/de\\\/\"},{\"@type\":\"ListItem\",\"position\":2,\"name\":\"Shop\",\"item\":\"https:\\\/\\\/wein-werte.com\\\/de\\\/shop\\\/\"},{\"@type\":\"ListItem\",\"position\":3,\"name\":\"Nikolaihof | Wachau | Baumgarten Wei\u00dfburgunder Federspiel-Kabinett | 1987 | 750ml\"}]},{\"@type\":\"WebSite\",\"@id\":\"https:\\\/\\\/wein-werte.com\\\/de\\\/#website\",\"url\":\"https:\\\/\\\/wein-werte.com\\\/de\\\/\",\"name\":\"Wein Werte\",\"description\":\"\",\"publisher\":{\"@id\":\"https:\\\/\\\/wein-werte.com\\\/de\\\/#organization\"},\"potentialAction\":[{\"@type\":\"SearchAction\",\"target\":{\"@type\":\"EntryPoint\",\"urlTemplate\":\"https:\\\/\\\/wein-werte.com\\\/de\\\/?s={search_term_string}\"},\"query-input\":{\"@type\":\"PropertyValueSpecification\",\"valueRequired\":true,\"valueName\":\"search_term_string\"}}],\"inLanguage\":\"de\"},{\"@type\":\"Organization\",\"@id\":\"https:\\\/\\\/wein-werte.com\\\/de\\\/#organization\",\"name\":\"Vins Fins Thorrold\",\"url\":\"https:\\\/\\\/wein-werte.com\\\/de\\\/\",\"logo\":{\"@type\":\"ImageObject\",\"inLanguage\":\"de\",\"@id\":\"https:\\\/\\\/wein-werte.com\\\/de\\\/#\\\/schema\\\/logo\\\/image\\\/\",\"url\":\"https:\\\/\\\/wein-werte.com\\\/wp-content\\\/uploads\\\/2023\\\/07\\\/Wein_werte_Logo700-1.png\",\"contentUrl\":\"https:\\\/\\\/wein-werte.com\\\/wp-content\\\/uploads\\\/2023\\\/07\\\/Wein_werte_Logo700-1.png\",\"width\":700,\"height\":272,\"caption\":\"Vins Fins Thorrold\"},\"image\":{\"@id\":\"https:\\\/\\\/wein-werte.com\\\/de\\\/#\\\/schema\\\/logo\\\/image\\\/\"}}]}<\/script>\n<!-- \/ Yoast SEO plugin. -->","yoast_head_json":{"title":"Nikolaihof Baumgarten Wei\u00dfburgunder Federspiel-Kabinett 1987","description":"Kaufe Nikolaihof Baumgarten Wei\u00dfburgunder Federspiel-Kabinett 1987 (Wei\u00dfburgunder, trocken aus Wachau, \u00d6sterreich) bei Wein Werte, Ihrem nachhaltigen Onlineshop.","robots":{"index":"index","follow":"follow","max-snippet":"max-snippet:-1","max-image-preview":"max-image-preview:large","max-video-preview":"max-video-preview:-1"},"canonical":"https:\/\/wein-werte.com\/de\/produkt\/nikolaihof-baumgarten-weissburgunder-federspiel-kabinett-1987-750ml\/","og_locale":"de_DE","og_type":"article","og_title":"Nikolaihof Baumgarten Wei\u00dfburgunder Federspiel-Kabinett 1987","og_description":"Kaufe Nikolaihof Baumgarten Wei\u00dfburgunder Federspiel-Kabinett 1987 (Wei\u00dfburgunder, trocken aus Wachau, \u00d6sterreich) bei Wein Werte, Ihrem nachhaltigen Onlineshop.","og_url":"https:\/\/wein-werte.com\/de\/produkt\/nikolaihof-baumgarten-weissburgunder-federspiel-kabinett-1987-750ml\/","og_site_name":"Wein Werte","og_image":[{"width":227,"height":1200,"url":"https:\/\/wein-werte.com\/wp-content\/uploads\/2026\/04\/Nikolaihof-Baumgarten-Weissburgunder-Federspiel-Kabinett-1987-750ml.png","type":"image\/png"}],"twitter_card":"summary_large_image","twitter_misc":{"Gesch\u00e4tzte Lesezeit":"1\u00a0Minute"},"schema":{"@context":"https:\/\/schema.org","@graph":[{"@type":"WebPage","@id":"https:\/\/wein-werte.com\/de\/produkt\/nikolaihof-baumgarten-weissburgunder-federspiel-kabinett-1987-750ml\/","url":"https:\/\/wein-werte.com\/de\/produkt\/nikolaihof-baumgarten-weissburgunder-federspiel-kabinett-1987-750ml\/","name":"Nikolaihof Baumgarten Wei\u00dfburgunder Federspiel-Kabinett 1987","isPartOf":{"@id":"https:\/\/wein-werte.com\/de\/#website"},"primaryImageOfPage":{"@id":"https:\/\/wein-werte.com\/de\/produkt\/nikolaihof-baumgarten-weissburgunder-federspiel-kabinett-1987-750ml\/#primaryimage"},"image":{"@id":"https:\/\/wein-werte.com\/de\/produkt\/nikolaihof-baumgarten-weissburgunder-federspiel-kabinett-1987-750ml\/#primaryimage"},"thumbnailUrl":"https:\/\/wein-werte.com\/wp-content\/uploads\/2026\/04\/Nikolaihof-Baumgarten-Weissburgunder-Federspiel-Kabinett-1987-750ml.png","datePublished":"2026-05-05T16:17:43+00:00","description":"Kaufe Nikolaihof Baumgarten Wei\u00dfburgunder Federspiel-Kabinett 1987 (Wei\u00dfburgunder, trocken aus Wachau, \u00d6sterreich) bei Wein Werte, Ihrem nachhaltigen Onlineshop.","breadcrumb":{"@id":"https:\/\/wein-werte.com\/de\/produkt\/nikolaihof-baumgarten-weissburgunder-federspiel-kabinett-1987-750ml\/#breadcrumb"},"inLanguage":"de","potentialAction":[{"@type":"ReadAction","target":["https:\/\/wein-werte.com\/de\/produkt\/nikolaihof-baumgarten-weissburgunder-federspiel-kabinett-1987-750ml\/"]}]},{"@type":"ImageObject","inLanguage":"de","@id":"https:\/\/wein-werte.com\/de\/produkt\/nikolaihof-baumgarten-weissburgunder-federspiel-kabinett-1987-750ml\/#primaryimage","url":"https:\/\/wein-werte.com\/wp-content\/uploads\/2026\/04\/Nikolaihof-Baumgarten-Weissburgunder-Federspiel-Kabinett-1987-750ml.png","contentUrl":"https:\/\/wein-werte.com\/wp-content\/uploads\/2026\/04\/Nikolaihof-Baumgarten-Weissburgunder-Federspiel-Kabinett-1987-750ml.png","width":227,"height":1200,"caption":"Nikolaihof Baumgarten Wei\u00dfburgunder Federspiel-Kabinett 1987 750ml"},{"@type":"BreadcrumbList","@id":"https:\/\/wein-werte.com\/de\/produkt\/nikolaihof-baumgarten-weissburgunder-federspiel-kabinett-1987-750ml\/#breadcrumb","itemListElement":[{"@type":"ListItem","position":1,"name":"Home","item":"https:\/\/wein-werte.com\/de\/"},{"@type":"ListItem","position":2,"name":"Shop","item":"https:\/\/wein-werte.com\/de\/shop\/"},{"@type":"ListItem","position":3,"name":"Nikolaihof | Wachau | Baumgarten Wei\u00dfburgunder Federspiel-Kabinett | 1987 | 750ml"}]},{"@type":"WebSite","@id":"https:\/\/wein-werte.com\/de\/#website","url":"https:\/\/wein-werte.com\/de\/","name":"Wein Werte","description":"","publisher":{"@id":"https:\/\/wein-werte.com\/de\/#organization"},"potentialAction":[{"@type":"SearchAction","target":{"@type":"EntryPoint","urlTemplate":"https:\/\/wein-werte.com\/de\/?s={search_term_string}"},"query-input":{"@type":"PropertyValueSpecification","valueRequired":true,"valueName":"search_term_string"}}],"inLanguage":"de"},{"@type":"Organization","@id":"https:\/\/wein-werte.com\/de\/#organization","name":"Vins Fins Thorrold","url":"https:\/\/wein-werte.com\/de\/","logo":{"@type":"ImageObject","inLanguage":"de","@id":"https:\/\/wein-werte.com\/de\/#\/schema\/logo\/image\/","url":"https:\/\/wein-werte.com\/wp-content\/uploads\/2023\/07\/Wein_werte_Logo700-1.png","contentUrl":"https:\/\/wein-werte.com\/wp-content\/uploads\/2023\/07\/Wein_werte_Logo700-1.png","width":700,"height":272,"caption":"Vins Fins Thorrold"},"image":{"@id":"https:\/\/wein-werte.com\/de\/#\/schema\/logo\/image\/"}}]}},"_links":{"self":[{"href":"https:\/\/wein-werte.com\/de\/wp-json\/wp\/v2\/product\/1126007","targetHints":{"allow":["GET"]}}],"collection":[{"href":"https:\/\/wein-werte.com\/de\/wp-json\/wp\/v2\/product"}],"about":[{"href":"https:\/\/wein-werte.com\/de\/wp-json\/wp\/v2\/types\/product"}],"wp:featuredmedia":[{"embeddable":true,"href":"https:\/\/wein-werte.com\/de\/wp-json\/wp\/v2\/media\/1138266"}],"wp:attachment":[{"href":"https:\/\/wein-werte.com\/de\/wp-json\/wp\/v2\/media?parent=1126007"}],"wp:term":[{"taxonomy":"product_brand","embeddable":true,"href":"https:\/\/wein-werte.com\/de\/wp-json\/wp\/v2\/product_brand?post=1126007"},{"taxonomy":"product_cat","embeddable":true,"href":"https:\/\/wein-werte.com\/de\/wp-json\/wp\/v2\/product_cat?post=1126007"},{"taxonomy":"product_tag","embeddable":true,"href":"https:\/\/wein-werte.com\/de\/wp-json\/wp\/v2\/product_tag?post=1126007"}],"curies":[{"name":"wp","href":"https:\/\/api.w.org\/{rel}","templated":true}]}}