{"id":1126002,"date":"2026-05-12T16:18:31","date_gmt":"2026-05-12T14:18:31","guid":{"rendered":"https:\/\/wein-werte.com\/product\/nikolaihof-steiner-hund-riesling-reserve-2008-1500ml\/"},"modified":"2026-05-12T19:52:23","modified_gmt":"2026-05-12T17:52:23","slug":"nikolaihof-steiner-hund-riesling-reserve-2008-1500ml","status":"publish","type":"product","link":"https:\/\/wein-werte.com\/de\/produkt\/nikolaihof-steiner-hund-riesling-reserve-2008-1500ml\/","title":{"rendered":"Nikolaihof | Wachau | Steiner Hund, Riesling Reserve | 2008 | 1500ml | bio"},"content":{"rendered":"<p>Produktbeschreibung f\u00fcr Nikolaihof Steiner Hund, Riesling Reserve 2008 (bio)<\/p>\n<p>Nikolaihof Steiner Hund Riesling Reserve 2008 ist ein trockener Wei\u00dfwein hergestellt aus Riesling Trauben in der Region Wachau in \u00d6sterreich.<\/p>\n<p>Keywords: <a href=\"https:\/\/wein-werte.com\/de\/shop\/?swoof=1&#038;pa_producer=Nikolaihof\">Nikolaihof<\/a> <a href=\"https:\/\/wein-werte.com\/de\/shop\/?swoof=1&#038;woof_text=Steiner Hund, Riesling Reserve\">Steiner Hund, Riesling Reserve<\/a> 2008 bio <a href=\"https:\/\/wein-werte.com\/de\/shop\/?swoof=1&#038;pa_region=Wachau\">Wachau<\/a> <a href=\"https:\/\/wein-werte.com\/de\/shop\/?swoof=1&#038;pa_country=\u00d6sterreich\">\u00d6sterreich<\/a><\/p>\n<h3>Wine Advocate<\/h3>\n<p>Punkte: 92<\/p>\n<p>Der 2008er Ried Steiner Hund Riesling Reserve aus Krems-Stein im Kremstal, der unter der Bezeichnung Nieder\u00f6sterreich vermarktet wird, ist tiefgr\u00fcndig, klar und frisch in der Nase, eher k\u00fchl, kieselig und salzig bis jodhaltig. Rund und dicht am Gaumen offenbart dieser gehaltvolle Riesling viel Kraft, Textur und Tannine, ihm fehlt jedoch der luftige, filigrane und energetische Charakter, der Rieslings gr\u00f6\u00dftes Talent ist. F\u00fcr meinen Geschmack ist er zu stark vom Smaragd-Stil gepr\u00e4gt. 13 % Alkoholgehalt. Naturkorken. Archiv-Release 2024. Verkostet im Januar 2025.<br \/>David Schildknecht<\/p>\n<p>Internetseite des Weinguts: <a href=\"https:\/\/www.nikolaihof.at\/en\/home\/\" target=\"_blank\">https:\/\/www.nikolaihof.at\/en\/home\/<\/a><\/p>\n","protected":false},"excerpt":{"rendered":"<div style=\"font-size: 14px;\">\n<p>Lieferzeit: 1 bis 2 Arbeitstage (DE), 2 bis 5 Arbeitstage (EU und CH)<\/p>\n<p>Ungef\u00e4hrer Energiegehalt pro 125-ml-Glas: 105 kcal<\/p>\n<\/p><\/div>\n","protected":false},"featured_media":1138262,"template":"","meta":[],"product_brand":[],"product_cat":[19],"product_tag":[],"class_list":{"0":"post-1126002","1":"product","2":"type-product","3":"status-publish","4":"has-post-thumbnail","6":"product_cat-unkategorisiert","7":"pa_alcohol-for-filter-12897","8":"pa_certified-biodynamic-ja-de","9":"pa_certified-organic-ja-de","10":"pa_colour-weiss","11":"pa_country-osterreich","12":"pa_grape-riesling","13":"pa_parker-points-for-filter-92-de","14":"pa_price-for-filter-10718","15":"pa_producer-nikolaihof","16":"pa_region-wachau","17":"pa_size-ml-6657","18":"pa_sweetness-trocken-de","19":"pa_type-2-still-de","20":"pa_vintage-2008-de","21":"entry","22":"has-media","24":"first","25":"instock","26":"taxable","27":"shipping-taxable","28":"purchasable","29":"product-type-simple"},"yoast_head":"<!-- This site is optimized with the Yoast SEO plugin v27.6 - https:\/\/yoast.com\/product\/yoast-seo-wordpress\/ -->\n<title>Nikolaihof Steiner Hund Riesling Reserve 2008, 1500ml<\/title>\n<meta name=\"description\" content=\"Kaufe Nikolaihof Steiner Hund Riesling Reserve 2008 (Riesling, trocken aus Wachau, \u00d6sterreich) bei Wein Werte, Ihrem nachhaltigen Onlineshop.\" \/>\n<meta name=\"robots\" content=\"index, follow, max-snippet:-1, max-image-preview:large, max-video-preview:-1\" \/>\n<link rel=\"canonical\" href=\"https:\/\/wein-werte.com\/de\/produkt\/nikolaihof-steiner-hund-riesling-reserve-2008-1500ml\/\" \/>\n<meta property=\"og:locale\" content=\"de_DE\" \/>\n<meta property=\"og:type\" content=\"article\" \/>\n<meta property=\"og:title\" content=\"Nikolaihof Steiner Hund Riesling Reserve 2008, 1500ml\" \/>\n<meta property=\"og:description\" content=\"Kaufe Nikolaihof Steiner Hund Riesling Reserve 2008 (Riesling, trocken aus Wachau, \u00d6sterreich) bei Wein Werte, Ihrem nachhaltigen Onlineshop.\" \/>\n<meta property=\"og:url\" content=\"https:\/\/wein-werte.com\/de\/produkt\/nikolaihof-steiner-hund-riesling-reserve-2008-1500ml\/\" \/>\n<meta property=\"og:site_name\" content=\"Wein Werte\" \/>\n<meta property=\"article:modified_time\" content=\"2026-05-12T17:52:23+00:00\" \/>\n<meta property=\"og:image\" content=\"https:\/\/wein-werte.com\/wp-content\/uploads\/2026\/04\/Nikolaihof-Steiner-Hund-Riesling-Reserve-2008-1500ml.png\" \/>\n\t<meta property=\"og:image:width\" content=\"227\" \/>\n\t<meta property=\"og:image:height\" content=\"1200\" \/>\n\t<meta property=\"og:image:type\" content=\"image\/png\" \/>\n<meta name=\"twitter:card\" content=\"summary_large_image\" \/>\n<meta name=\"twitter:label1\" content=\"Gesch\u00e4tzte Lesezeit\" \/>\n\t<meta name=\"twitter:data1\" content=\"1\u00a0Minute\" \/>\n<script type=\"application\/ld+json\" class=\"yoast-schema-graph\">{\"@context\":\"https:\\\/\\\/schema.org\",\"@graph\":[{\"@type\":\"WebPage\",\"@id\":\"https:\\\/\\\/wein-werte.com\\\/de\\\/produkt\\\/nikolaihof-steiner-hund-riesling-reserve-2008-1500ml\\\/\",\"url\":\"https:\\\/\\\/wein-werte.com\\\/de\\\/produkt\\\/nikolaihof-steiner-hund-riesling-reserve-2008-1500ml\\\/\",\"name\":\"Nikolaihof Steiner Hund Riesling Reserve 2008, 1500ml\",\"isPartOf\":{\"@id\":\"https:\\\/\\\/wein-werte.com\\\/de\\\/#website\"},\"primaryImageOfPage\":{\"@id\":\"https:\\\/\\\/wein-werte.com\\\/de\\\/produkt\\\/nikolaihof-steiner-hund-riesling-reserve-2008-1500ml\\\/#primaryimage\"},\"image\":{\"@id\":\"https:\\\/\\\/wein-werte.com\\\/de\\\/produkt\\\/nikolaihof-steiner-hund-riesling-reserve-2008-1500ml\\\/#primaryimage\"},\"thumbnailUrl\":\"https:\\\/\\\/wein-werte.com\\\/wp-content\\\/uploads\\\/2026\\\/04\\\/Nikolaihof-Steiner-Hund-Riesling-Reserve-2008-1500ml.png\",\"datePublished\":\"2026-05-12T14:18:31+00:00\",\"dateModified\":\"2026-05-12T17:52:23+00:00\",\"description\":\"Kaufe Nikolaihof Steiner Hund Riesling Reserve 2008 (Riesling, trocken aus Wachau, \u00d6sterreich) bei Wein Werte, Ihrem nachhaltigen Onlineshop.\",\"breadcrumb\":{\"@id\":\"https:\\\/\\\/wein-werte.com\\\/de\\\/produkt\\\/nikolaihof-steiner-hund-riesling-reserve-2008-1500ml\\\/#breadcrumb\"},\"inLanguage\":\"de\",\"potentialAction\":[{\"@type\":\"ReadAction\",\"target\":[\"https:\\\/\\\/wein-werte.com\\\/de\\\/produkt\\\/nikolaihof-steiner-hund-riesling-reserve-2008-1500ml\\\/\"]}]},{\"@type\":\"ImageObject\",\"inLanguage\":\"de\",\"@id\":\"https:\\\/\\\/wein-werte.com\\\/de\\\/produkt\\\/nikolaihof-steiner-hund-riesling-reserve-2008-1500ml\\\/#primaryimage\",\"url\":\"https:\\\/\\\/wein-werte.com\\\/wp-content\\\/uploads\\\/2026\\\/04\\\/Nikolaihof-Steiner-Hund-Riesling-Reserve-2008-1500ml.png\",\"contentUrl\":\"https:\\\/\\\/wein-werte.com\\\/wp-content\\\/uploads\\\/2026\\\/04\\\/Nikolaihof-Steiner-Hund-Riesling-Reserve-2008-1500ml.png\",\"width\":227,\"height\":1200,\"caption\":\"Nikolaihof Steiner Hund, Riesling Reserve 2008 1500ml\"},{\"@type\":\"BreadcrumbList\",\"@id\":\"https:\\\/\\\/wein-werte.com\\\/de\\\/produkt\\\/nikolaihof-steiner-hund-riesling-reserve-2008-1500ml\\\/#breadcrumb\",\"itemListElement\":[{\"@type\":\"ListItem\",\"position\":1,\"name\":\"Home\",\"item\":\"https:\\\/\\\/wein-werte.com\\\/de\\\/\"},{\"@type\":\"ListItem\",\"position\":2,\"name\":\"Shop\",\"item\":\"https:\\\/\\\/wein-werte.com\\\/de\\\/shop\\\/\"},{\"@type\":\"ListItem\",\"position\":3,\"name\":\"Nikolaihof | Wachau | Steiner Hund, Riesling Reserve | 2008 | 1500ml | bio\"}]},{\"@type\":\"WebSite\",\"@id\":\"https:\\\/\\\/wein-werte.com\\\/de\\\/#website\",\"url\":\"https:\\\/\\\/wein-werte.com\\\/de\\\/\",\"name\":\"Wein Werte\",\"description\":\"\",\"publisher\":{\"@id\":\"https:\\\/\\\/wein-werte.com\\\/de\\\/#organization\"},\"potentialAction\":[{\"@type\":\"SearchAction\",\"target\":{\"@type\":\"EntryPoint\",\"urlTemplate\":\"https:\\\/\\\/wein-werte.com\\\/de\\\/?s={search_term_string}\"},\"query-input\":{\"@type\":\"PropertyValueSpecification\",\"valueRequired\":true,\"valueName\":\"search_term_string\"}}],\"inLanguage\":\"de\"},{\"@type\":\"Organization\",\"@id\":\"https:\\\/\\\/wein-werte.com\\\/de\\\/#organization\",\"name\":\"Vins Fins Thorrold\",\"url\":\"https:\\\/\\\/wein-werte.com\\\/de\\\/\",\"logo\":{\"@type\":\"ImageObject\",\"inLanguage\":\"de\",\"@id\":\"https:\\\/\\\/wein-werte.com\\\/de\\\/#\\\/schema\\\/logo\\\/image\\\/\",\"url\":\"https:\\\/\\\/wein-werte.com\\\/wp-content\\\/uploads\\\/2023\\\/07\\\/Wein_werte_Logo700-1.png\",\"contentUrl\":\"https:\\\/\\\/wein-werte.com\\\/wp-content\\\/uploads\\\/2023\\\/07\\\/Wein_werte_Logo700-1.png\",\"width\":700,\"height\":272,\"caption\":\"Vins Fins Thorrold\"},\"image\":{\"@id\":\"https:\\\/\\\/wein-werte.com\\\/de\\\/#\\\/schema\\\/logo\\\/image\\\/\"}}]}<\/script>\n<!-- \/ Yoast SEO plugin. -->","yoast_head_json":{"title":"Nikolaihof Steiner Hund Riesling Reserve 2008, 1500ml","description":"Kaufe Nikolaihof Steiner Hund Riesling Reserve 2008 (Riesling, trocken aus Wachau, \u00d6sterreich) bei Wein Werte, Ihrem nachhaltigen Onlineshop.","robots":{"index":"index","follow":"follow","max-snippet":"max-snippet:-1","max-image-preview":"max-image-preview:large","max-video-preview":"max-video-preview:-1"},"canonical":"https:\/\/wein-werte.com\/de\/produkt\/nikolaihof-steiner-hund-riesling-reserve-2008-1500ml\/","og_locale":"de_DE","og_type":"article","og_title":"Nikolaihof Steiner Hund Riesling Reserve 2008, 1500ml","og_description":"Kaufe Nikolaihof Steiner Hund Riesling Reserve 2008 (Riesling, trocken aus Wachau, \u00d6sterreich) bei Wein Werte, Ihrem nachhaltigen Onlineshop.","og_url":"https:\/\/wein-werte.com\/de\/produkt\/nikolaihof-steiner-hund-riesling-reserve-2008-1500ml\/","og_site_name":"Wein Werte","article_modified_time":"2026-05-12T17:52:23+00:00","og_image":[{"width":227,"height":1200,"url":"https:\/\/wein-werte.com\/wp-content\/uploads\/2026\/04\/Nikolaihof-Steiner-Hund-Riesling-Reserve-2008-1500ml.png","type":"image\/png"}],"twitter_card":"summary_large_image","twitter_misc":{"Gesch\u00e4tzte Lesezeit":"1\u00a0Minute"},"schema":{"@context":"https:\/\/schema.org","@graph":[{"@type":"WebPage","@id":"https:\/\/wein-werte.com\/de\/produkt\/nikolaihof-steiner-hund-riesling-reserve-2008-1500ml\/","url":"https:\/\/wein-werte.com\/de\/produkt\/nikolaihof-steiner-hund-riesling-reserve-2008-1500ml\/","name":"Nikolaihof Steiner Hund Riesling Reserve 2008, 1500ml","isPartOf":{"@id":"https:\/\/wein-werte.com\/de\/#website"},"primaryImageOfPage":{"@id":"https:\/\/wein-werte.com\/de\/produkt\/nikolaihof-steiner-hund-riesling-reserve-2008-1500ml\/#primaryimage"},"image":{"@id":"https:\/\/wein-werte.com\/de\/produkt\/nikolaihof-steiner-hund-riesling-reserve-2008-1500ml\/#primaryimage"},"thumbnailUrl":"https:\/\/wein-werte.com\/wp-content\/uploads\/2026\/04\/Nikolaihof-Steiner-Hund-Riesling-Reserve-2008-1500ml.png","datePublished":"2026-05-12T14:18:31+00:00","dateModified":"2026-05-12T17:52:23+00:00","description":"Kaufe Nikolaihof Steiner Hund Riesling Reserve 2008 (Riesling, trocken aus Wachau, \u00d6sterreich) bei Wein Werte, Ihrem nachhaltigen Onlineshop.","breadcrumb":{"@id":"https:\/\/wein-werte.com\/de\/produkt\/nikolaihof-steiner-hund-riesling-reserve-2008-1500ml\/#breadcrumb"},"inLanguage":"de","potentialAction":[{"@type":"ReadAction","target":["https:\/\/wein-werte.com\/de\/produkt\/nikolaihof-steiner-hund-riesling-reserve-2008-1500ml\/"]}]},{"@type":"ImageObject","inLanguage":"de","@id":"https:\/\/wein-werte.com\/de\/produkt\/nikolaihof-steiner-hund-riesling-reserve-2008-1500ml\/#primaryimage","url":"https:\/\/wein-werte.com\/wp-content\/uploads\/2026\/04\/Nikolaihof-Steiner-Hund-Riesling-Reserve-2008-1500ml.png","contentUrl":"https:\/\/wein-werte.com\/wp-content\/uploads\/2026\/04\/Nikolaihof-Steiner-Hund-Riesling-Reserve-2008-1500ml.png","width":227,"height":1200,"caption":"Nikolaihof Steiner Hund, Riesling Reserve 2008 1500ml"},{"@type":"BreadcrumbList","@id":"https:\/\/wein-werte.com\/de\/produkt\/nikolaihof-steiner-hund-riesling-reserve-2008-1500ml\/#breadcrumb","itemListElement":[{"@type":"ListItem","position":1,"name":"Home","item":"https:\/\/wein-werte.com\/de\/"},{"@type":"ListItem","position":2,"name":"Shop","item":"https:\/\/wein-werte.com\/de\/shop\/"},{"@type":"ListItem","position":3,"name":"Nikolaihof | Wachau | Steiner Hund, Riesling Reserve | 2008 | 1500ml | bio"}]},{"@type":"WebSite","@id":"https:\/\/wein-werte.com\/de\/#website","url":"https:\/\/wein-werte.com\/de\/","name":"Wein Werte","description":"","publisher":{"@id":"https:\/\/wein-werte.com\/de\/#organization"},"potentialAction":[{"@type":"SearchAction","target":{"@type":"EntryPoint","urlTemplate":"https:\/\/wein-werte.com\/de\/?s={search_term_string}"},"query-input":{"@type":"PropertyValueSpecification","valueRequired":true,"valueName":"search_term_string"}}],"inLanguage":"de"},{"@type":"Organization","@id":"https:\/\/wein-werte.com\/de\/#organization","name":"Vins Fins Thorrold","url":"https:\/\/wein-werte.com\/de\/","logo":{"@type":"ImageObject","inLanguage":"de","@id":"https:\/\/wein-werte.com\/de\/#\/schema\/logo\/image\/","url":"https:\/\/wein-werte.com\/wp-content\/uploads\/2023\/07\/Wein_werte_Logo700-1.png","contentUrl":"https:\/\/wein-werte.com\/wp-content\/uploads\/2023\/07\/Wein_werte_Logo700-1.png","width":700,"height":272,"caption":"Vins Fins Thorrold"},"image":{"@id":"https:\/\/wein-werte.com\/de\/#\/schema\/logo\/image\/"}}]}},"_links":{"self":[{"href":"https:\/\/wein-werte.com\/de\/wp-json\/wp\/v2\/product\/1126002","targetHints":{"allow":["GET"]}}],"collection":[{"href":"https:\/\/wein-werte.com\/de\/wp-json\/wp\/v2\/product"}],"about":[{"href":"https:\/\/wein-werte.com\/de\/wp-json\/wp\/v2\/types\/product"}],"wp:featuredmedia":[{"embeddable":true,"href":"https:\/\/wein-werte.com\/de\/wp-json\/wp\/v2\/media\/1138262"}],"wp:attachment":[{"href":"https:\/\/wein-werte.com\/de\/wp-json\/wp\/v2\/media?parent=1126002"}],"wp:term":[{"taxonomy":"product_brand","embeddable":true,"href":"https:\/\/wein-werte.com\/de\/wp-json\/wp\/v2\/product_brand?post=1126002"},{"taxonomy":"product_cat","embeddable":true,"href":"https:\/\/wein-werte.com\/de\/wp-json\/wp\/v2\/product_cat?post=1126002"},{"taxonomy":"product_tag","embeddable":true,"href":"https:\/\/wein-werte.com\/de\/wp-json\/wp\/v2\/product_tag?post=1126002"}],"curies":[{"name":"wp","href":"https:\/\/api.w.org\/{rel}","templated":true}]}}