{"id":1125972,"date":"2026-05-05T18:17:42","date_gmt":"2026-05-05T16:17:42","guid":{"rendered":"https:\/\/wein-werte.com\/product\/nikolaihof-klause-am-berg-riesling-2012-750ml\/"},"modified":"2026-05-01T23:44:06","modified_gmt":"2026-05-01T21:44:06","slug":"nikolaihof-klause-am-berg-riesling-2012-750ml","status":"publish","type":"product","link":"https:\/\/wein-werte.com\/de\/produkt\/nikolaihof-klause-am-berg-riesling-2012-750ml\/","title":{"rendered":"Nikolaihof | Wachau | Klause am Berg, Riesling trocken | 2012 | 750ml | bio"},"content":{"rendered":"<p>Produktbeschreibung f\u00fcr Nikolaihof Klause am Berg, Riesling trocken 2012 (bio)<\/p>\n<p> Archive Release 2024. Die \u00bbKlause\u00ab ist ein Gewann innerhalb des Steiner \u00bbGaisbergs\u00ab, also keine offizielle Riede. Benannt ist die kleine, terrassierte \u00bbKlause\u00ab nach der dortigen Einsiedelei und umfasst den obersten Teil der 5,7 Hektar des Gaisbergs. Die Ried Gaisberg liegt auf 230 bis 330 Meter Seeh\u00f6he an der Spitze und am Kamm des Berges mit s\u00fcd\u00f6stlicher Ausrichtung und guter Durchl\u00fcftung. Den Gesteinsuntergrund bilden Gf\u00f6hl-Gneis, Glimmerschiefer und Amphibolit. Der Riedenname ist seit 1215 belegt. Die Klause ist weitgehend vom Wald umgeben, was zu einem speziellen Mikroklima f\u00fchrt. <\/p>\n<h5>Farbe<\/h5>\n<p> strahlendes, reifes Zitronengelb <\/p>\n<h5>\u00a0<\/h5>\n<h5>Nase<\/h5>\n<p> Auffallende, breitgef\u00e4cherte Aromatik mit reifer Frucht, Obst, Kr\u00e4uter und Gem\u00fcse mit s\u00fc\u00dflichen Noten. Goldgelbes Steinobst, Honigmelonen, Grapefruit. Kaiserschoten, Karotten. Estragon, Melisse. Alles in einem feinen, delikaten Duftpaket verpackt. <\/p>\n<h5>Gaumen<\/h5>\n<p> Auch nach einem Jahrzehnt bietet der leichtf\u00fc\u00dfige, spannungsreiche K\u00f6rper Frische und Rasse mit seiner durchaus immer noch pr\u00e4senten S\u00e4ure. Diese wiederum bleibt sehr gut verpackt, sch\u00f6n eingebunden. Konzentration ist hier kein Fremdwort, ausgewogen, dicht und satt wirkt der runde Geschmack. Viel Potential bis zum letzten Schluck. <\/p>\n<p>Copyright Vinaturel 2025<\/p>\n<p>Keywords: <a href=\"https:\/\/wein-werte.com\/de\/shop\/?swoof=1&#038;pa_producer=Nikolaihof\">Nikolaihof<\/a> <a href=\"https:\/\/wein-werte.com\/de\/shop\/?swoof=1&#038;woof_text=Klause am Berg, Riesling trocken\">Klause am Berg, Riesling trocken<\/a> 2012 bio <a href=\"https:\/\/wein-werte.com\/de\/shop\/?swoof=1&#038;pa_region=Wachau\">Wachau<\/a> <a href=\"https:\/\/wein-werte.com\/de\/shop\/?swoof=1&#038;pa_country=\u00d6sterreich\">\u00d6sterreich<\/a><\/p>\n<h3>Wine Advocate<\/h3>\n<p>Punkte: 94<\/p>\n<p>Der wei\u00df- bis gelbgoldfarbene 2012er Klause am Berg Riesling Privat ist trotz seiner Konzentration tiefgr\u00fcndig, pr\u00e4zise und frisch in der Nase, mit reifen und intensiven, auch ged\u00fcnsteten Steinobstaromen, die sich mit den salzigen und feuersteinartigen Terroirnoten dieser Spitzenlage vermischen. Am Gaumen ist der Wein dicht und intensiv aromatisch, wiederum mit Aromen von ged\u00fcnstetem Steinobstaromen und der Salzigkeit und Kristallinit\u00e4t des dunklen Felsgesteins der Klause. Dies ist ein gehaltvoller, aber dennoch eleganter und anregender Riesling mit einem langen, herzhaften und anhaltend griffigen, mineralischen Abgang. Dies ist ein ausgezeichneter, noch jugendlicher und erfrischender Wein von au\u00dfergew\u00f6hnlicher Qualit\u00e4t. 12,5 % Alkoholgehalt. Naturkorken. Archiv-Release 2024. Verkostet im Januar 2025. Die \u201eKlause\u201c ist eine Fraktion innerhalb des Steiner Gaisbergs und somit keine offizielle Riede. Die kleine, terrassierte Klause ist nach der dortigen Einsiedelei benannt und umfasst den obersten Teil der 5,7 Hektar gro\u00dfen Lage des Gaisbergs. Diese Lage liegt auf 230 bis 330 Metern Seeh\u00f6he am Gipfel und am Grat des Berges, ist nach S\u00fcdosten ausgerichtet und gut durchl\u00fcftet. Der Untergrund besteht aus Gf\u00f6hler Gneis, Glimmerschiefer und Amphibolit. Der Name der Lage ist seit 1215 urkundlich erw\u00e4hnt. Die Einsiedelei ist gr\u00f6\u00dftenteils von Wald umgeben, was ein besonderes Mikroklima bewirkt.<br \/>Stephan Reinhardt<\/p>\n<p>Internetseite des Weinguts: <a href=\"https:\/\/www.nikolaihof.at\/en\/home\/\" target=\"_blank\">https:\/\/www.nikolaihof.at\/en\/home\/<\/a><\/p>\n","protected":false},"excerpt":{"rendered":"<p>Lieferzeit: 1 bis 2 Arbeitstage (DE), 2 bis 5 Arbeitstage (EU and CH)<\/p>\n","protected":false},"featured_media":1138238,"template":"","meta":[],"product_brand":[],"product_cat":[19],"product_tag":[],"class_list":{"0":"post-1125972","1":"product","2":"type-product","3":"status-publish","4":"has-post-thumbnail","6":"product_cat-unkategorisiert","7":"pa_alcohol-for-filter-12-5","8":"pa_certified-biodynamic-ja-de","9":"pa_certified-organic-ja-de","10":"pa_colour-weiss","11":"pa_country-osterreich","12":"pa_grape-riesling","13":"pa_parker-points-for-filter-94-de-2","14":"pa_price-for-filter-10706","15":"pa_producer-nikolaihof","16":"pa_region-wachau","17":"pa_size-ml-6584","18":"pa_sweetness-trocken-de","19":"pa_type-2-still-de","20":"pa_vintage-2012-de","21":"entry","22":"has-media","24":"first","25":"instock","26":"taxable","27":"shipping-taxable","28":"purchasable","29":"product-type-simple"},"yoast_head":"<!-- This site is optimized with the Yoast SEO plugin v27.5 - https:\/\/yoast.com\/product\/yoast-seo-wordpress\/ -->\n<title>Nikolaihof Klause am Berg Riesling 2012<\/title>\n<meta name=\"description\" content=\"Kaufe Nikolaihof Klause am Berg Riesling 2012 (Riesling, trocken aus Wachau, \u00d6sterreich) bei Wein Werte, Ihrem nachhaltigen Onlineshop.\" \/>\n<meta name=\"robots\" content=\"index, follow, max-snippet:-1, max-image-preview:large, max-video-preview:-1\" \/>\n<link rel=\"canonical\" href=\"https:\/\/wein-werte.com\/de\/produkt\/nikolaihof-klause-am-berg-riesling-2012-750ml\/\" \/>\n<meta property=\"og:locale\" content=\"de_DE\" \/>\n<meta property=\"og:type\" content=\"article\" \/>\n<meta property=\"og:title\" content=\"Nikolaihof Klause am Berg Riesling 2012\" \/>\n<meta property=\"og:description\" content=\"Kaufe Nikolaihof Klause am Berg Riesling 2012 (Riesling, trocken aus Wachau, \u00d6sterreich) bei Wein Werte, Ihrem nachhaltigen Onlineshop.\" \/>\n<meta property=\"og:url\" content=\"https:\/\/wein-werte.com\/de\/produkt\/nikolaihof-klause-am-berg-riesling-2012-750ml\/\" \/>\n<meta property=\"og:site_name\" content=\"Wein Werte\" \/>\n<meta property=\"og:image\" content=\"https:\/\/wein-werte.com\/wp-content\/uploads\/2026\/04\/Nikolaihof-Klause-am-Berg-Riesling-2012-750ml.png\" \/>\n\t<meta property=\"og:image:width\" content=\"261\" \/>\n\t<meta property=\"og:image:height\" content=\"1200\" \/>\n\t<meta property=\"og:image:type\" content=\"image\/png\" \/>\n<meta name=\"twitter:card\" content=\"summary_large_image\" \/>\n<meta name=\"twitter:label1\" content=\"Gesch\u00e4tzte Lesezeit\" \/>\n\t<meta name=\"twitter:data1\" content=\"2\u00a0Minuten\" \/>\n<script type=\"application\/ld+json\" class=\"yoast-schema-graph\">{\"@context\":\"https:\\\/\\\/schema.org\",\"@graph\":[{\"@type\":\"WebPage\",\"@id\":\"https:\\\/\\\/wein-werte.com\\\/de\\\/produkt\\\/nikolaihof-klause-am-berg-riesling-2012-750ml\\\/\",\"url\":\"https:\\\/\\\/wein-werte.com\\\/de\\\/produkt\\\/nikolaihof-klause-am-berg-riesling-2012-750ml\\\/\",\"name\":\"Nikolaihof Klause am Berg Riesling 2012\",\"isPartOf\":{\"@id\":\"https:\\\/\\\/wein-werte.com\\\/de\\\/#website\"},\"primaryImageOfPage\":{\"@id\":\"https:\\\/\\\/wein-werte.com\\\/de\\\/produkt\\\/nikolaihof-klause-am-berg-riesling-2012-750ml\\\/#primaryimage\"},\"image\":{\"@id\":\"https:\\\/\\\/wein-werte.com\\\/de\\\/produkt\\\/nikolaihof-klause-am-berg-riesling-2012-750ml\\\/#primaryimage\"},\"thumbnailUrl\":\"https:\\\/\\\/wein-werte.com\\\/wp-content\\\/uploads\\\/2026\\\/04\\\/Nikolaihof-Klause-am-Berg-Riesling-2012-750ml.png\",\"datePublished\":\"2026-05-05T16:17:42+00:00\",\"description\":\"Kaufe Nikolaihof Klause am Berg Riesling 2012 (Riesling, trocken aus Wachau, \u00d6sterreich) bei Wein Werte, Ihrem nachhaltigen Onlineshop.\",\"breadcrumb\":{\"@id\":\"https:\\\/\\\/wein-werte.com\\\/de\\\/produkt\\\/nikolaihof-klause-am-berg-riesling-2012-750ml\\\/#breadcrumb\"},\"inLanguage\":\"de\",\"potentialAction\":[{\"@type\":\"ReadAction\",\"target\":[\"https:\\\/\\\/wein-werte.com\\\/de\\\/produkt\\\/nikolaihof-klause-am-berg-riesling-2012-750ml\\\/\"]}]},{\"@type\":\"ImageObject\",\"inLanguage\":\"de\",\"@id\":\"https:\\\/\\\/wein-werte.com\\\/de\\\/produkt\\\/nikolaihof-klause-am-berg-riesling-2012-750ml\\\/#primaryimage\",\"url\":\"https:\\\/\\\/wein-werte.com\\\/wp-content\\\/uploads\\\/2026\\\/04\\\/Nikolaihof-Klause-am-Berg-Riesling-2012-750ml.png\",\"contentUrl\":\"https:\\\/\\\/wein-werte.com\\\/wp-content\\\/uploads\\\/2026\\\/04\\\/Nikolaihof-Klause-am-Berg-Riesling-2012-750ml.png\",\"width\":261,\"height\":1200,\"caption\":\"Nikolaihof Klause am Berg, Riesling trocken 2012 750ml\"},{\"@type\":\"BreadcrumbList\",\"@id\":\"https:\\\/\\\/wein-werte.com\\\/de\\\/produkt\\\/nikolaihof-klause-am-berg-riesling-2012-750ml\\\/#breadcrumb\",\"itemListElement\":[{\"@type\":\"ListItem\",\"position\":1,\"name\":\"Home\",\"item\":\"https:\\\/\\\/wein-werte.com\\\/de\\\/\"},{\"@type\":\"ListItem\",\"position\":2,\"name\":\"Shop\",\"item\":\"https:\\\/\\\/wein-werte.com\\\/de\\\/shop\\\/\"},{\"@type\":\"ListItem\",\"position\":3,\"name\":\"Nikolaihof | Wachau | Klause am Berg, Riesling trocken | 2012 | 750ml | bio\"}]},{\"@type\":\"WebSite\",\"@id\":\"https:\\\/\\\/wein-werte.com\\\/de\\\/#website\",\"url\":\"https:\\\/\\\/wein-werte.com\\\/de\\\/\",\"name\":\"Wein Werte\",\"description\":\"\",\"publisher\":{\"@id\":\"https:\\\/\\\/wein-werte.com\\\/de\\\/#organization\"},\"potentialAction\":[{\"@type\":\"SearchAction\",\"target\":{\"@type\":\"EntryPoint\",\"urlTemplate\":\"https:\\\/\\\/wein-werte.com\\\/de\\\/?s={search_term_string}\"},\"query-input\":{\"@type\":\"PropertyValueSpecification\",\"valueRequired\":true,\"valueName\":\"search_term_string\"}}],\"inLanguage\":\"de\"},{\"@type\":\"Organization\",\"@id\":\"https:\\\/\\\/wein-werte.com\\\/de\\\/#organization\",\"name\":\"Vins Fins Thorrold\",\"url\":\"https:\\\/\\\/wein-werte.com\\\/de\\\/\",\"logo\":{\"@type\":\"ImageObject\",\"inLanguage\":\"de\",\"@id\":\"https:\\\/\\\/wein-werte.com\\\/de\\\/#\\\/schema\\\/logo\\\/image\\\/\",\"url\":\"https:\\\/\\\/wein-werte.com\\\/wp-content\\\/uploads\\\/2023\\\/07\\\/Wein_werte_Logo700-1.png\",\"contentUrl\":\"https:\\\/\\\/wein-werte.com\\\/wp-content\\\/uploads\\\/2023\\\/07\\\/Wein_werte_Logo700-1.png\",\"width\":700,\"height\":272,\"caption\":\"Vins Fins Thorrold\"},\"image\":{\"@id\":\"https:\\\/\\\/wein-werte.com\\\/de\\\/#\\\/schema\\\/logo\\\/image\\\/\"}}]}<\/script>\n<!-- \/ Yoast SEO plugin. -->","yoast_head_json":{"title":"Nikolaihof Klause am Berg Riesling 2012","description":"Kaufe Nikolaihof Klause am Berg Riesling 2012 (Riesling, trocken aus Wachau, \u00d6sterreich) bei Wein Werte, Ihrem nachhaltigen Onlineshop.","robots":{"index":"index","follow":"follow","max-snippet":"max-snippet:-1","max-image-preview":"max-image-preview:large","max-video-preview":"max-video-preview:-1"},"canonical":"https:\/\/wein-werte.com\/de\/produkt\/nikolaihof-klause-am-berg-riesling-2012-750ml\/","og_locale":"de_DE","og_type":"article","og_title":"Nikolaihof Klause am Berg Riesling 2012","og_description":"Kaufe Nikolaihof Klause am Berg Riesling 2012 (Riesling, trocken aus Wachau, \u00d6sterreich) bei Wein Werte, Ihrem nachhaltigen Onlineshop.","og_url":"https:\/\/wein-werte.com\/de\/produkt\/nikolaihof-klause-am-berg-riesling-2012-750ml\/","og_site_name":"Wein Werte","og_image":[{"width":261,"height":1200,"url":"https:\/\/wein-werte.com\/wp-content\/uploads\/2026\/04\/Nikolaihof-Klause-am-Berg-Riesling-2012-750ml.png","type":"image\/png"}],"twitter_card":"summary_large_image","twitter_misc":{"Gesch\u00e4tzte Lesezeit":"2\u00a0Minuten"},"schema":{"@context":"https:\/\/schema.org","@graph":[{"@type":"WebPage","@id":"https:\/\/wein-werte.com\/de\/produkt\/nikolaihof-klause-am-berg-riesling-2012-750ml\/","url":"https:\/\/wein-werte.com\/de\/produkt\/nikolaihof-klause-am-berg-riesling-2012-750ml\/","name":"Nikolaihof Klause am Berg Riesling 2012","isPartOf":{"@id":"https:\/\/wein-werte.com\/de\/#website"},"primaryImageOfPage":{"@id":"https:\/\/wein-werte.com\/de\/produkt\/nikolaihof-klause-am-berg-riesling-2012-750ml\/#primaryimage"},"image":{"@id":"https:\/\/wein-werte.com\/de\/produkt\/nikolaihof-klause-am-berg-riesling-2012-750ml\/#primaryimage"},"thumbnailUrl":"https:\/\/wein-werte.com\/wp-content\/uploads\/2026\/04\/Nikolaihof-Klause-am-Berg-Riesling-2012-750ml.png","datePublished":"2026-05-05T16:17:42+00:00","description":"Kaufe Nikolaihof Klause am Berg Riesling 2012 (Riesling, trocken aus Wachau, \u00d6sterreich) bei Wein Werte, Ihrem nachhaltigen Onlineshop.","breadcrumb":{"@id":"https:\/\/wein-werte.com\/de\/produkt\/nikolaihof-klause-am-berg-riesling-2012-750ml\/#breadcrumb"},"inLanguage":"de","potentialAction":[{"@type":"ReadAction","target":["https:\/\/wein-werte.com\/de\/produkt\/nikolaihof-klause-am-berg-riesling-2012-750ml\/"]}]},{"@type":"ImageObject","inLanguage":"de","@id":"https:\/\/wein-werte.com\/de\/produkt\/nikolaihof-klause-am-berg-riesling-2012-750ml\/#primaryimage","url":"https:\/\/wein-werte.com\/wp-content\/uploads\/2026\/04\/Nikolaihof-Klause-am-Berg-Riesling-2012-750ml.png","contentUrl":"https:\/\/wein-werte.com\/wp-content\/uploads\/2026\/04\/Nikolaihof-Klause-am-Berg-Riesling-2012-750ml.png","width":261,"height":1200,"caption":"Nikolaihof Klause am Berg, Riesling trocken 2012 750ml"},{"@type":"BreadcrumbList","@id":"https:\/\/wein-werte.com\/de\/produkt\/nikolaihof-klause-am-berg-riesling-2012-750ml\/#breadcrumb","itemListElement":[{"@type":"ListItem","position":1,"name":"Home","item":"https:\/\/wein-werte.com\/de\/"},{"@type":"ListItem","position":2,"name":"Shop","item":"https:\/\/wein-werte.com\/de\/shop\/"},{"@type":"ListItem","position":3,"name":"Nikolaihof | Wachau | Klause am Berg, Riesling trocken | 2012 | 750ml | bio"}]},{"@type":"WebSite","@id":"https:\/\/wein-werte.com\/de\/#website","url":"https:\/\/wein-werte.com\/de\/","name":"Wein Werte","description":"","publisher":{"@id":"https:\/\/wein-werte.com\/de\/#organization"},"potentialAction":[{"@type":"SearchAction","target":{"@type":"EntryPoint","urlTemplate":"https:\/\/wein-werte.com\/de\/?s={search_term_string}"},"query-input":{"@type":"PropertyValueSpecification","valueRequired":true,"valueName":"search_term_string"}}],"inLanguage":"de"},{"@type":"Organization","@id":"https:\/\/wein-werte.com\/de\/#organization","name":"Vins Fins Thorrold","url":"https:\/\/wein-werte.com\/de\/","logo":{"@type":"ImageObject","inLanguage":"de","@id":"https:\/\/wein-werte.com\/de\/#\/schema\/logo\/image\/","url":"https:\/\/wein-werte.com\/wp-content\/uploads\/2023\/07\/Wein_werte_Logo700-1.png","contentUrl":"https:\/\/wein-werte.com\/wp-content\/uploads\/2023\/07\/Wein_werte_Logo700-1.png","width":700,"height":272,"caption":"Vins Fins Thorrold"},"image":{"@id":"https:\/\/wein-werte.com\/de\/#\/schema\/logo\/image\/"}}]}},"_links":{"self":[{"href":"https:\/\/wein-werte.com\/de\/wp-json\/wp\/v2\/product\/1125972","targetHints":{"allow":["GET"]}}],"collection":[{"href":"https:\/\/wein-werte.com\/de\/wp-json\/wp\/v2\/product"}],"about":[{"href":"https:\/\/wein-werte.com\/de\/wp-json\/wp\/v2\/types\/product"}],"wp:featuredmedia":[{"embeddable":true,"href":"https:\/\/wein-werte.com\/de\/wp-json\/wp\/v2\/media\/1138238"}],"wp:attachment":[{"href":"https:\/\/wein-werte.com\/de\/wp-json\/wp\/v2\/media?parent=1125972"}],"wp:term":[{"taxonomy":"product_brand","embeddable":true,"href":"https:\/\/wein-werte.com\/de\/wp-json\/wp\/v2\/product_brand?post=1125972"},{"taxonomy":"product_cat","embeddable":true,"href":"https:\/\/wein-werte.com\/de\/wp-json\/wp\/v2\/product_cat?post=1125972"},{"taxonomy":"product_tag","embeddable":true,"href":"https:\/\/wein-werte.com\/de\/wp-json\/wp\/v2\/product_tag?post=1125972"}],"curies":[{"name":"wp","href":"https:\/\/api.w.org\/{rel}","templated":true}]}}