{"id":1125962,"date":"2026-05-12T16:18:28","date_gmt":"2026-05-12T14:18:28","guid":{"rendered":"https:\/\/wein-werte.com\/product\/nikolaihof-klausberg-riesling-privatreserve-2005-750ml\/"},"modified":"2026-05-12T19:52:21","modified_gmt":"2026-05-12T17:52:21","slug":"nikolaihof-klausberg-riesling-privatreserve-2005-750ml","status":"publish","type":"product","link":"https:\/\/wein-werte.com\/de\/produkt\/nikolaihof-klausberg-riesling-privatreserve-2005-750ml\/","title":{"rendered":"Nikolaihof | Wachau | Klausberg Riesling Privatreserve trocken | 2005 | 750ml | bio"},"content":{"rendered":"<p>Produktbeschreibung f\u00fcr Nikolaihof Klausberg Riesling Privatreserve trocken 2005 (bio)<\/p>\n<p>Archive Release 2024. Die \u00bbKlause\u00ab ist ein Gewann innerhalb des Steiner \u00bbGaisbergs\u00ab, also keine offizielle Riede. Benannt ist die kleine, terrassierte \u00bbKlause\u00ab nach der dortigen Einsiedelei und umfasst den obersten Teil der 5,7 Hektar des Gaisbergs. Die Ried Gaisberg liegt auf 230 bis 330 Meter Seeh\u00f6he an der Spitze und am Kamm des Berges mit s\u00fcd\u00f6stlicher Ausrichtung und guter Durchl\u00fcftung. Den Gesteinsuntergrund bilden Gf\u00f6hl-Gneis, Glimmerschiefer und Amphibolit. Der Riedenname ist seit 1215 belegt. Die Klause ist weitgehend vom Wald umgeben, was zu einem speziellen Mikroklima f\u00fchrt. <\/p>\n<h5>Farbe<\/h5>\n<p> Tiefgoldenes Safrangelb <\/p>\n<h5>Nase<\/h5>\n<p> Das spannungsgeladene Bouquet macht schon beim ersten Kontakt neugierig. Reiche Exotik, Karambole, Litschi, getrocknete Mangost\u00fccke, in Butter gebr\u00e4unte Ananas pr\u00e4gen den reichen Wohlgeruch. Dieser fruchtbeladene Duft bleibt lange unver\u00e4ndert, wird aber dann von w\u00fcrzigen Noten, Sternanis, Safran, Curry und Zitronengras erg\u00e4nzt. <\/p>\n<h5>Gaumen<\/h5>\n<p> In W\u00fcrde gereift mit dichter Textur und Gerbstoff der den ganzen Wein aufrecht stehen l\u00e4sst. Eine leichte Salzig gesellt sich zu den mineralischen Aspekten. Dichte und F\u00fclle am Gaumen werden mehr von Raffinesse und Tiefe begleitet, w\u00e4hrend die reife, apfelige S\u00e4ure f\u00fcr einen frischen, langen und k\u00f6stlichen Nachhall sorgt. Eine echte Familienreserve! <\/p>\n<p>Copyright Vinaturel 2025<\/p>\n<p>Keywords: <a href=\"https:\/\/wein-werte.com\/de\/shop\/?swoof=1&#038;pa_producer=Nikolaihof\">Nikolaihof<\/a> <a href=\"https:\/\/wein-werte.com\/de\/shop\/?swoof=1&#038;woof_text=Klausberg Riesling Privatreserve trocken\">Klausberg Riesling Privatreserve trocken<\/a> 2005 bio <a href=\"https:\/\/wein-werte.com\/de\/shop\/?swoof=1&#038;pa_region=Wachau\">Wachau<\/a> <a href=\"https:\/\/wein-werte.com\/de\/shop\/?swoof=1&#038;pa_country=\u00d6sterreich\">\u00d6sterreich<\/a><\/p>\n<h3>Wine Advocate<\/h3>\n<p>Punkte: 93<\/p>\n<p>Nicht aus der Wachau, sondern aus dem benachbarten Kremstal (genauer gesagt aus dem oberen Teil des Steiner Gaisbergs) stammt der Klausberg Riesling Privatreserve 2005. Diese Flasche ist sehr gereift und entwickelt, was sich sowohl an der dunkelgoldenen Farbe als auch an der eleganten, feinkiesigen Nase zeigt, die aber auch Aromen von getrockneten und gereiften (tropischen) Steinobstfr\u00fcchten wie Aprikosen, Pfirsichen, Mangos und Ananas sowie Brioche- und Safrannoten aufweist. Der Wein ist intensiv und delikat am Gaumen und nicht knochentrocken. Er ist weniger mineralisch und spannungsgeladen als die Neuauflagen von 2008 und 2012. Es ist ein eher leichter, aber strukturierter Riesling mit Finesse und feinem Tanningriff, jedoch ohne Dramatik im Abgang. Es ist ein feiner, aber eher kleiner Wein, der mit W\u00fcrde gereift ist. 12,5 % Alkoholgehalt. Naturkorken. Archiv-Release 2024. Verkostet im Januar 2025.<br \/>Stephan Reinhardt<\/p>\n<p>Internetseite des Weinguts: <a href=\"https:\/\/www.nikolaihof.at\/en\/home\/\" target=\"_blank\">https:\/\/www.nikolaihof.at\/en\/home\/<\/a><\/p>\n","protected":false},"excerpt":{"rendered":"<div style=\"font-size: 14px;\">\n<p>Lieferzeit: 1 bis 2 Arbeitstage (DE), 2 bis 5 Arbeitstage (EU und CH)<\/p>\n<p>Ungef\u00e4hrer Energiegehalt pro 125-ml-Glas: 105 kcal<\/p>\n<\/p><\/div>\n","protected":false},"featured_media":1138230,"template":"","meta":[],"product_brand":[],"product_cat":[19],"product_tag":[],"class_list":{"0":"post-1125962","1":"product","2":"type-product","3":"status-publish","4":"has-post-thumbnail","6":"product_cat-unkategorisiert","7":"pa_alcohol-for-filter-12-5","8":"pa_certified-biodynamic-ja-de","9":"pa_certified-organic-ja-de","10":"pa_colour-weiss","11":"pa_country-osterreich","12":"pa_grape-riesling","13":"pa_parker-points-for-filter-93-de-2","14":"pa_price-for-filter-10716","15":"pa_producer-nikolaihof","16":"pa_region-wachau","17":"pa_size-ml-6584","18":"pa_sweetness-trocken-de","19":"pa_type-2-still-de","20":"pa_vintage-2005-de","21":"entry","22":"has-media","24":"first","25":"instock","26":"taxable","27":"shipping-taxable","28":"purchasable","29":"product-type-simple"},"yoast_head":"<!-- This site is optimized with the Yoast SEO plugin v27.6 - https:\/\/yoast.com\/product\/yoast-seo-wordpress\/ -->\n<title>Nikolaihof Klausberg Riesling Privatreserve 2005<\/title>\n<meta name=\"description\" content=\"Kaufe Nikolaihof Klausberg Riesling Privatreserve 2005 (Riesling, trocken aus Wachau, \u00d6sterreich) bei Wein Werte, Ihrem nachhaltigen Onlineshop.\" \/>\n<meta name=\"robots\" content=\"index, follow, max-snippet:-1, max-image-preview:large, max-video-preview:-1\" \/>\n<link rel=\"canonical\" href=\"https:\/\/wein-werte.com\/de\/produkt\/nikolaihof-klausberg-riesling-privatreserve-2005-750ml\/\" \/>\n<meta property=\"og:locale\" content=\"de_DE\" \/>\n<meta property=\"og:type\" content=\"article\" \/>\n<meta property=\"og:title\" content=\"Nikolaihof Klausberg Riesling Privatreserve 2005\" \/>\n<meta property=\"og:description\" content=\"Kaufe Nikolaihof Klausberg Riesling Privatreserve 2005 (Riesling, trocken aus Wachau, \u00d6sterreich) bei Wein Werte, Ihrem nachhaltigen Onlineshop.\" \/>\n<meta property=\"og:url\" content=\"https:\/\/wein-werte.com\/de\/produkt\/nikolaihof-klausberg-riesling-privatreserve-2005-750ml\/\" \/>\n<meta property=\"og:site_name\" content=\"Wein Werte\" \/>\n<meta property=\"article:modified_time\" content=\"2026-05-12T17:52:21+00:00\" \/>\n<meta property=\"og:image\" content=\"https:\/\/wein-werte.com\/wp-content\/uploads\/2026\/04\/Nikolaihof-Klausberg-Riesling-Privatreserve-2005-750ml.png\" \/>\n\t<meta property=\"og:image:width\" content=\"264\" \/>\n\t<meta property=\"og:image:height\" content=\"1200\" \/>\n\t<meta property=\"og:image:type\" content=\"image\/png\" \/>\n<meta name=\"twitter:card\" content=\"summary_large_image\" \/>\n<meta name=\"twitter:label1\" content=\"Gesch\u00e4tzte Lesezeit\" \/>\n\t<meta name=\"twitter:data1\" content=\"2\u00a0Minuten\" \/>\n<script type=\"application\/ld+json\" class=\"yoast-schema-graph\">{\"@context\":\"https:\\\/\\\/schema.org\",\"@graph\":[{\"@type\":\"WebPage\",\"@id\":\"https:\\\/\\\/wein-werte.com\\\/de\\\/produkt\\\/nikolaihof-klausberg-riesling-privatreserve-2005-750ml\\\/\",\"url\":\"https:\\\/\\\/wein-werte.com\\\/de\\\/produkt\\\/nikolaihof-klausberg-riesling-privatreserve-2005-750ml\\\/\",\"name\":\"Nikolaihof Klausberg Riesling Privatreserve 2005\",\"isPartOf\":{\"@id\":\"https:\\\/\\\/wein-werte.com\\\/de\\\/#website\"},\"primaryImageOfPage\":{\"@id\":\"https:\\\/\\\/wein-werte.com\\\/de\\\/produkt\\\/nikolaihof-klausberg-riesling-privatreserve-2005-750ml\\\/#primaryimage\"},\"image\":{\"@id\":\"https:\\\/\\\/wein-werte.com\\\/de\\\/produkt\\\/nikolaihof-klausberg-riesling-privatreserve-2005-750ml\\\/#primaryimage\"},\"thumbnailUrl\":\"https:\\\/\\\/wein-werte.com\\\/wp-content\\\/uploads\\\/2026\\\/04\\\/Nikolaihof-Klausberg-Riesling-Privatreserve-2005-750ml.png\",\"datePublished\":\"2026-05-12T14:18:28+00:00\",\"dateModified\":\"2026-05-12T17:52:21+00:00\",\"description\":\"Kaufe Nikolaihof Klausberg Riesling Privatreserve 2005 (Riesling, trocken aus Wachau, \u00d6sterreich) bei Wein Werte, Ihrem nachhaltigen Onlineshop.\",\"breadcrumb\":{\"@id\":\"https:\\\/\\\/wein-werte.com\\\/de\\\/produkt\\\/nikolaihof-klausberg-riesling-privatreserve-2005-750ml\\\/#breadcrumb\"},\"inLanguage\":\"de\",\"potentialAction\":[{\"@type\":\"ReadAction\",\"target\":[\"https:\\\/\\\/wein-werte.com\\\/de\\\/produkt\\\/nikolaihof-klausberg-riesling-privatreserve-2005-750ml\\\/\"]}]},{\"@type\":\"ImageObject\",\"inLanguage\":\"de\",\"@id\":\"https:\\\/\\\/wein-werte.com\\\/de\\\/produkt\\\/nikolaihof-klausberg-riesling-privatreserve-2005-750ml\\\/#primaryimage\",\"url\":\"https:\\\/\\\/wein-werte.com\\\/wp-content\\\/uploads\\\/2026\\\/04\\\/Nikolaihof-Klausberg-Riesling-Privatreserve-2005-750ml.png\",\"contentUrl\":\"https:\\\/\\\/wein-werte.com\\\/wp-content\\\/uploads\\\/2026\\\/04\\\/Nikolaihof-Klausberg-Riesling-Privatreserve-2005-750ml.png\",\"width\":264,\"height\":1200,\"caption\":\"Nikolaihof Klausberg Riesling Privatreserve trocken 2005 750ml\"},{\"@type\":\"BreadcrumbList\",\"@id\":\"https:\\\/\\\/wein-werte.com\\\/de\\\/produkt\\\/nikolaihof-klausberg-riesling-privatreserve-2005-750ml\\\/#breadcrumb\",\"itemListElement\":[{\"@type\":\"ListItem\",\"position\":1,\"name\":\"Home\",\"item\":\"https:\\\/\\\/wein-werte.com\\\/de\\\/\"},{\"@type\":\"ListItem\",\"position\":2,\"name\":\"Shop\",\"item\":\"https:\\\/\\\/wein-werte.com\\\/de\\\/shop\\\/\"},{\"@type\":\"ListItem\",\"position\":3,\"name\":\"Nikolaihof | Wachau | Klausberg Riesling Privatreserve trocken | 2005 | 750ml | bio\"}]},{\"@type\":\"WebSite\",\"@id\":\"https:\\\/\\\/wein-werte.com\\\/de\\\/#website\",\"url\":\"https:\\\/\\\/wein-werte.com\\\/de\\\/\",\"name\":\"Wein Werte\",\"description\":\"\",\"publisher\":{\"@id\":\"https:\\\/\\\/wein-werte.com\\\/de\\\/#organization\"},\"potentialAction\":[{\"@type\":\"SearchAction\",\"target\":{\"@type\":\"EntryPoint\",\"urlTemplate\":\"https:\\\/\\\/wein-werte.com\\\/de\\\/?s={search_term_string}\"},\"query-input\":{\"@type\":\"PropertyValueSpecification\",\"valueRequired\":true,\"valueName\":\"search_term_string\"}}],\"inLanguage\":\"de\"},{\"@type\":\"Organization\",\"@id\":\"https:\\\/\\\/wein-werte.com\\\/de\\\/#organization\",\"name\":\"Vins Fins Thorrold\",\"url\":\"https:\\\/\\\/wein-werte.com\\\/de\\\/\",\"logo\":{\"@type\":\"ImageObject\",\"inLanguage\":\"de\",\"@id\":\"https:\\\/\\\/wein-werte.com\\\/de\\\/#\\\/schema\\\/logo\\\/image\\\/\",\"url\":\"https:\\\/\\\/wein-werte.com\\\/wp-content\\\/uploads\\\/2023\\\/07\\\/Wein_werte_Logo700-1.png\",\"contentUrl\":\"https:\\\/\\\/wein-werte.com\\\/wp-content\\\/uploads\\\/2023\\\/07\\\/Wein_werte_Logo700-1.png\",\"width\":700,\"height\":272,\"caption\":\"Vins Fins Thorrold\"},\"image\":{\"@id\":\"https:\\\/\\\/wein-werte.com\\\/de\\\/#\\\/schema\\\/logo\\\/image\\\/\"}}]}<\/script>\n<!-- \/ Yoast SEO plugin. -->","yoast_head_json":{"title":"Nikolaihof Klausberg Riesling Privatreserve 2005","description":"Kaufe Nikolaihof Klausberg Riesling Privatreserve 2005 (Riesling, trocken aus Wachau, \u00d6sterreich) bei Wein Werte, Ihrem nachhaltigen Onlineshop.","robots":{"index":"index","follow":"follow","max-snippet":"max-snippet:-1","max-image-preview":"max-image-preview:large","max-video-preview":"max-video-preview:-1"},"canonical":"https:\/\/wein-werte.com\/de\/produkt\/nikolaihof-klausberg-riesling-privatreserve-2005-750ml\/","og_locale":"de_DE","og_type":"article","og_title":"Nikolaihof Klausberg Riesling Privatreserve 2005","og_description":"Kaufe Nikolaihof Klausberg Riesling Privatreserve 2005 (Riesling, trocken aus Wachau, \u00d6sterreich) bei Wein Werte, Ihrem nachhaltigen Onlineshop.","og_url":"https:\/\/wein-werte.com\/de\/produkt\/nikolaihof-klausberg-riesling-privatreserve-2005-750ml\/","og_site_name":"Wein Werte","article_modified_time":"2026-05-12T17:52:21+00:00","og_image":[{"width":264,"height":1200,"url":"https:\/\/wein-werte.com\/wp-content\/uploads\/2026\/04\/Nikolaihof-Klausberg-Riesling-Privatreserve-2005-750ml.png","type":"image\/png"}],"twitter_card":"summary_large_image","twitter_misc":{"Gesch\u00e4tzte Lesezeit":"2\u00a0Minuten"},"schema":{"@context":"https:\/\/schema.org","@graph":[{"@type":"WebPage","@id":"https:\/\/wein-werte.com\/de\/produkt\/nikolaihof-klausberg-riesling-privatreserve-2005-750ml\/","url":"https:\/\/wein-werte.com\/de\/produkt\/nikolaihof-klausberg-riesling-privatreserve-2005-750ml\/","name":"Nikolaihof Klausberg Riesling Privatreserve 2005","isPartOf":{"@id":"https:\/\/wein-werte.com\/de\/#website"},"primaryImageOfPage":{"@id":"https:\/\/wein-werte.com\/de\/produkt\/nikolaihof-klausberg-riesling-privatreserve-2005-750ml\/#primaryimage"},"image":{"@id":"https:\/\/wein-werte.com\/de\/produkt\/nikolaihof-klausberg-riesling-privatreserve-2005-750ml\/#primaryimage"},"thumbnailUrl":"https:\/\/wein-werte.com\/wp-content\/uploads\/2026\/04\/Nikolaihof-Klausberg-Riesling-Privatreserve-2005-750ml.png","datePublished":"2026-05-12T14:18:28+00:00","dateModified":"2026-05-12T17:52:21+00:00","description":"Kaufe Nikolaihof Klausberg Riesling Privatreserve 2005 (Riesling, trocken aus Wachau, \u00d6sterreich) bei Wein Werte, Ihrem nachhaltigen Onlineshop.","breadcrumb":{"@id":"https:\/\/wein-werte.com\/de\/produkt\/nikolaihof-klausberg-riesling-privatreserve-2005-750ml\/#breadcrumb"},"inLanguage":"de","potentialAction":[{"@type":"ReadAction","target":["https:\/\/wein-werte.com\/de\/produkt\/nikolaihof-klausberg-riesling-privatreserve-2005-750ml\/"]}]},{"@type":"ImageObject","inLanguage":"de","@id":"https:\/\/wein-werte.com\/de\/produkt\/nikolaihof-klausberg-riesling-privatreserve-2005-750ml\/#primaryimage","url":"https:\/\/wein-werte.com\/wp-content\/uploads\/2026\/04\/Nikolaihof-Klausberg-Riesling-Privatreserve-2005-750ml.png","contentUrl":"https:\/\/wein-werte.com\/wp-content\/uploads\/2026\/04\/Nikolaihof-Klausberg-Riesling-Privatreserve-2005-750ml.png","width":264,"height":1200,"caption":"Nikolaihof Klausberg Riesling Privatreserve trocken 2005 750ml"},{"@type":"BreadcrumbList","@id":"https:\/\/wein-werte.com\/de\/produkt\/nikolaihof-klausberg-riesling-privatreserve-2005-750ml\/#breadcrumb","itemListElement":[{"@type":"ListItem","position":1,"name":"Home","item":"https:\/\/wein-werte.com\/de\/"},{"@type":"ListItem","position":2,"name":"Shop","item":"https:\/\/wein-werte.com\/de\/shop\/"},{"@type":"ListItem","position":3,"name":"Nikolaihof | Wachau | Klausberg Riesling Privatreserve trocken | 2005 | 750ml | bio"}]},{"@type":"WebSite","@id":"https:\/\/wein-werte.com\/de\/#website","url":"https:\/\/wein-werte.com\/de\/","name":"Wein Werte","description":"","publisher":{"@id":"https:\/\/wein-werte.com\/de\/#organization"},"potentialAction":[{"@type":"SearchAction","target":{"@type":"EntryPoint","urlTemplate":"https:\/\/wein-werte.com\/de\/?s={search_term_string}"},"query-input":{"@type":"PropertyValueSpecification","valueRequired":true,"valueName":"search_term_string"}}],"inLanguage":"de"},{"@type":"Organization","@id":"https:\/\/wein-werte.com\/de\/#organization","name":"Vins Fins Thorrold","url":"https:\/\/wein-werte.com\/de\/","logo":{"@type":"ImageObject","inLanguage":"de","@id":"https:\/\/wein-werte.com\/de\/#\/schema\/logo\/image\/","url":"https:\/\/wein-werte.com\/wp-content\/uploads\/2023\/07\/Wein_werte_Logo700-1.png","contentUrl":"https:\/\/wein-werte.com\/wp-content\/uploads\/2023\/07\/Wein_werte_Logo700-1.png","width":700,"height":272,"caption":"Vins Fins Thorrold"},"image":{"@id":"https:\/\/wein-werte.com\/de\/#\/schema\/logo\/image\/"}}]}},"_links":{"self":[{"href":"https:\/\/wein-werte.com\/de\/wp-json\/wp\/v2\/product\/1125962","targetHints":{"allow":["GET"]}}],"collection":[{"href":"https:\/\/wein-werte.com\/de\/wp-json\/wp\/v2\/product"}],"about":[{"href":"https:\/\/wein-werte.com\/de\/wp-json\/wp\/v2\/types\/product"}],"wp:featuredmedia":[{"embeddable":true,"href":"https:\/\/wein-werte.com\/de\/wp-json\/wp\/v2\/media\/1138230"}],"wp:attachment":[{"href":"https:\/\/wein-werte.com\/de\/wp-json\/wp\/v2\/media?parent=1125962"}],"wp:term":[{"taxonomy":"product_brand","embeddable":true,"href":"https:\/\/wein-werte.com\/de\/wp-json\/wp\/v2\/product_brand?post=1125962"},{"taxonomy":"product_cat","embeddable":true,"href":"https:\/\/wein-werte.com\/de\/wp-json\/wp\/v2\/product_cat?post=1125962"},{"taxonomy":"product_tag","embeddable":true,"href":"https:\/\/wein-werte.com\/de\/wp-json\/wp\/v2\/product_tag?post=1125962"}],"curies":[{"name":"wp","href":"https:\/\/api.w.org\/{rel}","templated":true}]}}