{"id":1125957,"date":"2026-05-05T18:17:41","date_gmt":"2026-05-05T16:17:41","guid":{"rendered":"https:\/\/wein-werte.com\/product\/nikolaihof-vom-stein-riesling-smaragd-2004-1500ml\/"},"modified":"2026-05-01T23:44:02","modified_gmt":"2026-05-01T21:44:02","slug":"nikolaihof-vom-stein-riesling-smaragd-2004-1500ml","status":"publish","type":"product","link":"https:\/\/wein-werte.com\/de\/produkt\/nikolaihof-vom-stein-riesling-smaragd-2004-1500ml\/","title":{"rendered":"Nikolaihof | Wachau | Vom Stein, Riesling Smaragd trocken | 2004 | 1500ml | bio"},"content":{"rendered":"<p>Produktbeschreibung f\u00fcr Nikolaihof Vom Stein, Riesling Smaragd trocken 2004 (bio)<\/p>\n<p> Archive Release 2024. <\/p>\n<h5>Herkunft<\/h5>\n<p> Die Mauterner Ried \u00bbvom Stein\u00ab\u00a0ist eine so genannte \u00bbRied innerhalb einer Ried\u00ab. Sie geh\u00f6rt zur Ried \u00bbSilberbichl\u00ab und grenzt an die Rieden \u00bbZaum\u00ab in Mautern und \u00bbAm Zaum\u00ab in Furth an. Die Lage umfasst glatte 4,2 Hektar und zieht sich Richtung Nord-Nordost von 209 auf 237 Meter den Hang hinauf. Der Weinberg ist gepr\u00e4gt von Rigolb\u00f6den mit Lehm, L\u00f6ss und Donauschotter. <\/p>\n<h5>Farbe<\/h5>\n<p> Safrangelb mit hellen Reflexen <\/p>\n<h5>Nase<\/h5>\n<p> Konzentrierter, klarer, w\u00fcrziger Duft. Vollst\u00e4ndig reif, auf seiner Entwicklungskurve angekommen. Mit herzhaften Noten exotischer, sehr reifer Fr\u00fcchte. Papaya, Mango, Orangenscheiben. Die W\u00fcrze erinnert an einen Gew\u00fcrzhandel, bunt, s\u00fc\u00dflich, von Anis bis Fenchelsamen, K\u00fcrbiskern ger\u00f6stet bis Lorbeerbl\u00e4tter. Ein Feuerwerk in der Nase. <\/p>\n<h5>Gaumen<\/h5>\n<p> Das feine S\u00e4urespiel erg\u00e4nzt die grobmaschige Textur und im Mund scheint die ganze Aromatik vereint. Retronasal ist hier ein Feuerwerk geboten. Bei mittlerer Intensit\u00e4t behauptet sich der Nachhall mit ausgleichendem Druck und guter L\u00e4nge. <\/p>\n<p>Copyright Vinaturel 2025<\/p>\n<p>Keywords: <a href=\"https:\/\/wein-werte.com\/de\/shop\/?swoof=1&#038;pa_producer=Nikolaihof\">Nikolaihof<\/a> <a href=\"https:\/\/wein-werte.com\/de\/shop\/?swoof=1&#038;woof_text=Vom Stein, Riesling Smaragd trocken\">Vom Stein, Riesling Smaragd trocken<\/a> 2004 bio <a href=\"https:\/\/wein-werte.com\/de\/shop\/?swoof=1&#038;pa_region=Wachau\">Wachau<\/a> <a href=\"https:\/\/wein-werte.com\/de\/shop\/?swoof=1&#038;pa_country=\u00d6sterreich\">\u00d6sterreich<\/a><\/p>\n<h3>Wine Advocate<\/h3>\n<p>Punkte: 92<\/p>\n<p>Der 20-j\u00e4hrige Ried Vom Stein Riesling Smaragd 2004 pr\u00e4sentiert sich mit seiner intensiven Goldfarbe und einer klaren, feinen und zugleich intensiven Note von Kompott aus gelben Fr\u00fcchten, vermischt mit dem salzigen Terroir sowie Aromen von Safran, Wild und wei\u00dfen Pilzen. Am Gaumen elegant und erfrischend mineralisch, offenbart dieser mittelkr\u00e4ftige Riesling aus Mautern eine intensive, ausgewogene Textur mit einer gehaltvollen Struktur und einem w\u00fcrzigen, feinbitteren, aber dennoch runden und aromatischen Abgang mit anhaltender Salzigkeit. 12,5 % Alkoholgehalt. Naturkorken. Archiv-Release 2024. Verkostet im Januar 2025.<br \/>David Schildknecht<\/p>\n<p>Internetseite des Weinguts: <a href=\"https:\/\/www.nikolaihof.at\/en\/home\/\" target=\"_blank\">https:\/\/www.nikolaihof.at\/en\/home\/<\/a><\/p>\n","protected":false},"excerpt":{"rendered":"<p>Lieferzeit: 1 bis 2 Arbeitstage (DE), 2 bis 5 Arbeitstage (EU and CH)<\/p>\n","protected":false},"featured_media":1138226,"template":"","meta":[],"product_brand":[],"product_cat":[19],"product_tag":[],"class_list":{"0":"post-1125957","1":"product","2":"type-product","3":"status-publish","4":"has-post-thumbnail","6":"product_cat-unkategorisiert","7":"pa_alcohol-for-filter-12-5","8":"pa_certified-biodynamic-ja-de","9":"pa_certified-organic-ja-de","10":"pa_colour-weiss","11":"pa_country-osterreich","12":"pa_grape-riesling","13":"pa_parker-points-for-filter-92-de","14":"pa_price-for-filter-10602","15":"pa_producer-nikolaihof","16":"pa_region-wachau","17":"pa_size-ml-6657","18":"pa_sweetness-trocken-de","19":"pa_type-2-still-de","20":"pa_vintage-2004-de","21":"entry","22":"has-media","24":"first","25":"instock","26":"taxable","27":"shipping-taxable","28":"purchasable","29":"product-type-simple"},"yoast_head":"<!-- This site is optimized with the Yoast SEO plugin v27.5 - https:\/\/yoast.com\/product\/yoast-seo-wordpress\/ -->\n<title>Nikolaihof Vom Stein Riesling Smaragd 2004, 1500ml<\/title>\n<meta name=\"description\" content=\"Kaufe Nikolaihof Vom Stein Riesling Smaragd 2004 (Riesling, trocken aus Wachau, \u00d6sterreich) bei Wein Werte, Ihrem nachhaltigen Onlineshop.\" \/>\n<meta name=\"robots\" content=\"index, follow, max-snippet:-1, max-image-preview:large, max-video-preview:-1\" \/>\n<link rel=\"canonical\" href=\"https:\/\/wein-werte.com\/de\/produkt\/nikolaihof-vom-stein-riesling-smaragd-2004-1500ml\/\" \/>\n<meta property=\"og:locale\" content=\"de_DE\" \/>\n<meta property=\"og:type\" content=\"article\" \/>\n<meta property=\"og:title\" content=\"Nikolaihof Vom Stein Riesling Smaragd 2004, 1500ml\" \/>\n<meta property=\"og:description\" content=\"Kaufe Nikolaihof Vom Stein Riesling Smaragd 2004 (Riesling, trocken aus Wachau, \u00d6sterreich) bei Wein Werte, Ihrem nachhaltigen Onlineshop.\" \/>\n<meta property=\"og:url\" content=\"https:\/\/wein-werte.com\/de\/produkt\/nikolaihof-vom-stein-riesling-smaragd-2004-1500ml\/\" \/>\n<meta property=\"og:site_name\" content=\"Wein Werte\" \/>\n<meta property=\"og:image\" content=\"https:\/\/wein-werte.com\/wp-content\/uploads\/2026\/04\/Nikolaihof-Vom-Stein-Riesling-Smaragd-2004-1500ml.png\" \/>\n\t<meta property=\"og:image:width\" content=\"230\" \/>\n\t<meta property=\"og:image:height\" content=\"1200\" \/>\n\t<meta property=\"og:image:type\" content=\"image\/png\" \/>\n<meta name=\"twitter:card\" content=\"summary_large_image\" \/>\n<meta name=\"twitter:label1\" content=\"Gesch\u00e4tzte Lesezeit\" \/>\n\t<meta name=\"twitter:data1\" content=\"1\u00a0Minute\" \/>\n<script type=\"application\/ld+json\" class=\"yoast-schema-graph\">{\"@context\":\"https:\\\/\\\/schema.org\",\"@graph\":[{\"@type\":\"WebPage\",\"@id\":\"https:\\\/\\\/wein-werte.com\\\/de\\\/produkt\\\/nikolaihof-vom-stein-riesling-smaragd-2004-1500ml\\\/\",\"url\":\"https:\\\/\\\/wein-werte.com\\\/de\\\/produkt\\\/nikolaihof-vom-stein-riesling-smaragd-2004-1500ml\\\/\",\"name\":\"Nikolaihof Vom Stein Riesling Smaragd 2004, 1500ml\",\"isPartOf\":{\"@id\":\"https:\\\/\\\/wein-werte.com\\\/de\\\/#website\"},\"primaryImageOfPage\":{\"@id\":\"https:\\\/\\\/wein-werte.com\\\/de\\\/produkt\\\/nikolaihof-vom-stein-riesling-smaragd-2004-1500ml\\\/#primaryimage\"},\"image\":{\"@id\":\"https:\\\/\\\/wein-werte.com\\\/de\\\/produkt\\\/nikolaihof-vom-stein-riesling-smaragd-2004-1500ml\\\/#primaryimage\"},\"thumbnailUrl\":\"https:\\\/\\\/wein-werte.com\\\/wp-content\\\/uploads\\\/2026\\\/04\\\/Nikolaihof-Vom-Stein-Riesling-Smaragd-2004-1500ml.png\",\"datePublished\":\"2026-05-05T16:17:41+00:00\",\"description\":\"Kaufe Nikolaihof Vom Stein Riesling Smaragd 2004 (Riesling, trocken aus Wachau, \u00d6sterreich) bei Wein Werte, Ihrem nachhaltigen Onlineshop.\",\"breadcrumb\":{\"@id\":\"https:\\\/\\\/wein-werte.com\\\/de\\\/produkt\\\/nikolaihof-vom-stein-riesling-smaragd-2004-1500ml\\\/#breadcrumb\"},\"inLanguage\":\"de\",\"potentialAction\":[{\"@type\":\"ReadAction\",\"target\":[\"https:\\\/\\\/wein-werte.com\\\/de\\\/produkt\\\/nikolaihof-vom-stein-riesling-smaragd-2004-1500ml\\\/\"]}]},{\"@type\":\"ImageObject\",\"inLanguage\":\"de\",\"@id\":\"https:\\\/\\\/wein-werte.com\\\/de\\\/produkt\\\/nikolaihof-vom-stein-riesling-smaragd-2004-1500ml\\\/#primaryimage\",\"url\":\"https:\\\/\\\/wein-werte.com\\\/wp-content\\\/uploads\\\/2026\\\/04\\\/Nikolaihof-Vom-Stein-Riesling-Smaragd-2004-1500ml.png\",\"contentUrl\":\"https:\\\/\\\/wein-werte.com\\\/wp-content\\\/uploads\\\/2026\\\/04\\\/Nikolaihof-Vom-Stein-Riesling-Smaragd-2004-1500ml.png\",\"width\":230,\"height\":1200,\"caption\":\"Nikolaihof Vom Stein, Riesling Smaragd trocken 2004 1500ml\"},{\"@type\":\"BreadcrumbList\",\"@id\":\"https:\\\/\\\/wein-werte.com\\\/de\\\/produkt\\\/nikolaihof-vom-stein-riesling-smaragd-2004-1500ml\\\/#breadcrumb\",\"itemListElement\":[{\"@type\":\"ListItem\",\"position\":1,\"name\":\"Home\",\"item\":\"https:\\\/\\\/wein-werte.com\\\/de\\\/\"},{\"@type\":\"ListItem\",\"position\":2,\"name\":\"Shop\",\"item\":\"https:\\\/\\\/wein-werte.com\\\/de\\\/shop\\\/\"},{\"@type\":\"ListItem\",\"position\":3,\"name\":\"Nikolaihof | Wachau | Vom Stein, Riesling Smaragd trocken | 2004 | 1500ml | bio\"}]},{\"@type\":\"WebSite\",\"@id\":\"https:\\\/\\\/wein-werte.com\\\/de\\\/#website\",\"url\":\"https:\\\/\\\/wein-werte.com\\\/de\\\/\",\"name\":\"Wein Werte\",\"description\":\"\",\"publisher\":{\"@id\":\"https:\\\/\\\/wein-werte.com\\\/de\\\/#organization\"},\"potentialAction\":[{\"@type\":\"SearchAction\",\"target\":{\"@type\":\"EntryPoint\",\"urlTemplate\":\"https:\\\/\\\/wein-werte.com\\\/de\\\/?s={search_term_string}\"},\"query-input\":{\"@type\":\"PropertyValueSpecification\",\"valueRequired\":true,\"valueName\":\"search_term_string\"}}],\"inLanguage\":\"de\"},{\"@type\":\"Organization\",\"@id\":\"https:\\\/\\\/wein-werte.com\\\/de\\\/#organization\",\"name\":\"Vins Fins Thorrold\",\"url\":\"https:\\\/\\\/wein-werte.com\\\/de\\\/\",\"logo\":{\"@type\":\"ImageObject\",\"inLanguage\":\"de\",\"@id\":\"https:\\\/\\\/wein-werte.com\\\/de\\\/#\\\/schema\\\/logo\\\/image\\\/\",\"url\":\"https:\\\/\\\/wein-werte.com\\\/wp-content\\\/uploads\\\/2023\\\/07\\\/Wein_werte_Logo700-1.png\",\"contentUrl\":\"https:\\\/\\\/wein-werte.com\\\/wp-content\\\/uploads\\\/2023\\\/07\\\/Wein_werte_Logo700-1.png\",\"width\":700,\"height\":272,\"caption\":\"Vins Fins Thorrold\"},\"image\":{\"@id\":\"https:\\\/\\\/wein-werte.com\\\/de\\\/#\\\/schema\\\/logo\\\/image\\\/\"}}]}<\/script>\n<!-- \/ Yoast SEO plugin. -->","yoast_head_json":{"title":"Nikolaihof Vom Stein Riesling Smaragd 2004, 1500ml","description":"Kaufe Nikolaihof Vom Stein Riesling Smaragd 2004 (Riesling, trocken aus Wachau, \u00d6sterreich) bei Wein Werte, Ihrem nachhaltigen Onlineshop.","robots":{"index":"index","follow":"follow","max-snippet":"max-snippet:-1","max-image-preview":"max-image-preview:large","max-video-preview":"max-video-preview:-1"},"canonical":"https:\/\/wein-werte.com\/de\/produkt\/nikolaihof-vom-stein-riesling-smaragd-2004-1500ml\/","og_locale":"de_DE","og_type":"article","og_title":"Nikolaihof Vom Stein Riesling Smaragd 2004, 1500ml","og_description":"Kaufe Nikolaihof Vom Stein Riesling Smaragd 2004 (Riesling, trocken aus Wachau, \u00d6sterreich) bei Wein Werte, Ihrem nachhaltigen Onlineshop.","og_url":"https:\/\/wein-werte.com\/de\/produkt\/nikolaihof-vom-stein-riesling-smaragd-2004-1500ml\/","og_site_name":"Wein Werte","og_image":[{"width":230,"height":1200,"url":"https:\/\/wein-werte.com\/wp-content\/uploads\/2026\/04\/Nikolaihof-Vom-Stein-Riesling-Smaragd-2004-1500ml.png","type":"image\/png"}],"twitter_card":"summary_large_image","twitter_misc":{"Gesch\u00e4tzte Lesezeit":"1\u00a0Minute"},"schema":{"@context":"https:\/\/schema.org","@graph":[{"@type":"WebPage","@id":"https:\/\/wein-werte.com\/de\/produkt\/nikolaihof-vom-stein-riesling-smaragd-2004-1500ml\/","url":"https:\/\/wein-werte.com\/de\/produkt\/nikolaihof-vom-stein-riesling-smaragd-2004-1500ml\/","name":"Nikolaihof Vom Stein Riesling Smaragd 2004, 1500ml","isPartOf":{"@id":"https:\/\/wein-werte.com\/de\/#website"},"primaryImageOfPage":{"@id":"https:\/\/wein-werte.com\/de\/produkt\/nikolaihof-vom-stein-riesling-smaragd-2004-1500ml\/#primaryimage"},"image":{"@id":"https:\/\/wein-werte.com\/de\/produkt\/nikolaihof-vom-stein-riesling-smaragd-2004-1500ml\/#primaryimage"},"thumbnailUrl":"https:\/\/wein-werte.com\/wp-content\/uploads\/2026\/04\/Nikolaihof-Vom-Stein-Riesling-Smaragd-2004-1500ml.png","datePublished":"2026-05-05T16:17:41+00:00","description":"Kaufe Nikolaihof Vom Stein Riesling Smaragd 2004 (Riesling, trocken aus Wachau, \u00d6sterreich) bei Wein Werte, Ihrem nachhaltigen Onlineshop.","breadcrumb":{"@id":"https:\/\/wein-werte.com\/de\/produkt\/nikolaihof-vom-stein-riesling-smaragd-2004-1500ml\/#breadcrumb"},"inLanguage":"de","potentialAction":[{"@type":"ReadAction","target":["https:\/\/wein-werte.com\/de\/produkt\/nikolaihof-vom-stein-riesling-smaragd-2004-1500ml\/"]}]},{"@type":"ImageObject","inLanguage":"de","@id":"https:\/\/wein-werte.com\/de\/produkt\/nikolaihof-vom-stein-riesling-smaragd-2004-1500ml\/#primaryimage","url":"https:\/\/wein-werte.com\/wp-content\/uploads\/2026\/04\/Nikolaihof-Vom-Stein-Riesling-Smaragd-2004-1500ml.png","contentUrl":"https:\/\/wein-werte.com\/wp-content\/uploads\/2026\/04\/Nikolaihof-Vom-Stein-Riesling-Smaragd-2004-1500ml.png","width":230,"height":1200,"caption":"Nikolaihof Vom Stein, Riesling Smaragd trocken 2004 1500ml"},{"@type":"BreadcrumbList","@id":"https:\/\/wein-werte.com\/de\/produkt\/nikolaihof-vom-stein-riesling-smaragd-2004-1500ml\/#breadcrumb","itemListElement":[{"@type":"ListItem","position":1,"name":"Home","item":"https:\/\/wein-werte.com\/de\/"},{"@type":"ListItem","position":2,"name":"Shop","item":"https:\/\/wein-werte.com\/de\/shop\/"},{"@type":"ListItem","position":3,"name":"Nikolaihof | Wachau | Vom Stein, Riesling Smaragd trocken | 2004 | 1500ml | bio"}]},{"@type":"WebSite","@id":"https:\/\/wein-werte.com\/de\/#website","url":"https:\/\/wein-werte.com\/de\/","name":"Wein Werte","description":"","publisher":{"@id":"https:\/\/wein-werte.com\/de\/#organization"},"potentialAction":[{"@type":"SearchAction","target":{"@type":"EntryPoint","urlTemplate":"https:\/\/wein-werte.com\/de\/?s={search_term_string}"},"query-input":{"@type":"PropertyValueSpecification","valueRequired":true,"valueName":"search_term_string"}}],"inLanguage":"de"},{"@type":"Organization","@id":"https:\/\/wein-werte.com\/de\/#organization","name":"Vins Fins Thorrold","url":"https:\/\/wein-werte.com\/de\/","logo":{"@type":"ImageObject","inLanguage":"de","@id":"https:\/\/wein-werte.com\/de\/#\/schema\/logo\/image\/","url":"https:\/\/wein-werte.com\/wp-content\/uploads\/2023\/07\/Wein_werte_Logo700-1.png","contentUrl":"https:\/\/wein-werte.com\/wp-content\/uploads\/2023\/07\/Wein_werte_Logo700-1.png","width":700,"height":272,"caption":"Vins Fins Thorrold"},"image":{"@id":"https:\/\/wein-werte.com\/de\/#\/schema\/logo\/image\/"}}]}},"_links":{"self":[{"href":"https:\/\/wein-werte.com\/de\/wp-json\/wp\/v2\/product\/1125957","targetHints":{"allow":["GET"]}}],"collection":[{"href":"https:\/\/wein-werte.com\/de\/wp-json\/wp\/v2\/product"}],"about":[{"href":"https:\/\/wein-werte.com\/de\/wp-json\/wp\/v2\/types\/product"}],"wp:featuredmedia":[{"embeddable":true,"href":"https:\/\/wein-werte.com\/de\/wp-json\/wp\/v2\/media\/1138226"}],"wp:attachment":[{"href":"https:\/\/wein-werte.com\/de\/wp-json\/wp\/v2\/media?parent=1125957"}],"wp:term":[{"taxonomy":"product_brand","embeddable":true,"href":"https:\/\/wein-werte.com\/de\/wp-json\/wp\/v2\/product_brand?post=1125957"},{"taxonomy":"product_cat","embeddable":true,"href":"https:\/\/wein-werte.com\/de\/wp-json\/wp\/v2\/product_cat?post=1125957"},{"taxonomy":"product_tag","embeddable":true,"href":"https:\/\/wein-werte.com\/de\/wp-json\/wp\/v2\/product_tag?post=1125957"}],"curies":[{"name":"wp","href":"https:\/\/api.w.org\/{rel}","templated":true}]}}