{"id":1125947,"date":"2026-05-08T19:53:16","date_gmt":"2026-05-08T17:53:16","guid":{"rendered":"https:\/\/wein-werte.com\/product\/nikolaihof-vom-stein-riesling-smaragd-2006-750ml\/"},"modified":"2026-05-01T23:44:01","modified_gmt":"2026-05-01T21:44:01","slug":"nikolaihof-vom-stein-riesling-smaragd-2006-750ml","status":"publish","type":"product","link":"https:\/\/wein-werte.com\/de\/produkt\/nikolaihof-vom-stein-riesling-smaragd-2006-750ml\/","title":{"rendered":"Nikolaihof | Wachau | Vom Stein, Riesling Smaragd trocken | 2006 | 750ml | bio"},"content":{"rendered":"<p>Produktbeschreibung f\u00fcr Nikolaihof Vom Stein, Riesling Smaragd trocken 2006 (bio)<\/p>\n<p>Nikolaihof Vom Stein Riesling Smaragd 2006 ist ein trockener Wei\u00dfwein hergestellt aus Riesling Trauben in der Region Wachau in \u00d6sterreich.<\/p>\n<p>Keywords: <a href=\"https:\/\/wein-werte.com\/de\/shop\/?swoof=1&#038;pa_producer=Nikolaihof\">Nikolaihof<\/a> <a href=\"https:\/\/wein-werte.com\/de\/shop\/?swoof=1&#038;woof_text=Vom Stein, Riesling Smaragd trocken\">Vom Stein, Riesling Smaragd trocken<\/a> 2006 bio <a href=\"https:\/\/wein-werte.com\/de\/shop\/?swoof=1&#038;pa_region=Wachau\">Wachau<\/a> <a href=\"https:\/\/wein-werte.com\/de\/shop\/?swoof=1&#038;pa_country=\u00d6sterreich\">\u00d6sterreich<\/a><\/p>\n<h3>Wine Advocate<\/h3>\n<p>Punkte: 93<\/p>\n<p>Der goldfarbene 2006er Ried Vom Stein Riesling Smaragd ist tiefgr\u00fcndig, intensiv und salzig in der feuersteinigen und nuancierten Nase, die Aromen von Steinobstkompott oder Konfit\u00fcre zeigt und mit der Luft w\u00fcrzige Feuerstein- und auch Tanninnoten. Mit Luft gewinnt er an Pr\u00e4zision. Am Gaumen ist dies ein dichter, frischer und w\u00fcrziger, salziger und griffiger Riesling, der im Vergleich zum entsprechenden Federspiel vital, aber etwas \u00fcberladen wirkt. Der Wein ist munter und straff zugleich, hat aber nicht die Energie des Federspiels. Der Wein ist aus dieser Flasche recht gereift. 13 % Alkoholgehalt. Naturkorken. Archiv-Release 2024. Verkostet im Januar 2025.<br \/>David Schildknecht<\/p>\n<p>Internetseite des Weinguts: <a href=\"https:\/\/www.nikolaihof.at\/en\/home\/\" target=\"_blank\">https:\/\/www.nikolaihof.at\/en\/home\/<\/a><\/p>\n","protected":false},"excerpt":{"rendered":"<p>Lieferzeit: 1 bis 2 Arbeitstage (DE), 2 bis 5 Arbeitstage (EU and CH)<\/p>\n","protected":false},"featured_media":1138218,"template":"","meta":[],"product_brand":[],"product_cat":[19],"product_tag":[],"class_list":{"0":"post-1125947","1":"product","2":"type-product","3":"status-publish","4":"has-post-thumbnail","6":"product_cat-unkategorisiert","7":"pa_alcohol-for-filter-12897","8":"pa_certified-biodynamic-ja-de","9":"pa_certified-organic-ja-de","10":"pa_colour-weiss","11":"pa_country-osterreich","12":"pa_grape-riesling","13":"pa_parker-points-for-filter-93-de-2","14":"pa_price-for-filter-10662","15":"pa_producer-nikolaihof","16":"pa_region-wachau","17":"pa_size-ml-6584","18":"pa_sweetness-trocken-de","19":"pa_type-2-still-de","20":"pa_vintage-2006-de","21":"entry","22":"has-media","24":"first","25":"instock","26":"taxable","27":"shipping-taxable","28":"purchasable","29":"product-type-simple"},"yoast_head":"<!-- This site is optimized with the Yoast SEO plugin v27.5 - https:\/\/yoast.com\/product\/yoast-seo-wordpress\/ -->\n<title>Nikolaihof Vom Stein Riesling Smaragd 2006<\/title>\n<meta name=\"description\" content=\"Kaufe Nikolaihof Vom Stein Riesling Smaragd 2006 (Riesling, trocken aus Wachau, \u00d6sterreich) bei Wein Werte, Ihrem nachhaltigen Onlineshop.\" \/>\n<meta name=\"robots\" content=\"index, follow, max-snippet:-1, max-image-preview:large, max-video-preview:-1\" \/>\n<link rel=\"canonical\" href=\"https:\/\/wein-werte.com\/de\/produkt\/nikolaihof-vom-stein-riesling-smaragd-2006-750ml\/\" \/>\n<meta property=\"og:locale\" content=\"de_DE\" \/>\n<meta property=\"og:type\" content=\"article\" \/>\n<meta property=\"og:title\" content=\"Nikolaihof Vom Stein Riesling Smaragd 2006\" \/>\n<meta property=\"og:description\" content=\"Kaufe Nikolaihof Vom Stein Riesling Smaragd 2006 (Riesling, trocken aus Wachau, \u00d6sterreich) bei Wein Werte, Ihrem nachhaltigen Onlineshop.\" \/>\n<meta property=\"og:url\" content=\"https:\/\/wein-werte.com\/de\/produkt\/nikolaihof-vom-stein-riesling-smaragd-2006-750ml\/\" \/>\n<meta property=\"og:site_name\" content=\"Wein Werte\" \/>\n<meta property=\"og:image\" content=\"https:\/\/wein-werte.com\/wp-content\/uploads\/2026\/04\/Nikolaihof-Vom-Stein-Riesling-Smaragd-2006-750ml.png\" \/>\n\t<meta property=\"og:image:width\" content=\"262\" \/>\n\t<meta property=\"og:image:height\" content=\"1200\" \/>\n\t<meta property=\"og:image:type\" content=\"image\/png\" \/>\n<meta name=\"twitter:card\" content=\"summary_large_image\" \/>\n<meta name=\"twitter:label1\" content=\"Gesch\u00e4tzte Lesezeit\" \/>\n\t<meta name=\"twitter:data1\" content=\"1\u00a0Minute\" \/>\n<script type=\"application\/ld+json\" class=\"yoast-schema-graph\">{\"@context\":\"https:\\\/\\\/schema.org\",\"@graph\":[{\"@type\":\"WebPage\",\"@id\":\"https:\\\/\\\/wein-werte.com\\\/de\\\/produkt\\\/nikolaihof-vom-stein-riesling-smaragd-2006-750ml\\\/\",\"url\":\"https:\\\/\\\/wein-werte.com\\\/de\\\/produkt\\\/nikolaihof-vom-stein-riesling-smaragd-2006-750ml\\\/\",\"name\":\"Nikolaihof Vom Stein Riesling Smaragd 2006\",\"isPartOf\":{\"@id\":\"https:\\\/\\\/wein-werte.com\\\/de\\\/#website\"},\"primaryImageOfPage\":{\"@id\":\"https:\\\/\\\/wein-werte.com\\\/de\\\/produkt\\\/nikolaihof-vom-stein-riesling-smaragd-2006-750ml\\\/#primaryimage\"},\"image\":{\"@id\":\"https:\\\/\\\/wein-werte.com\\\/de\\\/produkt\\\/nikolaihof-vom-stein-riesling-smaragd-2006-750ml\\\/#primaryimage\"},\"thumbnailUrl\":\"https:\\\/\\\/wein-werte.com\\\/wp-content\\\/uploads\\\/2026\\\/04\\\/Nikolaihof-Vom-Stein-Riesling-Smaragd-2006-750ml.png\",\"datePublished\":\"2026-05-08T17:53:16+00:00\",\"description\":\"Kaufe Nikolaihof Vom Stein Riesling Smaragd 2006 (Riesling, trocken aus Wachau, \u00d6sterreich) bei Wein Werte, Ihrem nachhaltigen Onlineshop.\",\"breadcrumb\":{\"@id\":\"https:\\\/\\\/wein-werte.com\\\/de\\\/produkt\\\/nikolaihof-vom-stein-riesling-smaragd-2006-750ml\\\/#breadcrumb\"},\"inLanguage\":\"de\",\"potentialAction\":[{\"@type\":\"ReadAction\",\"target\":[\"https:\\\/\\\/wein-werte.com\\\/de\\\/produkt\\\/nikolaihof-vom-stein-riesling-smaragd-2006-750ml\\\/\"]}]},{\"@type\":\"ImageObject\",\"inLanguage\":\"de\",\"@id\":\"https:\\\/\\\/wein-werte.com\\\/de\\\/produkt\\\/nikolaihof-vom-stein-riesling-smaragd-2006-750ml\\\/#primaryimage\",\"url\":\"https:\\\/\\\/wein-werte.com\\\/wp-content\\\/uploads\\\/2026\\\/04\\\/Nikolaihof-Vom-Stein-Riesling-Smaragd-2006-750ml.png\",\"contentUrl\":\"https:\\\/\\\/wein-werte.com\\\/wp-content\\\/uploads\\\/2026\\\/04\\\/Nikolaihof-Vom-Stein-Riesling-Smaragd-2006-750ml.png\",\"width\":262,\"height\":1200,\"caption\":\"Nikolaihof Vom Stein, Riesling Smaragd trocken 2006 750ml\"},{\"@type\":\"BreadcrumbList\",\"@id\":\"https:\\\/\\\/wein-werte.com\\\/de\\\/produkt\\\/nikolaihof-vom-stein-riesling-smaragd-2006-750ml\\\/#breadcrumb\",\"itemListElement\":[{\"@type\":\"ListItem\",\"position\":1,\"name\":\"Home\",\"item\":\"https:\\\/\\\/wein-werte.com\\\/de\\\/\"},{\"@type\":\"ListItem\",\"position\":2,\"name\":\"Shop\",\"item\":\"https:\\\/\\\/wein-werte.com\\\/de\\\/shop\\\/\"},{\"@type\":\"ListItem\",\"position\":3,\"name\":\"Nikolaihof | Wachau | Vom Stein, Riesling Smaragd trocken | 2006 | 750ml | bio\"}]},{\"@type\":\"WebSite\",\"@id\":\"https:\\\/\\\/wein-werte.com\\\/de\\\/#website\",\"url\":\"https:\\\/\\\/wein-werte.com\\\/de\\\/\",\"name\":\"Wein Werte\",\"description\":\"\",\"publisher\":{\"@id\":\"https:\\\/\\\/wein-werte.com\\\/de\\\/#organization\"},\"potentialAction\":[{\"@type\":\"SearchAction\",\"target\":{\"@type\":\"EntryPoint\",\"urlTemplate\":\"https:\\\/\\\/wein-werte.com\\\/de\\\/?s={search_term_string}\"},\"query-input\":{\"@type\":\"PropertyValueSpecification\",\"valueRequired\":true,\"valueName\":\"search_term_string\"}}],\"inLanguage\":\"de\"},{\"@type\":\"Organization\",\"@id\":\"https:\\\/\\\/wein-werte.com\\\/de\\\/#organization\",\"name\":\"Vins Fins Thorrold\",\"url\":\"https:\\\/\\\/wein-werte.com\\\/de\\\/\",\"logo\":{\"@type\":\"ImageObject\",\"inLanguage\":\"de\",\"@id\":\"https:\\\/\\\/wein-werte.com\\\/de\\\/#\\\/schema\\\/logo\\\/image\\\/\",\"url\":\"https:\\\/\\\/wein-werte.com\\\/wp-content\\\/uploads\\\/2023\\\/07\\\/Wein_werte_Logo700-1.png\",\"contentUrl\":\"https:\\\/\\\/wein-werte.com\\\/wp-content\\\/uploads\\\/2023\\\/07\\\/Wein_werte_Logo700-1.png\",\"width\":700,\"height\":272,\"caption\":\"Vins Fins Thorrold\"},\"image\":{\"@id\":\"https:\\\/\\\/wein-werte.com\\\/de\\\/#\\\/schema\\\/logo\\\/image\\\/\"}}]}<\/script>\n<!-- \/ Yoast SEO plugin. -->","yoast_head_json":{"title":"Nikolaihof Vom Stein Riesling Smaragd 2006","description":"Kaufe Nikolaihof Vom Stein Riesling Smaragd 2006 (Riesling, trocken aus Wachau, \u00d6sterreich) bei Wein Werte, Ihrem nachhaltigen Onlineshop.","robots":{"index":"index","follow":"follow","max-snippet":"max-snippet:-1","max-image-preview":"max-image-preview:large","max-video-preview":"max-video-preview:-1"},"canonical":"https:\/\/wein-werte.com\/de\/produkt\/nikolaihof-vom-stein-riesling-smaragd-2006-750ml\/","og_locale":"de_DE","og_type":"article","og_title":"Nikolaihof Vom Stein Riesling Smaragd 2006","og_description":"Kaufe Nikolaihof Vom Stein Riesling Smaragd 2006 (Riesling, trocken aus Wachau, \u00d6sterreich) bei Wein Werte, Ihrem nachhaltigen Onlineshop.","og_url":"https:\/\/wein-werte.com\/de\/produkt\/nikolaihof-vom-stein-riesling-smaragd-2006-750ml\/","og_site_name":"Wein Werte","og_image":[{"width":262,"height":1200,"url":"https:\/\/wein-werte.com\/wp-content\/uploads\/2026\/04\/Nikolaihof-Vom-Stein-Riesling-Smaragd-2006-750ml.png","type":"image\/png"}],"twitter_card":"summary_large_image","twitter_misc":{"Gesch\u00e4tzte Lesezeit":"1\u00a0Minute"},"schema":{"@context":"https:\/\/schema.org","@graph":[{"@type":"WebPage","@id":"https:\/\/wein-werte.com\/de\/produkt\/nikolaihof-vom-stein-riesling-smaragd-2006-750ml\/","url":"https:\/\/wein-werte.com\/de\/produkt\/nikolaihof-vom-stein-riesling-smaragd-2006-750ml\/","name":"Nikolaihof Vom Stein Riesling Smaragd 2006","isPartOf":{"@id":"https:\/\/wein-werte.com\/de\/#website"},"primaryImageOfPage":{"@id":"https:\/\/wein-werte.com\/de\/produkt\/nikolaihof-vom-stein-riesling-smaragd-2006-750ml\/#primaryimage"},"image":{"@id":"https:\/\/wein-werte.com\/de\/produkt\/nikolaihof-vom-stein-riesling-smaragd-2006-750ml\/#primaryimage"},"thumbnailUrl":"https:\/\/wein-werte.com\/wp-content\/uploads\/2026\/04\/Nikolaihof-Vom-Stein-Riesling-Smaragd-2006-750ml.png","datePublished":"2026-05-08T17:53:16+00:00","description":"Kaufe Nikolaihof Vom Stein Riesling Smaragd 2006 (Riesling, trocken aus Wachau, \u00d6sterreich) bei Wein Werte, Ihrem nachhaltigen Onlineshop.","breadcrumb":{"@id":"https:\/\/wein-werte.com\/de\/produkt\/nikolaihof-vom-stein-riesling-smaragd-2006-750ml\/#breadcrumb"},"inLanguage":"de","potentialAction":[{"@type":"ReadAction","target":["https:\/\/wein-werte.com\/de\/produkt\/nikolaihof-vom-stein-riesling-smaragd-2006-750ml\/"]}]},{"@type":"ImageObject","inLanguage":"de","@id":"https:\/\/wein-werte.com\/de\/produkt\/nikolaihof-vom-stein-riesling-smaragd-2006-750ml\/#primaryimage","url":"https:\/\/wein-werte.com\/wp-content\/uploads\/2026\/04\/Nikolaihof-Vom-Stein-Riesling-Smaragd-2006-750ml.png","contentUrl":"https:\/\/wein-werte.com\/wp-content\/uploads\/2026\/04\/Nikolaihof-Vom-Stein-Riesling-Smaragd-2006-750ml.png","width":262,"height":1200,"caption":"Nikolaihof Vom Stein, Riesling Smaragd trocken 2006 750ml"},{"@type":"BreadcrumbList","@id":"https:\/\/wein-werte.com\/de\/produkt\/nikolaihof-vom-stein-riesling-smaragd-2006-750ml\/#breadcrumb","itemListElement":[{"@type":"ListItem","position":1,"name":"Home","item":"https:\/\/wein-werte.com\/de\/"},{"@type":"ListItem","position":2,"name":"Shop","item":"https:\/\/wein-werte.com\/de\/shop\/"},{"@type":"ListItem","position":3,"name":"Nikolaihof | Wachau | Vom Stein, Riesling Smaragd trocken | 2006 | 750ml | bio"}]},{"@type":"WebSite","@id":"https:\/\/wein-werte.com\/de\/#website","url":"https:\/\/wein-werte.com\/de\/","name":"Wein Werte","description":"","publisher":{"@id":"https:\/\/wein-werte.com\/de\/#organization"},"potentialAction":[{"@type":"SearchAction","target":{"@type":"EntryPoint","urlTemplate":"https:\/\/wein-werte.com\/de\/?s={search_term_string}"},"query-input":{"@type":"PropertyValueSpecification","valueRequired":true,"valueName":"search_term_string"}}],"inLanguage":"de"},{"@type":"Organization","@id":"https:\/\/wein-werte.com\/de\/#organization","name":"Vins Fins Thorrold","url":"https:\/\/wein-werte.com\/de\/","logo":{"@type":"ImageObject","inLanguage":"de","@id":"https:\/\/wein-werte.com\/de\/#\/schema\/logo\/image\/","url":"https:\/\/wein-werte.com\/wp-content\/uploads\/2023\/07\/Wein_werte_Logo700-1.png","contentUrl":"https:\/\/wein-werte.com\/wp-content\/uploads\/2023\/07\/Wein_werte_Logo700-1.png","width":700,"height":272,"caption":"Vins Fins Thorrold"},"image":{"@id":"https:\/\/wein-werte.com\/de\/#\/schema\/logo\/image\/"}}]}},"_links":{"self":[{"href":"https:\/\/wein-werte.com\/de\/wp-json\/wp\/v2\/product\/1125947","targetHints":{"allow":["GET"]}}],"collection":[{"href":"https:\/\/wein-werte.com\/de\/wp-json\/wp\/v2\/product"}],"about":[{"href":"https:\/\/wein-werte.com\/de\/wp-json\/wp\/v2\/types\/product"}],"wp:featuredmedia":[{"embeddable":true,"href":"https:\/\/wein-werte.com\/de\/wp-json\/wp\/v2\/media\/1138218"}],"wp:attachment":[{"href":"https:\/\/wein-werte.com\/de\/wp-json\/wp\/v2\/media?parent=1125947"}],"wp:term":[{"taxonomy":"product_brand","embeddable":true,"href":"https:\/\/wein-werte.com\/de\/wp-json\/wp\/v2\/product_brand?post=1125947"},{"taxonomy":"product_cat","embeddable":true,"href":"https:\/\/wein-werte.com\/de\/wp-json\/wp\/v2\/product_cat?post=1125947"},{"taxonomy":"product_tag","embeddable":true,"href":"https:\/\/wein-werte.com\/de\/wp-json\/wp\/v2\/product_tag?post=1125947"}],"curies":[{"name":"wp","href":"https:\/\/api.w.org\/{rel}","templated":true}]}}