{"id":1125927,"date":"2026-05-12T16:17:15","date_gmt":"2026-05-12T14:17:15","guid":{"rendered":"https:\/\/wein-werte.com\/product\/nikolaihof-vom-stein-riesling-federspiel-2008-750ml-2\/"},"modified":"2026-05-12T19:52:20","modified_gmt":"2026-05-12T17:52:20","slug":"nikolaihof-vom-stein-riesling-federspiel-2008-late-bottled-2015","status":"publish","type":"product","link":"https:\/\/wein-werte.com\/de\/produkt\/nikolaihof-vom-stein-riesling-federspiel-2008-late-bottled-2015\/","title":{"rendered":"Nikolaihof | Wachau | Vom Stein, Riesling Federspiel trocken | 2008 | 750ml | bio"},"content":{"rendered":"<p>Produktbeschreibung f\u00fcr Nikolaihof Vom Stein, Riesling Federspiel trocken 2008 (bio)<\/p>\n<p>Nikolaihof Vom Stein Riesling Federspiel 2008 ist ein trockener Wei\u00dfwein hergestellt aus Riesling Trauben in der Region Wachau in \u00d6sterreich.<\/p>\n<p>Keywords: <a href=\"https:\/\/wein-werte.com\/de\/shop\/?swoof=1&#038;pa_producer=Nikolaihof\">Nikolaihof<\/a> <a href=\"https:\/\/wein-werte.com\/de\/shop\/?swoof=1&#038;woof_text=Vom Stein, Riesling Federspiel trocken\">Vom Stein, Riesling Federspiel trocken<\/a> 2008 bio <a href=\"https:\/\/wein-werte.com\/de\/shop\/?swoof=1&#038;pa_region=Wachau\">Wachau<\/a> <a href=\"https:\/\/wein-werte.com\/de\/shop\/?swoof=1&#038;pa_country=\u00d6sterreich\">\u00d6sterreich<\/a><\/p>\n<h3>Wine Advocate<\/h3>\n<p>Punkte: 88<\/p>\n<p>Der gelbgoldene Riesling Federspiel 2008 von Ried Vom Stein pr\u00e4sentiert sich klar, rein und mineralisch, k\u00fchl und frisch, zugleich aber auch gereift in der Nase. Elegant und raffiniert am Gaumen pr\u00e4sentiert sich dieser leichte, trockene und mineralisch strukturierte Riesling mit w\u00fcrzigem Abgang und feiner Bitternote. 12 % Alkoholgehalt. Naturkorken. Archiv-Release 2024. Verkostet im Januar 2025.<br \/>Stephan Reinhardt<\/p>\n<h3>Vinous<\/h3>\n<p>Punkte: 90<\/p>\n<p>Abgef\u00fcllt im Dezember 2015, besticht dieser Sp\u00e4tabgang eines 2008er Vom Stein Federspiels durch intensiv rauchige, nussige, moosige und flechtenartige Aromen sowie eine hocht\u00f6nige, pikante Note von Pistazien- und Hickorynussextrakten. Auch ein eher feuchter, steiniger Duft macht in der Nase einen Teil seiner Faszination aus, ebenso wie eine reduktive Note von Maschinen\u00f6l, die vage an bestimmte Cabernet Francs aus der Loire erinnert. Am Gaumen entfalten sich saftige Noten von Zitrone und wei\u00dfem Pfirsich, wobei die rauchigen Mineral- und Moosnoten weiterhin dominieren. Der anhaltende Abgang tendiert in eine alkalische, steinige und damit leicht herbe Richtung. \u00dcber diesen faszinierenden Wein werden die Meinungen sicherlich auseinandergehen. \u2013 David Schildknecht<br \/>Trinkfenster: 2018\u20132020<br \/>Bewertungsdatum: Dezember 2018<\/p>\n<p>Internetseite des Weinguts: <a href=\"https:\/\/www.nikolaihof.at\/en\/home\/\" target=\"_blank\">https:\/\/www.nikolaihof.at\/en\/home\/<\/a><\/p>\n","protected":false},"excerpt":{"rendered":"<div style=\"font-size: 14px;\">\n<p>Lieferzeit: 1 bis 2 Arbeitstage (DE), 2 bis 5 Arbeitstage (EU und CH)<\/p>\n<p>Ungef\u00e4hrer Energiegehalt pro 125-ml-Glas: 95 kcal<\/p>\n<\/p><\/div>\n","protected":false},"featured_media":1138202,"template":"","meta":[],"product_brand":[],"product_cat":[19],"product_tag":[],"class_list":{"0":"post-1125927","1":"product","2":"type-product","3":"status-publish","4":"has-post-thumbnail","6":"product_cat-unkategorisiert","7":"pa_alcohol-for-filter-12893","8":"pa_certified-biodynamic-ja-de","9":"pa_certified-organic-ja-de","10":"pa_colour-weiss","11":"pa_country-osterreich","12":"pa_grape-riesling","13":"pa_parker-points-for-filter-88-de-2","14":"pa_price-for-filter-10615","15":"pa_producer-nikolaihof","16":"pa_region-wachau","17":"pa_size-ml-6584","18":"pa_sweetness-trocken-de","19":"pa_type-2-still-de","20":"pa_vinous-points-for-filter-20025","21":"pa_vintage-2008-de","22":"entry","23":"has-media","25":"first","26":"instock","27":"taxable","28":"shipping-taxable","29":"purchasable","30":"product-type-simple"},"yoast_head":"<!-- This site is optimized with the Yoast SEO plugin v27.6 - https:\/\/yoast.com\/product\/yoast-seo-wordpress\/ -->\n<title>Nikolaihof Vom Stein Riesling Federspiel 2008<\/title>\n<meta name=\"description\" content=\"Kaufe Nikolaihof Vom Stein Riesling Federspiel 2008 (Riesling, trocken aus Wachau, \u00d6sterreich) bei Wein Werte, Ihrem nachhaltigen Onlineshop.\" \/>\n<meta name=\"robots\" content=\"index, follow, max-snippet:-1, max-image-preview:large, max-video-preview:-1\" \/>\n<link rel=\"canonical\" href=\"https:\/\/wein-werte.com\/de\/produkt\/nikolaihof-vom-stein-riesling-federspiel-2008-late-bottled-12-2015-750ml\/\" \/>\n<meta property=\"og:locale\" content=\"de_DE\" \/>\n<meta property=\"og:type\" content=\"article\" \/>\n<meta property=\"og:title\" content=\"Nikolaihof Vom Stein Riesling Federspiel 2008\" \/>\n<meta property=\"og:description\" content=\"Kaufe Nikolaihof Vom Stein Riesling Federspiel 2008 (Riesling, trocken aus Wachau, \u00d6sterreich) bei Wein Werte, Ihrem nachhaltigen Onlineshop.\" \/>\n<meta property=\"og:url\" content=\"https:\/\/wein-werte.com\/de\/produkt\/nikolaihof-vom-stein-riesling-federspiel-2008-late-bottled-12-2015-750ml\/\" \/>\n<meta property=\"og:site_name\" content=\"Wein Werte\" \/>\n<meta property=\"article:modified_time\" content=\"2026-05-12T17:52:20+00:00\" \/>\n<meta property=\"og:image\" content=\"https:\/\/wein-werte.com\/wp-content\/uploads\/2026\/04\/Nikolaihof-Vom-Stein-Riesling-Federspiel-2008-late-bottled-12-2015-750ml.png\" \/>\n\t<meta property=\"og:image:width\" content=\"261\" \/>\n\t<meta property=\"og:image:height\" content=\"1200\" \/>\n\t<meta property=\"og:image:type\" content=\"image\/png\" \/>\n<meta name=\"twitter:card\" content=\"summary_large_image\" \/>\n<meta name=\"twitter:label1\" content=\"Gesch\u00e4tzte Lesezeit\" \/>\n\t<meta name=\"twitter:data1\" content=\"1\u00a0Minute\" \/>\n<script type=\"application\/ld+json\" class=\"yoast-schema-graph\">{\"@context\":\"https:\\\/\\\/schema.org\",\"@graph\":[{\"@type\":\"WebPage\",\"@id\":\"https:\\\/\\\/wein-werte.com\\\/de\\\/produkt\\\/nikolaihof-vom-stein-riesling-federspiel-2008-late-bottled-12-2015-750ml\\\/\",\"url\":\"https:\\\/\\\/wein-werte.com\\\/de\\\/produkt\\\/nikolaihof-vom-stein-riesling-federspiel-2008-late-bottled-12-2015-750ml\\\/\",\"name\":\"Nikolaihof Vom Stein Riesling Federspiel 2008\",\"isPartOf\":{\"@id\":\"https:\\\/\\\/wein-werte.com\\\/de\\\/#website\"},\"primaryImageOfPage\":{\"@id\":\"https:\\\/\\\/wein-werte.com\\\/de\\\/produkt\\\/nikolaihof-vom-stein-riesling-federspiel-2008-late-bottled-12-2015-750ml\\\/#primaryimage\"},\"image\":{\"@id\":\"https:\\\/\\\/wein-werte.com\\\/de\\\/produkt\\\/nikolaihof-vom-stein-riesling-federspiel-2008-late-bottled-12-2015-750ml\\\/#primaryimage\"},\"thumbnailUrl\":\"https:\\\/\\\/wein-werte.com\\\/wp-content\\\/uploads\\\/2026\\\/04\\\/Nikolaihof-Vom-Stein-Riesling-Federspiel-2008-late-bottled-12-2015-750ml.png\",\"datePublished\":\"2026-05-12T14:17:15+00:00\",\"dateModified\":\"2026-05-12T17:52:20+00:00\",\"description\":\"Kaufe Nikolaihof Vom Stein Riesling Federspiel 2008 (Riesling, trocken aus Wachau, \u00d6sterreich) bei Wein Werte, Ihrem nachhaltigen Onlineshop.\",\"breadcrumb\":{\"@id\":\"https:\\\/\\\/wein-werte.com\\\/de\\\/produkt\\\/nikolaihof-vom-stein-riesling-federspiel-2008-late-bottled-12-2015-750ml\\\/#breadcrumb\"},\"inLanguage\":\"de\",\"potentialAction\":[{\"@type\":\"ReadAction\",\"target\":[\"https:\\\/\\\/wein-werte.com\\\/de\\\/produkt\\\/nikolaihof-vom-stein-riesling-federspiel-2008-late-bottled-12-2015-750ml\\\/\"]}]},{\"@type\":\"ImageObject\",\"inLanguage\":\"de\",\"@id\":\"https:\\\/\\\/wein-werte.com\\\/de\\\/produkt\\\/nikolaihof-vom-stein-riesling-federspiel-2008-late-bottled-12-2015-750ml\\\/#primaryimage\",\"url\":\"https:\\\/\\\/wein-werte.com\\\/wp-content\\\/uploads\\\/2026\\\/04\\\/Nikolaihof-Vom-Stein-Riesling-Federspiel-2008-late-bottled-12-2015-750ml.png\",\"contentUrl\":\"https:\\\/\\\/wein-werte.com\\\/wp-content\\\/uploads\\\/2026\\\/04\\\/Nikolaihof-Vom-Stein-Riesling-Federspiel-2008-late-bottled-12-2015-750ml.png\",\"width\":261,\"height\":1200,\"caption\":\"Nikolaihof Vom Stein, Riesling Federspiel trocken 2008 750ml\"},{\"@type\":\"BreadcrumbList\",\"@id\":\"https:\\\/\\\/wein-werte.com\\\/de\\\/produkt\\\/nikolaihof-vom-stein-riesling-federspiel-2008-late-bottled-12-2015-750ml\\\/#breadcrumb\",\"itemListElement\":[{\"@type\":\"ListItem\",\"position\":1,\"name\":\"Home\",\"item\":\"https:\\\/\\\/wein-werte.com\\\/de\\\/\"},{\"@type\":\"ListItem\",\"position\":2,\"name\":\"Shop\",\"item\":\"https:\\\/\\\/wein-werte.com\\\/de\\\/shop\\\/\"},{\"@type\":\"ListItem\",\"position\":3,\"name\":\"Nikolaihof | Wachau | Vom Stein, Riesling Federspiel trocken | 2008 | 750ml | bio\"}]},{\"@type\":\"WebSite\",\"@id\":\"https:\\\/\\\/wein-werte.com\\\/de\\\/#website\",\"url\":\"https:\\\/\\\/wein-werte.com\\\/de\\\/\",\"name\":\"Wein Werte\",\"description\":\"\",\"publisher\":{\"@id\":\"https:\\\/\\\/wein-werte.com\\\/de\\\/#organization\"},\"potentialAction\":[{\"@type\":\"SearchAction\",\"target\":{\"@type\":\"EntryPoint\",\"urlTemplate\":\"https:\\\/\\\/wein-werte.com\\\/de\\\/?s={search_term_string}\"},\"query-input\":{\"@type\":\"PropertyValueSpecification\",\"valueRequired\":true,\"valueName\":\"search_term_string\"}}],\"inLanguage\":\"de\"},{\"@type\":\"Organization\",\"@id\":\"https:\\\/\\\/wein-werte.com\\\/de\\\/#organization\",\"name\":\"Vins Fins Thorrold\",\"url\":\"https:\\\/\\\/wein-werte.com\\\/de\\\/\",\"logo\":{\"@type\":\"ImageObject\",\"inLanguage\":\"de\",\"@id\":\"https:\\\/\\\/wein-werte.com\\\/de\\\/#\\\/schema\\\/logo\\\/image\\\/\",\"url\":\"https:\\\/\\\/wein-werte.com\\\/wp-content\\\/uploads\\\/2023\\\/07\\\/Wein_werte_Logo700-1.png\",\"contentUrl\":\"https:\\\/\\\/wein-werte.com\\\/wp-content\\\/uploads\\\/2023\\\/07\\\/Wein_werte_Logo700-1.png\",\"width\":700,\"height\":272,\"caption\":\"Vins Fins Thorrold\"},\"image\":{\"@id\":\"https:\\\/\\\/wein-werte.com\\\/de\\\/#\\\/schema\\\/logo\\\/image\\\/\"}}]}<\/script>\n<!-- \/ Yoast SEO plugin. -->","yoast_head_json":{"title":"Nikolaihof Vom Stein Riesling Federspiel 2008","description":"Kaufe Nikolaihof Vom Stein Riesling Federspiel 2008 (Riesling, trocken aus Wachau, \u00d6sterreich) bei Wein Werte, Ihrem nachhaltigen Onlineshop.","robots":{"index":"index","follow":"follow","max-snippet":"max-snippet:-1","max-image-preview":"max-image-preview:large","max-video-preview":"max-video-preview:-1"},"canonical":"https:\/\/wein-werte.com\/de\/produkt\/nikolaihof-vom-stein-riesling-federspiel-2008-late-bottled-12-2015-750ml\/","og_locale":"de_DE","og_type":"article","og_title":"Nikolaihof Vom Stein Riesling Federspiel 2008","og_description":"Kaufe Nikolaihof Vom Stein Riesling Federspiel 2008 (Riesling, trocken aus Wachau, \u00d6sterreich) bei Wein Werte, Ihrem nachhaltigen Onlineshop.","og_url":"https:\/\/wein-werte.com\/de\/produkt\/nikolaihof-vom-stein-riesling-federspiel-2008-late-bottled-12-2015-750ml\/","og_site_name":"Wein Werte","article_modified_time":"2026-05-12T17:52:20+00:00","og_image":[{"width":261,"height":1200,"url":"https:\/\/wein-werte.com\/wp-content\/uploads\/2026\/04\/Nikolaihof-Vom-Stein-Riesling-Federspiel-2008-late-bottled-12-2015-750ml.png","type":"image\/png"}],"twitter_card":"summary_large_image","twitter_misc":{"Gesch\u00e4tzte Lesezeit":"1\u00a0Minute"},"schema":{"@context":"https:\/\/schema.org","@graph":[{"@type":"WebPage","@id":"https:\/\/wein-werte.com\/de\/produkt\/nikolaihof-vom-stein-riesling-federspiel-2008-late-bottled-12-2015-750ml\/","url":"https:\/\/wein-werte.com\/de\/produkt\/nikolaihof-vom-stein-riesling-federspiel-2008-late-bottled-12-2015-750ml\/","name":"Nikolaihof Vom Stein Riesling Federspiel 2008","isPartOf":{"@id":"https:\/\/wein-werte.com\/de\/#website"},"primaryImageOfPage":{"@id":"https:\/\/wein-werte.com\/de\/produkt\/nikolaihof-vom-stein-riesling-federspiel-2008-late-bottled-12-2015-750ml\/#primaryimage"},"image":{"@id":"https:\/\/wein-werte.com\/de\/produkt\/nikolaihof-vom-stein-riesling-federspiel-2008-late-bottled-12-2015-750ml\/#primaryimage"},"thumbnailUrl":"https:\/\/wein-werte.com\/wp-content\/uploads\/2026\/04\/Nikolaihof-Vom-Stein-Riesling-Federspiel-2008-late-bottled-12-2015-750ml.png","datePublished":"2026-05-12T14:17:15+00:00","dateModified":"2026-05-12T17:52:20+00:00","description":"Kaufe Nikolaihof Vom Stein Riesling Federspiel 2008 (Riesling, trocken aus Wachau, \u00d6sterreich) bei Wein Werte, Ihrem nachhaltigen Onlineshop.","breadcrumb":{"@id":"https:\/\/wein-werte.com\/de\/produkt\/nikolaihof-vom-stein-riesling-federspiel-2008-late-bottled-12-2015-750ml\/#breadcrumb"},"inLanguage":"de","potentialAction":[{"@type":"ReadAction","target":["https:\/\/wein-werte.com\/de\/produkt\/nikolaihof-vom-stein-riesling-federspiel-2008-late-bottled-12-2015-750ml\/"]}]},{"@type":"ImageObject","inLanguage":"de","@id":"https:\/\/wein-werte.com\/de\/produkt\/nikolaihof-vom-stein-riesling-federspiel-2008-late-bottled-12-2015-750ml\/#primaryimage","url":"https:\/\/wein-werte.com\/wp-content\/uploads\/2026\/04\/Nikolaihof-Vom-Stein-Riesling-Federspiel-2008-late-bottled-12-2015-750ml.png","contentUrl":"https:\/\/wein-werte.com\/wp-content\/uploads\/2026\/04\/Nikolaihof-Vom-Stein-Riesling-Federspiel-2008-late-bottled-12-2015-750ml.png","width":261,"height":1200,"caption":"Nikolaihof Vom Stein, Riesling Federspiel trocken 2008 750ml"},{"@type":"BreadcrumbList","@id":"https:\/\/wein-werte.com\/de\/produkt\/nikolaihof-vom-stein-riesling-federspiel-2008-late-bottled-12-2015-750ml\/#breadcrumb","itemListElement":[{"@type":"ListItem","position":1,"name":"Home","item":"https:\/\/wein-werte.com\/de\/"},{"@type":"ListItem","position":2,"name":"Shop","item":"https:\/\/wein-werte.com\/de\/shop\/"},{"@type":"ListItem","position":3,"name":"Nikolaihof | Wachau | Vom Stein, Riesling Federspiel trocken | 2008 | 750ml | bio"}]},{"@type":"WebSite","@id":"https:\/\/wein-werte.com\/de\/#website","url":"https:\/\/wein-werte.com\/de\/","name":"Wein Werte","description":"","publisher":{"@id":"https:\/\/wein-werte.com\/de\/#organization"},"potentialAction":[{"@type":"SearchAction","target":{"@type":"EntryPoint","urlTemplate":"https:\/\/wein-werte.com\/de\/?s={search_term_string}"},"query-input":{"@type":"PropertyValueSpecification","valueRequired":true,"valueName":"search_term_string"}}],"inLanguage":"de"},{"@type":"Organization","@id":"https:\/\/wein-werte.com\/de\/#organization","name":"Vins Fins Thorrold","url":"https:\/\/wein-werte.com\/de\/","logo":{"@type":"ImageObject","inLanguage":"de","@id":"https:\/\/wein-werte.com\/de\/#\/schema\/logo\/image\/","url":"https:\/\/wein-werte.com\/wp-content\/uploads\/2023\/07\/Wein_werte_Logo700-1.png","contentUrl":"https:\/\/wein-werte.com\/wp-content\/uploads\/2023\/07\/Wein_werte_Logo700-1.png","width":700,"height":272,"caption":"Vins Fins Thorrold"},"image":{"@id":"https:\/\/wein-werte.com\/de\/#\/schema\/logo\/image\/"}}]}},"_links":{"self":[{"href":"https:\/\/wein-werte.com\/de\/wp-json\/wp\/v2\/product\/1125927","targetHints":{"allow":["GET"]}}],"collection":[{"href":"https:\/\/wein-werte.com\/de\/wp-json\/wp\/v2\/product"}],"about":[{"href":"https:\/\/wein-werte.com\/de\/wp-json\/wp\/v2\/types\/product"}],"wp:featuredmedia":[{"embeddable":true,"href":"https:\/\/wein-werte.com\/de\/wp-json\/wp\/v2\/media\/1138202"}],"wp:attachment":[{"href":"https:\/\/wein-werte.com\/de\/wp-json\/wp\/v2\/media?parent=1125927"}],"wp:term":[{"taxonomy":"product_brand","embeddable":true,"href":"https:\/\/wein-werte.com\/de\/wp-json\/wp\/v2\/product_brand?post=1125927"},{"taxonomy":"product_cat","embeddable":true,"href":"https:\/\/wein-werte.com\/de\/wp-json\/wp\/v2\/product_cat?post=1125927"},{"taxonomy":"product_tag","embeddable":true,"href":"https:\/\/wein-werte.com\/de\/wp-json\/wp\/v2\/product_tag?post=1125927"}],"curies":[{"name":"wp","href":"https:\/\/api.w.org\/{rel}","templated":true}]}}