{"id":1125917,"date":"2026-05-05T18:17:39","date_gmt":"2026-05-05T16:17:39","guid":{"rendered":"https:\/\/wein-werte.com\/product\/nikolaihof-im-weingebirge-gruner-veltliner-smaragd-2006-1500ml\/"},"modified":"2026-05-01T23:43:53","modified_gmt":"2026-05-01T21:43:53","slug":"nikolaihof-im-weingebirge-gruner-veltliner-smaragd-2006-1500ml","status":"publish","type":"product","link":"https:\/\/wein-werte.com\/de\/produkt\/nikolaihof-im-weingebirge-gruner-veltliner-smaragd-2006-1500ml\/","title":{"rendered":"Nikolaihof | Wachau | Im Weingebirge, Gr\u00fcner Veltliner Smaragd trocken | 2006 | 1500ml | bio"},"content":{"rendered":"<p>Produktbeschreibung f\u00fcr Nikolaihof Im Weingebirge, Gr\u00fcner Veltliner Smaragd trocken 2006 (bio)<\/p>\n<p> Archive Release 2024. <\/p>\n<h5>Herkunft<\/h5>\n<p> Die Ried \u00bbIm Weingebirge\u00ab\u00a0ist eine so genannte \u00bbRied innerhalb einer Ried\u00ab. Sie geh\u00f6rt zur Ried \u00bbAlte Point\u00ab und grenzt an die Rieden \u00bbStrudel\u00ab und \u00bbS\u00fc\u00dfenberg\u00ab oberhalb von Mautern an. Die Lage umfasst glatte sechs Hektar und zieht sich Richtung Norden von 206 auf 225 Meter den Hang hinauf. Der Unterboden ist bestimmt von Paragneis, der hier und da bis an die Oberfl\u00e4che st\u00f6\u00dft. Der Oberboden besteht aus Lehm und vor allem L\u00f6ss. <\/p>\n<h5>Farbe<\/h5>\n<p> Goldfarben Richtung Strohgelb. <\/p>\n<h5>\u00a0<\/h5>\n<h5>Nase<\/h5>\n<p> Irgendwie begeistert mich der Duft schon im ersten Eindruck. Ob es wohl am Jahrgang 2006 liegt, den ich sehr sch\u00e4tze? Das aromenstarke, w\u00fcrzige Bukett ist in seiner Reife hoch konzentriert, Kokosflocken, Kakaopulver, helle Schokolade, ger\u00f6stete Haselnuss. Dazu kommt eine Reduktion von Trockenobst wie Mandarine, Aprikose, Ananas, Pflaume. <\/p>\n<h5>\u00a0<\/h5>\n<h5>Gaumen<\/h5>\n<p> Die pr\u00e4gnante S\u00e4ure wirkt lebendig, frisch und saftig wie die eines gr\u00fcnen Apfels und passiert die Zunge gestochen scharf, hinterl\u00e4sst einen frischen Gaumen, verlangt nach mehr. Der leicht rauchige Abgang wirkt sehr lange nach, weckt Begeisterung. <\/p>\n<p>Copyright Vinaturel 2025<\/p>\n<p>Keywords: <a href=\"https:\/\/wein-werte.com\/de\/shop\/?swoof=1&#038;pa_producer=Nikolaihof\">Nikolaihof<\/a> <a href=\"https:\/\/wein-werte.com\/de\/shop\/?swoof=1&#038;woof_text=Im Weingebirge, Gr\u00fcner Veltliner Smaragd trocken\">Im Weingebirge, Gr\u00fcner Veltliner Smaragd trocken<\/a> 2006 bio <a href=\"https:\/\/wein-werte.com\/de\/shop\/?swoof=1&#038;pa_region=Wachau\">Wachau<\/a> <a href=\"https:\/\/wein-werte.com\/de\/shop\/?swoof=1&#038;pa_country=\u00d6sterreich\">\u00d6sterreich<\/a><\/p>\n<h3>Wine Advocate<\/h3>\n<p>Punkte: 92<\/p>\n<p>Der intensiv goldene, fast bronzefarbene 2006er Gr\u00fcner Veltliner Smaragd der Ried Im Weingebirge offenbart einen gereiften Charakter und repr\u00e4sentiert einen durch und durch sonnigen Jahrgang mit seinen Aromen von Steinobstkompott, Pfannkuchen und Karamell, verwoben mit einer tiefen, intensiven und k\u00fchlen, feuersteinartig-mineralischen Note. Rund und zart am Gaumen, ist dies ein vollmundiger, intensiver und eleganter, bemerkenswert verspielter Veltliner mit einem langen, salzigen und herzhaften Abgang. Der Korken ist nicht von bester Qualit\u00e4t und riss entzwei, als er unachtsam \u2013 und ohne Widerstand \u2013 herausgezogen wurde. Eine zweite Flasche hatte den besseren Korken und eine lebendigere gelbgoldene Farbe. Die Frucht ist intensiv, aber auch vital und frisch in der Nase und bietet reife (und nicht kompottierte) Fruchtaromen, verwoben mit k\u00fchlen Kr\u00e4uter- und feuersteinartig-mineralischen sowie zitronigen Noten. Elegant und leicht nussig am Gaumen, pr\u00e4sentiert sich dieser Veltliner mit lebhaftem, salzigem und fein griffigem Charakter. Sein langer, intensiver und raffinierter, aber dennoch anhaltender und spannungsgeladener, leicht bitterer Abgang ist von intensiver Frische gepr\u00e4gt. 13,5 % Alkoholgehalt. Naturkorken. Archiv-Release 2024. Verkostet im Januar 2025.<br \/>David Schildknecht<\/p>\n<p>Internetseite des Weinguts: <a href=\"https:\/\/www.nikolaihof.at\/en\/home\/\" target=\"_blank\">https:\/\/www.nikolaihof.at\/en\/home\/<\/a><\/p>\n","protected":false},"excerpt":{"rendered":"<p>Lieferzeit: 1 bis 2 Arbeitstage (DE), 2 bis 5 Arbeitstage (EU and CH)<\/p>\n","protected":false},"featured_media":1138194,"template":"","meta":[],"product_brand":[],"product_cat":[19],"product_tag":[],"class_list":{"0":"post-1125917","1":"product","2":"type-product","3":"status-publish","4":"has-post-thumbnail","6":"product_cat-unkategorisiert","7":"pa_alcohol-for-filter-13-5","8":"pa_certified-biodynamic-ja-de","9":"pa_certified-organic-ja-de","10":"pa_colour-weiss","11":"pa_country-osterreich","12":"pa_grape-gruner-veltliner","13":"pa_parker-points-for-filter-92-de","14":"pa_price-for-filter-10662","15":"pa_producer-nikolaihof","16":"pa_region-wachau","17":"pa_size-ml-6657","18":"pa_sweetness-trocken-de","19":"pa_type-2-still-de","20":"pa_vintage-2006-de","21":"entry","22":"has-media","24":"first","25":"instock","26":"taxable","27":"shipping-taxable","28":"purchasable","29":"product-type-simple"},"yoast_head":"<!-- This site is optimized with the Yoast SEO plugin v27.5 - https:\/\/yoast.com\/product\/yoast-seo-wordpress\/ -->\n<title>Nikolaihof Im Weingebirge Gr\u00fcner Veltliner Smaragd 2006, 1500ml<\/title>\n<meta name=\"description\" content=\"Kaufe Nikolaihof Im Weingebirge Gr\u00fcner Veltliner Smaragd 2006 (Gr\u00fcner Veltliner, trocken aus Wachau, \u00d6sterreich) bei Wein Werte, Ihrem nachhaltigen Onlineshop.\" \/>\n<meta name=\"robots\" content=\"index, follow, max-snippet:-1, max-image-preview:large, max-video-preview:-1\" \/>\n<link rel=\"canonical\" href=\"https:\/\/wein-werte.com\/de\/produkt\/nikolaihof-im-weingebirge-gruner-veltliner-smaragd-2006-1500ml\/\" \/>\n<meta property=\"og:locale\" content=\"de_DE\" \/>\n<meta property=\"og:type\" content=\"article\" \/>\n<meta property=\"og:title\" content=\"Nikolaihof Im Weingebirge Gr\u00fcner Veltliner Smaragd 2006, 1500ml\" \/>\n<meta property=\"og:description\" content=\"Kaufe Nikolaihof Im Weingebirge Gr\u00fcner Veltliner Smaragd 2006 (Gr\u00fcner Veltliner, trocken aus Wachau, \u00d6sterreich) bei Wein Werte, Ihrem nachhaltigen Onlineshop.\" \/>\n<meta property=\"og:url\" content=\"https:\/\/wein-werte.com\/de\/produkt\/nikolaihof-im-weingebirge-gruner-veltliner-smaragd-2006-1500ml\/\" \/>\n<meta property=\"og:site_name\" content=\"Wein Werte\" \/>\n<meta property=\"og:image\" content=\"https:\/\/wein-werte.com\/wp-content\/uploads\/2026\/04\/Nikolaihof-Im-Weingebirge-Gruner-Veltliner-Smaragd-2006-1500ml.png\" \/>\n\t<meta property=\"og:image:width\" content=\"230\" \/>\n\t<meta property=\"og:image:height\" content=\"1200\" \/>\n\t<meta property=\"og:image:type\" content=\"image\/png\" \/>\n<meta name=\"twitter:card\" content=\"summary_large_image\" \/>\n<meta name=\"twitter:label1\" content=\"Gesch\u00e4tzte Lesezeit\" \/>\n\t<meta name=\"twitter:data1\" content=\"2\u00a0Minuten\" \/>\n<script type=\"application\/ld+json\" class=\"yoast-schema-graph\">{\"@context\":\"https:\\\/\\\/schema.org\",\"@graph\":[{\"@type\":\"WebPage\",\"@id\":\"https:\\\/\\\/wein-werte.com\\\/de\\\/produkt\\\/nikolaihof-im-weingebirge-gruner-veltliner-smaragd-2006-1500ml\\\/\",\"url\":\"https:\\\/\\\/wein-werte.com\\\/de\\\/produkt\\\/nikolaihof-im-weingebirge-gruner-veltliner-smaragd-2006-1500ml\\\/\",\"name\":\"Nikolaihof Im Weingebirge Gr\u00fcner Veltliner Smaragd 2006, 1500ml\",\"isPartOf\":{\"@id\":\"https:\\\/\\\/wein-werte.com\\\/de\\\/#website\"},\"primaryImageOfPage\":{\"@id\":\"https:\\\/\\\/wein-werte.com\\\/de\\\/produkt\\\/nikolaihof-im-weingebirge-gruner-veltliner-smaragd-2006-1500ml\\\/#primaryimage\"},\"image\":{\"@id\":\"https:\\\/\\\/wein-werte.com\\\/de\\\/produkt\\\/nikolaihof-im-weingebirge-gruner-veltliner-smaragd-2006-1500ml\\\/#primaryimage\"},\"thumbnailUrl\":\"https:\\\/\\\/wein-werte.com\\\/wp-content\\\/uploads\\\/2026\\\/04\\\/Nikolaihof-Im-Weingebirge-Gruner-Veltliner-Smaragd-2006-1500ml.png\",\"datePublished\":\"2026-05-05T16:17:39+00:00\",\"description\":\"Kaufe Nikolaihof Im Weingebirge Gr\u00fcner Veltliner Smaragd 2006 (Gr\u00fcner Veltliner, trocken aus Wachau, \u00d6sterreich) bei Wein Werte, Ihrem nachhaltigen Onlineshop.\",\"breadcrumb\":{\"@id\":\"https:\\\/\\\/wein-werte.com\\\/de\\\/produkt\\\/nikolaihof-im-weingebirge-gruner-veltliner-smaragd-2006-1500ml\\\/#breadcrumb\"},\"inLanguage\":\"de\",\"potentialAction\":[{\"@type\":\"ReadAction\",\"target\":[\"https:\\\/\\\/wein-werte.com\\\/de\\\/produkt\\\/nikolaihof-im-weingebirge-gruner-veltliner-smaragd-2006-1500ml\\\/\"]}]},{\"@type\":\"ImageObject\",\"inLanguage\":\"de\",\"@id\":\"https:\\\/\\\/wein-werte.com\\\/de\\\/produkt\\\/nikolaihof-im-weingebirge-gruner-veltliner-smaragd-2006-1500ml\\\/#primaryimage\",\"url\":\"https:\\\/\\\/wein-werte.com\\\/wp-content\\\/uploads\\\/2026\\\/04\\\/Nikolaihof-Im-Weingebirge-Gruner-Veltliner-Smaragd-2006-1500ml.png\",\"contentUrl\":\"https:\\\/\\\/wein-werte.com\\\/wp-content\\\/uploads\\\/2026\\\/04\\\/Nikolaihof-Im-Weingebirge-Gruner-Veltliner-Smaragd-2006-1500ml.png\",\"width\":230,\"height\":1200,\"caption\":\"Nikolaihof Im Weingebirge, Gr\u00fcner Veltliner Smaragd trocken 2006 1500ml\"},{\"@type\":\"BreadcrumbList\",\"@id\":\"https:\\\/\\\/wein-werte.com\\\/de\\\/produkt\\\/nikolaihof-im-weingebirge-gruner-veltliner-smaragd-2006-1500ml\\\/#breadcrumb\",\"itemListElement\":[{\"@type\":\"ListItem\",\"position\":1,\"name\":\"Home\",\"item\":\"https:\\\/\\\/wein-werte.com\\\/de\\\/\"},{\"@type\":\"ListItem\",\"position\":2,\"name\":\"Shop\",\"item\":\"https:\\\/\\\/wein-werte.com\\\/de\\\/shop\\\/\"},{\"@type\":\"ListItem\",\"position\":3,\"name\":\"Nikolaihof | Wachau | Im Weingebirge, Gr\u00fcner Veltliner Smaragd trocken | 2006 | 1500ml | bio\"}]},{\"@type\":\"WebSite\",\"@id\":\"https:\\\/\\\/wein-werte.com\\\/de\\\/#website\",\"url\":\"https:\\\/\\\/wein-werte.com\\\/de\\\/\",\"name\":\"Wein Werte\",\"description\":\"\",\"publisher\":{\"@id\":\"https:\\\/\\\/wein-werte.com\\\/de\\\/#organization\"},\"potentialAction\":[{\"@type\":\"SearchAction\",\"target\":{\"@type\":\"EntryPoint\",\"urlTemplate\":\"https:\\\/\\\/wein-werte.com\\\/de\\\/?s={search_term_string}\"},\"query-input\":{\"@type\":\"PropertyValueSpecification\",\"valueRequired\":true,\"valueName\":\"search_term_string\"}}],\"inLanguage\":\"de\"},{\"@type\":\"Organization\",\"@id\":\"https:\\\/\\\/wein-werte.com\\\/de\\\/#organization\",\"name\":\"Vins Fins Thorrold\",\"url\":\"https:\\\/\\\/wein-werte.com\\\/de\\\/\",\"logo\":{\"@type\":\"ImageObject\",\"inLanguage\":\"de\",\"@id\":\"https:\\\/\\\/wein-werte.com\\\/de\\\/#\\\/schema\\\/logo\\\/image\\\/\",\"url\":\"https:\\\/\\\/wein-werte.com\\\/wp-content\\\/uploads\\\/2023\\\/07\\\/Wein_werte_Logo700-1.png\",\"contentUrl\":\"https:\\\/\\\/wein-werte.com\\\/wp-content\\\/uploads\\\/2023\\\/07\\\/Wein_werte_Logo700-1.png\",\"width\":700,\"height\":272,\"caption\":\"Vins Fins Thorrold\"},\"image\":{\"@id\":\"https:\\\/\\\/wein-werte.com\\\/de\\\/#\\\/schema\\\/logo\\\/image\\\/\"}}]}<\/script>\n<!-- \/ Yoast SEO plugin. -->","yoast_head_json":{"title":"Nikolaihof Im Weingebirge Gr\u00fcner Veltliner Smaragd 2006, 1500ml","description":"Kaufe Nikolaihof Im Weingebirge Gr\u00fcner Veltliner Smaragd 2006 (Gr\u00fcner Veltliner, trocken aus Wachau, \u00d6sterreich) bei Wein Werte, Ihrem nachhaltigen Onlineshop.","robots":{"index":"index","follow":"follow","max-snippet":"max-snippet:-1","max-image-preview":"max-image-preview:large","max-video-preview":"max-video-preview:-1"},"canonical":"https:\/\/wein-werte.com\/de\/produkt\/nikolaihof-im-weingebirge-gruner-veltliner-smaragd-2006-1500ml\/","og_locale":"de_DE","og_type":"article","og_title":"Nikolaihof Im Weingebirge Gr\u00fcner Veltliner Smaragd 2006, 1500ml","og_description":"Kaufe Nikolaihof Im Weingebirge Gr\u00fcner Veltliner Smaragd 2006 (Gr\u00fcner Veltliner, trocken aus Wachau, \u00d6sterreich) bei Wein Werte, Ihrem nachhaltigen Onlineshop.","og_url":"https:\/\/wein-werte.com\/de\/produkt\/nikolaihof-im-weingebirge-gruner-veltliner-smaragd-2006-1500ml\/","og_site_name":"Wein Werte","og_image":[{"width":230,"height":1200,"url":"https:\/\/wein-werte.com\/wp-content\/uploads\/2026\/04\/Nikolaihof-Im-Weingebirge-Gruner-Veltliner-Smaragd-2006-1500ml.png","type":"image\/png"}],"twitter_card":"summary_large_image","twitter_misc":{"Gesch\u00e4tzte Lesezeit":"2\u00a0Minuten"},"schema":{"@context":"https:\/\/schema.org","@graph":[{"@type":"WebPage","@id":"https:\/\/wein-werte.com\/de\/produkt\/nikolaihof-im-weingebirge-gruner-veltliner-smaragd-2006-1500ml\/","url":"https:\/\/wein-werte.com\/de\/produkt\/nikolaihof-im-weingebirge-gruner-veltliner-smaragd-2006-1500ml\/","name":"Nikolaihof Im Weingebirge Gr\u00fcner Veltliner Smaragd 2006, 1500ml","isPartOf":{"@id":"https:\/\/wein-werte.com\/de\/#website"},"primaryImageOfPage":{"@id":"https:\/\/wein-werte.com\/de\/produkt\/nikolaihof-im-weingebirge-gruner-veltliner-smaragd-2006-1500ml\/#primaryimage"},"image":{"@id":"https:\/\/wein-werte.com\/de\/produkt\/nikolaihof-im-weingebirge-gruner-veltliner-smaragd-2006-1500ml\/#primaryimage"},"thumbnailUrl":"https:\/\/wein-werte.com\/wp-content\/uploads\/2026\/04\/Nikolaihof-Im-Weingebirge-Gruner-Veltliner-Smaragd-2006-1500ml.png","datePublished":"2026-05-05T16:17:39+00:00","description":"Kaufe Nikolaihof Im Weingebirge Gr\u00fcner Veltliner Smaragd 2006 (Gr\u00fcner Veltliner, trocken aus Wachau, \u00d6sterreich) bei Wein Werte, Ihrem nachhaltigen Onlineshop.","breadcrumb":{"@id":"https:\/\/wein-werte.com\/de\/produkt\/nikolaihof-im-weingebirge-gruner-veltliner-smaragd-2006-1500ml\/#breadcrumb"},"inLanguage":"de","potentialAction":[{"@type":"ReadAction","target":["https:\/\/wein-werte.com\/de\/produkt\/nikolaihof-im-weingebirge-gruner-veltliner-smaragd-2006-1500ml\/"]}]},{"@type":"ImageObject","inLanguage":"de","@id":"https:\/\/wein-werte.com\/de\/produkt\/nikolaihof-im-weingebirge-gruner-veltliner-smaragd-2006-1500ml\/#primaryimage","url":"https:\/\/wein-werte.com\/wp-content\/uploads\/2026\/04\/Nikolaihof-Im-Weingebirge-Gruner-Veltliner-Smaragd-2006-1500ml.png","contentUrl":"https:\/\/wein-werte.com\/wp-content\/uploads\/2026\/04\/Nikolaihof-Im-Weingebirge-Gruner-Veltliner-Smaragd-2006-1500ml.png","width":230,"height":1200,"caption":"Nikolaihof Im Weingebirge, Gr\u00fcner Veltliner Smaragd trocken 2006 1500ml"},{"@type":"BreadcrumbList","@id":"https:\/\/wein-werte.com\/de\/produkt\/nikolaihof-im-weingebirge-gruner-veltliner-smaragd-2006-1500ml\/#breadcrumb","itemListElement":[{"@type":"ListItem","position":1,"name":"Home","item":"https:\/\/wein-werte.com\/de\/"},{"@type":"ListItem","position":2,"name":"Shop","item":"https:\/\/wein-werte.com\/de\/shop\/"},{"@type":"ListItem","position":3,"name":"Nikolaihof | Wachau | Im Weingebirge, Gr\u00fcner Veltliner Smaragd trocken | 2006 | 1500ml | bio"}]},{"@type":"WebSite","@id":"https:\/\/wein-werte.com\/de\/#website","url":"https:\/\/wein-werte.com\/de\/","name":"Wein Werte","description":"","publisher":{"@id":"https:\/\/wein-werte.com\/de\/#organization"},"potentialAction":[{"@type":"SearchAction","target":{"@type":"EntryPoint","urlTemplate":"https:\/\/wein-werte.com\/de\/?s={search_term_string}"},"query-input":{"@type":"PropertyValueSpecification","valueRequired":true,"valueName":"search_term_string"}}],"inLanguage":"de"},{"@type":"Organization","@id":"https:\/\/wein-werte.com\/de\/#organization","name":"Vins Fins Thorrold","url":"https:\/\/wein-werte.com\/de\/","logo":{"@type":"ImageObject","inLanguage":"de","@id":"https:\/\/wein-werte.com\/de\/#\/schema\/logo\/image\/","url":"https:\/\/wein-werte.com\/wp-content\/uploads\/2023\/07\/Wein_werte_Logo700-1.png","contentUrl":"https:\/\/wein-werte.com\/wp-content\/uploads\/2023\/07\/Wein_werte_Logo700-1.png","width":700,"height":272,"caption":"Vins Fins Thorrold"},"image":{"@id":"https:\/\/wein-werte.com\/de\/#\/schema\/logo\/image\/"}}]}},"_links":{"self":[{"href":"https:\/\/wein-werte.com\/de\/wp-json\/wp\/v2\/product\/1125917","targetHints":{"allow":["GET"]}}],"collection":[{"href":"https:\/\/wein-werte.com\/de\/wp-json\/wp\/v2\/product"}],"about":[{"href":"https:\/\/wein-werte.com\/de\/wp-json\/wp\/v2\/types\/product"}],"wp:featuredmedia":[{"embeddable":true,"href":"https:\/\/wein-werte.com\/de\/wp-json\/wp\/v2\/media\/1138194"}],"wp:attachment":[{"href":"https:\/\/wein-werte.com\/de\/wp-json\/wp\/v2\/media?parent=1125917"}],"wp:term":[{"taxonomy":"product_brand","embeddable":true,"href":"https:\/\/wein-werte.com\/de\/wp-json\/wp\/v2\/product_brand?post=1125917"},{"taxonomy":"product_cat","embeddable":true,"href":"https:\/\/wein-werte.com\/de\/wp-json\/wp\/v2\/product_cat?post=1125917"},{"taxonomy":"product_tag","embeddable":true,"href":"https:\/\/wein-werte.com\/de\/wp-json\/wp\/v2\/product_tag?post=1125917"}],"curies":[{"name":"wp","href":"https:\/\/api.w.org\/{rel}","templated":true}]}}