{"id":1125897,"date":"2026-05-05T18:17:39","date_gmt":"2026-05-05T16:17:39","guid":{"rendered":"https:\/\/wein-werte.com\/product\/nikolaihof-im-weingebirge-gruner-veltliner-smaragd-2014-750ml\/"},"modified":"2026-05-01T23:43:48","modified_gmt":"2026-05-01T21:43:48","slug":"nikolaihof-im-weingebirge-gruner-veltliner-smaragd-2014-750ml","status":"publish","type":"product","link":"https:\/\/wein-werte.com\/de\/produkt\/nikolaihof-im-weingebirge-gruner-veltliner-smaragd-2014-750ml\/","title":{"rendered":"Nikolaihof | Wachau | Im Weingebirge, Gr\u00fcner Veltliner Smaragd trocken | 2014 | 750ml | bio"},"content":{"rendered":"<p>Produktbeschreibung f\u00fcr Nikolaihof Im Weingebirge, Gr\u00fcner Veltliner Smaragd trocken 2014 (bio)<\/p>\n<p> Archive Release 2024. <\/p>\n<h5>Herkunft<\/h5>\n<p> Die Ried \u00bbIm Weingebirge\u00ab\u00a0ist eine so genannte \u00bbRied innerhalb einer Ried\u00ab. Sie geh\u00f6rt zur Ried \u00bbAlte Point\u00ab und grenzt an die Rieden \u00bbStrudel\u00ab und \u00bbS\u00fc\u00dfenberg\u00ab oberhalb von Mautern an. Die Lage umfasst glatte sechs Hektar und zieht sich Richtung Norden von 206 auf 225 Meter den Hang hinauf. Der Unterboden ist bestimmt von Paragneis, der hier und da bis an die Oberfl\u00e4che st\u00f6\u00dft. Der Oberboden besteht aus Lehm und vor allem L\u00f6ss. <\/p>\n<h5>Farbe<\/h5>\n<p> hellgelb wie Schl\u00fcsselblumen <\/p>\n<h5>Nase<\/h5>\n<p> Der Duft dieses 2014ers ist so eindeutig wie der Jahrgang 2014 selbst. Unverkennbar mit einem dezimierten, gereiften Fruchtbouquet, weniger \u00fcppig, weniger blumig. Daf\u00fcr mit oxydativen Ankl\u00e4ngen, die den Charakter dominieren und seine leichtere Stilistik unterstreichen. <\/p>\n<h5>Gaumen<\/h5>\n<p> In seiner Struktur wirkt der Wein dicht gewebt, weich und cremig im Stoff. Er bleibt lang am Gaumen h\u00e4ngen, l\u00e4sst die pr\u00e4gnante S\u00e4ure im Grunde erst beim Finale zu Wort kommen und gibt dem Wein damit eine erfrischende L\u00e4nge im Nachspiel. <\/p>\n<p>Copyright Vinaturel 2025<\/p>\n<p>Keywords: <a href=\"https:\/\/wein-werte.com\/de\/shop\/?swoof=1&#038;pa_producer=Nikolaihof\">Nikolaihof<\/a> <a href=\"https:\/\/wein-werte.com\/de\/shop\/?swoof=1&#038;woof_text=Im Weingebirge, Gr\u00fcner Veltliner Smaragd trocken\">Im Weingebirge, Gr\u00fcner Veltliner Smaragd trocken<\/a> 2014 bio <a href=\"https:\/\/wein-werte.com\/de\/shop\/?swoof=1&#038;pa_region=Wachau\">Wachau<\/a> <a href=\"https:\/\/wein-werte.com\/de\/shop\/?swoof=1&#038;pa_country=\u00d6sterreich\">\u00d6sterreich<\/a><\/p>\n<h3>Wine Advocate<\/h3>\n<p>Punkte: 92<\/p>\n<p>Der goldgelbe 2014er Ried Im Weingebirge Gr\u00fcner Veltliner Smaragd er\u00f6ffnet mit einem gereiften, aber dennoch frischen und lebendig mineralischen Bouquet mit rauchigen und feuersteinartigen Nuancen von zersto\u00dfenem schwarzen Gestein. Dicht und intensiv sowie komplex und salzig am Gaumen, ist dies ein recht kraftvoller und ausreichend tanninhaltiger Veltliner mit einem intensiven und kraftvollen, aber nicht au\u00dfergew\u00f6hnlich langen Abgang. 12,5 % Alkoholgehalt. Naturkorken. Archiv-Release 2024. Verkostet im Januar 2025.<br \/>Stephan Reinhardt<\/p>\n<h3>Vinous<\/h3>\n<p>Punkte: 93<\/p>\n<p>Da die Saahses beschlossen haben, zuk\u00fcnftigen Abf\u00fcllungen dieser Abf\u00fcllung mehr Zeit im Fass zu geben, werde ich den entsprechenden 2015er erst in meinem n\u00e4chsten Bericht rezensieren. Aber wie ich in meiner letzten Rezension des 2014er schrieb: \u201e[Er] braucht vielleicht mehr Zeit, um sich zu entwickeln, und ich werde versuchen, ihn im kommenden Jahr nochmal zu verkosten.\u201c Im Vergleich zu seinem Auftritt bei der Ver\u00f6ffentlichung (Mitte 2016) zeigt er jetzt so viel komplexen Reiz, dass eine aktualisierte Rezension angebracht ist. Die Grundelemente bleiben dieselben: gr\u00fcne Bohnen, Artischocken, Apfel und Rote Bete, mit frischer Limette und schwarzem Pfeffer, die ihm Frische und Belebung verleihen. Aber die Tiefe des umami-reichen und salzigen Geschmacks wurde durch karamellisierte Steckr\u00fcben, frischen Spinat und jodhaltige Garnelenschalenreduktion verst\u00e4rkt, w\u00e4hrend der k\u00f6stliche Abgang jetzt eine bemerkenswerte Transparenz der Nuancen aufweist, darunter schimmernde, steinige Ankl\u00e4nge, wie man sie normalerweise eher von einem Riesling kennt. Ich bin jetzt auch viel zuversichtlicher, was das Alterungspotenzial dieser Abf\u00fcllung angeht. \u2013 David Schildknecht<br \/>Trinkzeitraum: 2018\u20132026<br \/>\u00dcberpr\u00fcfungsdatum: Dezember 2018<\/p>\n<p>Internetseite des Weinguts: <a href=\"https:\/\/www.nikolaihof.at\/en\/home\/\" target=\"_blank\">https:\/\/www.nikolaihof.at\/en\/home\/<\/a><\/p>\n","protected":false},"excerpt":{"rendered":"<p>Lieferzeit: 1 bis 2 Arbeitstage (DE), 2 bis 5 Arbeitstage (EU and CH)<\/p>\n","protected":false},"featured_media":1138178,"template":"","meta":[],"product_brand":[],"product_cat":[19],"product_tag":[],"class_list":{"0":"post-1125897","1":"product","2":"type-product","3":"status-publish","4":"has-post-thumbnail","6":"product_cat-unkategorisiert","7":"pa_alcohol-for-filter-12-5","8":"pa_certified-biodynamic-ja-de","9":"pa_certified-organic-ja-de","10":"pa_colour-weiss","11":"pa_country-osterreich","12":"pa_grape-gruner-veltliner","13":"pa_parker-points-for-filter-92-de","14":"pa_price-for-filter-10572","15":"pa_producer-nikolaihof","16":"pa_region-wachau","17":"pa_size-ml-6584","18":"pa_sweetness-trocken-de","19":"pa_type-2-still-de","20":"pa_vinous-points-for-filter-20031","21":"pa_vintage-2014-de","22":"entry","23":"has-media","25":"first","26":"instock","27":"taxable","28":"shipping-taxable","29":"purchasable","30":"product-type-simple"},"yoast_head":"<!-- This site is optimized with the Yoast SEO plugin v27.5 - https:\/\/yoast.com\/product\/yoast-seo-wordpress\/ -->\n<title>Nikolaihof Im Weingebirge Gr\u00fcner Veltliner Smaragd 2014<\/title>\n<meta name=\"description\" content=\"Kaufe Nikolaihof Im Weingebirge Gr\u00fcner Veltliner Smaragd 2014 (Gr\u00fcner Veltliner, trocken aus Wachau, \u00d6sterreich) bei Wein Werte, Ihrem nachhaltigen Onlineshop.\" \/>\n<meta name=\"robots\" content=\"index, follow, max-snippet:-1, max-image-preview:large, max-video-preview:-1\" \/>\n<link rel=\"canonical\" href=\"https:\/\/wein-werte.com\/de\/produkt\/nikolaihof-im-weingebirge-gruner-veltliner-smaragd-2014-750ml\/\" \/>\n<meta property=\"og:locale\" content=\"de_DE\" \/>\n<meta property=\"og:type\" content=\"article\" \/>\n<meta property=\"og:title\" content=\"Nikolaihof Im Weingebirge Gr\u00fcner Veltliner Smaragd 2014\" \/>\n<meta property=\"og:description\" content=\"Kaufe Nikolaihof Im Weingebirge Gr\u00fcner Veltliner Smaragd 2014 (Gr\u00fcner Veltliner, trocken aus Wachau, \u00d6sterreich) bei Wein Werte, Ihrem nachhaltigen Onlineshop.\" \/>\n<meta property=\"og:url\" content=\"https:\/\/wein-werte.com\/de\/produkt\/nikolaihof-im-weingebirge-gruner-veltliner-smaragd-2014-750ml\/\" \/>\n<meta property=\"og:site_name\" content=\"Wein Werte\" \/>\n<meta property=\"og:image\" content=\"https:\/\/wein-werte.com\/wp-content\/uploads\/2026\/04\/Nikolaihof-Im-Weingebirge-Gruner-Veltliner-Smaragd-2014-750ml.png\" \/>\n\t<meta property=\"og:image:width\" content=\"262\" \/>\n\t<meta property=\"og:image:height\" content=\"1200\" \/>\n\t<meta property=\"og:image:type\" content=\"image\/png\" \/>\n<meta name=\"twitter:card\" content=\"summary_large_image\" \/>\n<meta name=\"twitter:label1\" content=\"Gesch\u00e4tzte Lesezeit\" \/>\n\t<meta name=\"twitter:data1\" content=\"2\u00a0Minuten\" \/>\n<script type=\"application\/ld+json\" class=\"yoast-schema-graph\">{\"@context\":\"https:\\\/\\\/schema.org\",\"@graph\":[{\"@type\":\"WebPage\",\"@id\":\"https:\\\/\\\/wein-werte.com\\\/de\\\/produkt\\\/nikolaihof-im-weingebirge-gruner-veltliner-smaragd-2014-750ml\\\/\",\"url\":\"https:\\\/\\\/wein-werte.com\\\/de\\\/produkt\\\/nikolaihof-im-weingebirge-gruner-veltliner-smaragd-2014-750ml\\\/\",\"name\":\"Nikolaihof Im Weingebirge Gr\u00fcner Veltliner Smaragd 2014\",\"isPartOf\":{\"@id\":\"https:\\\/\\\/wein-werte.com\\\/de\\\/#website\"},\"primaryImageOfPage\":{\"@id\":\"https:\\\/\\\/wein-werte.com\\\/de\\\/produkt\\\/nikolaihof-im-weingebirge-gruner-veltliner-smaragd-2014-750ml\\\/#primaryimage\"},\"image\":{\"@id\":\"https:\\\/\\\/wein-werte.com\\\/de\\\/produkt\\\/nikolaihof-im-weingebirge-gruner-veltliner-smaragd-2014-750ml\\\/#primaryimage\"},\"thumbnailUrl\":\"https:\\\/\\\/wein-werte.com\\\/wp-content\\\/uploads\\\/2026\\\/04\\\/Nikolaihof-Im-Weingebirge-Gruner-Veltliner-Smaragd-2014-750ml.png\",\"datePublished\":\"2026-05-05T16:17:39+00:00\",\"description\":\"Kaufe Nikolaihof Im Weingebirge Gr\u00fcner Veltliner Smaragd 2014 (Gr\u00fcner Veltliner, trocken aus Wachau, \u00d6sterreich) bei Wein Werte, Ihrem nachhaltigen Onlineshop.\",\"breadcrumb\":{\"@id\":\"https:\\\/\\\/wein-werte.com\\\/de\\\/produkt\\\/nikolaihof-im-weingebirge-gruner-veltliner-smaragd-2014-750ml\\\/#breadcrumb\"},\"inLanguage\":\"de\",\"potentialAction\":[{\"@type\":\"ReadAction\",\"target\":[\"https:\\\/\\\/wein-werte.com\\\/de\\\/produkt\\\/nikolaihof-im-weingebirge-gruner-veltliner-smaragd-2014-750ml\\\/\"]}]},{\"@type\":\"ImageObject\",\"inLanguage\":\"de\",\"@id\":\"https:\\\/\\\/wein-werte.com\\\/de\\\/produkt\\\/nikolaihof-im-weingebirge-gruner-veltliner-smaragd-2014-750ml\\\/#primaryimage\",\"url\":\"https:\\\/\\\/wein-werte.com\\\/wp-content\\\/uploads\\\/2026\\\/04\\\/Nikolaihof-Im-Weingebirge-Gruner-Veltliner-Smaragd-2014-750ml.png\",\"contentUrl\":\"https:\\\/\\\/wein-werte.com\\\/wp-content\\\/uploads\\\/2026\\\/04\\\/Nikolaihof-Im-Weingebirge-Gruner-Veltliner-Smaragd-2014-750ml.png\",\"width\":262,\"height\":1200,\"caption\":\"Nikolaihof Im Weingebirge, Gr\u00fcner Veltliner Smaragd trocken 2014 750ml\"},{\"@type\":\"BreadcrumbList\",\"@id\":\"https:\\\/\\\/wein-werte.com\\\/de\\\/produkt\\\/nikolaihof-im-weingebirge-gruner-veltliner-smaragd-2014-750ml\\\/#breadcrumb\",\"itemListElement\":[{\"@type\":\"ListItem\",\"position\":1,\"name\":\"Home\",\"item\":\"https:\\\/\\\/wein-werte.com\\\/de\\\/\"},{\"@type\":\"ListItem\",\"position\":2,\"name\":\"Shop\",\"item\":\"https:\\\/\\\/wein-werte.com\\\/de\\\/shop\\\/\"},{\"@type\":\"ListItem\",\"position\":3,\"name\":\"Nikolaihof | Wachau | Im Weingebirge, Gr\u00fcner Veltliner Smaragd trocken | 2014 | 750ml | bio\"}]},{\"@type\":\"WebSite\",\"@id\":\"https:\\\/\\\/wein-werte.com\\\/de\\\/#website\",\"url\":\"https:\\\/\\\/wein-werte.com\\\/de\\\/\",\"name\":\"Wein Werte\",\"description\":\"\",\"publisher\":{\"@id\":\"https:\\\/\\\/wein-werte.com\\\/de\\\/#organization\"},\"potentialAction\":[{\"@type\":\"SearchAction\",\"target\":{\"@type\":\"EntryPoint\",\"urlTemplate\":\"https:\\\/\\\/wein-werte.com\\\/de\\\/?s={search_term_string}\"},\"query-input\":{\"@type\":\"PropertyValueSpecification\",\"valueRequired\":true,\"valueName\":\"search_term_string\"}}],\"inLanguage\":\"de\"},{\"@type\":\"Organization\",\"@id\":\"https:\\\/\\\/wein-werte.com\\\/de\\\/#organization\",\"name\":\"Vins Fins Thorrold\",\"url\":\"https:\\\/\\\/wein-werte.com\\\/de\\\/\",\"logo\":{\"@type\":\"ImageObject\",\"inLanguage\":\"de\",\"@id\":\"https:\\\/\\\/wein-werte.com\\\/de\\\/#\\\/schema\\\/logo\\\/image\\\/\",\"url\":\"https:\\\/\\\/wein-werte.com\\\/wp-content\\\/uploads\\\/2023\\\/07\\\/Wein_werte_Logo700-1.png\",\"contentUrl\":\"https:\\\/\\\/wein-werte.com\\\/wp-content\\\/uploads\\\/2023\\\/07\\\/Wein_werte_Logo700-1.png\",\"width\":700,\"height\":272,\"caption\":\"Vins Fins Thorrold\"},\"image\":{\"@id\":\"https:\\\/\\\/wein-werte.com\\\/de\\\/#\\\/schema\\\/logo\\\/image\\\/\"}}]}<\/script>\n<!-- \/ Yoast SEO plugin. -->","yoast_head_json":{"title":"Nikolaihof Im Weingebirge Gr\u00fcner Veltliner Smaragd 2014","description":"Kaufe Nikolaihof Im Weingebirge Gr\u00fcner Veltliner Smaragd 2014 (Gr\u00fcner Veltliner, trocken aus Wachau, \u00d6sterreich) bei Wein Werte, Ihrem nachhaltigen Onlineshop.","robots":{"index":"index","follow":"follow","max-snippet":"max-snippet:-1","max-image-preview":"max-image-preview:large","max-video-preview":"max-video-preview:-1"},"canonical":"https:\/\/wein-werte.com\/de\/produkt\/nikolaihof-im-weingebirge-gruner-veltliner-smaragd-2014-750ml\/","og_locale":"de_DE","og_type":"article","og_title":"Nikolaihof Im Weingebirge Gr\u00fcner Veltliner Smaragd 2014","og_description":"Kaufe Nikolaihof Im Weingebirge Gr\u00fcner Veltliner Smaragd 2014 (Gr\u00fcner Veltliner, trocken aus Wachau, \u00d6sterreich) bei Wein Werte, Ihrem nachhaltigen Onlineshop.","og_url":"https:\/\/wein-werte.com\/de\/produkt\/nikolaihof-im-weingebirge-gruner-veltliner-smaragd-2014-750ml\/","og_site_name":"Wein Werte","og_image":[{"width":262,"height":1200,"url":"https:\/\/wein-werte.com\/wp-content\/uploads\/2026\/04\/Nikolaihof-Im-Weingebirge-Gruner-Veltliner-Smaragd-2014-750ml.png","type":"image\/png"}],"twitter_card":"summary_large_image","twitter_misc":{"Gesch\u00e4tzte Lesezeit":"2\u00a0Minuten"},"schema":{"@context":"https:\/\/schema.org","@graph":[{"@type":"WebPage","@id":"https:\/\/wein-werte.com\/de\/produkt\/nikolaihof-im-weingebirge-gruner-veltliner-smaragd-2014-750ml\/","url":"https:\/\/wein-werte.com\/de\/produkt\/nikolaihof-im-weingebirge-gruner-veltliner-smaragd-2014-750ml\/","name":"Nikolaihof Im Weingebirge Gr\u00fcner Veltliner Smaragd 2014","isPartOf":{"@id":"https:\/\/wein-werte.com\/de\/#website"},"primaryImageOfPage":{"@id":"https:\/\/wein-werte.com\/de\/produkt\/nikolaihof-im-weingebirge-gruner-veltliner-smaragd-2014-750ml\/#primaryimage"},"image":{"@id":"https:\/\/wein-werte.com\/de\/produkt\/nikolaihof-im-weingebirge-gruner-veltliner-smaragd-2014-750ml\/#primaryimage"},"thumbnailUrl":"https:\/\/wein-werte.com\/wp-content\/uploads\/2026\/04\/Nikolaihof-Im-Weingebirge-Gruner-Veltliner-Smaragd-2014-750ml.png","datePublished":"2026-05-05T16:17:39+00:00","description":"Kaufe Nikolaihof Im Weingebirge Gr\u00fcner Veltliner Smaragd 2014 (Gr\u00fcner Veltliner, trocken aus Wachau, \u00d6sterreich) bei Wein Werte, Ihrem nachhaltigen Onlineshop.","breadcrumb":{"@id":"https:\/\/wein-werte.com\/de\/produkt\/nikolaihof-im-weingebirge-gruner-veltliner-smaragd-2014-750ml\/#breadcrumb"},"inLanguage":"de","potentialAction":[{"@type":"ReadAction","target":["https:\/\/wein-werte.com\/de\/produkt\/nikolaihof-im-weingebirge-gruner-veltliner-smaragd-2014-750ml\/"]}]},{"@type":"ImageObject","inLanguage":"de","@id":"https:\/\/wein-werte.com\/de\/produkt\/nikolaihof-im-weingebirge-gruner-veltliner-smaragd-2014-750ml\/#primaryimage","url":"https:\/\/wein-werte.com\/wp-content\/uploads\/2026\/04\/Nikolaihof-Im-Weingebirge-Gruner-Veltliner-Smaragd-2014-750ml.png","contentUrl":"https:\/\/wein-werte.com\/wp-content\/uploads\/2026\/04\/Nikolaihof-Im-Weingebirge-Gruner-Veltliner-Smaragd-2014-750ml.png","width":262,"height":1200,"caption":"Nikolaihof Im Weingebirge, Gr\u00fcner Veltliner Smaragd trocken 2014 750ml"},{"@type":"BreadcrumbList","@id":"https:\/\/wein-werte.com\/de\/produkt\/nikolaihof-im-weingebirge-gruner-veltliner-smaragd-2014-750ml\/#breadcrumb","itemListElement":[{"@type":"ListItem","position":1,"name":"Home","item":"https:\/\/wein-werte.com\/de\/"},{"@type":"ListItem","position":2,"name":"Shop","item":"https:\/\/wein-werte.com\/de\/shop\/"},{"@type":"ListItem","position":3,"name":"Nikolaihof | Wachau | Im Weingebirge, Gr\u00fcner Veltliner Smaragd trocken | 2014 | 750ml | bio"}]},{"@type":"WebSite","@id":"https:\/\/wein-werte.com\/de\/#website","url":"https:\/\/wein-werte.com\/de\/","name":"Wein Werte","description":"","publisher":{"@id":"https:\/\/wein-werte.com\/de\/#organization"},"potentialAction":[{"@type":"SearchAction","target":{"@type":"EntryPoint","urlTemplate":"https:\/\/wein-werte.com\/de\/?s={search_term_string}"},"query-input":{"@type":"PropertyValueSpecification","valueRequired":true,"valueName":"search_term_string"}}],"inLanguage":"de"},{"@type":"Organization","@id":"https:\/\/wein-werte.com\/de\/#organization","name":"Vins Fins Thorrold","url":"https:\/\/wein-werte.com\/de\/","logo":{"@type":"ImageObject","inLanguage":"de","@id":"https:\/\/wein-werte.com\/de\/#\/schema\/logo\/image\/","url":"https:\/\/wein-werte.com\/wp-content\/uploads\/2023\/07\/Wein_werte_Logo700-1.png","contentUrl":"https:\/\/wein-werte.com\/wp-content\/uploads\/2023\/07\/Wein_werte_Logo700-1.png","width":700,"height":272,"caption":"Vins Fins Thorrold"},"image":{"@id":"https:\/\/wein-werte.com\/de\/#\/schema\/logo\/image\/"}}]}},"_links":{"self":[{"href":"https:\/\/wein-werte.com\/de\/wp-json\/wp\/v2\/product\/1125897","targetHints":{"allow":["GET"]}}],"collection":[{"href":"https:\/\/wein-werte.com\/de\/wp-json\/wp\/v2\/product"}],"about":[{"href":"https:\/\/wein-werte.com\/de\/wp-json\/wp\/v2\/types\/product"}],"wp:featuredmedia":[{"embeddable":true,"href":"https:\/\/wein-werte.com\/de\/wp-json\/wp\/v2\/media\/1138178"}],"wp:attachment":[{"href":"https:\/\/wein-werte.com\/de\/wp-json\/wp\/v2\/media?parent=1125897"}],"wp:term":[{"taxonomy":"product_brand","embeddable":true,"href":"https:\/\/wein-werte.com\/de\/wp-json\/wp\/v2\/product_brand?post=1125897"},{"taxonomy":"product_cat","embeddable":true,"href":"https:\/\/wein-werte.com\/de\/wp-json\/wp\/v2\/product_cat?post=1125897"},{"taxonomy":"product_tag","embeddable":true,"href":"https:\/\/wein-werte.com\/de\/wp-json\/wp\/v2\/product_tag?post=1125897"}],"curies":[{"name":"wp","href":"https:\/\/api.w.org\/{rel}","templated":true}]}}