{"id":1125892,"date":"2026-04-27T12:17:40","date_gmt":"2026-04-27T10:17:40","guid":{"rendered":"https:\/\/wein-werte.com\/product\/nikolaihof-im-weingebirge-gruner-veltliner-federspiel-2006-1500ml\/"},"modified":"2026-04-27T11:38:29","modified_gmt":"2026-04-27T09:38:29","slug":"nikolaihof-im-weingebirge-gruner-veltliner-federspiel-2006-1500ml","status":"publish","type":"product","link":"https:\/\/wein-werte.com\/de\/produkt\/nikolaihof-im-weingebirge-gruner-veltliner-federspiel-2006-1500ml\/","title":{"rendered":"Nikolaihof | Wachau | Im Weingebirge, Gr\u00fcner Veltliner Federspiel trocken | 2006 | 1500ml | bio"},"content":{"rendered":"<p>Produktbeschreibung f\u00fcr Nikolaihof Im Weingebirge, Gr\u00fcner Veltliner Federspiel trocken 2006 (bio)<\/p>\n<p>Nikolaihof Im Weingebirge Gr\u00fcner Veltliner Federspiel 2006 ist ein trockener Wei\u00dfwein hergestellt aus Gr\u00fcner Veltliner Trauben in der Region Wachau in \u00d6sterreich.<\/p>\n<p>Keywords: <a href=\"https:\/\/wein-werte.com\/de\/shop\/?swoof=1&#038;pa_producer=Nikolaihof\">Nikolaihof<\/a> <a href=\"https:\/\/wein-werte.com\/de\/shop\/?swoof=1&#038;woof_text=Im Weingebirge, Gr\u00fcner Veltliner Federspiel trocken\">Im Weingebirge, Gr\u00fcner Veltliner Federspiel trocken<\/a> 2006 bio <a href=\"https:\/\/wein-werte.com\/de\/shop\/?swoof=1&#038;pa_region=Wachau\">Wachau<\/a> <a href=\"https:\/\/wein-werte.com\/de\/shop\/?swoof=1&#038;pa_country=\u00d6sterreich\">\u00d6sterreich<\/a><\/p>\n<h3>Wine Advocate<\/h3>\n<p>Punkte: 91<\/p>\n<p>Der 2006er Gr\u00fcner Veltliner Federspiel im Weingebirge bietet \u2013 wie der diesj\u00e4hrige Hefeabzug \u2013 ein reifes und komplexes Aromenspiel mit der f\u00fcr das Federspiel typischen Leichtigkeit und Frische. Aromen von gr\u00fcnen Bohnen, Muskatnuss, Salbei, Klee und Blattsalaten in der Nase f\u00fchren zu einem saftigen, raffinierten Geschmack mit Klarheit und Biss. Subtile Ankl\u00e4nge von Walnuss\u00f6l, Muskatnuss, Kaffee und der leichten Bitterkeit von Blattsalaten und nassem Stein pr\u00e4gen den langen, k\u00f6stlichen Abgang. _x000D_ _x000D_ Die Kollektion 2006 ist ein Triumph und best\u00e4tigt, dass der junge Nikolaus Saahs in der Lage ist, den hohen Standard und den unverwechselbaren Stil der Weine seiner Familie zu bewahren, wenn nicht sogar zu steigern. Selbst die dezentesten Abf\u00fcllungen \u2013 vielleicht gerade diese \u2013 \u00fcberzeugen durch ihre vollendete Wirkung. (F\u00fcr ein \u201evollst\u00e4ndigeres Nikolaihof-Erlebnis\u201c habe ich die Weine in der Reihenfolge aufgelistet und bewertet, in der sie mir bei meiner ersten Verkostung im Juni pr\u00e4sentiert wurden.)_x000D_ _x000D_ Importeur: Terry Theise Estate Selections, importiert von Michael Skurnik Wines, Inc., Syosset, NY; Tel. (516) 677-9300<br \/>David Schildknecht<\/p>\n<p>Internetseite des Weinguts: <a href=\"https:\/\/www.nikolaihof.at\/en\/home\/\" target=\"_blank\">https:\/\/www.nikolaihof.at\/en\/home\/<\/a><\/p>\n","protected":false},"excerpt":{"rendered":"<p>Lieferzeit: 1 bis 2 Arbeitstage (DE), 2 bis 5 Arbeitstage (EU and CH)<\/p>\n","protected":false},"featured_media":1138174,"template":"","meta":[],"product_brand":[],"product_cat":[19],"product_tag":[],"class_list":{"0":"post-1125892","1":"product","2":"type-product","3":"status-publish","4":"has-post-thumbnail","6":"product_cat-unkategorisiert","7":"pa_alcohol-for-filter-12893","8":"pa_certified-biodynamic-ja-de","9":"pa_certified-organic-ja-de","10":"pa_colour-weiss","11":"pa_country-osterreich","12":"pa_grape-gruner-veltliner","13":"pa_parker-points-for-filter-91-de-2","14":"pa_price-for-filter-10570","15":"pa_producer-nikolaihof","16":"pa_region-wachau","17":"pa_size-ml-6657","18":"pa_sweetness-trocken-de","19":"pa_type-2-still-de","20":"pa_vintage-2006-de","21":"entry","22":"has-media","24":"first","25":"instock","26":"taxable","27":"shipping-taxable","28":"purchasable","29":"product-type-simple"},"yoast_head":"<!-- This site is optimized with the Yoast SEO plugin v27.5 - https:\/\/yoast.com\/product\/yoast-seo-wordpress\/ -->\n<title>Nikolaihof Im Weingebirge Gr\u00fcner Veltliner Federspiel 2006, 1500ml<\/title>\n<meta name=\"description\" content=\"Kaufe Nikolaihof Im Weingebirge Gr\u00fcner Veltliner Federspiel 2006 (Gr\u00fcner Veltliner, trocken aus Wachau, \u00d6sterreich) bei Wein Werte, Ihrem nachhaltigen Onlineshop.\" \/>\n<meta name=\"robots\" content=\"index, follow, max-snippet:-1, max-image-preview:large, max-video-preview:-1\" \/>\n<link rel=\"canonical\" href=\"https:\/\/wein-werte.com\/de\/produkt\/nikolaihof-im-weingebirge-gruner-veltliner-federspiel-2006-1500ml\/\" \/>\n<meta property=\"og:locale\" content=\"de_DE\" \/>\n<meta property=\"og:type\" content=\"article\" \/>\n<meta property=\"og:title\" content=\"Nikolaihof Im Weingebirge Gr\u00fcner Veltliner Federspiel 2006, 1500ml\" \/>\n<meta property=\"og:description\" content=\"Kaufe Nikolaihof Im Weingebirge Gr\u00fcner Veltliner Federspiel 2006 (Gr\u00fcner Veltliner, trocken aus Wachau, \u00d6sterreich) bei Wein Werte, Ihrem nachhaltigen Onlineshop.\" \/>\n<meta property=\"og:url\" content=\"https:\/\/wein-werte.com\/de\/produkt\/nikolaihof-im-weingebirge-gruner-veltliner-federspiel-2006-1500ml\/\" \/>\n<meta property=\"og:site_name\" content=\"Wein Werte\" \/>\n<meta property=\"og:image\" content=\"https:\/\/wein-werte.com\/wp-content\/uploads\/2026\/04\/Nikolaihof-Im-Weingebirge-Gruner-Veltliner-Federspiel-2006-1500ml.png\" \/>\n\t<meta property=\"og:image:width\" content=\"229\" \/>\n\t<meta property=\"og:image:height\" content=\"1200\" \/>\n\t<meta property=\"og:image:type\" content=\"image\/png\" \/>\n<meta name=\"twitter:card\" content=\"summary_large_image\" \/>\n<meta name=\"twitter:label1\" content=\"Gesch\u00e4tzte Lesezeit\" \/>\n\t<meta name=\"twitter:data1\" content=\"1\u00a0Minute\" \/>\n<script type=\"application\/ld+json\" class=\"yoast-schema-graph\">{\"@context\":\"https:\\\/\\\/schema.org\",\"@graph\":[{\"@type\":\"WebPage\",\"@id\":\"https:\\\/\\\/wein-werte.com\\\/de\\\/produkt\\\/nikolaihof-im-weingebirge-gruner-veltliner-federspiel-2006-1500ml\\\/\",\"url\":\"https:\\\/\\\/wein-werte.com\\\/de\\\/produkt\\\/nikolaihof-im-weingebirge-gruner-veltliner-federspiel-2006-1500ml\\\/\",\"name\":\"Nikolaihof Im Weingebirge Gr\u00fcner Veltliner Federspiel 2006, 1500ml\",\"isPartOf\":{\"@id\":\"https:\\\/\\\/wein-werte.com\\\/de\\\/#website\"},\"primaryImageOfPage\":{\"@id\":\"https:\\\/\\\/wein-werte.com\\\/de\\\/produkt\\\/nikolaihof-im-weingebirge-gruner-veltliner-federspiel-2006-1500ml\\\/#primaryimage\"},\"image\":{\"@id\":\"https:\\\/\\\/wein-werte.com\\\/de\\\/produkt\\\/nikolaihof-im-weingebirge-gruner-veltliner-federspiel-2006-1500ml\\\/#primaryimage\"},\"thumbnailUrl\":\"https:\\\/\\\/wein-werte.com\\\/wp-content\\\/uploads\\\/2026\\\/04\\\/Nikolaihof-Im-Weingebirge-Gruner-Veltliner-Federspiel-2006-1500ml.png\",\"datePublished\":\"2026-04-27T10:17:40+00:00\",\"description\":\"Kaufe Nikolaihof Im Weingebirge Gr\u00fcner Veltliner Federspiel 2006 (Gr\u00fcner Veltliner, trocken aus Wachau, \u00d6sterreich) bei Wein Werte, Ihrem nachhaltigen Onlineshop.\",\"breadcrumb\":{\"@id\":\"https:\\\/\\\/wein-werte.com\\\/de\\\/produkt\\\/nikolaihof-im-weingebirge-gruner-veltliner-federspiel-2006-1500ml\\\/#breadcrumb\"},\"inLanguage\":\"de\",\"potentialAction\":[{\"@type\":\"ReadAction\",\"target\":[\"https:\\\/\\\/wein-werte.com\\\/de\\\/produkt\\\/nikolaihof-im-weingebirge-gruner-veltliner-federspiel-2006-1500ml\\\/\"]}]},{\"@type\":\"ImageObject\",\"inLanguage\":\"de\",\"@id\":\"https:\\\/\\\/wein-werte.com\\\/de\\\/produkt\\\/nikolaihof-im-weingebirge-gruner-veltliner-federspiel-2006-1500ml\\\/#primaryimage\",\"url\":\"https:\\\/\\\/wein-werte.com\\\/wp-content\\\/uploads\\\/2026\\\/04\\\/Nikolaihof-Im-Weingebirge-Gruner-Veltliner-Federspiel-2006-1500ml.png\",\"contentUrl\":\"https:\\\/\\\/wein-werte.com\\\/wp-content\\\/uploads\\\/2026\\\/04\\\/Nikolaihof-Im-Weingebirge-Gruner-Veltliner-Federspiel-2006-1500ml.png\",\"width\":229,\"height\":1200,\"caption\":\"Nikolaihof Im Weingebirge, Gr\u00fcner Veltliner Federspiel trocken 2006 1500ml\"},{\"@type\":\"BreadcrumbList\",\"@id\":\"https:\\\/\\\/wein-werte.com\\\/de\\\/produkt\\\/nikolaihof-im-weingebirge-gruner-veltliner-federspiel-2006-1500ml\\\/#breadcrumb\",\"itemListElement\":[{\"@type\":\"ListItem\",\"position\":1,\"name\":\"Home\",\"item\":\"https:\\\/\\\/wein-werte.com\\\/de\\\/\"},{\"@type\":\"ListItem\",\"position\":2,\"name\":\"Shop\",\"item\":\"https:\\\/\\\/wein-werte.com\\\/de\\\/shop\\\/\"},{\"@type\":\"ListItem\",\"position\":3,\"name\":\"Nikolaihof | Wachau | Im Weingebirge, Gr\u00fcner Veltliner Federspiel trocken | 2006 | 1500ml | bio\"}]},{\"@type\":\"WebSite\",\"@id\":\"https:\\\/\\\/wein-werte.com\\\/de\\\/#website\",\"url\":\"https:\\\/\\\/wein-werte.com\\\/de\\\/\",\"name\":\"Wein Werte\",\"description\":\"\",\"publisher\":{\"@id\":\"https:\\\/\\\/wein-werte.com\\\/de\\\/#organization\"},\"potentialAction\":[{\"@type\":\"SearchAction\",\"target\":{\"@type\":\"EntryPoint\",\"urlTemplate\":\"https:\\\/\\\/wein-werte.com\\\/de\\\/?s={search_term_string}\"},\"query-input\":{\"@type\":\"PropertyValueSpecification\",\"valueRequired\":true,\"valueName\":\"search_term_string\"}}],\"inLanguage\":\"de\"},{\"@type\":\"Organization\",\"@id\":\"https:\\\/\\\/wein-werte.com\\\/de\\\/#organization\",\"name\":\"Vins Fins Thorrold\",\"url\":\"https:\\\/\\\/wein-werte.com\\\/de\\\/\",\"logo\":{\"@type\":\"ImageObject\",\"inLanguage\":\"de\",\"@id\":\"https:\\\/\\\/wein-werte.com\\\/de\\\/#\\\/schema\\\/logo\\\/image\\\/\",\"url\":\"https:\\\/\\\/wein-werte.com\\\/wp-content\\\/uploads\\\/2023\\\/07\\\/Wein_werte_Logo700-1.png\",\"contentUrl\":\"https:\\\/\\\/wein-werte.com\\\/wp-content\\\/uploads\\\/2023\\\/07\\\/Wein_werte_Logo700-1.png\",\"width\":700,\"height\":272,\"caption\":\"Vins Fins Thorrold\"},\"image\":{\"@id\":\"https:\\\/\\\/wein-werte.com\\\/de\\\/#\\\/schema\\\/logo\\\/image\\\/\"}}]}<\/script>\n<!-- \/ Yoast SEO plugin. -->","yoast_head_json":{"title":"Nikolaihof Im Weingebirge Gr\u00fcner Veltliner Federspiel 2006, 1500ml","description":"Kaufe Nikolaihof Im Weingebirge Gr\u00fcner Veltliner Federspiel 2006 (Gr\u00fcner Veltliner, trocken aus Wachau, \u00d6sterreich) bei Wein Werte, Ihrem nachhaltigen Onlineshop.","robots":{"index":"index","follow":"follow","max-snippet":"max-snippet:-1","max-image-preview":"max-image-preview:large","max-video-preview":"max-video-preview:-1"},"canonical":"https:\/\/wein-werte.com\/de\/produkt\/nikolaihof-im-weingebirge-gruner-veltliner-federspiel-2006-1500ml\/","og_locale":"de_DE","og_type":"article","og_title":"Nikolaihof Im Weingebirge Gr\u00fcner Veltliner Federspiel 2006, 1500ml","og_description":"Kaufe Nikolaihof Im Weingebirge Gr\u00fcner Veltliner Federspiel 2006 (Gr\u00fcner Veltliner, trocken aus Wachau, \u00d6sterreich) bei Wein Werte, Ihrem nachhaltigen Onlineshop.","og_url":"https:\/\/wein-werte.com\/de\/produkt\/nikolaihof-im-weingebirge-gruner-veltliner-federspiel-2006-1500ml\/","og_site_name":"Wein Werte","og_image":[{"width":229,"height":1200,"url":"https:\/\/wein-werte.com\/wp-content\/uploads\/2026\/04\/Nikolaihof-Im-Weingebirge-Gruner-Veltliner-Federspiel-2006-1500ml.png","type":"image\/png"}],"twitter_card":"summary_large_image","twitter_misc":{"Gesch\u00e4tzte Lesezeit":"1\u00a0Minute"},"schema":{"@context":"https:\/\/schema.org","@graph":[{"@type":"WebPage","@id":"https:\/\/wein-werte.com\/de\/produkt\/nikolaihof-im-weingebirge-gruner-veltliner-federspiel-2006-1500ml\/","url":"https:\/\/wein-werte.com\/de\/produkt\/nikolaihof-im-weingebirge-gruner-veltliner-federspiel-2006-1500ml\/","name":"Nikolaihof Im Weingebirge Gr\u00fcner Veltliner Federspiel 2006, 1500ml","isPartOf":{"@id":"https:\/\/wein-werte.com\/de\/#website"},"primaryImageOfPage":{"@id":"https:\/\/wein-werte.com\/de\/produkt\/nikolaihof-im-weingebirge-gruner-veltliner-federspiel-2006-1500ml\/#primaryimage"},"image":{"@id":"https:\/\/wein-werte.com\/de\/produkt\/nikolaihof-im-weingebirge-gruner-veltliner-federspiel-2006-1500ml\/#primaryimage"},"thumbnailUrl":"https:\/\/wein-werte.com\/wp-content\/uploads\/2026\/04\/Nikolaihof-Im-Weingebirge-Gruner-Veltliner-Federspiel-2006-1500ml.png","datePublished":"2026-04-27T10:17:40+00:00","description":"Kaufe Nikolaihof Im Weingebirge Gr\u00fcner Veltliner Federspiel 2006 (Gr\u00fcner Veltliner, trocken aus Wachau, \u00d6sterreich) bei Wein Werte, Ihrem nachhaltigen Onlineshop.","breadcrumb":{"@id":"https:\/\/wein-werte.com\/de\/produkt\/nikolaihof-im-weingebirge-gruner-veltliner-federspiel-2006-1500ml\/#breadcrumb"},"inLanguage":"de","potentialAction":[{"@type":"ReadAction","target":["https:\/\/wein-werte.com\/de\/produkt\/nikolaihof-im-weingebirge-gruner-veltliner-federspiel-2006-1500ml\/"]}]},{"@type":"ImageObject","inLanguage":"de","@id":"https:\/\/wein-werte.com\/de\/produkt\/nikolaihof-im-weingebirge-gruner-veltliner-federspiel-2006-1500ml\/#primaryimage","url":"https:\/\/wein-werte.com\/wp-content\/uploads\/2026\/04\/Nikolaihof-Im-Weingebirge-Gruner-Veltliner-Federspiel-2006-1500ml.png","contentUrl":"https:\/\/wein-werte.com\/wp-content\/uploads\/2026\/04\/Nikolaihof-Im-Weingebirge-Gruner-Veltliner-Federspiel-2006-1500ml.png","width":229,"height":1200,"caption":"Nikolaihof Im Weingebirge, Gr\u00fcner Veltliner Federspiel trocken 2006 1500ml"},{"@type":"BreadcrumbList","@id":"https:\/\/wein-werte.com\/de\/produkt\/nikolaihof-im-weingebirge-gruner-veltliner-federspiel-2006-1500ml\/#breadcrumb","itemListElement":[{"@type":"ListItem","position":1,"name":"Home","item":"https:\/\/wein-werte.com\/de\/"},{"@type":"ListItem","position":2,"name":"Shop","item":"https:\/\/wein-werte.com\/de\/shop\/"},{"@type":"ListItem","position":3,"name":"Nikolaihof | Wachau | Im Weingebirge, Gr\u00fcner Veltliner Federspiel trocken | 2006 | 1500ml | bio"}]},{"@type":"WebSite","@id":"https:\/\/wein-werte.com\/de\/#website","url":"https:\/\/wein-werte.com\/de\/","name":"Wein Werte","description":"","publisher":{"@id":"https:\/\/wein-werte.com\/de\/#organization"},"potentialAction":[{"@type":"SearchAction","target":{"@type":"EntryPoint","urlTemplate":"https:\/\/wein-werte.com\/de\/?s={search_term_string}"},"query-input":{"@type":"PropertyValueSpecification","valueRequired":true,"valueName":"search_term_string"}}],"inLanguage":"de"},{"@type":"Organization","@id":"https:\/\/wein-werte.com\/de\/#organization","name":"Vins Fins Thorrold","url":"https:\/\/wein-werte.com\/de\/","logo":{"@type":"ImageObject","inLanguage":"de","@id":"https:\/\/wein-werte.com\/de\/#\/schema\/logo\/image\/","url":"https:\/\/wein-werte.com\/wp-content\/uploads\/2023\/07\/Wein_werte_Logo700-1.png","contentUrl":"https:\/\/wein-werte.com\/wp-content\/uploads\/2023\/07\/Wein_werte_Logo700-1.png","width":700,"height":272,"caption":"Vins Fins Thorrold"},"image":{"@id":"https:\/\/wein-werte.com\/de\/#\/schema\/logo\/image\/"}}]}},"_links":{"self":[{"href":"https:\/\/wein-werte.com\/de\/wp-json\/wp\/v2\/product\/1125892","targetHints":{"allow":["GET"]}}],"collection":[{"href":"https:\/\/wein-werte.com\/de\/wp-json\/wp\/v2\/product"}],"about":[{"href":"https:\/\/wein-werte.com\/de\/wp-json\/wp\/v2\/types\/product"}],"wp:featuredmedia":[{"embeddable":true,"href":"https:\/\/wein-werte.com\/de\/wp-json\/wp\/v2\/media\/1138174"}],"wp:attachment":[{"href":"https:\/\/wein-werte.com\/de\/wp-json\/wp\/v2\/media?parent=1125892"}],"wp:term":[{"taxonomy":"product_brand","embeddable":true,"href":"https:\/\/wein-werte.com\/de\/wp-json\/wp\/v2\/product_brand?post=1125892"},{"taxonomy":"product_cat","embeddable":true,"href":"https:\/\/wein-werte.com\/de\/wp-json\/wp\/v2\/product_cat?post=1125892"},{"taxonomy":"product_tag","embeddable":true,"href":"https:\/\/wein-werte.com\/de\/wp-json\/wp\/v2\/product_tag?post=1125892"}],"curies":[{"name":"wp","href":"https:\/\/api.w.org\/{rel}","templated":true}]}}