{"id":1125799,"date":"2026-05-12T16:17:03","date_gmt":"2026-05-12T14:17:03","guid":{"rendered":"https:\/\/wein-werte.com\/product\/hm-lang-riesling-riede-steiner-schreck-this-is-not-a-love-song-2021-750ml\/"},"modified":"2026-05-12T19:52:16","modified_gmt":"2026-05-12T17:52:16","slug":"hm-lang-riesling-riede-steiner-schreck-this-is-not-a-love-song-2021-750ml","status":"publish","type":"product","link":"https:\/\/wein-werte.com\/de\/produkt\/hm-lang-riesling-riede-steiner-schreck-this-is-not-a-love-song-2021-750ml\/","title":{"rendered":"HM Lang | Krems | Riesling Riede Steiner Schreck &#8220;This is not a love song&#8221; | 2021 | 750ml | bio"},"content":{"rendered":"<p>Produktbeschreibung f\u00fcr HM Lang Riesling Riede Steiner Schreck &#8220;This is not a love song&#8221; 2021 (bio) <\/p>\n<h5>Farbe<\/h5>\n<p> Mittleres getr\u00fcbtes Zitronengelb mit deutlichen gr\u00fcnen Reflexen. <\/p>\n<h5>Nase<\/h5>\n<p> Zitrone, Zitronenmelisse, gr\u00fcner Apfel, Eukalyptus und Salbei bestimmen den Auftakt, k\u00fchle Frische springt f\u00f6rmlich aus dem Glas hervor und vermischt sich, nachdem er dekantiert wurde und im gro\u00dfen Burgunderglas angelangt ist, mit zersto\u00dfenen Gesteinsnoten. \u00c4therische Ankl\u00e4nge, die an Zitronen\u00f6l, eingelegte Fr\u00fcchte und Kr\u00e4uter erinnern, sind ebenfalls wundersch\u00f6n pr\u00e4sent. <\/p>\n<h5>Gaumen<\/h5>\n<p> Der Gaumen \u00fcberzeugt mit knackiger Frische und glasklarer Struktur, die S\u00e4ure vibriert geradezu beim 2021er Riesling Riede S. \u201eThis is not a love song\u201c und legt sich mit salziger Spur auf die Zunge. Ein Wein, der den Appetit perfekt anregt und ein wenig verliebt ist man schon angesichts seines bet\u00f6renden Charakters und seiner Finesse, die mit nur 11 Vol% auskommt. Unbedingt dekantieren und aus gro\u00dfen Burgundergl\u00e4sern genie\u00dfen.<\/p>\n<p>Copyright Vinaturel 2025<\/p>\n<p>Keywords: <a href=\"https:\/\/wein-werte.com\/de\/shop\/?swoof=1&#038;pa_producer=HM-Lang\">HM Lang<\/a> <a href=\"https:\/\/wein-werte.com\/de\/shop\/?swoof=1&#038;woof_text=Riesling Riede Steiner Schreck \"This is not a love song\"\">Riesling Riede Steiner Schreck &#8220;This is not a love song&#8221;<\/a> 2021 bio <a href=\"https:\/\/wein-werte.com\/de\/shop\/?swoof=1&#038;pa_region=Krems\">Krems<\/a> <a href=\"https:\/\/wein-werte.com\/de\/shop\/?swoof=1&#038;pa_country=\u00d6sterreich\">\u00d6sterreich<\/a><\/p>\n<p>Internetseite des Weinguts: <a href=\"http:\/\/hmlang.at\/index.html\" target=\"_blank\">http:\/\/hmlang.at\/index.html<\/a><\/p>\n","protected":false},"excerpt":{"rendered":"<div style=\"font-size: 14px;\">\n<p>Lieferzeit: 1 bis 2 Arbeitstage (DE), 2 bis 5 Arbeitstage (EU und CH)<\/p>\n<p>Ungef\u00e4hrer Energiegehalt pro 125-ml-Glas: 90 kcal<\/p>\n<\/p><\/div>\n","protected":false},"featured_media":1138102,"template":"","meta":[],"product_brand":[],"product_cat":[19],"product_tag":[],"class_list":{"0":"post-1125799","1":"product","2":"type-product","3":"status-publish","4":"has-post-thumbnail","6":"product_cat-unkategorisiert","7":"pa_alcohol-for-filter-12895","8":"pa_certified-biodynamic-ja-de","9":"pa_certified-organic-ja-de","10":"pa_colour-weiss","11":"pa_country-osterreich","12":"pa_grape-riesling","13":"pa_price-for-filter-10583","14":"pa_producer-hm-lang","15":"pa_region-krems","16":"pa_size-ml-6584","17":"pa_sweetness-trocken-de","18":"pa_type-2-still-de","19":"pa_vintage-2021-de","20":"entry","21":"has-media","23":"first","24":"instock","25":"taxable","26":"shipping-taxable","27":"purchasable","28":"product-type-simple"},"yoast_head":"<!-- This site is optimized with the Yoast SEO plugin v27.6 - https:\/\/yoast.com\/product\/yoast-seo-wordpress\/ -->\n<title>HM Lang Riesling Riede Steiner Schreck &quot;This is not a love song&quot; 2021<\/title>\n<meta name=\"description\" content=\"Kaufe HM Lang Riesling Riede Steiner Schreck &quot;This is not a love song&quot; 2021 (Riesling, trocken aus Krems, \u00d6sterreich) bei Wein Werte, Ihrem nachhaltigen Onlineshop.\" \/>\n<meta name=\"robots\" content=\"index, follow, max-snippet:-1, max-image-preview:large, max-video-preview:-1\" \/>\n<link rel=\"canonical\" href=\"https:\/\/wein-werte.com\/de\/produkt\/hm-lang-riesling-riede-steiner-schreck-this-is-not-a-love-song-2021-750ml\/\" \/>\n<meta property=\"og:locale\" content=\"de_DE\" \/>\n<meta property=\"og:type\" content=\"article\" \/>\n<meta property=\"og:title\" content=\"HM Lang Riesling Riede Steiner Schreck &quot;This is not a love song&quot; 2021\" \/>\n<meta property=\"og:description\" content=\"Kaufe HM Lang Riesling Riede Steiner Schreck &quot;This is not a love song&quot; 2021 (Riesling, trocken aus Krems, \u00d6sterreich) bei Wein Werte, Ihrem nachhaltigen Onlineshop.\" \/>\n<meta property=\"og:url\" content=\"https:\/\/wein-werte.com\/de\/produkt\/hm-lang-riesling-riede-steiner-schreck-this-is-not-a-love-song-2021-750ml\/\" \/>\n<meta property=\"og:site_name\" content=\"Wein Werte\" \/>\n<meta property=\"article:modified_time\" content=\"2026-05-12T17:52:16+00:00\" \/>\n<meta property=\"og:image\" content=\"https:\/\/wein-werte.com\/wp-content\/uploads\/2026\/04\/HM-Lang-Riesling-Riede-Steiner-Schreck-This-is-not-a-love-song-2021-750ml.png\" \/>\n\t<meta property=\"og:image:width\" content=\"321\" \/>\n\t<meta property=\"og:image:height\" content=\"1200\" \/>\n\t<meta property=\"og:image:type\" content=\"image\/png\" \/>\n<meta name=\"twitter:card\" content=\"summary_large_image\" \/>\n<meta name=\"twitter:label1\" content=\"Gesch\u00e4tzte Lesezeit\" \/>\n\t<meta name=\"twitter:data1\" content=\"1\u00a0Minute\" \/>\n<script type=\"application\/ld+json\" class=\"yoast-schema-graph\">{\"@context\":\"https:\\\/\\\/schema.org\",\"@graph\":[{\"@type\":\"WebPage\",\"@id\":\"https:\\\/\\\/wein-werte.com\\\/de\\\/produkt\\\/hm-lang-riesling-riede-steiner-schreck-this-is-not-a-love-song-2021-750ml\\\/\",\"url\":\"https:\\\/\\\/wein-werte.com\\\/de\\\/produkt\\\/hm-lang-riesling-riede-steiner-schreck-this-is-not-a-love-song-2021-750ml\\\/\",\"name\":\"HM Lang Riesling Riede Steiner Schreck \\\"This is not a love song\\\" 2021\",\"isPartOf\":{\"@id\":\"https:\\\/\\\/wein-werte.com\\\/de\\\/#website\"},\"primaryImageOfPage\":{\"@id\":\"https:\\\/\\\/wein-werte.com\\\/de\\\/produkt\\\/hm-lang-riesling-riede-steiner-schreck-this-is-not-a-love-song-2021-750ml\\\/#primaryimage\"},\"image\":{\"@id\":\"https:\\\/\\\/wein-werte.com\\\/de\\\/produkt\\\/hm-lang-riesling-riede-steiner-schreck-this-is-not-a-love-song-2021-750ml\\\/#primaryimage\"},\"thumbnailUrl\":\"https:\\\/\\\/wein-werte.com\\\/wp-content\\\/uploads\\\/2026\\\/04\\\/HM-Lang-Riesling-Riede-Steiner-Schreck-This-is-not-a-love-song-2021-750ml.png\",\"datePublished\":\"2026-05-12T14:17:03+00:00\",\"dateModified\":\"2026-05-12T17:52:16+00:00\",\"description\":\"Kaufe HM Lang Riesling Riede Steiner Schreck \\\"This is not a love song\\\" 2021 (Riesling, trocken aus Krems, \u00d6sterreich) bei Wein Werte, Ihrem nachhaltigen Onlineshop.\",\"breadcrumb\":{\"@id\":\"https:\\\/\\\/wein-werte.com\\\/de\\\/produkt\\\/hm-lang-riesling-riede-steiner-schreck-this-is-not-a-love-song-2021-750ml\\\/#breadcrumb\"},\"inLanguage\":\"de\",\"potentialAction\":[{\"@type\":\"ReadAction\",\"target\":[\"https:\\\/\\\/wein-werte.com\\\/de\\\/produkt\\\/hm-lang-riesling-riede-steiner-schreck-this-is-not-a-love-song-2021-750ml\\\/\"]}]},{\"@type\":\"ImageObject\",\"inLanguage\":\"de\",\"@id\":\"https:\\\/\\\/wein-werte.com\\\/de\\\/produkt\\\/hm-lang-riesling-riede-steiner-schreck-this-is-not-a-love-song-2021-750ml\\\/#primaryimage\",\"url\":\"https:\\\/\\\/wein-werte.com\\\/wp-content\\\/uploads\\\/2026\\\/04\\\/HM-Lang-Riesling-Riede-Steiner-Schreck-This-is-not-a-love-song-2021-750ml.png\",\"contentUrl\":\"https:\\\/\\\/wein-werte.com\\\/wp-content\\\/uploads\\\/2026\\\/04\\\/HM-Lang-Riesling-Riede-Steiner-Schreck-This-is-not-a-love-song-2021-750ml.png\",\"width\":321,\"height\":1200,\"caption\":\"HM Lang Riesling Riede Steiner Schreck \\\"This is not a love song\\\" 2021 750ml\"},{\"@type\":\"BreadcrumbList\",\"@id\":\"https:\\\/\\\/wein-werte.com\\\/de\\\/produkt\\\/hm-lang-riesling-riede-steiner-schreck-this-is-not-a-love-song-2021-750ml\\\/#breadcrumb\",\"itemListElement\":[{\"@type\":\"ListItem\",\"position\":1,\"name\":\"Home\",\"item\":\"https:\\\/\\\/wein-werte.com\\\/de\\\/\"},{\"@type\":\"ListItem\",\"position\":2,\"name\":\"Shop\",\"item\":\"https:\\\/\\\/wein-werte.com\\\/de\\\/shop\\\/\"},{\"@type\":\"ListItem\",\"position\":3,\"name\":\"HM Lang | Krems | Riesling Riede Steiner Schreck &#8220;This is not a love song&#8221; | 2021 | 750ml | bio\"}]},{\"@type\":\"WebSite\",\"@id\":\"https:\\\/\\\/wein-werte.com\\\/de\\\/#website\",\"url\":\"https:\\\/\\\/wein-werte.com\\\/de\\\/\",\"name\":\"Wein Werte\",\"description\":\"\",\"publisher\":{\"@id\":\"https:\\\/\\\/wein-werte.com\\\/de\\\/#organization\"},\"potentialAction\":[{\"@type\":\"SearchAction\",\"target\":{\"@type\":\"EntryPoint\",\"urlTemplate\":\"https:\\\/\\\/wein-werte.com\\\/de\\\/?s={search_term_string}\"},\"query-input\":{\"@type\":\"PropertyValueSpecification\",\"valueRequired\":true,\"valueName\":\"search_term_string\"}}],\"inLanguage\":\"de\"},{\"@type\":\"Organization\",\"@id\":\"https:\\\/\\\/wein-werte.com\\\/de\\\/#organization\",\"name\":\"Vins Fins Thorrold\",\"url\":\"https:\\\/\\\/wein-werte.com\\\/de\\\/\",\"logo\":{\"@type\":\"ImageObject\",\"inLanguage\":\"de\",\"@id\":\"https:\\\/\\\/wein-werte.com\\\/de\\\/#\\\/schema\\\/logo\\\/image\\\/\",\"url\":\"https:\\\/\\\/wein-werte.com\\\/wp-content\\\/uploads\\\/2023\\\/07\\\/Wein_werte_Logo700-1.png\",\"contentUrl\":\"https:\\\/\\\/wein-werte.com\\\/wp-content\\\/uploads\\\/2023\\\/07\\\/Wein_werte_Logo700-1.png\",\"width\":700,\"height\":272,\"caption\":\"Vins Fins Thorrold\"},\"image\":{\"@id\":\"https:\\\/\\\/wein-werte.com\\\/de\\\/#\\\/schema\\\/logo\\\/image\\\/\"}}]}<\/script>\n<!-- \/ Yoast SEO plugin. -->","yoast_head_json":{"title":"HM Lang Riesling Riede Steiner Schreck \"This is not a love song\" 2021","description":"Kaufe HM Lang Riesling Riede Steiner Schreck \"This is not a love song\" 2021 (Riesling, trocken aus Krems, \u00d6sterreich) bei Wein Werte, Ihrem nachhaltigen Onlineshop.","robots":{"index":"index","follow":"follow","max-snippet":"max-snippet:-1","max-image-preview":"max-image-preview:large","max-video-preview":"max-video-preview:-1"},"canonical":"https:\/\/wein-werte.com\/de\/produkt\/hm-lang-riesling-riede-steiner-schreck-this-is-not-a-love-song-2021-750ml\/","og_locale":"de_DE","og_type":"article","og_title":"HM Lang Riesling Riede Steiner Schreck \"This is not a love song\" 2021","og_description":"Kaufe HM Lang Riesling Riede Steiner Schreck \"This is not a love song\" 2021 (Riesling, trocken aus Krems, \u00d6sterreich) bei Wein Werte, Ihrem nachhaltigen Onlineshop.","og_url":"https:\/\/wein-werte.com\/de\/produkt\/hm-lang-riesling-riede-steiner-schreck-this-is-not-a-love-song-2021-750ml\/","og_site_name":"Wein Werte","article_modified_time":"2026-05-12T17:52:16+00:00","og_image":[{"width":321,"height":1200,"url":"https:\/\/wein-werte.com\/wp-content\/uploads\/2026\/04\/HM-Lang-Riesling-Riede-Steiner-Schreck-This-is-not-a-love-song-2021-750ml.png","type":"image\/png"}],"twitter_card":"summary_large_image","twitter_misc":{"Gesch\u00e4tzte Lesezeit":"1\u00a0Minute"},"schema":{"@context":"https:\/\/schema.org","@graph":[{"@type":"WebPage","@id":"https:\/\/wein-werte.com\/de\/produkt\/hm-lang-riesling-riede-steiner-schreck-this-is-not-a-love-song-2021-750ml\/","url":"https:\/\/wein-werte.com\/de\/produkt\/hm-lang-riesling-riede-steiner-schreck-this-is-not-a-love-song-2021-750ml\/","name":"HM Lang Riesling Riede Steiner Schreck \"This is not a love song\" 2021","isPartOf":{"@id":"https:\/\/wein-werte.com\/de\/#website"},"primaryImageOfPage":{"@id":"https:\/\/wein-werte.com\/de\/produkt\/hm-lang-riesling-riede-steiner-schreck-this-is-not-a-love-song-2021-750ml\/#primaryimage"},"image":{"@id":"https:\/\/wein-werte.com\/de\/produkt\/hm-lang-riesling-riede-steiner-schreck-this-is-not-a-love-song-2021-750ml\/#primaryimage"},"thumbnailUrl":"https:\/\/wein-werte.com\/wp-content\/uploads\/2026\/04\/HM-Lang-Riesling-Riede-Steiner-Schreck-This-is-not-a-love-song-2021-750ml.png","datePublished":"2026-05-12T14:17:03+00:00","dateModified":"2026-05-12T17:52:16+00:00","description":"Kaufe HM Lang Riesling Riede Steiner Schreck \"This is not a love song\" 2021 (Riesling, trocken aus Krems, \u00d6sterreich) bei Wein Werte, Ihrem nachhaltigen Onlineshop.","breadcrumb":{"@id":"https:\/\/wein-werte.com\/de\/produkt\/hm-lang-riesling-riede-steiner-schreck-this-is-not-a-love-song-2021-750ml\/#breadcrumb"},"inLanguage":"de","potentialAction":[{"@type":"ReadAction","target":["https:\/\/wein-werte.com\/de\/produkt\/hm-lang-riesling-riede-steiner-schreck-this-is-not-a-love-song-2021-750ml\/"]}]},{"@type":"ImageObject","inLanguage":"de","@id":"https:\/\/wein-werte.com\/de\/produkt\/hm-lang-riesling-riede-steiner-schreck-this-is-not-a-love-song-2021-750ml\/#primaryimage","url":"https:\/\/wein-werte.com\/wp-content\/uploads\/2026\/04\/HM-Lang-Riesling-Riede-Steiner-Schreck-This-is-not-a-love-song-2021-750ml.png","contentUrl":"https:\/\/wein-werte.com\/wp-content\/uploads\/2026\/04\/HM-Lang-Riesling-Riede-Steiner-Schreck-This-is-not-a-love-song-2021-750ml.png","width":321,"height":1200,"caption":"HM Lang Riesling Riede Steiner Schreck \"This is not a love song\" 2021 750ml"},{"@type":"BreadcrumbList","@id":"https:\/\/wein-werte.com\/de\/produkt\/hm-lang-riesling-riede-steiner-schreck-this-is-not-a-love-song-2021-750ml\/#breadcrumb","itemListElement":[{"@type":"ListItem","position":1,"name":"Home","item":"https:\/\/wein-werte.com\/de\/"},{"@type":"ListItem","position":2,"name":"Shop","item":"https:\/\/wein-werte.com\/de\/shop\/"},{"@type":"ListItem","position":3,"name":"HM Lang | Krems | Riesling Riede Steiner Schreck &#8220;This is not a love song&#8221; | 2021 | 750ml | bio"}]},{"@type":"WebSite","@id":"https:\/\/wein-werte.com\/de\/#website","url":"https:\/\/wein-werte.com\/de\/","name":"Wein Werte","description":"","publisher":{"@id":"https:\/\/wein-werte.com\/de\/#organization"},"potentialAction":[{"@type":"SearchAction","target":{"@type":"EntryPoint","urlTemplate":"https:\/\/wein-werte.com\/de\/?s={search_term_string}"},"query-input":{"@type":"PropertyValueSpecification","valueRequired":true,"valueName":"search_term_string"}}],"inLanguage":"de"},{"@type":"Organization","@id":"https:\/\/wein-werte.com\/de\/#organization","name":"Vins Fins Thorrold","url":"https:\/\/wein-werte.com\/de\/","logo":{"@type":"ImageObject","inLanguage":"de","@id":"https:\/\/wein-werte.com\/de\/#\/schema\/logo\/image\/","url":"https:\/\/wein-werte.com\/wp-content\/uploads\/2023\/07\/Wein_werte_Logo700-1.png","contentUrl":"https:\/\/wein-werte.com\/wp-content\/uploads\/2023\/07\/Wein_werte_Logo700-1.png","width":700,"height":272,"caption":"Vins Fins Thorrold"},"image":{"@id":"https:\/\/wein-werte.com\/de\/#\/schema\/logo\/image\/"}}]}},"_links":{"self":[{"href":"https:\/\/wein-werte.com\/de\/wp-json\/wp\/v2\/product\/1125799","targetHints":{"allow":["GET"]}}],"collection":[{"href":"https:\/\/wein-werte.com\/de\/wp-json\/wp\/v2\/product"}],"about":[{"href":"https:\/\/wein-werte.com\/de\/wp-json\/wp\/v2\/types\/product"}],"wp:featuredmedia":[{"embeddable":true,"href":"https:\/\/wein-werte.com\/de\/wp-json\/wp\/v2\/media\/1138102"}],"wp:attachment":[{"href":"https:\/\/wein-werte.com\/de\/wp-json\/wp\/v2\/media?parent=1125799"}],"wp:term":[{"taxonomy":"product_brand","embeddable":true,"href":"https:\/\/wein-werte.com\/de\/wp-json\/wp\/v2\/product_brand?post=1125799"},{"taxonomy":"product_cat","embeddable":true,"href":"https:\/\/wein-werte.com\/de\/wp-json\/wp\/v2\/product_cat?post=1125799"},{"taxonomy":"product_tag","embeddable":true,"href":"https:\/\/wein-werte.com\/de\/wp-json\/wp\/v2\/product_tag?post=1125799"}],"curies":[{"name":"wp","href":"https:\/\/api.w.org\/{rel}","templated":true}]}}