{"id":1125778,"date":"2026-05-08T19:53:07","date_gmt":"2026-05-08T17:53:07","guid":{"rendered":"https:\/\/wein-werte.com\/product\/hm-lang-gruner-veltliner-riede-steiner-schreck-kalt-und-klar-2021-750ml\/"},"modified":"2026-05-01T23:43:22","modified_gmt":"2026-05-01T21:43:22","slug":"hm-lang-gruner-veltliner-riede-steiner-schreck-kalt-und-klar-2021-750ml","status":"publish","type":"product","link":"https:\/\/wein-werte.com\/de\/produkt\/hm-lang-gruner-veltliner-riede-steiner-schreck-kalt-und-klar-2021-750ml\/","title":{"rendered":"HM Lang | Krems | Gr\u00fcner Veltliner Riede Steiner Schreck &#8220;Kalt und Klar&#8221;  | 2021 | 750ml | bio"},"content":{"rendered":"<p>Produktbeschreibung f\u00fcr HM Lang Gr\u00fcner Veltliner Riede Steiner Schreck &#8220;Kalt und Klar&#8221;  2021 (bio) <\/p>\n<h5>Info zum Wein<\/h5>\n<p> 2 Tage Baumpresse, spontan vergoren im gro\u00dfen Holzfass, 2 Jahre Hefelager. <\/p>\n<h5>Farbe<\/h5>\n<p> Goldgelb mit gr\u00fcnen Reflexen. <\/p>\n<h5>Nase<\/h5>\n<p> Flintig, rauchig, zart pfeffrig\u2013 so der erste Eindruck beim 2021er Gr\u00fcner Veltliner Kalt und Klar. Mit Sauerstoff dringen Aromen von Zitronenschale, Kumquats, gr\u00fcner Apfel und gr\u00fcner Stachelbeere aus dem Glas hervor. Alles sehr fein, komplex und wunderbar verwoben. <\/p>\n<h5>Gaumen<\/h5>\n<p> Attacke am Gaumen: Stringent zieht die S\u00e4ure, perfekt eingebettet in Frucht und K\u00f6rper, \u00fcber unseren Gaumen. Der Speichel flie\u00dft, der Geist wird angeregt. Alles wirkt belebend und unglaublich feingliedrig, auch der \u00fcberaus moderate Alkohol von lediglich 10 Vol.%. Ein gro\u00dfartiger und delikat schlanker Gr\u00fcner Veltliner, der uns dahinschweben l\u00e4sst. <\/p>\n<p>Copyright Vinaturel 2025<\/p>\n<p>Keywords: <a href=\"https:\/\/wein-werte.com\/de\/shop\/?swoof=1&#038;pa_producer=HM-Lang\">HM Lang<\/a> <a href=\"https:\/\/wein-werte.com\/de\/shop\/?swoof=1&#038;woof_text=Gr\u00fcner Veltliner Riede Steiner Schreck \"Kalt und Klar\" \">Gr\u00fcner Veltliner Riede Steiner Schreck &#8220;Kalt und Klar&#8221; <\/a> 2021 bio <a href=\"https:\/\/wein-werte.com\/de\/shop\/?swoof=1&#038;pa_region=Krems\">Krems<\/a> <a href=\"https:\/\/wein-werte.com\/de\/shop\/?swoof=1&#038;pa_country=\u00d6sterreich\">\u00d6sterreich<\/a><\/p>\n<p>Internetseite des Weinguts: <a href=\"http:\/\/hmlang.at\/index.html\" target=\"_blank\">http:\/\/hmlang.at\/index.html<\/a><\/p>\n","protected":false},"excerpt":{"rendered":"<p>Lieferzeit: 1 bis 2 Arbeitstage (DE), 2 bis 5 Arbeitstage (EU and CH)<\/p>\n","protected":false},"featured_media":1138084,"template":"","meta":[],"product_brand":[],"product_cat":[19],"product_tag":[],"class_list":{"0":"post-1125778","1":"product","2":"type-product","3":"status-publish","4":"has-post-thumbnail","6":"product_cat-unkategorisiert","7":"pa_alcohol-for-filter-12902","8":"pa_certified-biodynamic-ja-de","9":"pa_certified-organic-ja-de","10":"pa_colour-weiss","11":"pa_country-osterreich","12":"pa_grape-gruner-veltliner","13":"pa_price-for-filter-10585","14":"pa_producer-hm-lang","15":"pa_region-krems","16":"pa_size-ml-6584","17":"pa_sweetness-trocken-de","18":"pa_type-2-still-de","19":"pa_vintage-2021-de","20":"entry","21":"has-media","23":"first","24":"instock","25":"taxable","26":"shipping-taxable","27":"purchasable","28":"product-type-simple"},"yoast_head":"<!-- This site is optimized with the Yoast SEO plugin v27.5 - https:\/\/yoast.com\/product\/yoast-seo-wordpress\/ -->\n<title>HM Lang Gr\u00fcner Veltliner Riede Steiner Schreck &quot;Kalt und Klar&quot; 2021<\/title>\n<meta name=\"description\" content=\"Kaufe HM Lang Gr\u00fcner Veltliner Riede Steiner Schreck &quot;Kalt und Klar&quot; 2021 (Gr\u00fcner Veltliner, trocken aus Krems, \u00d6sterreich) bei Wein Werte, Ihrem nachhaltigen Onlineshop.\" \/>\n<meta name=\"robots\" content=\"index, follow, max-snippet:-1, max-image-preview:large, max-video-preview:-1\" \/>\n<link rel=\"canonical\" href=\"https:\/\/wein-werte.com\/de\/produkt\/hm-lang-gruner-veltliner-riede-steiner-schreck-kalt-und-klar-2021-750ml\/\" \/>\n<meta property=\"og:locale\" content=\"de_DE\" \/>\n<meta property=\"og:type\" content=\"article\" \/>\n<meta property=\"og:title\" content=\"HM Lang Gr\u00fcner Veltliner Riede Steiner Schreck &quot;Kalt und Klar&quot; 2021\" \/>\n<meta property=\"og:description\" content=\"Kaufe HM Lang Gr\u00fcner Veltliner Riede Steiner Schreck &quot;Kalt und Klar&quot; 2021 (Gr\u00fcner Veltliner, trocken aus Krems, \u00d6sterreich) bei Wein Werte, Ihrem nachhaltigen Onlineshop.\" \/>\n<meta property=\"og:url\" content=\"https:\/\/wein-werte.com\/de\/produkt\/hm-lang-gruner-veltliner-riede-steiner-schreck-kalt-und-klar-2021-750ml\/\" \/>\n<meta property=\"og:site_name\" content=\"Wein Werte\" \/>\n<meta property=\"og:image\" content=\"https:\/\/wein-werte.com\/wp-content\/uploads\/2026\/04\/HM-Lang-Gruner-Veltliner-Riede-Steiner-Schreck-Kalt-und-Klar-2021-750ml.png\" \/>\n\t<meta property=\"og:image:width\" content=\"325\" \/>\n\t<meta property=\"og:image:height\" content=\"1200\" \/>\n\t<meta property=\"og:image:type\" content=\"image\/png\" \/>\n<meta name=\"twitter:card\" content=\"summary_large_image\" \/>\n<meta name=\"twitter:label1\" content=\"Gesch\u00e4tzte Lesezeit\" \/>\n\t<meta name=\"twitter:data1\" content=\"1\u00a0Minute\" \/>\n<script type=\"application\/ld+json\" class=\"yoast-schema-graph\">{\"@context\":\"https:\\\/\\\/schema.org\",\"@graph\":[{\"@type\":\"WebPage\",\"@id\":\"https:\\\/\\\/wein-werte.com\\\/de\\\/produkt\\\/hm-lang-gruner-veltliner-riede-steiner-schreck-kalt-und-klar-2021-750ml\\\/\",\"url\":\"https:\\\/\\\/wein-werte.com\\\/de\\\/produkt\\\/hm-lang-gruner-veltliner-riede-steiner-schreck-kalt-und-klar-2021-750ml\\\/\",\"name\":\"HM Lang Gr\u00fcner Veltliner Riede Steiner Schreck \\\"Kalt und Klar\\\" 2021\",\"isPartOf\":{\"@id\":\"https:\\\/\\\/wein-werte.com\\\/de\\\/#website\"},\"primaryImageOfPage\":{\"@id\":\"https:\\\/\\\/wein-werte.com\\\/de\\\/produkt\\\/hm-lang-gruner-veltliner-riede-steiner-schreck-kalt-und-klar-2021-750ml\\\/#primaryimage\"},\"image\":{\"@id\":\"https:\\\/\\\/wein-werte.com\\\/de\\\/produkt\\\/hm-lang-gruner-veltliner-riede-steiner-schreck-kalt-und-klar-2021-750ml\\\/#primaryimage\"},\"thumbnailUrl\":\"https:\\\/\\\/wein-werte.com\\\/wp-content\\\/uploads\\\/2026\\\/04\\\/HM-Lang-Gruner-Veltliner-Riede-Steiner-Schreck-Kalt-und-Klar-2021-750ml.png\",\"datePublished\":\"2026-05-08T17:53:07+00:00\",\"description\":\"Kaufe HM Lang Gr\u00fcner Veltliner Riede Steiner Schreck \\\"Kalt und Klar\\\" 2021 (Gr\u00fcner Veltliner, trocken aus Krems, \u00d6sterreich) bei Wein Werte, Ihrem nachhaltigen Onlineshop.\",\"breadcrumb\":{\"@id\":\"https:\\\/\\\/wein-werte.com\\\/de\\\/produkt\\\/hm-lang-gruner-veltliner-riede-steiner-schreck-kalt-und-klar-2021-750ml\\\/#breadcrumb\"},\"inLanguage\":\"de\",\"potentialAction\":[{\"@type\":\"ReadAction\",\"target\":[\"https:\\\/\\\/wein-werte.com\\\/de\\\/produkt\\\/hm-lang-gruner-veltliner-riede-steiner-schreck-kalt-und-klar-2021-750ml\\\/\"]}]},{\"@type\":\"ImageObject\",\"inLanguage\":\"de\",\"@id\":\"https:\\\/\\\/wein-werte.com\\\/de\\\/produkt\\\/hm-lang-gruner-veltliner-riede-steiner-schreck-kalt-und-klar-2021-750ml\\\/#primaryimage\",\"url\":\"https:\\\/\\\/wein-werte.com\\\/wp-content\\\/uploads\\\/2026\\\/04\\\/HM-Lang-Gruner-Veltliner-Riede-Steiner-Schreck-Kalt-und-Klar-2021-750ml.png\",\"contentUrl\":\"https:\\\/\\\/wein-werte.com\\\/wp-content\\\/uploads\\\/2026\\\/04\\\/HM-Lang-Gruner-Veltliner-Riede-Steiner-Schreck-Kalt-und-Klar-2021-750ml.png\",\"width\":325,\"height\":1200,\"caption\":\"HM Lang Gr\u00fcner Veltliner Riede Steiner Schreck \\\"Kalt und Klar\\\" 2021 750ml\"},{\"@type\":\"BreadcrumbList\",\"@id\":\"https:\\\/\\\/wein-werte.com\\\/de\\\/produkt\\\/hm-lang-gruner-veltliner-riede-steiner-schreck-kalt-und-klar-2021-750ml\\\/#breadcrumb\",\"itemListElement\":[{\"@type\":\"ListItem\",\"position\":1,\"name\":\"Home\",\"item\":\"https:\\\/\\\/wein-werte.com\\\/de\\\/\"},{\"@type\":\"ListItem\",\"position\":2,\"name\":\"Shop\",\"item\":\"https:\\\/\\\/wein-werte.com\\\/de\\\/shop\\\/\"},{\"@type\":\"ListItem\",\"position\":3,\"name\":\"HM Lang | Krems | Gr\u00fcner Veltliner Riede Steiner Schreck &#8220;Kalt und Klar&#8221; | 2021 | 750ml | bio\"}]},{\"@type\":\"WebSite\",\"@id\":\"https:\\\/\\\/wein-werte.com\\\/de\\\/#website\",\"url\":\"https:\\\/\\\/wein-werte.com\\\/de\\\/\",\"name\":\"Wein Werte\",\"description\":\"\",\"publisher\":{\"@id\":\"https:\\\/\\\/wein-werte.com\\\/de\\\/#organization\"},\"potentialAction\":[{\"@type\":\"SearchAction\",\"target\":{\"@type\":\"EntryPoint\",\"urlTemplate\":\"https:\\\/\\\/wein-werte.com\\\/de\\\/?s={search_term_string}\"},\"query-input\":{\"@type\":\"PropertyValueSpecification\",\"valueRequired\":true,\"valueName\":\"search_term_string\"}}],\"inLanguage\":\"de\"},{\"@type\":\"Organization\",\"@id\":\"https:\\\/\\\/wein-werte.com\\\/de\\\/#organization\",\"name\":\"Vins Fins Thorrold\",\"url\":\"https:\\\/\\\/wein-werte.com\\\/de\\\/\",\"logo\":{\"@type\":\"ImageObject\",\"inLanguage\":\"de\",\"@id\":\"https:\\\/\\\/wein-werte.com\\\/de\\\/#\\\/schema\\\/logo\\\/image\\\/\",\"url\":\"https:\\\/\\\/wein-werte.com\\\/wp-content\\\/uploads\\\/2023\\\/07\\\/Wein_werte_Logo700-1.png\",\"contentUrl\":\"https:\\\/\\\/wein-werte.com\\\/wp-content\\\/uploads\\\/2023\\\/07\\\/Wein_werte_Logo700-1.png\",\"width\":700,\"height\":272,\"caption\":\"Vins Fins Thorrold\"},\"image\":{\"@id\":\"https:\\\/\\\/wein-werte.com\\\/de\\\/#\\\/schema\\\/logo\\\/image\\\/\"}}]}<\/script>\n<!-- \/ Yoast SEO plugin. -->","yoast_head_json":{"title":"HM Lang Gr\u00fcner Veltliner Riede Steiner Schreck \"Kalt und Klar\" 2021","description":"Kaufe HM Lang Gr\u00fcner Veltliner Riede Steiner Schreck \"Kalt und Klar\" 2021 (Gr\u00fcner Veltliner, trocken aus Krems, \u00d6sterreich) bei Wein Werte, Ihrem nachhaltigen Onlineshop.","robots":{"index":"index","follow":"follow","max-snippet":"max-snippet:-1","max-image-preview":"max-image-preview:large","max-video-preview":"max-video-preview:-1"},"canonical":"https:\/\/wein-werte.com\/de\/produkt\/hm-lang-gruner-veltliner-riede-steiner-schreck-kalt-und-klar-2021-750ml\/","og_locale":"de_DE","og_type":"article","og_title":"HM Lang Gr\u00fcner Veltliner Riede Steiner Schreck \"Kalt und Klar\" 2021","og_description":"Kaufe HM Lang Gr\u00fcner Veltliner Riede Steiner Schreck \"Kalt und Klar\" 2021 (Gr\u00fcner Veltliner, trocken aus Krems, \u00d6sterreich) bei Wein Werte, Ihrem nachhaltigen Onlineshop.","og_url":"https:\/\/wein-werte.com\/de\/produkt\/hm-lang-gruner-veltliner-riede-steiner-schreck-kalt-und-klar-2021-750ml\/","og_site_name":"Wein Werte","og_image":[{"width":325,"height":1200,"url":"https:\/\/wein-werte.com\/wp-content\/uploads\/2026\/04\/HM-Lang-Gruner-Veltliner-Riede-Steiner-Schreck-Kalt-und-Klar-2021-750ml.png","type":"image\/png"}],"twitter_card":"summary_large_image","twitter_misc":{"Gesch\u00e4tzte Lesezeit":"1\u00a0Minute"},"schema":{"@context":"https:\/\/schema.org","@graph":[{"@type":"WebPage","@id":"https:\/\/wein-werte.com\/de\/produkt\/hm-lang-gruner-veltliner-riede-steiner-schreck-kalt-und-klar-2021-750ml\/","url":"https:\/\/wein-werte.com\/de\/produkt\/hm-lang-gruner-veltliner-riede-steiner-schreck-kalt-und-klar-2021-750ml\/","name":"HM Lang Gr\u00fcner Veltliner Riede Steiner Schreck \"Kalt und Klar\" 2021","isPartOf":{"@id":"https:\/\/wein-werte.com\/de\/#website"},"primaryImageOfPage":{"@id":"https:\/\/wein-werte.com\/de\/produkt\/hm-lang-gruner-veltliner-riede-steiner-schreck-kalt-und-klar-2021-750ml\/#primaryimage"},"image":{"@id":"https:\/\/wein-werte.com\/de\/produkt\/hm-lang-gruner-veltliner-riede-steiner-schreck-kalt-und-klar-2021-750ml\/#primaryimage"},"thumbnailUrl":"https:\/\/wein-werte.com\/wp-content\/uploads\/2026\/04\/HM-Lang-Gruner-Veltliner-Riede-Steiner-Schreck-Kalt-und-Klar-2021-750ml.png","datePublished":"2026-05-08T17:53:07+00:00","description":"Kaufe HM Lang Gr\u00fcner Veltliner Riede Steiner Schreck \"Kalt und Klar\" 2021 (Gr\u00fcner Veltliner, trocken aus Krems, \u00d6sterreich) bei Wein Werte, Ihrem nachhaltigen Onlineshop.","breadcrumb":{"@id":"https:\/\/wein-werte.com\/de\/produkt\/hm-lang-gruner-veltliner-riede-steiner-schreck-kalt-und-klar-2021-750ml\/#breadcrumb"},"inLanguage":"de","potentialAction":[{"@type":"ReadAction","target":["https:\/\/wein-werte.com\/de\/produkt\/hm-lang-gruner-veltliner-riede-steiner-schreck-kalt-und-klar-2021-750ml\/"]}]},{"@type":"ImageObject","inLanguage":"de","@id":"https:\/\/wein-werte.com\/de\/produkt\/hm-lang-gruner-veltliner-riede-steiner-schreck-kalt-und-klar-2021-750ml\/#primaryimage","url":"https:\/\/wein-werte.com\/wp-content\/uploads\/2026\/04\/HM-Lang-Gruner-Veltliner-Riede-Steiner-Schreck-Kalt-und-Klar-2021-750ml.png","contentUrl":"https:\/\/wein-werte.com\/wp-content\/uploads\/2026\/04\/HM-Lang-Gruner-Veltliner-Riede-Steiner-Schreck-Kalt-und-Klar-2021-750ml.png","width":325,"height":1200,"caption":"HM Lang Gr\u00fcner Veltliner Riede Steiner Schreck \"Kalt und Klar\" 2021 750ml"},{"@type":"BreadcrumbList","@id":"https:\/\/wein-werte.com\/de\/produkt\/hm-lang-gruner-veltliner-riede-steiner-schreck-kalt-und-klar-2021-750ml\/#breadcrumb","itemListElement":[{"@type":"ListItem","position":1,"name":"Home","item":"https:\/\/wein-werte.com\/de\/"},{"@type":"ListItem","position":2,"name":"Shop","item":"https:\/\/wein-werte.com\/de\/shop\/"},{"@type":"ListItem","position":3,"name":"HM Lang | Krems | Gr\u00fcner Veltliner Riede Steiner Schreck &#8220;Kalt und Klar&#8221; | 2021 | 750ml | bio"}]},{"@type":"WebSite","@id":"https:\/\/wein-werte.com\/de\/#website","url":"https:\/\/wein-werte.com\/de\/","name":"Wein Werte","description":"","publisher":{"@id":"https:\/\/wein-werte.com\/de\/#organization"},"potentialAction":[{"@type":"SearchAction","target":{"@type":"EntryPoint","urlTemplate":"https:\/\/wein-werte.com\/de\/?s={search_term_string}"},"query-input":{"@type":"PropertyValueSpecification","valueRequired":true,"valueName":"search_term_string"}}],"inLanguage":"de"},{"@type":"Organization","@id":"https:\/\/wein-werte.com\/de\/#organization","name":"Vins Fins Thorrold","url":"https:\/\/wein-werte.com\/de\/","logo":{"@type":"ImageObject","inLanguage":"de","@id":"https:\/\/wein-werte.com\/de\/#\/schema\/logo\/image\/","url":"https:\/\/wein-werte.com\/wp-content\/uploads\/2023\/07\/Wein_werte_Logo700-1.png","contentUrl":"https:\/\/wein-werte.com\/wp-content\/uploads\/2023\/07\/Wein_werte_Logo700-1.png","width":700,"height":272,"caption":"Vins Fins Thorrold"},"image":{"@id":"https:\/\/wein-werte.com\/de\/#\/schema\/logo\/image\/"}}]}},"_links":{"self":[{"href":"https:\/\/wein-werte.com\/de\/wp-json\/wp\/v2\/product\/1125778","targetHints":{"allow":["GET"]}}],"collection":[{"href":"https:\/\/wein-werte.com\/de\/wp-json\/wp\/v2\/product"}],"about":[{"href":"https:\/\/wein-werte.com\/de\/wp-json\/wp\/v2\/types\/product"}],"wp:featuredmedia":[{"embeddable":true,"href":"https:\/\/wein-werte.com\/de\/wp-json\/wp\/v2\/media\/1138084"}],"wp:attachment":[{"href":"https:\/\/wein-werte.com\/de\/wp-json\/wp\/v2\/media?parent=1125778"}],"wp:term":[{"taxonomy":"product_brand","embeddable":true,"href":"https:\/\/wein-werte.com\/de\/wp-json\/wp\/v2\/product_brand?post=1125778"},{"taxonomy":"product_cat","embeddable":true,"href":"https:\/\/wein-werte.com\/de\/wp-json\/wp\/v2\/product_cat?post=1125778"},{"taxonomy":"product_tag","embeddable":true,"href":"https:\/\/wein-werte.com\/de\/wp-json\/wp\/v2\/product_tag?post=1125778"}],"curies":[{"name":"wp","href":"https:\/\/api.w.org\/{rel}","templated":true}]}}